{"id":7099,"date":"2026-02-20T19:36:09","date_gmt":"2026-02-20T19:36:09","guid":{"rendered":"https:\/\/pitaya.no\/?post_type=product&#038;p=7099"},"modified":"2026-02-20T19:36:10","modified_gmt":"2026-02-20T19:36:10","slug":"happy-ends-serum-do-zabezpieczania-koncowek-wlosow-15-ml-anwen","status":"publish","type":"product","link":"https:\/\/pitaya.no\/en\/product\/happy-ends-serum-do-zabezpieczania-koncowek-wlosow-15-ml-anwen\/","title":{"rendered":"HAPPY ENDS serum for protecting hair ends, 15 ml \u2013 ANWEN"},"content":{"rendered":"<h1 data-start=\"226\" data-end=\"291\">HAPPY ENDS serum for protecting hair ends, 15 ml \u2013 ANWEN<\/h1>\n<h2 data-start=\"226\" data-end=\"291\">Butter for hair ends \u2013 nourishment, smoothing and protection<\/h2>\n<p data-start=\"293\" data-end=\"571\">A rich, nourishing butter designed for dry, damaged, and unruly hair ends. Thanks to its composition of natural oils, nourishing plant butters, and beeswax, it intensively regenerates hair, smooths it, and helps maintain a healthy appearance every day.<\/p>\n<p data-start=\"573\" data-end=\"763\">The formula effectively tames frizz, gives hair softness and a subtle shine, while protecting the ends from mechanical damage and unfavorable weather conditions.<\/p>\n<h3 data-start=\"765\" data-end=\"799\">Why will you love this butter?<\/h3>\n<p data-start=\"801\" data-end=\"1281\"><strong data-start=\"803\" data-end=\"839\">Smoothes and disciplines the ends<\/strong> \u2013 prevents frizz and static electricity in hair<\/p>\n<p data-start=\"801\" data-end=\"1281\"><strong data-start=\"893\" data-end=\"917\">Nourishes and regenerates<\/strong> \u2013 thanks to the wealth of unsaturated fatty acids, vitamins and microelements<\/p>\n<p data-start=\"801\" data-end=\"1281\"><strong data-start=\"1000\" data-end=\"1032\">Improves hair elasticity<\/strong> \u2013 plant butters strengthen and soften the hair structure<\/p>\n<p data-start=\"801\" data-end=\"1281\"><strong data-start=\"1094\" data-end=\"1132\">Protects against split ends<\/strong> \u2013 silicones create a protective film that protects the hair<\/p>\n<p data-start=\"801\" data-end=\"1281\"><strong data-start=\"1191\" data-end=\"1217\">Perfect for cold days<\/strong> \u2013 lanolin helps protect hair against low temperatures<\/p>\n<h3 data-start=\"1288\" data-end=\"1318\">The power of natural ingredients<\/h3>\n<p data-start=\"1320\" data-end=\"1513\">Carefully selected blend of oils: <strong data-start=\"1356\" data-end=\"1433\">babassu, elderberry, evening primrose, broccoli, baobab, sacha inchi and pracaxi<\/strong>intensively nourishes the hair, smoothes its surface and restores its healthy appearance.<\/p>\n<p data-start=\"1515\" data-end=\"1641\">Nourishing butters <strong data-start=\"1530\" data-end=\"1559\">cupuacu, murumuru and mango<\/strong> improve hair elasticity, making it soft and flexible without weighing it down.<\/p>\n<p data-start=\"1643\" data-end=\"1759\">The addition of silicones creates a delicate protective layer that protects the ends and helps prevent splitting.<\/p>\n<p data-start=\"1766\" data-end=\"1909\"><strong data-start=\"1769\" data-end=\"1779\">Attention:<\/strong><br data-start=\"1779\" data-end=\"1782\" \/>Product <strong data-start=\"1790\" data-end=\"1829\">it is not a thermal protective cosmetic<\/strong> \u2014 does not protect hair from the high temperatures of a hairdryer, straightener or curling iron.<\/p>\n<h3 data-start=\"1916\" data-end=\"1933\">How to use<\/h3>\n<p data-start=\"1934\" data-end=\"2111\">Rub a small amount of butter between your palms, then spread evenly through the ends of dry or damp hair. Use as needed.<\/p>\n<p data-start=\"2118\" data-end=\"2136\"><em>INCI Ingredients: Orbignya Oleifera Seed Oil, Cera Alba, Dicaprylyl Ether, Dimethicone, Sambucus Nigra Seed Oil, Oenothera Biennis (Evening Primrose) Seed Oil, Astrocaryum Murumuru Seed Butter, Theobroma Grandiflorum (Cupuacu) Butter, Mangifera Indica (Mango) Seed Butter, Brassica Oleracea Italica (Brocolli) Seed Oil, Pentaclethra Macroloba (Pracaxi) Seed Oil, Plukenetia Volubilis (Sacha Inchi) Seed Oil, Adansonia Digitata (Baobab) Seed Oil, Lanolin, Tocopheryl Acetate, Parfum.<\/em><\/p>","protected":false},"excerpt":{"rendered":"<p><strong data-start=\"126\" data-end=\"165\">Nourishing butter for hair ends<\/strong>, which smooths, tames frizz, and helps prevent split ends. The rich formula with natural oils and plant butters regenerates hair, improves elasticity, and adds softness and a healthy shine\u2014without weighing it down.<\/p>\n<p><strong>Capacity 15 ml\u00a0<\/strong><\/p>","protected":false},"featured_media":7105,"template":"","meta":{"_themeisle_gutenberg_block_has_review":false},"product_cat":[329,331],"product_tag":[],"berocket_brand":[275],"yoast_head":"<!-- This site is optimized with the Yoast SEO Premium plugin v21.2 (Yoast SEO v21.5) - https:\/\/yoast.com\/wordpress\/plugins\/seo\/ -->\n<title>HAPPY ENDS serum do zabezpieczania ko\u0144c\u00f3wek w\u0142os\u00f3w, 15 ml - ANWEN<\/title>\n<meta name=\"description\" content=\"Od\u017cywcze mase\u0142ko do ko\u0144c\u00f3wek w\u0142os\u00f3w z naturalnymi olejami i mas\u0142ami. Wyg\u0142adza, chroni przed rozdwajaniem i nadaje w\u0142osom mi\u0119kko\u015b\u0107 oraz blask.\" \/>\n<meta name=\"robots\" content=\"index, follow, max-snippet:-1, max-image-preview:large, max-video-preview:-1\" \/>\n<link rel=\"canonical\" href=\"https:\/\/pitaya.no\/en\/product\/happy-ends-serum-do-zabezpieczania-koncowek-wlosow-15-ml-anwen\/\" \/>\n<meta property=\"og:locale\" content=\"en_GB\" \/>\n<meta property=\"og:type\" content=\"article\" \/>\n<meta property=\"og:title\" content=\"HAPPY ENDS serum do zabezpieczania ko\u0144c\u00f3wek w\u0142os\u00f3w, 15 ml - ANWEN\" \/>\n<meta property=\"og:description\" content=\"Od\u017cywcze mase\u0142ko do ko\u0144c\u00f3wek w\u0142os\u00f3w z naturalnymi olejami i mas\u0142ami. Wyg\u0142adza, chroni przed rozdwajaniem i nadaje w\u0142osom mi\u0119kko\u015b\u0107 oraz blask.\" \/>\n<meta property=\"og:url\" content=\"https:\/\/pitaya.no\/en\/product\/happy-ends-serum-do-zabezpieczania-koncowek-wlosow-15-ml-anwen\/\" \/>\n<meta property=\"og:site_name\" content=\"Pitaya.no\" \/>\n<meta property=\"article:publisher\" content=\"https:\/\/www.facebook.com\/Pitaya.no\" \/>\n<meta property=\"article:modified_time\" content=\"2026-02-20T19:36:10+00:00\" \/>\n<meta property=\"og:image\" content=\"https:\/\/pitaya.no\/wp-content\/uploads\/2026\/02\/happyendspuszka-scaled.jpg\" \/>\n\t<meta property=\"og:image:width\" content=\"2560\" \/>\n\t<meta property=\"og:image:height\" content=\"2560\" \/>\n\t<meta property=\"og:image:type\" content=\"image\/jpeg\" \/>\n<meta name=\"twitter:card\" content=\"summary_large_image\" \/>\n<meta name=\"twitter:label1\" content=\"Estimated reading time\" \/>\n\t<meta name=\"twitter:data1\" content=\"2 minutes\" \/>\n<script type=\"application\/ld+json\" class=\"yoast-schema-graph\">{\"@context\":\"https:\/\/schema.org\",\"@graph\":[{\"@type\":\"WebPage\",\"@id\":\"https:\/\/pitaya.no\/produkt\/happy-ends-serum-do-zabezpieczania-koncowek-wlosow-15-ml-anwen\/\",\"url\":\"https:\/\/pitaya.no\/produkt\/happy-ends-serum-do-zabezpieczania-koncowek-wlosow-15-ml-anwen\/\",\"name\":\"HAPPY ENDS serum do zabezpieczania ko\u0144c\u00f3wek w\u0142os\u00f3w, 15 ml - ANWEN\",\"isPartOf\":{\"@id\":\"https:\/\/pitaya.no\/#website\"},\"datePublished\":\"2026-02-20T19:36:09+00:00\",\"dateModified\":\"2026-02-20T19:36:10+00:00\",\"description\":\"Od\u017cywcze mase\u0142ko do ko\u0144c\u00f3wek w\u0142os\u00f3w z naturalnymi olejami i mas\u0142ami. Wyg\u0142adza, chroni przed rozdwajaniem i nadaje w\u0142osom mi\u0119kko\u015b\u0107 oraz blask.\",\"breadcrumb\":{\"@id\":\"https:\/\/pitaya.no\/produkt\/happy-ends-serum-do-zabezpieczania-koncowek-wlosow-15-ml-anwen\/#breadcrumb\"},\"inLanguage\":\"en-GB\",\"potentialAction\":[{\"@type\":\"ReadAction\",\"target\":[\"https:\/\/pitaya.no\/produkt\/happy-ends-serum-do-zabezpieczania-koncowek-wlosow-15-ml-anwen\/\"]}]},{\"@type\":\"BreadcrumbList\",\"@id\":\"https:\/\/pitaya.no\/produkt\/happy-ends-serum-do-zabezpieczania-koncowek-wlosow-15-ml-anwen\/#breadcrumb\",\"itemListElement\":[{\"@type\":\"ListItem\",\"position\":1,\"name\":\"Strona g\u0142\u00f3wna\",\"item\":\"https:\/\/pitaya.no\/\"},{\"@type\":\"ListItem\",\"position\":2,\"name\":\"Sklep\",\"item\":\"https:\/\/pitaya.no\/sklep\/\"},{\"@type\":\"ListItem\",\"position\":3,\"name\":\"HAPPY ENDS serum do zabezpieczania ko\u0144c\u00f3wek w\u0142os\u00f3w, 15 ml &#8211; ANWEN\"}]},{\"@type\":\"WebSite\",\"@id\":\"https:\/\/pitaya.no\/#website\",\"url\":\"https:\/\/pitaya.no\/\",\"name\":\"Pitaya.no\",\"description\":\"Polska drogeria ekologiczna w Norwegii\",\"potentialAction\":[{\"@type\":\"SearchAction\",\"target\":{\"@type\":\"EntryPoint\",\"urlTemplate\":\"https:\/\/pitaya.no\/?s={search_term_string}\"},\"query-input\":\"required name=search_term_string\"}],\"inLanguage\":\"en-GB\"}]}<\/script>\n<!-- \/ Yoast SEO Premium plugin. -->","yoast_head_json":{"title":"HAPPY ENDS serum for protecting hair ends, 15 ml - ANWEN","description":"Od\u017cywcze mase\u0142ko do ko\u0144c\u00f3wek w\u0142os\u00f3w z naturalnymi olejami i mas\u0142ami. Wyg\u0142adza, chroni przed rozdwajaniem i nadaje w\u0142osom mi\u0119kko\u015b\u0107 oraz blask.","robots":{"index":"index","follow":"follow","max-snippet":"max-snippet:-1","max-image-preview":"max-image-preview:large","max-video-preview":"max-video-preview:-1"},"canonical":"https:\/\/pitaya.no\/en\/product\/happy-ends-serum-do-zabezpieczania-koncowek-wlosow-15-ml-anwen\/","og_locale":"en_GB","og_type":"article","og_title":"HAPPY ENDS serum do zabezpieczania ko\u0144c\u00f3wek w\u0142os\u00f3w, 15 ml - ANWEN","og_description":"Od\u017cywcze mase\u0142ko do ko\u0144c\u00f3wek w\u0142os\u00f3w z naturalnymi olejami i mas\u0142ami. Wyg\u0142adza, chroni przed rozdwajaniem i nadaje w\u0142osom mi\u0119kko\u015b\u0107 oraz blask.","og_url":"https:\/\/pitaya.no\/en\/product\/happy-ends-serum-do-zabezpieczania-koncowek-wlosow-15-ml-anwen\/","og_site_name":"Pitaya.no","article_publisher":"https:\/\/www.facebook.com\/Pitaya.no","article_modified_time":"2026-02-20T19:36:10+00:00","og_image":[{"width":2560,"height":2560,"url":"https:\/\/pitaya.no\/wp-content\/uploads\/2026\/02\/happyendspuszka-scaled.jpg","type":"image\/jpeg"}],"twitter_card":"summary_large_image","twitter_misc":{"Estimated reading time":"2 minutes"},"schema":{"@context":"https:\/\/schema.org","@graph":[{"@type":"WebPage","@id":"https:\/\/pitaya.no\/produkt\/happy-ends-serum-do-zabezpieczania-koncowek-wlosow-15-ml-anwen\/","url":"https:\/\/pitaya.no\/produkt\/happy-ends-serum-do-zabezpieczania-koncowek-wlosow-15-ml-anwen\/","name":"HAPPY ENDS serum for protecting hair ends, 15 ml - ANWEN","isPartOf":{"@id":"https:\/\/pitaya.no\/#website"},"datePublished":"2026-02-20T19:36:09+00:00","dateModified":"2026-02-20T19:36:10+00:00","description":"Od\u017cywcze mase\u0142ko do ko\u0144c\u00f3wek w\u0142os\u00f3w z naturalnymi olejami i mas\u0142ami. Wyg\u0142adza, chroni przed rozdwajaniem i nadaje w\u0142osom mi\u0119kko\u015b\u0107 oraz blask.","breadcrumb":{"@id":"https:\/\/pitaya.no\/produkt\/happy-ends-serum-do-zabezpieczania-koncowek-wlosow-15-ml-anwen\/#breadcrumb"},"inLanguage":"en-GB","potentialAction":[{"@type":"ReadAction","target":["https:\/\/pitaya.no\/produkt\/happy-ends-serum-do-zabezpieczania-koncowek-wlosow-15-ml-anwen\/"]}]},{"@type":"BreadcrumbList","@id":"https:\/\/pitaya.no\/produkt\/happy-ends-serum-do-zabezpieczania-koncowek-wlosow-15-ml-anwen\/#breadcrumb","itemListElement":[{"@type":"ListItem","position":1,"name":"Strona g\u0142\u00f3wna","item":"https:\/\/pitaya.no\/"},{"@type":"ListItem","position":2,"name":"Sklep","item":"https:\/\/pitaya.no\/sklep\/"},{"@type":"ListItem","position":3,"name":"HAPPY ENDS serum do zabezpieczania ko\u0144c\u00f3wek w\u0142os\u00f3w, 15 ml &#8211; ANWEN"}]},{"@type":"WebSite","@id":"https:\/\/pitaya.no\/#website","url":"https:\/\/pitaya.no\/","name":"Pitaya.no","description":"Polish organic drugstore in Norway","potentialAction":[{"@type":"SearchAction","target":{"@type":"EntryPoint","urlTemplate":"https:\/\/pitaya.no\/?s={search_term_string}"},"query-input":"required name=search_term_string"}],"inLanguage":"en-GB"}]}},"_links":{"self":[{"href":"https:\/\/pitaya.no\/en\/wp-json\/wp\/v2\/product\/7099"}],"collection":[{"href":"https:\/\/pitaya.no\/en\/wp-json\/wp\/v2\/product"}],"about":[{"href":"https:\/\/pitaya.no\/en\/wp-json\/wp\/v2\/types\/product"}],"wp:featuredmedia":[{"embeddable":true,"href":"https:\/\/pitaya.no\/en\/wp-json\/wp\/v2\/media\/7105"}],"wp:attachment":[{"href":"https:\/\/pitaya.no\/en\/wp-json\/wp\/v2\/media?parent=7099"}],"wp:term":[{"taxonomy":"product_cat","embeddable":true,"href":"https:\/\/pitaya.no\/en\/wp-json\/wp\/v2\/product_cat?post=7099"},{"taxonomy":"product_tag","embeddable":true,"href":"https:\/\/pitaya.no\/en\/wp-json\/wp\/v2\/product_tag?post=7099"},{"taxonomy":"berocket_brand","embeddable":true,"href":"https:\/\/pitaya.no\/en\/wp-json\/wp\/v2\/berocket_brand?post=7099"}],"curies":[{"name":"wp","href":"https:\/\/api.w.org\/{rel}","templated":true}]}}