{"id":7093,"date":"2026-02-20T18:10:33","date_gmt":"2026-02-20T18:10:33","guid":{"rendered":"https:\/\/pitaya.no\/?post_type=product&#038;p=7093"},"modified":"2026-02-21T19:32:08","modified_gmt":"2026-02-21T19:32:08","slug":"wcierka-stymulujaca-do-skory-glowy-ekstrakt-z-henny-i-chili-100-ml-onlybio","status":"publish","type":"product","link":"https:\/\/pitaya.no\/en\/product\/wcierka-stymulujaca-do-skory-glowy-ekstrakt-z-henny-i-chili-100-ml-onlybio\/","title":{"rendered":"Henna and chili extract stimulating scalp lotion, 100 ml \u2013 ONLYBIO"},"content":{"rendered":"<h1>Henna and chili extract stimulating scalp lotion, 100 ml \u2013 ONLYBIO<\/h1>\n<h2 data-start=\"226\" data-end=\"267\">Naturally stimulating hair growth<\/h2>\n<h3 data-start=\"268\" data-end=\"302\">Scalp stimulating lotion<\/h3>\n<p data-start=\"304\" data-end=\"513\">Feeling like your hair follicles need a boost? This stimulating scalp lotion is the perfect solution for those who want to accelerate hair growth and improve its condition naturally.<\/p>\n<p data-start=\"515\" data-end=\"710\">Vegan cosmetic, based on <strong data-start=\"543\" data-end=\"589\">98% based on ingredients of natural origin<\/strong>, effectively stimulates the scalp from the first use, supporting the growth of stronger, thicker and healthier hair.<\/p>\n<h2 data-start=\"717\" data-end=\"761\">A unique combination of active ingredients<\/h2>\n<p data-start=\"763\" data-end=\"882\">A carefully selected composition of natural extracts acts directly at the source of the problem \u2013 at the level of the hair bulbs.<\/p>\n<p data-start=\"884\" data-end=\"1065\"><strong data-start=\"884\" data-end=\"893\">Henna<\/strong> \u2013 Known primarily as a natural plant dye, it also works well as a skincare ingredient. It strengthens hair follicles and adds volume and lightness to hairstyles.<\/p>\n<p data-start=\"1067\" data-end=\"1259\"><strong data-start=\"1067\" data-end=\"1087\">Chili extract<\/strong> \u2013 stimulates microcirculation of the scalp, thanks to which the hair bulbs are better oxygenated and nourished, which accelerates hair growth and supports the appearance of new, so-called baby hairs.<\/p>\n<p data-start=\"1261\" data-end=\"1382\">The formula is complemented by ingredients such as horsetail, arnica, and fenugreek, which strengthen hair and improve the condition of the scalp.<\/p>\n<h2 data-start=\"1389\" data-end=\"1428\">Simple application and quick action<\/h2>\n<p data-start=\"1430\" data-end=\"1484\">The lotion was created with convenient use in mind:<\/p>\n<ul data-start=\"1486\" data-end=\"1635\">\n<li data-start=\"1486\" data-end=\"1524\">\n<p data-start=\"1488\" data-end=\"1524\">apply directly to the scalp,<\/p>\n<\/li>\n<li data-start=\"1525\" data-end=\"1563\">\n<p data-start=\"1527\" data-end=\"1563\">gently massage in with circular motions,<\/p>\n<\/li>\n<li data-start=\"1564\" data-end=\"1635\">\n<p data-start=\"1566\" data-end=\"1635\">perform a short massage to increase the absorption of active ingredients.<\/p>\n<\/li>\n<\/ul>\n<p data-start=\"1637\" data-end=\"1783\">You may feel a slight tingling or warming sensation during use \u2013 this is a natural effect of the ingredients that stimulate circulation.<\/p>\n<h2 data-start=\"1790\" data-end=\"1810\">Effects of use<\/h2>\n<p data-start=\"1812\" data-end=\"1848\">Regular use of the lotion helps:<\/p>\n<p data-start=\"1850\" data-end=\"2026\">\u2714 stimulate hair growth<br data-start=\"1876\" data-end=\"1879\" \/>\u2714 strengthen hair follicles<br data-start=\"1905\" data-end=\"1908\" \/>\u2714 increase the volume of your hairstyle<br data-start=\"1936\" data-end=\"1939\" \/>\u2714 thicken hair and improve its appearance<br data-start=\"1980\" data-end=\"1983\" \/>\u2714 support the growth of new hair (baby hair)<\/p>\n<p data-start=\"2028\" data-end=\"2090\">Your hair will become stronger, thicker and visibly healthier.<\/p>\n<h2 data-start=\"2097\" data-end=\"2117\">Active ingredients<\/h2>\n<ul>\n<li data-start=\"2119\" data-end=\"2170\">\n<p data-start=\"2121\" data-end=\"2170\"><strong data-start=\"2121\" data-end=\"2130\">Henna<\/strong> \u2013 strengthens hair bulbs and adds volume<\/p>\n<\/li>\n<li data-start=\"2171\" data-end=\"2231\">\n<p data-start=\"2173\" data-end=\"2231\"><strong data-start=\"2173\" data-end=\"2182\">Chili<\/strong> \u2013 stimulates circulation and accelerates hair growth<\/p>\n<\/li>\n<\/ul>\n<p><em>Composition (INCI): Aqua, Lawsonia Inermis (Henna) Leaf Extract, Capsicum Annuum Fruit Extract, Equisetum Arvense Extract, Propanediol, Arnica Montana Flower Extract, Glycerin, Trigonella Foenum-Graecum (Fenugreek) Seed Extract, Citric Acid, Tocopherol, Polyglyceryl-4 Laurate\/Sebacate, Polyglyceryl-6 Caprylate\/Caprate, Sorbic Acid, Potassium Sorbate, Sodium Benzoate, Benzyl Alcohol, Dehydroacetic Acid, Benzoic Acid, Parfum, Hexyl Cinnamal, Benzyl Salicylate, Geraniol, Limonene.<\/em><\/p>\n<p>&nbsp;<\/p>","protected":false},"excerpt":{"rendered":"<p>A natural hair growth stimulating lotion that strengthens hair follicles and stimulates the scalp. Thanks to the combination of henna and chili extract, it improves microcirculation, promotes faster hair growth, and helps increase hair density and volume. The lightweight formula, based on natural ingredients, makes hair stronger, healthier, and visibly fuller.<\/p>\n<p><strong>Capacity 100 ml\u00a0<\/strong><\/p>","protected":false},"featured_media":7095,"template":"","meta":{"_themeisle_gutenberg_block_has_review":false},"product_cat":[324,326],"product_tag":[],"berocket_brand":[301],"yoast_head":"<!-- This site is optimized with the Yoast SEO Premium plugin v21.2 (Yoast SEO v21.5) - https:\/\/yoast.com\/wordpress\/plugins\/seo\/ -->\n<title>Wcierka stymuluj\u0105ca do sk\u00f3ry g\u0142owy ekstrakt z henny i chili, 100 ml - ONLYBIO - Pitaya.no<\/title>\n<meta name=\"robots\" content=\"index, follow, max-snippet:-1, max-image-preview:large, max-video-preview:-1\" \/>\n<link rel=\"canonical\" href=\"https:\/\/pitaya.no\/en\/product\/wcierka-stymulujaca-do-skory-glowy-ekstrakt-z-henny-i-chili-100-ml-onlybio\/\" \/>\n<meta property=\"og:locale\" content=\"en_GB\" \/>\n<meta property=\"og:type\" content=\"article\" \/>\n<meta property=\"og:title\" content=\"Wcierka stymuluj\u0105ca do sk\u00f3ry g\u0142owy ekstrakt z henny i chili, 100 ml - ONLYBIO\" \/>\n<meta property=\"og:description\" content=\"Naturalny lotion stymuluj\u0105cy wzrost w\u0142os\u00f3w, kt\u00f3ry wzmacnia cebulki i pobudza sk\u00f3r\u0119 g\u0142owy do dzia\u0142ania. Dzi\u0119ki po\u0142\u0105czeniu henny i ekstraktu z chili poprawia mikrokr\u0105\u017cenie, wspiera szybszy porost w\u0142os\u00f3w oraz pomaga zwi\u0119kszy\u0107 ich g\u0119sto\u015b\u0107 i obj\u0119to\u015b\u0107. Lekka formu\u0142a oparta w 98% na sk\u0142adnikach naturalnych sprawia, \u017ce w\u0142osy staj\u0105 si\u0119 mocniejsze, zdrowsze i wyra\u017anie pe\u0142niejsze.  Pojemno\u015b\u0107 100 ml\u00a0\" \/>\n<meta property=\"og:url\" content=\"https:\/\/pitaya.no\/en\/product\/wcierka-stymulujaca-do-skory-glowy-ekstrakt-z-henny-i-chili-100-ml-onlybio\/\" \/>\n<meta property=\"og:site_name\" content=\"Pitaya.no\" \/>\n<meta property=\"article:publisher\" content=\"https:\/\/www.facebook.com\/Pitaya.no\" \/>\n<meta property=\"article:modified_time\" content=\"2026-02-21T19:32:08+00:00\" \/>\n<meta property=\"og:image\" content=\"https:\/\/pitaya.no\/wp-content\/uploads\/2026\/02\/wcierkahennaandchili.jpg\" \/>\n\t<meta property=\"og:image:width\" content=\"798\" \/>\n\t<meta property=\"og:image:height\" content=\"798\" \/>\n\t<meta property=\"og:image:type\" content=\"image\/jpeg\" \/>\n<meta name=\"twitter:card\" content=\"summary_large_image\" \/>\n<meta name=\"twitter:label1\" content=\"Estimated reading time\" \/>\n\t<meta name=\"twitter:data1\" content=\"2 minutes\" \/>\n<script type=\"application\/ld+json\" class=\"yoast-schema-graph\">{\"@context\":\"https:\/\/schema.org\",\"@graph\":[{\"@type\":\"WebPage\",\"@id\":\"https:\/\/pitaya.no\/produkt\/wcierka-stymulujaca-do-skory-glowy-ekstrakt-z-henny-i-chili-100-ml-onlybio\/\",\"url\":\"https:\/\/pitaya.no\/produkt\/wcierka-stymulujaca-do-skory-glowy-ekstrakt-z-henny-i-chili-100-ml-onlybio\/\",\"name\":\"Wcierka stymuluj\u0105ca do sk\u00f3ry g\u0142owy ekstrakt z henny i chili, 100 ml - ONLYBIO - Pitaya.no\",\"isPartOf\":{\"@id\":\"https:\/\/pitaya.no\/#website\"},\"datePublished\":\"2026-02-20T18:10:33+00:00\",\"dateModified\":\"2026-02-21T19:32:08+00:00\",\"breadcrumb\":{\"@id\":\"https:\/\/pitaya.no\/produkt\/wcierka-stymulujaca-do-skory-glowy-ekstrakt-z-henny-i-chili-100-ml-onlybio\/#breadcrumb\"},\"inLanguage\":\"en-GB\",\"potentialAction\":[{\"@type\":\"ReadAction\",\"target\":[\"https:\/\/pitaya.no\/produkt\/wcierka-stymulujaca-do-skory-glowy-ekstrakt-z-henny-i-chili-100-ml-onlybio\/\"]}]},{\"@type\":\"BreadcrumbList\",\"@id\":\"https:\/\/pitaya.no\/produkt\/wcierka-stymulujaca-do-skory-glowy-ekstrakt-z-henny-i-chili-100-ml-onlybio\/#breadcrumb\",\"itemListElement\":[{\"@type\":\"ListItem\",\"position\":1,\"name\":\"Strona g\u0142\u00f3wna\",\"item\":\"https:\/\/pitaya.no\/\"},{\"@type\":\"ListItem\",\"position\":2,\"name\":\"Sklep\",\"item\":\"https:\/\/pitaya.no\/sklep\/\"},{\"@type\":\"ListItem\",\"position\":3,\"name\":\"Wcierka stymuluj\u0105ca do sk\u00f3ry g\u0142owy ekstrakt z henny i chili, 100 ml &#8211; ONLYBIO\"}]},{\"@type\":\"WebSite\",\"@id\":\"https:\/\/pitaya.no\/#website\",\"url\":\"https:\/\/pitaya.no\/\",\"name\":\"Pitaya.no\",\"description\":\"Polska drogeria ekologiczna w Norwegii\",\"potentialAction\":[{\"@type\":\"SearchAction\",\"target\":{\"@type\":\"EntryPoint\",\"urlTemplate\":\"https:\/\/pitaya.no\/?s={search_term_string}\"},\"query-input\":\"required name=search_term_string\"}],\"inLanguage\":\"en-GB\"}]}<\/script>\n<!-- \/ Yoast SEO Premium plugin. -->","yoast_head_json":{"title":"Wcierka stymuluj\u0105ca do sk\u00f3ry g\u0142owy ekstrakt z henny i chili, 100 ml - ONLYBIO - Pitaya.no","robots":{"index":"index","follow":"follow","max-snippet":"max-snippet:-1","max-image-preview":"max-image-preview:large","max-video-preview":"max-video-preview:-1"},"canonical":"https:\/\/pitaya.no\/en\/product\/wcierka-stymulujaca-do-skory-glowy-ekstrakt-z-henny-i-chili-100-ml-onlybio\/","og_locale":"en_GB","og_type":"article","og_title":"Wcierka stymuluj\u0105ca do sk\u00f3ry g\u0142owy ekstrakt z henny i chili, 100 ml - ONLYBIO","og_description":"Naturalny lotion stymuluj\u0105cy wzrost w\u0142os\u00f3w, kt\u00f3ry wzmacnia cebulki i pobudza sk\u00f3r\u0119 g\u0142owy do dzia\u0142ania. Dzi\u0119ki po\u0142\u0105czeniu henny i ekstraktu z chili poprawia mikrokr\u0105\u017cenie, wspiera szybszy porost w\u0142os\u00f3w oraz pomaga zwi\u0119kszy\u0107 ich g\u0119sto\u015b\u0107 i obj\u0119to\u015b\u0107. Lekka formu\u0142a oparta w 98% na sk\u0142adnikach naturalnych sprawia, \u017ce w\u0142osy staj\u0105 si\u0119 mocniejsze, zdrowsze i wyra\u017anie pe\u0142niejsze.  Pojemno\u015b\u0107 100 ml\u00a0","og_url":"https:\/\/pitaya.no\/en\/product\/wcierka-stymulujaca-do-skory-glowy-ekstrakt-z-henny-i-chili-100-ml-onlybio\/","og_site_name":"Pitaya.no","article_publisher":"https:\/\/www.facebook.com\/Pitaya.no","article_modified_time":"2026-02-21T19:32:08+00:00","og_image":[{"width":798,"height":798,"url":"https:\/\/pitaya.no\/wp-content\/uploads\/2026\/02\/wcierkahennaandchili.jpg","type":"image\/jpeg"}],"twitter_card":"summary_large_image","twitter_misc":{"Estimated reading time":"2 minutes"},"schema":{"@context":"https:\/\/schema.org","@graph":[{"@type":"WebPage","@id":"https:\/\/pitaya.no\/produkt\/wcierka-stymulujaca-do-skory-glowy-ekstrakt-z-henny-i-chili-100-ml-onlybio\/","url":"https:\/\/pitaya.no\/produkt\/wcierka-stymulujaca-do-skory-glowy-ekstrakt-z-henny-i-chili-100-ml-onlybio\/","name":"Wcierka stymuluj\u0105ca do sk\u00f3ry g\u0142owy ekstrakt z henny i chili, 100 ml - ONLYBIO - Pitaya.no","isPartOf":{"@id":"https:\/\/pitaya.no\/#website"},"datePublished":"2026-02-20T18:10:33+00:00","dateModified":"2026-02-21T19:32:08+00:00","breadcrumb":{"@id":"https:\/\/pitaya.no\/produkt\/wcierka-stymulujaca-do-skory-glowy-ekstrakt-z-henny-i-chili-100-ml-onlybio\/#breadcrumb"},"inLanguage":"en-GB","potentialAction":[{"@type":"ReadAction","target":["https:\/\/pitaya.no\/produkt\/wcierka-stymulujaca-do-skory-glowy-ekstrakt-z-henny-i-chili-100-ml-onlybio\/"]}]},{"@type":"BreadcrumbList","@id":"https:\/\/pitaya.no\/produkt\/wcierka-stymulujaca-do-skory-glowy-ekstrakt-z-henny-i-chili-100-ml-onlybio\/#breadcrumb","itemListElement":[{"@type":"ListItem","position":1,"name":"Strona g\u0142\u00f3wna","item":"https:\/\/pitaya.no\/"},{"@type":"ListItem","position":2,"name":"Sklep","item":"https:\/\/pitaya.no\/sklep\/"},{"@type":"ListItem","position":3,"name":"Wcierka stymuluj\u0105ca do sk\u00f3ry g\u0142owy ekstrakt z henny i chili, 100 ml &#8211; ONLYBIO"}]},{"@type":"WebSite","@id":"https:\/\/pitaya.no\/#website","url":"https:\/\/pitaya.no\/","name":"Pitaya.no","description":"Polish organic drugstore in Norway","potentialAction":[{"@type":"SearchAction","target":{"@type":"EntryPoint","urlTemplate":"https:\/\/pitaya.no\/?s={search_term_string}"},"query-input":"required name=search_term_string"}],"inLanguage":"en-GB"}]}},"_links":{"self":[{"href":"https:\/\/pitaya.no\/en\/wp-json\/wp\/v2\/product\/7093"}],"collection":[{"href":"https:\/\/pitaya.no\/en\/wp-json\/wp\/v2\/product"}],"about":[{"href":"https:\/\/pitaya.no\/en\/wp-json\/wp\/v2\/types\/product"}],"wp:featuredmedia":[{"embeddable":true,"href":"https:\/\/pitaya.no\/en\/wp-json\/wp\/v2\/media\/7095"}],"wp:attachment":[{"href":"https:\/\/pitaya.no\/en\/wp-json\/wp\/v2\/media?parent=7093"}],"wp:term":[{"taxonomy":"product_cat","embeddable":true,"href":"https:\/\/pitaya.no\/en\/wp-json\/wp\/v2\/product_cat?post=7093"},{"taxonomy":"product_tag","embeddable":true,"href":"https:\/\/pitaya.no\/en\/wp-json\/wp\/v2\/product_tag?post=7093"},{"taxonomy":"berocket_brand","embeddable":true,"href":"https:\/\/pitaya.no\/en\/wp-json\/wp\/v2\/berocket_brand?post=7093"}],"curies":[{"name":"wp","href":"https:\/\/api.w.org\/{rel}","templated":true}]}}