{"id":6989,"date":"2026-02-11T10:34:18","date_gmt":"2026-02-11T10:34:18","guid":{"rendered":"https:\/\/pitaya.no\/?post_type=product&#038;p=6989"},"modified":"2026-02-16T10:31:13","modified_gmt":"2026-02-16T10:31:13","slug":"kolor-szampon-chroniacy-kolor-wlosow-400-ml-onlybio","status":"publish","type":"product","link":"https:\/\/pitaya.no\/en\/product\/kolor-szampon-chroniacy-kolor-wlosow-400-ml-onlybio\/","title":{"rendered":"Color Protecting Shampoo, 400 ml \u2013 ONLYBIO"},"content":{"rendered":"<h1>Color Protecting Shampoo, 400 ml \u2013 ONLYBIO<\/h1>\n<h3 data-start=\"165\" data-end=\"199\"><strong data-start=\"169\" data-end=\"199\">Keep your color longer!<\/strong><\/h3>\n<p data-start=\"201\" data-end=\"438\">Shampoo <strong data-start=\"209\" data-end=\"228\">Hair in Balance<\/strong> was created to protect the color of colored and toned hair. It gently cleanses while supporting color durability, ensuring <strong data-start=\"379\" data-end=\"437\">intense shine, smoothing and long-lasting hydration<\/strong>.<\/p>\n<p data-start=\"440\" data-end=\"611\">After the first use, the hair becomes <strong data-start=\"480\" data-end=\"514\">smooth, soft and full of life<\/strong>, and the color stays fresh longer. It&#039;s the perfect first step to conscious hair care.<\/p>\n<h3 data-start=\"618\" data-end=\"651\"><strong data-start=\"622\" data-end=\"651\">Why does pH matter?<\/strong><\/h3>\n<p data-start=\"653\" data-end=\"759\">Healthy scalp and hair are naturally <strong data-start=\"696\" data-end=\"715\">slightly acidic pH<\/strong>. Cosmetics with appropriately selected pH:<\/p>\n<ul data-start=\"760\" data-end=\"911\">\n<li data-start=\"760\" data-end=\"801\">\n<p data-start=\"762\" data-end=\"801\">help maintain color intensity<\/p>\n<\/li>\n<li data-start=\"802\" data-end=\"850\">\n<p data-start=\"804\" data-end=\"850\">smoothes hair and gives it a mirror shine<\/p>\n<\/li>\n<li data-start=\"851\" data-end=\"911\">\n<p data-start=\"853\" data-end=\"911\">protect against dryness, brittleness and damage<\/p>\n<\/li>\n<\/ul>\n<p data-start=\"913\" data-end=\"1032\">Hair in Balance acidic formulas support hair particularly exposed to the effects of dyeing, straightening and styling.<\/p>\n<h3 data-start=\"1039\" data-end=\"1080\"><strong data-start=\"1043\" data-end=\"1080\">Active ingredients that work<\/strong><\/h3>\n<ul data-start=\"1082\" data-end=\"1364\">\n<li data-start=\"1082\" data-end=\"1147\">\n<p data-start=\"1084\" data-end=\"1147\"><strong data-start=\"1084\" data-end=\"1098\">Polypeptide<\/strong> \u2013 protects the color from fading and dulling<\/p>\n<\/li>\n<li data-start=\"1148\" data-end=\"1233\">\n<p data-start=\"1150\" data-end=\"1233\"><strong data-start=\"1150\" data-end=\"1167\">Antioxidants<\/strong> \u2013 protect hair against harmful external factors<\/p>\n<\/li>\n<li data-start=\"1234\" data-end=\"1364\">\n<p data-start=\"1236\" data-end=\"1364\"><strong data-start=\"1236\" data-end=\"1277\">Red algae and hibiscus extract<\/strong> \u2013 strengthens, intensively moisturizes, prevents dryness and gives hair a healthy shine<\/p>\n<\/li>\n<\/ul>\n<h3 data-start=\"1371\" data-end=\"1396\"><strong data-start=\"1375\" data-end=\"1396\">Effects of use<\/strong><\/h3>\n<ul data-start=\"1397\" data-end=\"1507\">\n<li data-start=\"1397\" data-end=\"1427\">\n<p data-start=\"1399\" data-end=\"1427\">long-lasting color protection<\/p>\n<\/li>\n<li data-start=\"1428\" data-end=\"1469\">\n<p data-start=\"1430\" data-end=\"1469\">smooth, soft and moisturized hair<\/p>\n<\/li>\n<li data-start=\"1470\" data-end=\"1507\">\n<p data-start=\"1472\" data-end=\"1507\">intense shine and healthy appearance<\/p>\n<\/li>\n<\/ul>\n<h3 data-start=\"1514\" data-end=\"1534\"><strong data-start=\"1518\" data-end=\"1534\">What does it smell like?<\/strong><\/h3>\n<p data-start=\"1535\" data-end=\"1627\">An intriguing scent <strong data-start=\"1554\" data-end=\"1577\">exotic fruits<\/strong> envelops the hair and improves the mood with every wash.<\/p>\n<h3 data-start=\"1535\" data-end=\"1627\">How to use<\/h3>\n<p data-start=\"1535\" data-end=\"1627\">Apply a small amount of shampoo to damp hair. Gently massage into the scalp, then rinse thoroughly with warm water.<\/p>\n<div id=\"attachment_6992\" style=\"width: 696px\" class=\"wp-caption aligncenter\"><img aria-describedby=\"caption-attachment-6992\" fetchpriority=\"high\" decoding=\"async\" class=\"size-full wp-image-6992\" src=\"https:\/\/pitaya.no\/wp-content\/uploads\/2026\/02\/colorshampoo3.png\" alt=\"Kolor Szampon chroni\u0105cy kolor w\u0142os\u00f3w, 400 ml - ONLYBIO\" width=\"686\" height=\"857\" srcset=\"https:\/\/pitaya.no\/wp-content\/uploads\/2026\/02\/colorshampoo3.png 686w, https:\/\/pitaya.no\/wp-content\/uploads\/2026\/02\/colorshampoo3-240x300.png 240w, https:\/\/pitaya.no\/wp-content\/uploads\/2026\/02\/colorshampoo3-10x12.png 10w, https:\/\/pitaya.no\/wp-content\/uploads\/2026\/02\/colorshampoo3-600x750.png 600w, https:\/\/pitaya.no\/wp-content\/uploads\/2026\/02\/colorshampoo3-43x54.png 43w, https:\/\/pitaya.no\/wp-content\/uploads\/2026\/02\/colorshampoo3-64x80.png 64w\" sizes=\"(max-width: 686px) 100vw, 686px\" \/><p id=\"caption-attachment-6992\" class=\"wp-caption-text\">Color Protecting Shampoo, 400 ml \u2013 ONLYBIO<\/p><\/div>\n<h3 data-start=\"1535\" data-end=\"1627\"><em>Ingredients (INCI)<\/em><\/h3>\n<p data-start=\"1535\" data-end=\"1627\"><em>\u00a0Aqua, Sodium Lauroyl Methyl Isethionate, Cocamidopropyl Betaine, Disodium Lauryl Sulfosuccinate, Lauryl Glucoside, Sodium Methyl Cocoyl Taurate, Sodium Cocoyl Isethionate, Sodium Olivamphoacetate, Hibiscus Sabdariffa Flower Extract, Sea Water, Porphyridium Cruentum Extract, Ascorbyl Tetraisopalmitate, Tocopherol, Niacinamide, Sr-Spider Polypeptide-1, 1,2-Hexanediol, Lauryl Hydroxysultaine, Sodium Cocoyl Alaninate, Hydrogenated Castor Oil\/ Sebacic Acid Copolymer, Trisodium Ethylenediamine Disuccinate, Caprylyl Glycol, Sodium Hydroxide, Polyquaternium-10, Propanediol, Citric Acid, Benzyl Alcohol, Sodium Benzoate, Potassium Sorbate, Parfum, Hydroxycitronellal.<\/em><\/p>\n<p>&nbsp;<\/p>","protected":false},"excerpt":{"rendered":"<p>Shampoo <strong data-start=\"8\" data-end=\"27\">Hair in Balance<\/strong> For colored and tinted hair, it effectively protects color from fading, giving it intense shine. The acidic formula with a carefully balanced pH smooths hair, preventing dryness and brittleness, while polypeptides and red algae and hibiscus extracts strengthen and moisturize strands. The result? Soft, smooth hair and fresh, long-lasting color.<\/p>\n<p><strong>Capacity 400 ml\u00a0<\/strong><\/p>","protected":false},"featured_media":6993,"template":"","meta":{"_themeisle_gutenberg_block_has_review":false},"product_cat":[311,314],"product_tag":[371,360,359,362],"berocket_brand":[301],"yoast_head":"<!-- This site is optimized with the Yoast SEO Premium plugin v21.2 (Yoast SEO v21.5) - https:\/\/yoast.com\/wordpress\/plugins\/seo\/ -->\n<title>Kolor Szampon chroni\u0105cy kolor w\u0142os\u00f3w, 400 ml - ONLYBIO<\/title>\n<meta name=\"description\" content=\"Szampon do w\u0142os\u00f3w farbowanych Hair in Balance chroni kolor przed blakni\u0119ciem, wyg\u0142adza, nawil\u017ca i nadaje intensywny blask.\" \/>\n<meta name=\"robots\" content=\"index, follow, max-snippet:-1, max-image-preview:large, max-video-preview:-1\" \/>\n<link rel=\"canonical\" href=\"https:\/\/pitaya.no\/en\/product\/kolor-szampon-chroniacy-kolor-wlosow-400-ml-onlybio\/\" \/>\n<meta property=\"og:locale\" content=\"en_GB\" \/>\n<meta property=\"og:type\" content=\"article\" \/>\n<meta property=\"og:title\" content=\"Kolor Szampon chroni\u0105cy kolor w\u0142os\u00f3w, 400 ml - ONLYBIO\" \/>\n<meta property=\"og:description\" content=\"Szampon do w\u0142os\u00f3w farbowanych Hair in Balance chroni kolor przed blakni\u0119ciem, wyg\u0142adza, nawil\u017ca i nadaje intensywny blask.\" \/>\n<meta property=\"og:url\" content=\"https:\/\/pitaya.no\/en\/product\/kolor-szampon-chroniacy-kolor-wlosow-400-ml-onlybio\/\" \/>\n<meta property=\"og:site_name\" content=\"Pitaya.no\" \/>\n<meta property=\"article:publisher\" content=\"https:\/\/www.facebook.com\/Pitaya.no\" \/>\n<meta property=\"article:modified_time\" content=\"2026-02-16T10:31:13+00:00\" \/>\n<meta property=\"og:image\" content=\"https:\/\/pitaya.no\/wp-content\/uploads\/2026\/02\/colorshampoo-1.png\" \/>\n\t<meta property=\"og:image:width\" content=\"1050\" \/>\n\t<meta property=\"og:image:height\" content=\"1050\" \/>\n\t<meta property=\"og:image:type\" content=\"image\/png\" \/>\n<meta name=\"twitter:card\" content=\"summary_large_image\" \/>\n<meta name=\"twitter:label1\" content=\"Estimated reading time\" \/>\n\t<meta name=\"twitter:data1\" content=\"2 minutes\" \/>\n<script type=\"application\/ld+json\" class=\"yoast-schema-graph\">{\"@context\":\"https:\/\/schema.org\",\"@graph\":[{\"@type\":\"WebPage\",\"@id\":\"https:\/\/pitaya.no\/produkt\/kolor-szampon-chroniacy-kolor-wlosow-400-ml-onlybio\/\",\"url\":\"https:\/\/pitaya.no\/produkt\/kolor-szampon-chroniacy-kolor-wlosow-400-ml-onlybio\/\",\"name\":\"Kolor Szampon chroni\u0105cy kolor w\u0142os\u00f3w, 400 ml - ONLYBIO\",\"isPartOf\":{\"@id\":\"https:\/\/pitaya.no\/#website\"},\"datePublished\":\"2026-02-11T10:34:18+00:00\",\"dateModified\":\"2026-02-16T10:31:13+00:00\",\"description\":\"Szampon do w\u0142os\u00f3w farbowanych Hair in Balance chroni kolor przed blakni\u0119ciem, wyg\u0142adza, nawil\u017ca i nadaje intensywny blask.\",\"breadcrumb\":{\"@id\":\"https:\/\/pitaya.no\/produkt\/kolor-szampon-chroniacy-kolor-wlosow-400-ml-onlybio\/#breadcrumb\"},\"inLanguage\":\"en-GB\",\"potentialAction\":[{\"@type\":\"ReadAction\",\"target\":[\"https:\/\/pitaya.no\/produkt\/kolor-szampon-chroniacy-kolor-wlosow-400-ml-onlybio\/\"]}]},{\"@type\":\"BreadcrumbList\",\"@id\":\"https:\/\/pitaya.no\/produkt\/kolor-szampon-chroniacy-kolor-wlosow-400-ml-onlybio\/#breadcrumb\",\"itemListElement\":[{\"@type\":\"ListItem\",\"position\":1,\"name\":\"Strona g\u0142\u00f3wna\",\"item\":\"https:\/\/pitaya.no\/\"},{\"@type\":\"ListItem\",\"position\":2,\"name\":\"Sklep\",\"item\":\"https:\/\/pitaya.no\/sklep\/\"},{\"@type\":\"ListItem\",\"position\":3,\"name\":\"Kolor Szampon chroni\u0105cy kolor w\u0142os\u00f3w, 400 ml &#8211; ONLYBIO\"}]},{\"@type\":\"WebSite\",\"@id\":\"https:\/\/pitaya.no\/#website\",\"url\":\"https:\/\/pitaya.no\/\",\"name\":\"Pitaya.no\",\"description\":\"Polska drogeria ekologiczna w Norwegii\",\"potentialAction\":[{\"@type\":\"SearchAction\",\"target\":{\"@type\":\"EntryPoint\",\"urlTemplate\":\"https:\/\/pitaya.no\/?s={search_term_string}\"},\"query-input\":\"required name=search_term_string\"}],\"inLanguage\":\"en-GB\"}]}<\/script>\n<!-- \/ Yoast SEO Premium plugin. -->","yoast_head_json":{"title":"Color Protecting Shampoo, 400 ml - ONLYBIO","description":"Szampon do w\u0142os\u00f3w farbowanych Hair in Balance chroni kolor przed blakni\u0119ciem, wyg\u0142adza, nawil\u017ca i nadaje intensywny blask.","robots":{"index":"index","follow":"follow","max-snippet":"max-snippet:-1","max-image-preview":"max-image-preview:large","max-video-preview":"max-video-preview:-1"},"canonical":"https:\/\/pitaya.no\/en\/product\/kolor-szampon-chroniacy-kolor-wlosow-400-ml-onlybio\/","og_locale":"en_GB","og_type":"article","og_title":"Kolor Szampon chroni\u0105cy kolor w\u0142os\u00f3w, 400 ml - ONLYBIO","og_description":"Szampon do w\u0142os\u00f3w farbowanych Hair in Balance chroni kolor przed blakni\u0119ciem, wyg\u0142adza, nawil\u017ca i nadaje intensywny blask.","og_url":"https:\/\/pitaya.no\/en\/product\/kolor-szampon-chroniacy-kolor-wlosow-400-ml-onlybio\/","og_site_name":"Pitaya.no","article_publisher":"https:\/\/www.facebook.com\/Pitaya.no","article_modified_time":"2026-02-16T10:31:13+00:00","og_image":[{"width":1050,"height":1050,"url":"https:\/\/pitaya.no\/wp-content\/uploads\/2026\/02\/colorshampoo-1.png","type":"image\/png"}],"twitter_card":"summary_large_image","twitter_misc":{"Estimated reading time":"2 minutes"},"schema":{"@context":"https:\/\/schema.org","@graph":[{"@type":"WebPage","@id":"https:\/\/pitaya.no\/produkt\/kolor-szampon-chroniacy-kolor-wlosow-400-ml-onlybio\/","url":"https:\/\/pitaya.no\/produkt\/kolor-szampon-chroniacy-kolor-wlosow-400-ml-onlybio\/","name":"Color Protecting Shampoo, 400 ml - ONLYBIO","isPartOf":{"@id":"https:\/\/pitaya.no\/#website"},"datePublished":"2026-02-11T10:34:18+00:00","dateModified":"2026-02-16T10:31:13+00:00","description":"Szampon do w\u0142os\u00f3w farbowanych Hair in Balance chroni kolor przed blakni\u0119ciem, wyg\u0142adza, nawil\u017ca i nadaje intensywny blask.","breadcrumb":{"@id":"https:\/\/pitaya.no\/produkt\/kolor-szampon-chroniacy-kolor-wlosow-400-ml-onlybio\/#breadcrumb"},"inLanguage":"en-GB","potentialAction":[{"@type":"ReadAction","target":["https:\/\/pitaya.no\/produkt\/kolor-szampon-chroniacy-kolor-wlosow-400-ml-onlybio\/"]}]},{"@type":"BreadcrumbList","@id":"https:\/\/pitaya.no\/produkt\/kolor-szampon-chroniacy-kolor-wlosow-400-ml-onlybio\/#breadcrumb","itemListElement":[{"@type":"ListItem","position":1,"name":"Strona g\u0142\u00f3wna","item":"https:\/\/pitaya.no\/"},{"@type":"ListItem","position":2,"name":"Sklep","item":"https:\/\/pitaya.no\/sklep\/"},{"@type":"ListItem","position":3,"name":"Kolor Szampon chroni\u0105cy kolor w\u0142os\u00f3w, 400 ml &#8211; ONLYBIO"}]},{"@type":"WebSite","@id":"https:\/\/pitaya.no\/#website","url":"https:\/\/pitaya.no\/","name":"Pitaya.no","description":"Polish organic drugstore in Norway","potentialAction":[{"@type":"SearchAction","target":{"@type":"EntryPoint","urlTemplate":"https:\/\/pitaya.no\/?s={search_term_string}"},"query-input":"required name=search_term_string"}],"inLanguage":"en-GB"}]}},"_links":{"self":[{"href":"https:\/\/pitaya.no\/en\/wp-json\/wp\/v2\/product\/6989"}],"collection":[{"href":"https:\/\/pitaya.no\/en\/wp-json\/wp\/v2\/product"}],"about":[{"href":"https:\/\/pitaya.no\/en\/wp-json\/wp\/v2\/types\/product"}],"wp:featuredmedia":[{"embeddable":true,"href":"https:\/\/pitaya.no\/en\/wp-json\/wp\/v2\/media\/6993"}],"wp:attachment":[{"href":"https:\/\/pitaya.no\/en\/wp-json\/wp\/v2\/media?parent=6989"}],"wp:term":[{"taxonomy":"product_cat","embeddable":true,"href":"https:\/\/pitaya.no\/en\/wp-json\/wp\/v2\/product_cat?post=6989"},{"taxonomy":"product_tag","embeddable":true,"href":"https:\/\/pitaya.no\/en\/wp-json\/wp\/v2\/product_tag?post=6989"},{"taxonomy":"berocket_brand","embeddable":true,"href":"https:\/\/pitaya.no\/en\/wp-json\/wp\/v2\/berocket_brand?post=6989"}],"curies":[{"name":"wp","href":"https:\/\/api.w.org\/{rel}","templated":true}]}}