{"id":6984,"date":"2026-02-09T01:17:43","date_gmt":"2026-02-09T01:17:43","guid":{"rendered":"https:\/\/pitaya.no\/?post_type=product&#038;p=6984"},"modified":"2026-02-17T01:37:47","modified_gmt":"2026-02-17T01:37:47","slug":"olej-do-olejowania-do-wlosow-wysokoporowatych-150-ml-onlybio","status":"publish","type":"product","link":"https:\/\/pitaya.no\/en\/product\/olej-do-olejowania-do-wlosow-wysokoporowatych-150-ml-onlybio\/","title":{"rendered":"Oiling oil for high porosity hair, 150 ml \u2013 ONLYBIO"},"content":{"rendered":"<h1>Oiling oil for high porosity hair, 150 ml \u2013 ONLYBIO<\/h1>\n<p data-start=\"169\" data-end=\"420\">Is your hair dry, dull, and prone to damage? This oil was created just for it. Carefully selected composition <strong data-start=\"297\" data-end=\"325\">6 natural ingredients<\/strong> intensively nourishes high porosity hair, restoring its shine, elasticity and healthy appearance.<\/p>\n<h4>Why will you love him?<\/h4>\n<ul data-start=\"450\" data-end=\"682\">\n<li data-start=\"450\" data-end=\"514\">\n<p data-start=\"452\" data-end=\"514\">perfect for hair <strong data-start=\"470\" data-end=\"514\">highly porous, dry and damaged<\/strong><\/p>\n<\/li>\n<li data-start=\"515\" data-end=\"550\">\n<p data-start=\"517\" data-end=\"550\">intensively <strong data-start=\"529\" data-end=\"550\">nourishes and moisturizes<\/strong><\/p>\n<\/li>\n<li data-start=\"551\" data-end=\"596\">\n<p data-start=\"553\" data-end=\"596\">smoothes strands and helps reduce frizz<\/p>\n<\/li>\n<li data-start=\"597\" data-end=\"640\">\n<p data-start=\"599\" data-end=\"640\">gives hair softness and natural shine<\/p>\n<\/li>\n<li data-start=\"641\" data-end=\"682\">\n<p data-start=\"643\" data-end=\"682\">a light formula that does not weigh down the hair<\/p>\n<\/li>\n<\/ul>\n<h4 data-start=\"684\" data-end=\"704\">When to use?<\/h4>\n<p data-start=\"705\" data-end=\"908\">When your hair needs regeneration\u2014is it dry, brittle, or lacking shine? It&#039;s perfect for regular oiling and as a rescue after styling or hairdressing.<\/p>\n<h4 data-start=\"910\" data-end=\"921\">Effect?<\/h4>\n<p data-start=\"922\" data-end=\"1031\">The hair is <strong data-start=\"931\" data-end=\"971\">smooth, shiny and visibly healthier<\/strong>, and their structure becomes more resistant to damage.<\/p>\n<h4 data-start=\"1033\" data-end=\"1071\">A scent that improves your mood<\/h4>\n<p data-start=\"1072\" data-end=\"1199\">Refreshing aroma <strong data-start=\"1092\" data-end=\"1114\">bitter orange<\/strong> adds energy and makes care a real ritual of pleasure.<\/p>\n<h4 data-start=\"1201\" data-end=\"1224\">Active ingredients:<\/h4>\n<ul data-start=\"1225\" data-end=\"1354\">\n<li data-start=\"1225\" data-end=\"1240\">\n<p data-start=\"1227\" data-end=\"1240\">linseed oil<\/p>\n<\/li>\n<li data-start=\"1241\" data-end=\"1267\">\n<p data-start=\"1243\" data-end=\"1267\">grape seed oil<\/p>\n<\/li>\n<li data-start=\"1268\" data-end=\"1289\">\n<p data-start=\"1270\" data-end=\"1289\">black cumin oil<\/p>\n<\/li>\n<li data-start=\"1290\" data-end=\"1315\">\n<p data-start=\"1292\" data-end=\"1315\">cottonseed oil<\/p>\n<\/li>\n<li data-start=\"1316\" data-end=\"1339\">\n<p data-start=\"1318\" data-end=\"1339\">orange oil<\/p>\n<\/li>\n<li data-start=\"1340\" data-end=\"1354\">\n<p data-start=\"1342\" data-end=\"1354\">vitamin E<\/p>\n<\/li>\n<\/ul>\n<h3>How to use?<\/h3>\n<h3 data-start=\"133\" data-end=\"154\"><strong data-start=\"137\" data-end=\"152\">Pitaya Council<\/strong><\/h3>\n<p data-start=\"155\" data-end=\"189\"><strong data-start=\"155\" data-end=\"189\">How to properly oil your hair?<\/strong><\/p>\n<p data-start=\"191\" data-end=\"416\">Oiling is one of the most effective hair care rituals. You can tailor it to your lifestyle and hair needs\u2014from a quick treatment to a full, relaxing ritual. Here are some proven ways to oil your hair:<\/p>\n<h4 data-start=\"423\" data-end=\"470\"><strong data-start=\"428\" data-end=\"470\">1. Quick oiling \u2013 before washing<\/strong><\/h4>\n<p data-start=\"471\" data-end=\"541\">The perfect solution when you&#039;re short on time and your hair needs nourishment.<\/p>\n<p data-start=\"543\" data-end=\"851\">Apply oil to the lengths <strong data-start=\"568\" data-end=\"590\">below the ear line<\/strong>. For long hair, a small amount is enough - approximately <strong data-start=\"653\" data-end=\"664\">\u00bd tablespoon<\/strong>. Gently comb your hair to distribute the product evenly. <strong data-start=\"735\" data-end=\"753\">20\u201340 minutes<\/strong> wash your hair as usual.<br data-start=\"776\" data-end=\"779\" \/>This method usually <strong data-start=\"800\" data-end=\"850\">does not require emulsifying the oil with a mask or conditioner<\/strong>.<\/p>\n<h4 data-start=\"858\" data-end=\"904\"><strong data-start=\"863\" data-end=\"904\">2. Long oiling \u2013 once a week<\/strong><\/h4>\n<p data-start=\"905\" data-end=\"992\">This is a complete regenerative ritual for dry, damaged or dull hair.<\/p>\n<p data-start=\"994\" data-end=\"1292\">Apply a larger amount of oil to thoroughly cover the entire length (still only below the ear). Comb your hair and put on a turban or towel. Leave the oil on for about <strong data-start=\"1157\" data-end=\"1169\">60 minutes<\/strong> \u2014 we do not recommend a longer time.<br data-start=\"1201\" data-end=\"1204\" \/>Then <strong data-start=\"1214\" data-end=\"1249\">emulsify the oil with conditioner or mask<\/strong>, rinse thoroughly and wash your hair as usual.<\/p>\n<p data-start=\"1294\" data-end=\"1368\"><em data-start=\"1294\" data-end=\"1368\">PSST\u2026 This is the perfect time to also reach for a scalp serum.<\/em><\/p>\n<h4 data-start=\"1375\" data-end=\"1420\"><strong data-start=\"1380\" data-end=\"1420\">3. Oiling over a moisturizing foundation<\/strong><\/h4>\n<p data-start=\"1421\" data-end=\"1475\">The best choice for dry and high porosity hair.<\/p>\n<p data-start=\"1477\" data-end=\"1737\">Before applying the oil, spritz your hair with a hydrolate, moisturizing mist, or a light leave-in conditioner. Then, apply the oil to damp hair lengths. This will help the oil &quot;lock&quot; in moisture, further enhancing the smoothing and softness.<\/p>\n<p data-start=\"1744\" data-end=\"1926\"><strong data-start=\"1747\" data-end=\"1768\">Pitaya Tip:<\/strong> Always monitor your hair and adjust the amount and frequency of oiling to its current needs. Regularity and moderation are the key to beautiful, healthy locks.<\/p>\n<p data-start=\"1744\" data-end=\"1926\"><em>Ingredients<\/em><\/p>\n<p data-start=\"1744\" data-end=\"1926\"><em>Linum Usitatissimum (Linseed) Seed Oil, Vitis Vinifera Seed Oil, Gossypium Herbaceum (Cotton) Seed Oil, Nigella Sativa (Black Seed) Seed Oil, Citrus Aurantium Dulcis Peel Oil, Tocopherol, Limonene (orange oil ingredient).<\/em><\/p>\n<p>&nbsp;<\/p>","protected":false},"excerpt":{"rendered":"<p>A natural oil for oiling high-porosity, dry, and damaged hair. It nourishes, moisturizes, and smooths hair, leaving it soft, shiny, and with a refreshing bitter orange scent.<\/p>\n<p><strong>Capacity 150 ml\u00a0<\/strong><\/p>","protected":false},"featured_media":6986,"template":"","meta":{"_themeisle_gutenberg_block_has_review":false},"product_cat":[329,330],"product_tag":[370,355,360,369],"berocket_brand":[301],"yoast_head":"<!-- This site is optimized with the Yoast SEO Premium plugin v21.2 (Yoast SEO v21.5) - https:\/\/yoast.com\/wordpress\/plugins\/seo\/ -->\n<title>Olej do olejowania do w\u0142os\u00f3w wysokoporowatych, 150 ml - ONLYBIO<\/title>\n<meta name=\"description\" content=\"Naturalny olej do olejowania w\u0142os\u00f3w wysokoporowatych. Od\u017cywia, nawil\u017ca i wyg\u0142adza w\u0142osy, nadaj\u0105c im blask i zapach gorzkiej pomara\u0144czy.\" \/>\n<meta name=\"robots\" content=\"index, follow, max-snippet:-1, max-image-preview:large, max-video-preview:-1\" \/>\n<link rel=\"canonical\" href=\"https:\/\/pitaya.no\/en\/product\/olej-do-olejowania-do-wlosow-wysokoporowatych-150-ml-onlybio\/\" \/>\n<meta property=\"og:locale\" content=\"en_GB\" \/>\n<meta property=\"og:type\" content=\"article\" \/>\n<meta property=\"og:title\" content=\"Olej do olejowania do w\u0142os\u00f3w wysokoporowatych, 150 ml - ONLYBIO\" \/>\n<meta property=\"og:description\" content=\"Naturalny olej do olejowania w\u0142os\u00f3w wysokoporowatych. Od\u017cywia, nawil\u017ca i wyg\u0142adza w\u0142osy, nadaj\u0105c im blask i zapach gorzkiej pomara\u0144czy.\" \/>\n<meta property=\"og:url\" content=\"https:\/\/pitaya.no\/en\/product\/olej-do-olejowania-do-wlosow-wysokoporowatych-150-ml-onlybio\/\" \/>\n<meta property=\"og:site_name\" content=\"Pitaya.no\" \/>\n<meta property=\"article:publisher\" content=\"https:\/\/www.facebook.com\/Pitaya.no\" \/>\n<meta property=\"article:modified_time\" content=\"2026-02-17T01:37:47+00:00\" \/>\n<meta property=\"og:image\" content=\"https:\/\/pitaya.no\/wp-content\/uploads\/2026\/02\/olejwysokoporowate.png\" \/>\n\t<meta property=\"og:image:width\" content=\"994\" \/>\n\t<meta property=\"og:image:height\" content=\"994\" \/>\n\t<meta property=\"og:image:type\" content=\"image\/png\" \/>\n<meta name=\"twitter:card\" content=\"summary_large_image\" \/>\n<meta name=\"twitter:label1\" content=\"Estimated reading time\" \/>\n\t<meta name=\"twitter:data1\" content=\"3 minutes\" \/>\n<script type=\"application\/ld+json\" class=\"yoast-schema-graph\">{\"@context\":\"https:\/\/schema.org\",\"@graph\":[{\"@type\":\"WebPage\",\"@id\":\"https:\/\/pitaya.no\/produkt\/olej-do-olejowania-do-wlosow-wysokoporowatych-150-ml-onlybio\/\",\"url\":\"https:\/\/pitaya.no\/produkt\/olej-do-olejowania-do-wlosow-wysokoporowatych-150-ml-onlybio\/\",\"name\":\"Olej do olejowania do w\u0142os\u00f3w wysokoporowatych, 150 ml - ONLYBIO\",\"isPartOf\":{\"@id\":\"https:\/\/pitaya.no\/#website\"},\"datePublished\":\"2026-02-09T01:17:43+00:00\",\"dateModified\":\"2026-02-17T01:37:47+00:00\",\"description\":\"Naturalny olej do olejowania w\u0142os\u00f3w wysokoporowatych. Od\u017cywia, nawil\u017ca i wyg\u0142adza w\u0142osy, nadaj\u0105c im blask i zapach gorzkiej pomara\u0144czy.\",\"breadcrumb\":{\"@id\":\"https:\/\/pitaya.no\/produkt\/olej-do-olejowania-do-wlosow-wysokoporowatych-150-ml-onlybio\/#breadcrumb\"},\"inLanguage\":\"en-GB\",\"potentialAction\":[{\"@type\":\"ReadAction\",\"target\":[\"https:\/\/pitaya.no\/produkt\/olej-do-olejowania-do-wlosow-wysokoporowatych-150-ml-onlybio\/\"]}]},{\"@type\":\"BreadcrumbList\",\"@id\":\"https:\/\/pitaya.no\/produkt\/olej-do-olejowania-do-wlosow-wysokoporowatych-150-ml-onlybio\/#breadcrumb\",\"itemListElement\":[{\"@type\":\"ListItem\",\"position\":1,\"name\":\"Strona g\u0142\u00f3wna\",\"item\":\"https:\/\/pitaya.no\/\"},{\"@type\":\"ListItem\",\"position\":2,\"name\":\"Sklep\",\"item\":\"https:\/\/pitaya.no\/sklep\/\"},{\"@type\":\"ListItem\",\"position\":3,\"name\":\"Olej do olejowania do w\u0142os\u00f3w wysokoporowatych, 150 ml &#8211; ONLYBIO\"}]},{\"@type\":\"WebSite\",\"@id\":\"https:\/\/pitaya.no\/#website\",\"url\":\"https:\/\/pitaya.no\/\",\"name\":\"Pitaya.no\",\"description\":\"Polska drogeria ekologiczna w Norwegii\",\"potentialAction\":[{\"@type\":\"SearchAction\",\"target\":{\"@type\":\"EntryPoint\",\"urlTemplate\":\"https:\/\/pitaya.no\/?s={search_term_string}\"},\"query-input\":\"required name=search_term_string\"}],\"inLanguage\":\"en-GB\"}]}<\/script>\n<!-- \/ Yoast SEO Premium plugin. -->","yoast_head_json":{"title":"Oiling oil for high porosity hair, 150 ml - ONLYBIO","description":"Naturalny olej do olejowania w\u0142os\u00f3w wysokoporowatych. Od\u017cywia, nawil\u017ca i wyg\u0142adza w\u0142osy, nadaj\u0105c im blask i zapach gorzkiej pomara\u0144czy.","robots":{"index":"index","follow":"follow","max-snippet":"max-snippet:-1","max-image-preview":"max-image-preview:large","max-video-preview":"max-video-preview:-1"},"canonical":"https:\/\/pitaya.no\/en\/product\/olej-do-olejowania-do-wlosow-wysokoporowatych-150-ml-onlybio\/","og_locale":"en_GB","og_type":"article","og_title":"Olej do olejowania do w\u0142os\u00f3w wysokoporowatych, 150 ml - ONLYBIO","og_description":"Naturalny olej do olejowania w\u0142os\u00f3w wysokoporowatych. Od\u017cywia, nawil\u017ca i wyg\u0142adza w\u0142osy, nadaj\u0105c im blask i zapach gorzkiej pomara\u0144czy.","og_url":"https:\/\/pitaya.no\/en\/product\/olej-do-olejowania-do-wlosow-wysokoporowatych-150-ml-onlybio\/","og_site_name":"Pitaya.no","article_publisher":"https:\/\/www.facebook.com\/Pitaya.no","article_modified_time":"2026-02-17T01:37:47+00:00","og_image":[{"width":994,"height":994,"url":"https:\/\/pitaya.no\/wp-content\/uploads\/2026\/02\/olejwysokoporowate.png","type":"image\/png"}],"twitter_card":"summary_large_image","twitter_misc":{"Estimated reading time":"3 minutes"},"schema":{"@context":"https:\/\/schema.org","@graph":[{"@type":"WebPage","@id":"https:\/\/pitaya.no\/produkt\/olej-do-olejowania-do-wlosow-wysokoporowatych-150-ml-onlybio\/","url":"https:\/\/pitaya.no\/produkt\/olej-do-olejowania-do-wlosow-wysokoporowatych-150-ml-onlybio\/","name":"Oiling oil for high porosity hair, 150 ml - ONLYBIO","isPartOf":{"@id":"https:\/\/pitaya.no\/#website"},"datePublished":"2026-02-09T01:17:43+00:00","dateModified":"2026-02-17T01:37:47+00:00","description":"Naturalny olej do olejowania w\u0142os\u00f3w wysokoporowatych. Od\u017cywia, nawil\u017ca i wyg\u0142adza w\u0142osy, nadaj\u0105c im blask i zapach gorzkiej pomara\u0144czy.","breadcrumb":{"@id":"https:\/\/pitaya.no\/produkt\/olej-do-olejowania-do-wlosow-wysokoporowatych-150-ml-onlybio\/#breadcrumb"},"inLanguage":"en-GB","potentialAction":[{"@type":"ReadAction","target":["https:\/\/pitaya.no\/produkt\/olej-do-olejowania-do-wlosow-wysokoporowatych-150-ml-onlybio\/"]}]},{"@type":"BreadcrumbList","@id":"https:\/\/pitaya.no\/produkt\/olej-do-olejowania-do-wlosow-wysokoporowatych-150-ml-onlybio\/#breadcrumb","itemListElement":[{"@type":"ListItem","position":1,"name":"Strona g\u0142\u00f3wna","item":"https:\/\/pitaya.no\/"},{"@type":"ListItem","position":2,"name":"Sklep","item":"https:\/\/pitaya.no\/sklep\/"},{"@type":"ListItem","position":3,"name":"Olej do olejowania do w\u0142os\u00f3w wysokoporowatych, 150 ml &#8211; ONLYBIO"}]},{"@type":"WebSite","@id":"https:\/\/pitaya.no\/#website","url":"https:\/\/pitaya.no\/","name":"Pitaya.no","description":"Polish organic drugstore in Norway","potentialAction":[{"@type":"SearchAction","target":{"@type":"EntryPoint","urlTemplate":"https:\/\/pitaya.no\/?s={search_term_string}"},"query-input":"required name=search_term_string"}],"inLanguage":"en-GB"}]}},"_links":{"self":[{"href":"https:\/\/pitaya.no\/en\/wp-json\/wp\/v2\/product\/6984"}],"collection":[{"href":"https:\/\/pitaya.no\/en\/wp-json\/wp\/v2\/product"}],"about":[{"href":"https:\/\/pitaya.no\/en\/wp-json\/wp\/v2\/types\/product"}],"wp:featuredmedia":[{"embeddable":true,"href":"https:\/\/pitaya.no\/en\/wp-json\/wp\/v2\/media\/6986"}],"wp:attachment":[{"href":"https:\/\/pitaya.no\/en\/wp-json\/wp\/v2\/media?parent=6984"}],"wp:term":[{"taxonomy":"product_cat","embeddable":true,"href":"https:\/\/pitaya.no\/en\/wp-json\/wp\/v2\/product_cat?post=6984"},{"taxonomy":"product_tag","embeddable":true,"href":"https:\/\/pitaya.no\/en\/wp-json\/wp\/v2\/product_tag?post=6984"},{"taxonomy":"berocket_brand","embeddable":true,"href":"https:\/\/pitaya.no\/en\/wp-json\/wp\/v2\/berocket_brand?post=6984"}],"curies":[{"name":"wp","href":"https:\/\/api.w.org\/{rel}","templated":true}]}}