{"id":6979,"date":"2026-02-09T00:49:46","date_gmt":"2026-02-09T00:49:46","guid":{"rendered":"https:\/\/pitaya.no\/?post_type=product&#038;p=6979"},"modified":"2026-02-13T09:53:29","modified_gmt":"2026-02-13T09:53:29","slug":"maska-do-wlosow-srednioporowatych-400-ml-onlybio-2","status":"publish","type":"product","link":"https:\/\/pitaya.no\/en\/product\/maska-do-wlosow-srednioporowatych-400-ml-onlybio-2\/","title":{"rendered":"Mask for medium porosity hair, 400 ml \u2013 ONLYBIO"},"content":{"rendered":"<h1>Mask for medium porosity hair, 400 ml \u2013 ONLYBIO<\/h1>\n<p data-start=\"236\" data-end=\"451\">Does your hair need a balance of hydration and smoothness? This natural, vegan mask was created specifically for medium porosity hair, which tends to be dry and frizzy.<\/p>\n<p data-start=\"453\" data-end=\"637\">A carefully selected composition of sunflower oil, castor oil and avocado oil intensively nourishes the hair, supports its regeneration and helps restore a healthy appearance without weighing it down.<\/p>\n<h4 data-start=\"639\" data-end=\"666\">Why will you love her?<\/h4>\n<ul data-start=\"667\" data-end=\"923\">\n<li data-start=\"667\" data-end=\"717\">\n<p data-start=\"669\" data-end=\"717\">closes the hair cuticle, improving its structure<\/p>\n<\/li>\n<li data-start=\"718\" data-end=\"750\">\n<p data-start=\"720\" data-end=\"750\">smoothes and reduces frizz<\/p>\n<\/li>\n<li data-start=\"751\" data-end=\"795\">\n<p data-start=\"753\" data-end=\"795\">gives hair softness and natural shine<\/p>\n<\/li>\n<li data-start=\"796\" data-end=\"866\">\n<p data-start=\"798\" data-end=\"866\">supports care tailored to the needs of medium porosity hair<\/p>\n<\/li>\n<li data-start=\"867\" data-end=\"923\">\n<p data-start=\"869\" data-end=\"923\">100% vegan formula, based on natural oils<\/p>\n<\/li>\n<\/ul>\n<h4 data-start=\"925\" data-end=\"945\">When to use?<\/h4>\n<p data-start=\"946\" data-end=\"1039\">When your hair is dry, rough to the touch, difficult to style or frizzy due to humidity.<\/p>\n<h4 data-start=\"1041\" data-end=\"1052\">Effect?<\/h4>\n<p data-start=\"1053\" data-end=\"1185\">Hair becomes visibly smoother, shinier and more disciplined, and its surface is better protected against moisture loss.<\/p>\n<h4 data-start=\"1187\" data-end=\"1222\">A scent that improves your mood<\/h4>\n<p data-start=\"1223\" data-end=\"1363\">The captivating combination of juicy raspberry and pink pepper turns each mask application into a pleasant care ritual.<\/p>\n<p data-start=\"1223\" data-end=\"1363\"><strong>How to use<\/strong><\/p>\n<p data-start=\"1223\" data-end=\"1363\">Apply a small amount of the product to damp, squeezed-out hair. Rinse after at least 15 minutes.<\/p>\n<p data-start=\"1223\" data-end=\"1363\">Once a week, take the time to apply the mask for at least 40 minutes. You can also wear a turban on your head to increase the temperature and thus absorb the mask&#039;s valuable ingredients.<\/p>\n<div id=\"attachment_6975\" style=\"width: 908px\" class=\"wp-caption aligncenter\"><img aria-describedby=\"caption-attachment-6975\" fetchpriority=\"high\" decoding=\"async\" class=\"size-full wp-image-6975\" src=\"https:\/\/pitaya.no\/wp-content\/uploads\/2026\/02\/highprosity400.png\" alt=\"Maska do w\u0142os\u00f3w wysokoporowatych, 400 ml - ONLYBIO\" width=\"898\" height=\"539\" srcset=\"https:\/\/pitaya.no\/wp-content\/uploads\/2026\/02\/highprosity400.png 898w, https:\/\/pitaya.no\/wp-content\/uploads\/2026\/02\/highprosity400-300x180.png 300w, https:\/\/pitaya.no\/wp-content\/uploads\/2026\/02\/highprosity400-768x461.png 768w, https:\/\/pitaya.no\/wp-content\/uploads\/2026\/02\/highprosity400-18x12.png 18w, https:\/\/pitaya.no\/wp-content\/uploads\/2026\/02\/highprosity400-600x360.png 600w, https:\/\/pitaya.no\/wp-content\/uploads\/2026\/02\/highprosity400-90x54.png 90w, https:\/\/pitaya.no\/wp-content\/uploads\/2026\/02\/highprosity400-64x38.png 64w\" sizes=\"(max-width: 898px) 100vw, 898px\" \/><p id=\"caption-attachment-6975\" class=\"wp-caption-text\">Mask for high porosity hair, 400 ml \u2013 ONLYBIO<\/p><\/div>\n<p><strong>Ingredients<\/strong><\/p>\n<p>Aqua, Cetearyl Alcohol, Helianthus Annuus (Sunflower) Seed Oil, Coco-Caprylate\/Caprate, Behentrimonium Chloride, Glycerin, Ricinus Communis Seed Oil, Persea Gratissima (Avocado) Oil, Prunus Amygdalus Dulcis (Sweet Almond) Oil, Tocopherol, Guar Hydroxypropyltrimonium Chloride, Cetrimonium Chloride, Benzyl Alcohol, Benzoic Acid, Dehydroacetic Acid, Citric Acid, Parfum, Linalool.<\/p>\n<p>&nbsp;<\/p>","protected":false},"excerpt":{"rendered":"<p>A natural, vegan mask for medium porosity hair with sunflower, castor, and avocado oils. Smooths, seals the hair cuticle, and reduces frizz, leaving hair soft, shiny, and full of life. The captivating scent of raspberry and pink pepper transforms hair care into a pleasant ritual.<\/p>\n<p><strong>Capacity 400 ml\u00a0<\/strong><\/p>","protected":false},"featured_media":6981,"template":"","meta":{"_themeisle_gutenberg_block_has_review":false},"product_cat":[315,317],"product_tag":[366,338,360,339,368],"berocket_brand":[301],"yoast_head":"<!-- This site is optimized with the Yoast SEO Premium plugin v21.2 (Yoast SEO v21.5) - https:\/\/yoast.com\/wordpress\/plugins\/seo\/ -->\n<title>Maska do w\u0142os\u00f3w \u015brednioporowatych, 400 ml - ONLYBIO<\/title>\n<meta name=\"description\" content=\"Naturalna, wega\u0144ska maska do w\u0142os\u00f3w \u015brednioporowatych z olejem s\u0142onecznikowym, rycynowym i awokado. Wyg\u0142adza, domyka \u0142usk\u0119 w\u0142osa i nadaje blask.\" \/>\n<meta name=\"robots\" content=\"index, follow, max-snippet:-1, max-image-preview:large, max-video-preview:-1\" \/>\n<link rel=\"canonical\" href=\"https:\/\/pitaya.no\/en\/product\/maska-do-wlosow-srednioporowatych-400-ml-onlybio-2\/\" \/>\n<meta property=\"og:locale\" content=\"en_GB\" \/>\n<meta property=\"og:type\" content=\"article\" \/>\n<meta property=\"og:title\" content=\"Maska do w\u0142os\u00f3w \u015brednioporowatych, 400 ml - ONLYBIO\" \/>\n<meta property=\"og:description\" content=\"Naturalna, wega\u0144ska maska do w\u0142os\u00f3w \u015brednioporowatych z olejem s\u0142onecznikowym, rycynowym i awokado. Wyg\u0142adza, domyka \u0142usk\u0119 w\u0142osa i nadaje blask.\" \/>\n<meta property=\"og:url\" content=\"https:\/\/pitaya.no\/en\/product\/maska-do-wlosow-srednioporowatych-400-ml-onlybio-2\/\" \/>\n<meta property=\"og:site_name\" content=\"Pitaya.no\" \/>\n<meta property=\"article:publisher\" content=\"https:\/\/www.facebook.com\/Pitaya.no\" \/>\n<meta property=\"article:modified_time\" content=\"2026-02-13T09:53:29+00:00\" \/>\n<meta property=\"og:image\" content=\"https:\/\/pitaya.no\/wp-content\/uploads\/2026\/02\/srednioporowate.png\" \/>\n\t<meta property=\"og:image:width\" content=\"898\" \/>\n\t<meta property=\"og:image:height\" content=\"898\" \/>\n\t<meta property=\"og:image:type\" content=\"image\/png\" \/>\n<meta name=\"twitter:card\" content=\"summary_large_image\" \/>\n<meta name=\"twitter:label1\" content=\"Estimated reading time\" \/>\n\t<meta name=\"twitter:data1\" content=\"2 minutes\" \/>\n<script type=\"application\/ld+json\" class=\"yoast-schema-graph\">{\"@context\":\"https:\/\/schema.org\",\"@graph\":[{\"@type\":\"WebPage\",\"@id\":\"https:\/\/pitaya.no\/produkt\/maska-do-wlosow-srednioporowatych-400-ml-onlybio-2\/\",\"url\":\"https:\/\/pitaya.no\/produkt\/maska-do-wlosow-srednioporowatych-400-ml-onlybio-2\/\",\"name\":\"Maska do w\u0142os\u00f3w \u015brednioporowatych, 400 ml - ONLYBIO\",\"isPartOf\":{\"@id\":\"https:\/\/pitaya.no\/#website\"},\"datePublished\":\"2026-02-09T00:49:46+00:00\",\"dateModified\":\"2026-02-13T09:53:29+00:00\",\"description\":\"Naturalna, wega\u0144ska maska do w\u0142os\u00f3w \u015brednioporowatych z olejem s\u0142onecznikowym, rycynowym i awokado. Wyg\u0142adza, domyka \u0142usk\u0119 w\u0142osa i nadaje blask.\",\"breadcrumb\":{\"@id\":\"https:\/\/pitaya.no\/produkt\/maska-do-wlosow-srednioporowatych-400-ml-onlybio-2\/#breadcrumb\"},\"inLanguage\":\"en-GB\",\"potentialAction\":[{\"@type\":\"ReadAction\",\"target\":[\"https:\/\/pitaya.no\/produkt\/maska-do-wlosow-srednioporowatych-400-ml-onlybio-2\/\"]}]},{\"@type\":\"BreadcrumbList\",\"@id\":\"https:\/\/pitaya.no\/produkt\/maska-do-wlosow-srednioporowatych-400-ml-onlybio-2\/#breadcrumb\",\"itemListElement\":[{\"@type\":\"ListItem\",\"position\":1,\"name\":\"Strona g\u0142\u00f3wna\",\"item\":\"https:\/\/pitaya.no\/\"},{\"@type\":\"ListItem\",\"position\":2,\"name\":\"Sklep\",\"item\":\"https:\/\/pitaya.no\/sklep\/\"},{\"@type\":\"ListItem\",\"position\":3,\"name\":\"Maska do w\u0142os\u00f3w \u015brednioporowatych, 400 ml &#8211; ONLYBIO\"}]},{\"@type\":\"WebSite\",\"@id\":\"https:\/\/pitaya.no\/#website\",\"url\":\"https:\/\/pitaya.no\/\",\"name\":\"Pitaya.no\",\"description\":\"Polska drogeria ekologiczna w Norwegii\",\"potentialAction\":[{\"@type\":\"SearchAction\",\"target\":{\"@type\":\"EntryPoint\",\"urlTemplate\":\"https:\/\/pitaya.no\/?s={search_term_string}\"},\"query-input\":\"required name=search_term_string\"}],\"inLanguage\":\"en-GB\"}]}<\/script>\n<!-- \/ Yoast SEO Premium plugin. -->","yoast_head_json":{"title":"Mask for medium porosity hair, 400 ml - ONLYBIO","description":"Naturalna, wega\u0144ska maska do w\u0142os\u00f3w \u015brednioporowatych z olejem s\u0142onecznikowym, rycynowym i awokado. Wyg\u0142adza, domyka \u0142usk\u0119 w\u0142osa i nadaje blask.","robots":{"index":"index","follow":"follow","max-snippet":"max-snippet:-1","max-image-preview":"max-image-preview:large","max-video-preview":"max-video-preview:-1"},"canonical":"https:\/\/pitaya.no\/en\/product\/maska-do-wlosow-srednioporowatych-400-ml-onlybio-2\/","og_locale":"en_GB","og_type":"article","og_title":"Maska do w\u0142os\u00f3w \u015brednioporowatych, 400 ml - ONLYBIO","og_description":"Naturalna, wega\u0144ska maska do w\u0142os\u00f3w \u015brednioporowatych z olejem s\u0142onecznikowym, rycynowym i awokado. Wyg\u0142adza, domyka \u0142usk\u0119 w\u0142osa i nadaje blask.","og_url":"https:\/\/pitaya.no\/en\/product\/maska-do-wlosow-srednioporowatych-400-ml-onlybio-2\/","og_site_name":"Pitaya.no","article_publisher":"https:\/\/www.facebook.com\/Pitaya.no","article_modified_time":"2026-02-13T09:53:29+00:00","og_image":[{"width":898,"height":898,"url":"https:\/\/pitaya.no\/wp-content\/uploads\/2026\/02\/srednioporowate.png","type":"image\/png"}],"twitter_card":"summary_large_image","twitter_misc":{"Estimated reading time":"2 minutes"},"schema":{"@context":"https:\/\/schema.org","@graph":[{"@type":"WebPage","@id":"https:\/\/pitaya.no\/produkt\/maska-do-wlosow-srednioporowatych-400-ml-onlybio-2\/","url":"https:\/\/pitaya.no\/produkt\/maska-do-wlosow-srednioporowatych-400-ml-onlybio-2\/","name":"Mask for medium porosity hair, 400 ml - ONLYBIO","isPartOf":{"@id":"https:\/\/pitaya.no\/#website"},"datePublished":"2026-02-09T00:49:46+00:00","dateModified":"2026-02-13T09:53:29+00:00","description":"Naturalna, wega\u0144ska maska do w\u0142os\u00f3w \u015brednioporowatych z olejem s\u0142onecznikowym, rycynowym i awokado. Wyg\u0142adza, domyka \u0142usk\u0119 w\u0142osa i nadaje blask.","breadcrumb":{"@id":"https:\/\/pitaya.no\/produkt\/maska-do-wlosow-srednioporowatych-400-ml-onlybio-2\/#breadcrumb"},"inLanguage":"en-GB","potentialAction":[{"@type":"ReadAction","target":["https:\/\/pitaya.no\/produkt\/maska-do-wlosow-srednioporowatych-400-ml-onlybio-2\/"]}]},{"@type":"BreadcrumbList","@id":"https:\/\/pitaya.no\/produkt\/maska-do-wlosow-srednioporowatych-400-ml-onlybio-2\/#breadcrumb","itemListElement":[{"@type":"ListItem","position":1,"name":"Strona g\u0142\u00f3wna","item":"https:\/\/pitaya.no\/"},{"@type":"ListItem","position":2,"name":"Sklep","item":"https:\/\/pitaya.no\/sklep\/"},{"@type":"ListItem","position":3,"name":"Maska do w\u0142os\u00f3w \u015brednioporowatych, 400 ml &#8211; ONLYBIO"}]},{"@type":"WebSite","@id":"https:\/\/pitaya.no\/#website","url":"https:\/\/pitaya.no\/","name":"Pitaya.no","description":"Polish organic drugstore in Norway","potentialAction":[{"@type":"SearchAction","target":{"@type":"EntryPoint","urlTemplate":"https:\/\/pitaya.no\/?s={search_term_string}"},"query-input":"required name=search_term_string"}],"inLanguage":"en-GB"}]}},"_links":{"self":[{"href":"https:\/\/pitaya.no\/en\/wp-json\/wp\/v2\/product\/6979"}],"collection":[{"href":"https:\/\/pitaya.no\/en\/wp-json\/wp\/v2\/product"}],"about":[{"href":"https:\/\/pitaya.no\/en\/wp-json\/wp\/v2\/types\/product"}],"wp:featuredmedia":[{"embeddable":true,"href":"https:\/\/pitaya.no\/en\/wp-json\/wp\/v2\/media\/6981"}],"wp:attachment":[{"href":"https:\/\/pitaya.no\/en\/wp-json\/wp\/v2\/media?parent=6979"}],"wp:term":[{"taxonomy":"product_cat","embeddable":true,"href":"https:\/\/pitaya.no\/en\/wp-json\/wp\/v2\/product_cat?post=6979"},{"taxonomy":"product_tag","embeddable":true,"href":"https:\/\/pitaya.no\/en\/wp-json\/wp\/v2\/product_tag?post=6979"},{"taxonomy":"berocket_brand","embeddable":true,"href":"https:\/\/pitaya.no\/en\/wp-json\/wp\/v2\/berocket_brand?post=6979"}],"curies":[{"name":"wp","href":"https:\/\/api.w.org\/{rel}","templated":true}]}}