{"id":6965,"date":"2026-02-08T19:28:07","date_gmt":"2026-02-08T19:28:07","guid":{"rendered":"https:\/\/pitaya.no\/?post_type=product&#038;p=6965"},"modified":"2026-02-13T10:00:09","modified_gmt":"2026-02-13T10:00:09","slug":"wcierka-pobudzajaca-100-ml-onlybio","status":"publish","type":"product","link":"https:\/\/pitaya.no\/en\/product\/wcierka-pobudzajaca-100-ml-onlybio\/","title":{"rendered":"Stimulating lotion, 100 ml \u2013 ONLYBIO"},"content":{"rendered":"<h1>Stimulating lotion, 100 ml \u2013 ONLYBIO<\/h1>\n<p data-start=\"193\" data-end=\"357\">Does your hair need a boost to grow? This conditioner was created to <strong data-start=\"270\" data-end=\"356\">stimulate hair follicles, strengthen hair at the roots and support their healthy, natural growth<\/strong>.<\/p>\n<h3 data-start=\"359\" data-end=\"386\">Why will you love her?<\/h3>\n<ul data-start=\"387\" data-end=\"595\">\n<li data-start=\"387\" data-end=\"440\">\n<p data-start=\"389\" data-end=\"440\"><strong data-start=\"389\" data-end=\"414\">Stimulates hair growth<\/strong> and improves their condition<\/p>\n<\/li>\n<li data-start=\"441\" data-end=\"489\">\n<p data-start=\"443\" data-end=\"489\"><strong data-start=\"443\" data-end=\"463\">Strengthens hair bulbs<\/strong>, limiting hair loss<\/p>\n<\/li>\n<li data-start=\"490\" data-end=\"542\">\n<p data-start=\"492\" data-end=\"542\">It works at the source of the problem \u2013 without weighing down the hair.<\/p>\n<\/li>\n<li data-start=\"543\" data-end=\"595\">\n<p data-start=\"545\" data-end=\"595\">It envelops you in a sensual scent that improves your mood<\/p>\n<\/li>\n<\/ul>\n<h3 data-start=\"597\" data-end=\"617\">When to use?<\/h3>\n<p data-start=\"618\" data-end=\"653\">The lotion is perfect when:<\/p>\n<ul data-start=\"654\" data-end=\"768\">\n<li data-start=\"654\" data-end=\"683\">\n<p data-start=\"656\" data-end=\"683\">hair is <strong data-start=\"665\" data-end=\"681\">thinned out<\/strong><\/p>\n<\/li>\n<li data-start=\"684\" data-end=\"719\">\n<p data-start=\"686\" data-end=\"719\">you notice <strong data-start=\"696\" data-end=\"717\">slower growth<\/strong><\/p>\n<\/li>\n<li data-start=\"720\" data-end=\"768\">\n<p data-start=\"722\" data-end=\"768\">you want to strengthen your hair and take care of your scalp<\/p>\n<\/li>\n<\/ul>\n<h3 data-start=\"770\" data-end=\"797\">What makes it work?<\/h3>\n<ul data-start=\"798\" data-end=\"1050\">\n<li data-start=\"798\" data-end=\"912\">\n<p data-start=\"800\" data-end=\"912\"><strong data-start=\"800\" data-end=\"833\">Capsaicin from chili peppers<\/strong> \u2013 stimulates microcirculation of the scalp, mobilizing hair follicles for healthy growth<\/p>\n<\/li>\n<li data-start=\"913\" data-end=\"976\">\n<p data-start=\"915\" data-end=\"976\"><strong data-start=\"915\" data-end=\"946\">Horsetail extract<\/strong> \u2013 strengthens the hair structure<\/p>\n<\/li>\n<li data-start=\"977\" data-end=\"1050\">\n<p data-start=\"979\" data-end=\"1050\"><strong data-start=\"979\" data-end=\"1004\">Fenugreek extract<\/strong> \u2013 supports hair bulbs and prevents hair loss<\/p>\n<\/li>\n<\/ul>\n<h3 data-start=\"1052\" data-end=\"1069\">What does it smell like?<\/h3>\n<p data-start=\"1070\" data-end=\"1201\">A captivating combination <strong data-start=\"1094\" data-end=\"1133\">juicy raspberry and pink pepper<\/strong> makes every application a little ritual of pleasure \u2728<\/p>\n<h3 data-start=\"1203\" data-end=\"1237\">Tailor-made care<\/h3>\n<p data-start=\"1238\" data-end=\"1414\">Each hair is different and unique.<br data-start=\"1270\" data-end=\"1273\" \/>That&#039;s why this lotion supports <strong data-start=\"1300\" data-end=\"1334\">natural needs of the scalp<\/strong>, helping your hair grow stronger, healthier and more beautiful every day.<\/p>\n<div id=\"product_accordion_panel_\" class=\"ob-accordion__panel\" role=\"region\" aria-labelledby=\"product_accordion_title_\">\n<div class=\"ob-accordion__content\">\n<h3>How to use<\/h3>\n<p>Apply directly to the scalp and rub in using circular motions.<\/p>\n<\/div>\n<h3><em>Ingredients<\/em><\/h3>\n<p><em>Aqua, Capsicum Annuum Fruit Extract, Equisetum Arvense Extract, Propanediol, Trigonella Foenum-Graecum Seed Extract, Citrus Aurantium Dulcis Fruit Water, Calendula Officinalis Flower Extract, Glycerin, Punica Granatum Fruit Extract, Arnica Montana Flower Extract, Citric Acid, Tocopherol, Polyglyceryl-4 Laurate\/Sebacate, Polyglyceryl-6 Caprylate\/Caprate, Sorbic Acid, Potassium Sorbate, Sodium Benzoate, Benzyl Alcohol, Dehydroacetic Acid, Benzoic Acid, Parfum, Citronellol, Geraniol.<\/em><\/p>\n<\/div>\n<p>&nbsp;<\/p>","protected":false},"excerpt":{"rendered":"<p data-start=\"74\" data-end=\"348\"><strong data-start=\"74\" data-end=\"111\">Hair growth stimulating lotion<\/strong> Supports healthy hair growth and strengthens hair follicles. Capsaicin from chili stimulates the scalp, while horsetail and fenugreek extracts prevent hair loss. The sensual scent of raspberry and pink pepper transforms hair care into a pleasant ritual.<\/p>\n<p data-start=\"74\" data-end=\"348\"><strong>Capacity 100 ml\u00a0<\/strong><\/p>","protected":false},"featured_media":6972,"template":"","meta":{"_themeisle_gutenberg_block_has_review":false},"product_cat":[324,326],"product_tag":[351,349,347],"berocket_brand":[301],"yoast_head":"<!-- This site is optimized with the Yoast SEO Premium plugin v21.2 (Yoast SEO v21.5) - https:\/\/yoast.com\/wordpress\/plugins\/seo\/ -->\n<title>Wcierka pobudzaj\u0105ca, 100 ml - ONLYBIO - Pitaya.no<\/title>\n<meta name=\"description\" content=\"Wcierka pobudzaj\u0105ca wzrost w\u0142os\u00f3w z chilli, skrzypem i kozieradk\u0105. Wzmacnia cebulki, ogranicza wypadanie i poprawia kondycj\u0119 sk\u00f3ry g\u0142owy.\" \/>\n<meta name=\"robots\" content=\"index, follow, max-snippet:-1, max-image-preview:large, max-video-preview:-1\" \/>\n<link rel=\"canonical\" href=\"https:\/\/pitaya.no\/en\/product\/wcierka-pobudzajaca-100-ml-onlybio\/\" \/>\n<meta property=\"og:locale\" content=\"en_GB\" \/>\n<meta property=\"og:type\" content=\"article\" \/>\n<meta property=\"og:title\" content=\"Wcierka pobudzaj\u0105ca, 100 ml - ONLYBIO\" \/>\n<meta property=\"og:description\" content=\"Wcierka pobudzaj\u0105ca wzrost w\u0142os\u00f3w z chilli, skrzypem i kozieradk\u0105. Wzmacnia cebulki, ogranicza wypadanie i poprawia kondycj\u0119 sk\u00f3ry g\u0142owy.\" \/>\n<meta property=\"og:url\" content=\"https:\/\/pitaya.no\/en\/product\/wcierka-pobudzajaca-100-ml-onlybio\/\" \/>\n<meta property=\"og:site_name\" content=\"Pitaya.no\" \/>\n<meta property=\"article:publisher\" content=\"https:\/\/www.facebook.com\/Pitaya.no\" \/>\n<meta property=\"article:modified_time\" content=\"2026-02-13T10:00:09+00:00\" \/>\n<meta property=\"og:image\" content=\"https:\/\/pitaya.no\/wp-content\/uploads\/2026\/02\/wcierkaonlybio-1.png\" \/>\n\t<meta property=\"og:image:width\" content=\"1058\" \/>\n\t<meta property=\"og:image:height\" content=\"1058\" \/>\n\t<meta property=\"og:image:type\" content=\"image\/png\" \/>\n<meta name=\"twitter:card\" content=\"summary_large_image\" \/>\n<meta name=\"twitter:label1\" content=\"Estimated reading time\" \/>\n\t<meta name=\"twitter:data1\" content=\"2 minutes\" \/>\n<script type=\"application\/ld+json\" class=\"yoast-schema-graph\">{\"@context\":\"https:\/\/schema.org\",\"@graph\":[{\"@type\":\"WebPage\",\"@id\":\"https:\/\/pitaya.no\/produkt\/wcierka-pobudzajaca-100-ml-onlybio\/\",\"url\":\"https:\/\/pitaya.no\/produkt\/wcierka-pobudzajaca-100-ml-onlybio\/\",\"name\":\"Wcierka pobudzaj\u0105ca, 100 ml - ONLYBIO - Pitaya.no\",\"isPartOf\":{\"@id\":\"https:\/\/pitaya.no\/#website\"},\"datePublished\":\"2026-02-08T19:28:07+00:00\",\"dateModified\":\"2026-02-13T10:00:09+00:00\",\"description\":\"Wcierka pobudzaj\u0105ca wzrost w\u0142os\u00f3w z chilli, skrzypem i kozieradk\u0105. Wzmacnia cebulki, ogranicza wypadanie i poprawia kondycj\u0119 sk\u00f3ry g\u0142owy.\",\"breadcrumb\":{\"@id\":\"https:\/\/pitaya.no\/produkt\/wcierka-pobudzajaca-100-ml-onlybio\/#breadcrumb\"},\"inLanguage\":\"en-GB\",\"potentialAction\":[{\"@type\":\"ReadAction\",\"target\":[\"https:\/\/pitaya.no\/produkt\/wcierka-pobudzajaca-100-ml-onlybio\/\"]}]},{\"@type\":\"BreadcrumbList\",\"@id\":\"https:\/\/pitaya.no\/produkt\/wcierka-pobudzajaca-100-ml-onlybio\/#breadcrumb\",\"itemListElement\":[{\"@type\":\"ListItem\",\"position\":1,\"name\":\"Strona g\u0142\u00f3wna\",\"item\":\"https:\/\/pitaya.no\/\"},{\"@type\":\"ListItem\",\"position\":2,\"name\":\"Sklep\",\"item\":\"https:\/\/pitaya.no\/sklep\/\"},{\"@type\":\"ListItem\",\"position\":3,\"name\":\"Wcierka pobudzaj\u0105ca, 100 ml &#8211; ONLYBIO\"}]},{\"@type\":\"WebSite\",\"@id\":\"https:\/\/pitaya.no\/#website\",\"url\":\"https:\/\/pitaya.no\/\",\"name\":\"Pitaya.no\",\"description\":\"Polska drogeria ekologiczna w Norwegii\",\"potentialAction\":[{\"@type\":\"SearchAction\",\"target\":{\"@type\":\"EntryPoint\",\"urlTemplate\":\"https:\/\/pitaya.no\/?s={search_term_string}\"},\"query-input\":\"required name=search_term_string\"}],\"inLanguage\":\"en-GB\"}]}<\/script>\n<!-- \/ Yoast SEO Premium plugin. -->","yoast_head_json":{"title":"Wcierka pobudzaj\u0105ca, 100 ml - ONLYBIO - Pitaya.no","description":"Wcierka pobudzaj\u0105ca wzrost w\u0142os\u00f3w z chilli, skrzypem i kozieradk\u0105. Wzmacnia cebulki, ogranicza wypadanie i poprawia kondycj\u0119 sk\u00f3ry g\u0142owy.","robots":{"index":"index","follow":"follow","max-snippet":"max-snippet:-1","max-image-preview":"max-image-preview:large","max-video-preview":"max-video-preview:-1"},"canonical":"https:\/\/pitaya.no\/en\/product\/wcierka-pobudzajaca-100-ml-onlybio\/","og_locale":"en_GB","og_type":"article","og_title":"Wcierka pobudzaj\u0105ca, 100 ml - ONLYBIO","og_description":"Wcierka pobudzaj\u0105ca wzrost w\u0142os\u00f3w z chilli, skrzypem i kozieradk\u0105. Wzmacnia cebulki, ogranicza wypadanie i poprawia kondycj\u0119 sk\u00f3ry g\u0142owy.","og_url":"https:\/\/pitaya.no\/en\/product\/wcierka-pobudzajaca-100-ml-onlybio\/","og_site_name":"Pitaya.no","article_publisher":"https:\/\/www.facebook.com\/Pitaya.no","article_modified_time":"2026-02-13T10:00:09+00:00","og_image":[{"width":1058,"height":1058,"url":"https:\/\/pitaya.no\/wp-content\/uploads\/2026\/02\/wcierkaonlybio-1.png","type":"image\/png"}],"twitter_card":"summary_large_image","twitter_misc":{"Estimated reading time":"2 minutes"},"schema":{"@context":"https:\/\/schema.org","@graph":[{"@type":"WebPage","@id":"https:\/\/pitaya.no\/produkt\/wcierka-pobudzajaca-100-ml-onlybio\/","url":"https:\/\/pitaya.no\/produkt\/wcierka-pobudzajaca-100-ml-onlybio\/","name":"Wcierka pobudzaj\u0105ca, 100 ml - ONLYBIO - Pitaya.no","isPartOf":{"@id":"https:\/\/pitaya.no\/#website"},"datePublished":"2026-02-08T19:28:07+00:00","dateModified":"2026-02-13T10:00:09+00:00","description":"Wcierka pobudzaj\u0105ca wzrost w\u0142os\u00f3w z chilli, skrzypem i kozieradk\u0105. Wzmacnia cebulki, ogranicza wypadanie i poprawia kondycj\u0119 sk\u00f3ry g\u0142owy.","breadcrumb":{"@id":"https:\/\/pitaya.no\/produkt\/wcierka-pobudzajaca-100-ml-onlybio\/#breadcrumb"},"inLanguage":"en-GB","potentialAction":[{"@type":"ReadAction","target":["https:\/\/pitaya.no\/produkt\/wcierka-pobudzajaca-100-ml-onlybio\/"]}]},{"@type":"BreadcrumbList","@id":"https:\/\/pitaya.no\/produkt\/wcierka-pobudzajaca-100-ml-onlybio\/#breadcrumb","itemListElement":[{"@type":"ListItem","position":1,"name":"Strona g\u0142\u00f3wna","item":"https:\/\/pitaya.no\/"},{"@type":"ListItem","position":2,"name":"Sklep","item":"https:\/\/pitaya.no\/sklep\/"},{"@type":"ListItem","position":3,"name":"Wcierka pobudzaj\u0105ca, 100 ml &#8211; ONLYBIO"}]},{"@type":"WebSite","@id":"https:\/\/pitaya.no\/#website","url":"https:\/\/pitaya.no\/","name":"Pitaya.no","description":"Polish organic drugstore in Norway","potentialAction":[{"@type":"SearchAction","target":{"@type":"EntryPoint","urlTemplate":"https:\/\/pitaya.no\/?s={search_term_string}"},"query-input":"required name=search_term_string"}],"inLanguage":"en-GB"}]}},"_links":{"self":[{"href":"https:\/\/pitaya.no\/en\/wp-json\/wp\/v2\/product\/6965"}],"collection":[{"href":"https:\/\/pitaya.no\/en\/wp-json\/wp\/v2\/product"}],"about":[{"href":"https:\/\/pitaya.no\/en\/wp-json\/wp\/v2\/types\/product"}],"wp:featuredmedia":[{"embeddable":true,"href":"https:\/\/pitaya.no\/en\/wp-json\/wp\/v2\/media\/6972"}],"wp:attachment":[{"href":"https:\/\/pitaya.no\/en\/wp-json\/wp\/v2\/media?parent=6965"}],"wp:term":[{"taxonomy":"product_cat","embeddable":true,"href":"https:\/\/pitaya.no\/en\/wp-json\/wp\/v2\/product_cat?post=6965"},{"taxonomy":"product_tag","embeddable":true,"href":"https:\/\/pitaya.no\/en\/wp-json\/wp\/v2\/product_tag?post=6965"},{"taxonomy":"berocket_brand","embeddable":true,"href":"https:\/\/pitaya.no\/en\/wp-json\/wp\/v2\/berocket_brand?post=6965"}],"curies":[{"name":"wp","href":"https:\/\/api.w.org\/{rel}","templated":true}]}}