{"id":6945,"date":"2026-02-08T18:10:57","date_gmt":"2026-02-08T18:10:57","guid":{"rendered":"https:\/\/pitaya.no\/?post_type=product&#038;p=6945"},"modified":"2026-02-16T10:31:13","modified_gmt":"2026-02-16T10:31:13","slug":"odzywka-emolientowa-200-ml-onlybio-2","status":"publish","type":"product","link":"https:\/\/pitaya.no\/en\/product\/odzywka-emolientowa-200-ml-onlybio-2\/","title":{"rendered":"Emollient Conditioner, 200 ml \u2013 ONLYBIO"},"content":{"rendered":"<h1 data-start=\"262\" data-end=\"436\">Emollient Conditioner, 200 ml \u2013 ONLYBIO<\/h1>\n<p data-start=\"262\" data-end=\"436\">Is your hair rough, dull, and difficult to detangle? This conditioner was created for hair that needs smoothing, nourishment, and protection\u2014without weighing it down.<\/p>\n<p data-start=\"438\" data-end=\"598\">The natural balance of PEH is the key to beautiful, healthy hair. The emollient formula seals the hair cuticle, prevents moisture loss, and protects strands from frizz.<\/p>\n<h3 data-start=\"600\" data-end=\"631\">Natural, vegan formula<\/h3>\n<p data-start=\"632\" data-end=\"706\">The conditioner is based on carefully selected ingredients of natural origin:<\/p>\n<ul data-start=\"707\" data-end=\"918\">\n<li data-start=\"707\" data-end=\"772\">\n<p data-start=\"709\" data-end=\"772\"><strong data-start=\"709\" data-end=\"723\">Shea butter<\/strong> \u2013 intensively nourishes, smoothes and protects hair<\/p>\n<\/li>\n<li data-start=\"773\" data-end=\"844\">\n<p data-start=\"775\" data-end=\"844\"><strong data-start=\"775\" data-end=\"790\">Linseed oil<\/strong> \u2013 strengthens the hair structure and restores elasticity<\/p>\n<\/li>\n<li data-start=\"845\" data-end=\"918\">\n<p data-start=\"847\" data-end=\"918\"><strong data-start=\"847\" data-end=\"867\">Avocado oil<\/strong> \u2013 moisturizes, adds softness and natural shine<\/p>\n<\/li>\n<\/ul>\n<p data-start=\"920\" data-end=\"997\">The formula is <strong data-start=\"933\" data-end=\"945\">vegan<\/strong>, delicate and suitable for everyday care.<\/p>\n<h3 data-start=\"999\" data-end=\"1026\">When to use conditioner?<\/h3>\n<p data-start=\"1027\" data-end=\"1047\">Reach for it when:<\/p>\n<ul data-start=\"1048\" data-end=\"1219\">\n<li data-start=\"1048\" data-end=\"1094\">\n<p data-start=\"1050\" data-end=\"1094\">the hair is rough and unpleasant to the touch<\/p>\n<\/li>\n<li data-start=\"1095\" data-end=\"1142\">\n<p data-start=\"1097\" data-end=\"1142\">they tend to frizz and become electrified<\/p>\n<\/li>\n<li data-start=\"1143\" data-end=\"1179\">\n<p data-start=\"1145\" data-end=\"1179\">they get tangled and are difficult to comb<\/p>\n<\/li>\n<li data-start=\"1180\" data-end=\"1219\">\n<p data-start=\"1182\" data-end=\"1219\">need smoothing and moisturizing<\/p>\n<\/li>\n<\/ul>\n<h3 data-start=\"1221\" data-end=\"1236\">What effect?<\/h3>\n<ul data-start=\"1237\" data-end=\"1378\">\n<li data-start=\"1237\" data-end=\"1263\">\n<p data-start=\"1239\" data-end=\"1263\">smoothed hair cuticle<\/p>\n<\/li>\n<li data-start=\"1264\" data-end=\"1289\">\n<p data-start=\"1266\" data-end=\"1289\">intense hydration<\/p>\n<\/li>\n<li data-start=\"1290\" data-end=\"1316\">\n<p data-start=\"1292\" data-end=\"1316\">softness and elasticity<\/p>\n<\/li>\n<li data-start=\"1317\" data-end=\"1336\">\n<p data-start=\"1319\" data-end=\"1336\">natural glow<\/p>\n<\/li>\n<li data-start=\"1337\" data-end=\"1378\">\n<p data-start=\"1339\" data-end=\"1378\">easier combing and styling<\/p>\n<\/li>\n<\/ul>\n<h3 data-start=\"1380\" data-end=\"1396\">What does it smell like?<\/h3>\n<p data-start=\"1397\" data-end=\"1489\"><strong data-start=\"1397\" data-end=\"1432\">The tempting scent of juicy mango<\/strong> envelops the hair and improves the mood with each application.<\/p>\n<h3 data-start=\"1491\" data-end=\"1524\">Tailor-made care<\/h3>\n<p data-start=\"1525\" data-end=\"1702\">Every hair is different and unique. This conditioner supports your strands&#039; natural needs, helping them regain balance, health, and beauty every day.<\/p>\n<h3 data-start=\"1525\" data-end=\"1702\">How to use<\/h3>\n<div id=\"product_accordion_panel_\" class=\"ob-accordion__panel\" role=\"region\" aria-labelledby=\"product_accordion_title_\">\n<div class=\"ob-accordion__content\">\n<p>Apply a small amount of the product to damp, squeezed-out hair. Rinse after a few minutes.<\/p>\n<\/div>\n<\/div>\n<h3 data-start=\"1525\" data-end=\"1702\"><em>Composition<\/em><\/h3>\n<p data-start=\"1525\" data-end=\"1702\"><em>Aqua, Cetearyl Alcohol, Butyrospermum Parkii (Shea) Butter, Behentrimonium Chloride, Linum Usitatissimum (Linseed) Seed Oil, Persea Gratissima (Avocado) Oil, Rubus Chamaemorus Fruit Extract, Tocopherol, Helianthus Annuus (Sunflower) Seed Oil, Guar Hydroxypropyltrimonium Chloride, Citric Acid, Cetrimonium Chloride, Benzyl Alcohol, Benzoic Acid, Dehydroacetic Acid, Parfum, Citronellol, Terpineol, Geraniol.<\/em><\/p>\n<p data-start=\"1525\" data-end=\"1702\">","protected":false},"excerpt":{"rendered":"<p><strong data-start=\"93\" data-end=\"136\">Natural, vegan emollient conditioner<\/strong> For rough, frizzy, and tangled hair. Smooths the hair cuticle, intensely moisturizes, and adds shine. With shea butter, linseed oil, and avocado oil. Tempting scent of juicy mango.<\/p>\n<p><strong>Capacity 200 ml\u00a0<\/strong><\/p>","protected":false},"featured_media":6950,"template":"","meta":{"_themeisle_gutenberg_block_has_review":false},"product_cat":[315,318,321],"product_tag":[341,342,366,358,343,360,339],"berocket_brand":[301],"yoast_head":"<!-- This site is optimized with the Yoast SEO Premium plugin v21.2 (Yoast SEO v21.5) - https:\/\/yoast.com\/wordpress\/plugins\/seo\/ -->\n<title>Od\u017cywka emolientowa, 200 ml - ONLYBIO - Pitaya.no<\/title>\n<meta name=\"description\" content=\"Naturalna, wega\u0144ska od\u017cywka emolientowa do w\u0142os\u00f3w szorstkich i pusz\u0105cych si\u0119. Wyg\u0142adza, nawil\u017ca i u\u0142atwia rozczesywanie. Zapach mango.\" \/>\n<meta name=\"robots\" content=\"index, follow, max-snippet:-1, max-image-preview:large, max-video-preview:-1\" \/>\n<link rel=\"canonical\" href=\"https:\/\/pitaya.no\/en\/product\/odzywka-emolientowa-200-ml-onlybio-2\/\" \/>\n<meta property=\"og:locale\" content=\"en_GB\" \/>\n<meta property=\"og:type\" content=\"article\" \/>\n<meta property=\"og:title\" content=\"Od\u017cywka emolientowa, 200 ml - ONLYBIO\" \/>\n<meta property=\"og:description\" content=\"Naturalna, wega\u0144ska od\u017cywka emolientowa do w\u0142os\u00f3w szorstkich i pusz\u0105cych si\u0119. Wyg\u0142adza, nawil\u017ca i u\u0142atwia rozczesywanie. Zapach mango.\" \/>\n<meta property=\"og:url\" content=\"https:\/\/pitaya.no\/en\/product\/odzywka-emolientowa-200-ml-onlybio-2\/\" \/>\n<meta property=\"og:site_name\" content=\"Pitaya.no\" \/>\n<meta property=\"article:publisher\" content=\"https:\/\/www.facebook.com\/Pitaya.no\" \/>\n<meta property=\"article:modified_time\" content=\"2026-02-16T10:31:13+00:00\" \/>\n<meta property=\"og:image\" content=\"https:\/\/pitaya.no\/wp-content\/uploads\/2026\/02\/emolientowa200.png\" \/>\n\t<meta property=\"og:image:width\" content=\"1022\" \/>\n\t<meta property=\"og:image:height\" content=\"1022\" \/>\n\t<meta property=\"og:image:type\" content=\"image\/png\" \/>\n<meta name=\"twitter:card\" content=\"summary_large_image\" \/>\n<meta name=\"twitter:label1\" content=\"Estimated reading time\" \/>\n\t<meta name=\"twitter:data1\" content=\"2 minutes\" \/>\n<script type=\"application\/ld+json\" class=\"yoast-schema-graph\">{\"@context\":\"https:\/\/schema.org\",\"@graph\":[{\"@type\":\"WebPage\",\"@id\":\"https:\/\/pitaya.no\/produkt\/odzywka-emolientowa-200-ml-onlybio-2\/\",\"url\":\"https:\/\/pitaya.no\/produkt\/odzywka-emolientowa-200-ml-onlybio-2\/\",\"name\":\"Od\u017cywka emolientowa, 200 ml - ONLYBIO - Pitaya.no\",\"isPartOf\":{\"@id\":\"https:\/\/pitaya.no\/#website\"},\"datePublished\":\"2026-02-08T18:10:57+00:00\",\"dateModified\":\"2026-02-16T10:31:13+00:00\",\"description\":\"Naturalna, wega\u0144ska od\u017cywka emolientowa do w\u0142os\u00f3w szorstkich i pusz\u0105cych si\u0119. Wyg\u0142adza, nawil\u017ca i u\u0142atwia rozczesywanie. Zapach mango.\",\"breadcrumb\":{\"@id\":\"https:\/\/pitaya.no\/produkt\/odzywka-emolientowa-200-ml-onlybio-2\/#breadcrumb\"},\"inLanguage\":\"en-GB\",\"potentialAction\":[{\"@type\":\"ReadAction\",\"target\":[\"https:\/\/pitaya.no\/produkt\/odzywka-emolientowa-200-ml-onlybio-2\/\"]}]},{\"@type\":\"BreadcrumbList\",\"@id\":\"https:\/\/pitaya.no\/produkt\/odzywka-emolientowa-200-ml-onlybio-2\/#breadcrumb\",\"itemListElement\":[{\"@type\":\"ListItem\",\"position\":1,\"name\":\"Strona g\u0142\u00f3wna\",\"item\":\"https:\/\/pitaya.no\/\"},{\"@type\":\"ListItem\",\"position\":2,\"name\":\"Sklep\",\"item\":\"https:\/\/pitaya.no\/sklep\/\"},{\"@type\":\"ListItem\",\"position\":3,\"name\":\"Od\u017cywka emolientowa, 200 ml &#8211; ONLYBIO\"}]},{\"@type\":\"WebSite\",\"@id\":\"https:\/\/pitaya.no\/#website\",\"url\":\"https:\/\/pitaya.no\/\",\"name\":\"Pitaya.no\",\"description\":\"Polska drogeria ekologiczna w Norwegii\",\"potentialAction\":[{\"@type\":\"SearchAction\",\"target\":{\"@type\":\"EntryPoint\",\"urlTemplate\":\"https:\/\/pitaya.no\/?s={search_term_string}\"},\"query-input\":\"required name=search_term_string\"}],\"inLanguage\":\"en-GB\"}]}<\/script>\n<!-- \/ Yoast SEO Premium plugin. -->","yoast_head_json":{"title":"Od\u017cywka emolientowa, 200 ml - ONLYBIO - Pitaya.no","description":"Naturalna, wega\u0144ska od\u017cywka emolientowa do w\u0142os\u00f3w szorstkich i pusz\u0105cych si\u0119. Wyg\u0142adza, nawil\u017ca i u\u0142atwia rozczesywanie. Zapach mango.","robots":{"index":"index","follow":"follow","max-snippet":"max-snippet:-1","max-image-preview":"max-image-preview:large","max-video-preview":"max-video-preview:-1"},"canonical":"https:\/\/pitaya.no\/en\/product\/odzywka-emolientowa-200-ml-onlybio-2\/","og_locale":"en_GB","og_type":"article","og_title":"Od\u017cywka emolientowa, 200 ml - ONLYBIO","og_description":"Naturalna, wega\u0144ska od\u017cywka emolientowa do w\u0142os\u00f3w szorstkich i pusz\u0105cych si\u0119. Wyg\u0142adza, nawil\u017ca i u\u0142atwia rozczesywanie. Zapach mango.","og_url":"https:\/\/pitaya.no\/en\/product\/odzywka-emolientowa-200-ml-onlybio-2\/","og_site_name":"Pitaya.no","article_publisher":"https:\/\/www.facebook.com\/Pitaya.no","article_modified_time":"2026-02-16T10:31:13+00:00","og_image":[{"width":1022,"height":1022,"url":"https:\/\/pitaya.no\/wp-content\/uploads\/2026\/02\/emolientowa200.png","type":"image\/png"}],"twitter_card":"summary_large_image","twitter_misc":{"Estimated reading time":"2 minutes"},"schema":{"@context":"https:\/\/schema.org","@graph":[{"@type":"WebPage","@id":"https:\/\/pitaya.no\/produkt\/odzywka-emolientowa-200-ml-onlybio-2\/","url":"https:\/\/pitaya.no\/produkt\/odzywka-emolientowa-200-ml-onlybio-2\/","name":"Od\u017cywka emolientowa, 200 ml - ONLYBIO - Pitaya.no","isPartOf":{"@id":"https:\/\/pitaya.no\/#website"},"datePublished":"2026-02-08T18:10:57+00:00","dateModified":"2026-02-16T10:31:13+00:00","description":"Naturalna, wega\u0144ska od\u017cywka emolientowa do w\u0142os\u00f3w szorstkich i pusz\u0105cych si\u0119. Wyg\u0142adza, nawil\u017ca i u\u0142atwia rozczesywanie. Zapach mango.","breadcrumb":{"@id":"https:\/\/pitaya.no\/produkt\/odzywka-emolientowa-200-ml-onlybio-2\/#breadcrumb"},"inLanguage":"en-GB","potentialAction":[{"@type":"ReadAction","target":["https:\/\/pitaya.no\/produkt\/odzywka-emolientowa-200-ml-onlybio-2\/"]}]},{"@type":"BreadcrumbList","@id":"https:\/\/pitaya.no\/produkt\/odzywka-emolientowa-200-ml-onlybio-2\/#breadcrumb","itemListElement":[{"@type":"ListItem","position":1,"name":"Strona g\u0142\u00f3wna","item":"https:\/\/pitaya.no\/"},{"@type":"ListItem","position":2,"name":"Sklep","item":"https:\/\/pitaya.no\/sklep\/"},{"@type":"ListItem","position":3,"name":"Od\u017cywka emolientowa, 200 ml &#8211; ONLYBIO"}]},{"@type":"WebSite","@id":"https:\/\/pitaya.no\/#website","url":"https:\/\/pitaya.no\/","name":"Pitaya.no","description":"Polish organic drugstore in Norway","potentialAction":[{"@type":"SearchAction","target":{"@type":"EntryPoint","urlTemplate":"https:\/\/pitaya.no\/?s={search_term_string}"},"query-input":"required name=search_term_string"}],"inLanguage":"en-GB"}]}},"_links":{"self":[{"href":"https:\/\/pitaya.no\/en\/wp-json\/wp\/v2\/product\/6945"}],"collection":[{"href":"https:\/\/pitaya.no\/en\/wp-json\/wp\/v2\/product"}],"about":[{"href":"https:\/\/pitaya.no\/en\/wp-json\/wp\/v2\/types\/product"}],"wp:featuredmedia":[{"embeddable":true,"href":"https:\/\/pitaya.no\/en\/wp-json\/wp\/v2\/media\/6950"}],"wp:attachment":[{"href":"https:\/\/pitaya.no\/en\/wp-json\/wp\/v2\/media?parent=6945"}],"wp:term":[{"taxonomy":"product_cat","embeddable":true,"href":"https:\/\/pitaya.no\/en\/wp-json\/wp\/v2\/product_cat?post=6945"},{"taxonomy":"product_tag","embeddable":true,"href":"https:\/\/pitaya.no\/en\/wp-json\/wp\/v2\/product_tag?post=6945"},{"taxonomy":"berocket_brand","embeddable":true,"href":"https:\/\/pitaya.no\/en\/wp-json\/wp\/v2\/berocket_brand?post=6945"}],"curies":[{"name":"wp","href":"https:\/\/api.w.org\/{rel}","templated":true}]}}