{"id":6920,"date":"2026-02-08T17:38:41","date_gmt":"2026-02-08T17:38:41","guid":{"rendered":"https:\/\/pitaya.no\/?post_type=product&#038;p=6920"},"modified":"2026-02-13T13:28:48","modified_gmt":"2026-02-13T13:28:48","slug":"odzywka-humektantowa-200-ml-onlybio-2","status":"publish","type":"product","link":"https:\/\/pitaya.no\/en\/product\/odzywka-humektantowa-200-ml-onlybio-2\/","title":{"rendered":"Humectant Conditioner, 200 ml \u2013 ONLYBIO"},"content":{"rendered":"<h1>Humectant Conditioner, 200 ml \u2013 ONLYBIO<\/h1>\n<p data-start=\"199\" data-end=\"395\">Is your hair crying out for moisture? This humectant conditioner was created for very dry, dull, and rough hair that needs immediate relief and softness.<\/p>\n<p data-start=\"397\" data-end=\"754\">Natural, vegan formula based on <strong data-start=\"435\" data-end=\"477\">aloe, betaine and lactic acid<\/strong> It restores hair&#039;s natural PEH balance, intensely moisturizes it, and improves its elasticity. Thanks to carefully selected ingredients, this conditioner helps retain moisture within the hair, smoothing its structure and making it noticeably softer and more pleasant to the touch.<\/p>\n<h3 data-start=\"761\" data-end=\"787\">Why will you love her?<\/h3>\n<ul data-start=\"788\" data-end=\"989\">\n<li data-start=\"788\" data-end=\"836\">\n<p data-start=\"790\" data-end=\"836\">intensively moisturizes dry and dehydrated hair<\/p>\n<\/li>\n<li data-start=\"837\" data-end=\"872\">\n<p data-start=\"839\" data-end=\"872\">supports the natural balance of PEH<\/p>\n<\/li>\n<li data-start=\"873\" data-end=\"921\">\n<p data-start=\"875\" data-end=\"921\">smoothes and softens hair without weighing it down<\/p>\n<\/li>\n<li data-start=\"922\" data-end=\"953\">\n<p data-start=\"924\" data-end=\"953\">natural, vegan formula<\/p>\n<\/li>\n<li data-start=\"954\" data-end=\"989\">\n<p data-start=\"956\" data-end=\"989\">perfect for regular care<\/p>\n<\/li>\n<\/ul>\n<h3 data-start=\"996\" data-end=\"1015\">When to use?<\/h3>\n<p data-start=\"1016\" data-end=\"1029\">When the hair is:<\/p>\n<ul data-start=\"1030\" data-end=\"1109\">\n<li data-start=\"1030\" data-end=\"1039\">\n<p data-start=\"1032\" data-end=\"1039\">dry<\/p>\n<\/li>\n<li data-start=\"1040\" data-end=\"1048\">\n<p data-start=\"1042\" data-end=\"1048\">blunt<\/p>\n<\/li>\n<li data-start=\"1049\" data-end=\"1071\">\n<p data-start=\"1051\" data-end=\"1071\">rough to the touch<\/p>\n<\/li>\n<li data-start=\"1072\" data-end=\"1109\">\n<p data-start=\"1074\" data-end=\"1109\">lacking shine and elasticity<\/p>\n<\/li>\n<\/ul>\n<h3 data-start=\"1116\" data-end=\"1125\">Effect<\/h3>\n<p data-start=\"1126\" data-end=\"1267\">The hair becomes <strong data-start=\"1142\" data-end=\"1206\">moisturized, soft, smooth and more susceptible to styling<\/strong>, and their appearance improves visibly after the first use.<\/p>\n<h3 data-start=\"1274\" data-end=\"1284\">Smell<\/h3>\n<p data-start=\"1285\" data-end=\"1447\">A captivating combination <strong data-start=\"1309\" data-end=\"1348\">juicy raspberry and pink pepper<\/strong> envelops the hair and improves the mood, turning daily care into a real ritual of pleasure.<\/p>\n<h3 data-start=\"1454\" data-end=\"1487\">Tailor-made care<\/h3>\n<p data-start=\"1488\" data-end=\"1647\">Every hair is different and unique. This conditioner is perfect as part of a conscious hair care routine tailored to your hair&#039;s current needs.<\/p>\n<h3 class=\"ob-accordion__heading\"><span class=\"ob-accordion__trigger__text\">How to use<\/span><\/h3>\n<div id=\"product_accordion_panel_\" class=\"ob-accordion__panel\" role=\"region\" aria-labelledby=\"product_accordion_title_\">\n<div class=\"ob-accordion__content\">\n<p>Apply a small amount of the product to damp, squeezed hair. Rinse after a few minutes.<\/p>\n<h3><em><strong>Composition<\/strong><\/em><\/h3>\n<p><em>Aqua, Cetearyl Alcohol, Caprylic\/Capric Triglyceride, Behentrimonium Chloride, Betaine, Sodium PCA, Aloe Barbadensis Leaf Juice, Lactic Acid, Citrus Aurantium <strong>Dulcis<\/strong> Fruit Water, Tocopherol, Guar Hydroxypropyltrimonium Chloride, Citric Acid, Propanediol, Cetrimonium Chloride, Benzyl Alcohol, Benzoic Acid, Dehydroacetic Acid, Potassium Sorbate, Sodium Benzoate, Parfum.<\/em><\/p>\n<\/div>\n<\/div>\n<p>&nbsp;<\/p>","protected":false},"excerpt":{"rendered":"<p data-start=\"666\" data-end=\"976\">This humectant conditioner for dry and rough hair is the perfect choice for those whose hair needs intense hydration and smoothing. Its natural, vegan formula, based on aloe vera, betaine, and lactic acid, supports the hair&#039;s PEH balance, improving its elasticity and softness.<\/p>\n<p data-start=\"978\" data-end=\"1262\">Regular use of this conditioner helps retain moisture, reduces roughness, and makes hair smoother, shinier, and more pleasant to the touch. This product is perfect for treating dry, dull, and lifeless hair without weighing it down.<\/p>\n<p data-start=\"1264\" data-end=\"1445\"><strong>Capacity 200 ml\u00a0<\/strong><\/p>","protected":false},"featured_media":6941,"template":"","meta":{"_themeisle_gutenberg_block_has_review":false},"product_cat":[315,318,320],"product_tag":[366,345,346,363,343,360,339],"berocket_brand":[301],"yoast_head":"<!-- This site is optimized with the Yoast SEO Premium plugin v21.2 (Yoast SEO v21.5) - https:\/\/yoast.com\/wordpress\/plugins\/seo\/ -->\n<title>Od\u017cywka humektantowa, 200 ml - ONLYBIO - Pitaya.no<\/title>\n<meta name=\"description\" content=\"Naturalna, wega\u0144ska od\u017cywka humektantowa do w\u0142os\u00f3w suchych i szorstkich. Intensywnie nawil\u017ca, zmi\u0119kcza i przywraca r\u00f3wnowag\u0119 PEH.\" \/>\n<meta name=\"robots\" content=\"index, follow, max-snippet:-1, max-image-preview:large, max-video-preview:-1\" \/>\n<link rel=\"canonical\" href=\"https:\/\/pitaya.no\/en\/product\/odzywka-humektantowa-200-ml-onlybio-2\/\" \/>\n<meta property=\"og:locale\" content=\"en_GB\" \/>\n<meta property=\"og:type\" content=\"article\" \/>\n<meta property=\"og:title\" content=\"Od\u017cywka humektantowa, 200 ml - ONLYBIO\" \/>\n<meta property=\"og:description\" content=\"Naturalna, wega\u0144ska od\u017cywka humektantowa do w\u0142os\u00f3w suchych i szorstkich. Intensywnie nawil\u017ca, zmi\u0119kcza i przywraca r\u00f3wnowag\u0119 PEH.\" \/>\n<meta property=\"og:url\" content=\"https:\/\/pitaya.no\/en\/product\/odzywka-humektantowa-200-ml-onlybio-2\/\" \/>\n<meta property=\"og:site_name\" content=\"Pitaya.no\" \/>\n<meta property=\"article:publisher\" content=\"https:\/\/www.facebook.com\/Pitaya.no\" \/>\n<meta property=\"article:modified_time\" content=\"2026-02-13T13:28:48+00:00\" \/>\n<meta property=\"og:image\" content=\"https:\/\/pitaya.no\/wp-content\/uploads\/2026\/02\/humektantowa200aaa.png\" \/>\n\t<meta property=\"og:image:width\" content=\"1047\" \/>\n\t<meta property=\"og:image:height\" content=\"1047\" \/>\n\t<meta property=\"og:image:type\" content=\"image\/png\" \/>\n<meta name=\"twitter:card\" content=\"summary_large_image\" \/>\n<meta name=\"twitter:label1\" content=\"Estimated reading time\" \/>\n\t<meta name=\"twitter:data1\" content=\"2 minutes\" \/>\n<script type=\"application\/ld+json\" class=\"yoast-schema-graph\">{\"@context\":\"https:\/\/schema.org\",\"@graph\":[{\"@type\":\"WebPage\",\"@id\":\"https:\/\/pitaya.no\/produkt\/odzywka-humektantowa-200-ml-onlybio-2\/\",\"url\":\"https:\/\/pitaya.no\/produkt\/odzywka-humektantowa-200-ml-onlybio-2\/\",\"name\":\"Od\u017cywka humektantowa, 200 ml - ONLYBIO - Pitaya.no\",\"isPartOf\":{\"@id\":\"https:\/\/pitaya.no\/#website\"},\"datePublished\":\"2026-02-08T17:38:41+00:00\",\"dateModified\":\"2026-02-13T13:28:48+00:00\",\"description\":\"Naturalna, wega\u0144ska od\u017cywka humektantowa do w\u0142os\u00f3w suchych i szorstkich. Intensywnie nawil\u017ca, zmi\u0119kcza i przywraca r\u00f3wnowag\u0119 PEH.\",\"breadcrumb\":{\"@id\":\"https:\/\/pitaya.no\/produkt\/odzywka-humektantowa-200-ml-onlybio-2\/#breadcrumb\"},\"inLanguage\":\"en-GB\",\"potentialAction\":[{\"@type\":\"ReadAction\",\"target\":[\"https:\/\/pitaya.no\/produkt\/odzywka-humektantowa-200-ml-onlybio-2\/\"]}]},{\"@type\":\"BreadcrumbList\",\"@id\":\"https:\/\/pitaya.no\/produkt\/odzywka-humektantowa-200-ml-onlybio-2\/#breadcrumb\",\"itemListElement\":[{\"@type\":\"ListItem\",\"position\":1,\"name\":\"Strona g\u0142\u00f3wna\",\"item\":\"https:\/\/pitaya.no\/\"},{\"@type\":\"ListItem\",\"position\":2,\"name\":\"Sklep\",\"item\":\"https:\/\/pitaya.no\/sklep\/\"},{\"@type\":\"ListItem\",\"position\":3,\"name\":\"Od\u017cywka humektantowa, 200 ml &#8211; ONLYBIO\"}]},{\"@type\":\"WebSite\",\"@id\":\"https:\/\/pitaya.no\/#website\",\"url\":\"https:\/\/pitaya.no\/\",\"name\":\"Pitaya.no\",\"description\":\"Polska drogeria ekologiczna w Norwegii\",\"potentialAction\":[{\"@type\":\"SearchAction\",\"target\":{\"@type\":\"EntryPoint\",\"urlTemplate\":\"https:\/\/pitaya.no\/?s={search_term_string}\"},\"query-input\":\"required name=search_term_string\"}],\"inLanguage\":\"en-GB\"}]}<\/script>\n<!-- \/ Yoast SEO Premium plugin. -->","yoast_head_json":{"title":"Od\u017cywka humektantowa, 200 ml - ONLYBIO - Pitaya.no","description":"Naturalna, wega\u0144ska od\u017cywka humektantowa do w\u0142os\u00f3w suchych i szorstkich. Intensywnie nawil\u017ca, zmi\u0119kcza i przywraca r\u00f3wnowag\u0119 PEH.","robots":{"index":"index","follow":"follow","max-snippet":"max-snippet:-1","max-image-preview":"max-image-preview:large","max-video-preview":"max-video-preview:-1"},"canonical":"https:\/\/pitaya.no\/en\/product\/odzywka-humektantowa-200-ml-onlybio-2\/","og_locale":"en_GB","og_type":"article","og_title":"Od\u017cywka humektantowa, 200 ml - ONLYBIO","og_description":"Naturalna, wega\u0144ska od\u017cywka humektantowa do w\u0142os\u00f3w suchych i szorstkich. Intensywnie nawil\u017ca, zmi\u0119kcza i przywraca r\u00f3wnowag\u0119 PEH.","og_url":"https:\/\/pitaya.no\/en\/product\/odzywka-humektantowa-200-ml-onlybio-2\/","og_site_name":"Pitaya.no","article_publisher":"https:\/\/www.facebook.com\/Pitaya.no","article_modified_time":"2026-02-13T13:28:48+00:00","og_image":[{"width":1047,"height":1047,"url":"https:\/\/pitaya.no\/wp-content\/uploads\/2026\/02\/humektantowa200aaa.png","type":"image\/png"}],"twitter_card":"summary_large_image","twitter_misc":{"Estimated reading time":"2 minutes"},"schema":{"@context":"https:\/\/schema.org","@graph":[{"@type":"WebPage","@id":"https:\/\/pitaya.no\/produkt\/odzywka-humektantowa-200-ml-onlybio-2\/","url":"https:\/\/pitaya.no\/produkt\/odzywka-humektantowa-200-ml-onlybio-2\/","name":"Od\u017cywka humektantowa, 200 ml - ONLYBIO - Pitaya.no","isPartOf":{"@id":"https:\/\/pitaya.no\/#website"},"datePublished":"2026-02-08T17:38:41+00:00","dateModified":"2026-02-13T13:28:48+00:00","description":"Naturalna, wega\u0144ska od\u017cywka humektantowa do w\u0142os\u00f3w suchych i szorstkich. Intensywnie nawil\u017ca, zmi\u0119kcza i przywraca r\u00f3wnowag\u0119 PEH.","breadcrumb":{"@id":"https:\/\/pitaya.no\/produkt\/odzywka-humektantowa-200-ml-onlybio-2\/#breadcrumb"},"inLanguage":"en-GB","potentialAction":[{"@type":"ReadAction","target":["https:\/\/pitaya.no\/produkt\/odzywka-humektantowa-200-ml-onlybio-2\/"]}]},{"@type":"BreadcrumbList","@id":"https:\/\/pitaya.no\/produkt\/odzywka-humektantowa-200-ml-onlybio-2\/#breadcrumb","itemListElement":[{"@type":"ListItem","position":1,"name":"Strona g\u0142\u00f3wna","item":"https:\/\/pitaya.no\/"},{"@type":"ListItem","position":2,"name":"Sklep","item":"https:\/\/pitaya.no\/sklep\/"},{"@type":"ListItem","position":3,"name":"Od\u017cywka humektantowa, 200 ml &#8211; ONLYBIO"}]},{"@type":"WebSite","@id":"https:\/\/pitaya.no\/#website","url":"https:\/\/pitaya.no\/","name":"Pitaya.no","description":"Polish organic drugstore in Norway","potentialAction":[{"@type":"SearchAction","target":{"@type":"EntryPoint","urlTemplate":"https:\/\/pitaya.no\/?s={search_term_string}"},"query-input":"required name=search_term_string"}],"inLanguage":"en-GB"}]}},"_links":{"self":[{"href":"https:\/\/pitaya.no\/en\/wp-json\/wp\/v2\/product\/6920"}],"collection":[{"href":"https:\/\/pitaya.no\/en\/wp-json\/wp\/v2\/product"}],"about":[{"href":"https:\/\/pitaya.no\/en\/wp-json\/wp\/v2\/types\/product"}],"wp:featuredmedia":[{"embeddable":true,"href":"https:\/\/pitaya.no\/en\/wp-json\/wp\/v2\/media\/6941"}],"wp:attachment":[{"href":"https:\/\/pitaya.no\/en\/wp-json\/wp\/v2\/media?parent=6920"}],"wp:term":[{"taxonomy":"product_cat","embeddable":true,"href":"https:\/\/pitaya.no\/en\/wp-json\/wp\/v2\/product_cat?post=6920"},{"taxonomy":"product_tag","embeddable":true,"href":"https:\/\/pitaya.no\/en\/wp-json\/wp\/v2\/product_tag?post=6920"},{"taxonomy":"berocket_brand","embeddable":true,"href":"https:\/\/pitaya.no\/en\/wp-json\/wp\/v2\/berocket_brand?post=6920"}],"curies":[{"name":"wp","href":"https:\/\/api.w.org\/{rel}","templated":true}]}}