{"id":6914,"date":"2025-12-02T13:01:06","date_gmt":"2025-12-02T13:01:06","guid":{"rendered":"https:\/\/pitaya.no\/?post_type=product&#038;p=6914"},"modified":"2026-02-20T18:57:20","modified_gmt":"2026-02-20T18:57:20","slug":"odzywka-proteinowa-200-ml-onlybio-2","status":"publish","type":"product","link":"https:\/\/pitaya.no\/en\/product\/odzywka-proteinowa-200-ml-onlybio-2\/","title":{"rendered":"Protein supplement, 200 ml \u2013 ONLYBIO"},"content":{"rendered":"<h1 data-start=\"169\" data-end=\"342\">Protein supplement, 200 ml \u2013 ONLYBIO<\/h1>\n<p data-start=\"169\" data-end=\"342\">Is your hair feeling flat, dull, and lacking volume? Our protein conditioner is specifically designed for strands that need repair and visibly lifted.<\/p>\n<h4 data-start=\"344\" data-end=\"382\"><strong data-start=\"349\" data-end=\"382\">Natural hair PEH balance<\/strong><\/h4>\n<p data-start=\"384\" data-end=\"624\">The formula is based on natural, vegan ingredients that restore hair&#039;s ideal balance. Wheat and soy proteins, along with arginine, replenish hair&#039;s structure, making it stronger, more resilient, and full of life.<\/p>\n<h3 data-start=\"631\" data-end=\"669\"><strong data-start=\"635\" data-end=\"669\">Why will you love this conditioner?<\/strong><\/h3>\n<p data-start=\"671\" data-end=\"944\">\u2714 Perfect for hair that lacks volume, is flat or tends to clump together<br data-start=\"778\" data-end=\"781\" \/>\u2714 Rebuilds hair loss, smoothes and adds shine<br data-start=\"837\" data-end=\"840\" \/>\u2714 Vegan, conscious formula supporting natural care<br data-start=\"902\" data-end=\"905\" \/>\u2714 Light but effective \u2013 no weight<\/p>\n<h3 data-start=\"951\" data-end=\"974\"><strong data-start=\"955\" data-end=\"974\">When to use?<\/strong><\/h3>\n<p data-start=\"976\" data-end=\"1098\">Reach for it whenever your hair is flat, lacks vitality or refuses to cooperate with styling.<\/p>\n<h3 data-start=\"1105\" data-end=\"1124\"><strong data-start=\"1109\" data-end=\"1124\">What effect?<\/strong><\/h3>\n<p data-start=\"1126\" data-end=\"1244\">Hair appears healthier, smoother, restored, and shinier. It gains a natural lightness and visual density.<\/p>\n<h3 data-start=\"1251\" data-end=\"1289\"><strong data-start=\"1255\" data-end=\"1289\">A scent that improves your mood<\/strong><\/h3>\n<p data-start=\"1291\" data-end=\"1405\">Vibrant, sweet kiwi will envelop your hair in pleasant freshness and make hair care a pure pleasure.<\/p>\n<div id=\"product_accordion_panel_\" class=\"ob-accordion__panel\" role=\"region\" aria-labelledby=\"product_accordion_title_\">\n<div class=\"ob-accordion__content\">\n<p><em>Ingredients: Aqua, Cetearyl Alcohol, Coco-Caprylate\/Caprate, Hydrolyzed Wheat Protein, Behentrimonium Chloride, Wheat Amino Acids, Soy Amino Acids, Arginine HCI, Threonine, Serine, Tocopherol, Cetrimonium Chloride, Citric Acid, Benzyl Alcohol, Benzoic Acid, Guar Hydroxypropyltrimonium Chloride, Sodium Benzoate, Potassium Sorbate, Dehydroacetic Acid, Parfum.<\/em><\/p>\n<\/div>\n<\/div>\n<p data-start=\"1412\" data-end=\"1506\" data-is-last-node=\"\" data-is-only-node=\"\">","protected":false},"excerpt":{"rendered":"<p>A protein conditioner designed for hair lacking volume and vitality. Its vegan formula, based on wheat, soy, and arginine proteins, effectively rebuilds hair structure, smoothing it, and strengthening it from the inside. Regular use leaves strands feeling light, bouncy, and healthy-looking, while hairstyles appear fuller and more voluminous. The energizing scent of sweet kiwi enhances the care routine and uplifts your mood.<\/p>\n<p><strong>Capacity 200 ml<\/strong><\/p>","protected":false},"featured_media":6916,"template":"","meta":{"_themeisle_gutenberg_block_has_review":false},"product_cat":[315,318,319],"product_tag":[366,343,360,339,336,337],"berocket_brand":[301],"yoast_head":"<!-- This site is optimized with the Yoast SEO Premium plugin v21.2 (Yoast SEO v21.5) - https:\/\/yoast.com\/wordpress\/plugins\/seo\/ -->\n<title>Od\u017cywka proteinowa, 200 ml - ONLYBIO<\/title>\n<meta name=\"description\" content=\"Wega\u0144ska od\u017cywka proteinowa dodaj\u0105ca obj\u0119to\u015bci i blasku w\u0142osom pozbawionym \u017cycia, z energetyzuj\u0105cym zapachem kiwi.\" \/>\n<meta name=\"robots\" content=\"index, follow, max-snippet:-1, max-image-preview:large, max-video-preview:-1\" \/>\n<link rel=\"canonical\" href=\"https:\/\/pitaya.no\/en\/product\/odzywka-proteinowa-200-ml-onlybio-2\/\" \/>\n<meta property=\"og:locale\" content=\"en_GB\" \/>\n<meta property=\"og:type\" content=\"article\" \/>\n<meta property=\"og:title\" content=\"Od\u017cywka proteinowa, 200 ml - ONLYBIO\" \/>\n<meta property=\"og:description\" content=\"Wega\u0144ska od\u017cywka proteinowa dodaj\u0105ca obj\u0119to\u015bci i blasku w\u0142osom pozbawionym \u017cycia, z energetyzuj\u0105cym zapachem kiwi.\" \/>\n<meta property=\"og:url\" content=\"https:\/\/pitaya.no\/en\/product\/odzywka-proteinowa-200-ml-onlybio-2\/\" \/>\n<meta property=\"og:site_name\" content=\"Pitaya.no\" \/>\n<meta property=\"article:publisher\" content=\"https:\/\/www.facebook.com\/Pitaya.no\" \/>\n<meta property=\"article:modified_time\" content=\"2026-02-20T18:57:20+00:00\" \/>\n<meta property=\"og:image\" content=\"https:\/\/pitaya.no\/wp-content\/uploads\/2025\/12\/proteinowa.png\" \/>\n\t<meta property=\"og:image:width\" content=\"1056\" \/>\n\t<meta property=\"og:image:height\" content=\"1056\" \/>\n\t<meta property=\"og:image:type\" content=\"image\/png\" \/>\n<meta name=\"twitter:card\" content=\"summary_large_image\" \/>\n<meta name=\"twitter:label1\" content=\"Estimated reading time\" \/>\n\t<meta name=\"twitter:data1\" content=\"2 minutes\" \/>\n<script type=\"application\/ld+json\" class=\"yoast-schema-graph\">{\"@context\":\"https:\/\/schema.org\",\"@graph\":[{\"@type\":\"WebPage\",\"@id\":\"https:\/\/pitaya.no\/produkt\/odzywka-proteinowa-200-ml-onlybio-2\/\",\"url\":\"https:\/\/pitaya.no\/produkt\/odzywka-proteinowa-200-ml-onlybio-2\/\",\"name\":\"Od\u017cywka proteinowa, 200 ml - ONLYBIO\",\"isPartOf\":{\"@id\":\"https:\/\/pitaya.no\/#website\"},\"datePublished\":\"2025-12-02T13:01:06+00:00\",\"dateModified\":\"2026-02-20T18:57:20+00:00\",\"description\":\"Wega\u0144ska od\u017cywka proteinowa dodaj\u0105ca obj\u0119to\u015bci i blasku w\u0142osom pozbawionym \u017cycia, z energetyzuj\u0105cym zapachem kiwi.\",\"breadcrumb\":{\"@id\":\"https:\/\/pitaya.no\/produkt\/odzywka-proteinowa-200-ml-onlybio-2\/#breadcrumb\"},\"inLanguage\":\"en-GB\",\"potentialAction\":[{\"@type\":\"ReadAction\",\"target\":[\"https:\/\/pitaya.no\/produkt\/odzywka-proteinowa-200-ml-onlybio-2\/\"]}]},{\"@type\":\"BreadcrumbList\",\"@id\":\"https:\/\/pitaya.no\/produkt\/odzywka-proteinowa-200-ml-onlybio-2\/#breadcrumb\",\"itemListElement\":[{\"@type\":\"ListItem\",\"position\":1,\"name\":\"Strona g\u0142\u00f3wna\",\"item\":\"https:\/\/pitaya.no\/\"},{\"@type\":\"ListItem\",\"position\":2,\"name\":\"Sklep\",\"item\":\"https:\/\/pitaya.no\/sklep\/\"},{\"@type\":\"ListItem\",\"position\":3,\"name\":\"Od\u017cywka proteinowa, 200 ml &#8211; ONLYBIO\"}]},{\"@type\":\"WebSite\",\"@id\":\"https:\/\/pitaya.no\/#website\",\"url\":\"https:\/\/pitaya.no\/\",\"name\":\"Pitaya.no\",\"description\":\"Polska drogeria ekologiczna w Norwegii\",\"potentialAction\":[{\"@type\":\"SearchAction\",\"target\":{\"@type\":\"EntryPoint\",\"urlTemplate\":\"https:\/\/pitaya.no\/?s={search_term_string}\"},\"query-input\":\"required name=search_term_string\"}],\"inLanguage\":\"en-GB\"}]}<\/script>\n<!-- \/ Yoast SEO Premium plugin. -->","yoast_head_json":{"title":"Protein supplement, 200 ml - ONLYBIO","description":"Wega\u0144ska od\u017cywka proteinowa dodaj\u0105ca obj\u0119to\u015bci i blasku w\u0142osom pozbawionym \u017cycia, z energetyzuj\u0105cym zapachem kiwi.","robots":{"index":"index","follow":"follow","max-snippet":"max-snippet:-1","max-image-preview":"max-image-preview:large","max-video-preview":"max-video-preview:-1"},"canonical":"https:\/\/pitaya.no\/en\/product\/odzywka-proteinowa-200-ml-onlybio-2\/","og_locale":"en_GB","og_type":"article","og_title":"Od\u017cywka proteinowa, 200 ml - ONLYBIO","og_description":"Wega\u0144ska od\u017cywka proteinowa dodaj\u0105ca obj\u0119to\u015bci i blasku w\u0142osom pozbawionym \u017cycia, z energetyzuj\u0105cym zapachem kiwi.","og_url":"https:\/\/pitaya.no\/en\/product\/odzywka-proteinowa-200-ml-onlybio-2\/","og_site_name":"Pitaya.no","article_publisher":"https:\/\/www.facebook.com\/Pitaya.no","article_modified_time":"2026-02-20T18:57:20+00:00","og_image":[{"width":1056,"height":1056,"url":"https:\/\/pitaya.no\/wp-content\/uploads\/2025\/12\/proteinowa.png","type":"image\/png"}],"twitter_card":"summary_large_image","twitter_misc":{"Estimated reading time":"2 minutes"},"schema":{"@context":"https:\/\/schema.org","@graph":[{"@type":"WebPage","@id":"https:\/\/pitaya.no\/produkt\/odzywka-proteinowa-200-ml-onlybio-2\/","url":"https:\/\/pitaya.no\/produkt\/odzywka-proteinowa-200-ml-onlybio-2\/","name":"Protein supplement, 200 ml - ONLYBIO","isPartOf":{"@id":"https:\/\/pitaya.no\/#website"},"datePublished":"2025-12-02T13:01:06+00:00","dateModified":"2026-02-20T18:57:20+00:00","description":"Wega\u0144ska od\u017cywka proteinowa dodaj\u0105ca obj\u0119to\u015bci i blasku w\u0142osom pozbawionym \u017cycia, z energetyzuj\u0105cym zapachem kiwi.","breadcrumb":{"@id":"https:\/\/pitaya.no\/produkt\/odzywka-proteinowa-200-ml-onlybio-2\/#breadcrumb"},"inLanguage":"en-GB","potentialAction":[{"@type":"ReadAction","target":["https:\/\/pitaya.no\/produkt\/odzywka-proteinowa-200-ml-onlybio-2\/"]}]},{"@type":"BreadcrumbList","@id":"https:\/\/pitaya.no\/produkt\/odzywka-proteinowa-200-ml-onlybio-2\/#breadcrumb","itemListElement":[{"@type":"ListItem","position":1,"name":"Strona g\u0142\u00f3wna","item":"https:\/\/pitaya.no\/"},{"@type":"ListItem","position":2,"name":"Sklep","item":"https:\/\/pitaya.no\/sklep\/"},{"@type":"ListItem","position":3,"name":"Od\u017cywka proteinowa, 200 ml &#8211; ONLYBIO"}]},{"@type":"WebSite","@id":"https:\/\/pitaya.no\/#website","url":"https:\/\/pitaya.no\/","name":"Pitaya.no","description":"Polish organic drugstore in Norway","potentialAction":[{"@type":"SearchAction","target":{"@type":"EntryPoint","urlTemplate":"https:\/\/pitaya.no\/?s={search_term_string}"},"query-input":"required name=search_term_string"}],"inLanguage":"en-GB"}]}},"_links":{"self":[{"href":"https:\/\/pitaya.no\/en\/wp-json\/wp\/v2\/product\/6914"}],"collection":[{"href":"https:\/\/pitaya.no\/en\/wp-json\/wp\/v2\/product"}],"about":[{"href":"https:\/\/pitaya.no\/en\/wp-json\/wp\/v2\/types\/product"}],"wp:featuredmedia":[{"embeddable":true,"href":"https:\/\/pitaya.no\/en\/wp-json\/wp\/v2\/media\/6916"}],"wp:attachment":[{"href":"https:\/\/pitaya.no\/en\/wp-json\/wp\/v2\/media?parent=6914"}],"wp:term":[{"taxonomy":"product_cat","embeddable":true,"href":"https:\/\/pitaya.no\/en\/wp-json\/wp\/v2\/product_cat?post=6914"},{"taxonomy":"product_tag","embeddable":true,"href":"https:\/\/pitaya.no\/en\/wp-json\/wp\/v2\/product_tag?post=6914"},{"taxonomy":"berocket_brand","embeddable":true,"href":"https:\/\/pitaya.no\/en\/wp-json\/wp\/v2\/berocket_brand?post=6914"}],"curies":[{"name":"wp","href":"https:\/\/api.w.org\/{rel}","templated":true}]}}