{"id":6900,"date":"2025-11-29T00:24:03","date_gmt":"2025-11-29T00:24:03","guid":{"rendered":"https:\/\/pitaya.no\/?post_type=product&#038;p=6900"},"modified":"2026-03-15T06:25:49","modified_gmt":"2026-03-15T06:25:49","slug":"nawilzenie-odzywka-dwufazowa-wygladzajaco-nawilzajaca-200-ml-onlybio","status":"publish","type":"product","link":"https:\/\/pitaya.no\/en\/product\/nawilzenie-odzywka-dwufazowa-wygladzajaco-nawilzajaca-200-ml-onlybio\/","title":{"rendered":"Moisturizing two-phase smoothing and moisturizing conditioner, 200 ml \u2013 ONLYBIO"},"content":{"rendered":"<h1>Moisturizing two-phase smoothing and moisturizing conditioner, 200ml \u2013 ONLYBIO<\/h1>\n<p data-start=\"84\" data-end=\"450\"><strong data-start=\"84\" data-end=\"130\">Two-phase smoothing and moisturizing conditioner<\/strong> is an immediate help for dry, dull and brittle hair. Its advanced formula with <strong data-start=\"228\" data-end=\"245\">tamanu oil<\/strong> and <strong data-start=\"251\" data-end=\"277\">chlorella extract<\/strong> Intensively moisturizes, smooths, and protects strands from excessive water loss. This conditioner tames unruly hair, leaving it soft, supple, and with a healthy shine\u2014without weighing it down.<\/p>\n<p data-start=\"452\" data-end=\"676\">Thanks to its two-phase consistency, it works quickly and effectively: the oil phase nourishes and smooths the hair, while the water phase moisturizes and detangles. Perfect for daily care and as a quick refresher during the day.<\/p>\n<h3 data-start=\"678\" data-end=\"698\"><strong data-start=\"682\" data-end=\"698\">What does it smell like?<\/strong><\/h3>\n<p data-start=\"699\" data-end=\"773\">The fragrance composition combines freshness, floral elegance and subtle depth:<\/p>\n<ul data-start=\"775\" data-end=\"1023\">\n<li data-start=\"775\" data-end=\"846\">\n<p data-start=\"777\" data-end=\"846\"><strong data-start=\"777\" data-end=\"798\">Top notes:<\/strong> sea salt, algae \u2013 a light, fresh ocean breeze<\/p>\n<\/li>\n<li data-start=\"847\" data-end=\"940\">\n<p data-start=\"849\" data-end=\"940\"><strong data-start=\"849\" data-end=\"872\">Heart notes (Heart):<\/strong> lily, tuberose, ginger \u2013 floral sensuality with a spicy accent<\/p>\n<\/li>\n<li data-start=\"941\" data-end=\"1023\">\n<p data-start=\"943\" data-end=\"1023\"><strong data-start=\"943\" data-end=\"964\">Base notes (Base):<\/strong> mint, cedar, musk \u2013 soothing, clean and elegant longevity<\/p>\n<\/li>\n<\/ul>\n<p data-start=\"1025\" data-end=\"1109\">It leaves a subtle, luxurious scent on the hair that lasts all day long.<\/p>\n<p><b>What is Hair Cycling?<\/b><\/p>\n<p><b>Hair Cycling is a modern hair care method that&#039;s gaining popularity because it combines effectiveness with a comprehensive understanding of the needs of hair and scalp. It&#039;s a cyclical ritual based on alternating product applications, providing the hair with different nutrients during each wash:<\/b><\/p>\n<p><b>regenerating,<\/b><\/p>\n<p><b>moisturizing,<\/b><\/p>\n<p><b>nutritional.<\/b><\/p>\n<p><b>This way you don&#039;t overload them with the same activity, but instead take care of their balance, health and natural glow.<\/b><\/p>\n<p><b>During the cycle:<\/b><b><\/b><\/p>\n<ul>\n<li>on the first day you focus on intensive <b>regeneration<\/b><\/li>\n<li>on the second day you can choose formulas <b>moisturizing<\/b><\/li>\n<li>and on the third day reach for products from the series <b>nutrition<\/b><b><\/b><\/li>\n<\/ul>\n<p><img fetchpriority=\"high\" decoding=\"async\" class=\"size-full wp-image-6896\" src=\"https:\/\/pitaya.no\/wp-content\/uploads\/2025\/11\/haircyclingnawilzenie.png\" alt=\"Nawil\u017cenie 15 minutowa kuracja ultranawil\u017caj\u0105ca maska do w\u0142os\u00f3w, 280ml - ONLYBIO\" width=\"898\" height=\"591\" srcset=\"https:\/\/pitaya.no\/wp-content\/uploads\/2025\/11\/haircyclingnawilzenie.png 898w, https:\/\/pitaya.no\/wp-content\/uploads\/2025\/11\/haircyclingnawilzenie-300x197.png 300w, https:\/\/pitaya.no\/wp-content\/uploads\/2025\/11\/haircyclingnawilzenie-768x505.png 768w, https:\/\/pitaya.no\/wp-content\/uploads\/2025\/11\/haircyclingnawilzenie-18x12.png 18w, https:\/\/pitaya.no\/wp-content\/uploads\/2025\/11\/haircyclingnawilzenie-600x395.png 600w, https:\/\/pitaya.no\/wp-content\/uploads\/2025\/11\/haircyclingnawilzenie-82x54.png 82w, https:\/\/pitaya.no\/wp-content\/uploads\/2025\/11\/haircyclingnawilzenie-64x42.png 64w\" sizes=\"(max-width: 898px) 100vw, 898px\" \/><\/p>\n<h3>How to use<\/h3>\n<p>Shake before use! Spray on towel-dried or blow-dried hair after every wash. No rinsing required!<\/p>\n<h3><em>Ingredients<\/em><\/h3>\n<p><em>Aqua, Cyclopentasiloxane, Phenyl Trimethicone, Bis-(Isostearoyl\/Oleoyl Isopropyl) Dimonium Methosulfate, Hydrolyzed Algin, Calophyllum Inophyllum Seed Oil, Chlorella Vulgaris Extract, Cetrimonium Chloride, Polyglyceryl-4 Laurate\/Sebacate, Polyglyceryl-6 Caprylate\/Caprate, Maris Aqua, Glycerin, Hydroxypropyl Guar Hydroxypropyltrimonium Chloride, Citric Acid, CI 60730, Sodium Benzoate, Potassium Sorbate, Parfum.<\/em><\/p>\n<p>&nbsp;<\/p>","protected":false},"excerpt":{"rendered":"<p><strong data-start=\"27\" data-end=\"73\">Two-phase smoothing and moisturizing conditioner<\/strong> With tamanu oil and chlorella, it intensely moisturizes, smooths, and protects dry, brittle hair. It facilitates combing, adds shine, and leaves a fresh, floral, elegant scent. Perfect for everyday care.<\/p>\n<p><strong>Capacity 200 ml<\/strong><\/p>","protected":false},"featured_media":6903,"template":"","meta":{"_themeisle_gutenberg_block_has_review":false},"product_cat":[333,328],"product_tag":[365,358,364,363,343,360],"berocket_brand":[301],"yoast_head":"<!-- This site is optimized with the Yoast SEO Premium plugin v21.2 (Yoast SEO v21.5) - https:\/\/yoast.com\/wordpress\/plugins\/seo\/ -->\n<title>Nawil\u017cenie od\u017cywka dwufazowa wyg\u0142adzaj\u0105co-nawil\u017caj\u0105ca, 200 ml - ONLYBIO<\/title>\n<meta name=\"description\" content=\"Dwufazowa od\u017cywka wyg\u0142adzaj\u0105co-nawil\u017caj\u0105ca z olejem tamanu i chlorell\u0105. Intensywnie nawil\u017ca, wyg\u0142adza i chroni suche oraz \u0142amliwe w\u0142osy.\" \/>\n<meta name=\"robots\" content=\"index, follow, max-snippet:-1, max-image-preview:large, max-video-preview:-1\" \/>\n<link rel=\"canonical\" href=\"https:\/\/pitaya.no\/en\/product\/nawilzenie-odzywka-dwufazowa-wygladzajaco-nawilzajaca-200-ml-onlybio\/\" \/>\n<meta property=\"og:locale\" content=\"en_GB\" \/>\n<meta property=\"og:type\" content=\"article\" \/>\n<meta property=\"og:title\" content=\"Nawil\u017cenie od\u017cywka dwufazowa wyg\u0142adzaj\u0105co-nawil\u017caj\u0105ca, 200 ml - ONLYBIO\" \/>\n<meta property=\"og:description\" content=\"Dwufazowa od\u017cywka wyg\u0142adzaj\u0105co-nawil\u017caj\u0105ca z olejem tamanu i chlorell\u0105. Intensywnie nawil\u017ca, wyg\u0142adza i chroni suche oraz \u0142amliwe w\u0142osy.\" \/>\n<meta property=\"og:url\" content=\"https:\/\/pitaya.no\/en\/product\/nawilzenie-odzywka-dwufazowa-wygladzajaco-nawilzajaca-200-ml-onlybio\/\" \/>\n<meta property=\"og:site_name\" content=\"Pitaya.no\" \/>\n<meta property=\"article:publisher\" content=\"https:\/\/www.facebook.com\/Pitaya.no\" \/>\n<meta property=\"article:modified_time\" content=\"2026-03-15T06:25:49+00:00\" \/>\n<meta property=\"og:image\" content=\"https:\/\/pitaya.no\/wp-content\/uploads\/2025\/11\/nawilzeniespray.png\" \/>\n\t<meta property=\"og:image:width\" content=\"1026\" \/>\n\t<meta property=\"og:image:height\" content=\"1026\" \/>\n\t<meta property=\"og:image:type\" content=\"image\/png\" \/>\n<meta name=\"twitter:card\" content=\"summary_large_image\" \/>\n<meta name=\"twitter:label1\" content=\"Estimated reading time\" \/>\n\t<meta name=\"twitter:data1\" content=\"2 minutes\" \/>\n<script type=\"application\/ld+json\" class=\"yoast-schema-graph\">{\"@context\":\"https:\/\/schema.org\",\"@graph\":[{\"@type\":\"WebPage\",\"@id\":\"https:\/\/pitaya.no\/produkt\/nawilzenie-odzywka-dwufazowa-wygladzajaco-nawilzajaca-200-ml-onlybio\/\",\"url\":\"https:\/\/pitaya.no\/produkt\/nawilzenie-odzywka-dwufazowa-wygladzajaco-nawilzajaca-200-ml-onlybio\/\",\"name\":\"Nawil\u017cenie od\u017cywka dwufazowa wyg\u0142adzaj\u0105co-nawil\u017caj\u0105ca, 200 ml - ONLYBIO\",\"isPartOf\":{\"@id\":\"https:\/\/pitaya.no\/#website\"},\"datePublished\":\"2025-11-29T00:24:03+00:00\",\"dateModified\":\"2026-03-15T06:25:49+00:00\",\"description\":\"Dwufazowa od\u017cywka wyg\u0142adzaj\u0105co-nawil\u017caj\u0105ca z olejem tamanu i chlorell\u0105. Intensywnie nawil\u017ca, wyg\u0142adza i chroni suche oraz \u0142amliwe w\u0142osy.\",\"breadcrumb\":{\"@id\":\"https:\/\/pitaya.no\/produkt\/nawilzenie-odzywka-dwufazowa-wygladzajaco-nawilzajaca-200-ml-onlybio\/#breadcrumb\"},\"inLanguage\":\"en-GB\",\"potentialAction\":[{\"@type\":\"ReadAction\",\"target\":[\"https:\/\/pitaya.no\/produkt\/nawilzenie-odzywka-dwufazowa-wygladzajaco-nawilzajaca-200-ml-onlybio\/\"]}]},{\"@type\":\"BreadcrumbList\",\"@id\":\"https:\/\/pitaya.no\/produkt\/nawilzenie-odzywka-dwufazowa-wygladzajaco-nawilzajaca-200-ml-onlybio\/#breadcrumb\",\"itemListElement\":[{\"@type\":\"ListItem\",\"position\":1,\"name\":\"Strona g\u0142\u00f3wna\",\"item\":\"https:\/\/pitaya.no\/\"},{\"@type\":\"ListItem\",\"position\":2,\"name\":\"Sklep\",\"item\":\"https:\/\/pitaya.no\/sklep\/\"},{\"@type\":\"ListItem\",\"position\":3,\"name\":\"Nawil\u017cenie od\u017cywka dwufazowa wyg\u0142adzaj\u0105co-nawil\u017caj\u0105ca, 200 ml &#8211; ONLYBIO\"}]},{\"@type\":\"WebSite\",\"@id\":\"https:\/\/pitaya.no\/#website\",\"url\":\"https:\/\/pitaya.no\/\",\"name\":\"Pitaya.no\",\"description\":\"Polska drogeria ekologiczna w Norwegii\",\"potentialAction\":[{\"@type\":\"SearchAction\",\"target\":{\"@type\":\"EntryPoint\",\"urlTemplate\":\"https:\/\/pitaya.no\/?s={search_term_string}\"},\"query-input\":\"required name=search_term_string\"}],\"inLanguage\":\"en-GB\"}]}<\/script>\n<!-- \/ Yoast SEO Premium plugin. -->","yoast_head_json":{"title":"Moisturizing two-phase smoothing and moisturizing conditioner, 200 ml - ONLYBIO","description":"Dwufazowa od\u017cywka wyg\u0142adzaj\u0105co-nawil\u017caj\u0105ca z olejem tamanu i chlorell\u0105. Intensywnie nawil\u017ca, wyg\u0142adza i chroni suche oraz \u0142amliwe w\u0142osy.","robots":{"index":"index","follow":"follow","max-snippet":"max-snippet:-1","max-image-preview":"max-image-preview:large","max-video-preview":"max-video-preview:-1"},"canonical":"https:\/\/pitaya.no\/en\/product\/nawilzenie-odzywka-dwufazowa-wygladzajaco-nawilzajaca-200-ml-onlybio\/","og_locale":"en_GB","og_type":"article","og_title":"Nawil\u017cenie od\u017cywka dwufazowa wyg\u0142adzaj\u0105co-nawil\u017caj\u0105ca, 200 ml - ONLYBIO","og_description":"Dwufazowa od\u017cywka wyg\u0142adzaj\u0105co-nawil\u017caj\u0105ca z olejem tamanu i chlorell\u0105. Intensywnie nawil\u017ca, wyg\u0142adza i chroni suche oraz \u0142amliwe w\u0142osy.","og_url":"https:\/\/pitaya.no\/en\/product\/nawilzenie-odzywka-dwufazowa-wygladzajaco-nawilzajaca-200-ml-onlybio\/","og_site_name":"Pitaya.no","article_publisher":"https:\/\/www.facebook.com\/Pitaya.no","article_modified_time":"2026-03-15T06:25:49+00:00","og_image":[{"width":1026,"height":1026,"url":"https:\/\/pitaya.no\/wp-content\/uploads\/2025\/11\/nawilzeniespray.png","type":"image\/png"}],"twitter_card":"summary_large_image","twitter_misc":{"Estimated reading time":"2 minutes"},"schema":{"@context":"https:\/\/schema.org","@graph":[{"@type":"WebPage","@id":"https:\/\/pitaya.no\/produkt\/nawilzenie-odzywka-dwufazowa-wygladzajaco-nawilzajaca-200-ml-onlybio\/","url":"https:\/\/pitaya.no\/produkt\/nawilzenie-odzywka-dwufazowa-wygladzajaco-nawilzajaca-200-ml-onlybio\/","name":"Moisturizing two-phase smoothing and moisturizing conditioner, 200 ml - ONLYBIO","isPartOf":{"@id":"https:\/\/pitaya.no\/#website"},"datePublished":"2025-11-29T00:24:03+00:00","dateModified":"2026-03-15T06:25:49+00:00","description":"Dwufazowa od\u017cywka wyg\u0142adzaj\u0105co-nawil\u017caj\u0105ca z olejem tamanu i chlorell\u0105. Intensywnie nawil\u017ca, wyg\u0142adza i chroni suche oraz \u0142amliwe w\u0142osy.","breadcrumb":{"@id":"https:\/\/pitaya.no\/produkt\/nawilzenie-odzywka-dwufazowa-wygladzajaco-nawilzajaca-200-ml-onlybio\/#breadcrumb"},"inLanguage":"en-GB","potentialAction":[{"@type":"ReadAction","target":["https:\/\/pitaya.no\/produkt\/nawilzenie-odzywka-dwufazowa-wygladzajaco-nawilzajaca-200-ml-onlybio\/"]}]},{"@type":"BreadcrumbList","@id":"https:\/\/pitaya.no\/produkt\/nawilzenie-odzywka-dwufazowa-wygladzajaco-nawilzajaca-200-ml-onlybio\/#breadcrumb","itemListElement":[{"@type":"ListItem","position":1,"name":"Strona g\u0142\u00f3wna","item":"https:\/\/pitaya.no\/"},{"@type":"ListItem","position":2,"name":"Sklep","item":"https:\/\/pitaya.no\/sklep\/"},{"@type":"ListItem","position":3,"name":"Nawil\u017cenie od\u017cywka dwufazowa wyg\u0142adzaj\u0105co-nawil\u017caj\u0105ca, 200 ml &#8211; ONLYBIO"}]},{"@type":"WebSite","@id":"https:\/\/pitaya.no\/#website","url":"https:\/\/pitaya.no\/","name":"Pitaya.no","description":"Polish organic drugstore in Norway","potentialAction":[{"@type":"SearchAction","target":{"@type":"EntryPoint","urlTemplate":"https:\/\/pitaya.no\/?s={search_term_string}"},"query-input":"required name=search_term_string"}],"inLanguage":"en-GB"}]}},"_links":{"self":[{"href":"https:\/\/pitaya.no\/en\/wp-json\/wp\/v2\/product\/6900"}],"collection":[{"href":"https:\/\/pitaya.no\/en\/wp-json\/wp\/v2\/product"}],"about":[{"href":"https:\/\/pitaya.no\/en\/wp-json\/wp\/v2\/types\/product"}],"wp:featuredmedia":[{"embeddable":true,"href":"https:\/\/pitaya.no\/en\/wp-json\/wp\/v2\/media\/6903"}],"wp:attachment":[{"href":"https:\/\/pitaya.no\/en\/wp-json\/wp\/v2\/media?parent=6900"}],"wp:term":[{"taxonomy":"product_cat","embeddable":true,"href":"https:\/\/pitaya.no\/en\/wp-json\/wp\/v2\/product_cat?post=6900"},{"taxonomy":"product_tag","embeddable":true,"href":"https:\/\/pitaya.no\/en\/wp-json\/wp\/v2\/product_tag?post=6900"},{"taxonomy":"berocket_brand","embeddable":true,"href":"https:\/\/pitaya.no\/en\/wp-json\/wp\/v2\/berocket_brand?post=6900"}],"curies":[{"name":"wp","href":"https:\/\/api.w.org\/{rel}","templated":true}]}}