{"id":6894,"date":"2025-11-28T23:45:21","date_gmt":"2025-11-28T23:45:21","guid":{"rendered":"https:\/\/pitaya.no\/?post_type=product&#038;p=6894"},"modified":"2026-02-18T21:32:50","modified_gmt":"2026-02-18T21:32:50","slug":"nawilzenie-15-minutowa-kuracja-ultranawilzajaca-maska-do-wlosow-280ml-onlybio","status":"publish","type":"product","link":"https:\/\/pitaya.no\/en\/product\/nawilzenie-15-minutowa-kuracja-ultranawilzajaca-maska-do-wlosow-280ml-onlybio\/","title":{"rendered":"Moisturizing 15-minute ultra-moisturizing hair mask treatment, 280ml \u2013 ONLYBIO"},"content":{"rendered":"<h1>Moisturizing 15-minute ultra-moisturizing hair mask treatment, 280ml \u2013 ONLYBIO<\/h1>\n<p data-start=\"0\" data-end=\"307\"><strong data-start=\"0\" data-end=\"47\">15-minute intensive moisturizing treatment<\/strong> is an express rescue for dry, rough and brittle hair. Advanced formula with <strong data-start=\"141\" data-end=\"178\">betaine, aloe and moringa oil<\/strong> Deeply moisturizes, strengthens, and smooths strands after just one use. Hair becomes soft, flexible, and full of healthy shine.<\/p>\n<p data-start=\"309\" data-end=\"408\"><strong data-start=\"309\" data-end=\"319\">Smell<\/strong> combines the freshness of the sea breeze, the creamy elegance of flowers and enveloping purity:<\/p>\n<ul data-start=\"409\" data-end=\"526\">\n<li data-start=\"409\" data-end=\"445\">\n<p data-start=\"411\" data-end=\"445\"><strong data-start=\"411\" data-end=\"426\">Top note:<\/strong> sea salt, algae<\/p>\n<\/li>\n<li data-start=\"446\" data-end=\"488\">\n<p data-start=\"448\" data-end=\"488\"><strong data-start=\"448\" data-end=\"463\">Heart note:<\/strong> lily, tuberose, ginger<\/p>\n<\/li>\n<li data-start=\"489\" data-end=\"526\">\n<p data-start=\"491\" data-end=\"526\"><strong data-start=\"491\" data-end=\"505\">Base note:<\/strong> mint, cedar, musk<\/p>\n<\/li>\n<\/ul>\n<p data-start=\"528\" data-end=\"641\">The slightly cooling, floral-marine composition energizes and creates the impression of luxurious spa-like care.<\/p>\n<p data-start=\"643\" data-end=\"867\" data-is-last-node=\"\" data-is-only-node=\"\">Perfect as a quick moisturizing treatment when your hair needs immediate nourishment and soothing. Perfect for all porosities, especially dull, dry hair that needs regeneration.<\/p>\n<p><b>What is Hair Cycling?<\/b><\/p>\n<p><b>Hair Cycling is a modern hair care method that&#039;s gaining popularity because it combines effectiveness with a comprehensive understanding of the needs of hair and scalp. It&#039;s a cyclical ritual based on alternating product applications, providing the hair with different nutrients during each wash:<\/b><\/p>\n<p><b>regenerating,<\/b><\/p>\n<p><b>moisturizing,<\/b><\/p>\n<p><b>nutritional.<\/b><\/p>\n<p><b>This way you don&#039;t overload them with the same activity, but instead take care of their balance, health and natural glow.<\/b><\/p>\n<p><b>During the cycle:<\/b><b><\/b><\/p>\n<ul>\n<li>on the first day you focus on intensive <b>regeneration<\/b><\/li>\n<li>on the second day you can choose formulas <b>moisturizing<\/b><\/li>\n<li>and on the third day reach for products from the series <b>nutrition<\/b><b><\/b><\/li>\n<\/ul>\n<p><img fetchpriority=\"high\" decoding=\"async\" class=\"size-full wp-image-6896\" src=\"https:\/\/pitaya.no\/wp-content\/uploads\/2025\/11\/haircyclingnawilzenie.png\" alt=\"Nawil\u017cenie 15 minutowa kuracja ultranawil\u017caj\u0105ca maska do w\u0142os\u00f3w, 280ml - ONLYBIO\" width=\"898\" height=\"591\" srcset=\"https:\/\/pitaya.no\/wp-content\/uploads\/2025\/11\/haircyclingnawilzenie.png 898w, https:\/\/pitaya.no\/wp-content\/uploads\/2025\/11\/haircyclingnawilzenie-300x197.png 300w, https:\/\/pitaya.no\/wp-content\/uploads\/2025\/11\/haircyclingnawilzenie-768x505.png 768w, https:\/\/pitaya.no\/wp-content\/uploads\/2025\/11\/haircyclingnawilzenie-18x12.png 18w, https:\/\/pitaya.no\/wp-content\/uploads\/2025\/11\/haircyclingnawilzenie-600x395.png 600w, https:\/\/pitaya.no\/wp-content\/uploads\/2025\/11\/haircyclingnawilzenie-82x54.png 82w, https:\/\/pitaya.no\/wp-content\/uploads\/2025\/11\/haircyclingnawilzenie-64x42.png 64w\" sizes=\"(max-width: 898px) 100vw, 898px\" \/><\/p>\n<p>&nbsp;<\/p>\n<h3>How to use<\/h3>\n<p>Apply a small amount of the product to damp, squeezed hair. Rinse after 15 minutes.<\/p>\n<h3><em>Ingredients<\/em><\/h3>\n<p><em>Aqua, Cetearyl Alcohol, Behentrimonium Chloride, Stearamidopropyl Dimethylamine, C15-19 Alkane, Coco-Caprylate\/Caprate, Betaine, Panthenol, Aloe Barbadensis Leaf Juice, Moringa Oleifera (Moringa) Seed Oil, Ricinus Communis (Castor) Seed Oil, Hydrogenated Castor Oil, Copernicia Cerifera (Carnauba) Wax, Cetyl Esters, Polyquaterium-37, Lactic Acid, Citric Acid, CI 60730, Sodium Benzoate, Potassium Sorbate, Benzyl Alcohol, Benzoic Acid, Dehydroacetic Acid, Tocopherol, Parfum.<\/em><\/p>\n<p>&nbsp;<\/p>","protected":false},"excerpt":{"rendered":"<p><strong data-start=\"0\" data-end=\"35\" data-is-only-node=\"\">Express, 15-minute treatment<\/strong>, which intensely moisturizes and strengthens dry and brittle hair. Thanks to betaine, aloe vera, and moringa oil, strands become soft, smooth, and shiny, while the fresh, floral scent adds a feeling of cleanliness and refreshment.<\/p>\n<p><strong>Capacity 280 ml<\/strong><\/p>","protected":false},"featured_media":6897,"template":"","meta":{"_themeisle_gutenberg_block_has_review":false},"product_cat":[315,317],"product_tag":[358,338,363,360],"berocket_brand":[301],"yoast_head":"<!-- This site is optimized with the Yoast SEO Premium plugin v21.2 (Yoast SEO v21.5) - https:\/\/yoast.com\/wordpress\/plugins\/seo\/ -->\n<title>Nawil\u017cenie 15 minutowa kuracja ultranawil\u017caj\u0105ca maska do w\u0142os\u00f3w, 280ml - ONLYBIO<\/title>\n<meta name=\"description\" content=\"Ekspresowa kuracja nawil\u017caj\u0105ca z betain\u0105, aloesem i olejem moringa. Regeneruje, wyg\u0142adza i przywraca mi\u0119kko\u015b\u0107 suchym i \u0142amliwym w\u0142osom.\" \/>\n<meta name=\"robots\" content=\"index, follow, max-snippet:-1, max-image-preview:large, max-video-preview:-1\" \/>\n<link rel=\"canonical\" href=\"https:\/\/pitaya.no\/en\/product\/nawilzenie-15-minutowa-kuracja-ultranawilzajaca-maska-do-wlosow-280ml-onlybio\/\" \/>\n<meta property=\"og:locale\" content=\"en_GB\" \/>\n<meta property=\"og:type\" content=\"article\" \/>\n<meta property=\"og:title\" content=\"Nawil\u017cenie 15 minutowa kuracja ultranawil\u017caj\u0105ca maska do w\u0142os\u00f3w, 280ml - ONLYBIO\" \/>\n<meta property=\"og:description\" content=\"Ekspresowa kuracja nawil\u017caj\u0105ca z betain\u0105, aloesem i olejem moringa. Regeneruje, wyg\u0142adza i przywraca mi\u0119kko\u015b\u0107 suchym i \u0142amliwym w\u0142osom.\" \/>\n<meta property=\"og:url\" content=\"https:\/\/pitaya.no\/en\/product\/nawilzenie-15-minutowa-kuracja-ultranawilzajaca-maska-do-wlosow-280ml-onlybio\/\" \/>\n<meta property=\"og:site_name\" content=\"Pitaya.no\" \/>\n<meta property=\"article:publisher\" content=\"https:\/\/www.facebook.com\/Pitaya.no\" \/>\n<meta property=\"article:modified_time\" content=\"2026-02-18T21:32:50+00:00\" \/>\n<meta property=\"og:image\" content=\"https:\/\/pitaya.no\/wp-content\/uploads\/2025\/11\/nawilzeniemaska.png\" \/>\n\t<meta property=\"og:image:width\" content=\"898\" \/>\n\t<meta property=\"og:image:height\" content=\"898\" \/>\n\t<meta property=\"og:image:type\" content=\"image\/png\" \/>\n<meta name=\"twitter:card\" content=\"summary_large_image\" \/>\n<meta name=\"twitter:label1\" content=\"Estimated reading time\" \/>\n\t<meta name=\"twitter:data1\" content=\"2 minutes\" \/>\n<script type=\"application\/ld+json\" class=\"yoast-schema-graph\">{\"@context\":\"https:\/\/schema.org\",\"@graph\":[{\"@type\":\"WebPage\",\"@id\":\"https:\/\/pitaya.no\/produkt\/nawilzenie-15-minutowa-kuracja-ultranawilzajaca-maska-do-wlosow-280ml-onlybio\/\",\"url\":\"https:\/\/pitaya.no\/produkt\/nawilzenie-15-minutowa-kuracja-ultranawilzajaca-maska-do-wlosow-280ml-onlybio\/\",\"name\":\"Nawil\u017cenie 15 minutowa kuracja ultranawil\u017caj\u0105ca maska do w\u0142os\u00f3w, 280ml - ONLYBIO\",\"isPartOf\":{\"@id\":\"https:\/\/pitaya.no\/#website\"},\"datePublished\":\"2025-11-28T23:45:21+00:00\",\"dateModified\":\"2026-02-18T21:32:50+00:00\",\"description\":\"Ekspresowa kuracja nawil\u017caj\u0105ca z betain\u0105, aloesem i olejem moringa. Regeneruje, wyg\u0142adza i przywraca mi\u0119kko\u015b\u0107 suchym i \u0142amliwym w\u0142osom.\",\"breadcrumb\":{\"@id\":\"https:\/\/pitaya.no\/produkt\/nawilzenie-15-minutowa-kuracja-ultranawilzajaca-maska-do-wlosow-280ml-onlybio\/#breadcrumb\"},\"inLanguage\":\"en-GB\",\"potentialAction\":[{\"@type\":\"ReadAction\",\"target\":[\"https:\/\/pitaya.no\/produkt\/nawilzenie-15-minutowa-kuracja-ultranawilzajaca-maska-do-wlosow-280ml-onlybio\/\"]}]},{\"@type\":\"BreadcrumbList\",\"@id\":\"https:\/\/pitaya.no\/produkt\/nawilzenie-15-minutowa-kuracja-ultranawilzajaca-maska-do-wlosow-280ml-onlybio\/#breadcrumb\",\"itemListElement\":[{\"@type\":\"ListItem\",\"position\":1,\"name\":\"Strona g\u0142\u00f3wna\",\"item\":\"https:\/\/pitaya.no\/\"},{\"@type\":\"ListItem\",\"position\":2,\"name\":\"Sklep\",\"item\":\"https:\/\/pitaya.no\/sklep\/\"},{\"@type\":\"ListItem\",\"position\":3,\"name\":\"Nawil\u017cenie 15 minutowa kuracja ultranawil\u017caj\u0105ca maska do w\u0142os\u00f3w, 280ml &#8211; ONLYBIO\"}]},{\"@type\":\"WebSite\",\"@id\":\"https:\/\/pitaya.no\/#website\",\"url\":\"https:\/\/pitaya.no\/\",\"name\":\"Pitaya.no\",\"description\":\"Polska drogeria ekologiczna w Norwegii\",\"potentialAction\":[{\"@type\":\"SearchAction\",\"target\":{\"@type\":\"EntryPoint\",\"urlTemplate\":\"https:\/\/pitaya.no\/?s={search_term_string}\"},\"query-input\":\"required name=search_term_string\"}],\"inLanguage\":\"en-GB\"}]}<\/script>\n<!-- \/ Yoast SEO Premium plugin. -->","yoast_head_json":{"title":"Moisturizing 15-minute ultra-moisturizing hair mask treatment, 280ml - ONLYBIO","description":"Ekspresowa kuracja nawil\u017caj\u0105ca z betain\u0105, aloesem i olejem moringa. Regeneruje, wyg\u0142adza i przywraca mi\u0119kko\u015b\u0107 suchym i \u0142amliwym w\u0142osom.","robots":{"index":"index","follow":"follow","max-snippet":"max-snippet:-1","max-image-preview":"max-image-preview:large","max-video-preview":"max-video-preview:-1"},"canonical":"https:\/\/pitaya.no\/en\/product\/nawilzenie-15-minutowa-kuracja-ultranawilzajaca-maska-do-wlosow-280ml-onlybio\/","og_locale":"en_GB","og_type":"article","og_title":"Nawil\u017cenie 15 minutowa kuracja ultranawil\u017caj\u0105ca maska do w\u0142os\u00f3w, 280ml - ONLYBIO","og_description":"Ekspresowa kuracja nawil\u017caj\u0105ca z betain\u0105, aloesem i olejem moringa. Regeneruje, wyg\u0142adza i przywraca mi\u0119kko\u015b\u0107 suchym i \u0142amliwym w\u0142osom.","og_url":"https:\/\/pitaya.no\/en\/product\/nawilzenie-15-minutowa-kuracja-ultranawilzajaca-maska-do-wlosow-280ml-onlybio\/","og_site_name":"Pitaya.no","article_publisher":"https:\/\/www.facebook.com\/Pitaya.no","article_modified_time":"2026-02-18T21:32:50+00:00","og_image":[{"width":898,"height":898,"url":"https:\/\/pitaya.no\/wp-content\/uploads\/2025\/11\/nawilzeniemaska.png","type":"image\/png"}],"twitter_card":"summary_large_image","twitter_misc":{"Estimated reading time":"2 minutes"},"schema":{"@context":"https:\/\/schema.org","@graph":[{"@type":"WebPage","@id":"https:\/\/pitaya.no\/produkt\/nawilzenie-15-minutowa-kuracja-ultranawilzajaca-maska-do-wlosow-280ml-onlybio\/","url":"https:\/\/pitaya.no\/produkt\/nawilzenie-15-minutowa-kuracja-ultranawilzajaca-maska-do-wlosow-280ml-onlybio\/","name":"Moisturizing 15-minute ultra-moisturizing hair mask treatment, 280ml - ONLYBIO","isPartOf":{"@id":"https:\/\/pitaya.no\/#website"},"datePublished":"2025-11-28T23:45:21+00:00","dateModified":"2026-02-18T21:32:50+00:00","description":"Ekspresowa kuracja nawil\u017caj\u0105ca z betain\u0105, aloesem i olejem moringa. Regeneruje, wyg\u0142adza i przywraca mi\u0119kko\u015b\u0107 suchym i \u0142amliwym w\u0142osom.","breadcrumb":{"@id":"https:\/\/pitaya.no\/produkt\/nawilzenie-15-minutowa-kuracja-ultranawilzajaca-maska-do-wlosow-280ml-onlybio\/#breadcrumb"},"inLanguage":"en-GB","potentialAction":[{"@type":"ReadAction","target":["https:\/\/pitaya.no\/produkt\/nawilzenie-15-minutowa-kuracja-ultranawilzajaca-maska-do-wlosow-280ml-onlybio\/"]}]},{"@type":"BreadcrumbList","@id":"https:\/\/pitaya.no\/produkt\/nawilzenie-15-minutowa-kuracja-ultranawilzajaca-maska-do-wlosow-280ml-onlybio\/#breadcrumb","itemListElement":[{"@type":"ListItem","position":1,"name":"Strona g\u0142\u00f3wna","item":"https:\/\/pitaya.no\/"},{"@type":"ListItem","position":2,"name":"Sklep","item":"https:\/\/pitaya.no\/sklep\/"},{"@type":"ListItem","position":3,"name":"Nawil\u017cenie 15 minutowa kuracja ultranawil\u017caj\u0105ca maska do w\u0142os\u00f3w, 280ml &#8211; ONLYBIO"}]},{"@type":"WebSite","@id":"https:\/\/pitaya.no\/#website","url":"https:\/\/pitaya.no\/","name":"Pitaya.no","description":"Polish organic drugstore in Norway","potentialAction":[{"@type":"SearchAction","target":{"@type":"EntryPoint","urlTemplate":"https:\/\/pitaya.no\/?s={search_term_string}"},"query-input":"required name=search_term_string"}],"inLanguage":"en-GB"}]}},"_links":{"self":[{"href":"https:\/\/pitaya.no\/en\/wp-json\/wp\/v2\/product\/6894"}],"collection":[{"href":"https:\/\/pitaya.no\/en\/wp-json\/wp\/v2\/product"}],"about":[{"href":"https:\/\/pitaya.no\/en\/wp-json\/wp\/v2\/types\/product"}],"wp:featuredmedia":[{"embeddable":true,"href":"https:\/\/pitaya.no\/en\/wp-json\/wp\/v2\/media\/6897"}],"wp:attachment":[{"href":"https:\/\/pitaya.no\/en\/wp-json\/wp\/v2\/media?parent=6894"}],"wp:term":[{"taxonomy":"product_cat","embeddable":true,"href":"https:\/\/pitaya.no\/en\/wp-json\/wp\/v2\/product_cat?post=6894"},{"taxonomy":"product_tag","embeddable":true,"href":"https:\/\/pitaya.no\/en\/wp-json\/wp\/v2\/product_tag?post=6894"},{"taxonomy":"berocket_brand","embeddable":true,"href":"https:\/\/pitaya.no\/en\/wp-json\/wp\/v2\/berocket_brand?post=6894"}],"curies":[{"name":"wp","href":"https:\/\/api.w.org\/{rel}","templated":true}]}}