{"id":6885,"date":"2025-11-28T22:49:01","date_gmt":"2025-11-28T22:49:01","guid":{"rendered":"https:\/\/pitaya.no\/?post_type=product&#038;p=6885"},"modified":"2026-02-21T21:41:05","modified_gmt":"2026-02-21T21:41:05","slug":"regeneracja-2-minutowa-maska-ekspresowa-do-wlosow-200ml-onlybio","status":"publish","type":"product","link":"https:\/\/pitaya.no\/en\/product\/regeneracja-2-minutowa-maska-ekspresowa-do-wlosow-200ml-onlybio\/","title":{"rendered":"Regeneration 2-minute express hair mask, 200ml \u2013 ONLYBIO"},"content":{"rendered":"<h1>Regeneration 2-minute express hair mask, 200ml \u2013 ONLYBIO<\/h1>\n<p data-start=\"157\" data-end=\"525\">Discover an express mask that will transform the condition of even the most damaged hair in just 2 minutes. The advanced formula has been enriched with <strong data-start=\"301\" data-end=\"318\">rice proteins<\/strong>, <strong data-start=\"320\" data-end=\"347\">couch grass rhizome extract<\/strong> and <strong data-start=\"353\" data-end=\"371\">iris extract<\/strong>, thus deeply strengthening and rebuilding the hair structure. Strands become visibly smoother, stronger, full of elasticity, and stunning shine.<\/p>\n<p data-start=\"527\" data-end=\"665\">Perfect when you need a quick but highly effective result \u2013 without weighing down your hair or prolonging your care rituals.<\/p>\n<p data-start=\"667\" data-end=\"802\"><strong data-start=\"667\" data-end=\"683\">What does it smell like?<\/strong><br data-start=\"683\" data-end=\"686\" \/>The carefully composed, luxurious fragrance envelops the hair and remains noticeable long after use.<\/p>\n<ul data-start=\"803\" data-end=\"1058\">\n<li data-start=\"803\" data-end=\"876\">\n<p data-start=\"805\" data-end=\"876\"><strong data-start=\"805\" data-end=\"820\">Top notes:<\/strong> bergamot, apple \u2013 fresh, energizing opening.<\/p>\n<\/li>\n<li data-start=\"877\" data-end=\"960\">\n<p data-start=\"879\" data-end=\"960\"><strong data-start=\"879\" data-end=\"894\">Heart notes:<\/strong> jasmine, rose \u2013 a feminine, floral heart that adds elegance.<\/p>\n<\/li>\n<li data-start=\"961\" data-end=\"1058\">\n<p data-start=\"963\" data-end=\"1058\"><strong data-start=\"963\" data-end=\"977\">Base notes:<\/strong> peach, caramelized fruit \u2013 a warm, sweet ending that is addictive.<\/p>\n<\/li>\n<\/ul>\n<p data-start=\"1060\" data-end=\"1178\"><strong data-start=\"1060\" data-end=\"1070\">Effect:<\/strong> hair visibly regenerated, soft, silky and full of natural shine \u2013 in just two minutes.<\/p>\n<p><b>What is Hair Cycling?<\/b><\/p>\n<p><b>Hair Cycling is a modern hair care method that&#039;s gaining popularity because it combines effectiveness with a comprehensive understanding of the needs of hair and scalp. It&#039;s a cyclical ritual based on alternating product applications, providing the hair with different nutrients during each wash:<\/b><\/p>\n<p><b>regenerating,<\/b><\/p>\n<p><b>moisturizing,<\/b><\/p>\n<p><b>nutritional.<\/b><\/p>\n<p><b>This way you don&#039;t overload them with the same activity, but instead take care of their balance, health and natural glow.<\/b><\/p>\n<p><b>During the cycle:<\/b><b><\/b><\/p>\n<ul>\n<li>on the first day you focus on intensive <b>regeneration<\/b><\/li>\n<li>on the second day you can choose formulas <b>moisturizing<\/b><\/li>\n<li>and on the third day reach for products from the series <b>nutrition<\/b><b><\/b><\/li>\n<\/ul>\n<p><img fetchpriority=\"high\" decoding=\"async\" class=\"size-full wp-image-6881\" src=\"https:\/\/pitaya.no\/wp-content\/uploads\/2025\/11\/regenerationshampoo4.png\" alt=\"Regeneracja szampon do w\u0142os\u00f3w i sk\u00f3ry g\u0142owy 250ml\" width=\"900\" height=\"589\" srcset=\"https:\/\/pitaya.no\/wp-content\/uploads\/2025\/11\/regenerationshampoo4.png 900w, https:\/\/pitaya.no\/wp-content\/uploads\/2025\/11\/regenerationshampoo4-300x196.png 300w, https:\/\/pitaya.no\/wp-content\/uploads\/2025\/11\/regenerationshampoo4-768x503.png 768w, https:\/\/pitaya.no\/wp-content\/uploads\/2025\/11\/regenerationshampoo4-18x12.png 18w, https:\/\/pitaya.no\/wp-content\/uploads\/2025\/11\/regenerationshampoo4-600x393.png 600w, https:\/\/pitaya.no\/wp-content\/uploads\/2025\/11\/regenerationshampoo4-83x54.png 83w, https:\/\/pitaya.no\/wp-content\/uploads\/2025\/11\/regenerationshampoo4-64x42.png 64w\" sizes=\"(max-width: 900px) 100vw, 900px\" \/><\/p>\n<p>&nbsp;<\/p>\n<h3>How to use<\/h3>\n<p>Apply a small amount of the mask to damp, squeezed-out hair. Wait 2 minutes, then rinse.<\/p>\n<h3><em>Ingredients<\/em><\/h3>\n<p><em>Aqua, Cetearyl Alcohol, Cetrimonium Chloride, Behentrimonium Chloride, Behentrimonium Methosulfate, Hydrolyzed Rice Protein, Agropyron Repens Root Extract, Iris Pallida Root Extract, Butyrospermum Parkii (Shea) Butter, Ricinus Communis Seed Oil, Prunus Amygdalus Dulcis (Sweet Almond) Oil, Polyquaterium-37, Leuconostoc\/Radish Root Ferment Filtrate, Citric Acid, CI 16185, Sodium Benzoate, Potassium Sorbate, Benzyl Alcohol, Dehydroacetic Acid, Parfum, Hexyl Cinnamal, Linalool, Tetramethyl Acetyloctahydronaphthalenes.<\/em><\/p>\n<p>&nbsp;<\/p>","protected":false},"excerpt":{"rendered":"<p><strong data-start=\"27\" data-end=\"58\">2-minute express mask<\/strong> This is a quick rescue for severely damaged hair. Enriched with rice protein, couch grass extract, and iris extract, it intensively regenerates, smooths, and restores shine. It envelops hair in an elegant fragrance with notes of bergamot, jasmine, and caramelized fruit. Perfect for when you need an instant effect.<\/p>\n<p><strong>Capacity 200 ml<\/strong><\/p>","protected":false},"featured_media":6890,"template":"","meta":{"_themeisle_gutenberg_block_has_review":false},"product_cat":[315,317],"product_tag":[358,338,360,361],"berocket_brand":[],"yoast_head":"<!-- This site is optimized with the Yoast SEO Premium plugin v21.2 (Yoast SEO v21.5) - https:\/\/yoast.com\/wordpress\/plugins\/seo\/ -->\n<title>Regeneracja 2 minutowa maska ekspresowa do w\u0142os\u00f3w, 200ml - ONLYBIO<\/title>\n<meta name=\"description\" content=\"Intensywna 2-minutowa maska ekspresowa regeneruj\u0105ca w\u0142osy zniszczone. Wzmacnia, wyg\u0142adza i dodaje blasku dzi\u0119ki proteinom ry\u017cu i ekstraktom ro\u015blinnym.\" \/>\n<meta name=\"robots\" content=\"index, follow, max-snippet:-1, max-image-preview:large, max-video-preview:-1\" \/>\n<link rel=\"canonical\" href=\"https:\/\/pitaya.no\/en\/product\/regeneracja-2-minutowa-maska-ekspresowa-do-wlosow-200ml-onlybio\/\" \/>\n<meta property=\"og:locale\" content=\"en_GB\" \/>\n<meta property=\"og:type\" content=\"article\" \/>\n<meta property=\"og:title\" content=\"Regeneracja 2 minutowa maska ekspresowa do w\u0142os\u00f3w, 200ml - ONLYBIO\" \/>\n<meta property=\"og:description\" content=\"Intensywna 2-minutowa maska ekspresowa regeneruj\u0105ca w\u0142osy zniszczone. Wzmacnia, wyg\u0142adza i dodaje blasku dzi\u0119ki proteinom ry\u017cu i ekstraktom ro\u015blinnym.\" \/>\n<meta property=\"og:url\" content=\"https:\/\/pitaya.no\/en\/product\/regeneracja-2-minutowa-maska-ekspresowa-do-wlosow-200ml-onlybio\/\" \/>\n<meta property=\"og:site_name\" content=\"Pitaya.no\" \/>\n<meta property=\"article:publisher\" content=\"https:\/\/www.facebook.com\/Pitaya.no\" \/>\n<meta property=\"article:modified_time\" content=\"2026-02-21T21:41:05+00:00\" \/>\n<meta property=\"og:image\" content=\"https:\/\/pitaya.no\/wp-content\/uploads\/2025\/11\/regeneracjaodzywka-1.png\" \/>\n\t<meta property=\"og:image:width\" content=\"1103\" \/>\n\t<meta property=\"og:image:height\" content=\"1103\" \/>\n\t<meta property=\"og:image:type\" content=\"image\/png\" \/>\n<meta name=\"twitter:card\" content=\"summary_large_image\" \/>\n<meta name=\"twitter:label1\" content=\"Estimated reading time\" \/>\n\t<meta name=\"twitter:data1\" content=\"3 minutes\" \/>\n<script type=\"application\/ld+json\" class=\"yoast-schema-graph\">{\"@context\":\"https:\/\/schema.org\",\"@graph\":[{\"@type\":\"WebPage\",\"@id\":\"https:\/\/pitaya.no\/produkt\/regeneracja-2-minutowa-maska-ekspresowa-do-wlosow-200ml-onlybio\/\",\"url\":\"https:\/\/pitaya.no\/produkt\/regeneracja-2-minutowa-maska-ekspresowa-do-wlosow-200ml-onlybio\/\",\"name\":\"Regeneracja 2 minutowa maska ekspresowa do w\u0142os\u00f3w, 200ml - ONLYBIO\",\"isPartOf\":{\"@id\":\"https:\/\/pitaya.no\/#website\"},\"datePublished\":\"2025-11-28T22:49:01+00:00\",\"dateModified\":\"2026-02-21T21:41:05+00:00\",\"description\":\"Intensywna 2-minutowa maska ekspresowa regeneruj\u0105ca w\u0142osy zniszczone. Wzmacnia, wyg\u0142adza i dodaje blasku dzi\u0119ki proteinom ry\u017cu i ekstraktom ro\u015blinnym.\",\"breadcrumb\":{\"@id\":\"https:\/\/pitaya.no\/produkt\/regeneracja-2-minutowa-maska-ekspresowa-do-wlosow-200ml-onlybio\/#breadcrumb\"},\"inLanguage\":\"en-GB\",\"potentialAction\":[{\"@type\":\"ReadAction\",\"target\":[\"https:\/\/pitaya.no\/produkt\/regeneracja-2-minutowa-maska-ekspresowa-do-wlosow-200ml-onlybio\/\"]}]},{\"@type\":\"BreadcrumbList\",\"@id\":\"https:\/\/pitaya.no\/produkt\/regeneracja-2-minutowa-maska-ekspresowa-do-wlosow-200ml-onlybio\/#breadcrumb\",\"itemListElement\":[{\"@type\":\"ListItem\",\"position\":1,\"name\":\"Strona g\u0142\u00f3wna\",\"item\":\"https:\/\/pitaya.no\/\"},{\"@type\":\"ListItem\",\"position\":2,\"name\":\"Sklep\",\"item\":\"https:\/\/pitaya.no\/sklep\/\"},{\"@type\":\"ListItem\",\"position\":3,\"name\":\"Regeneracja 2 minutowa maska ekspresowa do w\u0142os\u00f3w, 200ml &#8211; ONLYBIO\"}]},{\"@type\":\"WebSite\",\"@id\":\"https:\/\/pitaya.no\/#website\",\"url\":\"https:\/\/pitaya.no\/\",\"name\":\"Pitaya.no\",\"description\":\"Polska drogeria ekologiczna w Norwegii\",\"potentialAction\":[{\"@type\":\"SearchAction\",\"target\":{\"@type\":\"EntryPoint\",\"urlTemplate\":\"https:\/\/pitaya.no\/?s={search_term_string}\"},\"query-input\":\"required name=search_term_string\"}],\"inLanguage\":\"en-GB\"}]}<\/script>\n<!-- \/ Yoast SEO Premium plugin. -->","yoast_head_json":{"title":"Regeneration 2-minute express hair mask, 200ml - ONLYBIO","description":"Intensywna 2-minutowa maska ekspresowa regeneruj\u0105ca w\u0142osy zniszczone. Wzmacnia, wyg\u0142adza i dodaje blasku dzi\u0119ki proteinom ry\u017cu i ekstraktom ro\u015blinnym.","robots":{"index":"index","follow":"follow","max-snippet":"max-snippet:-1","max-image-preview":"max-image-preview:large","max-video-preview":"max-video-preview:-1"},"canonical":"https:\/\/pitaya.no\/en\/product\/regeneracja-2-minutowa-maska-ekspresowa-do-wlosow-200ml-onlybio\/","og_locale":"en_GB","og_type":"article","og_title":"Regeneracja 2 minutowa maska ekspresowa do w\u0142os\u00f3w, 200ml - ONLYBIO","og_description":"Intensywna 2-minutowa maska ekspresowa regeneruj\u0105ca w\u0142osy zniszczone. Wzmacnia, wyg\u0142adza i dodaje blasku dzi\u0119ki proteinom ry\u017cu i ekstraktom ro\u015blinnym.","og_url":"https:\/\/pitaya.no\/en\/product\/regeneracja-2-minutowa-maska-ekspresowa-do-wlosow-200ml-onlybio\/","og_site_name":"Pitaya.no","article_publisher":"https:\/\/www.facebook.com\/Pitaya.no","article_modified_time":"2026-02-21T21:41:05+00:00","og_image":[{"width":1103,"height":1103,"url":"https:\/\/pitaya.no\/wp-content\/uploads\/2025\/11\/regeneracjaodzywka-1.png","type":"image\/png"}],"twitter_card":"summary_large_image","twitter_misc":{"Estimated reading time":"3 minutes"},"schema":{"@context":"https:\/\/schema.org","@graph":[{"@type":"WebPage","@id":"https:\/\/pitaya.no\/produkt\/regeneracja-2-minutowa-maska-ekspresowa-do-wlosow-200ml-onlybio\/","url":"https:\/\/pitaya.no\/produkt\/regeneracja-2-minutowa-maska-ekspresowa-do-wlosow-200ml-onlybio\/","name":"Regeneration 2-minute express hair mask, 200ml - ONLYBIO","isPartOf":{"@id":"https:\/\/pitaya.no\/#website"},"datePublished":"2025-11-28T22:49:01+00:00","dateModified":"2026-02-21T21:41:05+00:00","description":"Intensywna 2-minutowa maska ekspresowa regeneruj\u0105ca w\u0142osy zniszczone. Wzmacnia, wyg\u0142adza i dodaje blasku dzi\u0119ki proteinom ry\u017cu i ekstraktom ro\u015blinnym.","breadcrumb":{"@id":"https:\/\/pitaya.no\/produkt\/regeneracja-2-minutowa-maska-ekspresowa-do-wlosow-200ml-onlybio\/#breadcrumb"},"inLanguage":"en-GB","potentialAction":[{"@type":"ReadAction","target":["https:\/\/pitaya.no\/produkt\/regeneracja-2-minutowa-maska-ekspresowa-do-wlosow-200ml-onlybio\/"]}]},{"@type":"BreadcrumbList","@id":"https:\/\/pitaya.no\/produkt\/regeneracja-2-minutowa-maska-ekspresowa-do-wlosow-200ml-onlybio\/#breadcrumb","itemListElement":[{"@type":"ListItem","position":1,"name":"Strona g\u0142\u00f3wna","item":"https:\/\/pitaya.no\/"},{"@type":"ListItem","position":2,"name":"Sklep","item":"https:\/\/pitaya.no\/sklep\/"},{"@type":"ListItem","position":3,"name":"Regeneracja 2 minutowa maska ekspresowa do w\u0142os\u00f3w, 200ml &#8211; ONLYBIO"}]},{"@type":"WebSite","@id":"https:\/\/pitaya.no\/#website","url":"https:\/\/pitaya.no\/","name":"Pitaya.no","description":"Polish organic drugstore in Norway","potentialAction":[{"@type":"SearchAction","target":{"@type":"EntryPoint","urlTemplate":"https:\/\/pitaya.no\/?s={search_term_string}"},"query-input":"required name=search_term_string"}],"inLanguage":"en-GB"}]}},"_links":{"self":[{"href":"https:\/\/pitaya.no\/en\/wp-json\/wp\/v2\/product\/6885"}],"collection":[{"href":"https:\/\/pitaya.no\/en\/wp-json\/wp\/v2\/product"}],"about":[{"href":"https:\/\/pitaya.no\/en\/wp-json\/wp\/v2\/types\/product"}],"wp:featuredmedia":[{"embeddable":true,"href":"https:\/\/pitaya.no\/en\/wp-json\/wp\/v2\/media\/6890"}],"wp:attachment":[{"href":"https:\/\/pitaya.no\/en\/wp-json\/wp\/v2\/media?parent=6885"}],"wp:term":[{"taxonomy":"product_cat","embeddable":true,"href":"https:\/\/pitaya.no\/en\/wp-json\/wp\/v2\/product_cat?post=6885"},{"taxonomy":"product_tag","embeddable":true,"href":"https:\/\/pitaya.no\/en\/wp-json\/wp\/v2\/product_tag?post=6885"},{"taxonomy":"berocket_brand","embeddable":true,"href":"https:\/\/pitaya.no\/en\/wp-json\/wp\/v2\/berocket_brand?post=6885"}],"curies":[{"name":"wp","href":"https:\/\/api.w.org\/{rel}","templated":true}]}}