{"id":6861,"date":"2025-11-28T19:23:08","date_gmt":"2025-11-28T19:23:08","guid":{"rendered":"https:\/\/pitaya.no\/?post_type=product&#038;p=6861"},"modified":"2026-02-14T07:40:30","modified_gmt":"2026-02-14T07:40:30","slug":"squeaky-clean-peeling-kwasowy-do-skory-glowy-150ml-hairy-tale-cosmetics","status":"publish","type":"product","link":"https:\/\/pitaya.no\/en\/product\/squeaky-clean-peeling-kwasowy-do-skory-glowy-150ml-hairy-tale-cosmetics\/","title":{"rendered":"SQUEAKY CLEAN acid peeling for the scalp, 150ml \u2013 Hairy Tale Cosmetics"},"content":{"rendered":"<h1>SQUEAKY CLEAN acid peeling for the scalp, 150ml \u2013 Hairy Tale Cosmetics<\/h1>\n<p data-start=\"237\" data-end=\"633\">Squeaky Clean is an innovative acid peel designed for those for whom &quot;no peels work.&quot; It combines four AHA acids\u2014tartaric, lactic, glycolic, and shikimic\u2014that effectively remove dead skin cells, sebum, cosmetic residue, and hard water deposits. It supports the scalp&#039;s renewal processes, regulates sebum production, and helps maintain a healthy scalp balance.<\/p>\n<p data-start=\"635\" data-end=\"835\">The formula is balanced with acerola extract, rich in antioxidants, and a soothing inulin derivative, making the exfoliation effective yet gentle.<\/p>\n<h4 data-start=\"837\" data-end=\"879\"><strong data-start=\"842\" data-end=\"879\">Why you&#039;ll love Squeaky Clean?<\/strong><\/h4>\n<ul data-start=\"880\" data-end=\"1464\">\n<li data-start=\"880\" data-end=\"985\">\n<p data-start=\"882\" data-end=\"985\"><strong data-start=\"882\" data-end=\"916\">A scrub that really works<\/strong> \u2013 ideal especially for demanding and problematic scalp.<\/p>\n<\/li>\n<li data-start=\"986\" data-end=\"1066\">\n<p data-start=\"988\" data-end=\"1066\"><strong data-start=\"988\" data-end=\"1011\">AHA acid complex<\/strong> \u2013 deep, thorough but non-aggressive cleansing.<\/p>\n<\/li>\n<li data-start=\"1067\" data-end=\"1155\">\n<p data-start=\"1069\" data-end=\"1155\"><strong data-start=\"1069\" data-end=\"1106\">Regulates epidermal renewal and sebum production<\/strong> \u2013 healthier, more balanced scalp.<\/p>\n<\/li>\n<li data-start=\"1156\" data-end=\"1222\">\n<p data-start=\"1158\" data-end=\"1222\"><strong data-start=\"1158\" data-end=\"1176\">Gel formula<\/strong> \u2013 easy application and pleasant consistency.<\/p>\n<\/li>\n<li data-start=\"1223\" data-end=\"1347\">\n<p data-start=\"1225\" data-end=\"1347\"><strong data-start=\"1225\" data-end=\"1273\">A composition rich in humectants and soothing ingredients<\/strong> \u2013 maltodextrin, glycerin, inulin and panthenol soothe and moisturize.<\/p>\n<\/li>\n<li data-start=\"1348\" data-end=\"1464\">\n<p data-start=\"1350\" data-end=\"1464\"><strong data-start=\"1350\" data-end=\"1384\">Arginine in a duet with panthenol<\/strong> \u2013 regulates the action of acids, ensuring a more gentle exfoliation process.<\/p>\n<\/li>\n<\/ul>\n<h4 data-start=\"1466\" data-end=\"1484\"><strong data-start=\"1471\" data-end=\"1484\">For whom?<\/strong><\/h4>\n<p data-start=\"1485\" data-end=\"1693\">For anyone who needs an effective, yet non-irritating exfoliator. Perfect for scalps with excessive oiliness, buildup, a feeling of &quot;uncleanness,&quot; or a feeling of heaviness after using cosmetics.<\/p>\n<div id=\"attachment_6863\" style=\"width: 829px\" class=\"wp-caption aligncenter\"><img aria-describedby=\"caption-attachment-6863\" fetchpriority=\"high\" decoding=\"async\" class=\"size-large wp-image-6863\" src=\"https:\/\/pitaya.no\/wp-content\/uploads\/2025\/11\/squeaky3-819x1024.jpg\" alt=\"SQUEAKY CLEAN peeling kwasowy do sk\u00f3ry g\u0142owy, 150ml - Hairy Tale Cosmetics\" width=\"819\" height=\"1024\" srcset=\"https:\/\/pitaya.no\/wp-content\/uploads\/2025\/11\/squeaky3-819x1024.jpg 819w, https:\/\/pitaya.no\/wp-content\/uploads\/2025\/11\/squeaky3-240x300.jpg 240w, https:\/\/pitaya.no\/wp-content\/uploads\/2025\/11\/squeaky3-768x960.jpg 768w, https:\/\/pitaya.no\/wp-content\/uploads\/2025\/11\/squeaky3-10x12.jpg 10w, https:\/\/pitaya.no\/wp-content\/uploads\/2025\/11\/squeaky3-600x750.jpg 600w, https:\/\/pitaya.no\/wp-content\/uploads\/2025\/11\/squeaky3-43x54.jpg 43w, https:\/\/pitaya.no\/wp-content\/uploads\/2025\/11\/squeaky3-64x80.jpg 64w, https:\/\/pitaya.no\/wp-content\/uploads\/2025\/11\/squeaky3.jpg 1080w\" sizes=\"(max-width: 819px) 100vw, 819px\" \/><p id=\"caption-attachment-6863\" class=\"wp-caption-text\">SQUEAKY CLEAN acid peeling for the scalp, 150ml \u2013 Hairy Tale Cosmetics<\/p><\/div>\n<p><strong>How to use: <\/strong>Apply a small amount of the product to a dry scalp before washing. For easier styling, section your hair. Gently massage in. Leave on for 5-10 minutes, then shampoo. Avoid contact with eyes. Exfoliate no more than once a week.<\/p>\n<p><em><strong>Composition: <\/strong>Aqua, Panthenol, Tartaric Acid, Lactic Acid, Glycolic Acid, Sodium Hydroxide, Maltodextrin, Xanthan Gum, Shikimic Acid, Citric Acid, Malpighia Glabra Fruit Juice, Sodium PCA, Sodium Lactate, Arginine, Aspartic Acid, PCA, Glycine, Alanine, Serine, Valine, Proline, Threonine, Isoleucine, Histidine, Phenylalanine, Inulin, Cellulose Gum, Cellulose, Glucose, Fructose, Biosaccharide Gum-1, Sodium Levulinate, Potassium Sorbate, Trisodium Ethylenediamine Disuccinate, Parfum, Citral, Limonene, Linalool.<\/em><\/p>\n<p>&nbsp;<\/p>","protected":false},"excerpt":{"rendered":"<p>Squeaky Clean is an acid peel that finally delivers results! It thoroughly cleanses the scalp, regulates sebum production, and restores freshness after just one use. Your hair will reward you with a light and healthy appearance.<\/p>\n<p><strong>Capacity 150 ml<\/strong><\/p>","protected":false},"featured_media":6864,"template":"","meta":{"_themeisle_gutenberg_block_has_review":false},"product_cat":[324,325],"product_tag":[340,353,352,349],"berocket_brand":[309],"yoast_head":"<!-- This site is optimized with the Yoast SEO Premium plugin v21.2 (Yoast SEO v21.5) - https:\/\/yoast.com\/wordpress\/plugins\/seo\/ -->\n<title>SQUEAKY CLEAN peeling kwasowy do sk\u00f3ry g\u0142owy, 150ml - Hairy Tale Cosmetics<\/title>\n<meta name=\"description\" content=\"Skuteczny peeling kwasowy do sk\u00f3ry g\u0142owy Squeaky Clean od HAIRY TALE COSMETICS. G\u0142\u0119boko oczyszcza, reguluje sebum i wspiera odnow\u0119 nask\u00f3rka, pozostawiaj\u0105c sk\u00f3r\u0119 \u015bwie\u017c\u0105 i zr\u00f3wnowa\u017con\u0105.\" \/>\n<meta name=\"robots\" content=\"index, follow, max-snippet:-1, max-image-preview:large, max-video-preview:-1\" \/>\n<link rel=\"canonical\" href=\"https:\/\/pitaya.no\/en\/product\/squeaky-clean-peeling-kwasowy-do-skory-glowy-150ml-hairy-tale-cosmetics\/\" \/>\n<meta property=\"og:locale\" content=\"en_GB\" \/>\n<meta property=\"og:type\" content=\"article\" \/>\n<meta property=\"og:title\" content=\"SQUEAKY CLEAN peeling kwasowy do sk\u00f3ry g\u0142owy, 150ml - Hairy Tale Cosmetics\" \/>\n<meta property=\"og:description\" content=\"Skuteczny peeling kwasowy do sk\u00f3ry g\u0142owy Squeaky Clean od HAIRY TALE COSMETICS. G\u0142\u0119boko oczyszcza, reguluje sebum i wspiera odnow\u0119 nask\u00f3rka, pozostawiaj\u0105c sk\u00f3r\u0119 \u015bwie\u017c\u0105 i zr\u00f3wnowa\u017con\u0105.\" \/>\n<meta property=\"og:url\" content=\"https:\/\/pitaya.no\/en\/product\/squeaky-clean-peeling-kwasowy-do-skory-glowy-150ml-hairy-tale-cosmetics\/\" \/>\n<meta property=\"og:site_name\" content=\"Pitaya.no\" \/>\n<meta property=\"article:publisher\" content=\"https:\/\/www.facebook.com\/Pitaya.no\" \/>\n<meta property=\"article:modified_time\" content=\"2026-02-14T07:40:30+00:00\" \/>\n<meta property=\"og:image\" content=\"https:\/\/pitaya.no\/wp-content\/uploads\/2025\/11\/squeaky.png\" \/>\n\t<meta property=\"og:image:width\" content=\"998\" \/>\n\t<meta property=\"og:image:height\" content=\"998\" \/>\n\t<meta property=\"og:image:type\" content=\"image\/png\" \/>\n<meta name=\"twitter:card\" content=\"summary_large_image\" \/>\n<meta name=\"twitter:label1\" content=\"Estimated reading time\" \/>\n\t<meta name=\"twitter:data1\" content=\"3 minutes\" \/>\n<script type=\"application\/ld+json\" class=\"yoast-schema-graph\">{\"@context\":\"https:\/\/schema.org\",\"@graph\":[{\"@type\":\"WebPage\",\"@id\":\"https:\/\/pitaya.no\/produkt\/squeaky-clean-peeling-kwasowy-do-skory-glowy-150ml-hairy-tale-cosmetics\/\",\"url\":\"https:\/\/pitaya.no\/produkt\/squeaky-clean-peeling-kwasowy-do-skory-glowy-150ml-hairy-tale-cosmetics\/\",\"name\":\"SQUEAKY CLEAN peeling kwasowy do sk\u00f3ry g\u0142owy, 150ml - Hairy Tale Cosmetics\",\"isPartOf\":{\"@id\":\"https:\/\/pitaya.no\/#website\"},\"datePublished\":\"2025-11-28T19:23:08+00:00\",\"dateModified\":\"2026-02-14T07:40:30+00:00\",\"description\":\"Skuteczny peeling kwasowy do sk\u00f3ry g\u0142owy Squeaky Clean od HAIRY TALE COSMETICS. G\u0142\u0119boko oczyszcza, reguluje sebum i wspiera odnow\u0119 nask\u00f3rka, pozostawiaj\u0105c sk\u00f3r\u0119 \u015bwie\u017c\u0105 i zr\u00f3wnowa\u017con\u0105.\",\"breadcrumb\":{\"@id\":\"https:\/\/pitaya.no\/produkt\/squeaky-clean-peeling-kwasowy-do-skory-glowy-150ml-hairy-tale-cosmetics\/#breadcrumb\"},\"inLanguage\":\"en-GB\",\"potentialAction\":[{\"@type\":\"ReadAction\",\"target\":[\"https:\/\/pitaya.no\/produkt\/squeaky-clean-peeling-kwasowy-do-skory-glowy-150ml-hairy-tale-cosmetics\/\"]}]},{\"@type\":\"BreadcrumbList\",\"@id\":\"https:\/\/pitaya.no\/produkt\/squeaky-clean-peeling-kwasowy-do-skory-glowy-150ml-hairy-tale-cosmetics\/#breadcrumb\",\"itemListElement\":[{\"@type\":\"ListItem\",\"position\":1,\"name\":\"Strona g\u0142\u00f3wna\",\"item\":\"https:\/\/pitaya.no\/\"},{\"@type\":\"ListItem\",\"position\":2,\"name\":\"Sklep\",\"item\":\"https:\/\/pitaya.no\/sklep\/\"},{\"@type\":\"ListItem\",\"position\":3,\"name\":\"SQUEAKY CLEAN peeling kwasowy do sk\u00f3ry g\u0142owy, 150ml &#8211; Hairy Tale Cosmetics\"}]},{\"@type\":\"WebSite\",\"@id\":\"https:\/\/pitaya.no\/#website\",\"url\":\"https:\/\/pitaya.no\/\",\"name\":\"Pitaya.no\",\"description\":\"Polska drogeria ekologiczna w Norwegii\",\"potentialAction\":[{\"@type\":\"SearchAction\",\"target\":{\"@type\":\"EntryPoint\",\"urlTemplate\":\"https:\/\/pitaya.no\/?s={search_term_string}\"},\"query-input\":\"required name=search_term_string\"}],\"inLanguage\":\"en-GB\"}]}<\/script>\n<!-- \/ Yoast SEO Premium plugin. -->","yoast_head_json":{"title":"SQUEAKY CLEAN acid peeling for the scalp, 150ml - Hairy Tale Cosmetics","description":"Skuteczny peeling kwasowy do sk\u00f3ry g\u0142owy Squeaky Clean od HAIRY TALE COSMETICS. G\u0142\u0119boko oczyszcza, reguluje sebum i wspiera odnow\u0119 nask\u00f3rka, pozostawiaj\u0105c sk\u00f3r\u0119 \u015bwie\u017c\u0105 i zr\u00f3wnowa\u017con\u0105.","robots":{"index":"index","follow":"follow","max-snippet":"max-snippet:-1","max-image-preview":"max-image-preview:large","max-video-preview":"max-video-preview:-1"},"canonical":"https:\/\/pitaya.no\/en\/product\/squeaky-clean-peeling-kwasowy-do-skory-glowy-150ml-hairy-tale-cosmetics\/","og_locale":"en_GB","og_type":"article","og_title":"SQUEAKY CLEAN peeling kwasowy do sk\u00f3ry g\u0142owy, 150ml - Hairy Tale Cosmetics","og_description":"Skuteczny peeling kwasowy do sk\u00f3ry g\u0142owy Squeaky Clean od HAIRY TALE COSMETICS. G\u0142\u0119boko oczyszcza, reguluje sebum i wspiera odnow\u0119 nask\u00f3rka, pozostawiaj\u0105c sk\u00f3r\u0119 \u015bwie\u017c\u0105 i zr\u00f3wnowa\u017con\u0105.","og_url":"https:\/\/pitaya.no\/en\/product\/squeaky-clean-peeling-kwasowy-do-skory-glowy-150ml-hairy-tale-cosmetics\/","og_site_name":"Pitaya.no","article_publisher":"https:\/\/www.facebook.com\/Pitaya.no","article_modified_time":"2026-02-14T07:40:30+00:00","og_image":[{"width":998,"height":998,"url":"https:\/\/pitaya.no\/wp-content\/uploads\/2025\/11\/squeaky.png","type":"image\/png"}],"twitter_card":"summary_large_image","twitter_misc":{"Estimated reading time":"3 minutes"},"schema":{"@context":"https:\/\/schema.org","@graph":[{"@type":"WebPage","@id":"https:\/\/pitaya.no\/produkt\/squeaky-clean-peeling-kwasowy-do-skory-glowy-150ml-hairy-tale-cosmetics\/","url":"https:\/\/pitaya.no\/produkt\/squeaky-clean-peeling-kwasowy-do-skory-glowy-150ml-hairy-tale-cosmetics\/","name":"SQUEAKY CLEAN acid peeling for the scalp, 150ml - Hairy Tale Cosmetics","isPartOf":{"@id":"https:\/\/pitaya.no\/#website"},"datePublished":"2025-11-28T19:23:08+00:00","dateModified":"2026-02-14T07:40:30+00:00","description":"Skuteczny peeling kwasowy do sk\u00f3ry g\u0142owy Squeaky Clean od HAIRY TALE COSMETICS. G\u0142\u0119boko oczyszcza, reguluje sebum i wspiera odnow\u0119 nask\u00f3rka, pozostawiaj\u0105c sk\u00f3r\u0119 \u015bwie\u017c\u0105 i zr\u00f3wnowa\u017con\u0105.","breadcrumb":{"@id":"https:\/\/pitaya.no\/produkt\/squeaky-clean-peeling-kwasowy-do-skory-glowy-150ml-hairy-tale-cosmetics\/#breadcrumb"},"inLanguage":"en-GB","potentialAction":[{"@type":"ReadAction","target":["https:\/\/pitaya.no\/produkt\/squeaky-clean-peeling-kwasowy-do-skory-glowy-150ml-hairy-tale-cosmetics\/"]}]},{"@type":"BreadcrumbList","@id":"https:\/\/pitaya.no\/produkt\/squeaky-clean-peeling-kwasowy-do-skory-glowy-150ml-hairy-tale-cosmetics\/#breadcrumb","itemListElement":[{"@type":"ListItem","position":1,"name":"Strona g\u0142\u00f3wna","item":"https:\/\/pitaya.no\/"},{"@type":"ListItem","position":2,"name":"Sklep","item":"https:\/\/pitaya.no\/sklep\/"},{"@type":"ListItem","position":3,"name":"SQUEAKY CLEAN peeling kwasowy do sk\u00f3ry g\u0142owy, 150ml &#8211; Hairy Tale Cosmetics"}]},{"@type":"WebSite","@id":"https:\/\/pitaya.no\/#website","url":"https:\/\/pitaya.no\/","name":"Pitaya.no","description":"Polish organic drugstore in Norway","potentialAction":[{"@type":"SearchAction","target":{"@type":"EntryPoint","urlTemplate":"https:\/\/pitaya.no\/?s={search_term_string}"},"query-input":"required name=search_term_string"}],"inLanguage":"en-GB"}]}},"_links":{"self":[{"href":"https:\/\/pitaya.no\/en\/wp-json\/wp\/v2\/product\/6861"}],"collection":[{"href":"https:\/\/pitaya.no\/en\/wp-json\/wp\/v2\/product"}],"about":[{"href":"https:\/\/pitaya.no\/en\/wp-json\/wp\/v2\/types\/product"}],"wp:featuredmedia":[{"embeddable":true,"href":"https:\/\/pitaya.no\/en\/wp-json\/wp\/v2\/media\/6864"}],"wp:attachment":[{"href":"https:\/\/pitaya.no\/en\/wp-json\/wp\/v2\/media?parent=6861"}],"wp:term":[{"taxonomy":"product_cat","embeddable":true,"href":"https:\/\/pitaya.no\/en\/wp-json\/wp\/v2\/product_cat?post=6861"},{"taxonomy":"product_tag","embeddable":true,"href":"https:\/\/pitaya.no\/en\/wp-json\/wp\/v2\/product_tag?post=6861"},{"taxonomy":"berocket_brand","embeddable":true,"href":"https:\/\/pitaya.no\/en\/wp-json\/wp\/v2\/berocket_brand?post=6861"}],"curies":[{"name":"wp","href":"https:\/\/api.w.org\/{rel}","templated":true}]}}