{"id":6854,"date":"2025-11-28T18:57:13","date_gmt":"2025-11-28T18:57:13","guid":{"rendered":"https:\/\/pitaya.no\/?post_type=product&#038;p=6854"},"modified":"2026-02-18T21:32:50","modified_gmt":"2026-02-18T21:32:50","slug":"murky-regulujacy-peeling-do-skory-glowy-150-ml-hairy-tale-cosmetics","status":"publish","type":"product","link":"https:\/\/pitaya.no\/en\/product\/murky-regulujacy-peeling-do-skory-glowy-150-ml-hairy-tale-cosmetics\/","title":{"rendered":"MURKY Regulating Scalp Peeling, 150 ml \u2013 Hairy Tale Cosmetics"},"content":{"rendered":"<h1>MURKY Regulating Scalp Peeling, 150 ml \u2013 Hairy Tale Cosmetics<\/h1>\n<p data-start=\"151\" data-end=\"413\">If your scalp becomes oily, is sensitive, prone to irritation, or suffers from dandruff, discover Murky. It&#039;s a gentle yet incredibly effective regulating exfoliator that helps restore skin&#039;s balance, freshness, and comfort.<\/p>\n<h3 data-start=\"415\" data-end=\"475\"><strong data-start=\"419\" data-end=\"475\">Regulates sebum and soothes problematic skin<\/strong><\/h3>\n<p data-start=\"476\" data-end=\"698\">The peeling formula is based on azeloglycine, an ingredient with powerful regulating properties that normalizes sebum secretion without the risk of irritation. It also helps combat dandruff and excessive oiliness.<\/p>\n<p data-start=\"700\" data-end=\"879\">The regulating and cleansing action is enhanced by wormwood extract, niacinamide and yeast extract, which restore the skin&#039;s balance and support its natural protective functions.<\/p>\n<h3 data-start=\"881\" data-end=\"918\"><strong data-start=\"885\" data-end=\"918\">Moisturizing and rebuilding the barrier<\/strong><\/h3>\n<p data-start=\"919\" data-end=\"1119\">Murky also ensures proper hydration and comfort \u2013 thanks to glycerin, glycyrrhizic acid from licorice, arginine, mannitol, threonine and biotin, the skin becomes soft, elastic and soothed.<\/p>\n<h3 data-start=\"1121\" data-end=\"1152\"><strong data-start=\"1125\" data-end=\"1152\">Cleanliness without irritation<\/strong><\/h3>\n<p data-start=\"1153\" data-end=\"1410\">The gel-like texture, based on xanthan gum, makes the scrub easy to apply and gently massages into the skin. A natural chelating agent (Trisodium Ethylenediamine Disuccinate) helps remove hard water deposits, leaving skin perfectly clean.<\/p>\n<h2 data-start=\"1417\" data-end=\"1437\"><strong data-start=\"1420\" data-end=\"1437\">How to use<\/strong><\/h2>\n<ol data-start=\"1438\" data-end=\"1769\">\n<li data-start=\"1438\" data-end=\"1512\">\n<p data-start=\"1441\" data-end=\"1512\">Apply a small amount of scrub to <strong data-start=\"1475\" data-end=\"1496\">dry scalp<\/strong> before washing.<\/p>\n<\/li>\n<li data-start=\"1513\" data-end=\"1558\">\n<p data-start=\"1516\" data-end=\"1558\">For convenience, divide your hair into partings.<\/p>\n<\/li>\n<li data-start=\"1559\" data-end=\"1598\">\n<p data-start=\"1562\" data-end=\"1598\">Gently massage the product into the skin.<\/p>\n<\/li>\n<li data-start=\"1599\" data-end=\"1631\">\n<p data-start=\"1602\" data-end=\"1631\">Leave on <strong data-start=\"1614\" data-end=\"1628\">5\u201310 minutes<\/strong>.<\/p>\n<\/li>\n<li data-start=\"1632\" data-end=\"1658\">\n<p data-start=\"1635\" data-end=\"1658\">Wash your head with shampoo.<\/p>\n<\/li>\n<li data-start=\"1659\" data-end=\"1739\">\n<p data-start=\"1662\" data-end=\"1739\">To enhance the regulating effect, use <strong data-start=\"1698\" data-end=\"1736\">Murky shampoo or cleansing emulsion<\/strong>.<\/p>\n<\/li>\n<li data-start=\"1740\" data-end=\"1769\">\n<p data-start=\"1743\" data-end=\"1769\">Use <strong data-start=\"1750\" data-end=\"1768\">once a week<\/strong>.<\/p>\n<\/li>\n<\/ol>\n<div id=\"attachment_6856\" style=\"width: 829px\" class=\"wp-caption aligncenter\"><img aria-describedby=\"caption-attachment-6856\" fetchpriority=\"high\" decoding=\"async\" class=\"size-large wp-image-6856\" src=\"https:\/\/pitaya.no\/wp-content\/uploads\/2025\/11\/murkypeeling4-819x1024.jpg\" alt=\"MURKY reguluj\u0105cy peeling do sk\u00f3ry g\u0142owy, 150 ml - Hairy Tale Cosmetics \" width=\"819\" height=\"1024\" srcset=\"https:\/\/pitaya.no\/wp-content\/uploads\/2025\/11\/murkypeeling4-819x1024.jpg 819w, https:\/\/pitaya.no\/wp-content\/uploads\/2025\/11\/murkypeeling4-240x300.jpg 240w, https:\/\/pitaya.no\/wp-content\/uploads\/2025\/11\/murkypeeling4-768x960.jpg 768w, https:\/\/pitaya.no\/wp-content\/uploads\/2025\/11\/murkypeeling4-10x12.jpg 10w, https:\/\/pitaya.no\/wp-content\/uploads\/2025\/11\/murkypeeling4-600x750.jpg 600w, https:\/\/pitaya.no\/wp-content\/uploads\/2025\/11\/murkypeeling4-43x54.jpg 43w, https:\/\/pitaya.no\/wp-content\/uploads\/2025\/11\/murkypeeling4-64x80.jpg 64w, https:\/\/pitaya.no\/wp-content\/uploads\/2025\/11\/murkypeeling4.jpg 1080w\" sizes=\"(max-width: 819px) 100vw, 819px\" \/><p id=\"caption-attachment-6856\" class=\"wp-caption-text\">MURKY Regulating Scalp Peeling, 150 ml \u2013 Hairy Tale Cosmetics<\/p><\/div>\n<p><b><i>Ingredients:<\/i><\/b><i> Aqua, Potassium Azeloyl Diglycinate, Glycerin, Lactic Acid, Xanthan Gum, Artemisia Absinthium Extract, Ammonium Glycyrrhizinate, Mannitol, Arginine, Niacinamide, Calcium Pantothenate, Feax (Yeast) Extract, Allantoin, Threonine, Biotin, Sodium Levulinate, Potassium Sorbate, Trisodium Ethylenediamine Disuccinate, Butylene Glycol, Parfum, Limonene, Linalool.<br \/>\n<\/i><\/p>\n<p>&nbsp;<\/p>\n<p>&nbsp;<\/p>","protected":false},"excerpt":{"rendered":"<p>Murky is a gentle, regulating scrub that cleanses, soothes, and restores balance to oily and dandruff-prone scalps. It normalizes sebum production, moisturizes, and promotes healthy skin. Ideal for sensitive, problem-prone skin.<\/p>\n<p><strong>Capacity 150 ml<\/strong><\/p>","protected":false},"featured_media":6857,"template":"","meta":{"_themeisle_gutenberg_block_has_review":false},"product_cat":[324,325],"product_tag":[340,350,352,351,348,349],"berocket_brand":[309],"yoast_head":"<!-- This site is optimized with the Yoast SEO Premium plugin v21.2 (Yoast SEO v21.5) - https:\/\/yoast.com\/wordpress\/plugins\/seo\/ -->\n<title>MURKY reguluj\u0105cy peeling do sk\u00f3ry g\u0142owy, 150 ml - Hairy Tale Cosmetics<\/title>\n<meta name=\"description\" content=\"Delikatny peeling reguluj\u0105cy Murky oczyszcza, koi i normalizuje sk\u00f3r\u0119 g\u0142owy sk\u0142onn\u0105 do przet\u0142uszczania i \u0142upie\u017cu. Idealny dla wra\u017cliwej, problemowej sk\u00f3ry.\" \/>\n<meta name=\"robots\" content=\"index, follow, max-snippet:-1, max-image-preview:large, max-video-preview:-1\" \/>\n<link rel=\"canonical\" href=\"https:\/\/pitaya.no\/en\/product\/murky-regulujacy-peeling-do-skory-glowy-150-ml-hairy-tale-cosmetics\/\" \/>\n<meta property=\"og:locale\" content=\"en_GB\" \/>\n<meta property=\"og:type\" content=\"article\" \/>\n<meta property=\"og:title\" content=\"MURKY reguluj\u0105cy peeling do sk\u00f3ry g\u0142owy, 150 ml - Hairy Tale Cosmetics\" \/>\n<meta property=\"og:description\" content=\"Delikatny peeling reguluj\u0105cy Murky oczyszcza, koi i normalizuje sk\u00f3r\u0119 g\u0142owy sk\u0142onn\u0105 do przet\u0142uszczania i \u0142upie\u017cu. Idealny dla wra\u017cliwej, problemowej sk\u00f3ry.\" \/>\n<meta property=\"og:url\" content=\"https:\/\/pitaya.no\/en\/product\/murky-regulujacy-peeling-do-skory-glowy-150-ml-hairy-tale-cosmetics\/\" \/>\n<meta property=\"og:site_name\" content=\"Pitaya.no\" \/>\n<meta property=\"article:publisher\" content=\"https:\/\/www.facebook.com\/Pitaya.no\" \/>\n<meta property=\"article:modified_time\" content=\"2026-02-18T21:32:50+00:00\" \/>\n<meta property=\"og:image\" content=\"https:\/\/pitaya.no\/wp-content\/uploads\/2025\/11\/murkypeeling2.png\" \/>\n\t<meta property=\"og:image:width\" content=\"1000\" \/>\n\t<meta property=\"og:image:height\" content=\"1000\" \/>\n\t<meta property=\"og:image:type\" content=\"image\/png\" \/>\n<meta name=\"twitter:card\" content=\"summary_large_image\" \/>\n<meta name=\"twitter:label1\" content=\"Estimated reading time\" \/>\n\t<meta name=\"twitter:data1\" content=\"2 minutes\" \/>\n<script type=\"application\/ld+json\" class=\"yoast-schema-graph\">{\"@context\":\"https:\/\/schema.org\",\"@graph\":[{\"@type\":\"WebPage\",\"@id\":\"https:\/\/pitaya.no\/produkt\/murky-regulujacy-peeling-do-skory-glowy-150-ml-hairy-tale-cosmetics\/\",\"url\":\"https:\/\/pitaya.no\/produkt\/murky-regulujacy-peeling-do-skory-glowy-150-ml-hairy-tale-cosmetics\/\",\"name\":\"MURKY reguluj\u0105cy peeling do sk\u00f3ry g\u0142owy, 150 ml - Hairy Tale Cosmetics\",\"isPartOf\":{\"@id\":\"https:\/\/pitaya.no\/#website\"},\"datePublished\":\"2025-11-28T18:57:13+00:00\",\"dateModified\":\"2026-02-18T21:32:50+00:00\",\"description\":\"Delikatny peeling reguluj\u0105cy Murky oczyszcza, koi i normalizuje sk\u00f3r\u0119 g\u0142owy sk\u0142onn\u0105 do przet\u0142uszczania i \u0142upie\u017cu. Idealny dla wra\u017cliwej, problemowej sk\u00f3ry.\",\"breadcrumb\":{\"@id\":\"https:\/\/pitaya.no\/produkt\/murky-regulujacy-peeling-do-skory-glowy-150-ml-hairy-tale-cosmetics\/#breadcrumb\"},\"inLanguage\":\"en-GB\",\"potentialAction\":[{\"@type\":\"ReadAction\",\"target\":[\"https:\/\/pitaya.no\/produkt\/murky-regulujacy-peeling-do-skory-glowy-150-ml-hairy-tale-cosmetics\/\"]}]},{\"@type\":\"BreadcrumbList\",\"@id\":\"https:\/\/pitaya.no\/produkt\/murky-regulujacy-peeling-do-skory-glowy-150-ml-hairy-tale-cosmetics\/#breadcrumb\",\"itemListElement\":[{\"@type\":\"ListItem\",\"position\":1,\"name\":\"Strona g\u0142\u00f3wna\",\"item\":\"https:\/\/pitaya.no\/\"},{\"@type\":\"ListItem\",\"position\":2,\"name\":\"Sklep\",\"item\":\"https:\/\/pitaya.no\/sklep\/\"},{\"@type\":\"ListItem\",\"position\":3,\"name\":\"MURKY reguluj\u0105cy peeling do sk\u00f3ry g\u0142owy, 150 ml &#8211; Hairy Tale Cosmetics\"}]},{\"@type\":\"WebSite\",\"@id\":\"https:\/\/pitaya.no\/#website\",\"url\":\"https:\/\/pitaya.no\/\",\"name\":\"Pitaya.no\",\"description\":\"Polska drogeria ekologiczna w Norwegii\",\"potentialAction\":[{\"@type\":\"SearchAction\",\"target\":{\"@type\":\"EntryPoint\",\"urlTemplate\":\"https:\/\/pitaya.no\/?s={search_term_string}\"},\"query-input\":\"required name=search_term_string\"}],\"inLanguage\":\"en-GB\"}]}<\/script>\n<!-- \/ Yoast SEO Premium plugin. -->","yoast_head_json":{"title":"MURKY Regulating Scalp Peeling, 150 ml - Hairy Tale Cosmetics","description":"Delikatny peeling reguluj\u0105cy Murky oczyszcza, koi i normalizuje sk\u00f3r\u0119 g\u0142owy sk\u0142onn\u0105 do przet\u0142uszczania i \u0142upie\u017cu. Idealny dla wra\u017cliwej, problemowej sk\u00f3ry.","robots":{"index":"index","follow":"follow","max-snippet":"max-snippet:-1","max-image-preview":"max-image-preview:large","max-video-preview":"max-video-preview:-1"},"canonical":"https:\/\/pitaya.no\/en\/product\/murky-regulujacy-peeling-do-skory-glowy-150-ml-hairy-tale-cosmetics\/","og_locale":"en_GB","og_type":"article","og_title":"MURKY reguluj\u0105cy peeling do sk\u00f3ry g\u0142owy, 150 ml - Hairy Tale Cosmetics","og_description":"Delikatny peeling reguluj\u0105cy Murky oczyszcza, koi i normalizuje sk\u00f3r\u0119 g\u0142owy sk\u0142onn\u0105 do przet\u0142uszczania i \u0142upie\u017cu. Idealny dla wra\u017cliwej, problemowej sk\u00f3ry.","og_url":"https:\/\/pitaya.no\/en\/product\/murky-regulujacy-peeling-do-skory-glowy-150-ml-hairy-tale-cosmetics\/","og_site_name":"Pitaya.no","article_publisher":"https:\/\/www.facebook.com\/Pitaya.no","article_modified_time":"2026-02-18T21:32:50+00:00","og_image":[{"width":1000,"height":1000,"url":"https:\/\/pitaya.no\/wp-content\/uploads\/2025\/11\/murkypeeling2.png","type":"image\/png"}],"twitter_card":"summary_large_image","twitter_misc":{"Estimated reading time":"2 minutes"},"schema":{"@context":"https:\/\/schema.org","@graph":[{"@type":"WebPage","@id":"https:\/\/pitaya.no\/produkt\/murky-regulujacy-peeling-do-skory-glowy-150-ml-hairy-tale-cosmetics\/","url":"https:\/\/pitaya.no\/produkt\/murky-regulujacy-peeling-do-skory-glowy-150-ml-hairy-tale-cosmetics\/","name":"MURKY Regulating Scalp Peeling, 150 ml - Hairy Tale Cosmetics","isPartOf":{"@id":"https:\/\/pitaya.no\/#website"},"datePublished":"2025-11-28T18:57:13+00:00","dateModified":"2026-02-18T21:32:50+00:00","description":"Delikatny peeling reguluj\u0105cy Murky oczyszcza, koi i normalizuje sk\u00f3r\u0119 g\u0142owy sk\u0142onn\u0105 do przet\u0142uszczania i \u0142upie\u017cu. Idealny dla wra\u017cliwej, problemowej sk\u00f3ry.","breadcrumb":{"@id":"https:\/\/pitaya.no\/produkt\/murky-regulujacy-peeling-do-skory-glowy-150-ml-hairy-tale-cosmetics\/#breadcrumb"},"inLanguage":"en-GB","potentialAction":[{"@type":"ReadAction","target":["https:\/\/pitaya.no\/produkt\/murky-regulujacy-peeling-do-skory-glowy-150-ml-hairy-tale-cosmetics\/"]}]},{"@type":"BreadcrumbList","@id":"https:\/\/pitaya.no\/produkt\/murky-regulujacy-peeling-do-skory-glowy-150-ml-hairy-tale-cosmetics\/#breadcrumb","itemListElement":[{"@type":"ListItem","position":1,"name":"Strona g\u0142\u00f3wna","item":"https:\/\/pitaya.no\/"},{"@type":"ListItem","position":2,"name":"Sklep","item":"https:\/\/pitaya.no\/sklep\/"},{"@type":"ListItem","position":3,"name":"MURKY reguluj\u0105cy peeling do sk\u00f3ry g\u0142owy, 150 ml &#8211; Hairy Tale Cosmetics"}]},{"@type":"WebSite","@id":"https:\/\/pitaya.no\/#website","url":"https:\/\/pitaya.no\/","name":"Pitaya.no","description":"Polish organic drugstore in Norway","potentialAction":[{"@type":"SearchAction","target":{"@type":"EntryPoint","urlTemplate":"https:\/\/pitaya.no\/?s={search_term_string}"},"query-input":"required name=search_term_string"}],"inLanguage":"en-GB"}]}},"_links":{"self":[{"href":"https:\/\/pitaya.no\/en\/wp-json\/wp\/v2\/product\/6854"}],"collection":[{"href":"https:\/\/pitaya.no\/en\/wp-json\/wp\/v2\/product"}],"about":[{"href":"https:\/\/pitaya.no\/en\/wp-json\/wp\/v2\/types\/product"}],"wp:featuredmedia":[{"embeddable":true,"href":"https:\/\/pitaya.no\/en\/wp-json\/wp\/v2\/media\/6857"}],"wp:attachment":[{"href":"https:\/\/pitaya.no\/en\/wp-json\/wp\/v2\/media?parent=6854"}],"wp:term":[{"taxonomy":"product_cat","embeddable":true,"href":"https:\/\/pitaya.no\/en\/wp-json\/wp\/v2\/product_cat?post=6854"},{"taxonomy":"product_tag","embeddable":true,"href":"https:\/\/pitaya.no\/en\/wp-json\/wp\/v2\/product_tag?post=6854"},{"taxonomy":"berocket_brand","embeddable":true,"href":"https:\/\/pitaya.no\/en\/wp-json\/wp\/v2\/berocket_brand?post=6854"}],"curies":[{"name":"wp","href":"https:\/\/api.w.org\/{rel}","templated":true}]}}