{"id":6837,"date":"2025-11-08T22:07:21","date_gmt":"2025-11-08T22:07:21","guid":{"rendered":"https:\/\/pitaya.no\/?post_type=product&#038;p=6837"},"modified":"2026-02-12T00:25:34","modified_gmt":"2026-02-12T00:25:34","slug":"wasabi-wcierka-stymulujaca-120ml-hairy-tale-cosmetics","status":"publish","type":"product","link":"https:\/\/pitaya.no\/en\/product\/wasabi-wcierka-stymulujaca-120ml-hairy-tale-cosmetics\/","title":{"rendered":"WASABI stimulating lotion, 120ml \u2013 Hairy Tale Cosmetics"},"content":{"rendered":"<h1>WASABI stimulating lotion, 120ml \u2013 Hairy Tale Cosmetics<\/h1>\n<p data-start=\"283\" data-end=\"648\"><strong data-start=\"283\" data-end=\"301\">Wasabi Rub<\/strong> by Hairy Tale Cosmetics is a cosmetic created for people who want to stimulate hair growth, care for the scalp, and restore its natural balance. The light, water-based formula is based on a unique <strong data-start=\"504\" data-end=\"546\">the highest quality wasabi extract<\/strong> effectively stimulates hair follicles while acting <strong data-start=\"607\" data-end=\"647\">moisturizing, toning and regulating<\/strong>.<\/p>\n<h4 data-start=\"650\" data-end=\"690\"><strong data-start=\"655\" data-end=\"690\">Key ingredients and action:<\/strong><\/h4>\n<ul data-start=\"691\" data-end=\"1368\">\n<li data-start=\"691\" data-end=\"929\">\n<p data-start=\"693\" data-end=\"929\"><strong data-start=\"696\" data-end=\"717\">Wasabi extract<\/strong> \u2013 a source of valuable organosulfur compounds (isosaponars and isothiocyanates, including 6-MSITC), which <strong data-start=\"819\" data-end=\"846\">stimulate hair growth<\/strong> and they show <strong data-start=\"861\" data-end=\"889\">bactericidal effect<\/strong>, among others towards <em data-start=\"903\" data-end=\"926\">Staphylococcus aureus<\/em>.<\/p>\n<\/li>\n<li data-start=\"930\" data-end=\"1061\">\n<p data-start=\"932\" data-end=\"1061\"><strong data-start=\"935\" data-end=\"963\">Amino acids and propanediol<\/strong> \u2013 support the penetration of active ingredients and <strong data-start=\"1012\" data-end=\"1037\">lifts hair at the roots<\/strong>, giving them volume.<\/p>\n<\/li>\n<li data-start=\"1062\" data-end=\"1159\">\n<p data-start=\"1064\" data-end=\"1159\"><strong data-start=\"1067\" data-end=\"1096\">Panthenol (provitamin B5)<\/strong> \u2013 <strong data-start=\"1099\" data-end=\"1120\">moisturizes and soothes<\/strong> scalp, supporting regeneration.<\/p>\n<\/li>\n<li data-start=\"1160\" data-end=\"1368\">\n<p data-start=\"1162\" data-end=\"1368\"><strong data-start=\"1165\" data-end=\"1208\">Lactobionic acid and gluconolactone (PHA)<\/strong> \u2013 gently exfoliate, <strong data-start=\"1234\" data-end=\"1266\">improves the hydration level<\/strong>, they work <strong data-start=\"1277\" data-end=\"1297\">antioxidant<\/strong> and help in the care of problematic skin, prone to <strong data-start=\"1358\" data-end=\"1365\">\u0141ZS<\/strong>.<\/p>\n<\/li>\n<\/ul>\n<h4 data-start=\"1370\" data-end=\"1394\"><strong data-start=\"1375\" data-end=\"1394\">Why is it worth it:<\/strong><\/h4>\n<ul data-start=\"1395\" data-end=\"1680\">\n<li data-start=\"1395\" data-end=\"1447\">\n<p data-start=\"1397\" data-end=\"1447\">Stimulates hair follicles and supports healthy hair growth<\/p>\n<\/li>\n<li data-start=\"1448\" data-end=\"1510\">\n<p data-start=\"1450\" data-end=\"1510\">Regulates sebum secretion and restores the skin&#039;s natural pH<\/p>\n<\/li>\n<li data-start=\"1511\" data-end=\"1555\">\n<p data-start=\"1513\" data-end=\"1555\">Moisturizes, tones and refreshes the scalp<\/p>\n<\/li>\n<li data-start=\"1556\" data-end=\"1634\">\n<p data-start=\"1558\" data-end=\"1634\">It does not contain fragrances - it has <strong data-start=\"1603\" data-end=\"1632\">natural aroma of raw materials<\/strong><\/p>\n<\/li>\n<li data-start=\"1635\" data-end=\"1680\">\n<p data-start=\"1637\" data-end=\"1680\">Suitable for use after washing your hair<\/p>\n<\/li>\n<\/ul>\n<p data-start=\"1682\" data-end=\"1794\"><strong data-start=\"1685\" data-end=\"1703\">Natural sediment<\/strong> at the bottom of the bottle is a normal phenomenon - just shake gently before use.<\/p>\n<p><strong>How to use:<\/strong> Shake well, then apply a small amount to damp scalp after washing. Gently massage in; do not rinse. Use after every wash.<\/p>\n<p><strong>NOTE: Store at temperatures between 10 \u00baC and 25 \u00baC<\/strong><\/p>\n<p><strong>Composition: <\/strong>Aqua, Wasabia Japonica Root Extract, Panthenol, Propanediol, Ammonium Glycyrrhizate, Sodium PCA, Sodium Lactate, Arginine, Aspartic Acid, PCA, Glycine, Alanine, Serine, Valine, Proline, Threonine, Isoleucine, Histidine, Phenylalanine, Lactic Acid, Lactobionic Acid, Gluconolactone, Trisodium Ethylenediamine Disuccinate, Sodium Levulinate, Potassium Sorbate, Sodium Benzoate.<\/p>\n<p>&nbsp;<\/p>","protected":false},"excerpt":{"rendered":"<p>Lotion <strong data-start=\"145\" data-end=\"166\">Hairy Tale Wasabi<\/strong> Stimulates hair growth and nourishes the scalp. Contains wasabi extract, amino acids, panthenol, and PHA acids, which work together to moisturize, tone, and regulate sebum production. A light, water-based formula without fragrances \u2013 for a healthy, fresh, and balanced scalp.<\/p>\n<p><strong>Capacity 120 ml<\/strong><\/p>","protected":false},"featured_media":6839,"template":"","meta":{"_themeisle_gutenberg_block_has_review":false},"product_cat":[324,326],"product_tag":[340,351,349,347],"berocket_brand":[309],"yoast_head":"<!-- This site is optimized with the Yoast SEO Premium plugin v21.2 (Yoast SEO v21.5) - https:\/\/yoast.com\/wordpress\/plugins\/seo\/ -->\n<title>WASABI wcierka stymuluj\u0105ca, 120ml - Hairy Tale Cosmetics<\/title>\n<meta name=\"description\" content=\"Wcierka Hairy Tale Wasabi skutecznie stymuluje porost w\u0142os\u00f3w i piel\u0119gnuje sk\u00f3r\u0119 g\u0142owy. Zawiera ekstrakt z wasabi, aminokwasy, pantenol i kwasy PHA.\" \/>\n<meta name=\"robots\" content=\"index, follow, max-snippet:-1, max-image-preview:large, max-video-preview:-1\" \/>\n<link rel=\"canonical\" href=\"https:\/\/pitaya.no\/en\/product\/wasabi-wcierka-stymulujaca-120ml-hairy-tale-cosmetics\/\" \/>\n<meta property=\"og:locale\" content=\"en_GB\" \/>\n<meta property=\"og:type\" content=\"article\" \/>\n<meta property=\"og:title\" content=\"WASABI wcierka stymuluj\u0105ca, 120ml - Hairy Tale Cosmetics\" \/>\n<meta property=\"og:description\" content=\"Wcierka Hairy Tale Wasabi skutecznie stymuluje porost w\u0142os\u00f3w i piel\u0119gnuje sk\u00f3r\u0119 g\u0142owy. Zawiera ekstrakt z wasabi, aminokwasy, pantenol i kwasy PHA.\" \/>\n<meta property=\"og:url\" content=\"https:\/\/pitaya.no\/en\/product\/wasabi-wcierka-stymulujaca-120ml-hairy-tale-cosmetics\/\" \/>\n<meta property=\"og:site_name\" content=\"Pitaya.no\" \/>\n<meta property=\"article:publisher\" content=\"https:\/\/www.facebook.com\/Pitaya.no\" \/>\n<meta property=\"article:modified_time\" content=\"2026-02-12T00:25:34+00:00\" \/>\n<meta property=\"og:image\" content=\"https:\/\/pitaya.no\/wp-content\/uploads\/2025\/11\/wasabi.png\" \/>\n\t<meta property=\"og:image:width\" content=\"998\" \/>\n\t<meta property=\"og:image:height\" content=\"998\" \/>\n\t<meta property=\"og:image:type\" content=\"image\/png\" \/>\n<meta name=\"twitter:card\" content=\"summary_large_image\" \/>\n<meta name=\"twitter:label1\" content=\"Estimated reading time\" \/>\n\t<meta name=\"twitter:data1\" content=\"2 minutes\" \/>\n<script type=\"application\/ld+json\" class=\"yoast-schema-graph\">{\"@context\":\"https:\/\/schema.org\",\"@graph\":[{\"@type\":\"WebPage\",\"@id\":\"https:\/\/pitaya.no\/produkt\/wasabi-wcierka-stymulujaca-120ml-hairy-tale-cosmetics\/\",\"url\":\"https:\/\/pitaya.no\/produkt\/wasabi-wcierka-stymulujaca-120ml-hairy-tale-cosmetics\/\",\"name\":\"WASABI wcierka stymuluj\u0105ca, 120ml - Hairy Tale Cosmetics\",\"isPartOf\":{\"@id\":\"https:\/\/pitaya.no\/#website\"},\"datePublished\":\"2025-11-08T22:07:21+00:00\",\"dateModified\":\"2026-02-12T00:25:34+00:00\",\"description\":\"Wcierka Hairy Tale Wasabi skutecznie stymuluje porost w\u0142os\u00f3w i piel\u0119gnuje sk\u00f3r\u0119 g\u0142owy. Zawiera ekstrakt z wasabi, aminokwasy, pantenol i kwasy PHA.\",\"breadcrumb\":{\"@id\":\"https:\/\/pitaya.no\/produkt\/wasabi-wcierka-stymulujaca-120ml-hairy-tale-cosmetics\/#breadcrumb\"},\"inLanguage\":\"en-GB\",\"potentialAction\":[{\"@type\":\"ReadAction\",\"target\":[\"https:\/\/pitaya.no\/produkt\/wasabi-wcierka-stymulujaca-120ml-hairy-tale-cosmetics\/\"]}]},{\"@type\":\"BreadcrumbList\",\"@id\":\"https:\/\/pitaya.no\/produkt\/wasabi-wcierka-stymulujaca-120ml-hairy-tale-cosmetics\/#breadcrumb\",\"itemListElement\":[{\"@type\":\"ListItem\",\"position\":1,\"name\":\"Strona g\u0142\u00f3wna\",\"item\":\"https:\/\/pitaya.no\/\"},{\"@type\":\"ListItem\",\"position\":2,\"name\":\"Sklep\",\"item\":\"https:\/\/pitaya.no\/sklep\/\"},{\"@type\":\"ListItem\",\"position\":3,\"name\":\"WASABI wcierka stymuluj\u0105ca, 120ml &#8211; Hairy Tale Cosmetics\"}]},{\"@type\":\"WebSite\",\"@id\":\"https:\/\/pitaya.no\/#website\",\"url\":\"https:\/\/pitaya.no\/\",\"name\":\"Pitaya.no\",\"description\":\"Polska drogeria ekologiczna w Norwegii\",\"potentialAction\":[{\"@type\":\"SearchAction\",\"target\":{\"@type\":\"EntryPoint\",\"urlTemplate\":\"https:\/\/pitaya.no\/?s={search_term_string}\"},\"query-input\":\"required name=search_term_string\"}],\"inLanguage\":\"en-GB\"}]}<\/script>\n<!-- \/ Yoast SEO Premium plugin. -->","yoast_head_json":{"title":"WASABI stimulating lotion, 120ml - Hairy Tale Cosmetics","description":"Wcierka Hairy Tale Wasabi skutecznie stymuluje porost w\u0142os\u00f3w i piel\u0119gnuje sk\u00f3r\u0119 g\u0142owy. Zawiera ekstrakt z wasabi, aminokwasy, pantenol i kwasy PHA.","robots":{"index":"index","follow":"follow","max-snippet":"max-snippet:-1","max-image-preview":"max-image-preview:large","max-video-preview":"max-video-preview:-1"},"canonical":"https:\/\/pitaya.no\/en\/product\/wasabi-wcierka-stymulujaca-120ml-hairy-tale-cosmetics\/","og_locale":"en_GB","og_type":"article","og_title":"WASABI wcierka stymuluj\u0105ca, 120ml - Hairy Tale Cosmetics","og_description":"Wcierka Hairy Tale Wasabi skutecznie stymuluje porost w\u0142os\u00f3w i piel\u0119gnuje sk\u00f3r\u0119 g\u0142owy. Zawiera ekstrakt z wasabi, aminokwasy, pantenol i kwasy PHA.","og_url":"https:\/\/pitaya.no\/en\/product\/wasabi-wcierka-stymulujaca-120ml-hairy-tale-cosmetics\/","og_site_name":"Pitaya.no","article_publisher":"https:\/\/www.facebook.com\/Pitaya.no","article_modified_time":"2026-02-12T00:25:34+00:00","og_image":[{"width":998,"height":998,"url":"https:\/\/pitaya.no\/wp-content\/uploads\/2025\/11\/wasabi.png","type":"image\/png"}],"twitter_card":"summary_large_image","twitter_misc":{"Estimated reading time":"2 minutes"},"schema":{"@context":"https:\/\/schema.org","@graph":[{"@type":"WebPage","@id":"https:\/\/pitaya.no\/produkt\/wasabi-wcierka-stymulujaca-120ml-hairy-tale-cosmetics\/","url":"https:\/\/pitaya.no\/produkt\/wasabi-wcierka-stymulujaca-120ml-hairy-tale-cosmetics\/","name":"WASABI stimulating lotion, 120ml - Hairy Tale Cosmetics","isPartOf":{"@id":"https:\/\/pitaya.no\/#website"},"datePublished":"2025-11-08T22:07:21+00:00","dateModified":"2026-02-12T00:25:34+00:00","description":"Wcierka Hairy Tale Wasabi skutecznie stymuluje porost w\u0142os\u00f3w i piel\u0119gnuje sk\u00f3r\u0119 g\u0142owy. Zawiera ekstrakt z wasabi, aminokwasy, pantenol i kwasy PHA.","breadcrumb":{"@id":"https:\/\/pitaya.no\/produkt\/wasabi-wcierka-stymulujaca-120ml-hairy-tale-cosmetics\/#breadcrumb"},"inLanguage":"en-GB","potentialAction":[{"@type":"ReadAction","target":["https:\/\/pitaya.no\/produkt\/wasabi-wcierka-stymulujaca-120ml-hairy-tale-cosmetics\/"]}]},{"@type":"BreadcrumbList","@id":"https:\/\/pitaya.no\/produkt\/wasabi-wcierka-stymulujaca-120ml-hairy-tale-cosmetics\/#breadcrumb","itemListElement":[{"@type":"ListItem","position":1,"name":"Strona g\u0142\u00f3wna","item":"https:\/\/pitaya.no\/"},{"@type":"ListItem","position":2,"name":"Sklep","item":"https:\/\/pitaya.no\/sklep\/"},{"@type":"ListItem","position":3,"name":"WASABI wcierka stymuluj\u0105ca, 120ml &#8211; Hairy Tale Cosmetics"}]},{"@type":"WebSite","@id":"https:\/\/pitaya.no\/#website","url":"https:\/\/pitaya.no\/","name":"Pitaya.no","description":"Polish organic drugstore in Norway","potentialAction":[{"@type":"SearchAction","target":{"@type":"EntryPoint","urlTemplate":"https:\/\/pitaya.no\/?s={search_term_string}"},"query-input":"required name=search_term_string"}],"inLanguage":"en-GB"}]}},"_links":{"self":[{"href":"https:\/\/pitaya.no\/en\/wp-json\/wp\/v2\/product\/6837"}],"collection":[{"href":"https:\/\/pitaya.no\/en\/wp-json\/wp\/v2\/product"}],"about":[{"href":"https:\/\/pitaya.no\/en\/wp-json\/wp\/v2\/types\/product"}],"wp:featuredmedia":[{"embeddable":true,"href":"https:\/\/pitaya.no\/en\/wp-json\/wp\/v2\/media\/6839"}],"wp:attachment":[{"href":"https:\/\/pitaya.no\/en\/wp-json\/wp\/v2\/media?parent=6837"}],"wp:term":[{"taxonomy":"product_cat","embeddable":true,"href":"https:\/\/pitaya.no\/en\/wp-json\/wp\/v2\/product_cat?post=6837"},{"taxonomy":"product_tag","embeddable":true,"href":"https:\/\/pitaya.no\/en\/wp-json\/wp\/v2\/product_tag?post=6837"},{"taxonomy":"berocket_brand","embeddable":true,"href":"https:\/\/pitaya.no\/en\/wp-json\/wp\/v2\/berocket_brand?post=6837"}],"curies":[{"name":"wp","href":"https:\/\/api.w.org\/{rel}","templated":true}]}}