{"id":6829,"date":"2025-11-07T23:44:22","date_gmt":"2025-11-07T23:44:22","guid":{"rendered":"https:\/\/pitaya.no\/?post_type=product&#038;p=6829"},"modified":"2026-02-16T08:10:09","modified_gmt":"2026-02-16T08:10:09","slug":"murky-normalizujaca-wcierka-do-przetluszczajacej-sie-skory-glowy-120ml-hairy-tale-cosmetics","status":"publish","type":"product","link":"https:\/\/pitaya.no\/en\/product\/murky-normalizujaca-wcierka-do-przetluszczajacej-sie-skory-glowy-120ml-hairy-tale-cosmetics\/","title":{"rendered":"MURKY Normalizing Lotion for Oily Scalp, 120ml \u2013 Hairy Tale Cosmetics"},"content":{"rendered":"<h1>MURKY Normalizing Lotion for Oily Scalp, 120ml \u2013 Hairy Tale Cosmetics<\/h1>\n<p data-start=\"324\" data-end=\"762\">HAIRY TALE Murky is a normalizing lotion designed for people with oily but sensitive scalps. <strong data-start=\"465\" data-end=\"487\">wormwood extract<\/strong> and <strong data-start=\"490\" data-end=\"506\">azeloglicine<\/strong>that help <strong data-start=\"523\" data-end=\"554\">regulate sebum secretion<\/strong>, <strong data-start=\"556\" data-end=\"581\">soothe irritations<\/strong> and <strong data-start=\"584\" data-end=\"619\">restore comfort to the scalp<\/strong>Thanks to its light, watery formula, it absorbs quickly, does not weigh down the hair and <strong data-start=\"697\" data-end=\"718\">lifts them at the base<\/strong>, giving freshness and volume for longer.<\/p>\n<p data-start=\"764\" data-end=\"828\">Murky lotion is perfect for everyday care:<\/p>\n<ul data-start=\"829\" data-end=\"1012\">\n<li data-start=\"829\" data-end=\"876\">\n<p data-start=\"831\" data-end=\"876\">scalp with a tendency to become oily,<\/p>\n<\/li>\n<li data-start=\"877\" data-end=\"920\">\n<p data-start=\"879\" data-end=\"920\">dry, irritated and itchy skin,<\/p>\n<\/li>\n<li data-start=\"921\" data-end=\"1012\">\n<p data-start=\"923\" data-end=\"1012\">For <strong data-start=\"927\" data-end=\"940\">allergy sufferers<\/strong> and people who avoid fragrances - the product <strong data-start=\"979\" data-end=\"1009\">fragrance-free<\/strong>.<\/p>\n<\/li>\n<\/ul>\n<p data-start=\"1014\" data-end=\"1178\"><strong data-start=\"1014\" data-end=\"1048\">Effects of regular use:<\/strong><br data-start=\"1048\" data-end=\"1051\" \/>normalized sebum secretion,<br data-start=\"1086\" data-end=\"1089\" \/>soothed, clean and fresh scalp,<br data-start=\"1128\" data-end=\"1131\" \/>hair lifted at the roots and full of volume.<\/p>\n<p data-start=\"1180\" data-end=\"1338\"><strong data-start=\"1180\" data-end=\"1198\">How to use:<\/strong><br data-start=\"1198\" data-end=\"1201\" \/>Apply the lotion directly to your scalp (preferably after or between washes) and gently massage in. Do not rinse. Use regularly.<\/p>\n<p data-start=\"1340\" data-end=\"1511\"><strong data-start=\"1343\" data-end=\"1365\">For full effect<\/strong> reach for other products from the series <strong data-start=\"1404\" data-end=\"1413\">Murky<\/strong> \u2013 <strong data-start=\"1416\" data-end=\"1427\">shampoo<\/strong> and <strong data-start=\"1430\" data-end=\"1441\">peeling<\/strong>, which together will comprehensively take care of the balance of your scalp.<\/p>\n<div id=\"attachment_6831\" style=\"width: 829px\" class=\"wp-caption aligncenter\"><img aria-describedby=\"caption-attachment-6831\" fetchpriority=\"high\" decoding=\"async\" class=\"size-large wp-image-6831\" src=\"https:\/\/pitaya.no\/wp-content\/uploads\/2025\/11\/murkywcierka2-819x1024.jpeg\" alt=\"MURKY normalizuj\u0105ca wcierka do przet\u0142uszczaj\u0105cej si\u0119 sk\u00f3ry g\u0142owy, 120ml - Hairy Tale Cosmetics\" width=\"819\" height=\"1024\" srcset=\"https:\/\/pitaya.no\/wp-content\/uploads\/2025\/11\/murkywcierka2-819x1024.jpeg 819w, https:\/\/pitaya.no\/wp-content\/uploads\/2025\/11\/murkywcierka2-240x300.jpeg 240w, https:\/\/pitaya.no\/wp-content\/uploads\/2025\/11\/murkywcierka2-768x960.jpeg 768w, https:\/\/pitaya.no\/wp-content\/uploads\/2025\/11\/murkywcierka2-1229x1536.jpeg 1229w, https:\/\/pitaya.no\/wp-content\/uploads\/2025\/11\/murkywcierka2-10x12.jpeg 10w, https:\/\/pitaya.no\/wp-content\/uploads\/2025\/11\/murkywcierka2-600x750.jpeg 600w, https:\/\/pitaya.no\/wp-content\/uploads\/2025\/11\/murkywcierka2-43x54.jpeg 43w, https:\/\/pitaya.no\/wp-content\/uploads\/2025\/11\/murkywcierka2-64x80.jpeg 64w, https:\/\/pitaya.no\/wp-content\/uploads\/2025\/11\/murkywcierka2.jpeg 1638w\" sizes=\"(max-width: 819px) 100vw, 819px\" \/><p id=\"caption-attachment-6831\" class=\"wp-caption-text\">MURKY Normalizing Lotion for Oily Scalp, 120ml \u2013 Hairy Tale Cosmetics<\/p><\/div>\n<p><strong>How to use<em>: <\/em><\/strong>Shake well and apply a small amount to damp scalp after washing. Gently massage in, do not rinse. Use after every wash. To complete your sensitive scalp care routine, use the Murky shampoo and scrub.<\/p>\n<p><em><strong>Composition:<\/strong> Aqua, Glycerin, Artemisia Absinthium Extract, Potassium Azeloyl Diglycinate, Ammonium Glycyrrhizate, Niacinamide, Panthenol, Arginine, Saccharomyces Cerevisiae Extract, Faex Extract, Aspartic Acid, Alanine, Serine, Valine, Isoleucine, Proline, Threonine, Histidine, Phenylalanine, PCA, Glycine, Sodium Lactate, Sodium PCA, Trisodium Ethylenediamine Disuccinate, Sodium Benzoate, Potassium Sorbate, Sodium Levulinate, Lactic Acid.<\/em><\/p>\n<p>&nbsp;<\/p>","protected":false},"excerpt":{"rendered":"<p>A lightweight lotion with wormwood extract and azeloglycine that regulates sebum production, soothes irritation, and lifts hair at the roots. Ideal for sensitive, oily scalps \u2013 fragrance-free.<\/p>\n<p><strong>Capacity 120 ml<\/strong><\/p>","protected":false},"featured_media":6832,"template":"","meta":{"_themeisle_gutenberg_block_has_review":false},"product_cat":[324,326],"product_tag":[340,350,348,349,347],"berocket_brand":[309],"yoast_head":"<!-- This site is optimized with the Yoast SEO Premium plugin v21.2 (Yoast SEO v21.5) - https:\/\/yoast.com\/wordpress\/plugins\/seo\/ -->\n<title>MURKY normalizuj\u0105ca wcierka do przet\u0142uszczaj\u0105cej si\u0119 sk\u00f3ry g\u0142owy, 120ml - Hairy Tale Cosmetics<\/title>\n<meta name=\"description\" content=\"Hairy Tale Murky \u2013 lekka, normalizuj\u0105ca wcierka do przet\u0142uszczaj\u0105cej si\u0119 i wra\u017cliwej sk\u00f3ry g\u0142owy. Reguluje sebum, koi i unosi w\u0142osy u nasady.\" \/>\n<meta name=\"robots\" content=\"index, follow, max-snippet:-1, max-image-preview:large, max-video-preview:-1\" \/>\n<link rel=\"canonical\" href=\"https:\/\/pitaya.no\/en\/product\/murky-normalizujaca-wcierka-do-przetluszczajacej-sie-skory-glowy-120ml-hairy-tale-cosmetics\/\" \/>\n<meta property=\"og:locale\" content=\"en_GB\" \/>\n<meta property=\"og:type\" content=\"article\" \/>\n<meta property=\"og:title\" content=\"MURKY normalizuj\u0105ca wcierka do przet\u0142uszczaj\u0105cej si\u0119 sk\u00f3ry g\u0142owy, 120ml - Hairy Tale Cosmetics\" \/>\n<meta property=\"og:description\" content=\"Hairy Tale Murky \u2013 lekka, normalizuj\u0105ca wcierka do przet\u0142uszczaj\u0105cej si\u0119 i wra\u017cliwej sk\u00f3ry g\u0142owy. Reguluje sebum, koi i unosi w\u0142osy u nasady.\" \/>\n<meta property=\"og:url\" content=\"https:\/\/pitaya.no\/en\/product\/murky-normalizujaca-wcierka-do-przetluszczajacej-sie-skory-glowy-120ml-hairy-tale-cosmetics\/\" \/>\n<meta property=\"og:site_name\" content=\"Pitaya.no\" \/>\n<meta property=\"article:publisher\" content=\"https:\/\/www.facebook.com\/Pitaya.no\" \/>\n<meta property=\"article:modified_time\" content=\"2026-02-16T08:10:09+00:00\" \/>\n<meta property=\"og:image\" content=\"https:\/\/pitaya.no\/wp-content\/uploads\/2025\/11\/murkywcierka.png\" \/>\n\t<meta property=\"og:image:width\" content=\"998\" \/>\n\t<meta property=\"og:image:height\" content=\"998\" \/>\n\t<meta property=\"og:image:type\" content=\"image\/png\" \/>\n<meta name=\"twitter:card\" content=\"summary_large_image\" \/>\n<meta name=\"twitter:label1\" content=\"Estimated reading time\" \/>\n\t<meta name=\"twitter:data1\" content=\"2 minutes\" \/>\n<script type=\"application\/ld+json\" class=\"yoast-schema-graph\">{\"@context\":\"https:\/\/schema.org\",\"@graph\":[{\"@type\":\"WebPage\",\"@id\":\"https:\/\/pitaya.no\/produkt\/murky-normalizujaca-wcierka-do-przetluszczajacej-sie-skory-glowy-120ml-hairy-tale-cosmetics\/\",\"url\":\"https:\/\/pitaya.no\/produkt\/murky-normalizujaca-wcierka-do-przetluszczajacej-sie-skory-glowy-120ml-hairy-tale-cosmetics\/\",\"name\":\"MURKY normalizuj\u0105ca wcierka do przet\u0142uszczaj\u0105cej si\u0119 sk\u00f3ry g\u0142owy, 120ml - Hairy Tale Cosmetics\",\"isPartOf\":{\"@id\":\"https:\/\/pitaya.no\/#website\"},\"datePublished\":\"2025-11-07T23:44:22+00:00\",\"dateModified\":\"2026-02-16T08:10:09+00:00\",\"description\":\"Hairy Tale Murky \u2013 lekka, normalizuj\u0105ca wcierka do przet\u0142uszczaj\u0105cej si\u0119 i wra\u017cliwej sk\u00f3ry g\u0142owy. Reguluje sebum, koi i unosi w\u0142osy u nasady.\",\"breadcrumb\":{\"@id\":\"https:\/\/pitaya.no\/produkt\/murky-normalizujaca-wcierka-do-przetluszczajacej-sie-skory-glowy-120ml-hairy-tale-cosmetics\/#breadcrumb\"},\"inLanguage\":\"en-GB\",\"potentialAction\":[{\"@type\":\"ReadAction\",\"target\":[\"https:\/\/pitaya.no\/produkt\/murky-normalizujaca-wcierka-do-przetluszczajacej-sie-skory-glowy-120ml-hairy-tale-cosmetics\/\"]}]},{\"@type\":\"BreadcrumbList\",\"@id\":\"https:\/\/pitaya.no\/produkt\/murky-normalizujaca-wcierka-do-przetluszczajacej-sie-skory-glowy-120ml-hairy-tale-cosmetics\/#breadcrumb\",\"itemListElement\":[{\"@type\":\"ListItem\",\"position\":1,\"name\":\"Strona g\u0142\u00f3wna\",\"item\":\"https:\/\/pitaya.no\/\"},{\"@type\":\"ListItem\",\"position\":2,\"name\":\"Sklep\",\"item\":\"https:\/\/pitaya.no\/sklep\/\"},{\"@type\":\"ListItem\",\"position\":3,\"name\":\"MURKY normalizuj\u0105ca wcierka do przet\u0142uszczaj\u0105cej si\u0119 sk\u00f3ry g\u0142owy, 120ml &#8211; Hairy Tale Cosmetics\"}]},{\"@type\":\"WebSite\",\"@id\":\"https:\/\/pitaya.no\/#website\",\"url\":\"https:\/\/pitaya.no\/\",\"name\":\"Pitaya.no\",\"description\":\"Polska drogeria ekologiczna w Norwegii\",\"potentialAction\":[{\"@type\":\"SearchAction\",\"target\":{\"@type\":\"EntryPoint\",\"urlTemplate\":\"https:\/\/pitaya.no\/?s={search_term_string}\"},\"query-input\":\"required name=search_term_string\"}],\"inLanguage\":\"en-GB\"}]}<\/script>\n<!-- \/ Yoast SEO Premium plugin. -->","yoast_head_json":{"title":"MURKY Normalizing Lotion for Oily Scalp, 120ml - Hairy Tale Cosmetics","description":"Hairy Tale Murky \u2013 lekka, normalizuj\u0105ca wcierka do przet\u0142uszczaj\u0105cej si\u0119 i wra\u017cliwej sk\u00f3ry g\u0142owy. Reguluje sebum, koi i unosi w\u0142osy u nasady.","robots":{"index":"index","follow":"follow","max-snippet":"max-snippet:-1","max-image-preview":"max-image-preview:large","max-video-preview":"max-video-preview:-1"},"canonical":"https:\/\/pitaya.no\/en\/product\/murky-normalizujaca-wcierka-do-przetluszczajacej-sie-skory-glowy-120ml-hairy-tale-cosmetics\/","og_locale":"en_GB","og_type":"article","og_title":"MURKY normalizuj\u0105ca wcierka do przet\u0142uszczaj\u0105cej si\u0119 sk\u00f3ry g\u0142owy, 120ml - Hairy Tale Cosmetics","og_description":"Hairy Tale Murky \u2013 lekka, normalizuj\u0105ca wcierka do przet\u0142uszczaj\u0105cej si\u0119 i wra\u017cliwej sk\u00f3ry g\u0142owy. Reguluje sebum, koi i unosi w\u0142osy u nasady.","og_url":"https:\/\/pitaya.no\/en\/product\/murky-normalizujaca-wcierka-do-przetluszczajacej-sie-skory-glowy-120ml-hairy-tale-cosmetics\/","og_site_name":"Pitaya.no","article_publisher":"https:\/\/www.facebook.com\/Pitaya.no","article_modified_time":"2026-02-16T08:10:09+00:00","og_image":[{"width":998,"height":998,"url":"https:\/\/pitaya.no\/wp-content\/uploads\/2025\/11\/murkywcierka.png","type":"image\/png"}],"twitter_card":"summary_large_image","twitter_misc":{"Estimated reading time":"2 minutes"},"schema":{"@context":"https:\/\/schema.org","@graph":[{"@type":"WebPage","@id":"https:\/\/pitaya.no\/produkt\/murky-normalizujaca-wcierka-do-przetluszczajacej-sie-skory-glowy-120ml-hairy-tale-cosmetics\/","url":"https:\/\/pitaya.no\/produkt\/murky-normalizujaca-wcierka-do-przetluszczajacej-sie-skory-glowy-120ml-hairy-tale-cosmetics\/","name":"MURKY Normalizing Lotion for Oily Scalp, 120ml - Hairy Tale Cosmetics","isPartOf":{"@id":"https:\/\/pitaya.no\/#website"},"datePublished":"2025-11-07T23:44:22+00:00","dateModified":"2026-02-16T08:10:09+00:00","description":"Hairy Tale Murky \u2013 lekka, normalizuj\u0105ca wcierka do przet\u0142uszczaj\u0105cej si\u0119 i wra\u017cliwej sk\u00f3ry g\u0142owy. Reguluje sebum, koi i unosi w\u0142osy u nasady.","breadcrumb":{"@id":"https:\/\/pitaya.no\/produkt\/murky-normalizujaca-wcierka-do-przetluszczajacej-sie-skory-glowy-120ml-hairy-tale-cosmetics\/#breadcrumb"},"inLanguage":"en-GB","potentialAction":[{"@type":"ReadAction","target":["https:\/\/pitaya.no\/produkt\/murky-normalizujaca-wcierka-do-przetluszczajacej-sie-skory-glowy-120ml-hairy-tale-cosmetics\/"]}]},{"@type":"BreadcrumbList","@id":"https:\/\/pitaya.no\/produkt\/murky-normalizujaca-wcierka-do-przetluszczajacej-sie-skory-glowy-120ml-hairy-tale-cosmetics\/#breadcrumb","itemListElement":[{"@type":"ListItem","position":1,"name":"Strona g\u0142\u00f3wna","item":"https:\/\/pitaya.no\/"},{"@type":"ListItem","position":2,"name":"Sklep","item":"https:\/\/pitaya.no\/sklep\/"},{"@type":"ListItem","position":3,"name":"MURKY normalizuj\u0105ca wcierka do przet\u0142uszczaj\u0105cej si\u0119 sk\u00f3ry g\u0142owy, 120ml &#8211; Hairy Tale Cosmetics"}]},{"@type":"WebSite","@id":"https:\/\/pitaya.no\/#website","url":"https:\/\/pitaya.no\/","name":"Pitaya.no","description":"Polish organic drugstore in Norway","potentialAction":[{"@type":"SearchAction","target":{"@type":"EntryPoint","urlTemplate":"https:\/\/pitaya.no\/?s={search_term_string}"},"query-input":"required name=search_term_string"}],"inLanguage":"en-GB"}]}},"_links":{"self":[{"href":"https:\/\/pitaya.no\/en\/wp-json\/wp\/v2\/product\/6829"}],"collection":[{"href":"https:\/\/pitaya.no\/en\/wp-json\/wp\/v2\/product"}],"about":[{"href":"https:\/\/pitaya.no\/en\/wp-json\/wp\/v2\/types\/product"}],"wp:featuredmedia":[{"embeddable":true,"href":"https:\/\/pitaya.no\/en\/wp-json\/wp\/v2\/media\/6832"}],"wp:attachment":[{"href":"https:\/\/pitaya.no\/en\/wp-json\/wp\/v2\/media?parent=6829"}],"wp:term":[{"taxonomy":"product_cat","embeddable":true,"href":"https:\/\/pitaya.no\/en\/wp-json\/wp\/v2\/product_cat?post=6829"},{"taxonomy":"product_tag","embeddable":true,"href":"https:\/\/pitaya.no\/en\/wp-json\/wp\/v2\/product_tag?post=6829"},{"taxonomy":"berocket_brand","embeddable":true,"href":"https:\/\/pitaya.no\/en\/wp-json\/wp\/v2\/berocket_brand?post=6829"}],"curies":[{"name":"wp","href":"https:\/\/api.w.org\/{rel}","templated":true}]}}