{"id":6825,"date":"2025-11-07T23:28:39","date_gmt":"2025-11-07T23:28:39","guid":{"rendered":"https:\/\/pitaya.no\/?post_type=product&#038;p=6825"},"modified":"2026-02-16T20:44:49","modified_gmt":"2026-02-16T20:44:49","slug":"grasshopper-wcierka-regulujaca-120-ml-hairy-tale-cosmetics","status":"publish","type":"product","link":"https:\/\/pitaya.no\/en\/product\/grasshopper-wcierka-regulujaca-120-ml-hairy-tale-cosmetics\/","title":{"rendered":"GRASSHOPPER regulating lotion, 120 ml \u2013 Hairy Tale Cosmetics"},"content":{"rendered":"<h1 data-start=\"239\" data-end=\"327\">GRASSHOPPER regulating lotion, 120 ml \u2013 Hairy Tale Cosmetics<\/h1>\n<p data-start=\"239\" data-end=\"327\"><strong data-start=\"239\" data-end=\"327\">A regulating and moisturizing lotion based on brewer&#039;s yeast and hops from Polish crops.<\/strong><\/p>\n<p data-start=\"329\" data-end=\"722\">Lotion <strong data-start=\"337\" data-end=\"363\">Hairy Tale Grasshopper<\/strong> is a light, water-based formula designed to balance the scalp. Thanks to its high content <strong data-start=\"459\" data-end=\"490\">brewer&#039;s yeast extract<\/strong> and <strong data-start=\"496\" data-end=\"519\">hop extract<\/strong>, works <strong data-start=\"528\" data-end=\"568\">regulating, toning and moisturizing<\/strong> \u2014 without feeling tight. Perfect for people struggling with <strong data-start=\"631\" data-end=\"719\">excessive oiliness, hair loss, dandruff or flaking of the scalp<\/strong>.<\/p>\n<p data-start=\"724\" data-end=\"762\"><strong data-start=\"727\" data-end=\"762\">Key ingredients and action:<\/strong><\/p>\n<ul data-start=\"763\" data-end=\"1449\">\n<li data-start=\"763\" data-end=\"926\">\n<p data-start=\"765\" data-end=\"926\"><strong data-start=\"765\" data-end=\"787\">Hop extract<\/strong> \u2013 rich in lupulin, which has antibacterial properties. Supports the fight against androgenetic alopecia by inhibiting 5\u03b1-reductase activity.<\/p>\n<\/li>\n<li data-start=\"927\" data-end=\"1136\">\n<p data-start=\"929\" data-end=\"1136\"><strong data-start=\"929\" data-end=\"959\">Brewer&#039;s yeast extract<\/strong> \u2013 a source of amino acids, peptides, and polysaccharides with soothing and moisturizing properties. Provides B vitamins (B6, B12) and trace elements such as zinc, copper, and manganese.<\/p>\n<\/li>\n<li data-start=\"1137\" data-end=\"1238\">\n<p data-start=\"1139\" data-end=\"1238\"><strong data-start=\"1139\" data-end=\"1191\">Chicory polysaccharide (Inulin Lauryl Carbamate)<\/strong> \u2013 soothes and supports the skin&#039;s natural barrier.<\/p>\n<\/li>\n<li data-start=\"1239\" data-end=\"1337\">\n<p data-start=\"1241\" data-end=\"1337\"><strong data-start=\"1241\" data-end=\"1265\">Moisturizing complex<\/strong> (panthenol, propanediol, glycerin) \u2013 provides long-lasting hydration.<\/p>\n<\/li>\n<li data-start=\"1338\" data-end=\"1449\">\n<p data-start=\"1340\" data-end=\"1449\"><strong data-start=\"1340\" data-end=\"1357\">Gluconolactone<\/strong> \u2013 a delicate ingredient with antioxidant and sebum-regulating properties.<\/p>\n<\/li>\n<\/ul>\n<p data-start=\"1451\" data-end=\"1466\"><strong data-start=\"1454\" data-end=\"1464\">Effect:<\/strong><\/p>\n<ul data-start=\"1467\" data-end=\"1604\">\n<li data-start=\"1467\" data-end=\"1517\">\n<p data-start=\"1469\" data-end=\"1517\">balanced, moisturized and soothed scalp,<\/p>\n<\/li>\n<li data-start=\"1518\" data-end=\"1563\">\n<p data-start=\"1520\" data-end=\"1563\">limited greasiness and flaking,<\/p>\n<\/li>\n<li data-start=\"1564\" data-end=\"1604\">\n<p data-start=\"1566\" data-end=\"1604\">healthier, stronger hair at the roots.<\/p>\n<\/li>\n<\/ul>\n<p data-start=\"1606\" data-end=\"1755\">The product has <strong data-start=\"1617\" data-end=\"1637\">natural aroma<\/strong> derived from active ingredients \u2013 no fragrance additives. <strong data-start=\"1701\" data-end=\"1753\">Sediment at the bottom of the bottle is a natural phenomenon.<\/strong><\/p>\n<p data-start=\"1757\" data-end=\"1851\"><strong data-start=\"1760\" data-end=\"1787\">Biodegradable formula<\/strong> \u2013 safe for the environment, waterways, animals and plants<\/p>\n<p><strong>How to use:<\/strong> Shake well, then apply a small amount to damp scalp after washing. Gently massage in; do not rinse. Use after every wash.<\/p>\n<p><em><strong>Ingredients:<\/strong> \u00a0Aqua, Saccharomyces Cerevisiae, Humulus Lupulus (Hop) Extract, Panthenol, Propanediol, Glycerin, Inulin Lauryl Carbamate, Gluconolactone, Sodium Levulinate, Potassium Sorbate.<\/em><\/p>\n<p data-start=\"1757\" data-end=\"1851\">","protected":false},"excerpt":{"rendered":"<p><strong data-start=\"112\" data-end=\"138\">Hairy Tale Grasshopper<\/strong> This light, water-based scalp lotion with brewer&#039;s yeast and hop extracts regulates sebum production, reduces hair loss and dandruff, while intensely moisturizing and soothing the skin. Fragrance-free, biodegradable, and environmentally friendly.<\/p>\n<p>Capacity 120 ml<\/p>","protected":false},"featured_media":6827,"template":"","meta":{"_themeisle_gutenberg_block_has_review":false},"product_cat":[324,326],"product_tag":[340,348,349,347],"berocket_brand":[309],"yoast_head":"<!-- This site is optimized with the Yoast SEO Premium plugin v21.2 (Yoast SEO v21.5) - https:\/\/yoast.com\/wordpress\/plugins\/seo\/ -->\n<title>GRASSHOPPER wcierka reguluj\u0105ca, 120 ml - Hairy Tale Cosmetics<\/title>\n<meta name=\"description\" content=\"Reguluj\u0105ca wcierka Hairy Tale Grasshopper z dro\u017cd\u017cami i chmielem. Nawil\u017ca, tonizuje i ogranicza przet\u0142uszczanie sk\u00f3ry g\u0142owy oraz wypadanie w\u0142os\u00f3w.\" \/>\n<meta name=\"robots\" content=\"index, follow, max-snippet:-1, max-image-preview:large, max-video-preview:-1\" \/>\n<link rel=\"canonical\" href=\"https:\/\/pitaya.no\/en\/product\/grasshopper-wcierka-regulujaca-120-ml-hairy-tale-cosmetics\/\" \/>\n<meta property=\"og:locale\" content=\"en_GB\" \/>\n<meta property=\"og:type\" content=\"article\" \/>\n<meta property=\"og:title\" content=\"GRASSHOPPER wcierka reguluj\u0105ca, 120 ml - Hairy Tale Cosmetics\" \/>\n<meta property=\"og:description\" content=\"Reguluj\u0105ca wcierka Hairy Tale Grasshopper z dro\u017cd\u017cami i chmielem. Nawil\u017ca, tonizuje i ogranicza przet\u0142uszczanie sk\u00f3ry g\u0142owy oraz wypadanie w\u0142os\u00f3w.\" \/>\n<meta property=\"og:url\" content=\"https:\/\/pitaya.no\/en\/product\/grasshopper-wcierka-regulujaca-120-ml-hairy-tale-cosmetics\/\" \/>\n<meta property=\"og:site_name\" content=\"Pitaya.no\" \/>\n<meta property=\"article:publisher\" content=\"https:\/\/www.facebook.com\/Pitaya.no\" \/>\n<meta property=\"article:modified_time\" content=\"2026-02-16T20:44:49+00:00\" \/>\n<meta property=\"og:image\" content=\"https:\/\/pitaya.no\/wp-content\/uploads\/2025\/11\/grasshopper.jpg\" \/>\n\t<meta property=\"og:image:width\" content=\"998\" \/>\n\t<meta property=\"og:image:height\" content=\"998\" \/>\n\t<meta property=\"og:image:type\" content=\"image\/jpeg\" \/>\n<meta name=\"twitter:card\" content=\"summary_large_image\" \/>\n<meta name=\"twitter:label1\" content=\"Estimated reading time\" \/>\n\t<meta name=\"twitter:data1\" content=\"2 minutes\" \/>\n<script type=\"application\/ld+json\" class=\"yoast-schema-graph\">{\"@context\":\"https:\/\/schema.org\",\"@graph\":[{\"@type\":\"WebPage\",\"@id\":\"https:\/\/pitaya.no\/produkt\/grasshopper-wcierka-regulujaca-120-ml-hairy-tale-cosmetics\/\",\"url\":\"https:\/\/pitaya.no\/produkt\/grasshopper-wcierka-regulujaca-120-ml-hairy-tale-cosmetics\/\",\"name\":\"GRASSHOPPER wcierka reguluj\u0105ca, 120 ml - Hairy Tale Cosmetics\",\"isPartOf\":{\"@id\":\"https:\/\/pitaya.no\/#website\"},\"datePublished\":\"2025-11-07T23:28:39+00:00\",\"dateModified\":\"2026-02-16T20:44:49+00:00\",\"description\":\"Reguluj\u0105ca wcierka Hairy Tale Grasshopper z dro\u017cd\u017cami i chmielem. Nawil\u017ca, tonizuje i ogranicza przet\u0142uszczanie sk\u00f3ry g\u0142owy oraz wypadanie w\u0142os\u00f3w.\",\"breadcrumb\":{\"@id\":\"https:\/\/pitaya.no\/produkt\/grasshopper-wcierka-regulujaca-120-ml-hairy-tale-cosmetics\/#breadcrumb\"},\"inLanguage\":\"en-GB\",\"potentialAction\":[{\"@type\":\"ReadAction\",\"target\":[\"https:\/\/pitaya.no\/produkt\/grasshopper-wcierka-regulujaca-120-ml-hairy-tale-cosmetics\/\"]}]},{\"@type\":\"BreadcrumbList\",\"@id\":\"https:\/\/pitaya.no\/produkt\/grasshopper-wcierka-regulujaca-120-ml-hairy-tale-cosmetics\/#breadcrumb\",\"itemListElement\":[{\"@type\":\"ListItem\",\"position\":1,\"name\":\"Strona g\u0142\u00f3wna\",\"item\":\"https:\/\/pitaya.no\/\"},{\"@type\":\"ListItem\",\"position\":2,\"name\":\"Sklep\",\"item\":\"https:\/\/pitaya.no\/sklep\/\"},{\"@type\":\"ListItem\",\"position\":3,\"name\":\"GRASSHOPPER wcierka reguluj\u0105ca, 120 ml &#8211; Hairy Tale Cosmetics\"}]},{\"@type\":\"WebSite\",\"@id\":\"https:\/\/pitaya.no\/#website\",\"url\":\"https:\/\/pitaya.no\/\",\"name\":\"Pitaya.no\",\"description\":\"Polska drogeria ekologiczna w Norwegii\",\"potentialAction\":[{\"@type\":\"SearchAction\",\"target\":{\"@type\":\"EntryPoint\",\"urlTemplate\":\"https:\/\/pitaya.no\/?s={search_term_string}\"},\"query-input\":\"required name=search_term_string\"}],\"inLanguage\":\"en-GB\"}]}<\/script>\n<!-- \/ Yoast SEO Premium plugin. -->","yoast_head_json":{"title":"GRASSHOPPER regulating lotion, 120 ml - Hairy Tale Cosmetics","description":"Reguluj\u0105ca wcierka Hairy Tale Grasshopper z dro\u017cd\u017cami i chmielem. Nawil\u017ca, tonizuje i ogranicza przet\u0142uszczanie sk\u00f3ry g\u0142owy oraz wypadanie w\u0142os\u00f3w.","robots":{"index":"index","follow":"follow","max-snippet":"max-snippet:-1","max-image-preview":"max-image-preview:large","max-video-preview":"max-video-preview:-1"},"canonical":"https:\/\/pitaya.no\/en\/product\/grasshopper-wcierka-regulujaca-120-ml-hairy-tale-cosmetics\/","og_locale":"en_GB","og_type":"article","og_title":"GRASSHOPPER wcierka reguluj\u0105ca, 120 ml - Hairy Tale Cosmetics","og_description":"Reguluj\u0105ca wcierka Hairy Tale Grasshopper z dro\u017cd\u017cami i chmielem. Nawil\u017ca, tonizuje i ogranicza przet\u0142uszczanie sk\u00f3ry g\u0142owy oraz wypadanie w\u0142os\u00f3w.","og_url":"https:\/\/pitaya.no\/en\/product\/grasshopper-wcierka-regulujaca-120-ml-hairy-tale-cosmetics\/","og_site_name":"Pitaya.no","article_publisher":"https:\/\/www.facebook.com\/Pitaya.no","article_modified_time":"2026-02-16T20:44:49+00:00","og_image":[{"width":998,"height":998,"url":"https:\/\/pitaya.no\/wp-content\/uploads\/2025\/11\/grasshopper.jpg","type":"image\/jpeg"}],"twitter_card":"summary_large_image","twitter_misc":{"Estimated reading time":"2 minutes"},"schema":{"@context":"https:\/\/schema.org","@graph":[{"@type":"WebPage","@id":"https:\/\/pitaya.no\/produkt\/grasshopper-wcierka-regulujaca-120-ml-hairy-tale-cosmetics\/","url":"https:\/\/pitaya.no\/produkt\/grasshopper-wcierka-regulujaca-120-ml-hairy-tale-cosmetics\/","name":"GRASSHOPPER regulating lotion, 120 ml - Hairy Tale Cosmetics","isPartOf":{"@id":"https:\/\/pitaya.no\/#website"},"datePublished":"2025-11-07T23:28:39+00:00","dateModified":"2026-02-16T20:44:49+00:00","description":"Reguluj\u0105ca wcierka Hairy Tale Grasshopper z dro\u017cd\u017cami i chmielem. Nawil\u017ca, tonizuje i ogranicza przet\u0142uszczanie sk\u00f3ry g\u0142owy oraz wypadanie w\u0142os\u00f3w.","breadcrumb":{"@id":"https:\/\/pitaya.no\/produkt\/grasshopper-wcierka-regulujaca-120-ml-hairy-tale-cosmetics\/#breadcrumb"},"inLanguage":"en-GB","potentialAction":[{"@type":"ReadAction","target":["https:\/\/pitaya.no\/produkt\/grasshopper-wcierka-regulujaca-120-ml-hairy-tale-cosmetics\/"]}]},{"@type":"BreadcrumbList","@id":"https:\/\/pitaya.no\/produkt\/grasshopper-wcierka-regulujaca-120-ml-hairy-tale-cosmetics\/#breadcrumb","itemListElement":[{"@type":"ListItem","position":1,"name":"Strona g\u0142\u00f3wna","item":"https:\/\/pitaya.no\/"},{"@type":"ListItem","position":2,"name":"Sklep","item":"https:\/\/pitaya.no\/sklep\/"},{"@type":"ListItem","position":3,"name":"GRASSHOPPER wcierka reguluj\u0105ca, 120 ml &#8211; Hairy Tale Cosmetics"}]},{"@type":"WebSite","@id":"https:\/\/pitaya.no\/#website","url":"https:\/\/pitaya.no\/","name":"Pitaya.no","description":"Polish organic drugstore in Norway","potentialAction":[{"@type":"SearchAction","target":{"@type":"EntryPoint","urlTemplate":"https:\/\/pitaya.no\/?s={search_term_string}"},"query-input":"required name=search_term_string"}],"inLanguage":"en-GB"}]}},"_links":{"self":[{"href":"https:\/\/pitaya.no\/en\/wp-json\/wp\/v2\/product\/6825"}],"collection":[{"href":"https:\/\/pitaya.no\/en\/wp-json\/wp\/v2\/product"}],"about":[{"href":"https:\/\/pitaya.no\/en\/wp-json\/wp\/v2\/types\/product"}],"wp:featuredmedia":[{"embeddable":true,"href":"https:\/\/pitaya.no\/en\/wp-json\/wp\/v2\/media\/6827"}],"wp:attachment":[{"href":"https:\/\/pitaya.no\/en\/wp-json\/wp\/v2\/media?parent=6825"}],"wp:term":[{"taxonomy":"product_cat","embeddable":true,"href":"https:\/\/pitaya.no\/en\/wp-json\/wp\/v2\/product_cat?post=6825"},{"taxonomy":"product_tag","embeddable":true,"href":"https:\/\/pitaya.no\/en\/wp-json\/wp\/v2\/product_tag?post=6825"},{"taxonomy":"berocket_brand","embeddable":true,"href":"https:\/\/pitaya.no\/en\/wp-json\/wp\/v2\/berocket_brand?post=6825"}],"curies":[{"name":"wp","href":"https:\/\/api.w.org\/{rel}","templated":true}]}}