{"id":6816,"date":"2025-11-07T23:16:19","date_gmt":"2025-11-07T23:16:19","guid":{"rendered":"https:\/\/pitaya.no\/?post_type=product&#038;p=6816"},"modified":"2026-02-12T01:01:09","modified_gmt":"2026-02-12T01:01:09","slug":"malinois-nablyszczajaca-maska-do-wlosow-z-kwasem-glikolowym-200-ml-hairy-tale-cosmetics","status":"publish","type":"product","link":"https:\/\/pitaya.no\/en\/product\/malinois-nablyszczajaca-maska-do-wlosow-z-kwasem-glikolowym-200-ml-hairy-tale-cosmetics\/","title":{"rendered":"MALINOIS Shine-Releasing Hair Mask with Glycolic Acid, 200 ml \u2013 Hairy Tale Cosmetics"},"content":{"rendered":"<h1 data-start=\"208\" data-end=\"459\">MALINOIS Shine-Releasing Hair Mask with Glycolic Acid, 200 ml \u2013 Hairy Tale Cosmetics<\/h1>\n<p data-start=\"208\" data-end=\"459\">Discover the secret to shiny, smooth and healthy hair with a mask <strong data-start=\"268\" data-end=\"301\">HAIRY TALE COSMETICS Malinois<\/strong>! This is a universal, lightweight, glossy mask that works for all hair types and porosities, especially those <strong data-start=\"425\" data-end=\"456\">dyed and bleached<\/strong>.<\/p>\n<p data-start=\"461\" data-end=\"660\">The mask formula is based on <strong data-start=\"490\" data-end=\"552\">a balanced combination of proteins, emollients and humectants<\/strong>, thanks to which it effectively regenerates, smoothes and gives the hair a dazzling shine - without weighing it down.<\/p>\n<h4 data-start=\"662\" data-end=\"693\"><strong data-start=\"667\" data-end=\"693\">Why you&#039;ll love her:<\/strong><\/h4>\n<ul data-start=\"694\" data-end=\"1723\">\n<li data-start=\"694\" data-end=\"893\">\n<p data-start=\"696\" data-end=\"893\"><strong data-start=\"699\" data-end=\"728\">Smoothing without silicones<\/strong> \u2013 light emollients such as <strong data-start=\"759\" data-end=\"804\">squalane, coconut oil triglycerides<\/strong> Whether <strong data-start=\"809\" data-end=\"833\">Dicaprylyl Carbonate<\/strong>, provide softness and shine without excessive weight.<\/p>\n<\/li>\n<li data-start=\"894\" data-end=\"1029\">\n<p data-start=\"896\" data-end=\"1029\"><strong data-start=\"898\" data-end=\"918\">Shine and smoothness<\/strong> \u2013 <strong data-start=\"921\" data-end=\"939\">glycolic acid<\/strong> gently lowers the pH of the mask, closing the hair cuticles and emphasizing its natural shine.<\/p>\n<\/li>\n<li data-start=\"1030\" data-end=\"1230\">\n<p data-start=\"1032\" data-end=\"1230\"><strong data-start=\"1035\" data-end=\"1068\">Color protection and thermal protection<\/strong> \u2013 complex <strong data-start=\"1080\" data-end=\"1104\">Activoil\u2122 Kerox-Pro\u2122<\/strong> (radish, magnolia and rosemary extracts) protects hair against UV radiation, high temperature and color fading.<\/p>\n<\/li>\n<li data-start=\"1231\" data-end=\"1413\">\n<p data-start=\"1233\" data-end=\"1413\"><strong data-start=\"1236\" data-end=\"1264\">Moisturizing and regenerating<\/strong> \u2013 <strong data-start=\"1267\" data-end=\"1282\">Vitaskin\u00ae E<\/strong> from raspberry seed oil replenishes the losses, protects against moisture loss, and <strong data-start=\"1355\" data-end=\"1377\">cationized honey<\/strong> ensures intense hydration of the strands.<\/p>\n<\/li>\n<li data-start=\"1414\" data-end=\"1559\">\n<p data-start=\"1416\" data-end=\"1559\"><strong data-start=\"1419\" data-end=\"1445\">Softness and elasticity<\/strong> \u2013 <strong data-start=\"1448\" data-end=\"1470\">acerola extract<\/strong> and <strong data-start=\"1476\" data-end=\"1493\">argan oil<\/strong> add elasticity, shine and a silky finish to the hair.<\/p>\n<\/li>\n<li data-start=\"1560\" data-end=\"1723\">\n<p data-start=\"1562\" data-end=\"1723\"><strong data-start=\"1565\" data-end=\"1596\">Strengthening the hair structure<\/strong> \u2013 <strong data-start=\"1599\" data-end=\"1636\">hydrolyzed barley proteins<\/strong> and <strong data-start=\"1639\" data-end=\"1664\">amaranth extract<\/strong> support hair regeneration and resistance to damage.<\/p>\n<\/li>\n<\/ul>\n<h4 data-start=\"1725\" data-end=\"1740\"><strong data-start=\"1730\" data-end=\"1740\">Effect:<\/strong><\/h4>\n<p data-start=\"1741\" data-end=\"1916\">The hair is dry after use <strong data-start=\"1760\" data-end=\"1805\">smooth, soft, full of shine and lightness<\/strong> \u2013 without frizz or weight. Color becomes more intense, and strands look healthy and radiant.<\/p>\n<div id=\"attachment_6818\" style=\"width: 829px\" class=\"wp-caption aligncenter\"><img aria-describedby=\"caption-attachment-6818\" fetchpriority=\"high\" decoding=\"async\" class=\"size-large wp-image-6818\" src=\"https:\/\/pitaya.no\/wp-content\/uploads\/2025\/11\/mallinois-819x1024.jpeg\" alt=\"MALINOIS nab\u0142yszczaj\u0105ca maska do w\u0142os\u00f3w z kwasem glikolowym, 200 ml - Hairy Tale Cosmetics\" width=\"819\" height=\"1024\" srcset=\"https:\/\/pitaya.no\/wp-content\/uploads\/2025\/11\/mallinois-819x1024.jpeg 819w, https:\/\/pitaya.no\/wp-content\/uploads\/2025\/11\/mallinois-240x300.jpeg 240w, https:\/\/pitaya.no\/wp-content\/uploads\/2025\/11\/mallinois-768x960.jpeg 768w, https:\/\/pitaya.no\/wp-content\/uploads\/2025\/11\/mallinois-1229x1536.jpeg 1229w, https:\/\/pitaya.no\/wp-content\/uploads\/2025\/11\/mallinois-10x12.jpeg 10w, https:\/\/pitaya.no\/wp-content\/uploads\/2025\/11\/mallinois-600x750.jpeg 600w, https:\/\/pitaya.no\/wp-content\/uploads\/2025\/11\/mallinois-43x54.jpeg 43w, https:\/\/pitaya.no\/wp-content\/uploads\/2025\/11\/mallinois-64x80.jpeg 64w, https:\/\/pitaya.no\/wp-content\/uploads\/2025\/11\/mallinois.jpeg 1638w\" sizes=\"(max-width: 819px) 100vw, 819px\" \/><p id=\"caption-attachment-6818\" class=\"wp-caption-text\">MALINOIS Shine-Releasing Hair Mask with Glycolic Acid, 200 ml \u2013 Hairy Tale Cosmetics<\/p><\/div>\n<p><strong>How to use:<\/strong> Apply a small amount of product to damp hair after washing. Comb or scrunch in. Leave on for 5 minutes or rinse immediately. Use once a week.<\/p>\n<p><strong>For best results, use the mask with the Malinois protective serum.<\/strong><\/p>\n<p><em><strong>Composition<\/strong>: Aqua, Cetearyl Alcohol, Coco Caprylate\/Caprate, Propanediol, Squalane, Cetyl Palmitate, Caprylic\/Capric Triglyceride, Cetyl Alcohol, Isoamyl Laurate, Isopropyl Myristate, Dicaprylyl Carbonate, Glycolic Acid, Malpighia Glabra Fruit Juice, Raspberry Seed Oil\/Tocopheryl Succinate Aminopropanediol Esters, Hydroxypropyltrimonium Honey, Raphanus Sativus (Radish) Seed Extract, Magnolia Officinalis Bark Extract, Rosmarinus officinalis (Rosemary) Leaf Extract, Behentrimonium Methosulfate, Hydrolyzed Barley Protein, Amaranthus Cruentus Seed Extract, Argania Spinosa Kernel Oil, Tocopheryl Acetate, Tocopherol, Guar Hydroxypropyltrimonium Chloride, Trisodium Ethylenediamine Disuccinate, Olus Oil, Maltodextrin, Citric Acid, Sodium Benzoate, Sodium Levulinate, Potassium Sorbate, Benzyl Alcohol, Parfum, Citrus Aurantium Peel Oil, Citronellol, Limonene.<\/em><\/p>\n<p>&nbsp;<\/p>","protected":false},"excerpt":{"rendered":"<p><strong data-start=\"107\" data-end=\"140\">HAIRY TALE COSMETICS Malinois<\/strong> This lightweight, gloss-boosting mask is suitable for all hair types. It smooths, regenerates, and protects color, leaving strands soft and radiantly shiny\u2014without weighing them down.<\/p>\n<p><strong>Capacity 200 ml<\/strong><\/p>","protected":false},"featured_media":6821,"template":"","meta":{"_themeisle_gutenberg_block_has_review":false},"product_cat":[315,317,316],"product_tag":[340,338,339],"berocket_brand":[309],"yoast_head":"<!-- This site is optimized with the Yoast SEO Premium plugin v21.2 (Yoast SEO v21.5) - https:\/\/yoast.com\/wordpress\/plugins\/seo\/ -->\n<title>MALINOIS nab\u0142yszczaj\u0105ca maska do w\u0142os\u00f3w z kwasem glikolowym, 200 ml - Hairy Tale Cosmetics - Pitaya.no<\/title>\n<meta name=\"description\" content=\"Nab\u0142yszczaj\u0105ca maska do w\u0142os\u00f3w HAIRY TALE COSMETICS Malinois wyg\u0142adza, regeneruje i chroni kolor. Blask bez obci\u0105\u017cenia dla ka\u017cdego typu w\u0142os\u00f3w.\" \/>\n<meta name=\"robots\" content=\"index, follow, max-snippet:-1, max-image-preview:large, max-video-preview:-1\" \/>\n<link rel=\"canonical\" href=\"https:\/\/pitaya.no\/en\/product\/malinois-nablyszczajaca-maska-do-wlosow-z-kwasem-glikolowym-200-ml-hairy-tale-cosmetics\/\" \/>\n<meta property=\"og:locale\" content=\"en_GB\" \/>\n<meta property=\"og:type\" content=\"article\" \/>\n<meta property=\"og:title\" content=\"MALINOIS nab\u0142yszczaj\u0105ca maska do w\u0142os\u00f3w z kwasem glikolowym, 200 ml - Hairy Tale Cosmetics\" \/>\n<meta property=\"og:description\" content=\"Nab\u0142yszczaj\u0105ca maska do w\u0142os\u00f3w HAIRY TALE COSMETICS Malinois wyg\u0142adza, regeneruje i chroni kolor. Blask bez obci\u0105\u017cenia dla ka\u017cdego typu w\u0142os\u00f3w.\" \/>\n<meta property=\"og:url\" content=\"https:\/\/pitaya.no\/en\/product\/malinois-nablyszczajaca-maska-do-wlosow-z-kwasem-glikolowym-200-ml-hairy-tale-cosmetics\/\" \/>\n<meta property=\"og:site_name\" content=\"Pitaya.no\" \/>\n<meta property=\"article:publisher\" content=\"https:\/\/www.facebook.com\/Pitaya.no\" \/>\n<meta property=\"article:modified_time\" content=\"2026-02-12T01:01:09+00:00\" \/>\n<meta property=\"og:image\" content=\"https:\/\/pitaya.no\/wp-content\/uploads\/2025\/11\/malinois.jpg\" \/>\n\t<meta property=\"og:image:width\" content=\"998\" \/>\n\t<meta property=\"og:image:height\" content=\"998\" \/>\n\t<meta property=\"og:image:type\" content=\"image\/jpeg\" \/>\n<meta name=\"twitter:card\" content=\"summary_large_image\" \/>\n<meta name=\"twitter:label1\" content=\"Estimated reading time\" \/>\n\t<meta name=\"twitter:data1\" content=\"3 minutes\" \/>\n<script type=\"application\/ld+json\" class=\"yoast-schema-graph\">{\"@context\":\"https:\/\/schema.org\",\"@graph\":[{\"@type\":\"WebPage\",\"@id\":\"https:\/\/pitaya.no\/produkt\/malinois-nablyszczajaca-maska-do-wlosow-z-kwasem-glikolowym-200-ml-hairy-tale-cosmetics\/\",\"url\":\"https:\/\/pitaya.no\/produkt\/malinois-nablyszczajaca-maska-do-wlosow-z-kwasem-glikolowym-200-ml-hairy-tale-cosmetics\/\",\"name\":\"MALINOIS nab\u0142yszczaj\u0105ca maska do w\u0142os\u00f3w z kwasem glikolowym, 200 ml - Hairy Tale Cosmetics - Pitaya.no\",\"isPartOf\":{\"@id\":\"https:\/\/pitaya.no\/#website\"},\"datePublished\":\"2025-11-07T23:16:19+00:00\",\"dateModified\":\"2026-02-12T01:01:09+00:00\",\"description\":\"Nab\u0142yszczaj\u0105ca maska do w\u0142os\u00f3w HAIRY TALE COSMETICS Malinois wyg\u0142adza, regeneruje i chroni kolor. Blask bez obci\u0105\u017cenia dla ka\u017cdego typu w\u0142os\u00f3w.\",\"breadcrumb\":{\"@id\":\"https:\/\/pitaya.no\/produkt\/malinois-nablyszczajaca-maska-do-wlosow-z-kwasem-glikolowym-200-ml-hairy-tale-cosmetics\/#breadcrumb\"},\"inLanguage\":\"en-GB\",\"potentialAction\":[{\"@type\":\"ReadAction\",\"target\":[\"https:\/\/pitaya.no\/produkt\/malinois-nablyszczajaca-maska-do-wlosow-z-kwasem-glikolowym-200-ml-hairy-tale-cosmetics\/\"]}]},{\"@type\":\"BreadcrumbList\",\"@id\":\"https:\/\/pitaya.no\/produkt\/malinois-nablyszczajaca-maska-do-wlosow-z-kwasem-glikolowym-200-ml-hairy-tale-cosmetics\/#breadcrumb\",\"itemListElement\":[{\"@type\":\"ListItem\",\"position\":1,\"name\":\"Strona g\u0142\u00f3wna\",\"item\":\"https:\/\/pitaya.no\/\"},{\"@type\":\"ListItem\",\"position\":2,\"name\":\"Sklep\",\"item\":\"https:\/\/pitaya.no\/sklep\/\"},{\"@type\":\"ListItem\",\"position\":3,\"name\":\"MALINOIS nab\u0142yszczaj\u0105ca maska do w\u0142os\u00f3w z kwasem glikolowym, 200 ml &#8211; Hairy Tale Cosmetics\"}]},{\"@type\":\"WebSite\",\"@id\":\"https:\/\/pitaya.no\/#website\",\"url\":\"https:\/\/pitaya.no\/\",\"name\":\"Pitaya.no\",\"description\":\"Polska drogeria ekologiczna w Norwegii\",\"potentialAction\":[{\"@type\":\"SearchAction\",\"target\":{\"@type\":\"EntryPoint\",\"urlTemplate\":\"https:\/\/pitaya.no\/?s={search_term_string}\"},\"query-input\":\"required name=search_term_string\"}],\"inLanguage\":\"en-GB\"}]}<\/script>\n<!-- \/ Yoast SEO Premium plugin. -->","yoast_head_json":{"title":"MALINOIS nab\u0142yszczaj\u0105ca maska do w\u0142os\u00f3w z kwasem glikolowym, 200 ml - Hairy Tale Cosmetics - Pitaya.no","description":"Nab\u0142yszczaj\u0105ca maska do w\u0142os\u00f3w HAIRY TALE COSMETICS Malinois wyg\u0142adza, regeneruje i chroni kolor. Blask bez obci\u0105\u017cenia dla ka\u017cdego typu w\u0142os\u00f3w.","robots":{"index":"index","follow":"follow","max-snippet":"max-snippet:-1","max-image-preview":"max-image-preview:large","max-video-preview":"max-video-preview:-1"},"canonical":"https:\/\/pitaya.no\/en\/product\/malinois-nablyszczajaca-maska-do-wlosow-z-kwasem-glikolowym-200-ml-hairy-tale-cosmetics\/","og_locale":"en_GB","og_type":"article","og_title":"MALINOIS nab\u0142yszczaj\u0105ca maska do w\u0142os\u00f3w z kwasem glikolowym, 200 ml - Hairy Tale Cosmetics","og_description":"Nab\u0142yszczaj\u0105ca maska do w\u0142os\u00f3w HAIRY TALE COSMETICS Malinois wyg\u0142adza, regeneruje i chroni kolor. Blask bez obci\u0105\u017cenia dla ka\u017cdego typu w\u0142os\u00f3w.","og_url":"https:\/\/pitaya.no\/en\/product\/malinois-nablyszczajaca-maska-do-wlosow-z-kwasem-glikolowym-200-ml-hairy-tale-cosmetics\/","og_site_name":"Pitaya.no","article_publisher":"https:\/\/www.facebook.com\/Pitaya.no","article_modified_time":"2026-02-12T01:01:09+00:00","og_image":[{"width":998,"height":998,"url":"https:\/\/pitaya.no\/wp-content\/uploads\/2025\/11\/malinois.jpg","type":"image\/jpeg"}],"twitter_card":"summary_large_image","twitter_misc":{"Estimated reading time":"3 minutes"},"schema":{"@context":"https:\/\/schema.org","@graph":[{"@type":"WebPage","@id":"https:\/\/pitaya.no\/produkt\/malinois-nablyszczajaca-maska-do-wlosow-z-kwasem-glikolowym-200-ml-hairy-tale-cosmetics\/","url":"https:\/\/pitaya.no\/produkt\/malinois-nablyszczajaca-maska-do-wlosow-z-kwasem-glikolowym-200-ml-hairy-tale-cosmetics\/","name":"MALINOIS nab\u0142yszczaj\u0105ca maska do w\u0142os\u00f3w z kwasem glikolowym, 200 ml - Hairy Tale Cosmetics - Pitaya.no","isPartOf":{"@id":"https:\/\/pitaya.no\/#website"},"datePublished":"2025-11-07T23:16:19+00:00","dateModified":"2026-02-12T01:01:09+00:00","description":"Nab\u0142yszczaj\u0105ca maska do w\u0142os\u00f3w HAIRY TALE COSMETICS Malinois wyg\u0142adza, regeneruje i chroni kolor. Blask bez obci\u0105\u017cenia dla ka\u017cdego typu w\u0142os\u00f3w.","breadcrumb":{"@id":"https:\/\/pitaya.no\/produkt\/malinois-nablyszczajaca-maska-do-wlosow-z-kwasem-glikolowym-200-ml-hairy-tale-cosmetics\/#breadcrumb"},"inLanguage":"en-GB","potentialAction":[{"@type":"ReadAction","target":["https:\/\/pitaya.no\/produkt\/malinois-nablyszczajaca-maska-do-wlosow-z-kwasem-glikolowym-200-ml-hairy-tale-cosmetics\/"]}]},{"@type":"BreadcrumbList","@id":"https:\/\/pitaya.no\/produkt\/malinois-nablyszczajaca-maska-do-wlosow-z-kwasem-glikolowym-200-ml-hairy-tale-cosmetics\/#breadcrumb","itemListElement":[{"@type":"ListItem","position":1,"name":"Strona g\u0142\u00f3wna","item":"https:\/\/pitaya.no\/"},{"@type":"ListItem","position":2,"name":"Sklep","item":"https:\/\/pitaya.no\/sklep\/"},{"@type":"ListItem","position":3,"name":"MALINOIS nab\u0142yszczaj\u0105ca maska do w\u0142os\u00f3w z kwasem glikolowym, 200 ml &#8211; Hairy Tale Cosmetics"}]},{"@type":"WebSite","@id":"https:\/\/pitaya.no\/#website","url":"https:\/\/pitaya.no\/","name":"Pitaya.no","description":"Polish organic drugstore in Norway","potentialAction":[{"@type":"SearchAction","target":{"@type":"EntryPoint","urlTemplate":"https:\/\/pitaya.no\/?s={search_term_string}"},"query-input":"required name=search_term_string"}],"inLanguage":"en-GB"}]}},"_links":{"self":[{"href":"https:\/\/pitaya.no\/en\/wp-json\/wp\/v2\/product\/6816"}],"collection":[{"href":"https:\/\/pitaya.no\/en\/wp-json\/wp\/v2\/product"}],"about":[{"href":"https:\/\/pitaya.no\/en\/wp-json\/wp\/v2\/types\/product"}],"wp:featuredmedia":[{"embeddable":true,"href":"https:\/\/pitaya.no\/en\/wp-json\/wp\/v2\/media\/6821"}],"wp:attachment":[{"href":"https:\/\/pitaya.no\/en\/wp-json\/wp\/v2\/media?parent=6816"}],"wp:term":[{"taxonomy":"product_cat","embeddable":true,"href":"https:\/\/pitaya.no\/en\/wp-json\/wp\/v2\/product_cat?post=6816"},{"taxonomy":"product_tag","embeddable":true,"href":"https:\/\/pitaya.no\/en\/wp-json\/wp\/v2\/product_tag?post=6816"},{"taxonomy":"berocket_brand","embeddable":true,"href":"https:\/\/pitaya.no\/en\/wp-json\/wp\/v2\/berocket_brand?post=6816"}],"curies":[{"name":"wp","href":"https:\/\/api.w.org\/{rel}","templated":true}]}}