{"id":6810,"date":"2025-11-07T10:49:36","date_gmt":"2025-11-07T10:49:36","guid":{"rendered":"https:\/\/pitaya.no\/?post_type=product&#038;p=6810"},"modified":"2026-02-21T08:08:40","modified_gmt":"2026-02-21T08:08:40","slug":"liquid-gold-bogata-emolientowa-maska-do-wlosow-o-wysokiej-porowatosci-150-ml-hairy-tale-cosmetics","status":"publish","type":"product","link":"https:\/\/pitaya.no\/en\/product\/liquid-gold-bogata-emolientowa-maska-do-wlosow-o-wysokiej-porowatosci-150-ml-hairy-tale-cosmetics\/","title":{"rendered":"LIQUID GOLD Rich Emollient Mask for High Porosity Hair, 150 ml \u2013 Hairy Tale Cosmetics"},"content":{"rendered":"<h1>LIQUID GOLD Rich Emollient Mask for High Porosity Hair, 150 ml \u2013 Hairy Tale Cosmetics<\/h1>\n<p data-start=\"223\" data-end=\"432\">Indulge your hair in luxury with a mask <strong data-start=\"261\" data-end=\"276\">Liquid Gold<\/strong> From <strong data-start=\"280\" data-end=\"304\">Hairy Tale Cosmetics<\/strong>This creamy, nourishing formula was created for demanding hair \u2013 bleached, high porosity, and curly.<\/p>\n<p data-start=\"434\" data-end=\"474\">Its composition includes valuable oils:<\/p>\n<ul data-start=\"475\" data-end=\"613\">\n<li data-start=\"475\" data-end=\"493\">\n<p data-start=\"477\" data-end=\"493\"><strong data-start=\"477\" data-end=\"490\">Abyssinian<\/strong>,<\/p>\n<\/li>\n<li data-start=\"494\" data-end=\"511\">\n<p data-start=\"496\" data-end=\"511\"><strong data-start=\"496\" data-end=\"508\">argan<\/strong>,<\/p>\n<\/li>\n<li data-start=\"512\" data-end=\"613\">\n<p data-start=\"514\" data-end=\"613\"><strong data-start=\"514\" data-end=\"525\">moringa<\/strong> \u2013<br data-start=\"527\" data-end=\"530\" \/>which intensively nourish, smooth and restore softness and shine to the hair.<\/p>\n<\/li>\n<\/ul>\n<p data-start=\"615\" data-end=\"765\">Thanks <strong data-start=\"622\" data-end=\"647\">isoamyl laurate<\/strong>, a natural analogue of silicones, the hair gains a smooth and shiny effect \u2013 without weighing it down and without artificial films.<\/p>\n<p data-start=\"767\" data-end=\"970\">Innovative ingredient <strong data-start=\"788\" data-end=\"801\">Rep&#039;Hair\u00ae<\/strong>, a biomimetic molecule with ceramide-like properties, strengthens hair fibers, improves their resistance, and smoothes their structure. All this <strong data-start=\"942\" data-end=\"968\">no added silicones!<\/strong><\/p>\n<p data-start=\"972\" data-end=\"1082\">Wrap yourself in the warm aroma <strong data-start=\"998\" data-end=\"1034\">sweet but subtle vanilla<\/strong>, which will make every care moment more enjoyable.<\/p>\n<p>&nbsp;<\/p>\n<p><img fetchpriority=\"high\" decoding=\"async\" class=\"size-large wp-image-6812 aligncenter\" src=\"https:\/\/pitaya.no\/wp-content\/uploads\/2025\/11\/liquidgold2.jpg-819x1024.webp\" alt=\"LIQUID GOLD bogata emolientowa maska do w\u0142os\u00f3w o wysokiej porowato\u015bci, 150 ml - Hairy Tale Cosmetics\" width=\"819\" height=\"1024\" srcset=\"https:\/\/pitaya.no\/wp-content\/uploads\/2025\/11\/liquidgold2.jpg-819x1024.webp 819w, https:\/\/pitaya.no\/wp-content\/uploads\/2025\/11\/liquidgold2.jpg-240x300.webp 240w, https:\/\/pitaya.no\/wp-content\/uploads\/2025\/11\/liquidgold2.jpg-768x960.webp 768w, https:\/\/pitaya.no\/wp-content\/uploads\/2025\/11\/liquidgold2.jpg-1229x1536.webp 1229w, https:\/\/pitaya.no\/wp-content\/uploads\/2025\/11\/liquidgold2.jpg-10x12.webp 10w, https:\/\/pitaya.no\/wp-content\/uploads\/2025\/11\/liquidgold2.jpg-600x750.webp 600w, https:\/\/pitaya.no\/wp-content\/uploads\/2025\/11\/liquidgold2.jpg-43x54.webp 43w, https:\/\/pitaya.no\/wp-content\/uploads\/2025\/11\/liquidgold2.jpg-64x80.webp 64w, https:\/\/pitaya.no\/wp-content\/uploads\/2025\/11\/liquidgold2.jpg.webp 1638w\" sizes=\"(max-width: 819px) 100vw, 819px\" \/><\/p>\n<p><strong>How to use: <\/strong>Apply a small amount of product to damp hair after washing. Comb or scrunch in. Leave on for up to 20 minutes or rinse immediately.<\/p>\n<p><strong>NOTE: Store at temperatures between 10 \u00baC and 25 \u00baC.<\/strong><\/p>\n<p><em><strong>Composition:<\/strong> Aqua, Isopropyl Myristate, Cetearyl Alcohol, Cetyl Alcohol, Diethylhexyl Succinate, Dicaprylyl Carbonate, Cetyl Palmitate, Crambe Abyssinica Seed Oil, Moringa Oleifera Seed Oil, Isoamyl Laurate, Argania Spinosa Kernel Oil, Behenyl\/ Stearyl Aminopropanediol Esters, Tocopherol, Olus Oil, Behentrimonium Methosulfate, Tocopheryl Acetate, Guar Hydroxypropyltrimonium Chloride, Citric Acid, Oryza Sativa Starch, Sodium Levulinate, Sodium Benzoate, Potassium Sorbate, Trisodium Ethylenediamine Disuccinate, Parfum, Benzyl Salicylate, Coumarin.<\/em><\/p>\n<p>&nbsp;<\/p>","protected":false},"excerpt":{"rendered":"<p>A rich, emollient mask with Abyssinian, argan, and moringa oils. Smooths, nourishes, and adds shine to hair without silicones. Ideal for dry, bleached, and curly hair.<\/p>\n<p><strong>Capacity 150 ml<\/strong><\/p>","protected":false},"featured_media":6813,"template":"","meta":{"_themeisle_gutenberg_block_has_review":false},"product_cat":[315,318,321],"product_tag":[341,342,340,343,339],"berocket_brand":[309],"yoast_head":"<!-- This site is optimized with the Yoast SEO Premium plugin v21.2 (Yoast SEO v21.5) - https:\/\/yoast.com\/wordpress\/plugins\/seo\/ -->\n<title>LIQUID GOLD bogata emolientowa maska do w\u0142os\u00f3w o wysokiej porowato\u015bci, 150 ml - Hairy Tale Cosmetics<\/title>\n<meta name=\"description\" content=\"Wzmocnij i wyg\u0142ad\u017a w\u0142osy z mask\u0105 Liquid Gold od Hairy Tale Cosmetics! Naturalne oleje i Rep\u2019Hair\u00ae przywracaj\u0105 blask, mi\u0119kko\u015b\u0107 i zdrowy wygl\u0105d \u2013 bez silikon\u00f3w. Sprawd\u017a teraz!\" \/>\n<meta name=\"robots\" content=\"index, follow, max-snippet:-1, max-image-preview:large, max-video-preview:-1\" \/>\n<link rel=\"canonical\" href=\"https:\/\/pitaya.no\/en\/product\/liquid-gold-bogata-emolientowa-maska-do-wlosow-o-wysokiej-porowatosci-150-ml-hairy-tale-cosmetics\/\" \/>\n<meta property=\"og:locale\" content=\"en_GB\" \/>\n<meta property=\"og:type\" content=\"article\" \/>\n<meta property=\"og:title\" content=\"LIQUID GOLD bogata emolientowa maska do w\u0142os\u00f3w o wysokiej porowato\u015bci, 150 ml - Hairy Tale Cosmetics\" \/>\n<meta property=\"og:description\" content=\"Wzmocnij i wyg\u0142ad\u017a w\u0142osy z mask\u0105 Liquid Gold od Hairy Tale Cosmetics! Naturalne oleje i Rep\u2019Hair\u00ae przywracaj\u0105 blask, mi\u0119kko\u015b\u0107 i zdrowy wygl\u0105d \u2013 bez silikon\u00f3w. Sprawd\u017a teraz!\" \/>\n<meta property=\"og:url\" content=\"https:\/\/pitaya.no\/en\/product\/liquid-gold-bogata-emolientowa-maska-do-wlosow-o-wysokiej-porowatosci-150-ml-hairy-tale-cosmetics\/\" \/>\n<meta property=\"og:site_name\" content=\"Pitaya.no\" \/>\n<meta property=\"article:publisher\" content=\"https:\/\/www.facebook.com\/Pitaya.no\" \/>\n<meta property=\"article:modified_time\" content=\"2026-02-21T08:08:40+00:00\" \/>\n<meta property=\"og:image\" content=\"https:\/\/pitaya.no\/wp-content\/uploads\/2025\/11\/liquidgold.png\" \/>\n\t<meta property=\"og:image:width\" content=\"998\" \/>\n\t<meta property=\"og:image:height\" content=\"998\" \/>\n\t<meta property=\"og:image:type\" content=\"image\/png\" \/>\n<meta name=\"twitter:card\" content=\"summary_large_image\" \/>\n<meta name=\"twitter:label1\" content=\"Estimated reading time\" \/>\n\t<meta name=\"twitter:data1\" content=\"2 minutes\" \/>\n<script type=\"application\/ld+json\" class=\"yoast-schema-graph\">{\"@context\":\"https:\/\/schema.org\",\"@graph\":[{\"@type\":\"WebPage\",\"@id\":\"https:\/\/pitaya.no\/produkt\/liquid-gold-bogata-emolientowa-maska-do-wlosow-o-wysokiej-porowatosci-150-ml-hairy-tale-cosmetics\/\",\"url\":\"https:\/\/pitaya.no\/produkt\/liquid-gold-bogata-emolientowa-maska-do-wlosow-o-wysokiej-porowatosci-150-ml-hairy-tale-cosmetics\/\",\"name\":\"LIQUID GOLD bogata emolientowa maska do w\u0142os\u00f3w o wysokiej porowato\u015bci, 150 ml - Hairy Tale Cosmetics\",\"isPartOf\":{\"@id\":\"https:\/\/pitaya.no\/#website\"},\"datePublished\":\"2025-11-07T10:49:36+00:00\",\"dateModified\":\"2026-02-21T08:08:40+00:00\",\"description\":\"Wzmocnij i wyg\u0142ad\u017a w\u0142osy z mask\u0105 Liquid Gold od Hairy Tale Cosmetics! Naturalne oleje i Rep\u2019Hair\u00ae przywracaj\u0105 blask, mi\u0119kko\u015b\u0107 i zdrowy wygl\u0105d \u2013 bez silikon\u00f3w. Sprawd\u017a teraz!\",\"breadcrumb\":{\"@id\":\"https:\/\/pitaya.no\/produkt\/liquid-gold-bogata-emolientowa-maska-do-wlosow-o-wysokiej-porowatosci-150-ml-hairy-tale-cosmetics\/#breadcrumb\"},\"inLanguage\":\"en-GB\",\"potentialAction\":[{\"@type\":\"ReadAction\",\"target\":[\"https:\/\/pitaya.no\/produkt\/liquid-gold-bogata-emolientowa-maska-do-wlosow-o-wysokiej-porowatosci-150-ml-hairy-tale-cosmetics\/\"]}]},{\"@type\":\"BreadcrumbList\",\"@id\":\"https:\/\/pitaya.no\/produkt\/liquid-gold-bogata-emolientowa-maska-do-wlosow-o-wysokiej-porowatosci-150-ml-hairy-tale-cosmetics\/#breadcrumb\",\"itemListElement\":[{\"@type\":\"ListItem\",\"position\":1,\"name\":\"Strona g\u0142\u00f3wna\",\"item\":\"https:\/\/pitaya.no\/\"},{\"@type\":\"ListItem\",\"position\":2,\"name\":\"Sklep\",\"item\":\"https:\/\/pitaya.no\/sklep\/\"},{\"@type\":\"ListItem\",\"position\":3,\"name\":\"LIQUID GOLD bogata emolientowa maska do w\u0142os\u00f3w o wysokiej porowato\u015bci, 150 ml &#8211; Hairy Tale Cosmetics\"}]},{\"@type\":\"WebSite\",\"@id\":\"https:\/\/pitaya.no\/#website\",\"url\":\"https:\/\/pitaya.no\/\",\"name\":\"Pitaya.no\",\"description\":\"Polska drogeria ekologiczna w Norwegii\",\"potentialAction\":[{\"@type\":\"SearchAction\",\"target\":{\"@type\":\"EntryPoint\",\"urlTemplate\":\"https:\/\/pitaya.no\/?s={search_term_string}\"},\"query-input\":\"required name=search_term_string\"}],\"inLanguage\":\"en-GB\"}]}<\/script>\n<!-- \/ Yoast SEO Premium plugin. -->","yoast_head_json":{"title":"LIQUID GOLD Rich Emollient Mask for High Porosity Hair, 150 ml - Hairy Tale Cosmetics","description":"Wzmocnij i wyg\u0142ad\u017a w\u0142osy z mask\u0105 Liquid Gold od Hairy Tale Cosmetics! Naturalne oleje i Rep\u2019Hair\u00ae przywracaj\u0105 blask, mi\u0119kko\u015b\u0107 i zdrowy wygl\u0105d \u2013 bez silikon\u00f3w. Sprawd\u017a teraz!","robots":{"index":"index","follow":"follow","max-snippet":"max-snippet:-1","max-image-preview":"max-image-preview:large","max-video-preview":"max-video-preview:-1"},"canonical":"https:\/\/pitaya.no\/en\/product\/liquid-gold-bogata-emolientowa-maska-do-wlosow-o-wysokiej-porowatosci-150-ml-hairy-tale-cosmetics\/","og_locale":"en_GB","og_type":"article","og_title":"LIQUID GOLD bogata emolientowa maska do w\u0142os\u00f3w o wysokiej porowato\u015bci, 150 ml - Hairy Tale Cosmetics","og_description":"Wzmocnij i wyg\u0142ad\u017a w\u0142osy z mask\u0105 Liquid Gold od Hairy Tale Cosmetics! Naturalne oleje i Rep\u2019Hair\u00ae przywracaj\u0105 blask, mi\u0119kko\u015b\u0107 i zdrowy wygl\u0105d \u2013 bez silikon\u00f3w. Sprawd\u017a teraz!","og_url":"https:\/\/pitaya.no\/en\/product\/liquid-gold-bogata-emolientowa-maska-do-wlosow-o-wysokiej-porowatosci-150-ml-hairy-tale-cosmetics\/","og_site_name":"Pitaya.no","article_publisher":"https:\/\/www.facebook.com\/Pitaya.no","article_modified_time":"2026-02-21T08:08:40+00:00","og_image":[{"width":998,"height":998,"url":"https:\/\/pitaya.no\/wp-content\/uploads\/2025\/11\/liquidgold.png","type":"image\/png"}],"twitter_card":"summary_large_image","twitter_misc":{"Estimated reading time":"2 minutes"},"schema":{"@context":"https:\/\/schema.org","@graph":[{"@type":"WebPage","@id":"https:\/\/pitaya.no\/produkt\/liquid-gold-bogata-emolientowa-maska-do-wlosow-o-wysokiej-porowatosci-150-ml-hairy-tale-cosmetics\/","url":"https:\/\/pitaya.no\/produkt\/liquid-gold-bogata-emolientowa-maska-do-wlosow-o-wysokiej-porowatosci-150-ml-hairy-tale-cosmetics\/","name":"LIQUID GOLD Rich Emollient Mask for High Porosity Hair, 150 ml - Hairy Tale Cosmetics","isPartOf":{"@id":"https:\/\/pitaya.no\/#website"},"datePublished":"2025-11-07T10:49:36+00:00","dateModified":"2026-02-21T08:08:40+00:00","description":"Wzmocnij i wyg\u0142ad\u017a w\u0142osy z mask\u0105 Liquid Gold od Hairy Tale Cosmetics! Naturalne oleje i Rep\u2019Hair\u00ae przywracaj\u0105 blask, mi\u0119kko\u015b\u0107 i zdrowy wygl\u0105d \u2013 bez silikon\u00f3w. Sprawd\u017a teraz!","breadcrumb":{"@id":"https:\/\/pitaya.no\/produkt\/liquid-gold-bogata-emolientowa-maska-do-wlosow-o-wysokiej-porowatosci-150-ml-hairy-tale-cosmetics\/#breadcrumb"},"inLanguage":"en-GB","potentialAction":[{"@type":"ReadAction","target":["https:\/\/pitaya.no\/produkt\/liquid-gold-bogata-emolientowa-maska-do-wlosow-o-wysokiej-porowatosci-150-ml-hairy-tale-cosmetics\/"]}]},{"@type":"BreadcrumbList","@id":"https:\/\/pitaya.no\/produkt\/liquid-gold-bogata-emolientowa-maska-do-wlosow-o-wysokiej-porowatosci-150-ml-hairy-tale-cosmetics\/#breadcrumb","itemListElement":[{"@type":"ListItem","position":1,"name":"Strona g\u0142\u00f3wna","item":"https:\/\/pitaya.no\/"},{"@type":"ListItem","position":2,"name":"Sklep","item":"https:\/\/pitaya.no\/sklep\/"},{"@type":"ListItem","position":3,"name":"LIQUID GOLD bogata emolientowa maska do w\u0142os\u00f3w o wysokiej porowato\u015bci, 150 ml &#8211; Hairy Tale Cosmetics"}]},{"@type":"WebSite","@id":"https:\/\/pitaya.no\/#website","url":"https:\/\/pitaya.no\/","name":"Pitaya.no","description":"Polish organic drugstore in Norway","potentialAction":[{"@type":"SearchAction","target":{"@type":"EntryPoint","urlTemplate":"https:\/\/pitaya.no\/?s={search_term_string}"},"query-input":"required name=search_term_string"}],"inLanguage":"en-GB"}]}},"_links":{"self":[{"href":"https:\/\/pitaya.no\/en\/wp-json\/wp\/v2\/product\/6810"}],"collection":[{"href":"https:\/\/pitaya.no\/en\/wp-json\/wp\/v2\/product"}],"about":[{"href":"https:\/\/pitaya.no\/en\/wp-json\/wp\/v2\/types\/product"}],"wp:featuredmedia":[{"embeddable":true,"href":"https:\/\/pitaya.no\/en\/wp-json\/wp\/v2\/media\/6813"}],"wp:attachment":[{"href":"https:\/\/pitaya.no\/en\/wp-json\/wp\/v2\/media?parent=6810"}],"wp:term":[{"taxonomy":"product_cat","embeddable":true,"href":"https:\/\/pitaya.no\/en\/wp-json\/wp\/v2\/product_cat?post=6810"},{"taxonomy":"product_tag","embeddable":true,"href":"https:\/\/pitaya.no\/en\/wp-json\/wp\/v2\/product_tag?post=6810"},{"taxonomy":"berocket_brand","embeddable":true,"href":"https:\/\/pitaya.no\/en\/wp-json\/wp\/v2\/berocket_brand?post=6810"}],"curies":[{"name":"wp","href":"https:\/\/api.w.org\/{rel}","templated":true}]}}