{"id":6787,"date":"2025-10-31T19:42:43","date_gmt":"2025-10-31T19:42:43","guid":{"rendered":"https:\/\/pitaya.no\/?post_type=product&#038;p=6787"},"modified":"2026-02-14T19:57:05","modified_gmt":"2026-02-14T19:57:05","slug":"flylight-walnut-lekka-odzywka-emolientowa-orzech-wloski-200ml-hairy-tale-cosmetics","status":"publish","type":"product","link":"https:\/\/pitaya.no\/en\/product\/flylight-walnut-lekka-odzywka-emolientowa-orzech-wloski-200ml-hairy-tale-cosmetics\/","title":{"rendered":"FLYLIGHT WALNUT Light Emollient Conditioner, 200ml \u2013 Hairy Tale Cosmetics"},"content":{"rendered":"<h1 data-start=\"211\" data-end=\"586\">FLYLIGHT WALNUT Light Emollient Conditioner, 200ml \u2013 Hairy Tale Cosmetics<\/h1>\n<p data-start=\"211\" data-end=\"586\">Get to know <strong data-start=\"218\" data-end=\"230\">Flylight<\/strong> \u2013 light emollient conditioner from <strong data-start=\"262\" data-end=\"286\">Hairy Tale Cosmetics<\/strong>, created with everyday hair care in mind. Thanks to its unique formula with walnut oil and extract, cocoa and vanilla extracts, and a ceramide-like particle <strong data-start=\"467\" data-end=\"480\">Rep&#039;Hair\u00ae<\/strong>, conditioner effectively <strong data-start=\"501\" data-end=\"536\">strengthens, smoothes and shines<\/strong> hair \u2013 without weighing it down and without the addition of silicones.<\/p>\n<p data-start=\"588\" data-end=\"814\">Flylight is a perfect choice for all hair types \u2013 <strong data-start=\"642\" data-end=\"678\">straight, wavy and curly<\/strong>, and especially for <strong data-start=\"698\" data-end=\"738\">medium porous and high porous<\/strong>. It will work great in the method <strong data-start=\"773\" data-end=\"780\">OMO<\/strong> and to <strong data-start=\"789\" data-end=\"811\">emulsification of oils<\/strong>.<\/p>\n<p data-start=\"816\" data-end=\"876\">Thanks to the biomimetic ingredient <strong data-start=\"851\" data-end=\"864\">Rep&#039;Hair\u00ae<\/strong>, conditioner:<\/p>\n<ul data-start=\"877\" data-end=\"1013\">\n<li data-start=\"877\" data-end=\"903\">\n<p data-start=\"879\" data-end=\"903\">strengthens hair fibers,<\/p>\n<\/li>\n<li data-start=\"904\" data-end=\"934\">\n<p data-start=\"906\" data-end=\"934\">smoothes their surface,<\/p>\n<\/li>\n<li data-start=\"935\" data-end=\"973\">\n<p data-start=\"937\" data-end=\"973\">improves resistance to damage,<\/p>\n<\/li>\n<li data-start=\"974\" data-end=\"1013\">\n<p data-start=\"976\" data-end=\"1013\">gives natural shine and softness.<\/p>\n<\/li>\n<\/ul>\n<p data-start=\"1015\" data-end=\"1132\">Light, creamy consistency and <strong data-start=\"1045\" data-end=\"1077\">chocolate-nut aroma<\/strong> make every application a pure pleasure.<\/p>\n<p data-start=\"1134\" data-end=\"1312\">Finally, there&#039;s glycerin \u2013 a small amount, due to the raw material used. It doesn&#039;t affect the smoothing properties or cause frizz.<\/p>\n<div id=\"attachment_6790\" style=\"width: 829px\" class=\"wp-caption aligncenter\"><img aria-describedby=\"caption-attachment-6790\" fetchpriority=\"high\" decoding=\"async\" class=\"size-large wp-image-6790\" src=\"https:\/\/pitaya.no\/wp-content\/uploads\/2025\/10\/flylight2-819x1024.jpeg\" alt=\"FLYLIGHT WALNUT lekka od\u017cywka emolientowa Orzech W\u0142oski, 200ml - Hairy Tale Cosmetics\" width=\"819\" height=\"1024\" srcset=\"https:\/\/pitaya.no\/wp-content\/uploads\/2025\/10\/flylight2-819x1024.jpeg 819w, https:\/\/pitaya.no\/wp-content\/uploads\/2025\/10\/flylight2-240x300.jpeg 240w, https:\/\/pitaya.no\/wp-content\/uploads\/2025\/10\/flylight2-768x960.jpeg 768w, https:\/\/pitaya.no\/wp-content\/uploads\/2025\/10\/flylight2-1229x1536.jpeg 1229w, https:\/\/pitaya.no\/wp-content\/uploads\/2025\/10\/flylight2-10x12.jpeg 10w, https:\/\/pitaya.no\/wp-content\/uploads\/2025\/10\/flylight2-600x750.jpeg 600w, https:\/\/pitaya.no\/wp-content\/uploads\/2025\/10\/flylight2-43x54.jpeg 43w, https:\/\/pitaya.no\/wp-content\/uploads\/2025\/10\/flylight2-64x80.jpeg 64w, https:\/\/pitaya.no\/wp-content\/uploads\/2025\/10\/flylight2.jpeg 1638w\" sizes=\"(max-width: 819px) 100vw, 819px\" \/><p id=\"caption-attachment-6790\" class=\"wp-caption-text\">FLYLIGHT WALNUT Light Emollient Conditioner, 200ml \u2013 Hairy Tale Cosmetics<\/p><\/div>\n<p><strong>How to use:<\/strong> Apply a small amount of product to damp hair after washing. Comb or scrunch in. Leave on for 5 to 20 minutes or rinse immediately.<\/p>\n<p><em><strong>Composition:<\/strong> Aqua, Cetearyl Alcohol, Caprylic\/Capric Triglyceride, Isopropyl Myristate, Cetyl Palmitate, Cetyl Alcohol, Dicaprylyl Carbonate, Juglans Regia Seed Oil, Theobroma Cacao Seed Extract, Juglans Regia Leaf Extract, Vanilla Planifolia Fruit Extract, Behentrimonium Methosulfate, Behenyl\/Stearyl Aminopropanediol Esters, Tocopherol, Trisodium Ethylenediamine Disuccinate, Sodium Levulinate, Potassium Sorbate, Sodium Benzoate, Glycerin, Lactic Acid, Ceteareth-20, Citric Acid, Parfum, Benzyl Benzoate.<\/em><\/p>\n<p>&nbsp;<\/p>","protected":false},"excerpt":{"rendered":"<p data-start=\"115\" data-end=\"374\"><strong>Smoothing and strengthening conditioner<\/strong> silicone-free with walnut oil and extract, cocoa, vanilla and a Rep&#039;Hair\u00ae particle. Suitable <strong>shine, softness and elasticity<\/strong> hair without weighing it down.<\/p>\n<p data-start=\"115\" data-end=\"374\"><strong>Capacity 200 ml<\/strong><\/p>","protected":false},"featured_media":6791,"template":"","meta":{"_themeisle_gutenberg_block_has_review":false},"product_cat":[315,318,321],"product_tag":[341,342,340,343,339],"berocket_brand":[309],"yoast_head":"<!-- This site is optimized with the Yoast SEO Premium plugin v21.2 (Yoast SEO v21.5) - https:\/\/yoast.com\/wordpress\/plugins\/seo\/ -->\n<title>FLYLIGHT WALNUT lekka od\u017cywka emolientowa Orzech W\u0142oski, 200ml - Hairy Tale Cosmetics<\/title>\n<meta name=\"description\" content=\"Lekka od\u017cywka emolientowa Flylight od Hairy Tale Cosmetics \u2013 wyg\u0142adza, wzmacnia i nab\u0142yszcza w\u0142osy bez silikon\u00f3w. Czekoladowo-orzechowy aromat!\" \/>\n<meta name=\"robots\" content=\"index, follow, max-snippet:-1, max-image-preview:large, max-video-preview:-1\" \/>\n<link rel=\"canonical\" href=\"https:\/\/pitaya.no\/en\/product\/flylight-walnut-lekka-odzywka-emolientowa-orzech-wloski-200ml-hairy-tale-cosmetics\/\" \/>\n<meta property=\"og:locale\" content=\"en_GB\" \/>\n<meta property=\"og:type\" content=\"article\" \/>\n<meta property=\"og:title\" content=\"FLYLIGHT WALNUT lekka od\u017cywka emolientowa Orzech W\u0142oski, 200ml - Hairy Tale Cosmetics\" \/>\n<meta property=\"og:description\" content=\"Lekka od\u017cywka emolientowa Flylight od Hairy Tale Cosmetics \u2013 wyg\u0142adza, wzmacnia i nab\u0142yszcza w\u0142osy bez silikon\u00f3w. Czekoladowo-orzechowy aromat!\" \/>\n<meta property=\"og:url\" content=\"https:\/\/pitaya.no\/en\/product\/flylight-walnut-lekka-odzywka-emolientowa-orzech-wloski-200ml-hairy-tale-cosmetics\/\" \/>\n<meta property=\"og:site_name\" content=\"Pitaya.no\" \/>\n<meta property=\"article:publisher\" content=\"https:\/\/www.facebook.com\/Pitaya.no\" \/>\n<meta property=\"article:modified_time\" content=\"2026-02-14T19:57:05+00:00\" \/>\n<meta property=\"og:image\" content=\"https:\/\/pitaya.no\/wp-content\/uploads\/2025\/10\/flylight.png\" \/>\n\t<meta property=\"og:image:width\" content=\"998\" \/>\n\t<meta property=\"og:image:height\" content=\"998\" \/>\n\t<meta property=\"og:image:type\" content=\"image\/png\" \/>\n<meta name=\"twitter:card\" content=\"summary_large_image\" \/>\n<meta name=\"twitter:label1\" content=\"Estimated reading time\" \/>\n\t<meta name=\"twitter:data1\" content=\"2 minutes\" \/>\n<script type=\"application\/ld+json\" class=\"yoast-schema-graph\">{\"@context\":\"https:\/\/schema.org\",\"@graph\":[{\"@type\":\"WebPage\",\"@id\":\"https:\/\/pitaya.no\/produkt\/flylight-walnut-lekka-odzywka-emolientowa-orzech-wloski-200ml-hairy-tale-cosmetics\/\",\"url\":\"https:\/\/pitaya.no\/produkt\/flylight-walnut-lekka-odzywka-emolientowa-orzech-wloski-200ml-hairy-tale-cosmetics\/\",\"name\":\"FLYLIGHT WALNUT lekka od\u017cywka emolientowa Orzech W\u0142oski, 200ml - Hairy Tale Cosmetics\",\"isPartOf\":{\"@id\":\"https:\/\/pitaya.no\/#website\"},\"datePublished\":\"2025-10-31T19:42:43+00:00\",\"dateModified\":\"2026-02-14T19:57:05+00:00\",\"description\":\"Lekka od\u017cywka emolientowa Flylight od Hairy Tale Cosmetics \u2013 wyg\u0142adza, wzmacnia i nab\u0142yszcza w\u0142osy bez silikon\u00f3w. Czekoladowo-orzechowy aromat!\",\"breadcrumb\":{\"@id\":\"https:\/\/pitaya.no\/produkt\/flylight-walnut-lekka-odzywka-emolientowa-orzech-wloski-200ml-hairy-tale-cosmetics\/#breadcrumb\"},\"inLanguage\":\"en-GB\",\"potentialAction\":[{\"@type\":\"ReadAction\",\"target\":[\"https:\/\/pitaya.no\/produkt\/flylight-walnut-lekka-odzywka-emolientowa-orzech-wloski-200ml-hairy-tale-cosmetics\/\"]}]},{\"@type\":\"BreadcrumbList\",\"@id\":\"https:\/\/pitaya.no\/produkt\/flylight-walnut-lekka-odzywka-emolientowa-orzech-wloski-200ml-hairy-tale-cosmetics\/#breadcrumb\",\"itemListElement\":[{\"@type\":\"ListItem\",\"position\":1,\"name\":\"Strona g\u0142\u00f3wna\",\"item\":\"https:\/\/pitaya.no\/\"},{\"@type\":\"ListItem\",\"position\":2,\"name\":\"Sklep\",\"item\":\"https:\/\/pitaya.no\/sklep\/\"},{\"@type\":\"ListItem\",\"position\":3,\"name\":\"FLYLIGHT WALNUT lekka od\u017cywka emolientowa Orzech W\u0142oski, 200ml &#8211; Hairy Tale Cosmetics\"}]},{\"@type\":\"WebSite\",\"@id\":\"https:\/\/pitaya.no\/#website\",\"url\":\"https:\/\/pitaya.no\/\",\"name\":\"Pitaya.no\",\"description\":\"Polska drogeria ekologiczna w Norwegii\",\"potentialAction\":[{\"@type\":\"SearchAction\",\"target\":{\"@type\":\"EntryPoint\",\"urlTemplate\":\"https:\/\/pitaya.no\/?s={search_term_string}\"},\"query-input\":\"required name=search_term_string\"}],\"inLanguage\":\"en-GB\"}]}<\/script>\n<!-- \/ Yoast SEO Premium plugin. -->","yoast_head_json":{"title":"FLYLIGHT WALNUT light emollient conditioner, 200ml - Hairy Tale Cosmetics","description":"Lekka od\u017cywka emolientowa Flylight od Hairy Tale Cosmetics \u2013 wyg\u0142adza, wzmacnia i nab\u0142yszcza w\u0142osy bez silikon\u00f3w. Czekoladowo-orzechowy aromat!","robots":{"index":"index","follow":"follow","max-snippet":"max-snippet:-1","max-image-preview":"max-image-preview:large","max-video-preview":"max-video-preview:-1"},"canonical":"https:\/\/pitaya.no\/en\/product\/flylight-walnut-lekka-odzywka-emolientowa-orzech-wloski-200ml-hairy-tale-cosmetics\/","og_locale":"en_GB","og_type":"article","og_title":"FLYLIGHT WALNUT lekka od\u017cywka emolientowa Orzech W\u0142oski, 200ml - Hairy Tale Cosmetics","og_description":"Lekka od\u017cywka emolientowa Flylight od Hairy Tale Cosmetics \u2013 wyg\u0142adza, wzmacnia i nab\u0142yszcza w\u0142osy bez silikon\u00f3w. Czekoladowo-orzechowy aromat!","og_url":"https:\/\/pitaya.no\/en\/product\/flylight-walnut-lekka-odzywka-emolientowa-orzech-wloski-200ml-hairy-tale-cosmetics\/","og_site_name":"Pitaya.no","article_publisher":"https:\/\/www.facebook.com\/Pitaya.no","article_modified_time":"2026-02-14T19:57:05+00:00","og_image":[{"width":998,"height":998,"url":"https:\/\/pitaya.no\/wp-content\/uploads\/2025\/10\/flylight.png","type":"image\/png"}],"twitter_card":"summary_large_image","twitter_misc":{"Estimated reading time":"2 minutes"},"schema":{"@context":"https:\/\/schema.org","@graph":[{"@type":"WebPage","@id":"https:\/\/pitaya.no\/produkt\/flylight-walnut-lekka-odzywka-emolientowa-orzech-wloski-200ml-hairy-tale-cosmetics\/","url":"https:\/\/pitaya.no\/produkt\/flylight-walnut-lekka-odzywka-emolientowa-orzech-wloski-200ml-hairy-tale-cosmetics\/","name":"FLYLIGHT WALNUT light emollient conditioner, 200ml - Hairy Tale Cosmetics","isPartOf":{"@id":"https:\/\/pitaya.no\/#website"},"datePublished":"2025-10-31T19:42:43+00:00","dateModified":"2026-02-14T19:57:05+00:00","description":"Lekka od\u017cywka emolientowa Flylight od Hairy Tale Cosmetics \u2013 wyg\u0142adza, wzmacnia i nab\u0142yszcza w\u0142osy bez silikon\u00f3w. Czekoladowo-orzechowy aromat!","breadcrumb":{"@id":"https:\/\/pitaya.no\/produkt\/flylight-walnut-lekka-odzywka-emolientowa-orzech-wloski-200ml-hairy-tale-cosmetics\/#breadcrumb"},"inLanguage":"en-GB","potentialAction":[{"@type":"ReadAction","target":["https:\/\/pitaya.no\/produkt\/flylight-walnut-lekka-odzywka-emolientowa-orzech-wloski-200ml-hairy-tale-cosmetics\/"]}]},{"@type":"BreadcrumbList","@id":"https:\/\/pitaya.no\/produkt\/flylight-walnut-lekka-odzywka-emolientowa-orzech-wloski-200ml-hairy-tale-cosmetics\/#breadcrumb","itemListElement":[{"@type":"ListItem","position":1,"name":"Strona g\u0142\u00f3wna","item":"https:\/\/pitaya.no\/"},{"@type":"ListItem","position":2,"name":"Sklep","item":"https:\/\/pitaya.no\/sklep\/"},{"@type":"ListItem","position":3,"name":"FLYLIGHT WALNUT lekka od\u017cywka emolientowa Orzech W\u0142oski, 200ml &#8211; Hairy Tale Cosmetics"}]},{"@type":"WebSite","@id":"https:\/\/pitaya.no\/#website","url":"https:\/\/pitaya.no\/","name":"Pitaya.no","description":"Polish organic drugstore in Norway","potentialAction":[{"@type":"SearchAction","target":{"@type":"EntryPoint","urlTemplate":"https:\/\/pitaya.no\/?s={search_term_string}"},"query-input":"required name=search_term_string"}],"inLanguage":"en-GB"}]}},"_links":{"self":[{"href":"https:\/\/pitaya.no\/en\/wp-json\/wp\/v2\/product\/6787"}],"collection":[{"href":"https:\/\/pitaya.no\/en\/wp-json\/wp\/v2\/product"}],"about":[{"href":"https:\/\/pitaya.no\/en\/wp-json\/wp\/v2\/types\/product"}],"wp:featuredmedia":[{"embeddable":true,"href":"https:\/\/pitaya.no\/en\/wp-json\/wp\/v2\/media\/6791"}],"wp:attachment":[{"href":"https:\/\/pitaya.no\/en\/wp-json\/wp\/v2\/media?parent=6787"}],"wp:term":[{"taxonomy":"product_cat","embeddable":true,"href":"https:\/\/pitaya.no\/en\/wp-json\/wp\/v2\/product_cat?post=6787"},{"taxonomy":"product_tag","embeddable":true,"href":"https:\/\/pitaya.no\/en\/wp-json\/wp\/v2\/product_tag?post=6787"},{"taxonomy":"berocket_brand","embeddable":true,"href":"https:\/\/pitaya.no\/en\/wp-json\/wp\/v2\/berocket_brand?post=6787"}],"curies":[{"name":"wp","href":"https:\/\/api.w.org\/{rel}","templated":true}]}}