{"id":6781,"date":"2025-10-31T17:44:01","date_gmt":"2025-10-31T17:44:01","guid":{"rendered":"https:\/\/pitaya.no\/?post_type=product&#038;p=6781"},"modified":"2026-03-10T12:03:28","modified_gmt":"2026-03-10T12:03:28","slug":"oatme-proteinowa-maska-do-wlosow-kazdej-porowatosci-200g-hairy-tale-cosmetics","status":"publish","type":"product","link":"https:\/\/pitaya.no\/en\/product\/oatme-proteinowa-maska-do-wlosow-kazdej-porowatosci-200g-hairy-tale-cosmetics\/","title":{"rendered":"OATME Protein Hair Mask for All Porosities, 200g \u2013 Hairy Tale Cosmetics"},"content":{"rendered":"<h1>OATME Protein Hair Mask for All Porosities, 200g \u2013 Hairy Tale Cosmetics<\/h1>\n<p data-start=\"270\" data-end=\"514\">Oatme is a lightweight, protein-based hair mask that strengthens and adds volume to hair of all porosities. Includes: <strong data-start=\"402\" data-end=\"424\">plant proteins<\/strong> \u2013 oat, wheat and rice \u2013 supporting hair regeneration and elasticity.<\/p>\n<p data-start=\"516\" data-end=\"768\">The formula has been enriched with <strong data-start=\"545\" data-end=\"561\">oat flour<\/strong>, which is an additional source of proteins and gives the mask a unique, creamy consistency. <strong data-start=\"650\" data-end=\"669\">Oat extract<\/strong> acts as a natural antioxidant, protecting hair from harmful external factors.<\/p>\n<p data-start=\"770\" data-end=\"981\">The new version of the mask uses <strong data-start=\"805\" data-end=\"891\">natural preservative from radish ferment (Leuconostoc\/Radish Root Ferment Filtrate)<\/strong>, which supports the care properties of the product and ensures safe use.<\/p>\n<p data-start=\"983\" data-end=\"1103\">Appetizing <strong data-start=\"993\" data-end=\"1039\">the scent of oatmeal with a delicate hint of rhubarb<\/strong> makes every hairdressing\u00ae a real pleasure!<\/p>\n<p data-start=\"983\" data-end=\"1103\"><strong>How to use: <\/strong>Apply a small amount of product to washed, wet hair, gently comb or comb through. Leave on for 2-20 minutes, then rinse thoroughly.<\/p>\n<p><strong>NOTE: Store at a temperature between 10 \u00baC and 25 \u00baC. The mask may darken naturally due to its high content of natural ingredients.<\/strong><\/p>\n<p data-start=\"983\" data-end=\"1103\"><strong>Composition:<\/strong> <em>Aqua, Cetearyl Alcohol, Dicaprylyl Ether, Behentrimonium Methosulfate, Polyglyceryl-2 Stearate, Glyceryl Stearate, Bis-(Isostearoyl\/Oleoyl Isopropyl), Dimonium Methosulfate, Stearyl Alcohol, Hydrolyzed Wheat Protein, Hydrolyzed Rice Protein, Hydrolyzed Oats, Avena Sativa (Oat) Kernel Extract, Avena Sativa Kernel Flour, Kaempferia Galanga Root Extract, Hydrolyzed Jojoba Esters, Leuconostoc\/Radish Root Ferment Filtrate, Benzyl Alcohol, Tocopherol, Parfum, Dehydroacetic Acid, Sodium Benzoate, Citric Acid, Hexyl Cinnamal.<\/em><\/p>\n<p>&nbsp;<\/p>","protected":false},"excerpt":{"rendered":"<p data-start=\"167\" data-end=\"423\">The Oatme Protein Mask by Hairy Tale Cosmetics strengthens and adds volume to hair of all porosities. It contains plant proteins and oat extract, which protect and soften hair. It smells like delicious oatmeal with a hint of rhubarb.<\/p>\n<p data-start=\"167\" data-end=\"423\"><strong>Capacity 200g<\/strong><\/p>","protected":false},"featured_media":6783,"template":"","meta":{"_themeisle_gutenberg_block_has_review":false},"product_cat":[315,317,318,319],"product_tag":[340,338,339,336,337],"berocket_brand":[309],"yoast_head":"<!-- This site is optimized with the Yoast SEO Premium plugin v21.2 (Yoast SEO v21.5) - https:\/\/yoast.com\/wordpress\/plugins\/seo\/ -->\n<title>OATME proteinowa maska do w\u0142os\u00f3w ka\u017cdej porowato\u015bci, 200g - Hairy Tale Cosmetics<\/title>\n<meta name=\"description\" content=\"Oatme od Hairy Tale Cosmetics \u2013 proteinowa maska z owsianymi i ry\u017cowymi proteinami. Wzmocnij w\u0142osy ka\u017cdej porowato\u015bci i dodaj im obj\u0119to\u015bci!\" \/>\n<meta name=\"robots\" content=\"index, follow, max-snippet:-1, max-image-preview:large, max-video-preview:-1\" \/>\n<link rel=\"canonical\" href=\"https:\/\/pitaya.no\/en\/product\/oatme-proteinowa-maska-do-wlosow-kazdej-porowatosci-200g-hairy-tale-cosmetics\/\" \/>\n<meta property=\"og:locale\" content=\"en_GB\" \/>\n<meta property=\"og:type\" content=\"article\" \/>\n<meta property=\"og:title\" content=\"OATME proteinowa maska do w\u0142os\u00f3w ka\u017cdej porowato\u015bci, 200g - Hairy Tale Cosmetics\" \/>\n<meta property=\"og:description\" content=\"Oatme od Hairy Tale Cosmetics \u2013 proteinowa maska z owsianymi i ry\u017cowymi proteinami. Wzmocnij w\u0142osy ka\u017cdej porowato\u015bci i dodaj im obj\u0119to\u015bci!\" \/>\n<meta property=\"og:url\" content=\"https:\/\/pitaya.no\/en\/product\/oatme-proteinowa-maska-do-wlosow-kazdej-porowatosci-200g-hairy-tale-cosmetics\/\" \/>\n<meta property=\"og:site_name\" content=\"Pitaya.no\" \/>\n<meta property=\"article:publisher\" content=\"https:\/\/www.facebook.com\/Pitaya.no\" \/>\n<meta property=\"article:modified_time\" content=\"2026-03-10T12:03:28+00:00\" \/>\n<meta property=\"og:image\" content=\"https:\/\/pitaya.no\/wp-content\/uploads\/2025\/10\/oatmejpg.jpg\" \/>\n\t<meta property=\"og:image:width\" content=\"799\" \/>\n\t<meta property=\"og:image:height\" content=\"799\" \/>\n\t<meta property=\"og:image:type\" content=\"image\/jpeg\" \/>\n<meta name=\"twitter:card\" content=\"summary_large_image\" \/>\n<meta name=\"twitter:label1\" content=\"Estimated reading time\" \/>\n\t<meta name=\"twitter:data1\" content=\"2 minutes\" \/>\n<script type=\"application\/ld+json\" class=\"yoast-schema-graph\">{\"@context\":\"https:\/\/schema.org\",\"@graph\":[{\"@type\":\"WebPage\",\"@id\":\"https:\/\/pitaya.no\/produkt\/oatme-proteinowa-maska-do-wlosow-kazdej-porowatosci-200g-hairy-tale-cosmetics\/\",\"url\":\"https:\/\/pitaya.no\/produkt\/oatme-proteinowa-maska-do-wlosow-kazdej-porowatosci-200g-hairy-tale-cosmetics\/\",\"name\":\"OATME proteinowa maska do w\u0142os\u00f3w ka\u017cdej porowato\u015bci, 200g - Hairy Tale Cosmetics\",\"isPartOf\":{\"@id\":\"https:\/\/pitaya.no\/#website\"},\"datePublished\":\"2025-10-31T17:44:01+00:00\",\"dateModified\":\"2026-03-10T12:03:28+00:00\",\"description\":\"Oatme od Hairy Tale Cosmetics \u2013 proteinowa maska z owsianymi i ry\u017cowymi proteinami. Wzmocnij w\u0142osy ka\u017cdej porowato\u015bci i dodaj im obj\u0119to\u015bci!\",\"breadcrumb\":{\"@id\":\"https:\/\/pitaya.no\/produkt\/oatme-proteinowa-maska-do-wlosow-kazdej-porowatosci-200g-hairy-tale-cosmetics\/#breadcrumb\"},\"inLanguage\":\"en-GB\",\"potentialAction\":[{\"@type\":\"ReadAction\",\"target\":[\"https:\/\/pitaya.no\/produkt\/oatme-proteinowa-maska-do-wlosow-kazdej-porowatosci-200g-hairy-tale-cosmetics\/\"]}]},{\"@type\":\"BreadcrumbList\",\"@id\":\"https:\/\/pitaya.no\/produkt\/oatme-proteinowa-maska-do-wlosow-kazdej-porowatosci-200g-hairy-tale-cosmetics\/#breadcrumb\",\"itemListElement\":[{\"@type\":\"ListItem\",\"position\":1,\"name\":\"Strona g\u0142\u00f3wna\",\"item\":\"https:\/\/pitaya.no\/\"},{\"@type\":\"ListItem\",\"position\":2,\"name\":\"Sklep\",\"item\":\"https:\/\/pitaya.no\/sklep\/\"},{\"@type\":\"ListItem\",\"position\":3,\"name\":\"OATME proteinowa maska do w\u0142os\u00f3w ka\u017cdej porowato\u015bci, 200g &#8211; Hairy Tale Cosmetics\"}]},{\"@type\":\"WebSite\",\"@id\":\"https:\/\/pitaya.no\/#website\",\"url\":\"https:\/\/pitaya.no\/\",\"name\":\"Pitaya.no\",\"description\":\"Polska drogeria ekologiczna w Norwegii\",\"potentialAction\":[{\"@type\":\"SearchAction\",\"target\":{\"@type\":\"EntryPoint\",\"urlTemplate\":\"https:\/\/pitaya.no\/?s={search_term_string}\"},\"query-input\":\"required name=search_term_string\"}],\"inLanguage\":\"en-GB\"}]}<\/script>\n<!-- \/ Yoast SEO Premium plugin. -->","yoast_head_json":{"title":"OATME Protein Hair Mask for All Porosities, 200g - Hairy Tale Cosmetics","description":"Oatme od Hairy Tale Cosmetics \u2013 proteinowa maska z owsianymi i ry\u017cowymi proteinami. Wzmocnij w\u0142osy ka\u017cdej porowato\u015bci i dodaj im obj\u0119to\u015bci!","robots":{"index":"index","follow":"follow","max-snippet":"max-snippet:-1","max-image-preview":"max-image-preview:large","max-video-preview":"max-video-preview:-1"},"canonical":"https:\/\/pitaya.no\/en\/product\/oatme-proteinowa-maska-do-wlosow-kazdej-porowatosci-200g-hairy-tale-cosmetics\/","og_locale":"en_GB","og_type":"article","og_title":"OATME proteinowa maska do w\u0142os\u00f3w ka\u017cdej porowato\u015bci, 200g - Hairy Tale Cosmetics","og_description":"Oatme od Hairy Tale Cosmetics \u2013 proteinowa maska z owsianymi i ry\u017cowymi proteinami. Wzmocnij w\u0142osy ka\u017cdej porowato\u015bci i dodaj im obj\u0119to\u015bci!","og_url":"https:\/\/pitaya.no\/en\/product\/oatme-proteinowa-maska-do-wlosow-kazdej-porowatosci-200g-hairy-tale-cosmetics\/","og_site_name":"Pitaya.no","article_publisher":"https:\/\/www.facebook.com\/Pitaya.no","article_modified_time":"2026-03-10T12:03:28+00:00","og_image":[{"width":799,"height":799,"url":"https:\/\/pitaya.no\/wp-content\/uploads\/2025\/10\/oatmejpg.jpg","type":"image\/jpeg"}],"twitter_card":"summary_large_image","twitter_misc":{"Estimated reading time":"2 minutes"},"schema":{"@context":"https:\/\/schema.org","@graph":[{"@type":"WebPage","@id":"https:\/\/pitaya.no\/produkt\/oatme-proteinowa-maska-do-wlosow-kazdej-porowatosci-200g-hairy-tale-cosmetics\/","url":"https:\/\/pitaya.no\/produkt\/oatme-proteinowa-maska-do-wlosow-kazdej-porowatosci-200g-hairy-tale-cosmetics\/","name":"OATME Protein Hair Mask for All Porosities, 200g - Hairy Tale Cosmetics","isPartOf":{"@id":"https:\/\/pitaya.no\/#website"},"datePublished":"2025-10-31T17:44:01+00:00","dateModified":"2026-03-10T12:03:28+00:00","description":"Oatme od Hairy Tale Cosmetics \u2013 proteinowa maska z owsianymi i ry\u017cowymi proteinami. Wzmocnij w\u0142osy ka\u017cdej porowato\u015bci i dodaj im obj\u0119to\u015bci!","breadcrumb":{"@id":"https:\/\/pitaya.no\/produkt\/oatme-proteinowa-maska-do-wlosow-kazdej-porowatosci-200g-hairy-tale-cosmetics\/#breadcrumb"},"inLanguage":"en-GB","potentialAction":[{"@type":"ReadAction","target":["https:\/\/pitaya.no\/produkt\/oatme-proteinowa-maska-do-wlosow-kazdej-porowatosci-200g-hairy-tale-cosmetics\/"]}]},{"@type":"BreadcrumbList","@id":"https:\/\/pitaya.no\/produkt\/oatme-proteinowa-maska-do-wlosow-kazdej-porowatosci-200g-hairy-tale-cosmetics\/#breadcrumb","itemListElement":[{"@type":"ListItem","position":1,"name":"Strona g\u0142\u00f3wna","item":"https:\/\/pitaya.no\/"},{"@type":"ListItem","position":2,"name":"Sklep","item":"https:\/\/pitaya.no\/sklep\/"},{"@type":"ListItem","position":3,"name":"OATME proteinowa maska do w\u0142os\u00f3w ka\u017cdej porowato\u015bci, 200g &#8211; Hairy Tale Cosmetics"}]},{"@type":"WebSite","@id":"https:\/\/pitaya.no\/#website","url":"https:\/\/pitaya.no\/","name":"Pitaya.no","description":"Polish organic drugstore in Norway","potentialAction":[{"@type":"SearchAction","target":{"@type":"EntryPoint","urlTemplate":"https:\/\/pitaya.no\/?s={search_term_string}"},"query-input":"required name=search_term_string"}],"inLanguage":"en-GB"}]}},"_links":{"self":[{"href":"https:\/\/pitaya.no\/en\/wp-json\/wp\/v2\/product\/6781"}],"collection":[{"href":"https:\/\/pitaya.no\/en\/wp-json\/wp\/v2\/product"}],"about":[{"href":"https:\/\/pitaya.no\/en\/wp-json\/wp\/v2\/types\/product"}],"wp:featuredmedia":[{"embeddable":true,"href":"https:\/\/pitaya.no\/en\/wp-json\/wp\/v2\/media\/6783"}],"wp:attachment":[{"href":"https:\/\/pitaya.no\/en\/wp-json\/wp\/v2\/media?parent=6781"}],"wp:term":[{"taxonomy":"product_cat","embeddable":true,"href":"https:\/\/pitaya.no\/en\/wp-json\/wp\/v2\/product_cat?post=6781"},{"taxonomy":"product_tag","embeddable":true,"href":"https:\/\/pitaya.no\/en\/wp-json\/wp\/v2\/product_tag?post=6781"},{"taxonomy":"berocket_brand","embeddable":true,"href":"https:\/\/pitaya.no\/en\/wp-json\/wp\/v2\/berocket_brand?post=6781"}],"curies":[{"name":"wp","href":"https:\/\/api.w.org\/{rel}","templated":true}]}}