{"id":6772,"date":"2025-10-31T17:28:56","date_gmt":"2025-10-31T17:28:56","guid":{"rendered":"https:\/\/pitaya.no\/?post_type=product&#038;p=6772"},"modified":"2026-03-10T12:03:28","modified_gmt":"2026-03-10T12:03:28","slug":"biana-emolientowa-maska-do-wlosow-o-sredniej-i-wysokiej-porowatosci-200g-hairy-tale-cosmetics","status":"publish","type":"product","link":"https:\/\/pitaya.no\/en\/product\/biana-emolientowa-maska-do-wlosow-o-sredniej-i-wysokiej-porowatosci-200g-hairy-tale-cosmetics\/","title":{"rendered":"BIANA Emollient Mask for Medium and High Porosity Hair, 200g \u2013 Hairy Tale Cosmetics"},"content":{"rendered":"<h1>BIANA Emollient Mask for Medium and High Porosity Hair, 200g \u2013 Hairy Tale Cosmetics<\/h1>\n<p data-start=\"249\" data-end=\"342\"><strong data-start=\"249\" data-end=\"342\">A rich, nourishing and smoothing mask for hair that needs weight and shine.<\/strong><\/p>\n<p data-start=\"344\" data-end=\"631\">Mask <strong data-start=\"350\" data-end=\"359\">White<\/strong> From <strong data-start=\"363\" data-end=\"387\">Hairy Tale Cosmetics<\/strong> is a real treat for dry, frizzy, and damaged hair. The rich emollient formula was developed with hair in mind. <strong data-start=\"521\" data-end=\"552\">medium and high porosity<\/strong>that need intensive regeneration and protection against moisture loss.<\/p>\n<p data-start=\"633\" data-end=\"846\">In the composition you will find <strong data-start=\"655\" data-end=\"673\">nourishing oils<\/strong> in four forms \u2013 pure oil, esters, and water-soluble oils. This allows the mask to work comprehensively, leaving hair smooth, soft, and healthy-looking.<\/p>\n<p data-start=\"848\" data-end=\"879\"><strong data-start=\"850\" data-end=\"877\">What will you find inside?<\/strong><\/p>\n<ul data-start=\"880\" data-end=\"1244\">\n<li data-start=\"880\" data-end=\"1027\">\n<p data-start=\"882\" data-end=\"1027\"><strong data-start=\"882\" data-end=\"956\">Japanese quince, wheat germ, flax and sweet almond oil<\/strong> \u2013 intensively nourish and smooth the hair, giving it elasticity.<\/p>\n<\/li>\n<li data-start=\"1028\" data-end=\"1123\">\n<p data-start=\"1030\" data-end=\"1123\"><strong data-start=\"1030\" data-end=\"1056\">Jojoba and pumpkin esters<\/strong> \u2013 protect the ends, giving the hair a silky finish.<\/p>\n<\/li>\n<li data-start=\"1124\" data-end=\"1244\">\n<p data-start=\"1126\" data-end=\"1244\"><strong data-start=\"1126\" data-end=\"1157\">Quince extract<\/strong> \u2013 a source of natural polysaccharides that give hair softness, smoothness and shine.<\/p>\n<\/li>\n<\/ul>\n<p data-start=\"1246\" data-end=\"1280\"><strong data-start=\"1249\" data-end=\"1278\">Why will you love Biana?<\/strong><\/p>\n<ul data-start=\"1281\" data-end=\"1489\">\n<li data-start=\"1281\" data-end=\"1317\">\n<p data-start=\"1283\" data-end=\"1317\">Adds weight to hair without weighing it down<\/p>\n<\/li>\n<li data-start=\"1318\" data-end=\"1354\">\n<p data-start=\"1320\" data-end=\"1354\">Smoothes and facilitates combing<\/p>\n<\/li>\n<li data-start=\"1355\" data-end=\"1398\">\n<p data-start=\"1357\" data-end=\"1398\">Protects the ends from damage<\/p>\n<\/li>\n<li data-start=\"1399\" data-end=\"1434\">\n<p data-start=\"1401\" data-end=\"1434\">Gives softness and a healthy look<\/p>\n<\/li>\n<li data-start=\"1435\" data-end=\"1489\">\n<p data-start=\"1437\" data-end=\"1489\">It has <strong data-start=\"1440\" data-end=\"1487\">a beautiful, fruity scent of quince with a hint of pear<\/strong><\/p>\n<\/li>\n<\/ul>\n<p data-start=\"1491\" data-end=\"1658\">In a new, improved formula, the mask <strong data-start=\"1525\" data-end=\"1587\">works even better on medium porosity hair<\/strong>, providing them with a velvety finish and a long-lasting smooth effect.<\/p>\n<p><strong>How to use: <\/strong>Apply a small amount of product to washed, wet hair, gently comb or comb through. Leave on for 2-20 minutes, then rinse thoroughly.<\/p>\n<p><strong>NOTE: Store at a temperature between 10 \u00baC and 25 \u00baC. The mask may darken naturally due to its high content of natural ingredients.<\/strong><\/p>\n<p><strong>Composition:<\/strong> <em>Aqua, Cetearyl Alcohol, Behentrimonium Methosulfate, Pyrus Cydonia Seed Extract, Chaenomeles Japonica Seed Oil, Polyglyceryl-2 Stearate, Triticum Vulgare Germ Oil, Pumpkin Seed Oil Polyglyceryl-4 Esters, Bis-(Isostearoyl\/Oleoyl Isopropyl) Dimonium Methosulfate, Glyceryl Stearate, Linum Usitatissimum (Linseed) Seed Oil, Prunus Amygdalus Dulcis (Sweet Almond) Oil, Mangifera Indica Seed Butter, Hydrolyzed Jojoba Esters, Kaempferia Galanga Root Extract, Stearyl Alcohol, Citric Acid, Benzyl Alcohol, Dehydroacetic Acid, Parfum, Phenethyl Alcohol, Benzyl Benzoate, Hexyl Cinnamal.<\/em><\/p>\n<p>&nbsp;<\/p>","protected":false},"excerpt":{"rendered":"<p>A rich mask for medium- and high-porosity hair. Nourishes, smooths, and adds body to strands thanks to quince, flax, and almond oils. It leaves hair soft, shiny, and smooth, enveloping it in the scent of quince with a hint of pear.<\/p>\n<p><strong>Capacity 200g<\/strong><\/p>","protected":false},"featured_media":6774,"template":"","meta":{"_themeisle_gutenberg_block_has_review":false},"product_cat":[315,317,318,321],"product_tag":[],"berocket_brand":[309],"yoast_head":"<!-- This site is optimized with the Yoast SEO Premium plugin v21.2 (Yoast SEO v21.5) - https:\/\/yoast.com\/wordpress\/plugins\/seo\/ -->\n<title>BIANA emolientowa maska do w\u0142os\u00f3w o \u015bredniej i wysokiej porowato\u015bci, 200g - Hairy Tale Cosmetics<\/title>\n<meta name=\"description\" content=\"HAIRY TALE Biana \u2013 emolientowa maska do w\u0142os\u00f3w \u015brednio i wysokoporowatych. Od\u017cywia, wyg\u0142adza i doci\u0105\u017ca w\u0142osy, nadaj\u0105c im mi\u0119kko\u015b\u0107 i blask.\" \/>\n<meta name=\"robots\" content=\"index, follow, max-snippet:-1, max-image-preview:large, max-video-preview:-1\" \/>\n<link rel=\"canonical\" href=\"https:\/\/pitaya.no\/en\/product\/biana-emolientowa-maska-do-wlosow-o-sredniej-i-wysokiej-porowatosci-200g-hairy-tale-cosmetics\/\" \/>\n<meta property=\"og:locale\" content=\"en_GB\" \/>\n<meta property=\"og:type\" content=\"article\" \/>\n<meta property=\"og:title\" content=\"BIANA emolientowa maska do w\u0142os\u00f3w o \u015bredniej i wysokiej porowato\u015bci, 200g - Hairy Tale Cosmetics\" \/>\n<meta property=\"og:description\" content=\"HAIRY TALE Biana \u2013 emolientowa maska do w\u0142os\u00f3w \u015brednio i wysokoporowatych. Od\u017cywia, wyg\u0142adza i doci\u0105\u017ca w\u0142osy, nadaj\u0105c im mi\u0119kko\u015b\u0107 i blask.\" \/>\n<meta property=\"og:url\" content=\"https:\/\/pitaya.no\/en\/product\/biana-emolientowa-maska-do-wlosow-o-sredniej-i-wysokiej-porowatosci-200g-hairy-tale-cosmetics\/\" \/>\n<meta property=\"og:site_name\" content=\"Pitaya.no\" \/>\n<meta property=\"article:publisher\" content=\"https:\/\/www.facebook.com\/Pitaya.no\" \/>\n<meta property=\"article:modified_time\" content=\"2026-03-10T12:03:28+00:00\" \/>\n<meta property=\"og:image\" content=\"https:\/\/pitaya.no\/wp-content\/uploads\/2025\/10\/biana.jpg\" \/>\n\t<meta property=\"og:image:width\" content=\"800\" \/>\n\t<meta property=\"og:image:height\" content=\"800\" \/>\n\t<meta property=\"og:image:type\" content=\"image\/jpeg\" \/>\n<meta name=\"twitter:card\" content=\"summary_large_image\" \/>\n<meta name=\"twitter:label1\" content=\"Estimated reading time\" \/>\n\t<meta name=\"twitter:data1\" content=\"2 minutes\" \/>\n<script type=\"application\/ld+json\" class=\"yoast-schema-graph\">{\"@context\":\"https:\/\/schema.org\",\"@graph\":[{\"@type\":\"WebPage\",\"@id\":\"https:\/\/pitaya.no\/produkt\/biana-emolientowa-maska-do-wlosow-o-sredniej-i-wysokiej-porowatosci-200g-hairy-tale-cosmetics\/\",\"url\":\"https:\/\/pitaya.no\/produkt\/biana-emolientowa-maska-do-wlosow-o-sredniej-i-wysokiej-porowatosci-200g-hairy-tale-cosmetics\/\",\"name\":\"BIANA emolientowa maska do w\u0142os\u00f3w o \u015bredniej i wysokiej porowato\u015bci, 200g - Hairy Tale Cosmetics\",\"isPartOf\":{\"@id\":\"https:\/\/pitaya.no\/#website\"},\"datePublished\":\"2025-10-31T17:28:56+00:00\",\"dateModified\":\"2026-03-10T12:03:28+00:00\",\"description\":\"HAIRY TALE Biana \u2013 emolientowa maska do w\u0142os\u00f3w \u015brednio i wysokoporowatych. Od\u017cywia, wyg\u0142adza i doci\u0105\u017ca w\u0142osy, nadaj\u0105c im mi\u0119kko\u015b\u0107 i blask.\",\"breadcrumb\":{\"@id\":\"https:\/\/pitaya.no\/produkt\/biana-emolientowa-maska-do-wlosow-o-sredniej-i-wysokiej-porowatosci-200g-hairy-tale-cosmetics\/#breadcrumb\"},\"inLanguage\":\"en-GB\",\"potentialAction\":[{\"@type\":\"ReadAction\",\"target\":[\"https:\/\/pitaya.no\/produkt\/biana-emolientowa-maska-do-wlosow-o-sredniej-i-wysokiej-porowatosci-200g-hairy-tale-cosmetics\/\"]}]},{\"@type\":\"BreadcrumbList\",\"@id\":\"https:\/\/pitaya.no\/produkt\/biana-emolientowa-maska-do-wlosow-o-sredniej-i-wysokiej-porowatosci-200g-hairy-tale-cosmetics\/#breadcrumb\",\"itemListElement\":[{\"@type\":\"ListItem\",\"position\":1,\"name\":\"Strona g\u0142\u00f3wna\",\"item\":\"https:\/\/pitaya.no\/\"},{\"@type\":\"ListItem\",\"position\":2,\"name\":\"Sklep\",\"item\":\"https:\/\/pitaya.no\/sklep\/\"},{\"@type\":\"ListItem\",\"position\":3,\"name\":\"BIANA emolientowa maska do w\u0142os\u00f3w o \u015bredniej i wysokiej porowato\u015bci, 200g &#8211; Hairy Tale Cosmetics\"}]},{\"@type\":\"WebSite\",\"@id\":\"https:\/\/pitaya.no\/#website\",\"url\":\"https:\/\/pitaya.no\/\",\"name\":\"Pitaya.no\",\"description\":\"Polska drogeria ekologiczna w Norwegii\",\"potentialAction\":[{\"@type\":\"SearchAction\",\"target\":{\"@type\":\"EntryPoint\",\"urlTemplate\":\"https:\/\/pitaya.no\/?s={search_term_string}\"},\"query-input\":\"required name=search_term_string\"}],\"inLanguage\":\"en-GB\"}]}<\/script>\n<!-- \/ Yoast SEO Premium plugin. -->","yoast_head_json":{"title":"BIANA Emollient Mask for Medium and High Porosity Hair, 200g - Hairy Tale Cosmetics","description":"HAIRY TALE Biana \u2013 emolientowa maska do w\u0142os\u00f3w \u015brednio i wysokoporowatych. Od\u017cywia, wyg\u0142adza i doci\u0105\u017ca w\u0142osy, nadaj\u0105c im mi\u0119kko\u015b\u0107 i blask.","robots":{"index":"index","follow":"follow","max-snippet":"max-snippet:-1","max-image-preview":"max-image-preview:large","max-video-preview":"max-video-preview:-1"},"canonical":"https:\/\/pitaya.no\/en\/product\/biana-emolientowa-maska-do-wlosow-o-sredniej-i-wysokiej-porowatosci-200g-hairy-tale-cosmetics\/","og_locale":"en_GB","og_type":"article","og_title":"BIANA emolientowa maska do w\u0142os\u00f3w o \u015bredniej i wysokiej porowato\u015bci, 200g - Hairy Tale Cosmetics","og_description":"HAIRY TALE Biana \u2013 emolientowa maska do w\u0142os\u00f3w \u015brednio i wysokoporowatych. Od\u017cywia, wyg\u0142adza i doci\u0105\u017ca w\u0142osy, nadaj\u0105c im mi\u0119kko\u015b\u0107 i blask.","og_url":"https:\/\/pitaya.no\/en\/product\/biana-emolientowa-maska-do-wlosow-o-sredniej-i-wysokiej-porowatosci-200g-hairy-tale-cosmetics\/","og_site_name":"Pitaya.no","article_publisher":"https:\/\/www.facebook.com\/Pitaya.no","article_modified_time":"2026-03-10T12:03:28+00:00","og_image":[{"width":800,"height":800,"url":"https:\/\/pitaya.no\/wp-content\/uploads\/2025\/10\/biana.jpg","type":"image\/jpeg"}],"twitter_card":"summary_large_image","twitter_misc":{"Estimated reading time":"2 minutes"},"schema":{"@context":"https:\/\/schema.org","@graph":[{"@type":"WebPage","@id":"https:\/\/pitaya.no\/produkt\/biana-emolientowa-maska-do-wlosow-o-sredniej-i-wysokiej-porowatosci-200g-hairy-tale-cosmetics\/","url":"https:\/\/pitaya.no\/produkt\/biana-emolientowa-maska-do-wlosow-o-sredniej-i-wysokiej-porowatosci-200g-hairy-tale-cosmetics\/","name":"BIANA Emollient Mask for Medium and High Porosity Hair, 200g - Hairy Tale Cosmetics","isPartOf":{"@id":"https:\/\/pitaya.no\/#website"},"datePublished":"2025-10-31T17:28:56+00:00","dateModified":"2026-03-10T12:03:28+00:00","description":"HAIRY TALE Biana \u2013 emolientowa maska do w\u0142os\u00f3w \u015brednio i wysokoporowatych. Od\u017cywia, wyg\u0142adza i doci\u0105\u017ca w\u0142osy, nadaj\u0105c im mi\u0119kko\u015b\u0107 i blask.","breadcrumb":{"@id":"https:\/\/pitaya.no\/produkt\/biana-emolientowa-maska-do-wlosow-o-sredniej-i-wysokiej-porowatosci-200g-hairy-tale-cosmetics\/#breadcrumb"},"inLanguage":"en-GB","potentialAction":[{"@type":"ReadAction","target":["https:\/\/pitaya.no\/produkt\/biana-emolientowa-maska-do-wlosow-o-sredniej-i-wysokiej-porowatosci-200g-hairy-tale-cosmetics\/"]}]},{"@type":"BreadcrumbList","@id":"https:\/\/pitaya.no\/produkt\/biana-emolientowa-maska-do-wlosow-o-sredniej-i-wysokiej-porowatosci-200g-hairy-tale-cosmetics\/#breadcrumb","itemListElement":[{"@type":"ListItem","position":1,"name":"Strona g\u0142\u00f3wna","item":"https:\/\/pitaya.no\/"},{"@type":"ListItem","position":2,"name":"Sklep","item":"https:\/\/pitaya.no\/sklep\/"},{"@type":"ListItem","position":3,"name":"BIANA emolientowa maska do w\u0142os\u00f3w o \u015bredniej i wysokiej porowato\u015bci, 200g &#8211; Hairy Tale Cosmetics"}]},{"@type":"WebSite","@id":"https:\/\/pitaya.no\/#website","url":"https:\/\/pitaya.no\/","name":"Pitaya.no","description":"Polish organic drugstore in Norway","potentialAction":[{"@type":"SearchAction","target":{"@type":"EntryPoint","urlTemplate":"https:\/\/pitaya.no\/?s={search_term_string}"},"query-input":"required name=search_term_string"}],"inLanguage":"en-GB"}]}},"_links":{"self":[{"href":"https:\/\/pitaya.no\/en\/wp-json\/wp\/v2\/product\/6772"}],"collection":[{"href":"https:\/\/pitaya.no\/en\/wp-json\/wp\/v2\/product"}],"about":[{"href":"https:\/\/pitaya.no\/en\/wp-json\/wp\/v2\/types\/product"}],"wp:featuredmedia":[{"embeddable":true,"href":"https:\/\/pitaya.no\/en\/wp-json\/wp\/v2\/media\/6774"}],"wp:attachment":[{"href":"https:\/\/pitaya.no\/en\/wp-json\/wp\/v2\/media?parent=6772"}],"wp:term":[{"taxonomy":"product_cat","embeddable":true,"href":"https:\/\/pitaya.no\/en\/wp-json\/wp\/v2\/product_cat?post=6772"},{"taxonomy":"product_tag","embeddable":true,"href":"https:\/\/pitaya.no\/en\/wp-json\/wp\/v2\/product_tag?post=6772"},{"taxonomy":"berocket_brand","embeddable":true,"href":"https:\/\/pitaya.no\/en\/wp-json\/wp\/v2\/berocket_brand?post=6772"}],"curies":[{"name":"wp","href":"https:\/\/api.w.org\/{rel}","templated":true}]}}