{"id":6758,"date":"2025-10-28T19:33:42","date_gmt":"2025-10-28T19:33:42","guid":{"rendered":"https:\/\/pitaya.no\/?post_type=product&#038;p=6758"},"modified":"2026-02-21T21:41:05","modified_gmt":"2026-02-21T21:41:05","slug":"murky-kojacy-szampon-do-przetluszczajacej-sie-skory-glowy-250ml-hairy-tale-cosmetics","status":"publish","type":"product","link":"https:\/\/pitaya.no\/en\/product\/murky-kojacy-szampon-do-przetluszczajacej-sie-skory-glowy-250ml-hairy-tale-cosmetics\/","title":{"rendered":"MURKY Soothing Shampoo for Oily Scalp, 250ml \u2013 Hairy Tale Cosmetics"},"content":{"rendered":"<h1 data-start=\"224\" data-end=\"567\">MURKY Soothing Shampoo for Oily Scalp, 250ml \u2013 Hairy Tale Cosmetics<\/h1>\n<p data-start=\"224\" data-end=\"567\">Get to know <strong data-start=\"231\" data-end=\"240\">Murky<\/strong> \u2013 soothing shampoo from <strong data-start=\"261\" data-end=\"285\">Hairy Tale Cosmetics<\/strong>, created with the needs in mind <strong data-start=\"318\" data-end=\"384\">oily, sensitive and problematic scalp<\/strong>Its gentle but effective formula is based on <strong data-start=\"438\" data-end=\"473\">mild cleansing substances<\/strong>, which <strong data-start=\"481\" data-end=\"513\">cleanses without irritating<\/strong> and they help <strong data-start=\"525\" data-end=\"564\">regulate the function of the sebaceous glands<\/strong>.<\/p>\n<h3 data-start=\"569\" data-end=\"1068\"><strong>The composition includes:<\/strong><\/h3>\n<p data-start=\"569\" data-end=\"1068\"><strong data-start=\"597\" data-end=\"619\">Wormwood extract<\/strong> \u2013 has a toning, cleansing and soothing effect.<br data-start=\"667\" data-end=\"670\" \/><strong data-start=\"673\" data-end=\"718\">A derivative of glycyrrhetinic acid from licorice<\/strong> \u2013 soothes, reduces redness and itching.<br data-start=\"763\" data-end=\"766\" \/><strong data-start=\"769\" data-end=\"785\">Azeloglicine<\/strong> \u2013 regulates sebum secretion and supports the fight against dandruff.<br data-start=\"842\" data-end=\"845\" \/><strong data-start=\"848\" data-end=\"862\">Niacinamide<\/strong> \u2013 strengthens the skin\u2019s hydrolipid barrier, has anti-inflammatory properties.<br data-start=\"926\" data-end=\"929\" \/><strong data-start=\"932\" data-end=\"943\">Inulin<\/strong> \u2013 a natural prebiotic that supports the scalp microbiome.<br data-start=\"1001\" data-end=\"1004\" data-is-only-node=\"\" \/><strong data-start=\"1007\" data-end=\"1029\">Yeast extract<\/strong> \u2013 nourishes and supports skin balance.<\/p>\n<p data-start=\"1070\" data-end=\"1258\">Murky has <strong data-start=\"1079\" data-end=\"1167\">Antimicrobial activity confirmed by tests against Malassezia furfur<\/strong>, thanks to which <strong data-start=\"1182\" data-end=\"1208\">relieves the symptoms of dandruff<\/strong> and brings <strong data-start=\"1220\" data-end=\"1255\">feeling of relief and freshness<\/strong>.<\/p>\n<p data-start=\"1260\" data-end=\"1362\">Delicate <strong data-start=\"1270\" data-end=\"1305\">the scent of cedar and green tea<\/strong> It envelops the senses and induces a state of relaxation while washing.<\/p>\n<h3 data-start=\"1364\" data-end=\"1581\"><strong data-start=\"1367\" data-end=\"1385\">How to use:<\/strong><\/h3>\n<p data-start=\"1364\" data-end=\"1581\">Murky shampoo has a thick consistency - before use <strong data-start=\"1440\" data-end=\"1504\">dilute it with water and lather well in your hands or in a cup<\/strong>This means it will last longer and spread better across the scalp.<\/p>\n<p data-start=\"1583\" data-end=\"1660\"><strong data-start=\"1585\" data-end=\"1660\">For best results, use in conjunction with the cleansing emulsion from the Murky line!<\/strong><\/p>\n<h3 data-start=\"1667\" data-end=\"1701\"><strong data-start=\"1672\" data-end=\"1701\">Why you&#039;ll love Murky:<\/strong><\/h3>\n<ul data-start=\"1702\" data-end=\"1940\">\n<li data-start=\"1702\" data-end=\"1752\">\n<p data-start=\"1704\" data-end=\"1752\">Gently but effectively cleanses the scalp<\/p>\n<\/li>\n<li data-start=\"1753\" data-end=\"1783\">\n<p data-start=\"1755\" data-end=\"1783\">Regulates sebum secretion<\/p>\n<\/li>\n<li data-start=\"1784\" data-end=\"1816\">\n<p data-start=\"1786\" data-end=\"1816\">Soothes irritation and itching<\/p>\n<\/li>\n<li data-start=\"1817\" data-end=\"1845\">\n<p data-start=\"1819\" data-end=\"1845\">Supports the fight against dandruff<\/p>\n<\/li>\n<li data-start=\"1846\" data-end=\"1869\">\n<p data-start=\"1848\" data-end=\"1869\">Does not dry out the skin<\/p>\n<\/li>\n<li data-start=\"1870\" data-end=\"1908\">\n<p data-start=\"1872\" data-end=\"1908\">Contains only gentle detergents<\/p>\n<\/li>\n<li data-start=\"1909\" data-end=\"1940\">\n<p data-start=\"1911\" data-end=\"1940\">It smells beautiful and relaxes<\/p>\n<\/li>\n<\/ul>\n<div id=\"attachment_6763\" style=\"width: 980px\" class=\"wp-caption aligncenter\"><img aria-describedby=\"caption-attachment-6763\" fetchpriority=\"high\" decoding=\"async\" class=\"size-full wp-image-6763\" src=\"https:\/\/pitaya.no\/wp-content\/uploads\/2025\/10\/murky4.jpg\" alt=\"MURKY koj\u0105cy szampon do przet\u0142uszczaj\u0105cej si\u0119 sk\u00f3ry g\u0142owy, 250ml - Hairy Tale Cosmetics\" width=\"970\" height=\"970\" srcset=\"https:\/\/pitaya.no\/wp-content\/uploads\/2025\/10\/murky4.jpg 970w, https:\/\/pitaya.no\/wp-content\/uploads\/2025\/10\/murky4-300x300.jpg 300w, https:\/\/pitaya.no\/wp-content\/uploads\/2025\/10\/murky4-150x150.jpg 150w, https:\/\/pitaya.no\/wp-content\/uploads\/2025\/10\/murky4-768x768.jpg 768w, https:\/\/pitaya.no\/wp-content\/uploads\/2025\/10\/murky4-12x12.jpg 12w, https:\/\/pitaya.no\/wp-content\/uploads\/2025\/10\/murky4-450x450.jpg 450w, https:\/\/pitaya.no\/wp-content\/uploads\/2025\/10\/murky4-90x90.jpg 90w, https:\/\/pitaya.no\/wp-content\/uploads\/2025\/10\/murky4-600x600.jpg 600w, https:\/\/pitaya.no\/wp-content\/uploads\/2025\/10\/murky4-54x54.jpg 54w, https:\/\/pitaya.no\/wp-content\/uploads\/2025\/10\/murky4-50x50.jpg 50w, https:\/\/pitaya.no\/wp-content\/uploads\/2025\/10\/murky4-100x100.jpg 100w, https:\/\/pitaya.no\/wp-content\/uploads\/2025\/10\/murky4-64x64.jpg 64w\" sizes=\"(max-width: 970px) 100vw, 970px\" \/><p id=\"caption-attachment-6763\" class=\"wp-caption-text\">MURKY Soothing Shampoo for Oily Scalp, 250ml \u2013 Hairy Tale Cosmetics<\/p><\/div>\n<p><strong>How to use: <\/strong>Apply a small amount of the product to your scalp and hair, or mix a small amount with water and lather. Massage into your scalp and apply the resulting lather to the rest of your hair. Rinse thoroughly with water. Repeat if necessary.<\/p>\n<p><strong>NOTE: Store at temperatures between 10 \u00baC and 25 \u00baC<\/strong><\/p>\n<p><strong>Composition: <\/strong>Aqua, Decyl Glucoside, Glycerin, Panthenol, Coco-Glucoside, Glyceryl Oleate, Ammonium Glycyrrhizate, Babassu Oil Polyglyceryl-4 Esters, Potassium Azeloyl Diglycinate, Artemisia Absinthium Extract, Niacinamide, Inulin, Faex Extract, Saccharomyces Cerevisiae Extract, Cellulose, Glucose, Fructose, Sodium Levulinate, Lactic Acid, Cellulose Gum, Trisodium Ethylenediamine Disuccinate, Sodium Benzoate, Potassium Sorbate, Citric Acid, Xanthan Gum, Tocopherol, Hydrogenated Vegetable Glycerides Citrate, Limonene, Linalool, Tetramethyl Acetyloctahydronaphthalenes, Citrus Aurantium Peel Oil, Citrus Limon Peel Oil, Parfum.<\/p>\n<p>&nbsp;<\/p>","protected":false},"excerpt":{"rendered":"<p>Soothing shampoo <strong data-start=\"143\" data-end=\"163\">Hairy Tale Murky<\/strong> Gently cleanses and regulates sebum production. Contains wormwood extract, licorice, and azeloglycine, which soothe irritation, reduce oiliness, and help fight dandruff.<\/p>\n<p><strong>Capacity 250 ml<\/strong><\/p>","protected":false},"featured_media":6760,"template":"","meta":{"_themeisle_gutenberg_block_has_review":false},"product_cat":[311,314],"product_tag":[],"berocket_brand":[309],"yoast_head":"<!-- This site is optimized with the Yoast SEO Premium plugin v21.2 (Yoast SEO v21.5) - https:\/\/yoast.com\/wordpress\/plugins\/seo\/ -->\n<title>MURKY koj\u0105cy szampon do przet\u0142uszczaj\u0105cej si\u0119 sk\u00f3ry g\u0142owy, 250ml - Hairy Tale Cosmetics<\/title>\n<meta name=\"description\" content=\"Koj\u0105cy szampon Hairy Tale Murky \u0142agodnie oczyszcza, reguluje sebum i \u0142agodzi podra\u017cnienia. Idealny do przet\u0142uszczaj\u0105cej si\u0119 sk\u00f3ry g\u0142owy.\" \/>\n<meta name=\"robots\" content=\"index, follow, max-snippet:-1, max-image-preview:large, max-video-preview:-1\" \/>\n<link rel=\"canonical\" href=\"https:\/\/pitaya.no\/en\/product\/murky-kojacy-szampon-do-przetluszczajacej-sie-skory-glowy-250ml-hairy-tale-cosmetics\/\" \/>\n<meta property=\"og:locale\" content=\"en_GB\" \/>\n<meta property=\"og:type\" content=\"article\" \/>\n<meta property=\"og:title\" content=\"MURKY koj\u0105cy szampon do przet\u0142uszczaj\u0105cej si\u0119 sk\u00f3ry g\u0142owy, 250ml - Hairy Tale Cosmetics\" \/>\n<meta property=\"og:description\" content=\"Koj\u0105cy szampon Hairy Tale Murky \u0142agodnie oczyszcza, reguluje sebum i \u0142agodzi podra\u017cnienia. Idealny do przet\u0142uszczaj\u0105cej si\u0119 sk\u00f3ry g\u0142owy.\" \/>\n<meta property=\"og:url\" content=\"https:\/\/pitaya.no\/en\/product\/murky-kojacy-szampon-do-przetluszczajacej-sie-skory-glowy-250ml-hairy-tale-cosmetics\/\" \/>\n<meta property=\"og:site_name\" content=\"Pitaya.no\" \/>\n<meta property=\"article:publisher\" content=\"https:\/\/www.facebook.com\/Pitaya.no\" \/>\n<meta property=\"article:modified_time\" content=\"2026-02-21T21:41:05+00:00\" \/>\n<meta property=\"og:image\" content=\"https:\/\/pitaya.no\/wp-content\/uploads\/2025\/10\/murky.png\" \/>\n\t<meta property=\"og:image:width\" content=\"1000\" \/>\n\t<meta property=\"og:image:height\" content=\"1000\" \/>\n\t<meta property=\"og:image:type\" content=\"image\/png\" \/>\n<meta name=\"twitter:card\" content=\"summary_large_image\" \/>\n<meta name=\"twitter:label1\" content=\"Estimated reading time\" \/>\n\t<meta name=\"twitter:data1\" content=\"3 minutes\" \/>\n<script type=\"application\/ld+json\" class=\"yoast-schema-graph\">{\"@context\":\"https:\/\/schema.org\",\"@graph\":[{\"@type\":\"WebPage\",\"@id\":\"https:\/\/pitaya.no\/produkt\/murky-kojacy-szampon-do-przetluszczajacej-sie-skory-glowy-250ml-hairy-tale-cosmetics\/\",\"url\":\"https:\/\/pitaya.no\/produkt\/murky-kojacy-szampon-do-przetluszczajacej-sie-skory-glowy-250ml-hairy-tale-cosmetics\/\",\"name\":\"MURKY koj\u0105cy szampon do przet\u0142uszczaj\u0105cej si\u0119 sk\u00f3ry g\u0142owy, 250ml - Hairy Tale Cosmetics\",\"isPartOf\":{\"@id\":\"https:\/\/pitaya.no\/#website\"},\"datePublished\":\"2025-10-28T19:33:42+00:00\",\"dateModified\":\"2026-02-21T21:41:05+00:00\",\"description\":\"Koj\u0105cy szampon Hairy Tale Murky \u0142agodnie oczyszcza, reguluje sebum i \u0142agodzi podra\u017cnienia. Idealny do przet\u0142uszczaj\u0105cej si\u0119 sk\u00f3ry g\u0142owy.\",\"breadcrumb\":{\"@id\":\"https:\/\/pitaya.no\/produkt\/murky-kojacy-szampon-do-przetluszczajacej-sie-skory-glowy-250ml-hairy-tale-cosmetics\/#breadcrumb\"},\"inLanguage\":\"en-GB\",\"potentialAction\":[{\"@type\":\"ReadAction\",\"target\":[\"https:\/\/pitaya.no\/produkt\/murky-kojacy-szampon-do-przetluszczajacej-sie-skory-glowy-250ml-hairy-tale-cosmetics\/\"]}]},{\"@type\":\"BreadcrumbList\",\"@id\":\"https:\/\/pitaya.no\/produkt\/murky-kojacy-szampon-do-przetluszczajacej-sie-skory-glowy-250ml-hairy-tale-cosmetics\/#breadcrumb\",\"itemListElement\":[{\"@type\":\"ListItem\",\"position\":1,\"name\":\"Strona g\u0142\u00f3wna\",\"item\":\"https:\/\/pitaya.no\/\"},{\"@type\":\"ListItem\",\"position\":2,\"name\":\"Sklep\",\"item\":\"https:\/\/pitaya.no\/sklep\/\"},{\"@type\":\"ListItem\",\"position\":3,\"name\":\"MURKY koj\u0105cy szampon do przet\u0142uszczaj\u0105cej si\u0119 sk\u00f3ry g\u0142owy, 250ml &#8211; Hairy Tale Cosmetics\"}]},{\"@type\":\"WebSite\",\"@id\":\"https:\/\/pitaya.no\/#website\",\"url\":\"https:\/\/pitaya.no\/\",\"name\":\"Pitaya.no\",\"description\":\"Polska drogeria ekologiczna w Norwegii\",\"potentialAction\":[{\"@type\":\"SearchAction\",\"target\":{\"@type\":\"EntryPoint\",\"urlTemplate\":\"https:\/\/pitaya.no\/?s={search_term_string}\"},\"query-input\":\"required name=search_term_string\"}],\"inLanguage\":\"en-GB\"}]}<\/script>\n<!-- \/ Yoast SEO Premium plugin. -->","yoast_head_json":{"title":"MURKY Soothing Shampoo for Oily Scalp, 250ml - Hairy Tale Cosmetics","description":"Koj\u0105cy szampon Hairy Tale Murky \u0142agodnie oczyszcza, reguluje sebum i \u0142agodzi podra\u017cnienia. Idealny do przet\u0142uszczaj\u0105cej si\u0119 sk\u00f3ry g\u0142owy.","robots":{"index":"index","follow":"follow","max-snippet":"max-snippet:-1","max-image-preview":"max-image-preview:large","max-video-preview":"max-video-preview:-1"},"canonical":"https:\/\/pitaya.no\/en\/product\/murky-kojacy-szampon-do-przetluszczajacej-sie-skory-glowy-250ml-hairy-tale-cosmetics\/","og_locale":"en_GB","og_type":"article","og_title":"MURKY koj\u0105cy szampon do przet\u0142uszczaj\u0105cej si\u0119 sk\u00f3ry g\u0142owy, 250ml - Hairy Tale Cosmetics","og_description":"Koj\u0105cy szampon Hairy Tale Murky \u0142agodnie oczyszcza, reguluje sebum i \u0142agodzi podra\u017cnienia. Idealny do przet\u0142uszczaj\u0105cej si\u0119 sk\u00f3ry g\u0142owy.","og_url":"https:\/\/pitaya.no\/en\/product\/murky-kojacy-szampon-do-przetluszczajacej-sie-skory-glowy-250ml-hairy-tale-cosmetics\/","og_site_name":"Pitaya.no","article_publisher":"https:\/\/www.facebook.com\/Pitaya.no","article_modified_time":"2026-02-21T21:41:05+00:00","og_image":[{"width":1000,"height":1000,"url":"https:\/\/pitaya.no\/wp-content\/uploads\/2025\/10\/murky.png","type":"image\/png"}],"twitter_card":"summary_large_image","twitter_misc":{"Estimated reading time":"3 minutes"},"schema":{"@context":"https:\/\/schema.org","@graph":[{"@type":"WebPage","@id":"https:\/\/pitaya.no\/produkt\/murky-kojacy-szampon-do-przetluszczajacej-sie-skory-glowy-250ml-hairy-tale-cosmetics\/","url":"https:\/\/pitaya.no\/produkt\/murky-kojacy-szampon-do-przetluszczajacej-sie-skory-glowy-250ml-hairy-tale-cosmetics\/","name":"MURKY Soothing Shampoo for Oily Scalp, 250ml - Hairy Tale Cosmetics","isPartOf":{"@id":"https:\/\/pitaya.no\/#website"},"datePublished":"2025-10-28T19:33:42+00:00","dateModified":"2026-02-21T21:41:05+00:00","description":"Koj\u0105cy szampon Hairy Tale Murky \u0142agodnie oczyszcza, reguluje sebum i \u0142agodzi podra\u017cnienia. Idealny do przet\u0142uszczaj\u0105cej si\u0119 sk\u00f3ry g\u0142owy.","breadcrumb":{"@id":"https:\/\/pitaya.no\/produkt\/murky-kojacy-szampon-do-przetluszczajacej-sie-skory-glowy-250ml-hairy-tale-cosmetics\/#breadcrumb"},"inLanguage":"en-GB","potentialAction":[{"@type":"ReadAction","target":["https:\/\/pitaya.no\/produkt\/murky-kojacy-szampon-do-przetluszczajacej-sie-skory-glowy-250ml-hairy-tale-cosmetics\/"]}]},{"@type":"BreadcrumbList","@id":"https:\/\/pitaya.no\/produkt\/murky-kojacy-szampon-do-przetluszczajacej-sie-skory-glowy-250ml-hairy-tale-cosmetics\/#breadcrumb","itemListElement":[{"@type":"ListItem","position":1,"name":"Strona g\u0142\u00f3wna","item":"https:\/\/pitaya.no\/"},{"@type":"ListItem","position":2,"name":"Sklep","item":"https:\/\/pitaya.no\/sklep\/"},{"@type":"ListItem","position":3,"name":"MURKY koj\u0105cy szampon do przet\u0142uszczaj\u0105cej si\u0119 sk\u00f3ry g\u0142owy, 250ml &#8211; Hairy Tale Cosmetics"}]},{"@type":"WebSite","@id":"https:\/\/pitaya.no\/#website","url":"https:\/\/pitaya.no\/","name":"Pitaya.no","description":"Polish organic drugstore in Norway","potentialAction":[{"@type":"SearchAction","target":{"@type":"EntryPoint","urlTemplate":"https:\/\/pitaya.no\/?s={search_term_string}"},"query-input":"required name=search_term_string"}],"inLanguage":"en-GB"}]}},"_links":{"self":[{"href":"https:\/\/pitaya.no\/en\/wp-json\/wp\/v2\/product\/6758"}],"collection":[{"href":"https:\/\/pitaya.no\/en\/wp-json\/wp\/v2\/product"}],"about":[{"href":"https:\/\/pitaya.no\/en\/wp-json\/wp\/v2\/types\/product"}],"wp:featuredmedia":[{"embeddable":true,"href":"https:\/\/pitaya.no\/en\/wp-json\/wp\/v2\/media\/6760"}],"wp:attachment":[{"href":"https:\/\/pitaya.no\/en\/wp-json\/wp\/v2\/media?parent=6758"}],"wp:term":[{"taxonomy":"product_cat","embeddable":true,"href":"https:\/\/pitaya.no\/en\/wp-json\/wp\/v2\/product_cat?post=6758"},{"taxonomy":"product_tag","embeddable":true,"href":"https:\/\/pitaya.no\/en\/wp-json\/wp\/v2\/product_tag?post=6758"},{"taxonomy":"berocket_brand","embeddable":true,"href":"https:\/\/pitaya.no\/en\/wp-json\/wp\/v2\/berocket_brand?post=6758"}],"curies":[{"name":"wp","href":"https:\/\/api.w.org\/{rel}","templated":true}]}}