{"id":6753,"date":"2025-10-28T19:09:30","date_gmt":"2025-10-28T19:09:30","guid":{"rendered":"https:\/\/pitaya.no\/?post_type=product&#038;p=6753"},"modified":"2026-02-12T00:58:38","modified_gmt":"2026-02-12T00:58:38","slug":"hairmoji-cool-moon-wcierka-chlodzaca-100-ml-hairy-tale-cosmetics","status":"publish","type":"product","link":"https:\/\/pitaya.no\/en\/product\/hairmoji-cool-moon-wcierka-chlodzaca-100-ml-hairy-tale-cosmetics\/","title":{"rendered":"HAIRMOJI Cool Moon Cooling Lotion, 100 ml \u2013 Hairy Tale Cosmetics"},"content":{"rendered":"<h1>HAIRMOJI Cool Moon Cooling Lotion, 100 ml \u2013 Hairy Tale Cosmetics<\/h1>\n<p data-start=\"197\" data-end=\"415\"><strong data-start=\"197\" data-end=\"217\">There was a chill in the air!<\/strong><br data-start=\"217\" data-end=\"220\" \/>HAIRMOJI Cool Moon is a refreshing, cooling lotion designed to soothe the scalp, stimulate hair follicles, and provide a pleasant feeling of freshness. Also ideal for <strong data-start=\"389\" data-end=\"414\">sensitive scalp<\/strong>.<\/p>\n<p data-start=\"417\" data-end=\"504\">The formula based on natural extracts and active ingredients works comprehensively:<\/p>\n<ul data-start=\"505\" data-end=\"1002\">\n<li data-start=\"505\" data-end=\"575\">\n<p data-start=\"507\" data-end=\"575\"><strong data-start=\"510\" data-end=\"522\">Rosemary<\/strong> \u2013 supports microcirculation, stimulating hair growth.<\/p>\n<\/li>\n<li data-start=\"576\" data-end=\"637\">\n<p data-start=\"578\" data-end=\"637\"><strong data-start=\"581\" data-end=\"601\">Mint extract<\/strong> \u2013 intensively refreshes and cools.<\/p>\n<\/li>\n<li data-start=\"638\" data-end=\"714\">\n<p data-start=\"640\" data-end=\"714\"><strong data-start=\"643\" data-end=\"677\">Bitter orange extract<\/strong> \u2013 tones and strengthens the scalp.<\/p>\n<\/li>\n<li data-start=\"715\" data-end=\"784\">\n<p data-start=\"717\" data-end=\"784\"><strong data-start=\"720\" data-end=\"755\">Fucus algae and ivy extract<\/strong> \u2013 detoxify and moisturize.<\/p>\n<\/li>\n<li data-start=\"785\" data-end=\"847\">\n<p data-start=\"787\" data-end=\"847\"><strong data-start=\"790\" data-end=\"814\">Moisturizing complex<\/strong> \u2013 takes care of the balance of the scalp.<\/p>\n<\/li>\n<li data-start=\"848\" data-end=\"912\">\n<p data-start=\"850\" data-end=\"912\"><strong data-start=\"853\" data-end=\"871\">Active peptide<\/strong> \u2013 supports the condition and resistance of hair.<\/p>\n<\/li>\n<li data-start=\"913\" data-end=\"1002\">\n<p data-start=\"915\" data-end=\"1002\"><strong data-start=\"918\" data-end=\"937\">Frescolat\u00ae Plus<\/strong> \u2013 provides a long-lasting, pleasant cooling and stimulating effect.<\/p>\n<\/li>\n<\/ul>\n<p data-start=\"1004\" data-end=\"1139\">Cool Moon does not affect hair color and its <strong data-start=\"1048\" data-end=\"1066\">mint scent<\/strong> makes the daily rubbing ritual a pure pleasure.<\/p>\n<p><span style=\"font-weight: 400;\"><strong>How to use<\/strong>: Apply a small amount to the scalp 30 minutes before washing. Massage in gently. Avoid contact with eyes; if product gets into eyes, rinse thoroughly with water. The cooling effect may lessen over time; this is a normal phenomenon as skin receptors become accustomed.<br \/>\n<\/span><\/p>\n<p><em><b><span style=\"font-weight: 400;\"><strong>Composition: <\/strong><\/span><\/b>Aqua, Propanediol, Glycerin, Rosmarinus Officinalis Leaf Extract, Mentha Piperita (Peppermint) Leaf Extract, Citrus Aurantium Amara Peel Extract, Fucus Vesiculosus Extract, Hedera Helix Leaf Extract, Biotinoyl Tripeptide-1, Saccharide Isomerate, Betaine, Panthenol, Trehalose, Menthol, Menthyl Lactate, Polysorbate 20, Polyglyceryl-6 Caprylate, Polyglyceryl-4 Caprate, Trisodium Ethylenediamine Disuccinate, Citric Acid, Sodium Citrate, Citric Acid, Caprylyl Glycol, Sodium Benzoate, Sodium Levulinate, Potassium Sorbate, Ethylhexylglycerin, Parfum.<\/em><\/p>\n<p>&nbsp;<\/p>","protected":false},"excerpt":{"rendered":"<p><strong>HAIRMOJI Cool Moon<\/strong> This cooling scalp lotion with rosemary, mint, and a moisturizing complex refreshes, stimulates hair follicles, and soothes the skin. Contains Frescolat\u00ae Plus for a long-lasting cooling effect. Also suitable for sensitive scalps.<\/p>\n<p><strong>Capacity 100 ml<\/strong><\/p>","protected":false},"featured_media":6755,"template":"","meta":{"_themeisle_gutenberg_block_has_review":false},"product_cat":[324,326],"product_tag":[],"berocket_brand":[309],"yoast_head":"<!-- This site is optimized with the Yoast SEO Premium plugin v21.2 (Yoast SEO v21.5) - https:\/\/yoast.com\/wordpress\/plugins\/seo\/ -->\n<title>HAIRMOJI Cool Moon wcierka ch\u0142odz\u0105ca, 100 ml - Hairy Tale Cosmetics<\/title>\n<meta name=\"description\" content=\"HAIRMOJI Cool Moon \u2013 ch\u0142odz\u0105ca wcierka z mi\u0119t\u0105 i rozmarynem. Od\u015bwie\u017ca, pobudza wzrost w\u0142os\u00f3w i koi sk\u00f3r\u0119 g\u0142owy. Idealna dla sk\u00f3ry wra\u017cliwej.\" \/>\n<meta name=\"robots\" content=\"index, follow, max-snippet:-1, max-image-preview:large, max-video-preview:-1\" \/>\n<link rel=\"canonical\" href=\"https:\/\/pitaya.no\/en\/product\/hairmoji-cool-moon-wcierka-chlodzaca-100-ml-hairy-tale-cosmetics\/\" \/>\n<meta property=\"og:locale\" content=\"en_GB\" \/>\n<meta property=\"og:type\" content=\"article\" \/>\n<meta property=\"og:title\" content=\"HAIRMOJI Cool Moon wcierka ch\u0142odz\u0105ca, 100 ml - Hairy Tale Cosmetics\" \/>\n<meta property=\"og:description\" content=\"HAIRMOJI Cool Moon \u2013 ch\u0142odz\u0105ca wcierka z mi\u0119t\u0105 i rozmarynem. Od\u015bwie\u017ca, pobudza wzrost w\u0142os\u00f3w i koi sk\u00f3r\u0119 g\u0142owy. Idealna dla sk\u00f3ry wra\u017cliwej.\" \/>\n<meta property=\"og:url\" content=\"https:\/\/pitaya.no\/en\/product\/hairmoji-cool-moon-wcierka-chlodzaca-100-ml-hairy-tale-cosmetics\/\" \/>\n<meta property=\"og:site_name\" content=\"Pitaya.no\" \/>\n<meta property=\"article:publisher\" content=\"https:\/\/www.facebook.com\/Pitaya.no\" \/>\n<meta property=\"article:modified_time\" content=\"2026-02-12T00:58:38+00:00\" \/>\n<meta property=\"og:image\" content=\"https:\/\/pitaya.no\/wp-content\/uploads\/2025\/10\/coolmoon.jpg\" \/>\n\t<meta property=\"og:image:width\" content=\"599\" \/>\n\t<meta property=\"og:image:height\" content=\"599\" \/>\n\t<meta property=\"og:image:type\" content=\"image\/jpeg\" \/>\n<meta name=\"twitter:card\" content=\"summary_large_image\" \/>\n<meta name=\"twitter:label1\" content=\"Estimated reading time\" \/>\n\t<meta name=\"twitter:data1\" content=\"2 minutes\" \/>\n<script type=\"application\/ld+json\" class=\"yoast-schema-graph\">{\"@context\":\"https:\/\/schema.org\",\"@graph\":[{\"@type\":\"WebPage\",\"@id\":\"https:\/\/pitaya.no\/produkt\/hairmoji-cool-moon-wcierka-chlodzaca-100-ml-hairy-tale-cosmetics\/\",\"url\":\"https:\/\/pitaya.no\/produkt\/hairmoji-cool-moon-wcierka-chlodzaca-100-ml-hairy-tale-cosmetics\/\",\"name\":\"HAIRMOJI Cool Moon wcierka ch\u0142odz\u0105ca, 100 ml - Hairy Tale Cosmetics\",\"isPartOf\":{\"@id\":\"https:\/\/pitaya.no\/#website\"},\"datePublished\":\"2025-10-28T19:09:30+00:00\",\"dateModified\":\"2026-02-12T00:58:38+00:00\",\"description\":\"HAIRMOJI Cool Moon \u2013 ch\u0142odz\u0105ca wcierka z mi\u0119t\u0105 i rozmarynem. Od\u015bwie\u017ca, pobudza wzrost w\u0142os\u00f3w i koi sk\u00f3r\u0119 g\u0142owy. Idealna dla sk\u00f3ry wra\u017cliwej.\",\"breadcrumb\":{\"@id\":\"https:\/\/pitaya.no\/produkt\/hairmoji-cool-moon-wcierka-chlodzaca-100-ml-hairy-tale-cosmetics\/#breadcrumb\"},\"inLanguage\":\"en-GB\",\"potentialAction\":[{\"@type\":\"ReadAction\",\"target\":[\"https:\/\/pitaya.no\/produkt\/hairmoji-cool-moon-wcierka-chlodzaca-100-ml-hairy-tale-cosmetics\/\"]}]},{\"@type\":\"BreadcrumbList\",\"@id\":\"https:\/\/pitaya.no\/produkt\/hairmoji-cool-moon-wcierka-chlodzaca-100-ml-hairy-tale-cosmetics\/#breadcrumb\",\"itemListElement\":[{\"@type\":\"ListItem\",\"position\":1,\"name\":\"Strona g\u0142\u00f3wna\",\"item\":\"https:\/\/pitaya.no\/\"},{\"@type\":\"ListItem\",\"position\":2,\"name\":\"Sklep\",\"item\":\"https:\/\/pitaya.no\/sklep\/\"},{\"@type\":\"ListItem\",\"position\":3,\"name\":\"HAIRMOJI Cool Moon wcierka ch\u0142odz\u0105ca, 100 ml &#8211; Hairy Tale Cosmetics\"}]},{\"@type\":\"WebSite\",\"@id\":\"https:\/\/pitaya.no\/#website\",\"url\":\"https:\/\/pitaya.no\/\",\"name\":\"Pitaya.no\",\"description\":\"Polska drogeria ekologiczna w Norwegii\",\"potentialAction\":[{\"@type\":\"SearchAction\",\"target\":{\"@type\":\"EntryPoint\",\"urlTemplate\":\"https:\/\/pitaya.no\/?s={search_term_string}\"},\"query-input\":\"required name=search_term_string\"}],\"inLanguage\":\"en-GB\"}]}<\/script>\n<!-- \/ Yoast SEO Premium plugin. -->","yoast_head_json":{"title":"HAIRMOJI Cool Moon Cooling Lotion, 100 ml - Hairy Tale Cosmetics","description":"HAIRMOJI Cool Moon \u2013 ch\u0142odz\u0105ca wcierka z mi\u0119t\u0105 i rozmarynem. Od\u015bwie\u017ca, pobudza wzrost w\u0142os\u00f3w i koi sk\u00f3r\u0119 g\u0142owy. Idealna dla sk\u00f3ry wra\u017cliwej.","robots":{"index":"index","follow":"follow","max-snippet":"max-snippet:-1","max-image-preview":"max-image-preview:large","max-video-preview":"max-video-preview:-1"},"canonical":"https:\/\/pitaya.no\/en\/product\/hairmoji-cool-moon-wcierka-chlodzaca-100-ml-hairy-tale-cosmetics\/","og_locale":"en_GB","og_type":"article","og_title":"HAIRMOJI Cool Moon wcierka ch\u0142odz\u0105ca, 100 ml - Hairy Tale Cosmetics","og_description":"HAIRMOJI Cool Moon \u2013 ch\u0142odz\u0105ca wcierka z mi\u0119t\u0105 i rozmarynem. Od\u015bwie\u017ca, pobudza wzrost w\u0142os\u00f3w i koi sk\u00f3r\u0119 g\u0142owy. Idealna dla sk\u00f3ry wra\u017cliwej.","og_url":"https:\/\/pitaya.no\/en\/product\/hairmoji-cool-moon-wcierka-chlodzaca-100-ml-hairy-tale-cosmetics\/","og_site_name":"Pitaya.no","article_publisher":"https:\/\/www.facebook.com\/Pitaya.no","article_modified_time":"2026-02-12T00:58:38+00:00","og_image":[{"width":599,"height":599,"url":"https:\/\/pitaya.no\/wp-content\/uploads\/2025\/10\/coolmoon.jpg","type":"image\/jpeg"}],"twitter_card":"summary_large_image","twitter_misc":{"Estimated reading time":"2 minutes"},"schema":{"@context":"https:\/\/schema.org","@graph":[{"@type":"WebPage","@id":"https:\/\/pitaya.no\/produkt\/hairmoji-cool-moon-wcierka-chlodzaca-100-ml-hairy-tale-cosmetics\/","url":"https:\/\/pitaya.no\/produkt\/hairmoji-cool-moon-wcierka-chlodzaca-100-ml-hairy-tale-cosmetics\/","name":"HAIRMOJI Cool Moon Cooling Lotion, 100 ml - Hairy Tale Cosmetics","isPartOf":{"@id":"https:\/\/pitaya.no\/#website"},"datePublished":"2025-10-28T19:09:30+00:00","dateModified":"2026-02-12T00:58:38+00:00","description":"HAIRMOJI Cool Moon \u2013 ch\u0142odz\u0105ca wcierka z mi\u0119t\u0105 i rozmarynem. Od\u015bwie\u017ca, pobudza wzrost w\u0142os\u00f3w i koi sk\u00f3r\u0119 g\u0142owy. Idealna dla sk\u00f3ry wra\u017cliwej.","breadcrumb":{"@id":"https:\/\/pitaya.no\/produkt\/hairmoji-cool-moon-wcierka-chlodzaca-100-ml-hairy-tale-cosmetics\/#breadcrumb"},"inLanguage":"en-GB","potentialAction":[{"@type":"ReadAction","target":["https:\/\/pitaya.no\/produkt\/hairmoji-cool-moon-wcierka-chlodzaca-100-ml-hairy-tale-cosmetics\/"]}]},{"@type":"BreadcrumbList","@id":"https:\/\/pitaya.no\/produkt\/hairmoji-cool-moon-wcierka-chlodzaca-100-ml-hairy-tale-cosmetics\/#breadcrumb","itemListElement":[{"@type":"ListItem","position":1,"name":"Strona g\u0142\u00f3wna","item":"https:\/\/pitaya.no\/"},{"@type":"ListItem","position":2,"name":"Sklep","item":"https:\/\/pitaya.no\/sklep\/"},{"@type":"ListItem","position":3,"name":"HAIRMOJI Cool Moon wcierka ch\u0142odz\u0105ca, 100 ml &#8211; Hairy Tale Cosmetics"}]},{"@type":"WebSite","@id":"https:\/\/pitaya.no\/#website","url":"https:\/\/pitaya.no\/","name":"Pitaya.no","description":"Polish organic drugstore in Norway","potentialAction":[{"@type":"SearchAction","target":{"@type":"EntryPoint","urlTemplate":"https:\/\/pitaya.no\/?s={search_term_string}"},"query-input":"required name=search_term_string"}],"inLanguage":"en-GB"}]}},"_links":{"self":[{"href":"https:\/\/pitaya.no\/en\/wp-json\/wp\/v2\/product\/6753"}],"collection":[{"href":"https:\/\/pitaya.no\/en\/wp-json\/wp\/v2\/product"}],"about":[{"href":"https:\/\/pitaya.no\/en\/wp-json\/wp\/v2\/types\/product"}],"wp:featuredmedia":[{"embeddable":true,"href":"https:\/\/pitaya.no\/en\/wp-json\/wp\/v2\/media\/6755"}],"wp:attachment":[{"href":"https:\/\/pitaya.no\/en\/wp-json\/wp\/v2\/media?parent=6753"}],"wp:term":[{"taxonomy":"product_cat","embeddable":true,"href":"https:\/\/pitaya.no\/en\/wp-json\/wp\/v2\/product_cat?post=6753"},{"taxonomy":"product_tag","embeddable":true,"href":"https:\/\/pitaya.no\/en\/wp-json\/wp\/v2\/product_tag?post=6753"},{"taxonomy":"berocket_brand","embeddable":true,"href":"https:\/\/pitaya.no\/en\/wp-json\/wp\/v2\/berocket_brand?post=6753"}],"curies":[{"name":"wp","href":"https:\/\/api.w.org\/{rel}","templated":true}]}}