{"id":6746,"date":"2025-10-27T20:37:43","date_gmt":"2025-10-27T20:37:43","guid":{"rendered":"https:\/\/pitaya.no\/?post_type=product&#038;p=6746"},"modified":"2026-02-12T16:16:24","modified_gmt":"2026-02-12T16:16:24","slug":"hairmoji-on-fire-wcierka-rozgrzewajaca-100-ml-hairy-tale-cosmetics","status":"publish","type":"product","link":"https:\/\/pitaya.no\/en\/product\/hairmoji-on-fire-wcierka-rozgrzewajaca-100-ml-hairy-tale-cosmetics\/","title":{"rendered":"HAIRMOJI On Fire Warming Lotion, 100 ml \u2013 Hairy Tale Cosmetics"},"content":{"rendered":"<h1 data-start=\"169\" data-end=\"229\">HAIRMOJI On Fire Warming Lotion, 100 ml \u2013 Hairy Tale Cosmetics<\/h1>\n<p data-start=\"169\" data-end=\"229\"><strong data-start=\"169\" data-end=\"229\">Stimulate your follicles. Strengthen your hair. Feel the warmth of the action.<\/strong><\/p>\n<p data-start=\"231\" data-end=\"457\">Make room for energy - this lotion really warms you up! A unique combination of extracts from <strong data-start=\"322\" data-end=\"378\">horseradish, black pepper, cardamom, cocoa and ginger<\/strong> stimulates microcirculation of the scalp, strengthens hair follicles and supports hair growth.<\/p>\n<p data-start=\"459\" data-end=\"723\">Active ingredient <strong data-start=\"476\" data-end=\"488\">HotFlux\u00ae<\/strong> provides an intense warming and stimulating effect that increases the absorption of nutrients. <strong data-start=\"594\" data-end=\"617\">Peptide and niacinamide<\/strong> take care of the condition of the scalp, and <strong data-start=\"650\" data-end=\"674\">moisturizing complex<\/strong> soothes and maintains the appropriate level of moisture.<\/p>\n<p data-start=\"725\" data-end=\"792\">The result? A healthier scalp and stronger, more resistant hair.<\/p>\n<p data-start=\"794\" data-end=\"1114\"><strong data-start=\"797\" data-end=\"808\">Smell:<\/strong> subtle, spicy orange \u2013 adds energy with every use.<br data-start=\"875\" data-end=\"878\" \/><strong data-start=\"881\" data-end=\"891\">Attention:<\/strong> The lotion has a strong warming effect. Perform an allergy test before first use. Slight skin redness after application is a natural reaction that may subside over time. The product does not affect hair color.<\/p>\n<div id=\"attachment_6749\" style=\"width: 970px\" class=\"wp-caption aligncenter\"><img aria-describedby=\"caption-attachment-6749\" fetchpriority=\"high\" decoding=\"async\" class=\"size-large wp-image-6749\" src=\"https:\/\/pitaya.no\/wp-content\/uploads\/2025\/10\/on-fire-sweet-cleans-1024x1024.jpg\" alt=\"HAIRMOJI On Fire wcierka rozgrzewaj\u0105ca, 100 ml - Hairy Tale Cosmetics\" width=\"960\" height=\"960\" srcset=\"https:\/\/pitaya.no\/wp-content\/uploads\/2025\/10\/on-fire-sweet-cleans-1024x1024.jpg 1024w, https:\/\/pitaya.no\/wp-content\/uploads\/2025\/10\/on-fire-sweet-cleans-300x300.jpg 300w, https:\/\/pitaya.no\/wp-content\/uploads\/2025\/10\/on-fire-sweet-cleans-150x150.jpg 150w, https:\/\/pitaya.no\/wp-content\/uploads\/2025\/10\/on-fire-sweet-cleans-768x768.jpg 768w, https:\/\/pitaya.no\/wp-content\/uploads\/2025\/10\/on-fire-sweet-cleans-1536x1536.jpg 1536w, https:\/\/pitaya.no\/wp-content\/uploads\/2025\/10\/on-fire-sweet-cleans-12x12.jpg 12w, https:\/\/pitaya.no\/wp-content\/uploads\/2025\/10\/on-fire-sweet-cleans-450x450.jpg 450w, https:\/\/pitaya.no\/wp-content\/uploads\/2025\/10\/on-fire-sweet-cleans-90x90.jpg 90w, https:\/\/pitaya.no\/wp-content\/uploads\/2025\/10\/on-fire-sweet-cleans-600x600.jpg 600w, https:\/\/pitaya.no\/wp-content\/uploads\/2025\/10\/on-fire-sweet-cleans-54x54.jpg 54w, https:\/\/pitaya.no\/wp-content\/uploads\/2025\/10\/on-fire-sweet-cleans-50x50.jpg 50w, https:\/\/pitaya.no\/wp-content\/uploads\/2025\/10\/on-fire-sweet-cleans-100x100.jpg 100w, https:\/\/pitaya.no\/wp-content\/uploads\/2025\/10\/on-fire-sweet-cleans-64x64.jpg 64w, https:\/\/pitaya.no\/wp-content\/uploads\/2025\/10\/on-fire-sweet-cleans.jpg 1615w\" sizes=\"(max-width: 960px) 100vw, 960px\" \/><p id=\"caption-attachment-6749\" class=\"wp-caption-text\">HAIRMOJI On Fire Warming Lotion, 100 ml \u2013 Hairy Tale Cosmetics<\/p><\/div>\n<p><strong>How to use<\/strong>: Apply a small amount to the scalp 30 minutes before washing. Massage in gently. Avoid contact with eyes; if product gets into eyes, rinse thoroughly with water. The warming effect may lessen over time; this is a normal phenomenon as skin receptors become accustomed.<\/p>\n<p><em><b><span style=\"font-weight: 400;\"><strong>Composition:<\/strong> Aqua, Propanediol, Glycerin, Cochlearia Armoracia Root Extract, Saccharide Isomerate, Niacinamide, Piper Nigrum (Pepper) Seed Extract, Zingiber Officinale (Ginger) Root Extract, Elettaria Cardamomum Seed Extract, Theobroma Cacao (Cocoa) Shell Extract, Biotinoyl Tripeptide-1, Trehalose, Vanillyl Butyl Ether, Betaine, Sorbitol, Panthenol, Trisodium Ethylenediamine Disuccinate, Polysorbate 20, Polyglyceryl-6 Caprylate, Polyglyceryl-4 Caprate, Propylene Glycol, Potassium Sorbate, Citric Acid, Sodium Citrate, Caprylyl Glycol, Sodium Levulinate, Ethylhexylglycerin, Parfum, Limonene, Geraniol, Eugenol, Coumarin.<\/span><\/b><\/em><\/p>\n<p>&nbsp;<\/p>","protected":false},"excerpt":{"rendered":"<p><strong data-start=\"104\" data-end=\"160\">Warming hair lotion with horseradish and ginger<\/strong> It stimulates hair follicles, strengthens hair, and supports growth. HotFlux\u00ae provides pleasant warmth and better absorption of active ingredients, while the spicy orange scent enhances the care ritual.<\/p>\n<p><strong>Capacity 100 ml<\/strong><\/p>","protected":false},"featured_media":6750,"template":"","meta":{"_themeisle_gutenberg_block_has_review":false},"product_cat":[324,326],"product_tag":[],"berocket_brand":[309],"yoast_head":"<!-- This site is optimized with the Yoast SEO Premium plugin v21.2 (Yoast SEO v21.5) - https:\/\/yoast.com\/wordpress\/plugins\/seo\/ -->\n<title>HAIRMOJI On Fire wcierka rozgrzewaj\u0105ca, 100 ml - Hairy Tale Cosmetics<\/title>\n<meta name=\"description\" content=\"Rozgrzewaj\u0105ca wcierka do w\u0142os\u00f3w z chrzanem, imbirem i HotFlux\u00ae. Pobudza cebulki, wzmacnia w\u0142osy i pachnie korzenn\u0105 pomara\u0144cz\u0105.\" \/>\n<meta name=\"robots\" content=\"index, follow, max-snippet:-1, max-image-preview:large, max-video-preview:-1\" \/>\n<link rel=\"canonical\" href=\"https:\/\/pitaya.no\/en\/product\/hairmoji-on-fire-wcierka-rozgrzewajaca-100-ml-hairy-tale-cosmetics\/\" \/>\n<meta property=\"og:locale\" content=\"en_GB\" \/>\n<meta property=\"og:type\" content=\"article\" \/>\n<meta property=\"og:title\" content=\"HAIRMOJI On Fire wcierka rozgrzewaj\u0105ca, 100 ml - Hairy Tale Cosmetics\" \/>\n<meta property=\"og:description\" content=\"Rozgrzewaj\u0105ca wcierka do w\u0142os\u00f3w z chrzanem, imbirem i HotFlux\u00ae. Pobudza cebulki, wzmacnia w\u0142osy i pachnie korzenn\u0105 pomara\u0144cz\u0105.\" \/>\n<meta property=\"og:url\" content=\"https:\/\/pitaya.no\/en\/product\/hairmoji-on-fire-wcierka-rozgrzewajaca-100-ml-hairy-tale-cosmetics\/\" \/>\n<meta property=\"og:site_name\" content=\"Pitaya.no\" \/>\n<meta property=\"article:publisher\" content=\"https:\/\/www.facebook.com\/Pitaya.no\" \/>\n<meta property=\"article:modified_time\" content=\"2026-02-12T16:16:24+00:00\" \/>\n<meta property=\"og:image\" content=\"https:\/\/pitaya.no\/wp-content\/uploads\/2025\/10\/onfire12.jpg\" \/>\n\t<meta property=\"og:image:width\" content=\"599\" \/>\n\t<meta property=\"og:image:height\" content=\"599\" \/>\n\t<meta property=\"og:image:type\" content=\"image\/jpeg\" \/>\n<meta name=\"twitter:card\" content=\"summary_large_image\" \/>\n<meta name=\"twitter:label1\" content=\"Estimated reading time\" \/>\n\t<meta name=\"twitter:data1\" content=\"2 minutes\" \/>\n<script type=\"application\/ld+json\" class=\"yoast-schema-graph\">{\"@context\":\"https:\/\/schema.org\",\"@graph\":[{\"@type\":\"WebPage\",\"@id\":\"https:\/\/pitaya.no\/produkt\/hairmoji-on-fire-wcierka-rozgrzewajaca-100-ml-hairy-tale-cosmetics\/\",\"url\":\"https:\/\/pitaya.no\/produkt\/hairmoji-on-fire-wcierka-rozgrzewajaca-100-ml-hairy-tale-cosmetics\/\",\"name\":\"HAIRMOJI On Fire wcierka rozgrzewaj\u0105ca, 100 ml - Hairy Tale Cosmetics\",\"isPartOf\":{\"@id\":\"https:\/\/pitaya.no\/#website\"},\"datePublished\":\"2025-10-27T20:37:43+00:00\",\"dateModified\":\"2026-02-12T16:16:24+00:00\",\"description\":\"Rozgrzewaj\u0105ca wcierka do w\u0142os\u00f3w z chrzanem, imbirem i HotFlux\u00ae. Pobudza cebulki, wzmacnia w\u0142osy i pachnie korzenn\u0105 pomara\u0144cz\u0105.\",\"breadcrumb\":{\"@id\":\"https:\/\/pitaya.no\/produkt\/hairmoji-on-fire-wcierka-rozgrzewajaca-100-ml-hairy-tale-cosmetics\/#breadcrumb\"},\"inLanguage\":\"en-GB\",\"potentialAction\":[{\"@type\":\"ReadAction\",\"target\":[\"https:\/\/pitaya.no\/produkt\/hairmoji-on-fire-wcierka-rozgrzewajaca-100-ml-hairy-tale-cosmetics\/\"]}]},{\"@type\":\"BreadcrumbList\",\"@id\":\"https:\/\/pitaya.no\/produkt\/hairmoji-on-fire-wcierka-rozgrzewajaca-100-ml-hairy-tale-cosmetics\/#breadcrumb\",\"itemListElement\":[{\"@type\":\"ListItem\",\"position\":1,\"name\":\"Strona g\u0142\u00f3wna\",\"item\":\"https:\/\/pitaya.no\/\"},{\"@type\":\"ListItem\",\"position\":2,\"name\":\"Sklep\",\"item\":\"https:\/\/pitaya.no\/sklep\/\"},{\"@type\":\"ListItem\",\"position\":3,\"name\":\"HAIRMOJI On Fire wcierka rozgrzewaj\u0105ca, 100 ml &#8211; Hairy Tale Cosmetics\"}]},{\"@type\":\"WebSite\",\"@id\":\"https:\/\/pitaya.no\/#website\",\"url\":\"https:\/\/pitaya.no\/\",\"name\":\"Pitaya.no\",\"description\":\"Polska drogeria ekologiczna w Norwegii\",\"potentialAction\":[{\"@type\":\"SearchAction\",\"target\":{\"@type\":\"EntryPoint\",\"urlTemplate\":\"https:\/\/pitaya.no\/?s={search_term_string}\"},\"query-input\":\"required name=search_term_string\"}],\"inLanguage\":\"en-GB\"}]}<\/script>\n<!-- \/ Yoast SEO Premium plugin. -->","yoast_head_json":{"title":"HAIRMOJI On Fire Warming Lotion, 100 ml - Hairy Tale Cosmetics","description":"Rozgrzewaj\u0105ca wcierka do w\u0142os\u00f3w z chrzanem, imbirem i HotFlux\u00ae. Pobudza cebulki, wzmacnia w\u0142osy i pachnie korzenn\u0105 pomara\u0144cz\u0105.","robots":{"index":"index","follow":"follow","max-snippet":"max-snippet:-1","max-image-preview":"max-image-preview:large","max-video-preview":"max-video-preview:-1"},"canonical":"https:\/\/pitaya.no\/en\/product\/hairmoji-on-fire-wcierka-rozgrzewajaca-100-ml-hairy-tale-cosmetics\/","og_locale":"en_GB","og_type":"article","og_title":"HAIRMOJI On Fire wcierka rozgrzewaj\u0105ca, 100 ml - Hairy Tale Cosmetics","og_description":"Rozgrzewaj\u0105ca wcierka do w\u0142os\u00f3w z chrzanem, imbirem i HotFlux\u00ae. Pobudza cebulki, wzmacnia w\u0142osy i pachnie korzenn\u0105 pomara\u0144cz\u0105.","og_url":"https:\/\/pitaya.no\/en\/product\/hairmoji-on-fire-wcierka-rozgrzewajaca-100-ml-hairy-tale-cosmetics\/","og_site_name":"Pitaya.no","article_publisher":"https:\/\/www.facebook.com\/Pitaya.no","article_modified_time":"2026-02-12T16:16:24+00:00","og_image":[{"width":599,"height":599,"url":"https:\/\/pitaya.no\/wp-content\/uploads\/2025\/10\/onfire12.jpg","type":"image\/jpeg"}],"twitter_card":"summary_large_image","twitter_misc":{"Estimated reading time":"2 minutes"},"schema":{"@context":"https:\/\/schema.org","@graph":[{"@type":"WebPage","@id":"https:\/\/pitaya.no\/produkt\/hairmoji-on-fire-wcierka-rozgrzewajaca-100-ml-hairy-tale-cosmetics\/","url":"https:\/\/pitaya.no\/produkt\/hairmoji-on-fire-wcierka-rozgrzewajaca-100-ml-hairy-tale-cosmetics\/","name":"HAIRMOJI On Fire Warming Lotion, 100 ml - Hairy Tale Cosmetics","isPartOf":{"@id":"https:\/\/pitaya.no\/#website"},"datePublished":"2025-10-27T20:37:43+00:00","dateModified":"2026-02-12T16:16:24+00:00","description":"Rozgrzewaj\u0105ca wcierka do w\u0142os\u00f3w z chrzanem, imbirem i HotFlux\u00ae. Pobudza cebulki, wzmacnia w\u0142osy i pachnie korzenn\u0105 pomara\u0144cz\u0105.","breadcrumb":{"@id":"https:\/\/pitaya.no\/produkt\/hairmoji-on-fire-wcierka-rozgrzewajaca-100-ml-hairy-tale-cosmetics\/#breadcrumb"},"inLanguage":"en-GB","potentialAction":[{"@type":"ReadAction","target":["https:\/\/pitaya.no\/produkt\/hairmoji-on-fire-wcierka-rozgrzewajaca-100-ml-hairy-tale-cosmetics\/"]}]},{"@type":"BreadcrumbList","@id":"https:\/\/pitaya.no\/produkt\/hairmoji-on-fire-wcierka-rozgrzewajaca-100-ml-hairy-tale-cosmetics\/#breadcrumb","itemListElement":[{"@type":"ListItem","position":1,"name":"Strona g\u0142\u00f3wna","item":"https:\/\/pitaya.no\/"},{"@type":"ListItem","position":2,"name":"Sklep","item":"https:\/\/pitaya.no\/sklep\/"},{"@type":"ListItem","position":3,"name":"HAIRMOJI On Fire wcierka rozgrzewaj\u0105ca, 100 ml &#8211; Hairy Tale Cosmetics"}]},{"@type":"WebSite","@id":"https:\/\/pitaya.no\/#website","url":"https:\/\/pitaya.no\/","name":"Pitaya.no","description":"Polish organic drugstore in Norway","potentialAction":[{"@type":"SearchAction","target":{"@type":"EntryPoint","urlTemplate":"https:\/\/pitaya.no\/?s={search_term_string}"},"query-input":"required name=search_term_string"}],"inLanguage":"en-GB"}]}},"_links":{"self":[{"href":"https:\/\/pitaya.no\/en\/wp-json\/wp\/v2\/product\/6746"}],"collection":[{"href":"https:\/\/pitaya.no\/en\/wp-json\/wp\/v2\/product"}],"about":[{"href":"https:\/\/pitaya.no\/en\/wp-json\/wp\/v2\/types\/product"}],"wp:featuredmedia":[{"embeddable":true,"href":"https:\/\/pitaya.no\/en\/wp-json\/wp\/v2\/media\/6750"}],"wp:attachment":[{"href":"https:\/\/pitaya.no\/en\/wp-json\/wp\/v2\/media?parent=6746"}],"wp:term":[{"taxonomy":"product_cat","embeddable":true,"href":"https:\/\/pitaya.no\/en\/wp-json\/wp\/v2\/product_cat?post=6746"},{"taxonomy":"product_tag","embeddable":true,"href":"https:\/\/pitaya.no\/en\/wp-json\/wp\/v2\/product_tag?post=6746"},{"taxonomy":"berocket_brand","embeddable":true,"href":"https:\/\/pitaya.no\/en\/wp-json\/wp\/v2\/berocket_brand?post=6746"}],"curies":[{"name":"wp","href":"https:\/\/api.w.org\/{rel}","templated":true}]}}