{"id":6740,"date":"2025-10-27T20:19:22","date_gmt":"2025-10-27T20:19:22","guid":{"rendered":"https:\/\/pitaya.no\/?post_type=product&#038;p=6740"},"modified":"2026-02-18T21:32:50","modified_gmt":"2026-02-18T21:32:50","slug":"hairmoji-sweet-cleans-szampon-lagodny-240-ml-hairy-tale-cosmetics","status":"publish","type":"product","link":"https:\/\/pitaya.no\/en\/product\/hairmoji-sweet-cleans-szampon-lagodny-240-ml-hairy-tale-cosmetics\/","title":{"rendered":"HAIRMOJI Sweet Cleans shampoo, mild, 240 ml \u2013 Hairy Tale Cosmetics"},"content":{"rendered":"<h1>HAIRMOJI Sweet Cleans shampoo, mild, 240 ml \u2013 Hairy Tale Cosmetics<\/h1>\n<p data-start=\"226\" data-end=\"386\">Looking for a daily shampoo that truly does it all\u2014cleans thoroughly, soothes the scalp, and adds volume to the roots? <strong data-start=\"353\" data-end=\"369\">Sweet Cleans<\/strong> that&#039;s him.<\/p>\n<p data-start=\"388\" data-end=\"526\">Its delicate formula was created for sensitive scalp and hair that needs lightness and freshness every day.<\/p>\n<p data-start=\"528\" data-end=\"796\"><strong data-start=\"531\" data-end=\"569\">Pentavitin\u00ae (saccharide isomerate)<\/strong> \u2014 Intensively moisturizes and soothes irritation. Reduces flaking and itching of the scalp, reduces sensitivity and redness. Ideally balances dryness after AHA treatments (e.g., acid peels).<\/p>\n<p data-start=\"798\" data-end=\"887\"><strong data-start=\"801\" data-end=\"823\">Basil extract<\/strong> \u2014 has a soothing, toning effect and restores comfort to the scalp.<\/p>\n<p data-start=\"889\" data-end=\"1027\"><strong data-start=\"892\" data-end=\"902\">Smell<\/strong> \u2014 The sweet, juicy aroma of canned peaches in syrup makes every Sweet Cleans\u00ae hairspray a true pleasure.<\/p>\n<p data-start=\"1029\" data-end=\"1121\">Effect? <strong data-start=\"1036\" data-end=\"1119\">Clean, light hair full of volume and a healthy-looking, soothed scalp.<\/strong><\/p>\n<ul>\n<li>For everyday use<\/li>\n<li>Suitable for sensitive scalp<\/li>\n<li>For all hair types<\/li>\n<\/ul>\n<p><span style=\"font-weight: 400;\"><strong>How to use<\/strong>: Apply a small amount of product to your scalp and hair, or mix a small amount with water and lather. Massage into your scalp and apply the resulting lather to the rest of your hair. Rinse thoroughly. Repeat if necessary.<br \/>\n<\/span><\/p>\n<p><b><span style=\"font-weight: 400;\"><strong>Composition:<\/strong> Aqua, Sodium Lauroyl Methyl Isethionate, Coco-Glucoside, Propanediol, Sodium Methyl Cocoyl Taurate, Xanthan Gum, Ocimum Basilicum (Basil) Leaf Extract, Saccharide Isomerate, Biosaccharide Gum-1, Polyglyceryl-6 Caprylate, Polyglyceryl-4 Caprate, Glycerin, Guar Hydroxypropyltrimonium Chloride, Trisodium Ethylenediamine Disuccinate, Benzyl Alcohol, Sodium Benzoate, Dehydroacetic Acid, Citric Acid, Phenoxyethanol, Sodium Citrate, Sodium Chloride, Parfum.<br \/>\n<\/span><\/b><\/p>\n<p>&nbsp;<\/p>\n<p>&nbsp;<\/p>","protected":false},"excerpt":{"rendered":"<p><strong data-start=\"83\" data-end=\"99\">Sweet Cleans<\/strong> This gentle daily shampoo effectively cleanses hair and soothes sensitive scalp. Thanks to Pentavitin\u00ae and basil extract, it moisturizes, reduces irritation, and adds volume. It envelops the hair in a sweet, syrupy peach scent.<\/p>\n<p><strong>Capacity 240 ml<\/strong><\/p>","protected":false},"featured_media":6742,"template":"","meta":{"_themeisle_gutenberg_block_has_review":false},"product_cat":[311,314],"product_tag":[],"berocket_brand":[309],"yoast_head":"<!-- This site is optimized with the Yoast SEO Premium plugin v21.2 (Yoast SEO v21.5) - https:\/\/yoast.com\/wordpress\/plugins\/seo\/ -->\n<title>HAIRMOJI Sweet Cleans szampon \u0142agodny, 240 ml - Hairy Tale Cosmetics<\/title>\n<meta name=\"description\" content=\"Sweet Cleans to \u0142agodny szampon, kt\u00f3ry oczyszcza, koi sk\u00f3r\u0119 g\u0142owy i dodaje obj\u0119to\u015bci. Nawil\u017cenie, \u015bwie\u017co\u015b\u0107 i zapach brzoskwi\u0144 w jednym.\" \/>\n<meta name=\"robots\" content=\"index, follow, max-snippet:-1, max-image-preview:large, max-video-preview:-1\" \/>\n<link rel=\"canonical\" href=\"https:\/\/pitaya.no\/en\/product\/hairmoji-sweet-cleans-szampon-lagodny-240-ml-hairy-tale-cosmetics\/\" \/>\n<meta property=\"og:locale\" content=\"en_GB\" \/>\n<meta property=\"og:type\" content=\"article\" \/>\n<meta property=\"og:title\" content=\"HAIRMOJI Sweet Cleans szampon \u0142agodny, 240 ml - Hairy Tale Cosmetics\" \/>\n<meta property=\"og:description\" content=\"Sweet Cleans to \u0142agodny szampon, kt\u00f3ry oczyszcza, koi sk\u00f3r\u0119 g\u0142owy i dodaje obj\u0119to\u015bci. Nawil\u017cenie, \u015bwie\u017co\u015b\u0107 i zapach brzoskwi\u0144 w jednym.\" \/>\n<meta property=\"og:url\" content=\"https:\/\/pitaya.no\/en\/product\/hairmoji-sweet-cleans-szampon-lagodny-240-ml-hairy-tale-cosmetics\/\" \/>\n<meta property=\"og:site_name\" content=\"Pitaya.no\" \/>\n<meta property=\"article:publisher\" content=\"https:\/\/www.facebook.com\/Pitaya.no\" \/>\n<meta property=\"article:modified_time\" content=\"2026-02-18T21:32:50+00:00\" \/>\n<meta property=\"og:image\" content=\"https:\/\/pitaya.no\/wp-content\/uploads\/2025\/10\/sweetcleans.jpg\" \/>\n\t<meta property=\"og:image:width\" content=\"600\" \/>\n\t<meta property=\"og:image:height\" content=\"600\" \/>\n\t<meta property=\"og:image:type\" content=\"image\/jpeg\" \/>\n<meta name=\"twitter:card\" content=\"summary_large_image\" \/>\n<meta name=\"twitter:label1\" content=\"Estimated reading time\" \/>\n\t<meta name=\"twitter:data1\" content=\"2 minutes\" \/>\n<script type=\"application\/ld+json\" class=\"yoast-schema-graph\">{\"@context\":\"https:\/\/schema.org\",\"@graph\":[{\"@type\":\"WebPage\",\"@id\":\"https:\/\/pitaya.no\/produkt\/hairmoji-sweet-cleans-szampon-lagodny-240-ml-hairy-tale-cosmetics\/\",\"url\":\"https:\/\/pitaya.no\/produkt\/hairmoji-sweet-cleans-szampon-lagodny-240-ml-hairy-tale-cosmetics\/\",\"name\":\"HAIRMOJI Sweet Cleans szampon \u0142agodny, 240 ml - Hairy Tale Cosmetics\",\"isPartOf\":{\"@id\":\"https:\/\/pitaya.no\/#website\"},\"datePublished\":\"2025-10-27T20:19:22+00:00\",\"dateModified\":\"2026-02-18T21:32:50+00:00\",\"description\":\"Sweet Cleans to \u0142agodny szampon, kt\u00f3ry oczyszcza, koi sk\u00f3r\u0119 g\u0142owy i dodaje obj\u0119to\u015bci. Nawil\u017cenie, \u015bwie\u017co\u015b\u0107 i zapach brzoskwi\u0144 w jednym.\",\"breadcrumb\":{\"@id\":\"https:\/\/pitaya.no\/produkt\/hairmoji-sweet-cleans-szampon-lagodny-240-ml-hairy-tale-cosmetics\/#breadcrumb\"},\"inLanguage\":\"en-GB\",\"potentialAction\":[{\"@type\":\"ReadAction\",\"target\":[\"https:\/\/pitaya.no\/produkt\/hairmoji-sweet-cleans-szampon-lagodny-240-ml-hairy-tale-cosmetics\/\"]}]},{\"@type\":\"BreadcrumbList\",\"@id\":\"https:\/\/pitaya.no\/produkt\/hairmoji-sweet-cleans-szampon-lagodny-240-ml-hairy-tale-cosmetics\/#breadcrumb\",\"itemListElement\":[{\"@type\":\"ListItem\",\"position\":1,\"name\":\"Strona g\u0142\u00f3wna\",\"item\":\"https:\/\/pitaya.no\/\"},{\"@type\":\"ListItem\",\"position\":2,\"name\":\"Sklep\",\"item\":\"https:\/\/pitaya.no\/sklep\/\"},{\"@type\":\"ListItem\",\"position\":3,\"name\":\"HAIRMOJI Sweet Cleans szampon \u0142agodny, 240 ml &#8211; Hairy Tale Cosmetics\"}]},{\"@type\":\"WebSite\",\"@id\":\"https:\/\/pitaya.no\/#website\",\"url\":\"https:\/\/pitaya.no\/\",\"name\":\"Pitaya.no\",\"description\":\"Polska drogeria ekologiczna w Norwegii\",\"potentialAction\":[{\"@type\":\"SearchAction\",\"target\":{\"@type\":\"EntryPoint\",\"urlTemplate\":\"https:\/\/pitaya.no\/?s={search_term_string}\"},\"query-input\":\"required name=search_term_string\"}],\"inLanguage\":\"en-GB\"}]}<\/script>\n<!-- \/ Yoast SEO Premium plugin. -->","yoast_head_json":{"title":"HAIRMOJI Sweet Cleans shampoo, mild, 240 ml - Hairy Tale Cosmetics","description":"Sweet Cleans to \u0142agodny szampon, kt\u00f3ry oczyszcza, koi sk\u00f3r\u0119 g\u0142owy i dodaje obj\u0119to\u015bci. Nawil\u017cenie, \u015bwie\u017co\u015b\u0107 i zapach brzoskwi\u0144 w jednym.","robots":{"index":"index","follow":"follow","max-snippet":"max-snippet:-1","max-image-preview":"max-image-preview:large","max-video-preview":"max-video-preview:-1"},"canonical":"https:\/\/pitaya.no\/en\/product\/hairmoji-sweet-cleans-szampon-lagodny-240-ml-hairy-tale-cosmetics\/","og_locale":"en_GB","og_type":"article","og_title":"HAIRMOJI Sweet Cleans szampon \u0142agodny, 240 ml - Hairy Tale Cosmetics","og_description":"Sweet Cleans to \u0142agodny szampon, kt\u00f3ry oczyszcza, koi sk\u00f3r\u0119 g\u0142owy i dodaje obj\u0119to\u015bci. Nawil\u017cenie, \u015bwie\u017co\u015b\u0107 i zapach brzoskwi\u0144 w jednym.","og_url":"https:\/\/pitaya.no\/en\/product\/hairmoji-sweet-cleans-szampon-lagodny-240-ml-hairy-tale-cosmetics\/","og_site_name":"Pitaya.no","article_publisher":"https:\/\/www.facebook.com\/Pitaya.no","article_modified_time":"2026-02-18T21:32:50+00:00","og_image":[{"width":600,"height":600,"url":"https:\/\/pitaya.no\/wp-content\/uploads\/2025\/10\/sweetcleans.jpg","type":"image\/jpeg"}],"twitter_card":"summary_large_image","twitter_misc":{"Estimated reading time":"2 minutes"},"schema":{"@context":"https:\/\/schema.org","@graph":[{"@type":"WebPage","@id":"https:\/\/pitaya.no\/produkt\/hairmoji-sweet-cleans-szampon-lagodny-240-ml-hairy-tale-cosmetics\/","url":"https:\/\/pitaya.no\/produkt\/hairmoji-sweet-cleans-szampon-lagodny-240-ml-hairy-tale-cosmetics\/","name":"HAIRMOJI Sweet Cleans shampoo, mild, 240 ml - Hairy Tale Cosmetics","isPartOf":{"@id":"https:\/\/pitaya.no\/#website"},"datePublished":"2025-10-27T20:19:22+00:00","dateModified":"2026-02-18T21:32:50+00:00","description":"Sweet Cleans to \u0142agodny szampon, kt\u00f3ry oczyszcza, koi sk\u00f3r\u0119 g\u0142owy i dodaje obj\u0119to\u015bci. Nawil\u017cenie, \u015bwie\u017co\u015b\u0107 i zapach brzoskwi\u0144 w jednym.","breadcrumb":{"@id":"https:\/\/pitaya.no\/produkt\/hairmoji-sweet-cleans-szampon-lagodny-240-ml-hairy-tale-cosmetics\/#breadcrumb"},"inLanguage":"en-GB","potentialAction":[{"@type":"ReadAction","target":["https:\/\/pitaya.no\/produkt\/hairmoji-sweet-cleans-szampon-lagodny-240-ml-hairy-tale-cosmetics\/"]}]},{"@type":"BreadcrumbList","@id":"https:\/\/pitaya.no\/produkt\/hairmoji-sweet-cleans-szampon-lagodny-240-ml-hairy-tale-cosmetics\/#breadcrumb","itemListElement":[{"@type":"ListItem","position":1,"name":"Strona g\u0142\u00f3wna","item":"https:\/\/pitaya.no\/"},{"@type":"ListItem","position":2,"name":"Sklep","item":"https:\/\/pitaya.no\/sklep\/"},{"@type":"ListItem","position":3,"name":"HAIRMOJI Sweet Cleans szampon \u0142agodny, 240 ml &#8211; Hairy Tale Cosmetics"}]},{"@type":"WebSite","@id":"https:\/\/pitaya.no\/#website","url":"https:\/\/pitaya.no\/","name":"Pitaya.no","description":"Polish organic drugstore in Norway","potentialAction":[{"@type":"SearchAction","target":{"@type":"EntryPoint","urlTemplate":"https:\/\/pitaya.no\/?s={search_term_string}"},"query-input":"required name=search_term_string"}],"inLanguage":"en-GB"}]}},"_links":{"self":[{"href":"https:\/\/pitaya.no\/en\/wp-json\/wp\/v2\/product\/6740"}],"collection":[{"href":"https:\/\/pitaya.no\/en\/wp-json\/wp\/v2\/product"}],"about":[{"href":"https:\/\/pitaya.no\/en\/wp-json\/wp\/v2\/types\/product"}],"wp:featuredmedia":[{"embeddable":true,"href":"https:\/\/pitaya.no\/en\/wp-json\/wp\/v2\/media\/6742"}],"wp:attachment":[{"href":"https:\/\/pitaya.no\/en\/wp-json\/wp\/v2\/media?parent=6740"}],"wp:term":[{"taxonomy":"product_cat","embeddable":true,"href":"https:\/\/pitaya.no\/en\/wp-json\/wp\/v2\/product_cat?post=6740"},{"taxonomy":"product_tag","embeddable":true,"href":"https:\/\/pitaya.no\/en\/wp-json\/wp\/v2\/product_tag?post=6740"},{"taxonomy":"berocket_brand","embeddable":true,"href":"https:\/\/pitaya.no\/en\/wp-json\/wp\/v2\/berocket_brand?post=6740"}],"curies":[{"name":"wp","href":"https:\/\/api.w.org\/{rel}","templated":true}]}}