{"id":6735,"date":"2025-10-26T11:26:40","date_gmt":"2025-10-26T11:26:40","guid":{"rendered":"https:\/\/pitaya.no\/?post_type=product&#038;p=6735"},"modified":"2026-02-20T14:13:46","modified_gmt":"2026-02-20T14:13:46","slug":"hairmoji-sour-power-szampon-mocny-240-ml-hairy-tale-cosmetics","status":"publish","type":"product","link":"https:\/\/pitaya.no\/en\/product\/hairmoji-sour-power-szampon-mocny-240-ml-hairy-tale-cosmetics\/","title":{"rendered":"HAIRMOJI Sour Power Strong Shampoo, 240 ml \u2013 Hairy Tale Cosmetics"},"content":{"rendered":"<h1>HAIRMOJI Sour Power Strong Shampoo, 240 ml \u2013 Hairy Tale Cosmetics<\/h1>\n<p data-start=\"273\" data-end=\"465\">Want your masks and conditioners to work even better? Start with the basics\u2014 <strong data-start=\"348\" data-end=\"395\">thoroughly cleansed scalp and hair<\/strong>.<br data-start=\"396\" data-end=\"399\" \/>Shampoo <strong data-start=\"407\" data-end=\"421\">Sour Power<\/strong> this is your acidic power in hair care!<\/p>\n<p data-start=\"467\" data-end=\"721\">Contains <strong data-start=\"475\" data-end=\"523\">stronger detergents and chelating complex<\/strong>, which effectively remove mineral deposits from hard water, buildup, and styling residue. This leaves hair feeling light, lifted at the roots, and perfectly prepared for subsequent care steps.<\/p>\n<p data-start=\"723\" data-end=\"842\">But it&#039;s not just a &quot;ripper&quot;!\u00a0<br data-start=\"752\" data-end=\"755\" \/>The formula has been balanced with ingredients <strong data-start=\"796\" data-end=\"839\">soothing and moisturizing the scalp<\/strong>:<\/p>\n<ul data-start=\"843\" data-end=\"1276\">\n<li data-start=\"843\" data-end=\"944\">\n<p data-start=\"845\" data-end=\"944\"><strong data-start=\"845\" data-end=\"856\">Inulin<\/strong> \u2013 a natural prebiotic that supports the scalp microbiota, soothes and relieves irritation.<\/p>\n<\/li>\n<li data-start=\"945\" data-end=\"1098\">\n<p data-start=\"947\" data-end=\"1098\"><strong data-start=\"947\" data-end=\"985\">Pentavitin\u00ae (saccharide isomerate)<\/strong> \u2013 intensively moisturizes, reduces dryness, flaking and itching, and minimizes redness.<\/p>\n<\/li>\n<li data-start=\"1099\" data-end=\"1276\">\n<p data-start=\"1101\" data-end=\"1276\"><strong data-start=\"1101\" data-end=\"1133\">KERASCALP\u2122 (amla extract)<\/strong> \u2013 revitalizes the scalp, protects hair follicles from weakening, supports healthy hair growth and gives them shine, fluidity and volume.<\/p>\n<\/li>\n<\/ul>\n<p data-start=\"1278\" data-end=\"1473\">Effect? <strong data-start=\"1285\" data-end=\"1322\">Fresh, light, and vibrant hair<\/strong> and a healthy, soothed scalp.<br data-start=\"1353\" data-end=\"1356\" \/>Additionally energizing <strong data-start=\"1381\" data-end=\"1412\">lemon and bergamot aroma<\/strong> makes every wash a pleasant, refreshing ritual.<\/p>\n<p data-start=\"1480\" data-end=\"1752\"><strong data-start=\"1480\" data-end=\"1493\">For whom:<\/strong> for all hair types, especially those requiring thorough cleansing and volume.<br data-start=\"1588\" data-end=\"1591\" \/><strong data-start=\"1591\" data-end=\"1610\">When to use:<\/strong> every few washes or whenever you feel your hair needs a reboot.<br data-start=\"1684\" data-end=\"1687\" \/><strong data-start=\"1687\" data-end=\"1697\">Effect:<\/strong> freshness, reflection, shine and readiness for #efekttafli<\/p>\n<p><span style=\"font-weight: 400;\"><strong>How to use<\/strong>: Apply a small amount to your scalp and hair, or mix a small amount with water and lather. Massage into your scalp, then apply the lather to the rest of your hair. Rinse thoroughly. Repeat if necessary.<\/span><\/p>\n<p><em><b><span style=\"font-weight: 400;\"><strong>Composition:<\/strong> Aqua, Sodium Coco-Sulfate, Propanediol, Coco-Glucoside, Sodium Lauryl Glucose Carboxylate, Lauryl Glucoside, Xanthan Gum, Inulin, Saccharide Isomerate, Phyllanthus Emblica Fruit Extract, Trisodium Ethylenediamine Disuccinate, Glycerin, Biosaccharide Gum-1, Polyglyceryl-6 Caprylate, Polyglyceryl-4 Caprate, Guar Hydroxypropyltrimonium Chloride, Benzyl Alcohol, Sodium Citrate, Dehydroacetic Acid, Sorbic Acid, Citric Acid, Phenoxyethanol, Sodium Chloride, Benzyl Benzoate, Parfum, Limonene, Linalool.<\/span><\/b><\/em><\/p>\n<p>&nbsp;<\/p>","protected":false},"excerpt":{"rendered":"<p><strong data-start=\"84\" data-end=\"98\">Sour Power<\/strong> This cleansing shampoo with a chelating complex removes hard water deposits and adds volume and shine. Thanks to inulin, Pentavitin\u00ae, and KERASCALP\u2122, it soothes the scalp, moisturizes, and strengthens hair. The energizing scent of lemon and bergamot adds a freshness to every wash.<\/p>\n<p><strong>Capacity 240 ml<\/strong><\/p>","protected":false},"featured_media":6737,"template":"","meta":{"_themeisle_gutenberg_block_has_review":false},"product_cat":[311,312],"product_tag":[],"berocket_brand":[309],"yoast_head":"<!-- This site is optimized with the Yoast SEO Premium plugin v21.2 (Yoast SEO v21.5) - https:\/\/yoast.com\/wordpress\/plugins\/seo\/ -->\n<title>HAIRMOJI Sour Power szampon mocny, 240 ml - Hairy Tale Cosmetics<\/title>\n<meta name=\"description\" content=\"Szampon Sour Power skutecznie oczyszcza w\u0142osy i sk\u00f3r\u0119 g\u0142owy, dodaje obj\u0119to\u015bci i blasku. Z inulin\u0105, Pentavitin\u00ae i KERASCALP\u2122 dla #efekttafli.\" \/>\n<meta name=\"robots\" content=\"index, follow, max-snippet:-1, max-image-preview:large, max-video-preview:-1\" \/>\n<link rel=\"canonical\" href=\"https:\/\/pitaya.no\/en\/product\/hairmoji-sour-power-szampon-mocny-240-ml-hairy-tale-cosmetics\/\" \/>\n<meta property=\"og:locale\" content=\"en_GB\" \/>\n<meta property=\"og:type\" content=\"article\" \/>\n<meta property=\"og:title\" content=\"HAIRMOJI Sour Power szampon mocny, 240 ml - Hairy Tale Cosmetics\" \/>\n<meta property=\"og:description\" content=\"Szampon Sour Power skutecznie oczyszcza w\u0142osy i sk\u00f3r\u0119 g\u0142owy, dodaje obj\u0119to\u015bci i blasku. Z inulin\u0105, Pentavitin\u00ae i KERASCALP\u2122 dla #efekttafli.\" \/>\n<meta property=\"og:url\" content=\"https:\/\/pitaya.no\/en\/product\/hairmoji-sour-power-szampon-mocny-240-ml-hairy-tale-cosmetics\/\" \/>\n<meta property=\"og:site_name\" content=\"Pitaya.no\" \/>\n<meta property=\"article:publisher\" content=\"https:\/\/www.facebook.com\/Pitaya.no\" \/>\n<meta property=\"article:modified_time\" content=\"2026-02-20T14:13:46+00:00\" \/>\n<meta property=\"og:image\" content=\"https:\/\/pitaya.no\/wp-content\/uploads\/2025\/10\/sourpower.jpg\" \/>\n\t<meta property=\"og:image:width\" content=\"600\" \/>\n\t<meta property=\"og:image:height\" content=\"600\" \/>\n\t<meta property=\"og:image:type\" content=\"image\/jpeg\" \/>\n<meta name=\"twitter:card\" content=\"summary_large_image\" \/>\n<meta name=\"twitter:label1\" content=\"Estimated reading time\" \/>\n\t<meta name=\"twitter:data1\" content=\"2 minutes\" \/>\n<script type=\"application\/ld+json\" class=\"yoast-schema-graph\">{\"@context\":\"https:\/\/schema.org\",\"@graph\":[{\"@type\":\"WebPage\",\"@id\":\"https:\/\/pitaya.no\/produkt\/hairmoji-sour-power-szampon-mocny-240-ml-hairy-tale-cosmetics\/\",\"url\":\"https:\/\/pitaya.no\/produkt\/hairmoji-sour-power-szampon-mocny-240-ml-hairy-tale-cosmetics\/\",\"name\":\"HAIRMOJI Sour Power szampon mocny, 240 ml - Hairy Tale Cosmetics\",\"isPartOf\":{\"@id\":\"https:\/\/pitaya.no\/#website\"},\"datePublished\":\"2025-10-26T11:26:40+00:00\",\"dateModified\":\"2026-02-20T14:13:46+00:00\",\"description\":\"Szampon Sour Power skutecznie oczyszcza w\u0142osy i sk\u00f3r\u0119 g\u0142owy, dodaje obj\u0119to\u015bci i blasku. Z inulin\u0105, Pentavitin\u00ae i KERASCALP\u2122 dla #efekttafli.\",\"breadcrumb\":{\"@id\":\"https:\/\/pitaya.no\/produkt\/hairmoji-sour-power-szampon-mocny-240-ml-hairy-tale-cosmetics\/#breadcrumb\"},\"inLanguage\":\"en-GB\",\"potentialAction\":[{\"@type\":\"ReadAction\",\"target\":[\"https:\/\/pitaya.no\/produkt\/hairmoji-sour-power-szampon-mocny-240-ml-hairy-tale-cosmetics\/\"]}]},{\"@type\":\"BreadcrumbList\",\"@id\":\"https:\/\/pitaya.no\/produkt\/hairmoji-sour-power-szampon-mocny-240-ml-hairy-tale-cosmetics\/#breadcrumb\",\"itemListElement\":[{\"@type\":\"ListItem\",\"position\":1,\"name\":\"Strona g\u0142\u00f3wna\",\"item\":\"https:\/\/pitaya.no\/\"},{\"@type\":\"ListItem\",\"position\":2,\"name\":\"Sklep\",\"item\":\"https:\/\/pitaya.no\/sklep\/\"},{\"@type\":\"ListItem\",\"position\":3,\"name\":\"HAIRMOJI Sour Power szampon mocny, 240 ml &#8211; Hairy Tale Cosmetics\"}]},{\"@type\":\"WebSite\",\"@id\":\"https:\/\/pitaya.no\/#website\",\"url\":\"https:\/\/pitaya.no\/\",\"name\":\"Pitaya.no\",\"description\":\"Polska drogeria ekologiczna w Norwegii\",\"potentialAction\":[{\"@type\":\"SearchAction\",\"target\":{\"@type\":\"EntryPoint\",\"urlTemplate\":\"https:\/\/pitaya.no\/?s={search_term_string}\"},\"query-input\":\"required name=search_term_string\"}],\"inLanguage\":\"en-GB\"}]}<\/script>\n<!-- \/ Yoast SEO Premium plugin. -->","yoast_head_json":{"title":"HAIRMOJI Sour Power Strong Shampoo, 240 ml - Hairy Tale Cosmetics","description":"Szampon Sour Power skutecznie oczyszcza w\u0142osy i sk\u00f3r\u0119 g\u0142owy, dodaje obj\u0119to\u015bci i blasku. Z inulin\u0105, Pentavitin\u00ae i KERASCALP\u2122 dla #efekttafli.","robots":{"index":"index","follow":"follow","max-snippet":"max-snippet:-1","max-image-preview":"max-image-preview:large","max-video-preview":"max-video-preview:-1"},"canonical":"https:\/\/pitaya.no\/en\/product\/hairmoji-sour-power-szampon-mocny-240-ml-hairy-tale-cosmetics\/","og_locale":"en_GB","og_type":"article","og_title":"HAIRMOJI Sour Power szampon mocny, 240 ml - Hairy Tale Cosmetics","og_description":"Szampon Sour Power skutecznie oczyszcza w\u0142osy i sk\u00f3r\u0119 g\u0142owy, dodaje obj\u0119to\u015bci i blasku. Z inulin\u0105, Pentavitin\u00ae i KERASCALP\u2122 dla #efekttafli.","og_url":"https:\/\/pitaya.no\/en\/product\/hairmoji-sour-power-szampon-mocny-240-ml-hairy-tale-cosmetics\/","og_site_name":"Pitaya.no","article_publisher":"https:\/\/www.facebook.com\/Pitaya.no","article_modified_time":"2026-02-20T14:13:46+00:00","og_image":[{"width":600,"height":600,"url":"https:\/\/pitaya.no\/wp-content\/uploads\/2025\/10\/sourpower.jpg","type":"image\/jpeg"}],"twitter_card":"summary_large_image","twitter_misc":{"Estimated reading time":"2 minutes"},"schema":{"@context":"https:\/\/schema.org","@graph":[{"@type":"WebPage","@id":"https:\/\/pitaya.no\/produkt\/hairmoji-sour-power-szampon-mocny-240-ml-hairy-tale-cosmetics\/","url":"https:\/\/pitaya.no\/produkt\/hairmoji-sour-power-szampon-mocny-240-ml-hairy-tale-cosmetics\/","name":"HAIRMOJI Sour Power Strong Shampoo, 240 ml - Hairy Tale Cosmetics","isPartOf":{"@id":"https:\/\/pitaya.no\/#website"},"datePublished":"2025-10-26T11:26:40+00:00","dateModified":"2026-02-20T14:13:46+00:00","description":"Szampon Sour Power skutecznie oczyszcza w\u0142osy i sk\u00f3r\u0119 g\u0142owy, dodaje obj\u0119to\u015bci i blasku. Z inulin\u0105, Pentavitin\u00ae i KERASCALP\u2122 dla #efekttafli.","breadcrumb":{"@id":"https:\/\/pitaya.no\/produkt\/hairmoji-sour-power-szampon-mocny-240-ml-hairy-tale-cosmetics\/#breadcrumb"},"inLanguage":"en-GB","potentialAction":[{"@type":"ReadAction","target":["https:\/\/pitaya.no\/produkt\/hairmoji-sour-power-szampon-mocny-240-ml-hairy-tale-cosmetics\/"]}]},{"@type":"BreadcrumbList","@id":"https:\/\/pitaya.no\/produkt\/hairmoji-sour-power-szampon-mocny-240-ml-hairy-tale-cosmetics\/#breadcrumb","itemListElement":[{"@type":"ListItem","position":1,"name":"Strona g\u0142\u00f3wna","item":"https:\/\/pitaya.no\/"},{"@type":"ListItem","position":2,"name":"Sklep","item":"https:\/\/pitaya.no\/sklep\/"},{"@type":"ListItem","position":3,"name":"HAIRMOJI Sour Power szampon mocny, 240 ml &#8211; Hairy Tale Cosmetics"}]},{"@type":"WebSite","@id":"https:\/\/pitaya.no\/#website","url":"https:\/\/pitaya.no\/","name":"Pitaya.no","description":"Polish organic drugstore in Norway","potentialAction":[{"@type":"SearchAction","target":{"@type":"EntryPoint","urlTemplate":"https:\/\/pitaya.no\/?s={search_term_string}"},"query-input":"required name=search_term_string"}],"inLanguage":"en-GB"}]}},"_links":{"self":[{"href":"https:\/\/pitaya.no\/en\/wp-json\/wp\/v2\/product\/6735"}],"collection":[{"href":"https:\/\/pitaya.no\/en\/wp-json\/wp\/v2\/product"}],"about":[{"href":"https:\/\/pitaya.no\/en\/wp-json\/wp\/v2\/types\/product"}],"wp:featuredmedia":[{"embeddable":true,"href":"https:\/\/pitaya.no\/en\/wp-json\/wp\/v2\/media\/6737"}],"wp:attachment":[{"href":"https:\/\/pitaya.no\/en\/wp-json\/wp\/v2\/media?parent=6735"}],"wp:term":[{"taxonomy":"product_cat","embeddable":true,"href":"https:\/\/pitaya.no\/en\/wp-json\/wp\/v2\/product_cat?post=6735"},{"taxonomy":"product_tag","embeddable":true,"href":"https:\/\/pitaya.no\/en\/wp-json\/wp\/v2\/product_tag?post=6735"},{"taxonomy":"berocket_brand","embeddable":true,"href":"https:\/\/pitaya.no\/en\/wp-json\/wp\/v2\/berocket_brand?post=6735"}],"curies":[{"name":"wp","href":"https:\/\/api.w.org\/{rel}","templated":true}]}}