{"id":6723,"date":"2025-10-26T10:58:18","date_gmt":"2025-10-26T10:58:18","guid":{"rendered":"https:\/\/pitaya.no\/?post_type=product&#038;p=6723"},"modified":"2026-02-14T07:40:30","modified_gmt":"2026-02-14T07:40:30","slug":"hairmoji-swoosh-lekka-odzywka-200-ml-hairy-tale-cosmetics","status":"publish","type":"product","link":"https:\/\/pitaya.no\/en\/product\/hairmoji-swoosh-lekka-odzywka-200-ml-hairy-tale-cosmetics\/","title":{"rendered":"HAIRMOJI Swoosh Light Conditioner, 200 ml \u2013 Hairy Tale Cosmetics"},"content":{"rendered":"<h1>HAIRMOJI Swoosh Light Conditioner, 200 ml \u2013 Hairy Tale Cosmetics<\/h1>\n<p data-start=\"265\" data-end=\"628\">Need lightness, volume, and flow in your hair? You&#039;ve got the right product! <strong data-start=\"351\" data-end=\"361\">Swoosh<\/strong> is a conditioner that gives hair <strong data-start=\"394\" data-end=\"428\">softness, shine and sheet effect<\/strong>without weighing them down. Perfect for hair <strong data-start=\"471\" data-end=\"510\">low and medium porosity<\/strong>, will work well with every wash \u2013 alone or between the use of protein, emollient and humectant conditioners.<\/p>\n<p data-start=\"630\" data-end=\"756\">The Swoosh formula has been developed to maintain <strong data-start=\"681\" data-end=\"703\">perfect PEH balance<\/strong>, with a predominance <strong data-start=\"716\" data-end=\"727\">protein<\/strong> for lightness and elasticity.<\/p>\n<h3 data-start=\"758\" data-end=\"1143\"><strong data-start=\"758\" data-end=\"780\">Active ingredients:<\/strong><\/h3>\n<p data-start=\"758\" data-end=\"1143\"><strong data-start=\"786\" data-end=\"799\">Proteins:<\/strong> hydrolyzed keratin, silk amino acids \u2013 strengthen, smooth and add shine.<br data-start=\"885\" data-end=\"888\" \/><strong data-start=\"891\" data-end=\"905\">Emollients:<\/strong> light coconut alkanes, shea butter esters, babassu and murumuru butters \u2013 soften the hair, give it elasticity and protect it against moisture loss.<br data-start=\"1047\" data-end=\"1050\" \/>\u00a0<strong data-start=\"1053\" data-end=\"1068\">Humectants:<\/strong> propanediol, glycerin \u2013 ensure optimal hydration and elasticity.<\/p>\n<p data-start=\"1145\" data-end=\"1535\"><strong data-start=\"1145\" data-end=\"1168\">Additional support:<\/strong><br data-start=\"1168\" data-end=\"1171\" \/>\u00a0<strong data-start=\"1174\" data-end=\"1188\">KERASCALP\u2122<\/strong> It revitalizes the scalp, protects hair follicles, and may help reduce premature graying. It adds volume and shine to hair, enhancing its sheen.<br data-start=\"1344\" data-end=\"1347\" \/><strong data-start=\"1350\" data-end=\"1386\">Bioferment Lactobacillus Ferment<\/strong> supports the microbiota of the scalp and hair.<br data-start=\"1427\" data-end=\"1430\" \/><strong data-start=\"1433\" data-end=\"1457\">Chelating complex<\/strong> neutralizes the effects of hard water to keep hair smooth and full of life.<\/p>\n<p data-start=\"1537\" data-end=\"1721\">Immerse yourself in the ritual <strong data-start=\"1557\" data-end=\"1578\">W\u0142osing\u00ae with Swoosh<\/strong> \u2013 light, nourishing and full of positive energy.<br data-start=\"1624\" data-end=\"1627\" \/>And all this accompanied by a fresh, energizing <strong data-start=\"1683\" data-end=\"1715\">the scent of lemon and bergamot<\/strong><\/p>\n<div id=\"attachment_6726\" style=\"width: 970px\" class=\"wp-caption aligncenter\"><img aria-describedby=\"caption-attachment-6726\" fetchpriority=\"high\" decoding=\"async\" class=\"size-large wp-image-6726\" src=\"https:\/\/pitaya.no\/wp-content\/uploads\/2025\/10\/hairmoijikomplet-1024x1024.jpg\" alt=\"hairmoijikomplet\" width=\"960\" height=\"960\" srcset=\"https:\/\/pitaya.no\/wp-content\/uploads\/2025\/10\/hairmoijikomplet-1024x1024.jpg 1024w, https:\/\/pitaya.no\/wp-content\/uploads\/2025\/10\/hairmoijikomplet-300x300.jpg 300w, https:\/\/pitaya.no\/wp-content\/uploads\/2025\/10\/hairmoijikomplet-150x150.jpg 150w, https:\/\/pitaya.no\/wp-content\/uploads\/2025\/10\/hairmoijikomplet-768x768.jpg 768w, https:\/\/pitaya.no\/wp-content\/uploads\/2025\/10\/hairmoijikomplet-1536x1536.jpg 1536w, https:\/\/pitaya.no\/wp-content\/uploads\/2025\/10\/hairmoijikomplet-12x12.jpg 12w, https:\/\/pitaya.no\/wp-content\/uploads\/2025\/10\/hairmoijikomplet-450x450.jpg 450w, https:\/\/pitaya.no\/wp-content\/uploads\/2025\/10\/hairmoijikomplet-90x90.jpg 90w, https:\/\/pitaya.no\/wp-content\/uploads\/2025\/10\/hairmoijikomplet-600x600.jpg 600w, https:\/\/pitaya.no\/wp-content\/uploads\/2025\/10\/hairmoijikomplet-54x54.jpg 54w, https:\/\/pitaya.no\/wp-content\/uploads\/2025\/10\/hairmoijikomplet-50x50.jpg 50w, https:\/\/pitaya.no\/wp-content\/uploads\/2025\/10\/hairmoijikomplet-100x100.jpg 100w, https:\/\/pitaya.no\/wp-content\/uploads\/2025\/10\/hairmoijikomplet-64x64.jpg 64w, https:\/\/pitaya.no\/wp-content\/uploads\/2025\/10\/hairmoijikomplet.jpg 1615w\" sizes=\"(max-width: 960px) 100vw, 960px\" \/><p id=\"caption-attachment-6726\" class=\"wp-caption-text\">hairmoiji komplet<\/p><\/div>","protected":false},"excerpt":{"rendered":"<p>Conditioner <strong data-start=\"165\" data-end=\"184\">HAIRMOJI Swoosh<\/strong> Adds volume and body to hair without weighing it down. Strengthens, moisturizes, and smooths with proteins, humectants, and light emollients \u2013 while the fresh scent of lemon and bergamot energizes with every Hairing\u00ae application.<\/p>\n<p><strong>Capacity 200 ml<\/strong><\/p>","protected":false},"featured_media":6727,"template":"","meta":{"_themeisle_gutenberg_block_has_review":false},"product_cat":[315,318,322],"product_tag":[],"berocket_brand":[309],"yoast_head":"<!-- This site is optimized with the Yoast SEO Premium plugin v21.2 (Yoast SEO v21.5) - https:\/\/yoast.com\/wordpress\/plugins\/seo\/ -->\n<title>HAIRMOJI Swoosh Lekka od\u017cywka, 200 ml - Hairy Tale Cosmetics - Pitaya.no<\/title>\n<meta name=\"description\" content=\"Odkryj HAIRMOJI Swoosh! Lekka od\u017cywka dodaj\u0105ca w\u0142osom blasku, obj\u0119to\u015bci i sypko\u015bci. Idealna dla w\u0142os\u00f3w nisko i \u015brednioporowatych.\" \/>\n<meta name=\"robots\" content=\"index, follow, max-snippet:-1, max-image-preview:large, max-video-preview:-1\" \/>\n<link rel=\"canonical\" href=\"https:\/\/pitaya.no\/en\/product\/hairmoji-swoosh-lekka-odzywka-200-ml-hairy-tale-cosmetics\/\" \/>\n<meta property=\"og:locale\" content=\"en_GB\" \/>\n<meta property=\"og:type\" content=\"article\" \/>\n<meta property=\"og:title\" content=\"HAIRMOJI Swoosh Lekka od\u017cywka, 200 ml - Hairy Tale Cosmetics\" \/>\n<meta property=\"og:description\" content=\"Odkryj HAIRMOJI Swoosh! Lekka od\u017cywka dodaj\u0105ca w\u0142osom blasku, obj\u0119to\u015bci i sypko\u015bci. Idealna dla w\u0142os\u00f3w nisko i \u015brednioporowatych.\" \/>\n<meta property=\"og:url\" content=\"https:\/\/pitaya.no\/en\/product\/hairmoji-swoosh-lekka-odzywka-200-ml-hairy-tale-cosmetics\/\" \/>\n<meta property=\"og:site_name\" content=\"Pitaya.no\" \/>\n<meta property=\"article:publisher\" content=\"https:\/\/www.facebook.com\/Pitaya.no\" \/>\n<meta property=\"article:modified_time\" content=\"2026-02-14T07:40:30+00:00\" \/>\n<meta property=\"og:image\" content=\"https:\/\/pitaya.no\/wp-content\/uploads\/2025\/10\/swoosh.jpg\" \/>\n\t<meta property=\"og:image:width\" content=\"650\" \/>\n\t<meta property=\"og:image:height\" content=\"650\" \/>\n\t<meta property=\"og:image:type\" content=\"image\/jpeg\" \/>\n<meta name=\"twitter:card\" content=\"summary_large_image\" \/>\n<meta name=\"twitter:label1\" content=\"Estimated reading time\" \/>\n\t<meta name=\"twitter:data1\" content=\"2 minutes\" \/>\n<script type=\"application\/ld+json\" class=\"yoast-schema-graph\">{\"@context\":\"https:\/\/schema.org\",\"@graph\":[{\"@type\":\"WebPage\",\"@id\":\"https:\/\/pitaya.no\/produkt\/hairmoji-swoosh-lekka-odzywka-200-ml-hairy-tale-cosmetics\/\",\"url\":\"https:\/\/pitaya.no\/produkt\/hairmoji-swoosh-lekka-odzywka-200-ml-hairy-tale-cosmetics\/\",\"name\":\"HAIRMOJI Swoosh Lekka od\u017cywka, 200 ml - Hairy Tale Cosmetics - Pitaya.no\",\"isPartOf\":{\"@id\":\"https:\/\/pitaya.no\/#website\"},\"datePublished\":\"2025-10-26T10:58:18+00:00\",\"dateModified\":\"2026-02-14T07:40:30+00:00\",\"description\":\"Odkryj HAIRMOJI Swoosh! Lekka od\u017cywka dodaj\u0105ca w\u0142osom blasku, obj\u0119to\u015bci i sypko\u015bci. Idealna dla w\u0142os\u00f3w nisko i \u015brednioporowatych.\",\"breadcrumb\":{\"@id\":\"https:\/\/pitaya.no\/produkt\/hairmoji-swoosh-lekka-odzywka-200-ml-hairy-tale-cosmetics\/#breadcrumb\"},\"inLanguage\":\"en-GB\",\"potentialAction\":[{\"@type\":\"ReadAction\",\"target\":[\"https:\/\/pitaya.no\/produkt\/hairmoji-swoosh-lekka-odzywka-200-ml-hairy-tale-cosmetics\/\"]}]},{\"@type\":\"BreadcrumbList\",\"@id\":\"https:\/\/pitaya.no\/produkt\/hairmoji-swoosh-lekka-odzywka-200-ml-hairy-tale-cosmetics\/#breadcrumb\",\"itemListElement\":[{\"@type\":\"ListItem\",\"position\":1,\"name\":\"Strona g\u0142\u00f3wna\",\"item\":\"https:\/\/pitaya.no\/\"},{\"@type\":\"ListItem\",\"position\":2,\"name\":\"Sklep\",\"item\":\"https:\/\/pitaya.no\/sklep\/\"},{\"@type\":\"ListItem\",\"position\":3,\"name\":\"HAIRMOJI Swoosh Lekka od\u017cywka, 200 ml &#8211; Hairy Tale Cosmetics\"}]},{\"@type\":\"WebSite\",\"@id\":\"https:\/\/pitaya.no\/#website\",\"url\":\"https:\/\/pitaya.no\/\",\"name\":\"Pitaya.no\",\"description\":\"Polska drogeria ekologiczna w Norwegii\",\"potentialAction\":[{\"@type\":\"SearchAction\",\"target\":{\"@type\":\"EntryPoint\",\"urlTemplate\":\"https:\/\/pitaya.no\/?s={search_term_string}\"},\"query-input\":\"required name=search_term_string\"}],\"inLanguage\":\"en-GB\"}]}<\/script>\n<!-- \/ Yoast SEO Premium plugin. -->","yoast_head_json":{"title":"HAIRMOJI Swoosh Lekka od\u017cywka, 200 ml - Hairy Tale Cosmetics - Pitaya.no","description":"Odkryj HAIRMOJI Swoosh! Lekka od\u017cywka dodaj\u0105ca w\u0142osom blasku, obj\u0119to\u015bci i sypko\u015bci. Idealna dla w\u0142os\u00f3w nisko i \u015brednioporowatych.","robots":{"index":"index","follow":"follow","max-snippet":"max-snippet:-1","max-image-preview":"max-image-preview:large","max-video-preview":"max-video-preview:-1"},"canonical":"https:\/\/pitaya.no\/en\/product\/hairmoji-swoosh-lekka-odzywka-200-ml-hairy-tale-cosmetics\/","og_locale":"en_GB","og_type":"article","og_title":"HAIRMOJI Swoosh Lekka od\u017cywka, 200 ml - Hairy Tale Cosmetics","og_description":"Odkryj HAIRMOJI Swoosh! Lekka od\u017cywka dodaj\u0105ca w\u0142osom blasku, obj\u0119to\u015bci i sypko\u015bci. Idealna dla w\u0142os\u00f3w nisko i \u015brednioporowatych.","og_url":"https:\/\/pitaya.no\/en\/product\/hairmoji-swoosh-lekka-odzywka-200-ml-hairy-tale-cosmetics\/","og_site_name":"Pitaya.no","article_publisher":"https:\/\/www.facebook.com\/Pitaya.no","article_modified_time":"2026-02-14T07:40:30+00:00","og_image":[{"width":650,"height":650,"url":"https:\/\/pitaya.no\/wp-content\/uploads\/2025\/10\/swoosh.jpg","type":"image\/jpeg"}],"twitter_card":"summary_large_image","twitter_misc":{"Estimated reading time":"2 minutes"},"schema":{"@context":"https:\/\/schema.org","@graph":[{"@type":"WebPage","@id":"https:\/\/pitaya.no\/produkt\/hairmoji-swoosh-lekka-odzywka-200-ml-hairy-tale-cosmetics\/","url":"https:\/\/pitaya.no\/produkt\/hairmoji-swoosh-lekka-odzywka-200-ml-hairy-tale-cosmetics\/","name":"HAIRMOJI Swoosh Lekka od\u017cywka, 200 ml - Hairy Tale Cosmetics - Pitaya.no","isPartOf":{"@id":"https:\/\/pitaya.no\/#website"},"datePublished":"2025-10-26T10:58:18+00:00","dateModified":"2026-02-14T07:40:30+00:00","description":"Odkryj HAIRMOJI Swoosh! Lekka od\u017cywka dodaj\u0105ca w\u0142osom blasku, obj\u0119to\u015bci i sypko\u015bci. Idealna dla w\u0142os\u00f3w nisko i \u015brednioporowatych.","breadcrumb":{"@id":"https:\/\/pitaya.no\/produkt\/hairmoji-swoosh-lekka-odzywka-200-ml-hairy-tale-cosmetics\/#breadcrumb"},"inLanguage":"en-GB","potentialAction":[{"@type":"ReadAction","target":["https:\/\/pitaya.no\/produkt\/hairmoji-swoosh-lekka-odzywka-200-ml-hairy-tale-cosmetics\/"]}]},{"@type":"BreadcrumbList","@id":"https:\/\/pitaya.no\/produkt\/hairmoji-swoosh-lekka-odzywka-200-ml-hairy-tale-cosmetics\/#breadcrumb","itemListElement":[{"@type":"ListItem","position":1,"name":"Strona g\u0142\u00f3wna","item":"https:\/\/pitaya.no\/"},{"@type":"ListItem","position":2,"name":"Sklep","item":"https:\/\/pitaya.no\/sklep\/"},{"@type":"ListItem","position":3,"name":"HAIRMOJI Swoosh Lekka od\u017cywka, 200 ml &#8211; Hairy Tale Cosmetics"}]},{"@type":"WebSite","@id":"https:\/\/pitaya.no\/#website","url":"https:\/\/pitaya.no\/","name":"Pitaya.no","description":"Polish organic drugstore in Norway","potentialAction":[{"@type":"SearchAction","target":{"@type":"EntryPoint","urlTemplate":"https:\/\/pitaya.no\/?s={search_term_string}"},"query-input":"required name=search_term_string"}],"inLanguage":"en-GB"}]}},"_links":{"self":[{"href":"https:\/\/pitaya.no\/en\/wp-json\/wp\/v2\/product\/6723"}],"collection":[{"href":"https:\/\/pitaya.no\/en\/wp-json\/wp\/v2\/product"}],"about":[{"href":"https:\/\/pitaya.no\/en\/wp-json\/wp\/v2\/types\/product"}],"wp:featuredmedia":[{"embeddable":true,"href":"https:\/\/pitaya.no\/en\/wp-json\/wp\/v2\/media\/6727"}],"wp:attachment":[{"href":"https:\/\/pitaya.no\/en\/wp-json\/wp\/v2\/media?parent=6723"}],"wp:term":[{"taxonomy":"product_cat","embeddable":true,"href":"https:\/\/pitaya.no\/en\/wp-json\/wp\/v2\/product_cat?post=6723"},{"taxonomy":"product_tag","embeddable":true,"href":"https:\/\/pitaya.no\/en\/wp-json\/wp\/v2\/product_tag?post=6723"},{"taxonomy":"berocket_brand","embeddable":true,"href":"https:\/\/pitaya.no\/en\/wp-json\/wp\/v2\/berocket_brand?post=6723"}],"curies":[{"name":"wp","href":"https:\/\/api.w.org\/{rel}","templated":true}]}}