{"id":6719,"date":"2025-10-26T10:38:50","date_gmt":"2025-10-26T10:38:50","guid":{"rendered":"https:\/\/pitaya.no\/?post_type=product&#038;p=6719"},"modified":"2026-02-16T10:31:14","modified_gmt":"2026-02-16T10:31:14","slug":"wcierka-kofeinowa-zen-szen-250-ml-herbaria-banfi","status":"publish","type":"product","link":"https:\/\/pitaya.no\/en\/product\/wcierka-kofeinowa-zen-szen-250-ml-herbaria-banfi\/","title":{"rendered":"Ginseng Caffeine Lotion, 250 ml \u2013 HERBARIA BANFI"},"content":{"rendered":"<h1>Ginseng Caffeine Lotion, 250 ml \u2013 HERBARIA BANFI<\/h1>\n<p data-start=\"208\" data-end=\"573\"><strong data-start=\"208\" data-end=\"281\">Effective strengthening and stimulation of hair growth in one product!<\/strong><br data-start=\"281\" data-end=\"284\" \/>Caffeine lotion <strong data-start=\"302\" data-end=\"329\">Herbaria Banfi Ginseng<\/strong> was created with an alcoholic ginseng extract to support natural hair growth, strengthen hair follicles, and reduce hair loss. This is a modernized, <strong data-start=\"494\" data-end=\"537\">a caffeine version of the iconic Banfi lotion<\/strong>, known and loved by generations.<\/p>\n<p data-start=\"575\" data-end=\"862\">Formula enriched with <strong data-start=\"596\" data-end=\"619\">stimulating caffeine<\/strong>, <strong data-start=\"621\" data-end=\"635\">niacinamide<\/strong>, <strong data-start=\"637\" data-end=\"649\">panthenol<\/strong>, <strong data-start=\"651\" data-end=\"664\">allantoin<\/strong> and <strong data-start=\"670\" data-end=\"696\">hydrolyzed keratin<\/strong> provides comprehensive scalp care. Regular use improves hair condition, adds density and elasticity, and accelerates hair growth.<\/p>\n<p data-start=\"864\" data-end=\"943\">The lotion has <strong data-start=\"875\" data-end=\"905\">delicate, subtle scent<\/strong>, characteristic of the Banfi series.<\/p>\n<p data-start=\"945\" data-end=\"966\"><strong data-start=\"945\" data-end=\"964\">Why is it worth it?<\/strong><\/p>\n<ul data-start=\"967\" data-end=\"1161\">\n<li data-start=\"967\" data-end=\"1012\">\n<p data-start=\"969\" data-end=\"1012\">stimulates hair follicles and supports hair growth,<\/p>\n<\/li>\n<li data-start=\"1013\" data-end=\"1051\">\n<p data-start=\"1015\" data-end=\"1051\">strengthens hair from roots to ends,<\/p>\n<\/li>\n<li data-start=\"1052\" data-end=\"1086\">\n<p data-start=\"1054\" data-end=\"1086\">moisturizes and soothes the scalp,<\/p>\n<\/li>\n<li data-start=\"1087\" data-end=\"1123\">\n<p data-start=\"1089\" data-end=\"1123\">improves the overall condition of the hair,<\/p>\n<\/li>\n<li data-start=\"1124\" data-end=\"1161\">\n<p data-start=\"1126\" data-end=\"1161\">light formula, easy to apply.<\/p>\n<\/li>\n<\/ul>\n<p data-start=\"1163\" data-end=\"1263\"><strong data-start=\"1163\" data-end=\"1185\">Active ingredients:<\/strong> caffeine, ginseng, niacinamide, panthenol, allantoin, hydrolyzed keratin.<\/p>\n<p data-start=\"1290\" data-end=\"1488\"><strong data-start=\"1290\" data-end=\"1300\">Mark:<\/strong> Banfi Herbaria - a tradition since 1949<br data-start=\"1339\" data-end=\"1342\" \/>The Banfi line enjoyed enormous popularity in Poland in the 1970s and remains a symbol of effective, natural hair care to this day.<\/p>\n<p>&nbsp;<\/p>","protected":false},"excerpt":{"rendered":"<p>A strengthening hair conditioner with ginseng and caffeine. It stimulates growth, reduces hair loss, moisturizes the scalp, and adds volume to hair.<\/p>\n<p><strong>Capacity 250 ml<\/strong><\/p>","protected":false},"featured_media":6721,"template":"","meta":{"_themeisle_gutenberg_block_has_review":false},"product_cat":[324,326],"product_tag":[388,351,347],"berocket_brand":[310],"yoast_head":"<!-- This site is optimized with the Yoast SEO Premium plugin v21.2 (Yoast SEO v21.5) - https:\/\/yoast.com\/wordpress\/plugins\/seo\/ -->\n<title>Wcierka kofeinowa \u017be\u0144-sze\u0144, 250 ml - HERBARIA BANFI<\/title>\n<meta name=\"description\" content=\"Wcierka kofeinowa Herbaria Banfi \u017be\u0144-sze\u0144 wzmacnia w\u0142osy, pobudza ich wzrost i nawil\u017ca sk\u00f3r\u0119 g\u0142owy. Kultowa formu\u0142a z \u017ce\u0144-szeniem i kofein\u0105!\" \/>\n<meta name=\"robots\" content=\"index, follow, max-snippet:-1, max-image-preview:large, max-video-preview:-1\" \/>\n<link rel=\"canonical\" href=\"https:\/\/pitaya.no\/en\/product\/wcierka-kofeinowa-zen-szen-250-ml-herbaria-banfi\/\" \/>\n<meta property=\"og:locale\" content=\"en_GB\" \/>\n<meta property=\"og:type\" content=\"article\" \/>\n<meta property=\"og:title\" content=\"Wcierka kofeinowa \u017be\u0144-sze\u0144, 250 ml - HERBARIA BANFI\" \/>\n<meta property=\"og:description\" content=\"Wcierka kofeinowa Herbaria Banfi \u017be\u0144-sze\u0144 wzmacnia w\u0142osy, pobudza ich wzrost i nawil\u017ca sk\u00f3r\u0119 g\u0142owy. Kultowa formu\u0142a z \u017ce\u0144-szeniem i kofein\u0105!\" \/>\n<meta property=\"og:url\" content=\"https:\/\/pitaya.no\/en\/product\/wcierka-kofeinowa-zen-szen-250-ml-herbaria-banfi\/\" \/>\n<meta property=\"og:site_name\" content=\"Pitaya.no\" \/>\n<meta property=\"article:publisher\" content=\"https:\/\/www.facebook.com\/Pitaya.no\" \/>\n<meta property=\"article:modified_time\" content=\"2026-02-16T10:31:14+00:00\" \/>\n<meta property=\"og:image\" content=\"https:\/\/pitaya.no\/wp-content\/uploads\/2025\/10\/kofeinowazen.jpg\" \/>\n\t<meta property=\"og:image:width\" content=\"599\" \/>\n\t<meta property=\"og:image:height\" content=\"599\" \/>\n\t<meta property=\"og:image:type\" content=\"image\/jpeg\" \/>\n<meta name=\"twitter:card\" content=\"summary_large_image\" \/>\n<meta name=\"twitter:label1\" content=\"Estimated reading time\" \/>\n\t<meta name=\"twitter:data1\" content=\"1 minute\" \/>\n<script type=\"application\/ld+json\" class=\"yoast-schema-graph\">{\"@context\":\"https:\/\/schema.org\",\"@graph\":[{\"@type\":\"WebPage\",\"@id\":\"https:\/\/pitaya.no\/produkt\/wcierka-kofeinowa-zen-szen-250-ml-herbaria-banfi\/\",\"url\":\"https:\/\/pitaya.no\/produkt\/wcierka-kofeinowa-zen-szen-250-ml-herbaria-banfi\/\",\"name\":\"Wcierka kofeinowa \u017be\u0144-sze\u0144, 250 ml - HERBARIA BANFI\",\"isPartOf\":{\"@id\":\"https:\/\/pitaya.no\/#website\"},\"datePublished\":\"2025-10-26T10:38:50+00:00\",\"dateModified\":\"2026-02-16T10:31:14+00:00\",\"description\":\"Wcierka kofeinowa Herbaria Banfi \u017be\u0144-sze\u0144 wzmacnia w\u0142osy, pobudza ich wzrost i nawil\u017ca sk\u00f3r\u0119 g\u0142owy. Kultowa formu\u0142a z \u017ce\u0144-szeniem i kofein\u0105!\",\"breadcrumb\":{\"@id\":\"https:\/\/pitaya.no\/produkt\/wcierka-kofeinowa-zen-szen-250-ml-herbaria-banfi\/#breadcrumb\"},\"inLanguage\":\"en-GB\",\"potentialAction\":[{\"@type\":\"ReadAction\",\"target\":[\"https:\/\/pitaya.no\/produkt\/wcierka-kofeinowa-zen-szen-250-ml-herbaria-banfi\/\"]}]},{\"@type\":\"BreadcrumbList\",\"@id\":\"https:\/\/pitaya.no\/produkt\/wcierka-kofeinowa-zen-szen-250-ml-herbaria-banfi\/#breadcrumb\",\"itemListElement\":[{\"@type\":\"ListItem\",\"position\":1,\"name\":\"Strona g\u0142\u00f3wna\",\"item\":\"https:\/\/pitaya.no\/\"},{\"@type\":\"ListItem\",\"position\":2,\"name\":\"Sklep\",\"item\":\"https:\/\/pitaya.no\/sklep\/\"},{\"@type\":\"ListItem\",\"position\":3,\"name\":\"Wcierka kofeinowa \u017be\u0144-sze\u0144, 250 ml &#8211; HERBARIA BANFI\"}]},{\"@type\":\"WebSite\",\"@id\":\"https:\/\/pitaya.no\/#website\",\"url\":\"https:\/\/pitaya.no\/\",\"name\":\"Pitaya.no\",\"description\":\"Polska drogeria ekologiczna w Norwegii\",\"potentialAction\":[{\"@type\":\"SearchAction\",\"target\":{\"@type\":\"EntryPoint\",\"urlTemplate\":\"https:\/\/pitaya.no\/?s={search_term_string}\"},\"query-input\":\"required name=search_term_string\"}],\"inLanguage\":\"en-GB\"}]}<\/script>\n<!-- \/ Yoast SEO Premium plugin. -->","yoast_head_json":{"title":"Ginseng Caffeine Lotion, 250 ml - HERBARIA BANFI","description":"Wcierka kofeinowa Herbaria Banfi \u017be\u0144-sze\u0144 wzmacnia w\u0142osy, pobudza ich wzrost i nawil\u017ca sk\u00f3r\u0119 g\u0142owy. Kultowa formu\u0142a z \u017ce\u0144-szeniem i kofein\u0105!","robots":{"index":"index","follow":"follow","max-snippet":"max-snippet:-1","max-image-preview":"max-image-preview:large","max-video-preview":"max-video-preview:-1"},"canonical":"https:\/\/pitaya.no\/en\/product\/wcierka-kofeinowa-zen-szen-250-ml-herbaria-banfi\/","og_locale":"en_GB","og_type":"article","og_title":"Wcierka kofeinowa \u017be\u0144-sze\u0144, 250 ml - HERBARIA BANFI","og_description":"Wcierka kofeinowa Herbaria Banfi \u017be\u0144-sze\u0144 wzmacnia w\u0142osy, pobudza ich wzrost i nawil\u017ca sk\u00f3r\u0119 g\u0142owy. Kultowa formu\u0142a z \u017ce\u0144-szeniem i kofein\u0105!","og_url":"https:\/\/pitaya.no\/en\/product\/wcierka-kofeinowa-zen-szen-250-ml-herbaria-banfi\/","og_site_name":"Pitaya.no","article_publisher":"https:\/\/www.facebook.com\/Pitaya.no","article_modified_time":"2026-02-16T10:31:14+00:00","og_image":[{"width":599,"height":599,"url":"https:\/\/pitaya.no\/wp-content\/uploads\/2025\/10\/kofeinowazen.jpg","type":"image\/jpeg"}],"twitter_card":"summary_large_image","twitter_misc":{"Estimated reading time":"1 minute"},"schema":{"@context":"https:\/\/schema.org","@graph":[{"@type":"WebPage","@id":"https:\/\/pitaya.no\/produkt\/wcierka-kofeinowa-zen-szen-250-ml-herbaria-banfi\/","url":"https:\/\/pitaya.no\/produkt\/wcierka-kofeinowa-zen-szen-250-ml-herbaria-banfi\/","name":"Ginseng Caffeine Lotion, 250 ml - HERBARIA BANFI","isPartOf":{"@id":"https:\/\/pitaya.no\/#website"},"datePublished":"2025-10-26T10:38:50+00:00","dateModified":"2026-02-16T10:31:14+00:00","description":"Wcierka kofeinowa Herbaria Banfi \u017be\u0144-sze\u0144 wzmacnia w\u0142osy, pobudza ich wzrost i nawil\u017ca sk\u00f3r\u0119 g\u0142owy. Kultowa formu\u0142a z \u017ce\u0144-szeniem i kofein\u0105!","breadcrumb":{"@id":"https:\/\/pitaya.no\/produkt\/wcierka-kofeinowa-zen-szen-250-ml-herbaria-banfi\/#breadcrumb"},"inLanguage":"en-GB","potentialAction":[{"@type":"ReadAction","target":["https:\/\/pitaya.no\/produkt\/wcierka-kofeinowa-zen-szen-250-ml-herbaria-banfi\/"]}]},{"@type":"BreadcrumbList","@id":"https:\/\/pitaya.no\/produkt\/wcierka-kofeinowa-zen-szen-250-ml-herbaria-banfi\/#breadcrumb","itemListElement":[{"@type":"ListItem","position":1,"name":"Strona g\u0142\u00f3wna","item":"https:\/\/pitaya.no\/"},{"@type":"ListItem","position":2,"name":"Sklep","item":"https:\/\/pitaya.no\/sklep\/"},{"@type":"ListItem","position":3,"name":"Wcierka kofeinowa \u017be\u0144-sze\u0144, 250 ml &#8211; HERBARIA BANFI"}]},{"@type":"WebSite","@id":"https:\/\/pitaya.no\/#website","url":"https:\/\/pitaya.no\/","name":"Pitaya.no","description":"Polish organic drugstore in Norway","potentialAction":[{"@type":"SearchAction","target":{"@type":"EntryPoint","urlTemplate":"https:\/\/pitaya.no\/?s={search_term_string}"},"query-input":"required name=search_term_string"}],"inLanguage":"en-GB"}]}},"_links":{"self":[{"href":"https:\/\/pitaya.no\/en\/wp-json\/wp\/v2\/product\/6719"}],"collection":[{"href":"https:\/\/pitaya.no\/en\/wp-json\/wp\/v2\/product"}],"about":[{"href":"https:\/\/pitaya.no\/en\/wp-json\/wp\/v2\/types\/product"}],"wp:featuredmedia":[{"embeddable":true,"href":"https:\/\/pitaya.no\/en\/wp-json\/wp\/v2\/media\/6721"}],"wp:attachment":[{"href":"https:\/\/pitaya.no\/en\/wp-json\/wp\/v2\/media?parent=6719"}],"wp:term":[{"taxonomy":"product_cat","embeddable":true,"href":"https:\/\/pitaya.no\/en\/wp-json\/wp\/v2\/product_cat?post=6719"},{"taxonomy":"product_tag","embeddable":true,"href":"https:\/\/pitaya.no\/en\/wp-json\/wp\/v2\/product_tag?post=6719"},{"taxonomy":"berocket_brand","embeddable":true,"href":"https:\/\/pitaya.no\/en\/wp-json\/wp\/v2\/berocket_brand?post=6719"}],"curies":[{"name":"wp","href":"https:\/\/api.w.org\/{rel}","templated":true}]}}