{"id":6684,"date":"2025-10-15T07:49:33","date_gmt":"2025-10-15T07:49:33","guid":{"rendered":"https:\/\/pitaya.no\/?post_type=product&#038;p=6684"},"modified":"2026-02-21T08:08:41","modified_gmt":"2026-02-21T08:08:41","slug":"wish-me-peh-odzywka-zbalansowana-do-wysokiej-porowatosci-200-ml-anwen","status":"publish","type":"product","link":"https:\/\/pitaya.no\/en\/product\/wish-me-peh-odzywka-zbalansowana-do-wysokiej-porowatosci-200-ml-anwen\/","title":{"rendered":"WISH ME PEH Balanced conditioner for high porosity, 200 ml \u2013 Anwen"},"content":{"rendered":"<h1>WISH ME PEH Balanced conditioner for high porosity, 200 ml \u2013 Anwen<\/h1>\n<p data-start=\"286\" data-end=\"580\">Get to know the conditioner <strong data-start=\"301\" data-end=\"316\">Wish Me PEH<\/strong>, which comprehensively nourishes hair, restoring its strength, elasticity, and healthy shine. Its formula is based on the perfect balance <strong data-start=\"447\" data-end=\"490\">proteins, emollients and humectants (PEH)<\/strong> responds to all the needs of your hair - regenerates, moisturizes, smoothes and protects.<\/p>\n<h2 data-start=\"582\" data-end=\"604\"><strong data-start=\"590\" data-end=\"604\">Action:<\/strong><\/h2>\n<h3 data-start=\"606\" data-end=\"959\"><strong data-start=\"606\" data-end=\"633\">Strengthens and regenerates<\/strong><\/h3>\n<p data-start=\"606\" data-end=\"959\">New generation moringa seed proteins <strong data-start=\"678\" data-end=\"691\">EverBond\u2122<\/strong> They penetrate deeply into the hair structure, acting directly on disulfide bonds. Hair regains elasticity, resilience, and natural strength. Brewer&#039;s yeast proteins, rich in amino acids and B vitamins, rebuild and strengthen the hair fiber from within.<\/p>\n<h3 data-start=\"961\" data-end=\"1257\"><strong data-start=\"961\" data-end=\"987\">Intensively moisturizes<\/strong><\/h3>\n<p data-start=\"961\" data-end=\"1257\">A unique complex of plant-based ingredients\u2014hydrolyzed corn starch, beet root extract, and a patented polysaccharide formula\u2014provides immediate, deep, and long-lasting hydration. Hair becomes soft, smooth, and shiny.<\/p>\n<h3 data-start=\"1259\" data-end=\"1538\"><strong data-start=\"1259\" data-end=\"1287\">Smoothes and shines<\/strong><\/h3>\n<p data-start=\"1259\" data-end=\"1538\">Phytosterol esters from Abyssinian cabbage seed oil, as well as castor, broccoli, and macadamia oils, combined with lightweight silicone, create a protective occlusive layer. This leaves hair silky smooth, shiny, and less prone to frizz.<\/p>\n<h3 data-start=\"1540\" data-end=\"1726\"><strong data-start=\"1540\" data-end=\"1567\">Rebuilds and protects<\/strong><\/h3>\n<p data-start=\"1540\" data-end=\"1726\"><strong data-start=\"1570\" data-end=\"1584\">Ceramide NG<\/strong> Fills gaps in hair structure and strengthens its protective barrier. Protects against moisture loss, brittleness, and split ends.<\/p>\n<h2 data-start=\"1728\" data-end=\"1753\"><strong data-start=\"1733\" data-end=\"1751\">How to use:<\/strong><\/h2>\n<p data-start=\"1754\" data-end=\"1856\">Apply conditioner to washed, damp hair. Leave on for a few minutes, then rinse thoroughly with water.<\/p>\n<h2 data-start=\"1858\" data-end=\"1875\"><strong data-start=\"1863\" data-end=\"1873\">Effect:<\/strong><\/h2>\n<p data-start=\"1858\" data-end=\"1875\">Healthy, flexible, soft and shiny hair \u2013 full of life and energy.<\/p>\n<p data-start=\"1858\" data-end=\"1875\"><strong>Ingredients:<\/strong><br \/>\nAqua, Cetearyl Alcohol, Behentrimonium Chloride, Rubus Idaeus Seed Oil, Brassica Oleracea Italica Seed Oil, Crambe Abyssinica Seed Oil Phytosterol Esters, Bis-(Isostearoyl\/Oleoyl Isopropyl) Dimonium Methosulfate, Butyrospermum Parkii Butter, Ricinus Communis Seed Oil, Olea Europaea Fruit Oil, Ceramide NG, Hydrolyzed Moringa Oleifera Seed Extract, Hydrolyzed Pea Protein, Xylitylglucoside, Anhydroxylitol, Maltitol, Saccharide Isomerate, Hydrolyzed Yeast Protein, Pelvetia Canaliculata Extract, Hydrolyzed Corn Starch, Beta Vulgaris Root Extract, Gluconamido Amodimethicone, Trideceth-7, Trideceth-8, Glycerin, Lactic Acid, Sodium Citrate, Citric Acid, Parfum, Phenoxyethanol, Sodium Benzoate, Potassium Sorbate, Benzyl Alcohol, Citronellol, Amyl Cinnamal.<\/p>\n<p>&nbsp;<\/p>","protected":false},"excerpt":{"rendered":"<p>Go for minimalism! One conditioner thanks to an advanced formula based on\u00a0<strong>PEH balance<\/strong>\u00a0(Proteins, Emollients, Humectants) allows you to provide your hair with all the necessary ingredients in just a few minutes.<strong>\u00a0quick care in one tube<\/strong>, easy to use even when traveling and provides a phenomenal effect.<\/p>\n<p>Capacity \u2013 200 ml<\/p>","protected":false},"featured_media":6686,"template":"","meta":{"_themeisle_gutenberg_block_has_review":false},"product_cat":[315,318,322],"product_tag":[373,343,339,369],"berocket_brand":[275],"yoast_head":"<!-- This site is optimized with the Yoast SEO Premium plugin v21.2 (Yoast SEO v21.5) - https:\/\/yoast.com\/wordpress\/plugins\/seo\/ -->\n<title>WISH ME PEH Od\u017cywka zbalansowana do wysokiej porowato\u015bci, 200 ml - Anwen<\/title>\n<meta name=\"description\" content=\"Od\u017cywka Wish Me PEH wzmacnia, regeneruje i intensywnie nawil\u017ca w\u0142osy. Przywraca blask, g\u0142adko\u015b\u0107 i elastyczno\u015b\u0107 \u2013 idealna r\u00f3wnowaga PEH.\" \/>\n<meta name=\"robots\" content=\"index, follow, max-snippet:-1, max-image-preview:large, max-video-preview:-1\" \/>\n<link rel=\"canonical\" href=\"https:\/\/pitaya.no\/en\/product\/wish-me-peh-odzywka-zbalansowana-do-wysokiej-porowatosci-200-ml-anwen\/\" \/>\n<meta property=\"og:locale\" content=\"en_GB\" \/>\n<meta property=\"og:type\" content=\"article\" \/>\n<meta property=\"og:title\" content=\"WISH ME PEH Od\u017cywka zbalansowana do wysokiej porowato\u015bci, 200 ml - Anwen\" \/>\n<meta property=\"og:description\" content=\"Od\u017cywka Wish Me PEH wzmacnia, regeneruje i intensywnie nawil\u017ca w\u0142osy. Przywraca blask, g\u0142adko\u015b\u0107 i elastyczno\u015b\u0107 \u2013 idealna r\u00f3wnowaga PEH.\" \/>\n<meta property=\"og:url\" content=\"https:\/\/pitaya.no\/en\/product\/wish-me-peh-odzywka-zbalansowana-do-wysokiej-porowatosci-200-ml-anwen\/\" \/>\n<meta property=\"og:site_name\" content=\"Pitaya.no\" \/>\n<meta property=\"article:publisher\" content=\"https:\/\/www.facebook.com\/Pitaya.no\" \/>\n<meta property=\"article:modified_time\" content=\"2026-02-21T08:08:41+00:00\" \/>\n<meta property=\"og:image\" content=\"https:\/\/pitaya.no\/wp-content\/uploads\/2025\/10\/odzywka-PEH-wysoko-1024x1024.png\" \/>\n\t<meta property=\"og:image:width\" content=\"1024\" \/>\n\t<meta property=\"og:image:height\" content=\"1024\" \/>\n\t<meta property=\"og:image:type\" content=\"image\/png\" \/>\n<meta name=\"twitter:card\" content=\"summary_large_image\" \/>\n<meta name=\"twitter:label1\" content=\"Estimated reading time\" \/>\n\t<meta name=\"twitter:data1\" content=\"2 minutes\" \/>\n<script type=\"application\/ld+json\" class=\"yoast-schema-graph\">{\"@context\":\"https:\/\/schema.org\",\"@graph\":[{\"@type\":\"WebPage\",\"@id\":\"https:\/\/pitaya.no\/produkt\/wish-me-peh-odzywka-zbalansowana-do-wysokiej-porowatosci-200-ml-anwen\/\",\"url\":\"https:\/\/pitaya.no\/produkt\/wish-me-peh-odzywka-zbalansowana-do-wysokiej-porowatosci-200-ml-anwen\/\",\"name\":\"WISH ME PEH Od\u017cywka zbalansowana do wysokiej porowato\u015bci, 200 ml - Anwen\",\"isPartOf\":{\"@id\":\"https:\/\/pitaya.no\/#website\"},\"datePublished\":\"2025-10-15T07:49:33+00:00\",\"dateModified\":\"2026-02-21T08:08:41+00:00\",\"description\":\"Od\u017cywka Wish Me PEH wzmacnia, regeneruje i intensywnie nawil\u017ca w\u0142osy. Przywraca blask, g\u0142adko\u015b\u0107 i elastyczno\u015b\u0107 \u2013 idealna r\u00f3wnowaga PEH.\",\"breadcrumb\":{\"@id\":\"https:\/\/pitaya.no\/produkt\/wish-me-peh-odzywka-zbalansowana-do-wysokiej-porowatosci-200-ml-anwen\/#breadcrumb\"},\"inLanguage\":\"en-GB\",\"potentialAction\":[{\"@type\":\"ReadAction\",\"target\":[\"https:\/\/pitaya.no\/produkt\/wish-me-peh-odzywka-zbalansowana-do-wysokiej-porowatosci-200-ml-anwen\/\"]}]},{\"@type\":\"BreadcrumbList\",\"@id\":\"https:\/\/pitaya.no\/produkt\/wish-me-peh-odzywka-zbalansowana-do-wysokiej-porowatosci-200-ml-anwen\/#breadcrumb\",\"itemListElement\":[{\"@type\":\"ListItem\",\"position\":1,\"name\":\"Strona g\u0142\u00f3wna\",\"item\":\"https:\/\/pitaya.no\/\"},{\"@type\":\"ListItem\",\"position\":2,\"name\":\"Sklep\",\"item\":\"https:\/\/pitaya.no\/sklep\/\"},{\"@type\":\"ListItem\",\"position\":3,\"name\":\"WISH ME PEH Od\u017cywka zbalansowana do wysokiej porowato\u015bci, 200 ml &#8211; Anwen\"}]},{\"@type\":\"WebSite\",\"@id\":\"https:\/\/pitaya.no\/#website\",\"url\":\"https:\/\/pitaya.no\/\",\"name\":\"Pitaya.no\",\"description\":\"Polska drogeria ekologiczna w Norwegii\",\"potentialAction\":[{\"@type\":\"SearchAction\",\"target\":{\"@type\":\"EntryPoint\",\"urlTemplate\":\"https:\/\/pitaya.no\/?s={search_term_string}\"},\"query-input\":\"required name=search_term_string\"}],\"inLanguage\":\"en-GB\"}]}<\/script>\n<!-- \/ Yoast SEO Premium plugin. -->","yoast_head_json":{"title":"WISH ME PEH Od\u017cywka zbalansowana do wysokiej porowato\u015bci, 200 ml - Anwen","description":"Od\u017cywka Wish Me PEH wzmacnia, regeneruje i intensywnie nawil\u017ca w\u0142osy. Przywraca blask, g\u0142adko\u015b\u0107 i elastyczno\u015b\u0107 \u2013 idealna r\u00f3wnowaga PEH.","robots":{"index":"index","follow":"follow","max-snippet":"max-snippet:-1","max-image-preview":"max-image-preview:large","max-video-preview":"max-video-preview:-1"},"canonical":"https:\/\/pitaya.no\/en\/product\/wish-me-peh-odzywka-zbalansowana-do-wysokiej-porowatosci-200-ml-anwen\/","og_locale":"en_GB","og_type":"article","og_title":"WISH ME PEH Od\u017cywka zbalansowana do wysokiej porowato\u015bci, 200 ml - Anwen","og_description":"Od\u017cywka Wish Me PEH wzmacnia, regeneruje i intensywnie nawil\u017ca w\u0142osy. Przywraca blask, g\u0142adko\u015b\u0107 i elastyczno\u015b\u0107 \u2013 idealna r\u00f3wnowaga PEH.","og_url":"https:\/\/pitaya.no\/en\/product\/wish-me-peh-odzywka-zbalansowana-do-wysokiej-porowatosci-200-ml-anwen\/","og_site_name":"Pitaya.no","article_publisher":"https:\/\/www.facebook.com\/Pitaya.no","article_modified_time":"2026-02-21T08:08:41+00:00","og_image":[{"width":1024,"height":1024,"url":"https:\/\/pitaya.no\/wp-content\/uploads\/2025\/10\/odzywka-PEH-wysoko-1024x1024.png","type":"image\/png"}],"twitter_card":"summary_large_image","twitter_misc":{"Estimated reading time":"2 minutes"},"schema":{"@context":"https:\/\/schema.org","@graph":[{"@type":"WebPage","@id":"https:\/\/pitaya.no\/produkt\/wish-me-peh-odzywka-zbalansowana-do-wysokiej-porowatosci-200-ml-anwen\/","url":"https:\/\/pitaya.no\/produkt\/wish-me-peh-odzywka-zbalansowana-do-wysokiej-porowatosci-200-ml-anwen\/","name":"WISH ME PEH Od\u017cywka zbalansowana do wysokiej porowato\u015bci, 200 ml - Anwen","isPartOf":{"@id":"https:\/\/pitaya.no\/#website"},"datePublished":"2025-10-15T07:49:33+00:00","dateModified":"2026-02-21T08:08:41+00:00","description":"Od\u017cywka Wish Me PEH wzmacnia, regeneruje i intensywnie nawil\u017ca w\u0142osy. Przywraca blask, g\u0142adko\u015b\u0107 i elastyczno\u015b\u0107 \u2013 idealna r\u00f3wnowaga PEH.","breadcrumb":{"@id":"https:\/\/pitaya.no\/produkt\/wish-me-peh-odzywka-zbalansowana-do-wysokiej-porowatosci-200-ml-anwen\/#breadcrumb"},"inLanguage":"en-GB","potentialAction":[{"@type":"ReadAction","target":["https:\/\/pitaya.no\/produkt\/wish-me-peh-odzywka-zbalansowana-do-wysokiej-porowatosci-200-ml-anwen\/"]}]},{"@type":"BreadcrumbList","@id":"https:\/\/pitaya.no\/produkt\/wish-me-peh-odzywka-zbalansowana-do-wysokiej-porowatosci-200-ml-anwen\/#breadcrumb","itemListElement":[{"@type":"ListItem","position":1,"name":"Strona g\u0142\u00f3wna","item":"https:\/\/pitaya.no\/"},{"@type":"ListItem","position":2,"name":"Sklep","item":"https:\/\/pitaya.no\/sklep\/"},{"@type":"ListItem","position":3,"name":"WISH ME PEH Od\u017cywka zbalansowana do wysokiej porowato\u015bci, 200 ml &#8211; Anwen"}]},{"@type":"WebSite","@id":"https:\/\/pitaya.no\/#website","url":"https:\/\/pitaya.no\/","name":"Pitaya.no","description":"Polish organic drugstore in Norway","potentialAction":[{"@type":"SearchAction","target":{"@type":"EntryPoint","urlTemplate":"https:\/\/pitaya.no\/?s={search_term_string}"},"query-input":"required name=search_term_string"}],"inLanguage":"en-GB"}]}},"_links":{"self":[{"href":"https:\/\/pitaya.no\/en\/wp-json\/wp\/v2\/product\/6684"}],"collection":[{"href":"https:\/\/pitaya.no\/en\/wp-json\/wp\/v2\/product"}],"about":[{"href":"https:\/\/pitaya.no\/en\/wp-json\/wp\/v2\/types\/product"}],"wp:featuredmedia":[{"embeddable":true,"href":"https:\/\/pitaya.no\/en\/wp-json\/wp\/v2\/media\/6686"}],"wp:attachment":[{"href":"https:\/\/pitaya.no\/en\/wp-json\/wp\/v2\/media?parent=6684"}],"wp:term":[{"taxonomy":"product_cat","embeddable":true,"href":"https:\/\/pitaya.no\/en\/wp-json\/wp\/v2\/product_cat?post=6684"},{"taxonomy":"product_tag","embeddable":true,"href":"https:\/\/pitaya.no\/en\/wp-json\/wp\/v2\/product_tag?post=6684"},{"taxonomy":"berocket_brand","embeddable":true,"href":"https:\/\/pitaya.no\/en\/wp-json\/wp\/v2\/berocket_brand?post=6684"}],"curies":[{"name":"wp","href":"https:\/\/api.w.org\/{rel}","templated":true}]}}