{"id":6671,"date":"2025-10-14T23:27:07","date_gmt":"2025-10-14T23:27:07","guid":{"rendered":"https:\/\/pitaya.no\/?post_type=product&#038;p=6671"},"modified":"2026-02-11T21:31:22","modified_gmt":"2026-02-11T21:31:22","slug":"here-comes-the-shine-nablyszczajacy-primer-do-wlosow-wysokoporowatych-100-ml-anwen","status":"publish","type":"product","link":"https:\/\/pitaya.no\/en\/product\/here-comes-the-shine-nablyszczajacy-primer-do-wlosow-wysokoporowatych-100-ml-anwen\/","title":{"rendered":"HERE COMES THE SHINE Shine Primer for High Porosity Hair, 100 ml \u2013 Anwen"},"content":{"rendered":"<h1>HERE COMES THE SHINE Shine Primer for High Porosity Hair, 100 ml \u2013 Anwen<\/h1>\n<p data-start=\"287\" data-end=\"600\">Is your hair dry, dull, and difficult to manage? <strong data-start=\"348\" data-end=\"372\">Here Comes The Shine<\/strong> \u2013 a primer that will transform your hair&#039;s appearance after just one use. This product is designed to restore shine, smoothness, and softness to your hair, regardless of whether you dream of <strong data-start=\"539\" data-end=\"557\">shiny surface<\/strong>, Whether <strong data-start=\"563\" data-end=\"599\">bouncy curls full of life<\/strong>.<\/p>\n<h3 data-start=\"602\" data-end=\"634\"><strong data-start=\"604\" data-end=\"632\">Effects you&#039;ll love:<\/strong><\/h3>\n<ul data-start=\"635\" data-end=\"1272\">\n<li data-start=\"635\" data-end=\"798\">\n<p data-start=\"637\" data-end=\"798\"><strong data-start=\"637\" data-end=\"685\">Gives intense shine and reduces frizz<\/strong> \u2013 thanks to the synergy of active ingredients that smooth the hair and make it reflect light like a mirror.<\/p>\n<\/li>\n<li data-start=\"799\" data-end=\"1005\">\n<p data-start=\"801\" data-end=\"1005\"><strong data-start=\"801\" data-end=\"822\">Deeply moisturizes<\/strong> \u2013 natural humectants: inulin, hydrolyzed corn starch and beet root extract help retain water inside the hair, making it soft and flexible.<\/p>\n<\/li>\n<li data-start=\"1006\" data-end=\"1129\">\n<p data-start=\"1008\" data-end=\"1129\"><strong data-start=\"1008\" data-end=\"1033\">Regenerates and strengthens<\/strong> \u2013 ceramides rebuild the hair structure, improve its elasticity and protect against breakage.<\/p>\n<\/li>\n<li data-start=\"1130\" data-end=\"1272\">\n<p data-start=\"1132\" data-end=\"1272\"><strong data-start=\"1132\" data-end=\"1154\">Smoothes and nourishes<\/strong> \u2013 poppy seed, safflower and cottonseed oils make hair elastic, close the cuticles and provide a silky finish.<\/p>\n<\/li>\n<\/ul>\n<h3 data-start=\"1274\" data-end=\"1628\">\u00a0<strong data-start=\"1277\" data-end=\"1295\">How to use:<\/strong><\/h3>\n<p data-start=\"1274\" data-end=\"1628\">Apply a small amount of primer to your hands and massage into dry hair from ear level down. Leave on for at least 10 minutes. Then, proceed <strong data-start=\"1452\" data-end=\"1467\">emulsification<\/strong> \u2013 Massage conditioner in, rinse, and then shampoo. Proceed to the next steps and enjoy healthy, smooth, and shiny hair.<\/p>\n<p><span id=\"m_-1545018483237575892gmail-docs-internal-guid-f41ae6a6-7fff-a70c-e203-210b98a9bcef\"><strong>INCI Ingredients:<\/strong>\u00a0<\/span><span id=\"m_-1545018483237575892gmail-docs-internal-guid-f41ae6a6-7fff-a70c-e203-210b98a9bcef\">Papaver Somniferum Seed Oil, Gossypium Herbaceum Seed Oil, Carthamus Tinctorius Seed Oil, Aqua, Hydrogenated Rapeseed Oil, Hydrogenated Palm Oil, Glyceryl Stearate SE, Inulin, Parfum, Hydrolyzed Corn Starch, Beta Vulgaris Root Extract, Phospholipids, Sphingolipids, Tocopherol, Lactic Acid, Sodium Citrate, Pentylene Glycol, P-Anisic Acid, Phenoxyethanol, Benzoic Acid, Dehydroacetic Acid, Limonene.<\/span><\/p>\n<p>&nbsp;<\/p>","protected":false},"excerpt":{"rendered":"<p dir=\"ltr\">Is your hair dry, dull, and prone to frizz? Want mirror-smooth hair or bouncy, shiny curls? Here Comes The Shine Primer:<\/p>\n<p dir=\"ltr\"><strong>Adds shine and reduces frizz<\/strong> \u2013 thanks to the synergy of active ingredients contained in the primer, which add intense shine to the hair, making it shiny and full of life.<\/p>\n<p dir=\"ltr\"><strong>Intensively moisturizes<\/strong> \u2013 using a complex of natural humectants: inulin, hydrolyzed corn starch and beet root extract, which help retain water inside the hair for a long time.<\/p>\n<p dir=\"ltr\"><strong>Regenerates and strengthens<\/strong> \u2013 thanks to ceramides, which improve the structure of the hair, increasing its elasticity and preventing breakage.<\/p>\n<p dir=\"ltr\"><strong>Smooths<\/strong> \u2013 through nutrient-rich oils: poppy seed, safflower and cottonseed, which make the hair cuticle more elastic and smooth.<\/p>\n<p><strong>\u00a0Capacity: 100 ml<\/strong><\/p>","protected":false},"featured_media":6673,"template":"","meta":{"_themeisle_gutenberg_block_has_review":false},"product_cat":[315,316],"product_tag":[373,386,379],"berocket_brand":[275],"yoast_head":"<!-- This site is optimized with the Yoast SEO Premium plugin v21.2 (Yoast SEO v21.5) - https:\/\/yoast.com\/wordpress\/plugins\/seo\/ -->\n<title>HERE COMES THE SHINE Nab\u0142yszczaj\u0105cy primer do w\u0142os\u00f3w wysokoporowatych, 100 ml - Anwen<\/title>\n<meta name=\"description\" content=\"Odkryj Here Comes The Shine \u2013 primer do w\u0142os\u00f3w wyg\u0142adzaj\u0105cy, kt\u00f3ry nadaje po\u0142ysk, nawil\u017ca i redukuje puszenie. Blask ju\u017c po pierwszym u\u017cyciu!\" \/>\n<meta name=\"robots\" content=\"index, follow, max-snippet:-1, max-image-preview:large, max-video-preview:-1\" \/>\n<link rel=\"canonical\" href=\"https:\/\/pitaya.no\/en\/product\/here-comes-the-shine-nablyszczajacy-primer-do-wlosow-wysokoporowatych-100-ml-anwen\/\" \/>\n<meta property=\"og:locale\" content=\"en_GB\" \/>\n<meta property=\"og:type\" content=\"article\" \/>\n<meta property=\"og:title\" content=\"HERE COMES THE SHINE Nab\u0142yszczaj\u0105cy primer do w\u0142os\u00f3w wysokoporowatych, 100 ml - Anwen\" \/>\n<meta property=\"og:description\" content=\"Odkryj Here Comes The Shine \u2013 primer do w\u0142os\u00f3w wyg\u0142adzaj\u0105cy, kt\u00f3ry nadaje po\u0142ysk, nawil\u017ca i redukuje puszenie. Blask ju\u017c po pierwszym u\u017cyciu!\" \/>\n<meta property=\"og:url\" content=\"https:\/\/pitaya.no\/en\/product\/here-comes-the-shine-nablyszczajacy-primer-do-wlosow-wysokoporowatych-100-ml-anwen\/\" \/>\n<meta property=\"og:site_name\" content=\"Pitaya.no\" \/>\n<meta property=\"article:publisher\" content=\"https:\/\/www.facebook.com\/Pitaya.no\" \/>\n<meta property=\"article:modified_time\" content=\"2026-02-11T21:31:22+00:00\" \/>\n<meta property=\"og:image\" content=\"https:\/\/pitaya.no\/wp-content\/uploads\/2025\/10\/20250606_Anwen_1200-87.jpg\" \/>\n\t<meta property=\"og:image:width\" content=\"1569\" \/>\n\t<meta property=\"og:image:height\" content=\"1569\" \/>\n\t<meta property=\"og:image:type\" content=\"image\/jpeg\" \/>\n<meta name=\"twitter:card\" content=\"summary_large_image\" \/>\n<meta name=\"twitter:label1\" content=\"Estimated reading time\" \/>\n\t<meta name=\"twitter:data1\" content=\"2 minutes\" \/>\n<script type=\"application\/ld+json\" class=\"yoast-schema-graph\">{\"@context\":\"https:\/\/schema.org\",\"@graph\":[{\"@type\":\"WebPage\",\"@id\":\"https:\/\/pitaya.no\/produkt\/here-comes-the-shine-nablyszczajacy-primer-do-wlosow-wysokoporowatych-100-ml-anwen\/\",\"url\":\"https:\/\/pitaya.no\/produkt\/here-comes-the-shine-nablyszczajacy-primer-do-wlosow-wysokoporowatych-100-ml-anwen\/\",\"name\":\"HERE COMES THE SHINE Nab\u0142yszczaj\u0105cy primer do w\u0142os\u00f3w wysokoporowatych, 100 ml - Anwen\",\"isPartOf\":{\"@id\":\"https:\/\/pitaya.no\/#website\"},\"datePublished\":\"2025-10-14T23:27:07+00:00\",\"dateModified\":\"2026-02-11T21:31:22+00:00\",\"description\":\"Odkryj Here Comes The Shine \u2013 primer do w\u0142os\u00f3w wyg\u0142adzaj\u0105cy, kt\u00f3ry nadaje po\u0142ysk, nawil\u017ca i redukuje puszenie. Blask ju\u017c po pierwszym u\u017cyciu!\",\"breadcrumb\":{\"@id\":\"https:\/\/pitaya.no\/produkt\/here-comes-the-shine-nablyszczajacy-primer-do-wlosow-wysokoporowatych-100-ml-anwen\/#breadcrumb\"},\"inLanguage\":\"en-GB\",\"potentialAction\":[{\"@type\":\"ReadAction\",\"target\":[\"https:\/\/pitaya.no\/produkt\/here-comes-the-shine-nablyszczajacy-primer-do-wlosow-wysokoporowatych-100-ml-anwen\/\"]}]},{\"@type\":\"BreadcrumbList\",\"@id\":\"https:\/\/pitaya.no\/produkt\/here-comes-the-shine-nablyszczajacy-primer-do-wlosow-wysokoporowatych-100-ml-anwen\/#breadcrumb\",\"itemListElement\":[{\"@type\":\"ListItem\",\"position\":1,\"name\":\"Strona g\u0142\u00f3wna\",\"item\":\"https:\/\/pitaya.no\/\"},{\"@type\":\"ListItem\",\"position\":2,\"name\":\"Sklep\",\"item\":\"https:\/\/pitaya.no\/sklep\/\"},{\"@type\":\"ListItem\",\"position\":3,\"name\":\"HERE COMES THE SHINE Nab\u0142yszczaj\u0105cy primer do w\u0142os\u00f3w wysokoporowatych, 100 ml &#8211; Anwen\"}]},{\"@type\":\"WebSite\",\"@id\":\"https:\/\/pitaya.no\/#website\",\"url\":\"https:\/\/pitaya.no\/\",\"name\":\"Pitaya.no\",\"description\":\"Polska drogeria ekologiczna w Norwegii\",\"potentialAction\":[{\"@type\":\"SearchAction\",\"target\":{\"@type\":\"EntryPoint\",\"urlTemplate\":\"https:\/\/pitaya.no\/?s={search_term_string}\"},\"query-input\":\"required name=search_term_string\"}],\"inLanguage\":\"en-GB\"}]}<\/script>\n<!-- \/ Yoast SEO Premium plugin. -->","yoast_head_json":{"title":"HERE COMES THE SHINE Shine Primer for High Porosity Hair, 100 ml - Anwen","description":"Odkryj Here Comes The Shine \u2013 primer do w\u0142os\u00f3w wyg\u0142adzaj\u0105cy, kt\u00f3ry nadaje po\u0142ysk, nawil\u017ca i redukuje puszenie. Blask ju\u017c po pierwszym u\u017cyciu!","robots":{"index":"index","follow":"follow","max-snippet":"max-snippet:-1","max-image-preview":"max-image-preview:large","max-video-preview":"max-video-preview:-1"},"canonical":"https:\/\/pitaya.no\/en\/product\/here-comes-the-shine-nablyszczajacy-primer-do-wlosow-wysokoporowatych-100-ml-anwen\/","og_locale":"en_GB","og_type":"article","og_title":"HERE COMES THE SHINE Nab\u0142yszczaj\u0105cy primer do w\u0142os\u00f3w wysokoporowatych, 100 ml - Anwen","og_description":"Odkryj Here Comes The Shine \u2013 primer do w\u0142os\u00f3w wyg\u0142adzaj\u0105cy, kt\u00f3ry nadaje po\u0142ysk, nawil\u017ca i redukuje puszenie. Blask ju\u017c po pierwszym u\u017cyciu!","og_url":"https:\/\/pitaya.no\/en\/product\/here-comes-the-shine-nablyszczajacy-primer-do-wlosow-wysokoporowatych-100-ml-anwen\/","og_site_name":"Pitaya.no","article_publisher":"https:\/\/www.facebook.com\/Pitaya.no","article_modified_time":"2026-02-11T21:31:22+00:00","og_image":[{"width":1569,"height":1569,"url":"https:\/\/pitaya.no\/wp-content\/uploads\/2025\/10\/20250606_Anwen_1200-87.jpg","type":"image\/jpeg"}],"twitter_card":"summary_large_image","twitter_misc":{"Estimated reading time":"2 minutes"},"schema":{"@context":"https:\/\/schema.org","@graph":[{"@type":"WebPage","@id":"https:\/\/pitaya.no\/produkt\/here-comes-the-shine-nablyszczajacy-primer-do-wlosow-wysokoporowatych-100-ml-anwen\/","url":"https:\/\/pitaya.no\/produkt\/here-comes-the-shine-nablyszczajacy-primer-do-wlosow-wysokoporowatych-100-ml-anwen\/","name":"HERE COMES THE SHINE Shine Primer for High Porosity Hair, 100 ml - Anwen","isPartOf":{"@id":"https:\/\/pitaya.no\/#website"},"datePublished":"2025-10-14T23:27:07+00:00","dateModified":"2026-02-11T21:31:22+00:00","description":"Odkryj Here Comes The Shine \u2013 primer do w\u0142os\u00f3w wyg\u0142adzaj\u0105cy, kt\u00f3ry nadaje po\u0142ysk, nawil\u017ca i redukuje puszenie. Blask ju\u017c po pierwszym u\u017cyciu!","breadcrumb":{"@id":"https:\/\/pitaya.no\/produkt\/here-comes-the-shine-nablyszczajacy-primer-do-wlosow-wysokoporowatych-100-ml-anwen\/#breadcrumb"},"inLanguage":"en-GB","potentialAction":[{"@type":"ReadAction","target":["https:\/\/pitaya.no\/produkt\/here-comes-the-shine-nablyszczajacy-primer-do-wlosow-wysokoporowatych-100-ml-anwen\/"]}]},{"@type":"BreadcrumbList","@id":"https:\/\/pitaya.no\/produkt\/here-comes-the-shine-nablyszczajacy-primer-do-wlosow-wysokoporowatych-100-ml-anwen\/#breadcrumb","itemListElement":[{"@type":"ListItem","position":1,"name":"Strona g\u0142\u00f3wna","item":"https:\/\/pitaya.no\/"},{"@type":"ListItem","position":2,"name":"Sklep","item":"https:\/\/pitaya.no\/sklep\/"},{"@type":"ListItem","position":3,"name":"HERE COMES THE SHINE Nab\u0142yszczaj\u0105cy primer do w\u0142os\u00f3w wysokoporowatych, 100 ml &#8211; Anwen"}]},{"@type":"WebSite","@id":"https:\/\/pitaya.no\/#website","url":"https:\/\/pitaya.no\/","name":"Pitaya.no","description":"Polish organic drugstore in Norway","potentialAction":[{"@type":"SearchAction","target":{"@type":"EntryPoint","urlTemplate":"https:\/\/pitaya.no\/?s={search_term_string}"},"query-input":"required name=search_term_string"}],"inLanguage":"en-GB"}]}},"_links":{"self":[{"href":"https:\/\/pitaya.no\/en\/wp-json\/wp\/v2\/product\/6671"}],"collection":[{"href":"https:\/\/pitaya.no\/en\/wp-json\/wp\/v2\/product"}],"about":[{"href":"https:\/\/pitaya.no\/en\/wp-json\/wp\/v2\/types\/product"}],"wp:featuredmedia":[{"embeddable":true,"href":"https:\/\/pitaya.no\/en\/wp-json\/wp\/v2\/media\/6673"}],"wp:attachment":[{"href":"https:\/\/pitaya.no\/en\/wp-json\/wp\/v2\/media?parent=6671"}],"wp:term":[{"taxonomy":"product_cat","embeddable":true,"href":"https:\/\/pitaya.no\/en\/wp-json\/wp\/v2\/product_cat?post=6671"},{"taxonomy":"product_tag","embeddable":true,"href":"https:\/\/pitaya.no\/en\/wp-json\/wp\/v2\/product_tag?post=6671"},{"taxonomy":"berocket_brand","embeddable":true,"href":"https:\/\/pitaya.no\/en\/wp-json\/wp\/v2\/berocket_brand?post=6671"}],"curies":[{"name":"wp","href":"https:\/\/api.w.org\/{rel}","templated":true}]}}