{"id":6647,"date":"2025-10-14T20:28:01","date_gmt":"2025-10-14T20:28:01","guid":{"rendered":"https:\/\/pitaya.no\/?post_type=product&#038;p=6647"},"modified":"2026-02-15T19:43:21","modified_gmt":"2026-02-15T19:43:21","slug":"wrap-it-up-turban-do-wlosow-czarny-anwen","status":"publish","type":"product","link":"https:\/\/pitaya.no\/en\/product\/wrap-it-up-turban-do-wlosow-czarny-anwen\/","title":{"rendered":"WRAP IT UP hair turban black \u2013 Anwen"},"content":{"rendered":"<p data-start=\"192\" data-end=\"565\">Say goodbye to heavy, unflattering towels and discover a new way to care for your hair! <strong data-start=\"275\" data-end=\"296\">Turban Wrap It Up<\/strong> is your reliable ally in conscious care - light, absorbent and exceptionally comfortable. Made of <strong data-start=\"405\" data-end=\"438\">airy, smooth cotton<\/strong> with an admixture of elastane, it adapts perfectly to the head and stays in place thanks to <strong data-start=\"531\" data-end=\"562\">practical rubber loop<\/strong>.<\/p>\n<p data-start=\"567\" data-end=\"745\">Perfect for both short and long hair, it will make your daily care easier and you will always look chic, even with a turban on your head.<\/p>\n<h3 data-start=\"752\" data-end=\"798\"><strong data-start=\"756\" data-end=\"798\">Why is it worth having a Wrap It Up turban?<\/strong><\/h3>\n<ul data-start=\"800\" data-end=\"1360\">\n<li data-start=\"800\" data-end=\"920\">\n<p data-start=\"802\" data-end=\"920\"><strong data-start=\"805\" data-end=\"825\">After washing your hair<\/strong> \u2014 gently dries hair without the harsh friction of a regular towel, reducing drying time.<\/p>\n<\/li>\n<li data-start=\"921\" data-end=\"1052\">\n<p data-start=\"923\" data-end=\"1052\"><strong data-start=\"926\" data-end=\"936\">For the night<\/strong> \u2014 perfect for our mask <strong data-start=\"963\" data-end=\"982\">Sleeping Beauty<\/strong>, if you want to protect your pillow and increase the effectiveness of care.<\/p>\n<\/li>\n<li data-start=\"1053\" data-end=\"1184\">\n<p data-start=\"1055\" data-end=\"1184\"><strong data-start=\"1058\" data-end=\"1094\">During beauty treatments<\/strong> \u2014 keeps hair in check when applying masks, oiling or facial care.<\/p>\n<\/li>\n<li data-start=\"1185\" data-end=\"1249\">\n<p data-start=\"1187\" data-end=\"1249\"><strong data-start=\"1190\" data-end=\"1206\">For plopping<\/strong> \u2014 will help bring out the natural curl of your hair.<\/p>\n<\/li>\n<li data-start=\"1250\" data-end=\"1360\">\n<p data-start=\"1252\" data-end=\"1360\"><strong data-start=\"1258\" data-end=\"1276\">Always stylish<\/strong> \u2014 smooth, black material makes even home care elegant.<\/p>\n<\/li>\n<\/ul>\n<h3 data-start=\"1367\" data-end=\"1386\"><strong data-start=\"1371\" data-end=\"1386\">How to use?<\/strong><\/h3>\n<ol data-start=\"1387\" data-end=\"1539\">\n<li data-start=\"1387\" data-end=\"1415\">\n<p data-start=\"1390\" data-end=\"1415\">Tilt your head forward.<\/p>\n<\/li>\n<li data-start=\"1416\" data-end=\"1455\">\n<p data-start=\"1419\" data-end=\"1455\">Put on a turban and place your hair in it.<\/p>\n<\/li>\n<li data-start=\"1456\" data-end=\"1484\">\n<p data-start=\"1459\" data-end=\"1484\">Roll the material into a roll.<\/p>\n<\/li>\n<li data-start=\"1485\" data-end=\"1539\">\n<p data-start=\"1488\" data-end=\"1539\">Fasten at the back with the elastic loop - done!<\/p>\n<\/li>\n<\/ol>\n<h3 data-start=\"1546\" data-end=\"1573\"><strong data-start=\"1550\" data-end=\"1573\">Composition and origin<\/strong><\/h3>\n<ul data-start=\"1574\" data-end=\"1681\">\n<li data-start=\"1574\" data-end=\"1601\">\n<p data-start=\"1576\" data-end=\"1601\">93% cotton, 7% elastane<\/p>\n<\/li>\n<li data-start=\"1602\" data-end=\"1625\">\n<p data-start=\"1604\" data-end=\"1625\">Weight: 210 g\/m\u00b2<\/p>\n<\/li>\n<li data-start=\"1626\" data-end=\"1681\">\n<p data-start=\"1628\" data-end=\"1681\">Sewn in Poland from material produced in Poland<\/p>\n<\/li>\n<\/ul>","protected":false},"excerpt":{"rendered":"<p><strong data-start=\"111\" data-end=\"132\">Turban Wrap It Up<\/strong> This elegant, lightweight, and absorbent turban is made of smooth cotton. It gently dries hair, protects it from damage, and makes it easier to care for. Thanks to the elastane blend and elastic loop, it fits perfectly on the head. Made in Poland.<\/p>","protected":false},"featured_media":6649,"template":"","meta":{"_themeisle_gutenberg_block_has_review":false},"product_cat":[332],"product_tag":[374,373],"berocket_brand":[275],"yoast_head":"<!-- This site is optimized with the Yoast SEO Premium plugin v21.2 (Yoast SEO v21.5) - https:\/\/yoast.com\/wordpress\/plugins\/seo\/ -->\n<title>WRAP IT UP turban do w\u0142os\u00f3w czarny - Anwen<\/title>\n<meta name=\"description\" content=\"Stylowy turban Wrap It Up z g\u0142adkiej bawe\u0142ny. Ch\u0142onny, lekki i wygodny \u2013 idealny do suszenia, piel\u0119gnacji i ochrony w\u0142os\u00f3w. Szyty w Polsce.\" \/>\n<meta name=\"robots\" content=\"index, follow, max-snippet:-1, max-image-preview:large, max-video-preview:-1\" \/>\n<link rel=\"canonical\" href=\"https:\/\/pitaya.no\/en\/product\/wrap-it-up-turban-do-wlosow-czarny-anwen\/\" \/>\n<meta property=\"og:locale\" content=\"en_GB\" \/>\n<meta property=\"og:type\" content=\"article\" \/>\n<meta property=\"og:title\" content=\"WRAP IT UP turban do w\u0142os\u00f3w czarny - Anwen\" \/>\n<meta property=\"og:description\" content=\"Stylowy turban Wrap It Up z g\u0142adkiej bawe\u0142ny. Ch\u0142onny, lekki i wygodny \u2013 idealny do suszenia, piel\u0119gnacji i ochrony w\u0142os\u00f3w. Szyty w Polsce.\" \/>\n<meta property=\"og:url\" content=\"https:\/\/pitaya.no\/en\/product\/wrap-it-up-turban-do-wlosow-czarny-anwen\/\" \/>\n<meta property=\"og:site_name\" content=\"Pitaya.no\" \/>\n<meta property=\"article:publisher\" content=\"https:\/\/www.facebook.com\/Pitaya.no\" \/>\n<meta property=\"article:modified_time\" content=\"2026-02-15T19:43:21+00:00\" \/>\n<meta property=\"og:image\" content=\"https:\/\/pitaya.no\/wp-content\/uploads\/2025\/10\/Pudelko-Turban-Odbicie-1.jpg\" \/>\n\t<meta property=\"og:image:width\" content=\"1840\" \/>\n\t<meta property=\"og:image:height\" content=\"1840\" \/>\n\t<meta property=\"og:image:type\" content=\"image\/jpeg\" \/>\n<meta name=\"twitter:card\" content=\"summary_large_image\" \/>\n<meta name=\"twitter:label1\" content=\"Estimated reading time\" \/>\n\t<meta name=\"twitter:data1\" content=\"2 minutes\" \/>\n<script type=\"application\/ld+json\" class=\"yoast-schema-graph\">{\"@context\":\"https:\/\/schema.org\",\"@graph\":[{\"@type\":\"WebPage\",\"@id\":\"https:\/\/pitaya.no\/produkt\/wrap-it-up-turban-do-wlosow-czarny-anwen\/\",\"url\":\"https:\/\/pitaya.no\/produkt\/wrap-it-up-turban-do-wlosow-czarny-anwen\/\",\"name\":\"WRAP IT UP turban do w\u0142os\u00f3w czarny - Anwen\",\"isPartOf\":{\"@id\":\"https:\/\/pitaya.no\/#website\"},\"datePublished\":\"2025-10-14T20:28:01+00:00\",\"dateModified\":\"2026-02-15T19:43:21+00:00\",\"description\":\"Stylowy turban Wrap It Up z g\u0142adkiej bawe\u0142ny. Ch\u0142onny, lekki i wygodny \u2013 idealny do suszenia, piel\u0119gnacji i ochrony w\u0142os\u00f3w. Szyty w Polsce.\",\"breadcrumb\":{\"@id\":\"https:\/\/pitaya.no\/produkt\/wrap-it-up-turban-do-wlosow-czarny-anwen\/#breadcrumb\"},\"inLanguage\":\"en-GB\",\"potentialAction\":[{\"@type\":\"ReadAction\",\"target\":[\"https:\/\/pitaya.no\/produkt\/wrap-it-up-turban-do-wlosow-czarny-anwen\/\"]}]},{\"@type\":\"BreadcrumbList\",\"@id\":\"https:\/\/pitaya.no\/produkt\/wrap-it-up-turban-do-wlosow-czarny-anwen\/#breadcrumb\",\"itemListElement\":[{\"@type\":\"ListItem\",\"position\":1,\"name\":\"Strona g\u0142\u00f3wna\",\"item\":\"https:\/\/pitaya.no\/\"},{\"@type\":\"ListItem\",\"position\":2,\"name\":\"Sklep\",\"item\":\"https:\/\/pitaya.no\/sklep\/\"},{\"@type\":\"ListItem\",\"position\":3,\"name\":\"WRAP IT UP turban do w\u0142os\u00f3w czarny &#8211; Anwen\"}]},{\"@type\":\"WebSite\",\"@id\":\"https:\/\/pitaya.no\/#website\",\"url\":\"https:\/\/pitaya.no\/\",\"name\":\"Pitaya.no\",\"description\":\"Polska drogeria ekologiczna w Norwegii\",\"potentialAction\":[{\"@type\":\"SearchAction\",\"target\":{\"@type\":\"EntryPoint\",\"urlTemplate\":\"https:\/\/pitaya.no\/?s={search_term_string}\"},\"query-input\":\"required name=search_term_string\"}],\"inLanguage\":\"en-GB\"}]}<\/script>\n<!-- \/ Yoast SEO Premium plugin. -->","yoast_head_json":{"title":"WRAP IT UP hair turban black - Anwen","description":"Stylowy turban Wrap It Up z g\u0142adkiej bawe\u0142ny. Ch\u0142onny, lekki i wygodny \u2013 idealny do suszenia, piel\u0119gnacji i ochrony w\u0142os\u00f3w. Szyty w Polsce.","robots":{"index":"index","follow":"follow","max-snippet":"max-snippet:-1","max-image-preview":"max-image-preview:large","max-video-preview":"max-video-preview:-1"},"canonical":"https:\/\/pitaya.no\/en\/product\/wrap-it-up-turban-do-wlosow-czarny-anwen\/","og_locale":"en_GB","og_type":"article","og_title":"WRAP IT UP turban do w\u0142os\u00f3w czarny - Anwen","og_description":"Stylowy turban Wrap It Up z g\u0142adkiej bawe\u0142ny. Ch\u0142onny, lekki i wygodny \u2013 idealny do suszenia, piel\u0119gnacji i ochrony w\u0142os\u00f3w. Szyty w Polsce.","og_url":"https:\/\/pitaya.no\/en\/product\/wrap-it-up-turban-do-wlosow-czarny-anwen\/","og_site_name":"Pitaya.no","article_publisher":"https:\/\/www.facebook.com\/Pitaya.no","article_modified_time":"2026-02-15T19:43:21+00:00","og_image":[{"width":1840,"height":1840,"url":"https:\/\/pitaya.no\/wp-content\/uploads\/2025\/10\/Pudelko-Turban-Odbicie-1.jpg","type":"image\/jpeg"}],"twitter_card":"summary_large_image","twitter_misc":{"Estimated reading time":"2 minutes"},"schema":{"@context":"https:\/\/schema.org","@graph":[{"@type":"WebPage","@id":"https:\/\/pitaya.no\/produkt\/wrap-it-up-turban-do-wlosow-czarny-anwen\/","url":"https:\/\/pitaya.no\/produkt\/wrap-it-up-turban-do-wlosow-czarny-anwen\/","name":"WRAP IT UP hair turban black - Anwen","isPartOf":{"@id":"https:\/\/pitaya.no\/#website"},"datePublished":"2025-10-14T20:28:01+00:00","dateModified":"2026-02-15T19:43:21+00:00","description":"Stylowy turban Wrap It Up z g\u0142adkiej bawe\u0142ny. Ch\u0142onny, lekki i wygodny \u2013 idealny do suszenia, piel\u0119gnacji i ochrony w\u0142os\u00f3w. Szyty w Polsce.","breadcrumb":{"@id":"https:\/\/pitaya.no\/produkt\/wrap-it-up-turban-do-wlosow-czarny-anwen\/#breadcrumb"},"inLanguage":"en-GB","potentialAction":[{"@type":"ReadAction","target":["https:\/\/pitaya.no\/produkt\/wrap-it-up-turban-do-wlosow-czarny-anwen\/"]}]},{"@type":"BreadcrumbList","@id":"https:\/\/pitaya.no\/produkt\/wrap-it-up-turban-do-wlosow-czarny-anwen\/#breadcrumb","itemListElement":[{"@type":"ListItem","position":1,"name":"Strona g\u0142\u00f3wna","item":"https:\/\/pitaya.no\/"},{"@type":"ListItem","position":2,"name":"Sklep","item":"https:\/\/pitaya.no\/sklep\/"},{"@type":"ListItem","position":3,"name":"WRAP IT UP turban do w\u0142os\u00f3w czarny &#8211; Anwen"}]},{"@type":"WebSite","@id":"https:\/\/pitaya.no\/#website","url":"https:\/\/pitaya.no\/","name":"Pitaya.no","description":"Polish organic drugstore in Norway","potentialAction":[{"@type":"SearchAction","target":{"@type":"EntryPoint","urlTemplate":"https:\/\/pitaya.no\/?s={search_term_string}"},"query-input":"required name=search_term_string"}],"inLanguage":"en-GB"}]}},"_links":{"self":[{"href":"https:\/\/pitaya.no\/en\/wp-json\/wp\/v2\/product\/6647"}],"collection":[{"href":"https:\/\/pitaya.no\/en\/wp-json\/wp\/v2\/product"}],"about":[{"href":"https:\/\/pitaya.no\/en\/wp-json\/wp\/v2\/types\/product"}],"wp:featuredmedia":[{"embeddable":true,"href":"https:\/\/pitaya.no\/en\/wp-json\/wp\/v2\/media\/6649"}],"wp:attachment":[{"href":"https:\/\/pitaya.no\/en\/wp-json\/wp\/v2\/media?parent=6647"}],"wp:term":[{"taxonomy":"product_cat","embeddable":true,"href":"https:\/\/pitaya.no\/en\/wp-json\/wp\/v2\/product_cat?post=6647"},{"taxonomy":"product_tag","embeddable":true,"href":"https:\/\/pitaya.no\/en\/wp-json\/wp\/v2\/product_tag?post=6647"},{"taxonomy":"berocket_brand","embeddable":true,"href":"https:\/\/pitaya.no\/en\/wp-json\/wp\/v2\/berocket_brand?post=6647"}],"curies":[{"name":"wp","href":"https:\/\/api.w.org\/{rel}","templated":true}]}}