{"id":6639,"date":"2025-10-14T20:10:44","date_gmt":"2025-10-14T20:10:44","guid":{"rendered":"https:\/\/pitaya.no\/?post_type=product&#038;p=6639"},"modified":"2026-02-26T19:44:27","modified_gmt":"2026-02-26T19:44:27","slug":"turban-dry-it-up-ciemny-fiolet-anwen","status":"publish","type":"product","link":"https:\/\/pitaya.no\/en\/product\/turban-dry-it-up-ciemny-fiolet-anwen\/","title":{"rendered":"Turban Dry It Up dark purple \u2013 Anwen"},"content":{"rendered":"<h1>Turban Dry It Up dark purple \u2013 Anwen<\/h1>\n<p data-start=\"172\" data-end=\"409\">Get to know <strong data-start=\"179\" data-end=\"192\">Dry It Up<\/strong> \u2014 hair turban made of exceptionally <strong data-start=\"233\" data-end=\"278\">smooth and airy bamboo viscose<\/strong>, created especially for our brand. It&#039;s not only a practical gadget, but also an elegant element of your beauty routine.<\/p>\n<p data-start=\"411\" data-end=\"732\">Soft, absorbent and lightweight - <strong data-start=\"437\" data-end=\"457\">Dry It Up turban<\/strong> effectively dries hair after washing without causing frizz or damage. <strong data-start=\"541\" data-end=\"560\">rubber loop<\/strong> stays firmly on your head, so you can forget about towels slipping off. And what&#039;s more, it looks amazing! <strong data-start=\"684\" data-end=\"697\">chic<\/strong> in a deep shade <strong data-start=\"718\" data-end=\"729\">purple<\/strong>.<\/p>\n<h3 data-start=\"739\" data-end=\"786\"><strong data-start=\"743\" data-end=\"786\">Why choose the Dry It Up turban?<\/strong><\/h3>\n<ul data-start=\"787\" data-end=\"1369\">\n<li data-start=\"787\" data-end=\"950\">\n<p data-start=\"789\" data-end=\"950\">\u00a0<strong data-start=\"792\" data-end=\"816\">Gentle on hair<\/strong> \u2013 smooth bamboo viscose does not tug or damage the strands, so it is perfect even for thin or curly hair.<\/p>\n<\/li>\n<li data-start=\"951\" data-end=\"1043\">\n<p data-start=\"953\" data-end=\"1043\"><strong data-start=\"956\" data-end=\"981\">Absorbs water very well<\/strong> \u2013 dries hair quickly without the need for intensive rubbing.<\/p>\n<\/li>\n<li data-start=\"1044\" data-end=\"1290\">\n<p data-start=\"1046\" data-end=\"1082\"><strong data-start=\"1049\" data-end=\"1078\">Universal in care<\/strong> \u2013<\/p>\n<ul data-start=\"1085\" data-end=\"1290\">\n<li data-start=\"1085\" data-end=\"1126\">\n<p data-start=\"1087\" data-end=\"1126\">for drying hair instead of a towel,<\/p>\n<\/li>\n<li data-start=\"1129\" data-end=\"1176\">\n<p data-start=\"1131\" data-end=\"1176\">for beauty treatments (masks, oils),<\/p>\n<\/li>\n<li data-start=\"1179\" data-end=\"1238\">\n<p data-start=\"1181\" data-end=\"1238\">down <strong data-start=\"1184\" data-end=\"1197\">plopping<\/strong>if you want to bring out the natural curl,<\/p>\n<\/li>\n<li data-start=\"1241\" data-end=\"1290\">\n<p data-start=\"1243\" data-end=\"1290\">to protect hair during facial care.<\/p>\n<\/li>\n<\/ul>\n<\/li>\n<li data-start=\"1291\" data-end=\"1369\">\n<p data-start=\"1293\" data-end=\"1369\"><strong data-start=\"1298\" data-end=\"1318\">Polish production<\/strong> \u2013 turban and material entirely made in Poland.<\/p>\n<\/li>\n<\/ul>\n<h3 data-start=\"1376\" data-end=\"1413\"><strong data-start=\"1380\" data-end=\"1413\">How to use the Dry It Up turban?<\/strong><\/h3>\n<ol data-start=\"1414\" data-end=\"1650\">\n<li data-start=\"1414\" data-end=\"1483\">\n<p data-start=\"1417\" data-end=\"1483\">Tilt your head forward and put on the turban, tucking your hair into it.<\/p>\n<\/li>\n<li data-start=\"1484\" data-end=\"1565\">\n<p data-start=\"1487\" data-end=\"1565\">Wrap it with your hair and tuck the end in <strong data-start=\"1531\" data-end=\"1549\">rubber loop<\/strong> at the back of the head.<\/p>\n<\/li>\n<li data-start=\"1566\" data-end=\"1650\">\n<p data-start=\"1569\" data-end=\"1650\">Done! Your hair is drying, and you can now focus on your skincare or makeup.<\/p>\n<\/li>\n<\/ol>\n<h3 data-start=\"1657\" data-end=\"1684\"><strong data-start=\"1661\" data-end=\"1684\">Composition and care<\/strong><\/h3>\n<ul data-start=\"1685\" data-end=\"1827\">\n<li data-start=\"1685\" data-end=\"1722\">\n<p data-start=\"1687\" data-end=\"1722\"><strong data-start=\"1687\" data-end=\"1697\">Composition:<\/strong> 100% bamboo viscose<\/p>\n<\/li>\n<li data-start=\"1723\" data-end=\"1750\">\n<p data-start=\"1725\" data-end=\"1750\"><strong data-start=\"1725\" data-end=\"1739\">Weight:<\/strong> 270 g\/m\u00b2<\/p>\n<\/li>\n<li data-start=\"1751\" data-end=\"1827\">\n<p data-start=\"1753\" data-end=\"1827\"><strong data-start=\"1753\" data-end=\"1769\">Care:<\/strong> hand wash at 30\u00b0C, <strong data-start=\"1791\" data-end=\"1825\">do not tumble dry<\/strong><\/p>\n<\/li>\n<\/ul>\n<div id=\"attachment_6641\" style=\"width: 693px\" class=\"wp-caption aligncenter\"><img aria-describedby=\"caption-attachment-6641\" fetchpriority=\"high\" decoding=\"async\" class=\"size-large wp-image-6641\" src=\"https:\/\/pitaya.no\/wp-content\/uploads\/2025\/10\/IMG_1592ss-683x1024.jpg\" alt=\"TURBAN DRY IT UPciemny fiolet \" width=\"683\" height=\"1024\" srcset=\"https:\/\/pitaya.no\/wp-content\/uploads\/2025\/10\/IMG_1592ss-683x1024.jpg 683w, https:\/\/pitaya.no\/wp-content\/uploads\/2025\/10\/IMG_1592ss-200x300.jpg 200w, https:\/\/pitaya.no\/wp-content\/uploads\/2025\/10\/IMG_1592ss-768x1152.jpg 768w, https:\/\/pitaya.no\/wp-content\/uploads\/2025\/10\/IMG_1592ss-1024x1536.jpg 1024w, https:\/\/pitaya.no\/wp-content\/uploads\/2025\/10\/IMG_1592ss-8x12.jpg 8w, https:\/\/pitaya.no\/wp-content\/uploads\/2025\/10\/IMG_1592ss-600x900.jpg 600w, https:\/\/pitaya.no\/wp-content\/uploads\/2025\/10\/IMG_1592ss-36x54.jpg 36w, https:\/\/pitaya.no\/wp-content\/uploads\/2025\/10\/IMG_1592ss-64x96.jpg 64w, https:\/\/pitaya.no\/wp-content\/uploads\/2025\/10\/IMG_1592ss.jpg 1280w\" sizes=\"(max-width: 683px) 100vw, 683px\" \/><p id=\"caption-attachment-6641\" class=\"wp-caption-text\">Turban Dry It Up<br \/>dark purple<\/p><\/div>","protected":false},"excerpt":{"rendered":"<p>The Dry It Up Turban, made of airy and smooth bamboo viscose, is the best friend of every woman who cares about her hair. Specially woven for us <strong>It absorbs water very well and the rubber loop protects the turban from accidentally unwinding.<\/strong>No more parading around in an unflattering towel that keeps slipping and unwinding! This sleek turban\u2014in a beautiful shade of deep purple\u2014will make hair care convenient and easy, while still looking chic.<\/p>","protected":false},"featured_media":6642,"template":"","meta":{"_themeisle_gutenberg_block_has_review":false},"product_cat":[332],"product_tag":[374,373],"berocket_brand":[275],"yoast_head":"<!-- This site is optimized with the Yoast SEO Premium plugin v21.2 (Yoast SEO v21.5) - https:\/\/yoast.com\/wordpress\/plugins\/seo\/ -->\n<title>TURBAN DRY IT UP ciemny fiolet - Anwen<\/title>\n<meta name=\"description\" content=\"Turban do w\u0142os\u00f3w Dry It Up z wiskozy bambusowej \u2014 delikatny, ch\u0142onny i stylowy. Osuszaj w\u0142osy bez puszenia i dbaj o nie \u015bwiadomie ka\u017cdego dnia.\" \/>\n<meta name=\"robots\" content=\"index, follow, max-snippet:-1, max-image-preview:large, max-video-preview:-1\" \/>\n<link rel=\"canonical\" href=\"https:\/\/pitaya.no\/en\/product\/turban-dry-it-up-ciemny-fiolet-anwen\/\" \/>\n<meta property=\"og:locale\" content=\"en_GB\" \/>\n<meta property=\"og:type\" content=\"article\" \/>\n<meta property=\"og:title\" content=\"TURBAN DRY IT UP ciemny fiolet - Anwen\" \/>\n<meta property=\"og:description\" content=\"Turban do w\u0142os\u00f3w Dry It Up z wiskozy bambusowej \u2014 delikatny, ch\u0142onny i stylowy. Osuszaj w\u0142osy bez puszenia i dbaj o nie \u015bwiadomie ka\u017cdego dnia.\" \/>\n<meta property=\"og:url\" content=\"https:\/\/pitaya.no\/en\/product\/turban-dry-it-up-ciemny-fiolet-anwen\/\" \/>\n<meta property=\"og:site_name\" content=\"Pitaya.no\" \/>\n<meta property=\"article:publisher\" content=\"https:\/\/www.facebook.com\/Pitaya.no\" \/>\n<meta property=\"article:modified_time\" content=\"2026-02-26T19:44:27+00:00\" \/>\n<meta property=\"og:image\" content=\"https:\/\/pitaya.no\/wp-content\/uploads\/2025\/10\/Anwen_bawelniana_scrunchie_cien.jpg\" \/>\n\t<meta property=\"og:image:width\" content=\"1840\" \/>\n\t<meta property=\"og:image:height\" content=\"1840\" \/>\n\t<meta property=\"og:image:type\" content=\"image\/jpeg\" \/>\n<meta name=\"twitter:card\" content=\"summary_large_image\" \/>\n<meta name=\"twitter:label1\" content=\"Estimated reading time\" \/>\n\t<meta name=\"twitter:data1\" content=\"2 minutes\" \/>\n<script type=\"application\/ld+json\" class=\"yoast-schema-graph\">{\"@context\":\"https:\/\/schema.org\",\"@graph\":[{\"@type\":\"WebPage\",\"@id\":\"https:\/\/pitaya.no\/produkt\/turban-dry-it-up-ciemny-fiolet-anwen\/\",\"url\":\"https:\/\/pitaya.no\/produkt\/turban-dry-it-up-ciemny-fiolet-anwen\/\",\"name\":\"TURBAN DRY IT UP ciemny fiolet - Anwen\",\"isPartOf\":{\"@id\":\"https:\/\/pitaya.no\/#website\"},\"datePublished\":\"2025-10-14T20:10:44+00:00\",\"dateModified\":\"2026-02-26T19:44:27+00:00\",\"description\":\"Turban do w\u0142os\u00f3w Dry It Up z wiskozy bambusowej \u2014 delikatny, ch\u0142onny i stylowy. Osuszaj w\u0142osy bez puszenia i dbaj o nie \u015bwiadomie ka\u017cdego dnia.\",\"breadcrumb\":{\"@id\":\"https:\/\/pitaya.no\/produkt\/turban-dry-it-up-ciemny-fiolet-anwen\/#breadcrumb\"},\"inLanguage\":\"en-GB\",\"potentialAction\":[{\"@type\":\"ReadAction\",\"target\":[\"https:\/\/pitaya.no\/produkt\/turban-dry-it-up-ciemny-fiolet-anwen\/\"]}]},{\"@type\":\"BreadcrumbList\",\"@id\":\"https:\/\/pitaya.no\/produkt\/turban-dry-it-up-ciemny-fiolet-anwen\/#breadcrumb\",\"itemListElement\":[{\"@type\":\"ListItem\",\"position\":1,\"name\":\"Strona g\u0142\u00f3wna\",\"item\":\"https:\/\/pitaya.no\/\"},{\"@type\":\"ListItem\",\"position\":2,\"name\":\"Sklep\",\"item\":\"https:\/\/pitaya.no\/sklep\/\"},{\"@type\":\"ListItem\",\"position\":3,\"name\":\"TURBAN DRY IT UP ciemny fiolet &#8211; Anwen\"}]},{\"@type\":\"WebSite\",\"@id\":\"https:\/\/pitaya.no\/#website\",\"url\":\"https:\/\/pitaya.no\/\",\"name\":\"Pitaya.no\",\"description\":\"Polska drogeria ekologiczna w Norwegii\",\"potentialAction\":[{\"@type\":\"SearchAction\",\"target\":{\"@type\":\"EntryPoint\",\"urlTemplate\":\"https:\/\/pitaya.no\/?s={search_term_string}\"},\"query-input\":\"required name=search_term_string\"}],\"inLanguage\":\"en-GB\"}]}<\/script>\n<!-- \/ Yoast SEO Premium plugin. -->","yoast_head_json":{"title":"TURBAN DRY IT UP ciemny fiolet - Anwen","description":"Turban do w\u0142os\u00f3w Dry It Up z wiskozy bambusowej \u2014 delikatny, ch\u0142onny i stylowy. Osuszaj w\u0142osy bez puszenia i dbaj o nie \u015bwiadomie ka\u017cdego dnia.","robots":{"index":"index","follow":"follow","max-snippet":"max-snippet:-1","max-image-preview":"max-image-preview:large","max-video-preview":"max-video-preview:-1"},"canonical":"https:\/\/pitaya.no\/en\/product\/turban-dry-it-up-ciemny-fiolet-anwen\/","og_locale":"en_GB","og_type":"article","og_title":"TURBAN DRY IT UP ciemny fiolet - Anwen","og_description":"Turban do w\u0142os\u00f3w Dry It Up z wiskozy bambusowej \u2014 delikatny, ch\u0142onny i stylowy. Osuszaj w\u0142osy bez puszenia i dbaj o nie \u015bwiadomie ka\u017cdego dnia.","og_url":"https:\/\/pitaya.no\/en\/product\/turban-dry-it-up-ciemny-fiolet-anwen\/","og_site_name":"Pitaya.no","article_publisher":"https:\/\/www.facebook.com\/Pitaya.no","article_modified_time":"2026-02-26T19:44:27+00:00","og_image":[{"width":1840,"height":1840,"url":"https:\/\/pitaya.no\/wp-content\/uploads\/2025\/10\/Anwen_bawelniana_scrunchie_cien.jpg","type":"image\/jpeg"}],"twitter_card":"summary_large_image","twitter_misc":{"Estimated reading time":"2 minutes"},"schema":{"@context":"https:\/\/schema.org","@graph":[{"@type":"WebPage","@id":"https:\/\/pitaya.no\/produkt\/turban-dry-it-up-ciemny-fiolet-anwen\/","url":"https:\/\/pitaya.no\/produkt\/turban-dry-it-up-ciemny-fiolet-anwen\/","name":"TURBAN DRY IT UP ciemny fiolet - Anwen","isPartOf":{"@id":"https:\/\/pitaya.no\/#website"},"datePublished":"2025-10-14T20:10:44+00:00","dateModified":"2026-02-26T19:44:27+00:00","description":"Turban do w\u0142os\u00f3w Dry It Up z wiskozy bambusowej \u2014 delikatny, ch\u0142onny i stylowy. Osuszaj w\u0142osy bez puszenia i dbaj o nie \u015bwiadomie ka\u017cdego dnia.","breadcrumb":{"@id":"https:\/\/pitaya.no\/produkt\/turban-dry-it-up-ciemny-fiolet-anwen\/#breadcrumb"},"inLanguage":"en-GB","potentialAction":[{"@type":"ReadAction","target":["https:\/\/pitaya.no\/produkt\/turban-dry-it-up-ciemny-fiolet-anwen\/"]}]},{"@type":"BreadcrumbList","@id":"https:\/\/pitaya.no\/produkt\/turban-dry-it-up-ciemny-fiolet-anwen\/#breadcrumb","itemListElement":[{"@type":"ListItem","position":1,"name":"Strona g\u0142\u00f3wna","item":"https:\/\/pitaya.no\/"},{"@type":"ListItem","position":2,"name":"Sklep","item":"https:\/\/pitaya.no\/sklep\/"},{"@type":"ListItem","position":3,"name":"TURBAN DRY IT UP ciemny fiolet &#8211; Anwen"}]},{"@type":"WebSite","@id":"https:\/\/pitaya.no\/#website","url":"https:\/\/pitaya.no\/","name":"Pitaya.no","description":"Polish organic drugstore in Norway","potentialAction":[{"@type":"SearchAction","target":{"@type":"EntryPoint","urlTemplate":"https:\/\/pitaya.no\/?s={search_term_string}"},"query-input":"required name=search_term_string"}],"inLanguage":"en-GB"}]}},"_links":{"self":[{"href":"https:\/\/pitaya.no\/en\/wp-json\/wp\/v2\/product\/6639"}],"collection":[{"href":"https:\/\/pitaya.no\/en\/wp-json\/wp\/v2\/product"}],"about":[{"href":"https:\/\/pitaya.no\/en\/wp-json\/wp\/v2\/types\/product"}],"wp:featuredmedia":[{"embeddable":true,"href":"https:\/\/pitaya.no\/en\/wp-json\/wp\/v2\/media\/6642"}],"wp:attachment":[{"href":"https:\/\/pitaya.no\/en\/wp-json\/wp\/v2\/media?parent=6639"}],"wp:term":[{"taxonomy":"product_cat","embeddable":true,"href":"https:\/\/pitaya.no\/en\/wp-json\/wp\/v2\/product_cat?post=6639"},{"taxonomy":"product_tag","embeddable":true,"href":"https:\/\/pitaya.no\/en\/wp-json\/wp\/v2\/product_tag?post=6639"},{"taxonomy":"berocket_brand","embeddable":true,"href":"https:\/\/pitaya.no\/en\/wp-json\/wp\/v2\/berocket_brand?post=6639"}],"curies":[{"name":"wp","href":"https:\/\/api.w.org\/{rel}","templated":true}]}}