{"id":6631,"date":"2025-10-06T20:44:37","date_gmt":"2025-10-06T20:44:37","guid":{"rendered":"https:\/\/pitaya.no\/?post_type=product&#038;p=6631"},"modified":"2026-02-17T01:37:47","modified_gmt":"2026-02-17T01:37:47","slug":"hairbrush-drewniana-szczotka-do-wlosow-anwen","status":"publish","type":"product","link":"https:\/\/pitaya.no\/en\/product\/hairbrush-drewniana-szczotka-do-wlosow-anwen\/","title":{"rendered":"HAIRBRUSH wooden hairbrush \u2013 Anwen"},"content":{"rendered":"<h1>HAIRBRUSH wooden hairbrush \u2013 Anwen<\/h1>\n<p data-start=\"189\" data-end=\"370\">The brush handle is made of natural, ecological, certified beech wood. <strong data-start=\"282\" data-end=\"290\">FSC\u00ae<\/strong>, which confirms that the raw material comes from responsibly managed forests.<\/p>\n<p data-start=\"372\" data-end=\"604\">The brush is perfect for everyday hair styling \u2013 you can also use it when drying your hair <strong data-start=\"487\" data-end=\"528\">cool or lukewarm air from the dryer<\/strong>.<br data-start=\"529\" data-end=\"532\" \/><strong data-start=\"535\" data-end=\"545\">Attention:<\/strong> Avoid contact of the brush with hot parts of the dryer.<\/p>\n<p data-start=\"606\" data-end=\"792\">The product is in <strong data-start=\"621\" data-end=\"638\">100% vegan<\/strong> \u2013 does not contain any animal-derived ingredients. The wooden handle is <strong data-start=\"719\" data-end=\"736\">biodegradation<\/strong>, making the brush environmentally friendly.<\/p>\n<p data-start=\"794\" data-end=\"995\">Inside the pillow there is <strong data-start=\"827\" data-end=\"849\">ventilation hole<\/strong>which allows air to circulate. This <strong data-start=\"892\" data-end=\"927\">natural structural element<\/strong>, ensuring proper operation of the brush and not a product defect.<\/p>\n<p data-start=\"997\" data-end=\"1027\">\u2714\ufe0f <strong data-start=\"1000\" data-end=\"1027\">Made in Poland.<\/strong><\/p>\n<p><iframe title=\"ANWEN HAIRBRUSH \/\/ How to brush your hair? How to clean your brush?\" width=\"960\" height=\"540\" src=\"https:\/\/www.youtube.com\/embed\/dn9sNcH151I?feature=oembed\" frameborder=\"0\" allow=\"accelerometer; autoplay; clipboard-write; encrypted-media; gyroscope; picture-in-picture; web-share\" referrerpolicy=\"strict-origin-when-cross-origin\" allowfullscreen><\/iframe><\/p>\n<div id=\"attachment_6633\" style=\"width: 693px\" class=\"wp-caption aligncenter\"><img aria-describedby=\"caption-attachment-6633\" fetchpriority=\"high\" decoding=\"async\" class=\"size-large wp-image-6633\" src=\"https:\/\/pitaya.no\/wp-content\/uploads\/2025\/10\/20250806_Anwen_1200-11-683x1024.jpg\" alt=\"HAIRBRUSH drewniana szczotka do w\u0142os\u00f3w\" width=\"683\" height=\"1024\" srcset=\"https:\/\/pitaya.no\/wp-content\/uploads\/2025\/10\/20250806_Anwen_1200-11-683x1024.jpg 683w, https:\/\/pitaya.no\/wp-content\/uploads\/2025\/10\/20250806_Anwen_1200-11-200x300.jpg 200w, https:\/\/pitaya.no\/wp-content\/uploads\/2025\/10\/20250806_Anwen_1200-11-768x1152.jpg 768w, https:\/\/pitaya.no\/wp-content\/uploads\/2025\/10\/20250806_Anwen_1200-11-8x12.jpg 8w, https:\/\/pitaya.no\/wp-content\/uploads\/2025\/10\/20250806_Anwen_1200-11-600x900.jpg 600w, https:\/\/pitaya.no\/wp-content\/uploads\/2025\/10\/20250806_Anwen_1200-11-36x54.jpg 36w, https:\/\/pitaya.no\/wp-content\/uploads\/2025\/10\/20250806_Anwen_1200-11-64x96.jpg 64w, https:\/\/pitaya.no\/wp-content\/uploads\/2025\/10\/20250806_Anwen_1200-11.jpg 800w\" sizes=\"(max-width: 683px) 100vw, 683px\" \/><p id=\"caption-attachment-6633\" class=\"wp-caption-text\">HAIRBRUSH wooden hairbrush<\/p><\/div>","protected":false},"excerpt":{"rendered":"<p><strong>Want perfectly detangled hair without tugging, breaking, or pulling? Our wooden hairbrush does all of this\u2026 and more.<\/strong><\/p>\n<p>Wide, rectangular paddle brush <strong>allows you to gently comb even long, thick hair<\/strong>. It has <strong>antistatic properties and does not increase static electricity, does not pull out hair<\/strong>Thanks to the flexible plastic pins and the 100% rubber pneumatic cushion, the product <strong>also suitable for scalp massage.<\/strong> Each brush pin is tipped with a ball, which forms a single unit with the brush\u2014you don&#039;t have to worry about your brush pins scratching and irritating your scalp over time. We designed our brush with women of all hair types and hair care routines in mind. With the Anwen Hair Brush, every detangling or scalp massage will become a true pleasure.<\/p>","protected":false},"featured_media":6635,"template":"","meta":{"_themeisle_gutenberg_block_has_review":false},"product_cat":[332],"product_tag":[374,373,376],"berocket_brand":[275],"yoast_head":"<!-- This site is optimized with the Yoast SEO Premium plugin v21.2 (Yoast SEO v21.5) - https:\/\/yoast.com\/wordpress\/plugins\/seo\/ -->\n<title>HAIRBRUSH drewniana szczotka do w\u0142os\u00f3w - Anwen<\/title>\n<meta name=\"description\" content=\"Ekologiczna szczotka do w\u0142os\u00f3w z drewna bukowego FSC\u00ae. Biodegradowalna, wega\u0144ska i przyjazna \u015brodowisku. Wyprodukowana w Polsce.\" \/>\n<meta name=\"robots\" content=\"index, follow, max-snippet:-1, max-image-preview:large, max-video-preview:-1\" \/>\n<link rel=\"canonical\" href=\"https:\/\/pitaya.no\/en\/product\/hairbrush-drewniana-szczotka-do-wlosow-anwen\/\" \/>\n<meta property=\"og:locale\" content=\"en_GB\" \/>\n<meta property=\"og:type\" content=\"article\" \/>\n<meta property=\"og:title\" content=\"HAIRBRUSH drewniana szczotka do w\u0142os\u00f3w - Anwen\" \/>\n<meta property=\"og:description\" content=\"Ekologiczna szczotka do w\u0142os\u00f3w z drewna bukowego FSC\u00ae. Biodegradowalna, wega\u0144ska i przyjazna \u015brodowisku. Wyprodukowana w Polsce.\" \/>\n<meta property=\"og:url\" content=\"https:\/\/pitaya.no\/en\/product\/hairbrush-drewniana-szczotka-do-wlosow-anwen\/\" \/>\n<meta property=\"og:site_name\" content=\"Pitaya.no\" \/>\n<meta property=\"article:publisher\" content=\"https:\/\/www.facebook.com\/Pitaya.no\" \/>\n<meta property=\"article:modified_time\" content=\"2026-02-17T01:37:47+00:00\" \/>\n<meta property=\"og:image\" content=\"https:\/\/pitaya.no\/wp-content\/uploads\/2025\/10\/0C2A0612-kopia-1.jpg\" \/>\n\t<meta property=\"og:image:width\" content=\"1448\" \/>\n\t<meta property=\"og:image:height\" content=\"1448\" \/>\n\t<meta property=\"og:image:type\" content=\"image\/jpeg\" \/>\n<meta name=\"twitter:card\" content=\"summary_large_image\" \/>\n<meta name=\"twitter:label1\" content=\"Estimated reading time\" \/>\n\t<meta name=\"twitter:data1\" content=\"1 minute\" \/>\n<script type=\"application\/ld+json\" class=\"yoast-schema-graph\">{\"@context\":\"https:\/\/schema.org\",\"@graph\":[{\"@type\":\"WebPage\",\"@id\":\"https:\/\/pitaya.no\/produkt\/hairbrush-drewniana-szczotka-do-wlosow-anwen\/\",\"url\":\"https:\/\/pitaya.no\/produkt\/hairbrush-drewniana-szczotka-do-wlosow-anwen\/\",\"name\":\"HAIRBRUSH drewniana szczotka do w\u0142os\u00f3w - Anwen\",\"isPartOf\":{\"@id\":\"https:\/\/pitaya.no\/#website\"},\"datePublished\":\"2025-10-06T20:44:37+00:00\",\"dateModified\":\"2026-02-17T01:37:47+00:00\",\"description\":\"Ekologiczna szczotka do w\u0142os\u00f3w z drewna bukowego FSC\u00ae. Biodegradowalna, wega\u0144ska i przyjazna \u015brodowisku. Wyprodukowana w Polsce.\",\"breadcrumb\":{\"@id\":\"https:\/\/pitaya.no\/produkt\/hairbrush-drewniana-szczotka-do-wlosow-anwen\/#breadcrumb\"},\"inLanguage\":\"en-GB\",\"potentialAction\":[{\"@type\":\"ReadAction\",\"target\":[\"https:\/\/pitaya.no\/produkt\/hairbrush-drewniana-szczotka-do-wlosow-anwen\/\"]}]},{\"@type\":\"BreadcrumbList\",\"@id\":\"https:\/\/pitaya.no\/produkt\/hairbrush-drewniana-szczotka-do-wlosow-anwen\/#breadcrumb\",\"itemListElement\":[{\"@type\":\"ListItem\",\"position\":1,\"name\":\"Strona g\u0142\u00f3wna\",\"item\":\"https:\/\/pitaya.no\/\"},{\"@type\":\"ListItem\",\"position\":2,\"name\":\"Sklep\",\"item\":\"https:\/\/pitaya.no\/sklep\/\"},{\"@type\":\"ListItem\",\"position\":3,\"name\":\"HAIRBRUSH drewniana szczotka do w\u0142os\u00f3w &#8211; Anwen\"}]},{\"@type\":\"WebSite\",\"@id\":\"https:\/\/pitaya.no\/#website\",\"url\":\"https:\/\/pitaya.no\/\",\"name\":\"Pitaya.no\",\"description\":\"Polska drogeria ekologiczna w Norwegii\",\"potentialAction\":[{\"@type\":\"SearchAction\",\"target\":{\"@type\":\"EntryPoint\",\"urlTemplate\":\"https:\/\/pitaya.no\/?s={search_term_string}\"},\"query-input\":\"required name=search_term_string\"}],\"inLanguage\":\"en-GB\"}]}<\/script>\n<!-- \/ Yoast SEO Premium plugin. -->","yoast_head_json":{"title":"HAIRBRUSH drewniana szczotka do w\u0142os\u00f3w - Anwen","description":"Ekologiczna szczotka do w\u0142os\u00f3w z drewna bukowego FSC\u00ae. Biodegradowalna, wega\u0144ska i przyjazna \u015brodowisku. Wyprodukowana w Polsce.","robots":{"index":"index","follow":"follow","max-snippet":"max-snippet:-1","max-image-preview":"max-image-preview:large","max-video-preview":"max-video-preview:-1"},"canonical":"https:\/\/pitaya.no\/en\/product\/hairbrush-drewniana-szczotka-do-wlosow-anwen\/","og_locale":"en_GB","og_type":"article","og_title":"HAIRBRUSH drewniana szczotka do w\u0142os\u00f3w - Anwen","og_description":"Ekologiczna szczotka do w\u0142os\u00f3w z drewna bukowego FSC\u00ae. Biodegradowalna, wega\u0144ska i przyjazna \u015brodowisku. Wyprodukowana w Polsce.","og_url":"https:\/\/pitaya.no\/en\/product\/hairbrush-drewniana-szczotka-do-wlosow-anwen\/","og_site_name":"Pitaya.no","article_publisher":"https:\/\/www.facebook.com\/Pitaya.no","article_modified_time":"2026-02-17T01:37:47+00:00","og_image":[{"width":1448,"height":1448,"url":"https:\/\/pitaya.no\/wp-content\/uploads\/2025\/10\/0C2A0612-kopia-1.jpg","type":"image\/jpeg"}],"twitter_card":"summary_large_image","twitter_misc":{"Estimated reading time":"1 minute"},"schema":{"@context":"https:\/\/schema.org","@graph":[{"@type":"WebPage","@id":"https:\/\/pitaya.no\/produkt\/hairbrush-drewniana-szczotka-do-wlosow-anwen\/","url":"https:\/\/pitaya.no\/produkt\/hairbrush-drewniana-szczotka-do-wlosow-anwen\/","name":"HAIRBRUSH drewniana szczotka do w\u0142os\u00f3w - Anwen","isPartOf":{"@id":"https:\/\/pitaya.no\/#website"},"datePublished":"2025-10-06T20:44:37+00:00","dateModified":"2026-02-17T01:37:47+00:00","description":"Ekologiczna szczotka do w\u0142os\u00f3w z drewna bukowego FSC\u00ae. Biodegradowalna, wega\u0144ska i przyjazna \u015brodowisku. Wyprodukowana w Polsce.","breadcrumb":{"@id":"https:\/\/pitaya.no\/produkt\/hairbrush-drewniana-szczotka-do-wlosow-anwen\/#breadcrumb"},"inLanguage":"en-GB","potentialAction":[{"@type":"ReadAction","target":["https:\/\/pitaya.no\/produkt\/hairbrush-drewniana-szczotka-do-wlosow-anwen\/"]}]},{"@type":"BreadcrumbList","@id":"https:\/\/pitaya.no\/produkt\/hairbrush-drewniana-szczotka-do-wlosow-anwen\/#breadcrumb","itemListElement":[{"@type":"ListItem","position":1,"name":"Strona g\u0142\u00f3wna","item":"https:\/\/pitaya.no\/"},{"@type":"ListItem","position":2,"name":"Sklep","item":"https:\/\/pitaya.no\/sklep\/"},{"@type":"ListItem","position":3,"name":"HAIRBRUSH drewniana szczotka do w\u0142os\u00f3w &#8211; Anwen"}]},{"@type":"WebSite","@id":"https:\/\/pitaya.no\/#website","url":"https:\/\/pitaya.no\/","name":"Pitaya.no","description":"Polish organic drugstore in Norway","potentialAction":[{"@type":"SearchAction","target":{"@type":"EntryPoint","urlTemplate":"https:\/\/pitaya.no\/?s={search_term_string}"},"query-input":"required name=search_term_string"}],"inLanguage":"en-GB"}]}},"_links":{"self":[{"href":"https:\/\/pitaya.no\/en\/wp-json\/wp\/v2\/product\/6631"}],"collection":[{"href":"https:\/\/pitaya.no\/en\/wp-json\/wp\/v2\/product"}],"about":[{"href":"https:\/\/pitaya.no\/en\/wp-json\/wp\/v2\/types\/product"}],"wp:featuredmedia":[{"embeddable":true,"href":"https:\/\/pitaya.no\/en\/wp-json\/wp\/v2\/media\/6635"}],"wp:attachment":[{"href":"https:\/\/pitaya.no\/en\/wp-json\/wp\/v2\/media?parent=6631"}],"wp:term":[{"taxonomy":"product_cat","embeddable":true,"href":"https:\/\/pitaya.no\/en\/wp-json\/wp\/v2\/product_cat?post=6631"},{"taxonomy":"product_tag","embeddable":true,"href":"https:\/\/pitaya.no\/en\/wp-json\/wp\/v2\/product_tag?post=6631"},{"taxonomy":"berocket_brand","embeddable":true,"href":"https:\/\/pitaya.no\/en\/wp-json\/wp\/v2\/berocket_brand?post=6631"}],"curies":[{"name":"wp","href":"https:\/\/api.w.org\/{rel}","templated":true}]}}