{"id":6623,"date":"2025-10-06T20:37:22","date_gmt":"2025-10-06T20:37:22","guid":{"rendered":"https:\/\/pitaya.no\/?post_type=product&#038;p=6623"},"modified":"2026-02-26T19:44:41","modified_gmt":"2026-02-26T19:44:41","slug":"travel-hair-brush-mini-szczotka-do-wlosow-anwen","status":"publish","type":"product","link":"https:\/\/pitaya.no\/en\/product\/travel-hair-brush-mini-szczotka-do-wlosow-anwen\/","title":{"rendered":"TRAVEL HAIR BRUSH mini hairbrush \u2013 Anwen"},"content":{"rendered":"<h1>TRAVEL HAIR BRUSH mini hairbrush \u2013 Anwen<\/h1>\n<p data-start=\"248\" data-end=\"527\">Small, handy and extremely comfortable \u2013 <strong data-start=\"285\" data-end=\"315\">Travel Hair Brush by Anwen<\/strong> has been designed to gently detangle even long and thick hair. Thanks to its ergonomic shape and <strong data-start=\"444\" data-end=\"476\">antistatic properties<\/strong> It does not cause electrification and does not pull out hair.<\/p>\n<p data-start=\"529\" data-end=\"896\">The brush has <strong data-start=\"546\" data-end=\"580\">flexible, plastic pins<\/strong> embedded in <strong data-start=\"592\" data-end=\"635\">100% rubber air cushion<\/strong>which perfectly adapts to the shape of the head and allows for a pleasant <strong data-start=\"707\" data-end=\"728\">scalp massage<\/strong>Each pin is tipped with a smooth ball, which is an integral part of the brush \u2013 this prevents it from scratching or irritating the skin, even after prolonged use.<\/p>\n<p data-start=\"898\" data-end=\"1100\">The Travel Hair Brush is perfect for <strong data-start=\"931\" data-end=\"966\">owners of all hair types<\/strong>, regardless of the care you use. With its help, daily brushing becomes a real pleasure \u2013 even when traveling.<\/p>\n<p data-start=\"1102\" data-end=\"1344\">The brush is made of <strong data-start=\"1130\" data-end=\"1183\">ecological beech wood with FSC\u00ae certification<\/strong>, which confirms the responsible origin of the raw material. It does not contain any ingredients of animal origin and is fully <strong data-start=\"1308\" data-end=\"1341\">vegan and biodegradable<\/strong>.<\/p>\n<p data-start=\"1346\" data-end=\"1499\">There is a special cushion in the pillow <strong data-start=\"1380\" data-end=\"1402\">ventilation hole<\/strong>, ensuring proper air circulation \u2013 this is a design element, not a product defect.<\/p>\n<p data-start=\"1501\" data-end=\"1666\">Each brush comes with <strong data-start=\"1535\" data-end=\"1568\">a convenient fabric bag<\/strong>, which facilitates its storage and transport.<br data-start=\"1615\" data-end=\"1618\" \/>The whole set has been <strong data-start=\"1637\" data-end=\"1663\">made in Poland<\/strong>.<\/p>\n<div id=\"attachment_6625\" style=\"width: 693px\" class=\"wp-caption aligncenter\"><img aria-describedby=\"caption-attachment-6625\" fetchpriority=\"high\" decoding=\"async\" class=\"size-large wp-image-6625\" src=\"https:\/\/pitaya.no\/wp-content\/uploads\/2025\/10\/20250606_Anwen_1200-42-683x1024.jpg\" alt=\"TRAVEL HAIR BRUSH mini szczotka do w\u0142os\u00f3w - Anwen\" width=\"683\" height=\"1024\" srcset=\"https:\/\/pitaya.no\/wp-content\/uploads\/2025\/10\/20250606_Anwen_1200-42-683x1024.jpg 683w, https:\/\/pitaya.no\/wp-content\/uploads\/2025\/10\/20250606_Anwen_1200-42-200x300.jpg 200w, https:\/\/pitaya.no\/wp-content\/uploads\/2025\/10\/20250606_Anwen_1200-42-768x1152.jpg 768w, https:\/\/pitaya.no\/wp-content\/uploads\/2025\/10\/20250606_Anwen_1200-42-8x12.jpg 8w, https:\/\/pitaya.no\/wp-content\/uploads\/2025\/10\/20250606_Anwen_1200-42-600x900.jpg 600w, https:\/\/pitaya.no\/wp-content\/uploads\/2025\/10\/20250606_Anwen_1200-42-36x54.jpg 36w, https:\/\/pitaya.no\/wp-content\/uploads\/2025\/10\/20250606_Anwen_1200-42-64x96.jpg 64w, https:\/\/pitaya.no\/wp-content\/uploads\/2025\/10\/20250606_Anwen_1200-42.jpg 800w\" sizes=\"(max-width: 683px) 100vw, 683px\" \/><p id=\"caption-attachment-6625\" class=\"wp-caption-text\">TRAVEL HAIR BRUSH mini hairbrush \u2013 Anwen<\/p><\/div>\n<p>&nbsp;<\/p>","protected":false},"excerpt":{"rendered":"<p>Loved our wooden Hair Brush but it didn&#039;t fit in your purse? Now you can keep the mini version with you at all times.<\/p>\n<p>A small, wooden brush, thanks to its unique shape <strong>allows you to comfortably and gently comb even long, thick hair.<\/strong> It has <strong>antistatic properties and does not increase static electricity, does not pull out hair.<\/strong><\/p>","protected":false},"featured_media":6626,"template":"","meta":{"_themeisle_gutenberg_block_has_review":false},"product_cat":[332],"product_tag":[374,373],"berocket_brand":[275],"yoast_head":"<!-- This site is optimized with the Yoast SEO Premium plugin v21.2 (Yoast SEO v21.5) - https:\/\/yoast.com\/wordpress\/plugins\/seo\/ -->\n<title>TRAVEL HAIR BRUSH mini szczotka do w\u0142os\u00f3w - Anwen<\/title>\n<meta name=\"description\" content=\"Drewniana szczotka Anwen Travel Hair Brush \u2013 delikatnie rozczesuje, masuje sk\u00f3r\u0119 g\u0142owy i nie elektryzuje w\u0142os\u00f3w. Ekologiczna, wega\u0144ska, made in Poland.\" \/>\n<meta name=\"robots\" content=\"index, follow, max-snippet:-1, max-image-preview:large, max-video-preview:-1\" \/>\n<link rel=\"canonical\" href=\"https:\/\/pitaya.no\/en\/product\/travel-hair-brush-mini-szczotka-do-wlosow-anwen\/\" \/>\n<meta property=\"og:locale\" content=\"en_GB\" \/>\n<meta property=\"og:type\" content=\"article\" \/>\n<meta property=\"og:title\" content=\"TRAVEL HAIR BRUSH mini szczotka do w\u0142os\u00f3w - Anwen\" \/>\n<meta property=\"og:description\" content=\"Drewniana szczotka Anwen Travel Hair Brush \u2013 delikatnie rozczesuje, masuje sk\u00f3r\u0119 g\u0142owy i nie elektryzuje w\u0142os\u00f3w. Ekologiczna, wega\u0144ska, made in Poland.\" \/>\n<meta property=\"og:url\" content=\"https:\/\/pitaya.no\/en\/product\/travel-hair-brush-mini-szczotka-do-wlosow-anwen\/\" \/>\n<meta property=\"og:site_name\" content=\"Pitaya.no\" \/>\n<meta property=\"article:publisher\" content=\"https:\/\/www.facebook.com\/Pitaya.no\" \/>\n<meta property=\"article:modified_time\" content=\"2026-02-26T19:44:41+00:00\" \/>\n<meta property=\"og:image\" content=\"https:\/\/pitaya.no\/wp-content\/uploads\/2025\/10\/mini-travel-anwen.jpg\" \/>\n\t<meta property=\"og:image:width\" content=\"674\" \/>\n\t<meta property=\"og:image:height\" content=\"674\" \/>\n\t<meta property=\"og:image:type\" content=\"image\/jpeg\" \/>\n<meta name=\"twitter:card\" content=\"summary_large_image\" \/>\n<meta name=\"twitter:label1\" content=\"Estimated reading time\" \/>\n\t<meta name=\"twitter:data1\" content=\"2 minutes\" \/>\n<script type=\"application\/ld+json\" class=\"yoast-schema-graph\">{\"@context\":\"https:\/\/schema.org\",\"@graph\":[{\"@type\":\"WebPage\",\"@id\":\"https:\/\/pitaya.no\/produkt\/travel-hair-brush-mini-szczotka-do-wlosow-anwen\/\",\"url\":\"https:\/\/pitaya.no\/produkt\/travel-hair-brush-mini-szczotka-do-wlosow-anwen\/\",\"name\":\"TRAVEL HAIR BRUSH mini szczotka do w\u0142os\u00f3w - Anwen\",\"isPartOf\":{\"@id\":\"https:\/\/pitaya.no\/#website\"},\"datePublished\":\"2025-10-06T20:37:22+00:00\",\"dateModified\":\"2026-02-26T19:44:41+00:00\",\"description\":\"Drewniana szczotka Anwen Travel Hair Brush \u2013 delikatnie rozczesuje, masuje sk\u00f3r\u0119 g\u0142owy i nie elektryzuje w\u0142os\u00f3w. Ekologiczna, wega\u0144ska, made in Poland.\",\"breadcrumb\":{\"@id\":\"https:\/\/pitaya.no\/produkt\/travel-hair-brush-mini-szczotka-do-wlosow-anwen\/#breadcrumb\"},\"inLanguage\":\"en-GB\",\"potentialAction\":[{\"@type\":\"ReadAction\",\"target\":[\"https:\/\/pitaya.no\/produkt\/travel-hair-brush-mini-szczotka-do-wlosow-anwen\/\"]}]},{\"@type\":\"BreadcrumbList\",\"@id\":\"https:\/\/pitaya.no\/produkt\/travel-hair-brush-mini-szczotka-do-wlosow-anwen\/#breadcrumb\",\"itemListElement\":[{\"@type\":\"ListItem\",\"position\":1,\"name\":\"Strona g\u0142\u00f3wna\",\"item\":\"https:\/\/pitaya.no\/\"},{\"@type\":\"ListItem\",\"position\":2,\"name\":\"Sklep\",\"item\":\"https:\/\/pitaya.no\/sklep\/\"},{\"@type\":\"ListItem\",\"position\":3,\"name\":\"TRAVEL HAIR BRUSH mini szczotka do w\u0142os\u00f3w &#8211; Anwen\"}]},{\"@type\":\"WebSite\",\"@id\":\"https:\/\/pitaya.no\/#website\",\"url\":\"https:\/\/pitaya.no\/\",\"name\":\"Pitaya.no\",\"description\":\"Polska drogeria ekologiczna w Norwegii\",\"potentialAction\":[{\"@type\":\"SearchAction\",\"target\":{\"@type\":\"EntryPoint\",\"urlTemplate\":\"https:\/\/pitaya.no\/?s={search_term_string}\"},\"query-input\":\"required name=search_term_string\"}],\"inLanguage\":\"en-GB\"}]}<\/script>\n<!-- \/ Yoast SEO Premium plugin. -->","yoast_head_json":{"title":"TRAVEL HAIR BRUSH mini szczotka do w\u0142os\u00f3w - Anwen","description":"Drewniana szczotka Anwen Travel Hair Brush \u2013 delikatnie rozczesuje, masuje sk\u00f3r\u0119 g\u0142owy i nie elektryzuje w\u0142os\u00f3w. Ekologiczna, wega\u0144ska, made in Poland.","robots":{"index":"index","follow":"follow","max-snippet":"max-snippet:-1","max-image-preview":"max-image-preview:large","max-video-preview":"max-video-preview:-1"},"canonical":"https:\/\/pitaya.no\/en\/product\/travel-hair-brush-mini-szczotka-do-wlosow-anwen\/","og_locale":"en_GB","og_type":"article","og_title":"TRAVEL HAIR BRUSH mini szczotka do w\u0142os\u00f3w - Anwen","og_description":"Drewniana szczotka Anwen Travel Hair Brush \u2013 delikatnie rozczesuje, masuje sk\u00f3r\u0119 g\u0142owy i nie elektryzuje w\u0142os\u00f3w. Ekologiczna, wega\u0144ska, made in Poland.","og_url":"https:\/\/pitaya.no\/en\/product\/travel-hair-brush-mini-szczotka-do-wlosow-anwen\/","og_site_name":"Pitaya.no","article_publisher":"https:\/\/www.facebook.com\/Pitaya.no","article_modified_time":"2026-02-26T19:44:41+00:00","og_image":[{"width":674,"height":674,"url":"https:\/\/pitaya.no\/wp-content\/uploads\/2025\/10\/mini-travel-anwen.jpg","type":"image\/jpeg"}],"twitter_card":"summary_large_image","twitter_misc":{"Estimated reading time":"2 minutes"},"schema":{"@context":"https:\/\/schema.org","@graph":[{"@type":"WebPage","@id":"https:\/\/pitaya.no\/produkt\/travel-hair-brush-mini-szczotka-do-wlosow-anwen\/","url":"https:\/\/pitaya.no\/produkt\/travel-hair-brush-mini-szczotka-do-wlosow-anwen\/","name":"TRAVEL HAIR BRUSH mini szczotka do w\u0142os\u00f3w - Anwen","isPartOf":{"@id":"https:\/\/pitaya.no\/#website"},"datePublished":"2025-10-06T20:37:22+00:00","dateModified":"2026-02-26T19:44:41+00:00","description":"Drewniana szczotka Anwen Travel Hair Brush \u2013 delikatnie rozczesuje, masuje sk\u00f3r\u0119 g\u0142owy i nie elektryzuje w\u0142os\u00f3w. Ekologiczna, wega\u0144ska, made in Poland.","breadcrumb":{"@id":"https:\/\/pitaya.no\/produkt\/travel-hair-brush-mini-szczotka-do-wlosow-anwen\/#breadcrumb"},"inLanguage":"en-GB","potentialAction":[{"@type":"ReadAction","target":["https:\/\/pitaya.no\/produkt\/travel-hair-brush-mini-szczotka-do-wlosow-anwen\/"]}]},{"@type":"BreadcrumbList","@id":"https:\/\/pitaya.no\/produkt\/travel-hair-brush-mini-szczotka-do-wlosow-anwen\/#breadcrumb","itemListElement":[{"@type":"ListItem","position":1,"name":"Strona g\u0142\u00f3wna","item":"https:\/\/pitaya.no\/"},{"@type":"ListItem","position":2,"name":"Sklep","item":"https:\/\/pitaya.no\/sklep\/"},{"@type":"ListItem","position":3,"name":"TRAVEL HAIR BRUSH mini szczotka do w\u0142os\u00f3w &#8211; Anwen"}]},{"@type":"WebSite","@id":"https:\/\/pitaya.no\/#website","url":"https:\/\/pitaya.no\/","name":"Pitaya.no","description":"Polish organic drugstore in Norway","potentialAction":[{"@type":"SearchAction","target":{"@type":"EntryPoint","urlTemplate":"https:\/\/pitaya.no\/?s={search_term_string}"},"query-input":"required name=search_term_string"}],"inLanguage":"en-GB"}]}},"_links":{"self":[{"href":"https:\/\/pitaya.no\/en\/wp-json\/wp\/v2\/product\/6623"}],"collection":[{"href":"https:\/\/pitaya.no\/en\/wp-json\/wp\/v2\/product"}],"about":[{"href":"https:\/\/pitaya.no\/en\/wp-json\/wp\/v2\/types\/product"}],"wp:featuredmedia":[{"embeddable":true,"href":"https:\/\/pitaya.no\/en\/wp-json\/wp\/v2\/media\/6626"}],"wp:attachment":[{"href":"https:\/\/pitaya.no\/en\/wp-json\/wp\/v2\/media?parent=6623"}],"wp:term":[{"taxonomy":"product_cat","embeddable":true,"href":"https:\/\/pitaya.no\/en\/wp-json\/wp\/v2\/product_cat?post=6623"},{"taxonomy":"product_tag","embeddable":true,"href":"https:\/\/pitaya.no\/en\/wp-json\/wp\/v2\/product_tag?post=6623"},{"taxonomy":"berocket_brand","embeddable":true,"href":"https:\/\/pitaya.no\/en\/wp-json\/wp\/v2\/berocket_brand?post=6623"}],"curies":[{"name":"wp","href":"https:\/\/api.w.org\/{rel}","templated":true}]}}