{"id":6582,"date":"2025-09-25T09:15:30","date_gmt":"2025-09-25T09:15:30","guid":{"rendered":"https:\/\/pitaya.no\/?post_type=product&#038;p=6582"},"modified":"2026-02-11T21:50:35","modified_gmt":"2026-02-11T21:50:35","slug":"aware-scalp-care-wcierka-chlodzaca-z-mentolem-100-ml-anwen","status":"publish","type":"product","link":"https:\/\/pitaya.no\/en\/product\/aware-scalp-care-wcierka-chlodzaca-z-mentolem-100-ml-anwen\/","title":{"rendered":"AWARE SCALP CARE Cooling Lotion with Menthol, 100 ml \u2013 Anwen"},"content":{"rendered":"<h1>AWARE SCALP CARE Cooling Lotion with Menthol, 100 ml \u2013 Anwen<\/h1>\n<div id=\"box_description\" class=\"product-tab\" tabindex=\"0\" role=\"tabpanel\" data-tab=\"box_description\" aria-labelledby=\"box_description_tab\">\n<div class=\"innerbox\">\n<div class=\"resetcss fr-view\">\n<p>Contains clinically proven ingredients:<\/p>\n<p>\u2013 <strong>Menthol-based cooling agent<\/strong> \u2013 accelerates cell metabolism and improves scalp microcirculation without irritation.<\/p>\n<p>\u2013 <strong>Biomimetic peptide and adenosine<\/strong> They support the regeneration of hair follicles and improve their anchoring in the scalp. They also activate dormant hair follicles and extend the hair&#039;s life cycle.<\/p>\n<p>\u2013 <strong>Red clover flower extract<\/strong> It slows down the activity of 5-\u03b1-reductase, which converts testosterone into dihydrotestosterone (DHT), responsible for miniaturization of hair follicles and shortening the hair growth phase. It supports the treatment of androgenic alopecia.<\/p>\n<p><strong>\u2013 Complex of plant extracts <\/strong>It inhibits hair loss and accelerates hair regeneration by multiplying the cells that supply hair follicles with nutrients. Rich in flavonoids, including baicalin, it has strong antioxidant and antibacterial properties, regulates sebum secretion, and counteracts inflammation.<\/p>\n<\/div>\n<\/div>\n<\/div>\n<div class=\"product-tab\" data-tab=\"box_sposob\">\n<div class=\"innerbox\">\n<div class=\"resetcss\">\n<h2><strong>How to use:<\/strong><\/h2>\n<p>Spread the product evenly over your scalp and massage in with your fingertips or a massager. Leave on for at least an hour. Use before every shampoo. Shake well before use.<\/p>\n<h2>Ingredients:<\/h2>\n<\/div>\n<\/div>\n<\/div>\n<div class=\"product-tab\" data-tab=\"box_sklad\">\n<div class=\"innerbox\">\n<div class=\"resetcss\">\n<p>Aqua, Coco-Caprylate, Polyglyceryl-6 Stearate, Propanediol, Glyceryl Stearate SE, Menthyl Nicotinate, Menthol, Acetyl Tetrapeptide-3, Adenosine, Trifolium Pratense Flower Extract, Trifolium Pratense Leaf Extract, Sophora Flavescens Root Extract, Scutellaria Baicalensis Root Extract, Coptis Japonica Root Extract, Morus Alba Bark Extract, Platycladus Orientalis Leaf Extract, Zingiber Officinale Root Extract, Artemisia Argyi Leaf Extract, Polyglyceryl-6 Behenate, Xanthan Gum, Butylene Glycol, Dextran, Citric Acid, Benzyl Alcohol, Potassium Sorbate, Sodium Benzoate.<\/p>\n<\/div>\n<\/div>\n<\/div>\n<p>&nbsp;<\/p>","protected":false},"excerpt":{"rendered":"<p>Advanced menthol lotion is intended for people who want to take care of their <strong>health and condition of the scalp, intensively strengthen and thicken hair, effectively reduce excessive hair loss and accelerate hair growth<\/strong>.<\/p>\n<p>97% of natural origin ingredients<\/p>\n<p><strong>Capacity \u2013 100 ml<\/strong><\/p>","protected":false},"featured_media":6584,"template":"","meta":{"_themeisle_gutenberg_block_has_review":false},"product_cat":[324,326],"product_tag":[373,351,347],"berocket_brand":[275],"yoast_head":"<!-- This site is optimized with the Yoast SEO Premium plugin v21.2 (Yoast SEO v21.5) - https:\/\/yoast.com\/wordpress\/plugins\/seo\/ -->\n<title>AWARE SCALP CARE Wcierka ch\u0142odz\u0105ca z mentolem, 100 ml - Anwen<\/title>\n<meta name=\"description\" content=\"Kuracja na sk\u00f3r\u0119 g\u0142owy z mentolem, peptydami i ekstraktem czerwonej koniczyny. Hamuje wypadanie, stymuluje wzrost i wzmacnia cebulki w\u0142os\u00f3w.\" \/>\n<meta name=\"robots\" content=\"index, follow, max-snippet:-1, max-image-preview:large, max-video-preview:-1\" \/>\n<link rel=\"canonical\" href=\"https:\/\/pitaya.no\/en\/product\/aware-scalp-care-wcierka-chlodzaca-z-mentolem-100-ml-anwen\/\" \/>\n<meta property=\"og:locale\" content=\"en_GB\" \/>\n<meta property=\"og:type\" content=\"article\" \/>\n<meta property=\"og:title\" content=\"AWARE SCALP CARE Wcierka ch\u0142odz\u0105ca z mentolem, 100 ml - Anwen\" \/>\n<meta property=\"og:description\" content=\"Kuracja na sk\u00f3r\u0119 g\u0142owy z mentolem, peptydami i ekstraktem czerwonej koniczyny. Hamuje wypadanie, stymuluje wzrost i wzmacnia cebulki w\u0142os\u00f3w.\" \/>\n<meta property=\"og:url\" content=\"https:\/\/pitaya.no\/en\/product\/aware-scalp-care-wcierka-chlodzaca-z-mentolem-100-ml-anwen\/\" \/>\n<meta property=\"og:site_name\" content=\"Pitaya.no\" \/>\n<meta property=\"article:publisher\" content=\"https:\/\/www.facebook.com\/Pitaya.no\" \/>\n<meta property=\"article:modified_time\" content=\"2026-02-11T21:50:35+00:00\" \/>\n<meta property=\"og:image\" content=\"https:\/\/pitaya.no\/wp-content\/uploads\/2025\/09\/A.S.C-Wcierka-z-mentolem-lustrzane.jpg\" \/>\n\t<meta property=\"og:image:width\" content=\"1227\" \/>\n\t<meta property=\"og:image:height\" content=\"1227\" \/>\n\t<meta property=\"og:image:type\" content=\"image\/jpeg\" \/>\n<meta name=\"twitter:card\" content=\"summary_large_image\" \/>\n<meta name=\"twitter:label1\" content=\"Estimated reading time\" \/>\n\t<meta name=\"twitter:data1\" content=\"2 minutes\" \/>\n<script type=\"application\/ld+json\" class=\"yoast-schema-graph\">{\"@context\":\"https:\/\/schema.org\",\"@graph\":[{\"@type\":\"WebPage\",\"@id\":\"https:\/\/pitaya.no\/produkt\/aware-scalp-care-wcierka-chlodzaca-z-mentolem-100-ml-anwen\/\",\"url\":\"https:\/\/pitaya.no\/produkt\/aware-scalp-care-wcierka-chlodzaca-z-mentolem-100-ml-anwen\/\",\"name\":\"AWARE SCALP CARE Wcierka ch\u0142odz\u0105ca z mentolem, 100 ml - Anwen\",\"isPartOf\":{\"@id\":\"https:\/\/pitaya.no\/#website\"},\"datePublished\":\"2025-09-25T09:15:30+00:00\",\"dateModified\":\"2026-02-11T21:50:35+00:00\",\"description\":\"Kuracja na sk\u00f3r\u0119 g\u0142owy z mentolem, peptydami i ekstraktem czerwonej koniczyny. Hamuje wypadanie, stymuluje wzrost i wzmacnia cebulki w\u0142os\u00f3w.\",\"breadcrumb\":{\"@id\":\"https:\/\/pitaya.no\/produkt\/aware-scalp-care-wcierka-chlodzaca-z-mentolem-100-ml-anwen\/#breadcrumb\"},\"inLanguage\":\"en-GB\",\"potentialAction\":[{\"@type\":\"ReadAction\",\"target\":[\"https:\/\/pitaya.no\/produkt\/aware-scalp-care-wcierka-chlodzaca-z-mentolem-100-ml-anwen\/\"]}]},{\"@type\":\"BreadcrumbList\",\"@id\":\"https:\/\/pitaya.no\/produkt\/aware-scalp-care-wcierka-chlodzaca-z-mentolem-100-ml-anwen\/#breadcrumb\",\"itemListElement\":[{\"@type\":\"ListItem\",\"position\":1,\"name\":\"Strona g\u0142\u00f3wna\",\"item\":\"https:\/\/pitaya.no\/\"},{\"@type\":\"ListItem\",\"position\":2,\"name\":\"Sklep\",\"item\":\"https:\/\/pitaya.no\/sklep\/\"},{\"@type\":\"ListItem\",\"position\":3,\"name\":\"AWARE SCALP CARE Wcierka ch\u0142odz\u0105ca z mentolem, 100 ml &#8211; Anwen\"}]},{\"@type\":\"WebSite\",\"@id\":\"https:\/\/pitaya.no\/#website\",\"url\":\"https:\/\/pitaya.no\/\",\"name\":\"Pitaya.no\",\"description\":\"Polska drogeria ekologiczna w Norwegii\",\"potentialAction\":[{\"@type\":\"SearchAction\",\"target\":{\"@type\":\"EntryPoint\",\"urlTemplate\":\"https:\/\/pitaya.no\/?s={search_term_string}\"},\"query-input\":\"required name=search_term_string\"}],\"inLanguage\":\"en-GB\"}]}<\/script>\n<!-- \/ Yoast SEO Premium plugin. -->","yoast_head_json":{"title":"AWARE SCALP CARE Wcierka ch\u0142odz\u0105ca z mentolem, 100 ml - Anwen","description":"Kuracja na sk\u00f3r\u0119 g\u0142owy z mentolem, peptydami i ekstraktem czerwonej koniczyny. Hamuje wypadanie, stymuluje wzrost i wzmacnia cebulki w\u0142os\u00f3w.","robots":{"index":"index","follow":"follow","max-snippet":"max-snippet:-1","max-image-preview":"max-image-preview:large","max-video-preview":"max-video-preview:-1"},"canonical":"https:\/\/pitaya.no\/en\/product\/aware-scalp-care-wcierka-chlodzaca-z-mentolem-100-ml-anwen\/","og_locale":"en_GB","og_type":"article","og_title":"AWARE SCALP CARE Wcierka ch\u0142odz\u0105ca z mentolem, 100 ml - Anwen","og_description":"Kuracja na sk\u00f3r\u0119 g\u0142owy z mentolem, peptydami i ekstraktem czerwonej koniczyny. Hamuje wypadanie, stymuluje wzrost i wzmacnia cebulki w\u0142os\u00f3w.","og_url":"https:\/\/pitaya.no\/en\/product\/aware-scalp-care-wcierka-chlodzaca-z-mentolem-100-ml-anwen\/","og_site_name":"Pitaya.no","article_publisher":"https:\/\/www.facebook.com\/Pitaya.no","article_modified_time":"2026-02-11T21:50:35+00:00","og_image":[{"width":1227,"height":1227,"url":"https:\/\/pitaya.no\/wp-content\/uploads\/2025\/09\/A.S.C-Wcierka-z-mentolem-lustrzane.jpg","type":"image\/jpeg"}],"twitter_card":"summary_large_image","twitter_misc":{"Estimated reading time":"2 minutes"},"schema":{"@context":"https:\/\/schema.org","@graph":[{"@type":"WebPage","@id":"https:\/\/pitaya.no\/produkt\/aware-scalp-care-wcierka-chlodzaca-z-mentolem-100-ml-anwen\/","url":"https:\/\/pitaya.no\/produkt\/aware-scalp-care-wcierka-chlodzaca-z-mentolem-100-ml-anwen\/","name":"AWARE SCALP CARE Wcierka ch\u0142odz\u0105ca z mentolem, 100 ml - Anwen","isPartOf":{"@id":"https:\/\/pitaya.no\/#website"},"datePublished":"2025-09-25T09:15:30+00:00","dateModified":"2026-02-11T21:50:35+00:00","description":"Kuracja na sk\u00f3r\u0119 g\u0142owy z mentolem, peptydami i ekstraktem czerwonej koniczyny. Hamuje wypadanie, stymuluje wzrost i wzmacnia cebulki w\u0142os\u00f3w.","breadcrumb":{"@id":"https:\/\/pitaya.no\/produkt\/aware-scalp-care-wcierka-chlodzaca-z-mentolem-100-ml-anwen\/#breadcrumb"},"inLanguage":"en-GB","potentialAction":[{"@type":"ReadAction","target":["https:\/\/pitaya.no\/produkt\/aware-scalp-care-wcierka-chlodzaca-z-mentolem-100-ml-anwen\/"]}]},{"@type":"BreadcrumbList","@id":"https:\/\/pitaya.no\/produkt\/aware-scalp-care-wcierka-chlodzaca-z-mentolem-100-ml-anwen\/#breadcrumb","itemListElement":[{"@type":"ListItem","position":1,"name":"Strona g\u0142\u00f3wna","item":"https:\/\/pitaya.no\/"},{"@type":"ListItem","position":2,"name":"Sklep","item":"https:\/\/pitaya.no\/sklep\/"},{"@type":"ListItem","position":3,"name":"AWARE SCALP CARE Wcierka ch\u0142odz\u0105ca z mentolem, 100 ml &#8211; Anwen"}]},{"@type":"WebSite","@id":"https:\/\/pitaya.no\/#website","url":"https:\/\/pitaya.no\/","name":"Pitaya.no","description":"Polish organic drugstore in Norway","potentialAction":[{"@type":"SearchAction","target":{"@type":"EntryPoint","urlTemplate":"https:\/\/pitaya.no\/?s={search_term_string}"},"query-input":"required name=search_term_string"}],"inLanguage":"en-GB"}]}},"_links":{"self":[{"href":"https:\/\/pitaya.no\/en\/wp-json\/wp\/v2\/product\/6582"}],"collection":[{"href":"https:\/\/pitaya.no\/en\/wp-json\/wp\/v2\/product"}],"about":[{"href":"https:\/\/pitaya.no\/en\/wp-json\/wp\/v2\/types\/product"}],"wp:featuredmedia":[{"embeddable":true,"href":"https:\/\/pitaya.no\/en\/wp-json\/wp\/v2\/media\/6584"}],"wp:attachment":[{"href":"https:\/\/pitaya.no\/en\/wp-json\/wp\/v2\/media?parent=6582"}],"wp:term":[{"taxonomy":"product_cat","embeddable":true,"href":"https:\/\/pitaya.no\/en\/wp-json\/wp\/v2\/product_cat?post=6582"},{"taxonomy":"product_tag","embeddable":true,"href":"https:\/\/pitaya.no\/en\/wp-json\/wp\/v2\/product_tag?post=6582"},{"taxonomy":"berocket_brand","embeddable":true,"href":"https:\/\/pitaya.no\/en\/wp-json\/wp\/v2\/berocket_brand?post=6582"}],"curies":[{"name":"wp","href":"https:\/\/api.w.org\/{rel}","templated":true}]}}