{"id":6572,"date":"2025-09-24T23:43:17","date_gmt":"2025-09-24T23:43:17","guid":{"rendered":"https:\/\/pitaya.no\/?post_type=product&#038;p=6572"},"modified":"2026-02-26T19:44:55","modified_gmt":"2026-02-26T19:44:55","slug":"bawelniana-scrunchie-czarna-gumka-do-wlosow-anwen","status":"publish","type":"product","link":"https:\/\/pitaya.no\/en\/product\/bawelniana-scrunchie-czarna-gumka-do-wlosow-anwen\/","title":{"rendered":"COTTON SCRUNCHIE black hair band \u2013 Anwen"},"content":{"rendered":"<h1>COTTON SCRUNCHIE black hair band \u2013 Anwen<\/h1>\n<p>Do you take care of your hair, blowing and blowing on it, and then see how a &#039;regular&#039; hair tie mercilessly damages it every time you put it up? Forget about it and try it. <strong>a scrunchie made of smooth cotton, which is a hit not only this season<\/strong>. Holds a ponytail or bun well and <strong>it doesn&#039;t slip off, but it also doesn&#039;t pull or break hair<\/strong>And because it&#039;s made of cotton, you can safely <strong>use it on wet or oiled hair<\/strong> without fear of it getting damaged or dirty.<\/p>\n<p>Scrunchies have won the hearts of hair enthusiasts! They&#039;re practical, allow for better hair care, and ensure your hairstyle always looks its best. You&#039;ll find a wide selection of patterns and colors of these accessories at the Anwen store\u2014we invite you to visit!<\/p>\n<p>We present a classic black scrunchy hair band made of smooth cotton. The fabric is smooth to the touch. <strong>does not damage hair and does not increase tangling<\/strong>, so you can effectively protect your strands from damage even during everyday wear. Black scrunchies are perfect for quickly tying up your strands while creating a cohesive style without any flashy accents. Our cotton scrunchie is a high-quality, practical product and a versatile accessory you can take with you anywhere.<\/p>\n<div id=\"attachment_6575\" style=\"width: 693px\" class=\"wp-caption aligncenter\"><img aria-describedby=\"caption-attachment-6575\" fetchpriority=\"high\" decoding=\"async\" class=\"size-large wp-image-6575\" src=\"https:\/\/pitaya.no\/wp-content\/uploads\/2025\/09\/20250806_Anwen_1200-8-683x1024.jpg\" alt=\"BAWE\u0141NIANA SCRUNCHIE czarna gumka do w\u0142os\u00f3w - Anwen\" width=\"683\" height=\"1024\" srcset=\"https:\/\/pitaya.no\/wp-content\/uploads\/2025\/09\/20250806_Anwen_1200-8-683x1024.jpg 683w, https:\/\/pitaya.no\/wp-content\/uploads\/2025\/09\/20250806_Anwen_1200-8-200x300.jpg 200w, https:\/\/pitaya.no\/wp-content\/uploads\/2025\/09\/20250806_Anwen_1200-8-768x1152.jpg 768w, https:\/\/pitaya.no\/wp-content\/uploads\/2025\/09\/20250806_Anwen_1200-8-8x12.jpg 8w, https:\/\/pitaya.no\/wp-content\/uploads\/2025\/09\/20250806_Anwen_1200-8-600x900.jpg 600w, https:\/\/pitaya.no\/wp-content\/uploads\/2025\/09\/20250806_Anwen_1200-8-36x54.jpg 36w, https:\/\/pitaya.no\/wp-content\/uploads\/2025\/09\/20250806_Anwen_1200-8-64x96.jpg 64w, https:\/\/pitaya.no\/wp-content\/uploads\/2025\/09\/20250806_Anwen_1200-8.jpg 800w\" sizes=\"(max-width: 683px) 100vw, 683px\" \/><p id=\"caption-attachment-6575\" class=\"wp-caption-text\">COTTON SCRUNCHIE black hair band \u2013 Anwen<\/p><\/div>\n<h2><strong>Composition:<\/strong><\/h2>\n<p>93% cotton, 7% elastane; grammage 210g\/m2<\/p>\n<p>Diameter approx. 10 cm, width approx. 4 cm<\/p>\n<p>Sewn in Poland, from material produced in Poland.<\/p>\n<p><strong>Color:<\/strong> black<\/p>\n<h2><strong>Why is it worth it?<\/strong><\/h2>\n<p>\u2013 does not tug, break or pull out hair<\/p>\n<p>\u2013 delicate and soft to the touch<\/p>\n<p>\u2013 does not slip off (sticks well to the hair)<\/p>\n<p>\u2013 easy to wash (also in the washing machine)<\/p>\n<p>\u2013 you can use it for oiling, masking or after washing your hair<\/p>\n<p>&nbsp;<\/p>","protected":false},"excerpt":{"rendered":"<p>Do you take care of your hair, breathing in and out, and then see how a &quot;regular&quot; scrunchie mercilessly damages it with every updo? Forget about it and try a smooth cotton scrunchie, a hit not only this season. It holds a ponytail or bun securely and doesn&#039;t slip, but it also doesn&#039;t pull or break hair. And because it&#039;s made of cotton, you can safely use it on wet or oiled hair without worrying about damage or getting dirty.<\/p>","protected":false},"featured_media":6576,"template":"","meta":{"_themeisle_gutenberg_block_has_review":false},"product_cat":[332],"product_tag":[],"berocket_brand":[275],"yoast_head":"<!-- This site is optimized with the Yoast SEO Premium plugin v21.2 (Yoast SEO v21.5) - https:\/\/yoast.com\/wordpress\/plugins\/seo\/ -->\n<title>BAWE\u0141NIANA SCRUNCHIE czarna gumka do w\u0142os\u00f3w - Anwen<\/title>\n<meta name=\"description\" content=\"Czarna bawe\u0142niana scrunchie \u2013 delikatna dla w\u0142os\u00f3w, nie szarpie ani nie \u0142amie. Idealna do kucyk\u00f3w i kok\u00f3w, tak\u017ce na mokre w\u0142osy.\" \/>\n<meta name=\"robots\" content=\"index, follow, max-snippet:-1, max-image-preview:large, max-video-preview:-1\" \/>\n<link rel=\"canonical\" href=\"https:\/\/pitaya.no\/en\/product\/bawelniana-scrunchie-czarna-gumka-do-wlosow-anwen\/\" \/>\n<meta property=\"og:locale\" content=\"en_GB\" \/>\n<meta property=\"og:type\" content=\"article\" \/>\n<meta property=\"og:title\" content=\"BAWE\u0141NIANA SCRUNCHIE czarna gumka do w\u0142os\u00f3w - Anwen\" \/>\n<meta property=\"og:description\" content=\"Czarna bawe\u0142niana scrunchie \u2013 delikatna dla w\u0142os\u00f3w, nie szarpie ani nie \u0142amie. Idealna do kucyk\u00f3w i kok\u00f3w, tak\u017ce na mokre w\u0142osy.\" \/>\n<meta property=\"og:url\" content=\"https:\/\/pitaya.no\/en\/product\/bawelniana-scrunchie-czarna-gumka-do-wlosow-anwen\/\" \/>\n<meta property=\"og:site_name\" content=\"Pitaya.no\" \/>\n<meta property=\"article:publisher\" content=\"https:\/\/www.facebook.com\/Pitaya.no\" \/>\n<meta property=\"article:modified_time\" content=\"2026-02-26T19:44:55+00:00\" \/>\n<meta property=\"og:image\" content=\"https:\/\/pitaya.no\/wp-content\/uploads\/2025\/09\/Anwen_bawelniana_scrunchie_cien.jpg\" \/>\n\t<meta property=\"og:image:width\" content=\"1840\" \/>\n\t<meta property=\"og:image:height\" content=\"1840\" \/>\n\t<meta property=\"og:image:type\" content=\"image\/jpeg\" \/>\n<meta name=\"twitter:card\" content=\"summary_large_image\" \/>\n<meta name=\"twitter:label1\" content=\"Estimated reading time\" \/>\n\t<meta name=\"twitter:data1\" content=\"2 minutes\" \/>\n<script type=\"application\/ld+json\" class=\"yoast-schema-graph\">{\"@context\":\"https:\/\/schema.org\",\"@graph\":[{\"@type\":\"WebPage\",\"@id\":\"https:\/\/pitaya.no\/produkt\/bawelniana-scrunchie-czarna-gumka-do-wlosow-anwen\/\",\"url\":\"https:\/\/pitaya.no\/produkt\/bawelniana-scrunchie-czarna-gumka-do-wlosow-anwen\/\",\"name\":\"BAWE\u0141NIANA SCRUNCHIE czarna gumka do w\u0142os\u00f3w - Anwen\",\"isPartOf\":{\"@id\":\"https:\/\/pitaya.no\/#website\"},\"datePublished\":\"2025-09-24T23:43:17+00:00\",\"dateModified\":\"2026-02-26T19:44:55+00:00\",\"description\":\"Czarna bawe\u0142niana scrunchie \u2013 delikatna dla w\u0142os\u00f3w, nie szarpie ani nie \u0142amie. Idealna do kucyk\u00f3w i kok\u00f3w, tak\u017ce na mokre w\u0142osy.\",\"breadcrumb\":{\"@id\":\"https:\/\/pitaya.no\/produkt\/bawelniana-scrunchie-czarna-gumka-do-wlosow-anwen\/#breadcrumb\"},\"inLanguage\":\"en-GB\",\"potentialAction\":[{\"@type\":\"ReadAction\",\"target\":[\"https:\/\/pitaya.no\/produkt\/bawelniana-scrunchie-czarna-gumka-do-wlosow-anwen\/\"]}]},{\"@type\":\"BreadcrumbList\",\"@id\":\"https:\/\/pitaya.no\/produkt\/bawelniana-scrunchie-czarna-gumka-do-wlosow-anwen\/#breadcrumb\",\"itemListElement\":[{\"@type\":\"ListItem\",\"position\":1,\"name\":\"Strona g\u0142\u00f3wna\",\"item\":\"https:\/\/pitaya.no\/\"},{\"@type\":\"ListItem\",\"position\":2,\"name\":\"Sklep\",\"item\":\"https:\/\/pitaya.no\/sklep\/\"},{\"@type\":\"ListItem\",\"position\":3,\"name\":\"BAWE\u0141NIANA SCRUNCHIE czarna gumka do w\u0142os\u00f3w &#8211; Anwen\"}]},{\"@type\":\"WebSite\",\"@id\":\"https:\/\/pitaya.no\/#website\",\"url\":\"https:\/\/pitaya.no\/\",\"name\":\"Pitaya.no\",\"description\":\"Polska drogeria ekologiczna w Norwegii\",\"potentialAction\":[{\"@type\":\"SearchAction\",\"target\":{\"@type\":\"EntryPoint\",\"urlTemplate\":\"https:\/\/pitaya.no\/?s={search_term_string}\"},\"query-input\":\"required name=search_term_string\"}],\"inLanguage\":\"en-GB\"}]}<\/script>\n<!-- \/ Yoast SEO Premium plugin. -->","yoast_head_json":{"title":"BAWE\u0141NIANA SCRUNCHIE czarna gumka do w\u0142os\u00f3w - Anwen","description":"Czarna bawe\u0142niana scrunchie \u2013 delikatna dla w\u0142os\u00f3w, nie szarpie ani nie \u0142amie. Idealna do kucyk\u00f3w i kok\u00f3w, tak\u017ce na mokre w\u0142osy.","robots":{"index":"index","follow":"follow","max-snippet":"max-snippet:-1","max-image-preview":"max-image-preview:large","max-video-preview":"max-video-preview:-1"},"canonical":"https:\/\/pitaya.no\/en\/product\/bawelniana-scrunchie-czarna-gumka-do-wlosow-anwen\/","og_locale":"en_GB","og_type":"article","og_title":"BAWE\u0141NIANA SCRUNCHIE czarna gumka do w\u0142os\u00f3w - Anwen","og_description":"Czarna bawe\u0142niana scrunchie \u2013 delikatna dla w\u0142os\u00f3w, nie szarpie ani nie \u0142amie. Idealna do kucyk\u00f3w i kok\u00f3w, tak\u017ce na mokre w\u0142osy.","og_url":"https:\/\/pitaya.no\/en\/product\/bawelniana-scrunchie-czarna-gumka-do-wlosow-anwen\/","og_site_name":"Pitaya.no","article_publisher":"https:\/\/www.facebook.com\/Pitaya.no","article_modified_time":"2026-02-26T19:44:55+00:00","og_image":[{"width":1840,"height":1840,"url":"https:\/\/pitaya.no\/wp-content\/uploads\/2025\/09\/Anwen_bawelniana_scrunchie_cien.jpg","type":"image\/jpeg"}],"twitter_card":"summary_large_image","twitter_misc":{"Estimated reading time":"2 minutes"},"schema":{"@context":"https:\/\/schema.org","@graph":[{"@type":"WebPage","@id":"https:\/\/pitaya.no\/produkt\/bawelniana-scrunchie-czarna-gumka-do-wlosow-anwen\/","url":"https:\/\/pitaya.no\/produkt\/bawelniana-scrunchie-czarna-gumka-do-wlosow-anwen\/","name":"BAWE\u0141NIANA SCRUNCHIE czarna gumka do w\u0142os\u00f3w - Anwen","isPartOf":{"@id":"https:\/\/pitaya.no\/#website"},"datePublished":"2025-09-24T23:43:17+00:00","dateModified":"2026-02-26T19:44:55+00:00","description":"Czarna bawe\u0142niana scrunchie \u2013 delikatna dla w\u0142os\u00f3w, nie szarpie ani nie \u0142amie. Idealna do kucyk\u00f3w i kok\u00f3w, tak\u017ce na mokre w\u0142osy.","breadcrumb":{"@id":"https:\/\/pitaya.no\/produkt\/bawelniana-scrunchie-czarna-gumka-do-wlosow-anwen\/#breadcrumb"},"inLanguage":"en-GB","potentialAction":[{"@type":"ReadAction","target":["https:\/\/pitaya.no\/produkt\/bawelniana-scrunchie-czarna-gumka-do-wlosow-anwen\/"]}]},{"@type":"BreadcrumbList","@id":"https:\/\/pitaya.no\/produkt\/bawelniana-scrunchie-czarna-gumka-do-wlosow-anwen\/#breadcrumb","itemListElement":[{"@type":"ListItem","position":1,"name":"Strona g\u0142\u00f3wna","item":"https:\/\/pitaya.no\/"},{"@type":"ListItem","position":2,"name":"Sklep","item":"https:\/\/pitaya.no\/sklep\/"},{"@type":"ListItem","position":3,"name":"BAWE\u0141NIANA SCRUNCHIE czarna gumka do w\u0142os\u00f3w &#8211; Anwen"}]},{"@type":"WebSite","@id":"https:\/\/pitaya.no\/#website","url":"https:\/\/pitaya.no\/","name":"Pitaya.no","description":"Polish organic drugstore in Norway","potentialAction":[{"@type":"SearchAction","target":{"@type":"EntryPoint","urlTemplate":"https:\/\/pitaya.no\/?s={search_term_string}"},"query-input":"required name=search_term_string"}],"inLanguage":"en-GB"}]}},"_links":{"self":[{"href":"https:\/\/pitaya.no\/en\/wp-json\/wp\/v2\/product\/6572"}],"collection":[{"href":"https:\/\/pitaya.no\/en\/wp-json\/wp\/v2\/product"}],"about":[{"href":"https:\/\/pitaya.no\/en\/wp-json\/wp\/v2\/types\/product"}],"wp:featuredmedia":[{"embeddable":true,"href":"https:\/\/pitaya.no\/en\/wp-json\/wp\/v2\/media\/6576"}],"wp:attachment":[{"href":"https:\/\/pitaya.no\/en\/wp-json\/wp\/v2\/media?parent=6572"}],"wp:term":[{"taxonomy":"product_cat","embeddable":true,"href":"https:\/\/pitaya.no\/en\/wp-json\/wp\/v2\/product_cat?post=6572"},{"taxonomy":"product_tag","embeddable":true,"href":"https:\/\/pitaya.no\/en\/wp-json\/wp\/v2\/product_tag?post=6572"},{"taxonomy":"berocket_brand","embeddable":true,"href":"https:\/\/pitaya.no\/en\/wp-json\/wp\/v2\/berocket_brand?post=6572"}],"curies":[{"name":"wp","href":"https:\/\/api.w.org\/{rel}","templated":true}]}}