{"id":6570,"date":"2025-09-24T23:35:47","date_gmt":"2025-09-24T23:35:47","guid":{"rendered":"https:\/\/pitaya.no\/?post_type=product&#038;p=6570"},"modified":"2026-02-24T09:58:17","modified_gmt":"2026-02-24T09:58:17","slug":"hair-we-are-maska-do-sredniej-porowatosci-200-ml-anwen","status":"publish","type":"product","link":"https:\/\/pitaya.no\/en\/product\/hair-we-are-maska-do-sredniej-porowatosci-200-ml-anwen\/","title":{"rendered":"HAIR WE ARE mask for medium porosity, 200 ml \u2013 Anwen"},"content":{"rendered":"<h1>HAIR WE ARE mask for medium porosity, 200 ml \u2013 Anwen<\/h1>\n<div id=\"box_description\" class=\"product-tab\" tabindex=\"0\" role=\"tabpanel\" data-tab=\"box_description\" aria-labelledby=\"box_description_tab\">\n<div class=\"innerbox\">\n<div class=\"resetcss fr-view\">\n<p>Hydrolyzed rice proteins effectively <strong>regenerate and rebuild the structure.<\/strong>\u00a0Humectants in the form of cationic hyaluronic acid, which is characterized by high affinity to the negatively charged surface of the hair, bind water, <strong>providing exceptionally long-lasting hydration.<\/strong>\u00a0Illipe butter, castor oil and Abyssinian oil phytosterol esters, i.e. natural emollients rich in vitamins and fatty acids <strong>smooth hair cuticles and make them more elastic<\/strong>. Addition of liposomal ceramides of plant origin <strong>rebuilds and strengthens the structure<\/strong>. Active ingredient from artichoke <strong>protects hair against the negative effects of external factors, improves shine and has antioxidant properties.<\/strong><\/p>\n<\/div>\n<\/div>\n<\/div>\n<div class=\"product-tab\" data-tab=\"box_sposob\">\n<div class=\"innerbox\">\n<div class=\"resetcss\">\n<h2>HOW TO USE:<\/h2>\n<p>Comb the mask into washed, water-dried hair. Secure with an Anwen turban and leave on for 15-30 minutes. Then rinse thoroughly with lukewarm water. Dry and style your hair as usual.<\/p>\n<\/div>\n<\/div>\n<\/div>\n<div class=\"product-tab\" data-tab=\"box_sklad\">\n<div class=\"innerbox\">\n<div class=\"resetcss\">\n<h2>INCI\/Ingredients:<\/h2>\n<p>Ingredients: Aqua, Cetearyl Alcohol, Behentrimonium Chloride, Ricinus Communis Seed Oil, Cetyl Alcohol, Dimethicone, Tapioca Starch, Crambe Abyssinica Seed Oil Phytosterol Esters, Shorea Stenoptera Seed Butter, Hydrolyzed Rice Protein, Phospholipids, Sphingolipids, Glycolipids, Ethyl Macadamiate, Cynara Scolymus Leaf Extract, Hydroxypropyltrimonium Hyaluronate, Polyquaternium-10, Propanediol, Pentylene Glycol, Butylene Glycol, Gluconolactone, Calcium Gluconate, Parfum, Phenoxyethanol, Glycerin, Benzoic Acid, Dehydroacetic Acid, Sodium Benzoate.<\/p>\n<\/div>\n<\/div>\n<\/div>\n<p>&nbsp;<\/p>","protected":false},"excerpt":{"rendered":"<p><strong>Rich mask formula<\/strong> tailored to the needs of medium porosity hair*, it combines the necessary elements <strong>PEH balance \u2013 Proteins, Emollients and Humectants<\/strong>.<\/p>\n<p>The concentrated formula of the mask is \u201c<strong>hair booster<\/strong>\u201d, which, when used once a week, visibly improves the condition and appearance of hair.<\/p>\n<p>Capacity: 200 ml<\/p>","protected":false},"featured_media":6579,"template":"","meta":{"_themeisle_gutenberg_block_has_review":false},"product_cat":[315,317],"product_tag":[373,338,339,368],"berocket_brand":[275],"yoast_head":"<!-- This site is optimized with the Yoast SEO Premium plugin v21.2 (Yoast SEO v21.5) - https:\/\/yoast.com\/wordpress\/plugins\/seo\/ -->\n<title>HAIR WE ARE maska do \u015bredniej porowato\u015bci, 200 ml - Anwen<\/title>\n<meta name=\"description\" content=\"Maska do w\u0142os\u00f3w z proteinami ry\u017cu i kationowym kwasem hialuronowym \u2013 g\u0142\u0119boko nawil\u017ca, regeneruje i wzmacnia. Ceramidy ro\u015blinne, mas\u0142o Illipe i olej abisy\u0144ski wyg\u0142adzaj\u0105, chroni\u0105 i nadaj\u0105 w\u0142osom zdrowy po\u0142ysk.\" \/>\n<meta name=\"robots\" content=\"index, follow, max-snippet:-1, max-image-preview:large, max-video-preview:-1\" \/>\n<link rel=\"canonical\" href=\"https:\/\/pitaya.no\/en\/product\/hair-we-are-maska-do-sredniej-porowatosci-200-ml-anwen\/\" \/>\n<meta property=\"og:locale\" content=\"en_GB\" \/>\n<meta property=\"og:type\" content=\"article\" \/>\n<meta property=\"og:title\" content=\"HAIR WE ARE maska do \u015bredniej porowato\u015bci, 200 ml - Anwen\" \/>\n<meta property=\"og:description\" content=\"Maska do w\u0142os\u00f3w z proteinami ry\u017cu i kationowym kwasem hialuronowym \u2013 g\u0142\u0119boko nawil\u017ca, regeneruje i wzmacnia. Ceramidy ro\u015blinne, mas\u0142o Illipe i olej abisy\u0144ski wyg\u0142adzaj\u0105, chroni\u0105 i nadaj\u0105 w\u0142osom zdrowy po\u0142ysk.\" \/>\n<meta property=\"og:url\" content=\"https:\/\/pitaya.no\/en\/product\/hair-we-are-maska-do-sredniej-porowatosci-200-ml-anwen\/\" \/>\n<meta property=\"og:site_name\" content=\"Pitaya.no\" \/>\n<meta property=\"article:publisher\" content=\"https:\/\/www.facebook.com\/Pitaya.no\" \/>\n<meta property=\"article:modified_time\" content=\"2026-02-24T09:58:17+00:00\" \/>\n<meta property=\"og:image\" content=\"https:\/\/pitaya.no\/wp-content\/uploads\/2025\/09\/5905090848301-M.S.P.jpg\" \/>\n\t<meta property=\"og:image:width\" content=\"1358\" \/>\n\t<meta property=\"og:image:height\" content=\"1358\" \/>\n\t<meta property=\"og:image:type\" content=\"image\/jpeg\" \/>\n<meta name=\"twitter:card\" content=\"summary_large_image\" \/>\n<meta name=\"twitter:label1\" content=\"Estimated reading time\" \/>\n\t<meta name=\"twitter:data1\" content=\"2 minutes\" \/>\n<script type=\"application\/ld+json\" class=\"yoast-schema-graph\">{\"@context\":\"https:\/\/schema.org\",\"@graph\":[{\"@type\":\"WebPage\",\"@id\":\"https:\/\/pitaya.no\/produkt\/hair-we-are-maska-do-sredniej-porowatosci-200-ml-anwen\/\",\"url\":\"https:\/\/pitaya.no\/produkt\/hair-we-are-maska-do-sredniej-porowatosci-200-ml-anwen\/\",\"name\":\"HAIR WE ARE maska do \u015bredniej porowato\u015bci, 200 ml - Anwen\",\"isPartOf\":{\"@id\":\"https:\/\/pitaya.no\/#website\"},\"datePublished\":\"2025-09-24T23:35:47+00:00\",\"dateModified\":\"2026-02-24T09:58:17+00:00\",\"description\":\"Maska do w\u0142os\u00f3w z proteinami ry\u017cu i kationowym kwasem hialuronowym \u2013 g\u0142\u0119boko nawil\u017ca, regeneruje i wzmacnia. Ceramidy ro\u015blinne, mas\u0142o Illipe i olej abisy\u0144ski wyg\u0142adzaj\u0105, chroni\u0105 i nadaj\u0105 w\u0142osom zdrowy po\u0142ysk.\",\"breadcrumb\":{\"@id\":\"https:\/\/pitaya.no\/produkt\/hair-we-are-maska-do-sredniej-porowatosci-200-ml-anwen\/#breadcrumb\"},\"inLanguage\":\"en-GB\",\"potentialAction\":[{\"@type\":\"ReadAction\",\"target\":[\"https:\/\/pitaya.no\/produkt\/hair-we-are-maska-do-sredniej-porowatosci-200-ml-anwen\/\"]}]},{\"@type\":\"BreadcrumbList\",\"@id\":\"https:\/\/pitaya.no\/produkt\/hair-we-are-maska-do-sredniej-porowatosci-200-ml-anwen\/#breadcrumb\",\"itemListElement\":[{\"@type\":\"ListItem\",\"position\":1,\"name\":\"Strona g\u0142\u00f3wna\",\"item\":\"https:\/\/pitaya.no\/\"},{\"@type\":\"ListItem\",\"position\":2,\"name\":\"Sklep\",\"item\":\"https:\/\/pitaya.no\/sklep\/\"},{\"@type\":\"ListItem\",\"position\":3,\"name\":\"HAIR WE ARE maska do \u015bredniej porowato\u015bci, 200 ml &#8211; Anwen\"}]},{\"@type\":\"WebSite\",\"@id\":\"https:\/\/pitaya.no\/#website\",\"url\":\"https:\/\/pitaya.no\/\",\"name\":\"Pitaya.no\",\"description\":\"Polska drogeria ekologiczna w Norwegii\",\"potentialAction\":[{\"@type\":\"SearchAction\",\"target\":{\"@type\":\"EntryPoint\",\"urlTemplate\":\"https:\/\/pitaya.no\/?s={search_term_string}\"},\"query-input\":\"required name=search_term_string\"}],\"inLanguage\":\"en-GB\"}]}<\/script>\n<!-- \/ Yoast SEO Premium plugin. -->","yoast_head_json":{"title":"HAIR WE ARE mask for medium porosity, 200 ml - Anwen","description":"Maska do w\u0142os\u00f3w z proteinami ry\u017cu i kationowym kwasem hialuronowym \u2013 g\u0142\u0119boko nawil\u017ca, regeneruje i wzmacnia. Ceramidy ro\u015blinne, mas\u0142o Illipe i olej abisy\u0144ski wyg\u0142adzaj\u0105, chroni\u0105 i nadaj\u0105 w\u0142osom zdrowy po\u0142ysk.","robots":{"index":"index","follow":"follow","max-snippet":"max-snippet:-1","max-image-preview":"max-image-preview:large","max-video-preview":"max-video-preview:-1"},"canonical":"https:\/\/pitaya.no\/en\/product\/hair-we-are-maska-do-sredniej-porowatosci-200-ml-anwen\/","og_locale":"en_GB","og_type":"article","og_title":"HAIR WE ARE maska do \u015bredniej porowato\u015bci, 200 ml - Anwen","og_description":"Maska do w\u0142os\u00f3w z proteinami ry\u017cu i kationowym kwasem hialuronowym \u2013 g\u0142\u0119boko nawil\u017ca, regeneruje i wzmacnia. Ceramidy ro\u015blinne, mas\u0142o Illipe i olej abisy\u0144ski wyg\u0142adzaj\u0105, chroni\u0105 i nadaj\u0105 w\u0142osom zdrowy po\u0142ysk.","og_url":"https:\/\/pitaya.no\/en\/product\/hair-we-are-maska-do-sredniej-porowatosci-200-ml-anwen\/","og_site_name":"Pitaya.no","article_publisher":"https:\/\/www.facebook.com\/Pitaya.no","article_modified_time":"2026-02-24T09:58:17+00:00","og_image":[{"width":1358,"height":1358,"url":"https:\/\/pitaya.no\/wp-content\/uploads\/2025\/09\/5905090848301-M.S.P.jpg","type":"image\/jpeg"}],"twitter_card":"summary_large_image","twitter_misc":{"Estimated reading time":"2 minutes"},"schema":{"@context":"https:\/\/schema.org","@graph":[{"@type":"WebPage","@id":"https:\/\/pitaya.no\/produkt\/hair-we-are-maska-do-sredniej-porowatosci-200-ml-anwen\/","url":"https:\/\/pitaya.no\/produkt\/hair-we-are-maska-do-sredniej-porowatosci-200-ml-anwen\/","name":"HAIR WE ARE mask for medium porosity, 200 ml - Anwen","isPartOf":{"@id":"https:\/\/pitaya.no\/#website"},"datePublished":"2025-09-24T23:35:47+00:00","dateModified":"2026-02-24T09:58:17+00:00","description":"Maska do w\u0142os\u00f3w z proteinami ry\u017cu i kationowym kwasem hialuronowym \u2013 g\u0142\u0119boko nawil\u017ca, regeneruje i wzmacnia. Ceramidy ro\u015blinne, mas\u0142o Illipe i olej abisy\u0144ski wyg\u0142adzaj\u0105, chroni\u0105 i nadaj\u0105 w\u0142osom zdrowy po\u0142ysk.","breadcrumb":{"@id":"https:\/\/pitaya.no\/produkt\/hair-we-are-maska-do-sredniej-porowatosci-200-ml-anwen\/#breadcrumb"},"inLanguage":"en-GB","potentialAction":[{"@type":"ReadAction","target":["https:\/\/pitaya.no\/produkt\/hair-we-are-maska-do-sredniej-porowatosci-200-ml-anwen\/"]}]},{"@type":"BreadcrumbList","@id":"https:\/\/pitaya.no\/produkt\/hair-we-are-maska-do-sredniej-porowatosci-200-ml-anwen\/#breadcrumb","itemListElement":[{"@type":"ListItem","position":1,"name":"Strona g\u0142\u00f3wna","item":"https:\/\/pitaya.no\/"},{"@type":"ListItem","position":2,"name":"Sklep","item":"https:\/\/pitaya.no\/sklep\/"},{"@type":"ListItem","position":3,"name":"HAIR WE ARE maska do \u015bredniej porowato\u015bci, 200 ml &#8211; Anwen"}]},{"@type":"WebSite","@id":"https:\/\/pitaya.no\/#website","url":"https:\/\/pitaya.no\/","name":"Pitaya.no","description":"Polish organic drugstore in Norway","potentialAction":[{"@type":"SearchAction","target":{"@type":"EntryPoint","urlTemplate":"https:\/\/pitaya.no\/?s={search_term_string}"},"query-input":"required name=search_term_string"}],"inLanguage":"en-GB"}]}},"_links":{"self":[{"href":"https:\/\/pitaya.no\/en\/wp-json\/wp\/v2\/product\/6570"}],"collection":[{"href":"https:\/\/pitaya.no\/en\/wp-json\/wp\/v2\/product"}],"about":[{"href":"https:\/\/pitaya.no\/en\/wp-json\/wp\/v2\/types\/product"}],"wp:featuredmedia":[{"embeddable":true,"href":"https:\/\/pitaya.no\/en\/wp-json\/wp\/v2\/media\/6579"}],"wp:attachment":[{"href":"https:\/\/pitaya.no\/en\/wp-json\/wp\/v2\/media?parent=6570"}],"wp:term":[{"taxonomy":"product_cat","embeddable":true,"href":"https:\/\/pitaya.no\/en\/wp-json\/wp\/v2\/product_cat?post=6570"},{"taxonomy":"product_tag","embeddable":true,"href":"https:\/\/pitaya.no\/en\/wp-json\/wp\/v2\/product_tag?post=6570"},{"taxonomy":"berocket_brand","embeddable":true,"href":"https:\/\/pitaya.no\/en\/wp-json\/wp\/v2\/berocket_brand?post=6570"}],"curies":[{"name":"wp","href":"https:\/\/api.w.org\/{rel}","templated":true}]}}