{"id":6567,"date":"2025-09-24T23:23:50","date_gmt":"2025-09-24T23:23:50","guid":{"rendered":"https:\/\/pitaya.no\/?post_type=product&#038;p=6567"},"modified":"2026-02-21T19:32:09","modified_gmt":"2026-02-21T19:32:09","slug":"hair-we-are-szampon-zwiekszajacy-objetosc-200-ml-anwen","status":"publish","type":"product","link":"https:\/\/pitaya.no\/en\/product\/hair-we-are-szampon-zwiekszajacy-objetosc-200-ml-anwen\/","title":{"rendered":"HAIR WE ARE volumizing shampoo, 200 ml \u2013 Anwen"},"content":{"rendered":"<h1>HAIR WE ARE volumizing shampoo, 200 ml \u2013 Anwen<\/h1>\n<p><img fetchpriority=\"high\" decoding=\"async\" class=\"aligncenter size-full wp-image-6493\" src=\"https:\/\/pitaya.no\/wp-content\/uploads\/2025\/08\/18d87dc46a1f123707b4bca14272c532.jpg\" alt=\"Serum silikonowe nab\u0142yszczaj\u0105co wyg\u0142adzaj\u0105ce, 15 ml - Anwen x Klaudia Matuszewska\" width=\"1920\" height=\"480\" srcset=\"https:\/\/pitaya.no\/wp-content\/uploads\/2025\/08\/18d87dc46a1f123707b4bca14272c532.jpg 1920w, https:\/\/pitaya.no\/wp-content\/uploads\/2025\/08\/18d87dc46a1f123707b4bca14272c532-300x75.jpg 300w, https:\/\/pitaya.no\/wp-content\/uploads\/2025\/08\/18d87dc46a1f123707b4bca14272c532-1024x256.jpg 1024w, https:\/\/pitaya.no\/wp-content\/uploads\/2025\/08\/18d87dc46a1f123707b4bca14272c532-768x192.jpg 768w, https:\/\/pitaya.no\/wp-content\/uploads\/2025\/08\/18d87dc46a1f123707b4bca14272c532-1536x384.jpg 1536w, https:\/\/pitaya.no\/wp-content\/uploads\/2025\/08\/18d87dc46a1f123707b4bca14272c532-18x5.jpg 18w, https:\/\/pitaya.no\/wp-content\/uploads\/2025\/08\/18d87dc46a1f123707b4bca14272c532-600x150.jpg 600w, https:\/\/pitaya.no\/wp-content\/uploads\/2025\/08\/18d87dc46a1f123707b4bca14272c532-90x23.jpg 90w, https:\/\/pitaya.no\/wp-content\/uploads\/2025\/08\/18d87dc46a1f123707b4bca14272c532-64x16.jpg 64w\" sizes=\"(max-width: 1920px) 100vw, 1920px\" \/><\/p>\n<div id=\"box_description\" class=\"product-tab\" tabindex=\"0\" role=\"tabpanel\" data-tab=\"box_description\" aria-labelledby=\"box_description_tab\">\n<div class=\"innerbox\">\n<div class=\"resetcss fr-view\">\n<p>Do you want to visibly increase the volume of your hair? Or perhaps you want to improve the appearance of flat strands? Try it out. <strong>Hair We Are \u2013 a unique shampoo that adds volume to your hair<\/strong>Use it regularly and watch as wow-free, thin hair becomes a thing of the past!<\/p>\n<p>Hair We Are is a revolutionary shampoo that will boost the roots and revitalize fine, volume-less hair. Contains <strong>natural cleansing ingredients<\/strong>, which gently but effectively cleanse the scalp. <strong>Hydrolyzed rice proteins<\/strong> increase the volume of the hairstyle at the roots, thanks to electrostatic interactions between negatively charged amino acids and negative charges on the hair surface. <strong>Biomimetic active ingredients from Amaranth<\/strong> They are encased in a natural matrix, which provides exceptional care for the hair&#039;s structure, creating a protective film on the hair shaft and increasing its volume. The matrix remains on the hair&#039;s surface and sequentially releases peptides and polysaccharides, which improve hair condition. Aloe vera juice and glycerin provide hydration. A licorice derivative <strong>prevents excessive sebum secretion and has a soothing effect<\/strong>, reducing itching. New-generation organic rice starch prolongs hair freshness thanks to its excellent absorption properties.<\/p>\n<\/div>\n<\/div>\n<\/div>\n<div class=\"product-tab\" data-tab=\"box_sposob\">\n<div class=\"innerbox\">\n<div class=\"resetcss\">\n<h3><strong>HOW TO USE:<\/strong><\/h3>\n<p>Apply a small amount of shampoo to wet scalp. Massage briefly until foaming. Rinse thoroughly with water and apply your favorite conditioner or hair mask.<\/p>\n<h3><strong>INCI\/Ingredients:\u00a0<\/strong><\/h3>\n<\/div>\n<\/div>\n<\/div>\n<div class=\"product-tab\" data-tab=\"box_sklad\">\n<div class=\"innerbox\">\n<div class=\"resetcss\">\n<p>Aqua, Decyl Glucoside, Caprylyl\/Capryl Glucoside, Oryza Sativa (Rice) Starch, Sodium Laurylglucosides Hydroxypropylsulfate, Aloe Barbadensis Leaf Juice, Xanthan Gum, Hydrolyzed Rice Protein, Amaranthus Caudatus Seed Extract, Glycerin, Dipotassium Glycyrrhizinate, Zea Mays Starch, Glucose, Gluconolactone, Parfum, Potassium Sorbate, Citric Acid, Sodium Chloride, Decyl Alcohol, Benzyl Alcohol, Caprylyl Alcohol, Phenoxyethanol, Phenethyl Alcohol, Caprylyl Glycol, Calcium Gluconate, Tocopherol, Sodium Benzoate.<\/p>\n<\/div>\n<\/div>\n<\/div>\n<p>&nbsp;<\/p>","protected":false},"excerpt":{"rendered":"<p>Many hair problems are caused by a lack or <strong>improper scalp care,<\/strong> which is the &quot;factory&quot; of hair. If it is in poor condition, hair may, for example, fall out excessively, become oily too quickly, grow slowly, or lose volume at the roots. When choosing a shampoo <strong>the needs of your scalp should be your priority<\/strong>, not hair type. Included in the shampoo for everyday use <strong>avoid strong cleaning substances<\/strong>, choose products containing ingredients that additionally care for the microbiome and scalp condition. Hair We Are shampoo from Anwen not only provides hair bounce and increased volume, but also allows you to thoroughly cleanse the scalp, reduce sebum production, and strengthen the hair structure at the roots. Our product is silicone-free, and subsequent washes won&#039;t weigh down the hair.<\/p>\n<p><strong>Capacity: 200 ml<\/strong><\/p>","protected":false},"featured_media":6578,"template":"","meta":{"_themeisle_gutenberg_block_has_review":false},"product_cat":[311,314],"product_tag":[373,385,359,362],"berocket_brand":[275],"yoast_head":"<!-- This site is optimized with the Yoast SEO Premium plugin v21.2 (Yoast SEO v21.5) - https:\/\/yoast.com\/wordpress\/plugins\/seo\/ -->\n<title>HAIR WE ARE szampon zwi\u0119kszaj\u0105cy obj\u0119to\u015b\u0107, 200 ml - Anwen - Pitaya.no<\/title>\n<meta name=\"description\" content=\"Hair We Are \u2013 rewolucyjny szampon zwi\u0119kszaj\u0105cy obj\u0119to\u015b\u0107 w\u0142os\u00f3w cienkich. Naturalne sk\u0142adniki, proteiny ry\u017cowe i amarantus unosz\u0105 w\u0142osy u nasady, nawil\u017caj\u0105 i przed\u0142u\u017caj\u0105 \u015bwie\u017co\u015b\u0107 fryzury.\" \/>\n<meta name=\"robots\" content=\"index, follow, max-snippet:-1, max-image-preview:large, max-video-preview:-1\" \/>\n<link rel=\"canonical\" href=\"https:\/\/pitaya.no\/en\/product\/hair-we-are-szampon-zwiekszajacy-objetosc-200-ml-anwen\/\" \/>\n<meta property=\"og:locale\" content=\"en_GB\" \/>\n<meta property=\"og:type\" content=\"article\" \/>\n<meta property=\"og:title\" content=\"HAIR WE ARE szampon zwi\u0119kszaj\u0105cy obj\u0119to\u015b\u0107, 200 ml - Anwen\" \/>\n<meta property=\"og:description\" content=\"Hair We Are \u2013 rewolucyjny szampon zwi\u0119kszaj\u0105cy obj\u0119to\u015b\u0107 w\u0142os\u00f3w cienkich. Naturalne sk\u0142adniki, proteiny ry\u017cowe i amarantus unosz\u0105 w\u0142osy u nasady, nawil\u017caj\u0105 i przed\u0142u\u017caj\u0105 \u015bwie\u017co\u015b\u0107 fryzury.\" \/>\n<meta property=\"og:url\" content=\"https:\/\/pitaya.no\/en\/product\/hair-we-are-szampon-zwiekszajacy-objetosc-200-ml-anwen\/\" \/>\n<meta property=\"og:site_name\" content=\"Pitaya.no\" \/>\n<meta property=\"article:publisher\" content=\"https:\/\/www.facebook.com\/Pitaya.no\" \/>\n<meta property=\"article:modified_time\" content=\"2026-02-21T19:32:09+00:00\" \/>\n<meta property=\"og:image\" content=\"https:\/\/pitaya.no\/wp-content\/uploads\/2025\/09\/Figa-nowe-zamkniecie-REFLECT-1-scaled.jpg\" \/>\n\t<meta property=\"og:image:width\" content=\"2560\" \/>\n\t<meta property=\"og:image:height\" content=\"2560\" \/>\n\t<meta property=\"og:image:type\" content=\"image\/jpeg\" \/>\n<meta name=\"twitter:card\" content=\"summary_large_image\" \/>\n<meta name=\"twitter:label1\" content=\"Estimated reading time\" \/>\n\t<meta name=\"twitter:data1\" content=\"2 minutes\" \/>\n<script type=\"application\/ld+json\" class=\"yoast-schema-graph\">{\"@context\":\"https:\/\/schema.org\",\"@graph\":[{\"@type\":\"WebPage\",\"@id\":\"https:\/\/pitaya.no\/produkt\/hair-we-are-szampon-zwiekszajacy-objetosc-200-ml-anwen\/\",\"url\":\"https:\/\/pitaya.no\/produkt\/hair-we-are-szampon-zwiekszajacy-objetosc-200-ml-anwen\/\",\"name\":\"HAIR WE ARE szampon zwi\u0119kszaj\u0105cy obj\u0119to\u015b\u0107, 200 ml - Anwen - Pitaya.no\",\"isPartOf\":{\"@id\":\"https:\/\/pitaya.no\/#website\"},\"datePublished\":\"2025-09-24T23:23:50+00:00\",\"dateModified\":\"2026-02-21T19:32:09+00:00\",\"description\":\"Hair We Are \u2013 rewolucyjny szampon zwi\u0119kszaj\u0105cy obj\u0119to\u015b\u0107 w\u0142os\u00f3w cienkich. Naturalne sk\u0142adniki, proteiny ry\u017cowe i amarantus unosz\u0105 w\u0142osy u nasady, nawil\u017caj\u0105 i przed\u0142u\u017caj\u0105 \u015bwie\u017co\u015b\u0107 fryzury.\",\"breadcrumb\":{\"@id\":\"https:\/\/pitaya.no\/produkt\/hair-we-are-szampon-zwiekszajacy-objetosc-200-ml-anwen\/#breadcrumb\"},\"inLanguage\":\"en-GB\",\"potentialAction\":[{\"@type\":\"ReadAction\",\"target\":[\"https:\/\/pitaya.no\/produkt\/hair-we-are-szampon-zwiekszajacy-objetosc-200-ml-anwen\/\"]}]},{\"@type\":\"BreadcrumbList\",\"@id\":\"https:\/\/pitaya.no\/produkt\/hair-we-are-szampon-zwiekszajacy-objetosc-200-ml-anwen\/#breadcrumb\",\"itemListElement\":[{\"@type\":\"ListItem\",\"position\":1,\"name\":\"Strona g\u0142\u00f3wna\",\"item\":\"https:\/\/pitaya.no\/\"},{\"@type\":\"ListItem\",\"position\":2,\"name\":\"Sklep\",\"item\":\"https:\/\/pitaya.no\/sklep\/\"},{\"@type\":\"ListItem\",\"position\":3,\"name\":\"HAIR WE ARE szampon zwi\u0119kszaj\u0105cy obj\u0119to\u015b\u0107, 200 ml &#8211; Anwen\"}]},{\"@type\":\"WebSite\",\"@id\":\"https:\/\/pitaya.no\/#website\",\"url\":\"https:\/\/pitaya.no\/\",\"name\":\"Pitaya.no\",\"description\":\"Polska drogeria ekologiczna w Norwegii\",\"potentialAction\":[{\"@type\":\"SearchAction\",\"target\":{\"@type\":\"EntryPoint\",\"urlTemplate\":\"https:\/\/pitaya.no\/?s={search_term_string}\"},\"query-input\":\"required name=search_term_string\"}],\"inLanguage\":\"en-GB\"}]}<\/script>\n<!-- \/ Yoast SEO Premium plugin. -->","yoast_head_json":{"title":"HAIR WE ARE szampon zwi\u0119kszaj\u0105cy obj\u0119to\u015b\u0107, 200 ml - Anwen - Pitaya.no","description":"Hair We Are \u2013 rewolucyjny szampon zwi\u0119kszaj\u0105cy obj\u0119to\u015b\u0107 w\u0142os\u00f3w cienkich. Naturalne sk\u0142adniki, proteiny ry\u017cowe i amarantus unosz\u0105 w\u0142osy u nasady, nawil\u017caj\u0105 i przed\u0142u\u017caj\u0105 \u015bwie\u017co\u015b\u0107 fryzury.","robots":{"index":"index","follow":"follow","max-snippet":"max-snippet:-1","max-image-preview":"max-image-preview:large","max-video-preview":"max-video-preview:-1"},"canonical":"https:\/\/pitaya.no\/en\/product\/hair-we-are-szampon-zwiekszajacy-objetosc-200-ml-anwen\/","og_locale":"en_GB","og_type":"article","og_title":"HAIR WE ARE szampon zwi\u0119kszaj\u0105cy obj\u0119to\u015b\u0107, 200 ml - Anwen","og_description":"Hair We Are \u2013 rewolucyjny szampon zwi\u0119kszaj\u0105cy obj\u0119to\u015b\u0107 w\u0142os\u00f3w cienkich. Naturalne sk\u0142adniki, proteiny ry\u017cowe i amarantus unosz\u0105 w\u0142osy u nasady, nawil\u017caj\u0105 i przed\u0142u\u017caj\u0105 \u015bwie\u017co\u015b\u0107 fryzury.","og_url":"https:\/\/pitaya.no\/en\/product\/hair-we-are-szampon-zwiekszajacy-objetosc-200-ml-anwen\/","og_site_name":"Pitaya.no","article_publisher":"https:\/\/www.facebook.com\/Pitaya.no","article_modified_time":"2026-02-21T19:32:09+00:00","og_image":[{"width":2560,"height":2560,"url":"https:\/\/pitaya.no\/wp-content\/uploads\/2025\/09\/Figa-nowe-zamkniecie-REFLECT-1-scaled.jpg","type":"image\/jpeg"}],"twitter_card":"summary_large_image","twitter_misc":{"Estimated reading time":"2 minutes"},"schema":{"@context":"https:\/\/schema.org","@graph":[{"@type":"WebPage","@id":"https:\/\/pitaya.no\/produkt\/hair-we-are-szampon-zwiekszajacy-objetosc-200-ml-anwen\/","url":"https:\/\/pitaya.no\/produkt\/hair-we-are-szampon-zwiekszajacy-objetosc-200-ml-anwen\/","name":"HAIR WE ARE szampon zwi\u0119kszaj\u0105cy obj\u0119to\u015b\u0107, 200 ml - Anwen - Pitaya.no","isPartOf":{"@id":"https:\/\/pitaya.no\/#website"},"datePublished":"2025-09-24T23:23:50+00:00","dateModified":"2026-02-21T19:32:09+00:00","description":"Hair We Are \u2013 rewolucyjny szampon zwi\u0119kszaj\u0105cy obj\u0119to\u015b\u0107 w\u0142os\u00f3w cienkich. Naturalne sk\u0142adniki, proteiny ry\u017cowe i amarantus unosz\u0105 w\u0142osy u nasady, nawil\u017caj\u0105 i przed\u0142u\u017caj\u0105 \u015bwie\u017co\u015b\u0107 fryzury.","breadcrumb":{"@id":"https:\/\/pitaya.no\/produkt\/hair-we-are-szampon-zwiekszajacy-objetosc-200-ml-anwen\/#breadcrumb"},"inLanguage":"en-GB","potentialAction":[{"@type":"ReadAction","target":["https:\/\/pitaya.no\/produkt\/hair-we-are-szampon-zwiekszajacy-objetosc-200-ml-anwen\/"]}]},{"@type":"BreadcrumbList","@id":"https:\/\/pitaya.no\/produkt\/hair-we-are-szampon-zwiekszajacy-objetosc-200-ml-anwen\/#breadcrumb","itemListElement":[{"@type":"ListItem","position":1,"name":"Strona g\u0142\u00f3wna","item":"https:\/\/pitaya.no\/"},{"@type":"ListItem","position":2,"name":"Sklep","item":"https:\/\/pitaya.no\/sklep\/"},{"@type":"ListItem","position":3,"name":"HAIR WE ARE szampon zwi\u0119kszaj\u0105cy obj\u0119to\u015b\u0107, 200 ml &#8211; Anwen"}]},{"@type":"WebSite","@id":"https:\/\/pitaya.no\/#website","url":"https:\/\/pitaya.no\/","name":"Pitaya.no","description":"Polish organic drugstore in Norway","potentialAction":[{"@type":"SearchAction","target":{"@type":"EntryPoint","urlTemplate":"https:\/\/pitaya.no\/?s={search_term_string}"},"query-input":"required name=search_term_string"}],"inLanguage":"en-GB"}]}},"_links":{"self":[{"href":"https:\/\/pitaya.no\/en\/wp-json\/wp\/v2\/product\/6567"}],"collection":[{"href":"https:\/\/pitaya.no\/en\/wp-json\/wp\/v2\/product"}],"about":[{"href":"https:\/\/pitaya.no\/en\/wp-json\/wp\/v2\/types\/product"}],"wp:featuredmedia":[{"embeddable":true,"href":"https:\/\/pitaya.no\/en\/wp-json\/wp\/v2\/media\/6578"}],"wp:attachment":[{"href":"https:\/\/pitaya.no\/en\/wp-json\/wp\/v2\/media?parent=6567"}],"wp:term":[{"taxonomy":"product_cat","embeddable":true,"href":"https:\/\/pitaya.no\/en\/wp-json\/wp\/v2\/product_cat?post=6567"},{"taxonomy":"product_tag","embeddable":true,"href":"https:\/\/pitaya.no\/en\/wp-json\/wp\/v2\/product_tag?post=6567"},{"taxonomy":"berocket_brand","embeddable":true,"href":"https:\/\/pitaya.no\/en\/wp-json\/wp\/v2\/berocket_brand?post=6567"}],"curies":[{"name":"wp","href":"https:\/\/api.w.org\/{rel}","templated":true}]}}