{"id":6532,"date":"2025-09-02T19:52:56","date_gmt":"2025-09-02T19:52:56","guid":{"rendered":"https:\/\/pitaya.no\/?post_type=product&#038;p=6532"},"modified":"2026-02-11T11:37:06","modified_gmt":"2026-02-11T11:37:06","slug":"we-will-lok-you-piankowe-walki-do-krecenia-wlosow-4-szt-anwen","status":"publish","type":"product","link":"https:\/\/pitaya.no\/en\/product\/we-will-lok-you-piankowe-walki-do-krecenia-wlosow-4-szt-anwen\/","title":{"rendered":"WE WILL LOK YOU Foam Hair Curlers, 4 pcs \u2013 Anwen"},"content":{"rendered":"<div id=\"box_description\" class=\"product-tab\" tabindex=\"0\" role=\"tabpanel\" data-tab=\"box_description\" aria-labelledby=\"box_description_tab\">\n<div class=\"innerbox\">\n<div class=\"resetcss fr-view\">\n<h1 dir=\"ltr\">WE WILL LOK YOU Foam Hair Curlers, 4 pcs \u2013 Anwen<\/h1>\n<p dir=\"ltr\">Soft, comfortable and easy to use rollers, <strong>which you can use to curl your hair without using heat.<\/strong>\u00a0Made in Poland from smooth, natural material and flexible memory foam, <strong>create beautiful curls without exposing your hair to thermal damage.<\/strong> Designed to fit <strong>for all hair lengths and thicknesses<\/strong>Thanks to the clever snap closure, they stay in place and are very easy to use. For very thick or long hair, we recommend using more rollers.<\/p>\n<h3 style=\"text-align: center;\"><strong>* Heat-Free Curls *<\/strong><\/h3>\n<h3 style=\"text-align: center;\"><strong>* They do not damage the hair *<\/strong><\/h3>\n<h3 style=\"text-align: center;\"><strong>* Easy to use *<\/strong><\/h3>\n<h3 style=\"text-align: center;\"><strong>* Comfortable *<\/strong><\/h3>\n<h3 style=\"text-align: center;\"><strong>* Fastened with a snap *<\/strong><\/h3>\n<p>&nbsp;<\/p>\n<p dir=\"ltr\">Material composition: 55% cotton, 45% linen<\/p>\n<p><span id=\"m_-4984419693778734757gmail-docs-internal-guid-99ccd9de-7fff-4be5-83a9-5794153af706\">Filling: 100% PUR foam<\/span><\/p>\n<p>&nbsp;<\/p>\n<\/div>\n<\/div>\n<\/div>\n<div class=\"product-tab\" data-tab=\"box_sposob\">\n<div class=\"innerbox\">\n<div class=\"resetcss\">\n<h2 dir=\"ltr\">How to use:<\/h2>\n<p dir=\"ltr\"><strong>Step 1<\/strong> \u2013 Comb your hair and divide it into 4 strands.<\/p>\n<p dir=\"ltr\"><strong>Step 2<\/strong> \u2013 Spray each strand with Pinalokada and then wrap it around the roller.<\/p>\n<p dir=\"ltr\"><strong>Step 3<\/strong> \u2013 Leave the rollers on your hair for at least 2 hours, preferably overnight.<\/p>\n<p dir=\"ltr\"><strong>Step 4<\/strong> \u2013 Gently unwind each strand and enjoy natural, shiny curls!<\/p>\n<p dir=\"ltr\">To fix your hairstyle, you can use a little bit of Good Loking cream or spray your hair with your favorite hairspray.<\/p>\n<div id=\"attachment_6536\" style=\"width: 669px\" class=\"wp-caption aligncenter\"><img aria-describedby=\"caption-attachment-6536\" fetchpriority=\"high\" decoding=\"async\" class=\"wp-image-6536\" src=\"https:\/\/pitaya.no\/wp-content\/uploads\/2025\/09\/AnwenStudio0830.jpg\" alt=\"WE WILL LOK YOU Piankowe wa\u0142ki do kr\u0119cenia w\u0142os\u00f3w, 4 szt. - Anwen\" width=\"659\" height=\"988\" srcset=\"https:\/\/pitaya.no\/wp-content\/uploads\/2025\/09\/AnwenStudio0830.jpg 1365w, https:\/\/pitaya.no\/wp-content\/uploads\/2025\/09\/AnwenStudio0830-200x300.jpg 200w, https:\/\/pitaya.no\/wp-content\/uploads\/2025\/09\/AnwenStudio0830-683x1024.jpg 683w, https:\/\/pitaya.no\/wp-content\/uploads\/2025\/09\/AnwenStudio0830-768x1151.jpg 768w, https:\/\/pitaya.no\/wp-content\/uploads\/2025\/09\/AnwenStudio0830-1025x1536.jpg 1025w, https:\/\/pitaya.no\/wp-content\/uploads\/2025\/09\/AnwenStudio0830-8x12.jpg 8w, https:\/\/pitaya.no\/wp-content\/uploads\/2025\/09\/AnwenStudio0830-600x899.jpg 600w, https:\/\/pitaya.no\/wp-content\/uploads\/2025\/09\/AnwenStudio0830-36x54.jpg 36w, https:\/\/pitaya.no\/wp-content\/uploads\/2025\/09\/AnwenStudio0830-64x96.jpg 64w\" sizes=\"(max-width: 659px) 100vw, 659px\" \/><p id=\"caption-attachment-6536\" class=\"wp-caption-text\">WE WILL LOK YOU Foam Hair Curlers, 4 pcs \u2013 Anwen<\/p><\/div>\n<h2 dir=\"ltr\"><strong>How to wash?<\/strong><\/h2>\n<p dir=\"ltr\">Hand wash at 30o C.<\/p>\n<p dir=\"ltr\">Do not spin.<\/p>\n<p dir=\"ltr\">Do not tumble dry.<\/p>\n<p dir=\"ltr\">\n<\/div>\n<\/div>\n<\/div>\n<div class=\"product-tab\" data-tab=\"box_sklad\">\n<div class=\"innerbox\">\n<div>\n<p dir=\"ltr\">Material composition: 55% cotton, 45% linen<\/p>\n<p><span id=\"m_-4984419693778734757gmail-docs-internal-guid-99ccd9de-7fff-4be5-83a9-5794153af706\">Filling: 100% PUR foam<\/span><\/p>\n<\/div>\n<\/div>\n<\/div>","protected":false},"excerpt":{"rendered":"<p dir=\"ltr\">Soft, comfortable, and easy-to-use rollers that curl your hair without using heat. Made in Poland from smooth, natural material and flexible memory foam, they create beautiful curls without exposing your hair to heat damage.<\/p>\n<p dir=\"ltr\">4 pieces in a set<\/p>","protected":false},"featured_media":6534,"template":"","meta":{"_themeisle_gutenberg_block_has_review":false},"product_cat":[332],"product_tag":[374,373,375],"berocket_brand":[275],"yoast_head":"<!-- This site is optimized with the Yoast SEO Premium plugin v21.2 (Yoast SEO v21.5) - https:\/\/yoast.com\/wordpress\/plugins\/seo\/ -->\n<title>WE WILL LOK YOU Piankowe wa\u0142ki do kr\u0119cenia w\u0142os\u00f3w, 4 szt. - Anwen<\/title>\n<meta name=\"description\" content=\"Naturalne wa\u0142ki do w\u0142os\u00f3w bez u\u017cycia ciep\u0142a \u2013 wygodne, mi\u0119kkie i \u0142atwe w u\u017cyciu. Tw\u00f3rz pi\u0119kne loki bez niszczenia w\u0142os\u00f3w.\" \/>\n<meta name=\"robots\" content=\"index, follow, max-snippet:-1, max-image-preview:large, max-video-preview:-1\" \/>\n<link rel=\"canonical\" href=\"https:\/\/pitaya.no\/en\/product\/we-will-lok-you-piankowe-walki-do-krecenia-wlosow-4-szt-anwen\/\" \/>\n<meta property=\"og:locale\" content=\"en_GB\" \/>\n<meta property=\"og:type\" content=\"article\" \/>\n<meta property=\"og:title\" content=\"WE WILL LOK YOU Piankowe wa\u0142ki do kr\u0119cenia w\u0142os\u00f3w, 4 szt. - Anwen\" \/>\n<meta property=\"og:description\" content=\"Naturalne wa\u0142ki do w\u0142os\u00f3w bez u\u017cycia ciep\u0142a \u2013 wygodne, mi\u0119kkie i \u0142atwe w u\u017cyciu. Tw\u00f3rz pi\u0119kne loki bez niszczenia w\u0142os\u00f3w.\" \/>\n<meta property=\"og:url\" content=\"https:\/\/pitaya.no\/en\/product\/we-will-lok-you-piankowe-walki-do-krecenia-wlosow-4-szt-anwen\/\" \/>\n<meta property=\"og:site_name\" content=\"Pitaya.no\" \/>\n<meta property=\"article:publisher\" content=\"https:\/\/www.facebook.com\/Pitaya.no\" \/>\n<meta property=\"article:modified_time\" content=\"2026-02-11T11:37:06+00:00\" \/>\n<meta property=\"og:image\" content=\"https:\/\/pitaya.no\/wp-content\/uploads\/2025\/09\/We_Will_LOK_You_cien.jpg\" \/>\n\t<meta property=\"og:image:width\" content=\"2048\" \/>\n\t<meta property=\"og:image:height\" content=\"2048\" \/>\n\t<meta property=\"og:image:type\" content=\"image\/jpeg\" \/>\n<meta name=\"twitter:card\" content=\"summary_large_image\" \/>\n<meta name=\"twitter:label1\" content=\"Estimated reading time\" \/>\n\t<meta name=\"twitter:data1\" content=\"2 minutes\" \/>\n<script type=\"application\/ld+json\" class=\"yoast-schema-graph\">{\"@context\":\"https:\/\/schema.org\",\"@graph\":[{\"@type\":\"WebPage\",\"@id\":\"https:\/\/pitaya.no\/produkt\/we-will-lok-you-piankowe-walki-do-krecenia-wlosow-4-szt-anwen\/\",\"url\":\"https:\/\/pitaya.no\/produkt\/we-will-lok-you-piankowe-walki-do-krecenia-wlosow-4-szt-anwen\/\",\"name\":\"WE WILL LOK YOU Piankowe wa\u0142ki do kr\u0119cenia w\u0142os\u00f3w, 4 szt. - Anwen\",\"isPartOf\":{\"@id\":\"https:\/\/pitaya.no\/#website\"},\"datePublished\":\"2025-09-02T19:52:56+00:00\",\"dateModified\":\"2026-02-11T11:37:06+00:00\",\"description\":\"Naturalne wa\u0142ki do w\u0142os\u00f3w bez u\u017cycia ciep\u0142a \u2013 wygodne, mi\u0119kkie i \u0142atwe w u\u017cyciu. Tw\u00f3rz pi\u0119kne loki bez niszczenia w\u0142os\u00f3w.\",\"breadcrumb\":{\"@id\":\"https:\/\/pitaya.no\/produkt\/we-will-lok-you-piankowe-walki-do-krecenia-wlosow-4-szt-anwen\/#breadcrumb\"},\"inLanguage\":\"en-GB\",\"potentialAction\":[{\"@type\":\"ReadAction\",\"target\":[\"https:\/\/pitaya.no\/produkt\/we-will-lok-you-piankowe-walki-do-krecenia-wlosow-4-szt-anwen\/\"]}]},{\"@type\":\"BreadcrumbList\",\"@id\":\"https:\/\/pitaya.no\/produkt\/we-will-lok-you-piankowe-walki-do-krecenia-wlosow-4-szt-anwen\/#breadcrumb\",\"itemListElement\":[{\"@type\":\"ListItem\",\"position\":1,\"name\":\"Strona g\u0142\u00f3wna\",\"item\":\"https:\/\/pitaya.no\/\"},{\"@type\":\"ListItem\",\"position\":2,\"name\":\"Sklep\",\"item\":\"https:\/\/pitaya.no\/sklep\/\"},{\"@type\":\"ListItem\",\"position\":3,\"name\":\"WE WILL LOK YOU Piankowe wa\u0142ki do kr\u0119cenia w\u0142os\u00f3w, 4 szt. &#8211; Anwen\"}]},{\"@type\":\"WebSite\",\"@id\":\"https:\/\/pitaya.no\/#website\",\"url\":\"https:\/\/pitaya.no\/\",\"name\":\"Pitaya.no\",\"description\":\"Polska drogeria ekologiczna w Norwegii\",\"potentialAction\":[{\"@type\":\"SearchAction\",\"target\":{\"@type\":\"EntryPoint\",\"urlTemplate\":\"https:\/\/pitaya.no\/?s={search_term_string}\"},\"query-input\":\"required name=search_term_string\"}],\"inLanguage\":\"en-GB\"}]}<\/script>\n<!-- \/ Yoast SEO Premium plugin. -->","yoast_head_json":{"title":"WE WILL LOK YOU Foam Hair Curlers, 4 pcs - Anwen","description":"Naturalne wa\u0142ki do w\u0142os\u00f3w bez u\u017cycia ciep\u0142a \u2013 wygodne, mi\u0119kkie i \u0142atwe w u\u017cyciu. Tw\u00f3rz pi\u0119kne loki bez niszczenia w\u0142os\u00f3w.","robots":{"index":"index","follow":"follow","max-snippet":"max-snippet:-1","max-image-preview":"max-image-preview:large","max-video-preview":"max-video-preview:-1"},"canonical":"https:\/\/pitaya.no\/en\/product\/we-will-lok-you-piankowe-walki-do-krecenia-wlosow-4-szt-anwen\/","og_locale":"en_GB","og_type":"article","og_title":"WE WILL LOK YOU Piankowe wa\u0142ki do kr\u0119cenia w\u0142os\u00f3w, 4 szt. - Anwen","og_description":"Naturalne wa\u0142ki do w\u0142os\u00f3w bez u\u017cycia ciep\u0142a \u2013 wygodne, mi\u0119kkie i \u0142atwe w u\u017cyciu. Tw\u00f3rz pi\u0119kne loki bez niszczenia w\u0142os\u00f3w.","og_url":"https:\/\/pitaya.no\/en\/product\/we-will-lok-you-piankowe-walki-do-krecenia-wlosow-4-szt-anwen\/","og_site_name":"Pitaya.no","article_publisher":"https:\/\/www.facebook.com\/Pitaya.no","article_modified_time":"2026-02-11T11:37:06+00:00","og_image":[{"width":2048,"height":2048,"url":"https:\/\/pitaya.no\/wp-content\/uploads\/2025\/09\/We_Will_LOK_You_cien.jpg","type":"image\/jpeg"}],"twitter_card":"summary_large_image","twitter_misc":{"Estimated reading time":"2 minutes"},"schema":{"@context":"https:\/\/schema.org","@graph":[{"@type":"WebPage","@id":"https:\/\/pitaya.no\/produkt\/we-will-lok-you-piankowe-walki-do-krecenia-wlosow-4-szt-anwen\/","url":"https:\/\/pitaya.no\/produkt\/we-will-lok-you-piankowe-walki-do-krecenia-wlosow-4-szt-anwen\/","name":"WE WILL LOK YOU Foam Hair Curlers, 4 pcs - Anwen","isPartOf":{"@id":"https:\/\/pitaya.no\/#website"},"datePublished":"2025-09-02T19:52:56+00:00","dateModified":"2026-02-11T11:37:06+00:00","description":"Naturalne wa\u0142ki do w\u0142os\u00f3w bez u\u017cycia ciep\u0142a \u2013 wygodne, mi\u0119kkie i \u0142atwe w u\u017cyciu. Tw\u00f3rz pi\u0119kne loki bez niszczenia w\u0142os\u00f3w.","breadcrumb":{"@id":"https:\/\/pitaya.no\/produkt\/we-will-lok-you-piankowe-walki-do-krecenia-wlosow-4-szt-anwen\/#breadcrumb"},"inLanguage":"en-GB","potentialAction":[{"@type":"ReadAction","target":["https:\/\/pitaya.no\/produkt\/we-will-lok-you-piankowe-walki-do-krecenia-wlosow-4-szt-anwen\/"]}]},{"@type":"BreadcrumbList","@id":"https:\/\/pitaya.no\/produkt\/we-will-lok-you-piankowe-walki-do-krecenia-wlosow-4-szt-anwen\/#breadcrumb","itemListElement":[{"@type":"ListItem","position":1,"name":"Strona g\u0142\u00f3wna","item":"https:\/\/pitaya.no\/"},{"@type":"ListItem","position":2,"name":"Sklep","item":"https:\/\/pitaya.no\/sklep\/"},{"@type":"ListItem","position":3,"name":"WE WILL LOK YOU Piankowe wa\u0142ki do kr\u0119cenia w\u0142os\u00f3w, 4 szt. &#8211; Anwen"}]},{"@type":"WebSite","@id":"https:\/\/pitaya.no\/#website","url":"https:\/\/pitaya.no\/","name":"Pitaya.no","description":"Polish organic drugstore in Norway","potentialAction":[{"@type":"SearchAction","target":{"@type":"EntryPoint","urlTemplate":"https:\/\/pitaya.no\/?s={search_term_string}"},"query-input":"required name=search_term_string"}],"inLanguage":"en-GB"}]}},"_links":{"self":[{"href":"https:\/\/pitaya.no\/en\/wp-json\/wp\/v2\/product\/6532"}],"collection":[{"href":"https:\/\/pitaya.no\/en\/wp-json\/wp\/v2\/product"}],"about":[{"href":"https:\/\/pitaya.no\/en\/wp-json\/wp\/v2\/types\/product"}],"wp:featuredmedia":[{"embeddable":true,"href":"https:\/\/pitaya.no\/en\/wp-json\/wp\/v2\/media\/6534"}],"wp:attachment":[{"href":"https:\/\/pitaya.no\/en\/wp-json\/wp\/v2\/media?parent=6532"}],"wp:term":[{"taxonomy":"product_cat","embeddable":true,"href":"https:\/\/pitaya.no\/en\/wp-json\/wp\/v2\/product_cat?post=6532"},{"taxonomy":"product_tag","embeddable":true,"href":"https:\/\/pitaya.no\/en\/wp-json\/wp\/v2\/product_tag?post=6532"},{"taxonomy":"berocket_brand","embeddable":true,"href":"https:\/\/pitaya.no\/en\/wp-json\/wp\/v2\/berocket_brand?post=6532"}],"curies":[{"name":"wp","href":"https:\/\/api.w.org\/{rel}","templated":true}]}}