{"id":6528,"date":"2025-08-30T09:15:58","date_gmt":"2025-08-30T09:15:58","guid":{"rendered":"https:\/\/pitaya.no\/?post_type=product&#038;p=6528"},"modified":"2026-02-11T21:18:08","modified_gmt":"2026-02-11T21:18:08","slug":"maska-emolientowa-z-silikonami-200-ml-anwen-x-klaudia-matuszewska","status":"publish","type":"product","link":"https:\/\/pitaya.no\/en\/product\/maska-emolientowa-z-silikonami-200-ml-anwen-x-klaudia-matuszewska\/","title":{"rendered":"EMOLIENT MASK WITH SILICONES, 200 ml \u2013 Anwen x Klaudia Matuszewska"},"content":{"rendered":"<h1>EMOLIENT MASK WITH SILICONES, 200 ml \u2013 Anwen x Klaudia Matuszewska<\/h1>\n<p><img fetchpriority=\"high\" decoding=\"async\" class=\"alignnone size-full wp-image-6493\" src=\"https:\/\/pitaya.no\/wp-content\/uploads\/2025\/08\/18d87dc46a1f123707b4bca14272c532.jpg\" alt=\"Serum silikonowe nab\u0142yszczaj\u0105co wyg\u0142adzaj\u0105ce, 15 ml - Anwen x Klaudia Matuszewska\" width=\"1920\" height=\"480\" srcset=\"https:\/\/pitaya.no\/wp-content\/uploads\/2025\/08\/18d87dc46a1f123707b4bca14272c532.jpg 1920w, https:\/\/pitaya.no\/wp-content\/uploads\/2025\/08\/18d87dc46a1f123707b4bca14272c532-300x75.jpg 300w, https:\/\/pitaya.no\/wp-content\/uploads\/2025\/08\/18d87dc46a1f123707b4bca14272c532-1024x256.jpg 1024w, https:\/\/pitaya.no\/wp-content\/uploads\/2025\/08\/18d87dc46a1f123707b4bca14272c532-768x192.jpg 768w, https:\/\/pitaya.no\/wp-content\/uploads\/2025\/08\/18d87dc46a1f123707b4bca14272c532-1536x384.jpg 1536w, https:\/\/pitaya.no\/wp-content\/uploads\/2025\/08\/18d87dc46a1f123707b4bca14272c532-18x5.jpg 18w, https:\/\/pitaya.no\/wp-content\/uploads\/2025\/08\/18d87dc46a1f123707b4bca14272c532-600x150.jpg 600w, https:\/\/pitaya.no\/wp-content\/uploads\/2025\/08\/18d87dc46a1f123707b4bca14272c532-90x23.jpg 90w, https:\/\/pitaya.no\/wp-content\/uploads\/2025\/08\/18d87dc46a1f123707b4bca14272c532-64x16.jpg 64w\" sizes=\"(max-width: 1920px) 100vw, 1920px\" \/><\/p>\n<div id=\"box_description\" class=\"product-tab\" tabindex=\"0\" role=\"tabpanel\" data-tab=\"box_description\" aria-labelledby=\"box_description_tab\">\n<div class=\"innerbox\">\n<div class=\"resetcss fr-view\">\n<p>Optimally selected <strong>butters and oils<\/strong> for high and medium porosity hair, they nourish and at the same time create a film on the hair surface that limits excessive water loss, helping to maintain the proper level of hair hydration. <strong>Silicone oil complex<\/strong> from meadowfoam seeds and natural biopolymers intensively smooth, elasticize, add shine, prevent frizz and facilitate combing. <strong>Rich composition<\/strong> The mask is complemented by a bioactive ceramide analogue and jojoba and sunflower wax derivatives, which regenerate the hair&#039;s lipid layer, making it soft and protecting it from external factors. This perfectly smoothing mask with a rich, emollient composition is enriched with an optimal amount of lightweight silicones to further enhance its smoothness. <strong>better shine and protect your hair<\/strong>.<\/p>\n<p>Thanks to our mask, you will achieve a floating effect without losing volume.<\/p>\n<\/div>\n<\/div>\n<\/div>\n<div class=\"product-tab\" data-tab=\"box_sposob\">\n<div class=\"innerbox\">\n<div class=\"resetcss\">\n<h2><strong>How to use:<\/strong><\/h2>\n<p>Comb the mask into washed, water-dried hair. Wait 3-5 minutes and rinse thoroughly with lukewarm water. Then, dry and style your hair as usual.<\/p>\n<h2><strong>INCI\/Ingredients:<\/strong><\/h2>\n<\/div>\n<\/div>\n<\/div>\n<div class=\"product-tab\" data-tab=\"box_sklad\">\n<div class=\"innerbox\">\n<div class=\"resetcss\">\n<p>Aqua, Cetearyl Alcohol, Behentrimonium Chloride, Octyldodecanol, Carica Papaya Seed Oil, Crambe Abyssinica Seed Oil Phytosterol Esters, Butyrospermum Parkii Butter, Mangifera Indica Seed Butter, Bis-Diisopropanolamino-PG-<wbr \/>Propyl Disiloxane\/Bis-Vinyl Dimethicone Copolymer, Dimethicone, Tapioca Starch, Dimethiconol Meadowfoamate, Meadowfoam Estolide, Silicone Quaternium-22, Cucurbita Pepo Seed Oil, Brassica Campestris\/Aleurites Fordi Oil Copolymer, Jojoba Esters, Helianthus Annuus Seed Wax, Tocopherol, Polyglycerin-3, Starch Hydroxypropyltrimonium Chloride, Sodium Lactate, Urea, Lactic Acid, Dimethiconol, Polyglyceryl-3 Caprate, Dipropylene Glycol, Cocamidopropyl Betaine, Butyloctanol, Parfum, Phenoxyethanol, Benzoic Acid, Dehydroacetic Acid, Citrus Limon Peel Oil, Hexyl Cinnamal, Limonene, Linalool.<\/p>\n<\/div>\n<\/div>\n<\/div>\n<p>&nbsp;<\/p>","protected":false},"excerpt":{"rendered":"<p>Imagine your hair is <strong>perfectly smooth, shiny and never frizzy<\/strong>. Brzmi jak magia? W\u0142a\u015bnie tak dzia\u0142a nasza nowa maska, kt\u00f3r\u0105 Anwen stworzy\u0142a razem z <strong>Klaudia Matuszewska<\/strong> \u2013 a beautiful-haired influencer who has been educating on the topic of conscious care on Instagram for years.<\/p>\n<p><strong>200 ml\u00a0<\/strong><\/p>","protected":false},"featured_media":6530,"template":"","meta":{"_themeisle_gutenberg_block_has_review":false},"product_cat":[315,317],"product_tag":[373,341,342,338,384],"berocket_brand":[275],"yoast_head":"<!-- This site is optimized with the Yoast SEO Premium plugin v21.2 (Yoast SEO v21.5) - https:\/\/yoast.com\/wordpress\/plugins\/seo\/ -->\n<title>MASKA EMOLIENTOWA Z SILIKONAMI, 200 ml - Anwen x Klaudia Matuszewska<\/title>\n<meta name=\"description\" content=\"Maska stworzona z Klaudi\u0105 Matuszewsk\u0105 wyg\u0142adza w\u0142osy, nadaje im blask i eliminuje puszenie \u2013 efekt jak magia, ale w pe\u0142ni realny.\" \/>\n<meta name=\"robots\" content=\"index, follow, max-snippet:-1, max-image-preview:large, max-video-preview:-1\" \/>\n<link rel=\"canonical\" href=\"https:\/\/pitaya.no\/en\/product\/maska-emolientowa-z-silikonami-200-ml-anwen-x-klaudia-matuszewska\/\" \/>\n<meta property=\"og:locale\" content=\"en_GB\" \/>\n<meta property=\"og:type\" content=\"article\" \/>\n<meta property=\"og:title\" content=\"MASKA EMOLIENTOWA Z SILIKONAMI, 200 ml - Anwen x Klaudia Matuszewska\" \/>\n<meta property=\"og:description\" content=\"Maska stworzona z Klaudi\u0105 Matuszewsk\u0105 wyg\u0142adza w\u0142osy, nadaje im blask i eliminuje puszenie \u2013 efekt jak magia, ale w pe\u0142ni realny.\" \/>\n<meta property=\"og:url\" content=\"https:\/\/pitaya.no\/en\/product\/maska-emolientowa-z-silikonami-200-ml-anwen-x-klaudia-matuszewska\/\" \/>\n<meta property=\"og:site_name\" content=\"Pitaya.no\" \/>\n<meta property=\"article:publisher\" content=\"https:\/\/www.facebook.com\/Pitaya.no\" \/>\n<meta property=\"article:modified_time\" content=\"2026-02-11T21:18:08+00:00\" \/>\n<meta property=\"og:image\" content=\"https:\/\/pitaya.no\/wp-content\/uploads\/2025\/08\/Anwen-Klaudia-Matuszewska-reflect-1.jpg\" \/>\n\t<meta property=\"og:image:width\" content=\"2048\" \/>\n\t<meta property=\"og:image:height\" content=\"2048\" \/>\n\t<meta property=\"og:image:type\" content=\"image\/jpeg\" \/>\n<meta name=\"twitter:card\" content=\"summary_large_image\" \/>\n<meta name=\"twitter:label1\" content=\"Estimated reading time\" \/>\n\t<meta name=\"twitter:data1\" content=\"2 minutes\" \/>\n<script type=\"application\/ld+json\" class=\"yoast-schema-graph\">{\"@context\":\"https:\/\/schema.org\",\"@graph\":[{\"@type\":\"WebPage\",\"@id\":\"https:\/\/pitaya.no\/produkt\/maska-emolientowa-z-silikonami-200-ml-anwen-x-klaudia-matuszewska\/\",\"url\":\"https:\/\/pitaya.no\/produkt\/maska-emolientowa-z-silikonami-200-ml-anwen-x-klaudia-matuszewska\/\",\"name\":\"MASKA EMOLIENTOWA Z SILIKONAMI, 200 ml - Anwen x Klaudia Matuszewska\",\"isPartOf\":{\"@id\":\"https:\/\/pitaya.no\/#website\"},\"datePublished\":\"2025-08-30T09:15:58+00:00\",\"dateModified\":\"2026-02-11T21:18:08+00:00\",\"description\":\"Maska stworzona z Klaudi\u0105 Matuszewsk\u0105 wyg\u0142adza w\u0142osy, nadaje im blask i eliminuje puszenie \u2013 efekt jak magia, ale w pe\u0142ni realny.\",\"breadcrumb\":{\"@id\":\"https:\/\/pitaya.no\/produkt\/maska-emolientowa-z-silikonami-200-ml-anwen-x-klaudia-matuszewska\/#breadcrumb\"},\"inLanguage\":\"en-GB\",\"potentialAction\":[{\"@type\":\"ReadAction\",\"target\":[\"https:\/\/pitaya.no\/produkt\/maska-emolientowa-z-silikonami-200-ml-anwen-x-klaudia-matuszewska\/\"]}]},{\"@type\":\"BreadcrumbList\",\"@id\":\"https:\/\/pitaya.no\/produkt\/maska-emolientowa-z-silikonami-200-ml-anwen-x-klaudia-matuszewska\/#breadcrumb\",\"itemListElement\":[{\"@type\":\"ListItem\",\"position\":1,\"name\":\"Strona g\u0142\u00f3wna\",\"item\":\"https:\/\/pitaya.no\/\"},{\"@type\":\"ListItem\",\"position\":2,\"name\":\"Sklep\",\"item\":\"https:\/\/pitaya.no\/sklep\/\"},{\"@type\":\"ListItem\",\"position\":3,\"name\":\"MASKA EMOLIENTOWA Z SILIKONAMI, 200 ml &#8211; Anwen x Klaudia Matuszewska\"}]},{\"@type\":\"WebSite\",\"@id\":\"https:\/\/pitaya.no\/#website\",\"url\":\"https:\/\/pitaya.no\/\",\"name\":\"Pitaya.no\",\"description\":\"Polska drogeria ekologiczna w Norwegii\",\"potentialAction\":[{\"@type\":\"SearchAction\",\"target\":{\"@type\":\"EntryPoint\",\"urlTemplate\":\"https:\/\/pitaya.no\/?s={search_term_string}\"},\"query-input\":\"required name=search_term_string\"}],\"inLanguage\":\"en-GB\"}]}<\/script>\n<!-- \/ Yoast SEO Premium plugin. -->","yoast_head_json":{"title":"EMOLIENT MASK WITH SILICONES, 200 ml - Anwen x Klaudia Matuszewska","description":"Maska stworzona z Klaudi\u0105 Matuszewsk\u0105 wyg\u0142adza w\u0142osy, nadaje im blask i eliminuje puszenie \u2013 efekt jak magia, ale w pe\u0142ni realny.","robots":{"index":"index","follow":"follow","max-snippet":"max-snippet:-1","max-image-preview":"max-image-preview:large","max-video-preview":"max-video-preview:-1"},"canonical":"https:\/\/pitaya.no\/en\/product\/maska-emolientowa-z-silikonami-200-ml-anwen-x-klaudia-matuszewska\/","og_locale":"en_GB","og_type":"article","og_title":"MASKA EMOLIENTOWA Z SILIKONAMI, 200 ml - Anwen x Klaudia Matuszewska","og_description":"Maska stworzona z Klaudi\u0105 Matuszewsk\u0105 wyg\u0142adza w\u0142osy, nadaje im blask i eliminuje puszenie \u2013 efekt jak magia, ale w pe\u0142ni realny.","og_url":"https:\/\/pitaya.no\/en\/product\/maska-emolientowa-z-silikonami-200-ml-anwen-x-klaudia-matuszewska\/","og_site_name":"Pitaya.no","article_publisher":"https:\/\/www.facebook.com\/Pitaya.no","article_modified_time":"2026-02-11T21:18:08+00:00","og_image":[{"width":2048,"height":2048,"url":"https:\/\/pitaya.no\/wp-content\/uploads\/2025\/08\/Anwen-Klaudia-Matuszewska-reflect-1.jpg","type":"image\/jpeg"}],"twitter_card":"summary_large_image","twitter_misc":{"Estimated reading time":"2 minutes"},"schema":{"@context":"https:\/\/schema.org","@graph":[{"@type":"WebPage","@id":"https:\/\/pitaya.no\/produkt\/maska-emolientowa-z-silikonami-200-ml-anwen-x-klaudia-matuszewska\/","url":"https:\/\/pitaya.no\/produkt\/maska-emolientowa-z-silikonami-200-ml-anwen-x-klaudia-matuszewska\/","name":"EMOLIENT MASK WITH SILICONES, 200 ml - Anwen x Klaudia Matuszewska","isPartOf":{"@id":"https:\/\/pitaya.no\/#website"},"datePublished":"2025-08-30T09:15:58+00:00","dateModified":"2026-02-11T21:18:08+00:00","description":"Maska stworzona z Klaudi\u0105 Matuszewsk\u0105 wyg\u0142adza w\u0142osy, nadaje im blask i eliminuje puszenie \u2013 efekt jak magia, ale w pe\u0142ni realny.","breadcrumb":{"@id":"https:\/\/pitaya.no\/produkt\/maska-emolientowa-z-silikonami-200-ml-anwen-x-klaudia-matuszewska\/#breadcrumb"},"inLanguage":"en-GB","potentialAction":[{"@type":"ReadAction","target":["https:\/\/pitaya.no\/produkt\/maska-emolientowa-z-silikonami-200-ml-anwen-x-klaudia-matuszewska\/"]}]},{"@type":"BreadcrumbList","@id":"https:\/\/pitaya.no\/produkt\/maska-emolientowa-z-silikonami-200-ml-anwen-x-klaudia-matuszewska\/#breadcrumb","itemListElement":[{"@type":"ListItem","position":1,"name":"Strona g\u0142\u00f3wna","item":"https:\/\/pitaya.no\/"},{"@type":"ListItem","position":2,"name":"Sklep","item":"https:\/\/pitaya.no\/sklep\/"},{"@type":"ListItem","position":3,"name":"MASKA EMOLIENTOWA Z SILIKONAMI, 200 ml &#8211; Anwen x Klaudia Matuszewska"}]},{"@type":"WebSite","@id":"https:\/\/pitaya.no\/#website","url":"https:\/\/pitaya.no\/","name":"Pitaya.no","description":"Polish organic drugstore in Norway","potentialAction":[{"@type":"SearchAction","target":{"@type":"EntryPoint","urlTemplate":"https:\/\/pitaya.no\/?s={search_term_string}"},"query-input":"required name=search_term_string"}],"inLanguage":"en-GB"}]}},"_links":{"self":[{"href":"https:\/\/pitaya.no\/en\/wp-json\/wp\/v2\/product\/6528"}],"collection":[{"href":"https:\/\/pitaya.no\/en\/wp-json\/wp\/v2\/product"}],"about":[{"href":"https:\/\/pitaya.no\/en\/wp-json\/wp\/v2\/types\/product"}],"wp:featuredmedia":[{"embeddable":true,"href":"https:\/\/pitaya.no\/en\/wp-json\/wp\/v2\/media\/6530"}],"wp:attachment":[{"href":"https:\/\/pitaya.no\/en\/wp-json\/wp\/v2\/media?parent=6528"}],"wp:term":[{"taxonomy":"product_cat","embeddable":true,"href":"https:\/\/pitaya.no\/en\/wp-json\/wp\/v2\/product_cat?post=6528"},{"taxonomy":"product_tag","embeddable":true,"href":"https:\/\/pitaya.no\/en\/wp-json\/wp\/v2\/product_tag?post=6528"},{"taxonomy":"berocket_brand","embeddable":true,"href":"https:\/\/pitaya.no\/en\/wp-json\/wp\/v2\/berocket_brand?post=6528"}],"curies":[{"name":"wp","href":"https:\/\/api.w.org\/{rel}","templated":true}]}}