{"id":6509,"date":"2025-08-29T14:52:45","date_gmt":"2025-08-29T14:52:45","guid":{"rendered":"https:\/\/pitaya.no\/?post_type=product&#038;p=6509"},"modified":"2026-02-14T07:28:27","modified_gmt":"2026-02-14T07:28:27","slug":"zielona-figa-silikonowe-serum-do-zabezpieczania-koncowek-wlosow-50-ml-anwen-2","status":"publish","type":"product","link":"https:\/\/pitaya.no\/en\/product\/zielona-figa-silikonowe-serum-do-zabezpieczania-koncowek-wlosow-50-ml-anwen-2\/","title":{"rendered":"GREEN FIG silicone serum for protecting hair ends, 50 ml \u2013 Anwen"},"content":{"rendered":"<h1>GREEN FIG silicone serum for protecting hair ends<\/h1>\n<p><img fetchpriority=\"high\" decoding=\"async\" class=\"size-full wp-image-6493 aligncenter\" src=\"https:\/\/pitaya.no\/wp-content\/uploads\/2025\/08\/18d87dc46a1f123707b4bca14272c532.jpg\" alt=\"Serum silikonowe nab\u0142yszczaj\u0105co wyg\u0142adzaj\u0105ce, 15 ml - Anwen x Klaudia Matuszewska\" width=\"1920\" height=\"480\" srcset=\"https:\/\/pitaya.no\/wp-content\/uploads\/2025\/08\/18d87dc46a1f123707b4bca14272c532.jpg 1920w, https:\/\/pitaya.no\/wp-content\/uploads\/2025\/08\/18d87dc46a1f123707b4bca14272c532-300x75.jpg 300w, https:\/\/pitaya.no\/wp-content\/uploads\/2025\/08\/18d87dc46a1f123707b4bca14272c532-1024x256.jpg 1024w, https:\/\/pitaya.no\/wp-content\/uploads\/2025\/08\/18d87dc46a1f123707b4bca14272c532-768x192.jpg 768w, https:\/\/pitaya.no\/wp-content\/uploads\/2025\/08\/18d87dc46a1f123707b4bca14272c532-1536x384.jpg 1536w, https:\/\/pitaya.no\/wp-content\/uploads\/2025\/08\/18d87dc46a1f123707b4bca14272c532-18x5.jpg 18w, https:\/\/pitaya.no\/wp-content\/uploads\/2025\/08\/18d87dc46a1f123707b4bca14272c532-600x150.jpg 600w, https:\/\/pitaya.no\/wp-content\/uploads\/2025\/08\/18d87dc46a1f123707b4bca14272c532-90x23.jpg 90w, https:\/\/pitaya.no\/wp-content\/uploads\/2025\/08\/18d87dc46a1f123707b4bca14272c532-64x16.jpg 64w\" sizes=\"(max-width: 1920px) 100vw, 1920px\" \/><\/p>\n<p><strong data-start=\"56\" data-end=\"114\">Green Fig Smoothing Silicone Serum for Hair Ends<\/strong> is a reliable ally in daily hair care, especially those <strong>dry, dull and susceptible to damage<\/strong>The formula, based on light silicones, creates a protective film on the hair&#039;s surface, protecting the strands from harmful external factors, <strong>protects against moisture loss and gives them a healthy shine without weighing them down.<\/strong> Regular use of the serum minimizes frizz, improves elasticity, and effectively prevents split ends. The addition of natural argan oil <strong>intensively nourishes and strengthens the hair, making it soft, smooth and shiny.<\/strong> The product is perfect for everyday care and as a quick solution for unruly strands that need taming and smoothing.<\/p>\n<h3>How to use:<\/h3>\n<p>First, spread a small amount of the serum on the palms of your hands and then apply it evenly to the ends of dry or damp hair.<\/p>\n<h3>INCI\/Ingredients:<\/h3>\n<p>Dimethicone, Dimethiconol, Argania Spinosa Kernel Oil, Parfum, Bis-Diisopropanolamino-PG-Propyl Disiloxane\/Bis-Vinyl Dimethicone Copolymer, Butyloctanol, Coumarin.<\/p>\n<p>&nbsp;<\/p>","protected":false},"excerpt":{"rendered":"<p>Green Fig smoothing silicone serum for ends protects hair from harmful external factors, adds shine and reduces frizz.<\/p>\n<p><strong>Capacity: 50 ml<\/strong><\/p>","protected":false},"featured_media":6512,"template":"","meta":{"_themeisle_gutenberg_block_has_review":false},"product_cat":[329,331],"product_tag":[373,365,356,386,354,384],"berocket_brand":[275],"yoast_head":"<!-- This site is optimized with the Yoast SEO Premium plugin v21.2 (Yoast SEO v21.5) - https:\/\/yoast.com\/wordpress\/plugins\/seo\/ -->\n<title>ZIELONA FIGA silikonowe serum do zabezpieczania ko\u0144c\u00f3wek w\u0142os\u00f3w, 50 ml - Anwen<\/title>\n<meta name=\"description\" content=\"Silikonowe serum Zielona Figa z olejem arganowym chroni ko\u0144c\u00f3wki w\u0142os\u00f3w, nab\u0142yszcza, eliminuje puszenie i zapobiega rozdwajaniu.\" \/>\n<meta name=\"robots\" content=\"index, follow, max-snippet:-1, max-image-preview:large, max-video-preview:-1\" \/>\n<link rel=\"canonical\" href=\"https:\/\/pitaya.no\/en\/product\/zielona-figa-silikonowe-serum-do-zabezpieczania-koncowek-wlosow-50-ml-anwen-2\/\" \/>\n<meta property=\"og:locale\" content=\"en_GB\" \/>\n<meta property=\"og:type\" content=\"article\" \/>\n<meta property=\"og:title\" content=\"ZIELONA FIGA silikonowe serum do zabezpieczania ko\u0144c\u00f3wek w\u0142os\u00f3w, 50 ml - Anwen\" \/>\n<meta property=\"og:description\" content=\"Silikonowe serum Zielona Figa z olejem arganowym chroni ko\u0144c\u00f3wki w\u0142os\u00f3w, nab\u0142yszcza, eliminuje puszenie i zapobiega rozdwajaniu.\" \/>\n<meta property=\"og:url\" content=\"https:\/\/pitaya.no\/en\/product\/zielona-figa-silikonowe-serum-do-zabezpieczania-koncowek-wlosow-50-ml-anwen-2\/\" \/>\n<meta property=\"og:site_name\" content=\"Pitaya.no\" \/>\n<meta property=\"article:publisher\" content=\"https:\/\/www.facebook.com\/Pitaya.no\" \/>\n<meta property=\"article:modified_time\" content=\"2026-02-14T07:28:27+00:00\" \/>\n<meta property=\"og:image\" content=\"https:\/\/pitaya.no\/wp-content\/uploads\/2025\/08\/Figa-nowe-zamkniecie-REFLECT-1.jpg\" \/>\n\t<meta property=\"og:image:width\" content=\"2048\" \/>\n\t<meta property=\"og:image:height\" content=\"2048\" \/>\n\t<meta property=\"og:image:type\" content=\"image\/jpeg\" \/>\n<meta name=\"twitter:card\" content=\"summary_large_image\" \/>\n<meta name=\"twitter:label1\" content=\"Estimated reading time\" \/>\n\t<meta name=\"twitter:data1\" content=\"2 minutes\" \/>\n<script type=\"application\/ld+json\" class=\"yoast-schema-graph\">{\"@context\":\"https:\/\/schema.org\",\"@graph\":[{\"@type\":\"WebPage\",\"@id\":\"https:\/\/pitaya.no\/produkt\/zielona-figa-silikonowe-serum-do-zabezpieczania-koncowek-wlosow-50-ml-anwen-2\/\",\"url\":\"https:\/\/pitaya.no\/produkt\/zielona-figa-silikonowe-serum-do-zabezpieczania-koncowek-wlosow-50-ml-anwen-2\/\",\"name\":\"ZIELONA FIGA silikonowe serum do zabezpieczania ko\u0144c\u00f3wek w\u0142os\u00f3w, 50 ml - Anwen\",\"isPartOf\":{\"@id\":\"https:\/\/pitaya.no\/#website\"},\"datePublished\":\"2025-08-29T14:52:45+00:00\",\"dateModified\":\"2026-02-14T07:28:27+00:00\",\"description\":\"Silikonowe serum Zielona Figa z olejem arganowym chroni ko\u0144c\u00f3wki w\u0142os\u00f3w, nab\u0142yszcza, eliminuje puszenie i zapobiega rozdwajaniu.\",\"breadcrumb\":{\"@id\":\"https:\/\/pitaya.no\/produkt\/zielona-figa-silikonowe-serum-do-zabezpieczania-koncowek-wlosow-50-ml-anwen-2\/#breadcrumb\"},\"inLanguage\":\"en-GB\",\"potentialAction\":[{\"@type\":\"ReadAction\",\"target\":[\"https:\/\/pitaya.no\/produkt\/zielona-figa-silikonowe-serum-do-zabezpieczania-koncowek-wlosow-50-ml-anwen-2\/\"]}]},{\"@type\":\"BreadcrumbList\",\"@id\":\"https:\/\/pitaya.no\/produkt\/zielona-figa-silikonowe-serum-do-zabezpieczania-koncowek-wlosow-50-ml-anwen-2\/#breadcrumb\",\"itemListElement\":[{\"@type\":\"ListItem\",\"position\":1,\"name\":\"Strona g\u0142\u00f3wna\",\"item\":\"https:\/\/pitaya.no\/\"},{\"@type\":\"ListItem\",\"position\":2,\"name\":\"Sklep\",\"item\":\"https:\/\/pitaya.no\/sklep\/\"},{\"@type\":\"ListItem\",\"position\":3,\"name\":\"ZIELONA FIGA silikonowe serum do zabezpieczania ko\u0144c\u00f3wek w\u0142os\u00f3w, 50 ml &#8211; Anwen\"}]},{\"@type\":\"WebSite\",\"@id\":\"https:\/\/pitaya.no\/#website\",\"url\":\"https:\/\/pitaya.no\/\",\"name\":\"Pitaya.no\",\"description\":\"Polska drogeria ekologiczna w Norwegii\",\"potentialAction\":[{\"@type\":\"SearchAction\",\"target\":{\"@type\":\"EntryPoint\",\"urlTemplate\":\"https:\/\/pitaya.no\/?s={search_term_string}\"},\"query-input\":\"required name=search_term_string\"}],\"inLanguage\":\"en-GB\"}]}<\/script>\n<!-- \/ Yoast SEO Premium plugin. -->","yoast_head_json":{"title":"ZIELONA FIGA silikonowe serum do zabezpieczania ko\u0144c\u00f3wek w\u0142os\u00f3w, 50 ml - Anwen","description":"Silikonowe serum Zielona Figa z olejem arganowym chroni ko\u0144c\u00f3wki w\u0142os\u00f3w, nab\u0142yszcza, eliminuje puszenie i zapobiega rozdwajaniu.","robots":{"index":"index","follow":"follow","max-snippet":"max-snippet:-1","max-image-preview":"max-image-preview:large","max-video-preview":"max-video-preview:-1"},"canonical":"https:\/\/pitaya.no\/en\/product\/zielona-figa-silikonowe-serum-do-zabezpieczania-koncowek-wlosow-50-ml-anwen-2\/","og_locale":"en_GB","og_type":"article","og_title":"ZIELONA FIGA silikonowe serum do zabezpieczania ko\u0144c\u00f3wek w\u0142os\u00f3w, 50 ml - Anwen","og_description":"Silikonowe serum Zielona Figa z olejem arganowym chroni ko\u0144c\u00f3wki w\u0142os\u00f3w, nab\u0142yszcza, eliminuje puszenie i zapobiega rozdwajaniu.","og_url":"https:\/\/pitaya.no\/en\/product\/zielona-figa-silikonowe-serum-do-zabezpieczania-koncowek-wlosow-50-ml-anwen-2\/","og_site_name":"Pitaya.no","article_publisher":"https:\/\/www.facebook.com\/Pitaya.no","article_modified_time":"2026-02-14T07:28:27+00:00","og_image":[{"width":2048,"height":2048,"url":"https:\/\/pitaya.no\/wp-content\/uploads\/2025\/08\/Figa-nowe-zamkniecie-REFLECT-1.jpg","type":"image\/jpeg"}],"twitter_card":"summary_large_image","twitter_misc":{"Estimated reading time":"2 minutes"},"schema":{"@context":"https:\/\/schema.org","@graph":[{"@type":"WebPage","@id":"https:\/\/pitaya.no\/produkt\/zielona-figa-silikonowe-serum-do-zabezpieczania-koncowek-wlosow-50-ml-anwen-2\/","url":"https:\/\/pitaya.no\/produkt\/zielona-figa-silikonowe-serum-do-zabezpieczania-koncowek-wlosow-50-ml-anwen-2\/","name":"ZIELONA FIGA silikonowe serum do zabezpieczania ko\u0144c\u00f3wek w\u0142os\u00f3w, 50 ml - Anwen","isPartOf":{"@id":"https:\/\/pitaya.no\/#website"},"datePublished":"2025-08-29T14:52:45+00:00","dateModified":"2026-02-14T07:28:27+00:00","description":"Silikonowe serum Zielona Figa z olejem arganowym chroni ko\u0144c\u00f3wki w\u0142os\u00f3w, nab\u0142yszcza, eliminuje puszenie i zapobiega rozdwajaniu.","breadcrumb":{"@id":"https:\/\/pitaya.no\/produkt\/zielona-figa-silikonowe-serum-do-zabezpieczania-koncowek-wlosow-50-ml-anwen-2\/#breadcrumb"},"inLanguage":"en-GB","potentialAction":[{"@type":"ReadAction","target":["https:\/\/pitaya.no\/produkt\/zielona-figa-silikonowe-serum-do-zabezpieczania-koncowek-wlosow-50-ml-anwen-2\/"]}]},{"@type":"BreadcrumbList","@id":"https:\/\/pitaya.no\/produkt\/zielona-figa-silikonowe-serum-do-zabezpieczania-koncowek-wlosow-50-ml-anwen-2\/#breadcrumb","itemListElement":[{"@type":"ListItem","position":1,"name":"Strona g\u0142\u00f3wna","item":"https:\/\/pitaya.no\/"},{"@type":"ListItem","position":2,"name":"Sklep","item":"https:\/\/pitaya.no\/sklep\/"},{"@type":"ListItem","position":3,"name":"ZIELONA FIGA silikonowe serum do zabezpieczania ko\u0144c\u00f3wek w\u0142os\u00f3w, 50 ml &#8211; Anwen"}]},{"@type":"WebSite","@id":"https:\/\/pitaya.no\/#website","url":"https:\/\/pitaya.no\/","name":"Pitaya.no","description":"Polish organic drugstore in Norway","potentialAction":[{"@type":"SearchAction","target":{"@type":"EntryPoint","urlTemplate":"https:\/\/pitaya.no\/?s={search_term_string}"},"query-input":"required name=search_term_string"}],"inLanguage":"en-GB"}]}},"_links":{"self":[{"href":"https:\/\/pitaya.no\/en\/wp-json\/wp\/v2\/product\/6509"}],"collection":[{"href":"https:\/\/pitaya.no\/en\/wp-json\/wp\/v2\/product"}],"about":[{"href":"https:\/\/pitaya.no\/en\/wp-json\/wp\/v2\/types\/product"}],"wp:featuredmedia":[{"embeddable":true,"href":"https:\/\/pitaya.no\/en\/wp-json\/wp\/v2\/media\/6512"}],"wp:attachment":[{"href":"https:\/\/pitaya.no\/en\/wp-json\/wp\/v2\/media?parent=6509"}],"wp:term":[{"taxonomy":"product_cat","embeddable":true,"href":"https:\/\/pitaya.no\/en\/wp-json\/wp\/v2\/product_cat?post=6509"},{"taxonomy":"product_tag","embeddable":true,"href":"https:\/\/pitaya.no\/en\/wp-json\/wp\/v2\/product_tag?post=6509"},{"taxonomy":"berocket_brand","embeddable":true,"href":"https:\/\/pitaya.no\/en\/wp-json\/wp\/v2\/berocket_brand?post=6509"}],"curies":[{"name":"wp","href":"https:\/\/api.w.org\/{rel}","templated":true}]}}