{"id":6462,"date":"2025-08-27T11:34:24","date_gmt":"2025-08-27T11:34:24","guid":{"rendered":"https:\/\/pitaya.no\/?post_type=product&#038;p=6462"},"modified":"2026-02-17T06:16:56","modified_gmt":"2026-02-17T06:16:56","slug":"serum-silikonowe-nablyszczajaco-wygladzajace-15-ml-anwen-x-klaudia-matuszewska","status":"publish","type":"product","link":"https:\/\/pitaya.no\/en\/product\/serum-silikonowe-nablyszczajaco-wygladzajace-15-ml-anwen-x-klaudia-matuszewska\/","title":{"rendered":"Silicone Serum for Shine and Smoothness, 15 ml \u2013 Anwen x Klaudia Matuszewska"},"content":{"rendered":"<h1>Anwen x Klaudia Matuszewska Glossing and Smoothing Silicone Serum<\/h1>\n<p><img fetchpriority=\"high\" decoding=\"async\" class=\"size-full wp-image-6493 aligncenter\" src=\"https:\/\/pitaya.no\/wp-content\/uploads\/2025\/08\/18d87dc46a1f123707b4bca14272c532.jpg\" alt=\"\" width=\"1920\" height=\"480\" srcset=\"https:\/\/pitaya.no\/wp-content\/uploads\/2025\/08\/18d87dc46a1f123707b4bca14272c532.jpg 1920w, https:\/\/pitaya.no\/wp-content\/uploads\/2025\/08\/18d87dc46a1f123707b4bca14272c532-300x75.jpg 300w, https:\/\/pitaya.no\/wp-content\/uploads\/2025\/08\/18d87dc46a1f123707b4bca14272c532-1024x256.jpg 1024w, https:\/\/pitaya.no\/wp-content\/uploads\/2025\/08\/18d87dc46a1f123707b4bca14272c532-768x192.jpg 768w, https:\/\/pitaya.no\/wp-content\/uploads\/2025\/08\/18d87dc46a1f123707b4bca14272c532-1536x384.jpg 1536w, https:\/\/pitaya.no\/wp-content\/uploads\/2025\/08\/18d87dc46a1f123707b4bca14272c532-18x5.jpg 18w, https:\/\/pitaya.no\/wp-content\/uploads\/2025\/08\/18d87dc46a1f123707b4bca14272c532-600x150.jpg 600w, https:\/\/pitaya.no\/wp-content\/uploads\/2025\/08\/18d87dc46a1f123707b4bca14272c532-90x23.jpg 90w, https:\/\/pitaya.no\/wp-content\/uploads\/2025\/08\/18d87dc46a1f123707b4bca14272c532-64x16.jpg 64w\" sizes=\"(max-width: 1920px) 100vw, 1920px\" \/><\/p>\n<p data-start=\"234\" data-end=\"653\"><strong data-start=\"234\" data-end=\"283\">Anwen Silicone Serum <\/strong>\u00a0This is a true must-have for hair care that requires smoothness, shine, and protection. The innovative formula was created in collaboration with expert Klaudia Matuszewska to meet the needs of even the most demanding strands. The serum instantly <strong>smoothes hair, reduces frizz and tames unruly strands<\/strong>, giving them silky softness and a healthy shine.<\/p>\n<p data-start=\"655\" data-end=\"1030\">The light, non-overburdening consistency covers the hair with a protective film that<strong>protects the ends against splitting, strengthens the shaft and protects against the harmful effects of external factors<\/strong>Thanks to the addition of vitamin E and linseed oil, the cosmetic intensively nourishes and prevents moisture loss, making hair more flexible, smooth, and shiny.<\/p>\n<h3 data-start=\"1032\" data-end=\"1159\"><strong data-start=\"1032\" data-end=\"1050\">How to use:<\/strong><\/h3>\n<p data-start=\"1032\" data-end=\"1159\">Rub a small amount of serum in your hands and then massage into the ends of dry or damp hair.<\/p>\n<h3 data-start=\"1161\" data-end=\"1364\"><strong data-start=\"1161\" data-end=\"1175\">Ingredients:<\/strong><\/h3>\n<p data-start=\"1161\" data-end=\"1364\">Dimethicone, Dimethiconol, Tocopheryl Acetate, Linum Usitatissimum Seed Oil, Parfum, Alpha-Isomethyl Ionone, Benzyl Benzoate, Benzyl Salicylate, Coumarin, Hydroxycitronellal, Linalool.<\/p>\n<p>&nbsp;<\/p>\n<p>&nbsp;<\/p>","protected":false},"excerpt":{"rendered":"<p>The combination of lightweight silicones, linseed oil, and vitamin E makes hair shinier, more flexible, and smoother after just one application. It also protects ends from splitting and prevents moisture loss.<\/p>\n<p>Capacity: 15 ml<\/p>","protected":false},"featured_media":6506,"template":"","meta":{"_themeisle_gutenberg_block_has_review":false},"product_cat":[329,331],"product_tag":[],"berocket_brand":[],"yoast_head":"<!-- This site is optimized with the Yoast SEO Premium plugin v21.2 (Yoast SEO v21.5) - https:\/\/yoast.com\/wordpress\/plugins\/seo\/ -->\n<title>Serum silikonowe nab\u0142yszczaj\u0105co wyg\u0142adzaj\u0105ce, 15 ml - Anwen x Klaudia Matuszewska<\/title>\n<meta name=\"description\" content=\"Serum silikonowe Pitaya x Klaudia Matuszewska wyg\u0142adza, nab\u0142yszcza i chroni w\u0142osy przed puszeniem. Zabezpiecza ko\u0144c\u00f3wki, od\u017cywia i dodaje blasku.\" \/>\n<meta name=\"robots\" content=\"index, follow, max-snippet:-1, max-image-preview:large, max-video-preview:-1\" \/>\n<link rel=\"canonical\" href=\"https:\/\/pitaya.no\/en\/product\/serum-silikonowe-nablyszczajaco-wygladzajace-15-ml-anwen-x-klaudia-matuszewska\/\" \/>\n<meta property=\"og:locale\" content=\"en_GB\" \/>\n<meta property=\"og:type\" content=\"article\" \/>\n<meta property=\"og:title\" content=\"Serum silikonowe nab\u0142yszczaj\u0105co wyg\u0142adzaj\u0105ce, 15 ml - Anwen x Klaudia Matuszewska\" \/>\n<meta property=\"og:description\" content=\"Serum silikonowe Pitaya x Klaudia Matuszewska wyg\u0142adza, nab\u0142yszcza i chroni w\u0142osy przed puszeniem. Zabezpiecza ko\u0144c\u00f3wki, od\u017cywia i dodaje blasku.\" \/>\n<meta property=\"og:url\" content=\"https:\/\/pitaya.no\/en\/product\/serum-silikonowe-nablyszczajaco-wygladzajace-15-ml-anwen-x-klaudia-matuszewska\/\" \/>\n<meta property=\"og:site_name\" content=\"Pitaya.no\" \/>\n<meta property=\"article:publisher\" content=\"https:\/\/www.facebook.com\/Pitaya.no\" \/>\n<meta property=\"article:modified_time\" content=\"2026-02-17T06:16:56+00:00\" \/>\n<meta property=\"og:image\" content=\"https:\/\/pitaya.no\/wp-content\/uploads\/2025\/08\/Pitaya-favicon-2.png\" \/>\n\t<meta property=\"og:image:width\" content=\"936\" \/>\n\t<meta property=\"og:image:height\" content=\"936\" \/>\n\t<meta property=\"og:image:type\" content=\"image\/png\" \/>\n<meta name=\"twitter:card\" content=\"summary_large_image\" \/>\n<meta name=\"twitter:label1\" content=\"Estimated reading time\" \/>\n\t<meta name=\"twitter:data1\" content=\"2 minutes\" \/>\n<script type=\"application\/ld+json\" class=\"yoast-schema-graph\">{\"@context\":\"https:\/\/schema.org\",\"@graph\":[{\"@type\":\"WebPage\",\"@id\":\"https:\/\/pitaya.no\/produkt\/serum-silikonowe-nablyszczajaco-wygladzajace-15-ml-anwen-x-klaudia-matuszewska\/\",\"url\":\"https:\/\/pitaya.no\/produkt\/serum-silikonowe-nablyszczajaco-wygladzajace-15-ml-anwen-x-klaudia-matuszewska\/\",\"name\":\"Serum silikonowe nab\u0142yszczaj\u0105co wyg\u0142adzaj\u0105ce, 15 ml - Anwen x Klaudia Matuszewska\",\"isPartOf\":{\"@id\":\"https:\/\/pitaya.no\/#website\"},\"datePublished\":\"2025-08-27T11:34:24+00:00\",\"dateModified\":\"2026-02-17T06:16:56+00:00\",\"description\":\"Serum silikonowe Pitaya x Klaudia Matuszewska wyg\u0142adza, nab\u0142yszcza i chroni w\u0142osy przed puszeniem. Zabezpiecza ko\u0144c\u00f3wki, od\u017cywia i dodaje blasku.\",\"breadcrumb\":{\"@id\":\"https:\/\/pitaya.no\/produkt\/serum-silikonowe-nablyszczajaco-wygladzajace-15-ml-anwen-x-klaudia-matuszewska\/#breadcrumb\"},\"inLanguage\":\"en-GB\",\"potentialAction\":[{\"@type\":\"ReadAction\",\"target\":[\"https:\/\/pitaya.no\/produkt\/serum-silikonowe-nablyszczajaco-wygladzajace-15-ml-anwen-x-klaudia-matuszewska\/\"]}]},{\"@type\":\"BreadcrumbList\",\"@id\":\"https:\/\/pitaya.no\/produkt\/serum-silikonowe-nablyszczajaco-wygladzajace-15-ml-anwen-x-klaudia-matuszewska\/#breadcrumb\",\"itemListElement\":[{\"@type\":\"ListItem\",\"position\":1,\"name\":\"Strona g\u0142\u00f3wna\",\"item\":\"https:\/\/pitaya.no\/\"},{\"@type\":\"ListItem\",\"position\":2,\"name\":\"Sklep\",\"item\":\"https:\/\/pitaya.no\/sklep\/\"},{\"@type\":\"ListItem\",\"position\":3,\"name\":\"Serum silikonowe nab\u0142yszczaj\u0105co wyg\u0142adzaj\u0105ce, 15 ml &#8211; Anwen x Klaudia Matuszewska\"}]},{\"@type\":\"WebSite\",\"@id\":\"https:\/\/pitaya.no\/#website\",\"url\":\"https:\/\/pitaya.no\/\",\"name\":\"Pitaya.no\",\"description\":\"Polska drogeria ekologiczna w Norwegii\",\"potentialAction\":[{\"@type\":\"SearchAction\",\"target\":{\"@type\":\"EntryPoint\",\"urlTemplate\":\"https:\/\/pitaya.no\/?s={search_term_string}\"},\"query-input\":\"required name=search_term_string\"}],\"inLanguage\":\"en-GB\"}]}<\/script>\n<!-- \/ Yoast SEO Premium plugin. -->","yoast_head_json":{"title":"Serum silikonowe nab\u0142yszczaj\u0105co wyg\u0142adzaj\u0105ce, 15 ml - Anwen x Klaudia Matuszewska","description":"Serum silikonowe Pitaya x Klaudia Matuszewska wyg\u0142adza, nab\u0142yszcza i chroni w\u0142osy przed puszeniem. Zabezpiecza ko\u0144c\u00f3wki, od\u017cywia i dodaje blasku.","robots":{"index":"index","follow":"follow","max-snippet":"max-snippet:-1","max-image-preview":"max-image-preview:large","max-video-preview":"max-video-preview:-1"},"canonical":"https:\/\/pitaya.no\/en\/product\/serum-silikonowe-nablyszczajaco-wygladzajace-15-ml-anwen-x-klaudia-matuszewska\/","og_locale":"en_GB","og_type":"article","og_title":"Serum silikonowe nab\u0142yszczaj\u0105co wyg\u0142adzaj\u0105ce, 15 ml - Anwen x Klaudia Matuszewska","og_description":"Serum silikonowe Pitaya x Klaudia Matuszewska wyg\u0142adza, nab\u0142yszcza i chroni w\u0142osy przed puszeniem. Zabezpiecza ko\u0144c\u00f3wki, od\u017cywia i dodaje blasku.","og_url":"https:\/\/pitaya.no\/en\/product\/serum-silikonowe-nablyszczajaco-wygladzajace-15-ml-anwen-x-klaudia-matuszewska\/","og_site_name":"Pitaya.no","article_publisher":"https:\/\/www.facebook.com\/Pitaya.no","article_modified_time":"2026-02-17T06:16:56+00:00","og_image":[{"width":936,"height":936,"url":"https:\/\/pitaya.no\/wp-content\/uploads\/2025\/08\/Pitaya-favicon-2.png","type":"image\/png"}],"twitter_card":"summary_large_image","twitter_misc":{"Estimated reading time":"2 minutes"},"schema":{"@context":"https:\/\/schema.org","@graph":[{"@type":"WebPage","@id":"https:\/\/pitaya.no\/produkt\/serum-silikonowe-nablyszczajaco-wygladzajace-15-ml-anwen-x-klaudia-matuszewska\/","url":"https:\/\/pitaya.no\/produkt\/serum-silikonowe-nablyszczajaco-wygladzajace-15-ml-anwen-x-klaudia-matuszewska\/","name":"Serum silikonowe nab\u0142yszczaj\u0105co wyg\u0142adzaj\u0105ce, 15 ml - Anwen x Klaudia Matuszewska","isPartOf":{"@id":"https:\/\/pitaya.no\/#website"},"datePublished":"2025-08-27T11:34:24+00:00","dateModified":"2026-02-17T06:16:56+00:00","description":"Serum silikonowe Pitaya x Klaudia Matuszewska wyg\u0142adza, nab\u0142yszcza i chroni w\u0142osy przed puszeniem. Zabezpiecza ko\u0144c\u00f3wki, od\u017cywia i dodaje blasku.","breadcrumb":{"@id":"https:\/\/pitaya.no\/produkt\/serum-silikonowe-nablyszczajaco-wygladzajace-15-ml-anwen-x-klaudia-matuszewska\/#breadcrumb"},"inLanguage":"en-GB","potentialAction":[{"@type":"ReadAction","target":["https:\/\/pitaya.no\/produkt\/serum-silikonowe-nablyszczajaco-wygladzajace-15-ml-anwen-x-klaudia-matuszewska\/"]}]},{"@type":"BreadcrumbList","@id":"https:\/\/pitaya.no\/produkt\/serum-silikonowe-nablyszczajaco-wygladzajace-15-ml-anwen-x-klaudia-matuszewska\/#breadcrumb","itemListElement":[{"@type":"ListItem","position":1,"name":"Strona g\u0142\u00f3wna","item":"https:\/\/pitaya.no\/"},{"@type":"ListItem","position":2,"name":"Sklep","item":"https:\/\/pitaya.no\/sklep\/"},{"@type":"ListItem","position":3,"name":"Serum silikonowe nab\u0142yszczaj\u0105co wyg\u0142adzaj\u0105ce, 15 ml &#8211; Anwen x Klaudia Matuszewska"}]},{"@type":"WebSite","@id":"https:\/\/pitaya.no\/#website","url":"https:\/\/pitaya.no\/","name":"Pitaya.no","description":"Polish organic drugstore in Norway","potentialAction":[{"@type":"SearchAction","target":{"@type":"EntryPoint","urlTemplate":"https:\/\/pitaya.no\/?s={search_term_string}"},"query-input":"required name=search_term_string"}],"inLanguage":"en-GB"}]}},"_links":{"self":[{"href":"https:\/\/pitaya.no\/en\/wp-json\/wp\/v2\/product\/6462"}],"collection":[{"href":"https:\/\/pitaya.no\/en\/wp-json\/wp\/v2\/product"}],"about":[{"href":"https:\/\/pitaya.no\/en\/wp-json\/wp\/v2\/types\/product"}],"wp:featuredmedia":[{"embeddable":true,"href":"https:\/\/pitaya.no\/en\/wp-json\/wp\/v2\/media\/6506"}],"wp:attachment":[{"href":"https:\/\/pitaya.no\/en\/wp-json\/wp\/v2\/media?parent=6462"}],"wp:term":[{"taxonomy":"product_cat","embeddable":true,"href":"https:\/\/pitaya.no\/en\/wp-json\/wp\/v2\/product_cat?post=6462"},{"taxonomy":"product_tag","embeddable":true,"href":"https:\/\/pitaya.no\/en\/wp-json\/wp\/v2\/product_tag?post=6462"},{"taxonomy":"berocket_brand","embeddable":true,"href":"https:\/\/pitaya.no\/en\/wp-json\/wp\/v2\/berocket_brand?post=6462"}],"curies":[{"name":"wp","href":"https:\/\/api.w.org\/{rel}","templated":true}]}}