{"id":6207,"date":"2024-11-19T09:09:53","date_gmt":"2024-11-19T09:09:53","guid":{"rendered":"https:\/\/pitaya.no\/?post_type=product&#038;p=6207"},"modified":"2025-03-25T13:39:49","modified_gmt":"2025-03-25T13:39:49","slug":"maslo-do-ciala-mokosh-icon-wanilia-z-tymiankiem-120-ml-mokann-50-p-g-a-dato","status":"publish","type":"product","link":"https:\/\/pitaya.no\/en\/product\/maslo-do-ciala-mokosh-icon-wanilia-z-tymiankiem-120-ml-mokann-50-p-g-a-dato\/","title":{"rendered":"Mokosh Icon Body Butter, Vanilla with Thyme, 120 ml \u2013 Mokann 50% PGA DATO"},"content":{"rendered":"<h1>Mokosh Icon Body Butter, Vanilla with Thyme, 120 ml \u2013 Mokann<\/h1>\n<p>ICON is a visionary version of MOKOSH products, created to celebrate the brand&#039;s third anniversary. This nourishing, regenerating, and antioxidant body butter is designed to provide skin with maximum hydration, renewal, and firmness.<\/p>\n<h2>Active Ingredients<\/h2>\n<ul>\n<li>Shea butter<\/li>\n<li>Argan oil<\/li>\n<li>Macadamia oil<\/li>\n<li>Bergamot extract<\/li>\n<li>Dried cinnamon bark extract<\/li>\n<li>Lime peel extract<\/li>\n<li>Damask rose extract<\/li>\n<li>Vanilla extract<\/li>\n<li>Thyme extract<\/li>\n<li>Green coffee seed oil<\/li>\n<li>Vitamin E<\/li>\n<\/ul>\n<h2>Application<\/h2>\n<p>For optimal nourishing and antioxidant action, massage the butter in using circular motions.<\/p>\n<h2>Safe and Vegan<\/h2>\n<p>The butter is a vegan cosmetic and does not contain ingredients that are contraindicated for pregnant women.<\/p>\n<h2>Why is it worth choosing our butter?<\/h2>\n<p>It is the perfect choice for those looking for a natural, intensely moisturizing cosmetic that also nourishes the skin and protects it from aging.<\/p>\n<p><strong>50% PGA DATO: 09.2024<\/strong><\/p>","protected":false},"excerpt":{"rendered":"<p>The nourishing, regenerating, and antioxidant MOKOSH icon body butter is designed to provide the skin with maximum hydration, renewal, and firmness. The butter contains an unprecedented number of botanical extracts that nourish the skin, stimulate renewal processes, and protect it from free radicals. Green coffee oil and bergamot extract support the care of skin with visible cellulite. Dried cinnamon bark extract, lime peel extract, tonka bean extract, and vanilla extract are powerful antioxidants, while Damask rose extract slows down the aging process and soothes irritation. Natural plant oils: argan, macadamia, safflower, jojoba, and shea butter moisturize and regenerate the skin.<\/p>","protected":false},"featured_media":5494,"template":"","meta":{"_themeisle_gutenberg_block_has_review":false},"product_cat":[183],"product_tag":[],"berocket_brand":[276],"yoast_head":"<!-- This site is optimized with the Yoast SEO Premium plugin v21.2 (Yoast SEO v21.5) - https:\/\/yoast.com\/wordpress\/plugins\/seo\/ -->\n<title>Mas\u0142o do cia\u0142a Mokosh Icon, wanilia z tymiankiem, 120 ml - Mokann 50% P.G.A DATO - Pitaya.no<\/title>\n<meta name=\"description\" content=\"Od\u017cywcze, regeneruj\u0105ce i antyoksydacyjne mas\u0142o do cia\u0142a MOKOSH icon zaprojektowano, aby dostarczy\u0107 sk\u00f3rze maksimum nawil\u017cenia, odnowy\" \/>\n<meta name=\"robots\" content=\"index, follow, max-snippet:-1, max-image-preview:large, max-video-preview:-1\" \/>\n<link rel=\"canonical\" href=\"https:\/\/pitaya.no\/en\/product\/maslo-do-ciala-mokosh-icon-wanilia-z-tymiankiem-120-ml-mokann-50-p-g-a-dato\/\" \/>\n<meta property=\"og:locale\" content=\"en_GB\" \/>\n<meta property=\"og:type\" content=\"article\" \/>\n<meta property=\"og:title\" content=\"Mas\u0142o do cia\u0142a Mokosh Icon, wanilia z tymiankiem, 120 ml - Mokann 50% P.G.A DATO\" \/>\n<meta property=\"og:description\" content=\"Od\u017cywcze, regeneruj\u0105ce i antyoksydacyjne mas\u0142o do cia\u0142a MOKOSH icon zaprojektowano, aby dostarczy\u0107 sk\u00f3rze maksimum nawil\u017cenia, odnowy\" \/>\n<meta property=\"og:url\" content=\"https:\/\/pitaya.no\/en\/product\/maslo-do-ciala-mokosh-icon-wanilia-z-tymiankiem-120-ml-mokann-50-p-g-a-dato\/\" \/>\n<meta property=\"og:site_name\" content=\"Pitaya.no\" \/>\n<meta property=\"article:publisher\" content=\"https:\/\/www.facebook.com\/Pitaya.no\" \/>\n<meta property=\"article:modified_time\" content=\"2025-03-25T13:39:49+00:00\" \/>\n<meta property=\"og:image\" content=\"https:\/\/pitaya.no\/wp-content\/uploads\/2023\/11\/1-13.jpg\" \/>\n\t<meta property=\"og:image:width\" content=\"1080\" \/>\n\t<meta property=\"og:image:height\" content=\"1080\" \/>\n\t<meta property=\"og:image:type\" content=\"image\/jpeg\" \/>\n<meta name=\"twitter:card\" content=\"summary_large_image\" \/>\n<meta name=\"twitter:label1\" content=\"Estimated reading time\" \/>\n\t<meta name=\"twitter:data1\" content=\"1 minute\" \/>\n<script type=\"application\/ld+json\" class=\"yoast-schema-graph\">{\"@context\":\"https:\/\/schema.org\",\"@graph\":[{\"@type\":\"WebPage\",\"@id\":\"https:\/\/pitaya.no\/produkt\/maslo-do-ciala-mokosh-icon-wanilia-z-tymiankiem-120-ml-mokann-50-p-g-a-dato\/\",\"url\":\"https:\/\/pitaya.no\/produkt\/maslo-do-ciala-mokosh-icon-wanilia-z-tymiankiem-120-ml-mokann-50-p-g-a-dato\/\",\"name\":\"Mas\u0142o do cia\u0142a Mokosh Icon, wanilia z tymiankiem, 120 ml - Mokann 50% P.G.A DATO - Pitaya.no\",\"isPartOf\":{\"@id\":\"https:\/\/pitaya.no\/#website\"},\"datePublished\":\"2024-11-19T09:09:53+00:00\",\"dateModified\":\"2025-03-25T13:39:49+00:00\",\"description\":\"Od\u017cywcze, regeneruj\u0105ce i antyoksydacyjne mas\u0142o do cia\u0142a MOKOSH icon zaprojektowano, aby dostarczy\u0107 sk\u00f3rze maksimum nawil\u017cenia, odnowy\",\"breadcrumb\":{\"@id\":\"https:\/\/pitaya.no\/produkt\/maslo-do-ciala-mokosh-icon-wanilia-z-tymiankiem-120-ml-mokann-50-p-g-a-dato\/#breadcrumb\"},\"inLanguage\":\"en-GB\",\"potentialAction\":[{\"@type\":\"ReadAction\",\"target\":[\"https:\/\/pitaya.no\/produkt\/maslo-do-ciala-mokosh-icon-wanilia-z-tymiankiem-120-ml-mokann-50-p-g-a-dato\/\"]}]},{\"@type\":\"BreadcrumbList\",\"@id\":\"https:\/\/pitaya.no\/produkt\/maslo-do-ciala-mokosh-icon-wanilia-z-tymiankiem-120-ml-mokann-50-p-g-a-dato\/#breadcrumb\",\"itemListElement\":[{\"@type\":\"ListItem\",\"position\":1,\"name\":\"Strona g\u0142\u00f3wna\",\"item\":\"https:\/\/pitaya.no\/\"},{\"@type\":\"ListItem\",\"position\":2,\"name\":\"Sklep\",\"item\":\"https:\/\/pitaya.no\/sklep\/\"},{\"@type\":\"ListItem\",\"position\":3,\"name\":\"Mas\u0142o do cia\u0142a Mokosh Icon, wanilia z tymiankiem, 120 ml &#8211; Mokann 50% P.G.A DATO\"}]},{\"@type\":\"WebSite\",\"@id\":\"https:\/\/pitaya.no\/#website\",\"url\":\"https:\/\/pitaya.no\/\",\"name\":\"Pitaya.no\",\"description\":\"Polska drogeria ekologiczna w Norwegii\",\"potentialAction\":[{\"@type\":\"SearchAction\",\"target\":{\"@type\":\"EntryPoint\",\"urlTemplate\":\"https:\/\/pitaya.no\/?s={search_term_string}\"},\"query-input\":\"required name=search_term_string\"}],\"inLanguage\":\"en-GB\"}]}<\/script>\n<!-- \/ Yoast SEO Premium plugin. -->","yoast_head_json":{"title":"Mas\u0142o do cia\u0142a Mokosh Icon, wanilia z tymiankiem, 120 ml - Mokann 50% P.G.A DATO - Pitaya.no","description":"Od\u017cywcze, regeneruj\u0105ce i antyoksydacyjne mas\u0142o do cia\u0142a MOKOSH icon zaprojektowano, aby dostarczy\u0107 sk\u00f3rze maksimum nawil\u017cenia, odnowy","robots":{"index":"index","follow":"follow","max-snippet":"max-snippet:-1","max-image-preview":"max-image-preview:large","max-video-preview":"max-video-preview:-1"},"canonical":"https:\/\/pitaya.no\/en\/product\/maslo-do-ciala-mokosh-icon-wanilia-z-tymiankiem-120-ml-mokann-50-p-g-a-dato\/","og_locale":"en_GB","og_type":"article","og_title":"Mas\u0142o do cia\u0142a Mokosh Icon, wanilia z tymiankiem, 120 ml - Mokann 50% P.G.A DATO","og_description":"Od\u017cywcze, regeneruj\u0105ce i antyoksydacyjne mas\u0142o do cia\u0142a MOKOSH icon zaprojektowano, aby dostarczy\u0107 sk\u00f3rze maksimum nawil\u017cenia, odnowy","og_url":"https:\/\/pitaya.no\/en\/product\/maslo-do-ciala-mokosh-icon-wanilia-z-tymiankiem-120-ml-mokann-50-p-g-a-dato\/","og_site_name":"Pitaya.no","article_publisher":"https:\/\/www.facebook.com\/Pitaya.no","article_modified_time":"2025-03-25T13:39:49+00:00","og_image":[{"width":1080,"height":1080,"url":"https:\/\/pitaya.no\/wp-content\/uploads\/2023\/11\/1-13.jpg","type":"image\/jpeg"}],"twitter_card":"summary_large_image","twitter_misc":{"Estimated reading time":"1 minute"},"schema":{"@context":"https:\/\/schema.org","@graph":[{"@type":"WebPage","@id":"https:\/\/pitaya.no\/produkt\/maslo-do-ciala-mokosh-icon-wanilia-z-tymiankiem-120-ml-mokann-50-p-g-a-dato\/","url":"https:\/\/pitaya.no\/produkt\/maslo-do-ciala-mokosh-icon-wanilia-z-tymiankiem-120-ml-mokann-50-p-g-a-dato\/","name":"Mas\u0142o do cia\u0142a Mokosh Icon, wanilia z tymiankiem, 120 ml - Mokann 50% P.G.A DATO - Pitaya.no","isPartOf":{"@id":"https:\/\/pitaya.no\/#website"},"datePublished":"2024-11-19T09:09:53+00:00","dateModified":"2025-03-25T13:39:49+00:00","description":"Od\u017cywcze, regeneruj\u0105ce i antyoksydacyjne mas\u0142o do cia\u0142a MOKOSH icon zaprojektowano, aby dostarczy\u0107 sk\u00f3rze maksimum nawil\u017cenia, odnowy","breadcrumb":{"@id":"https:\/\/pitaya.no\/produkt\/maslo-do-ciala-mokosh-icon-wanilia-z-tymiankiem-120-ml-mokann-50-p-g-a-dato\/#breadcrumb"},"inLanguage":"en-GB","potentialAction":[{"@type":"ReadAction","target":["https:\/\/pitaya.no\/produkt\/maslo-do-ciala-mokosh-icon-wanilia-z-tymiankiem-120-ml-mokann-50-p-g-a-dato\/"]}]},{"@type":"BreadcrumbList","@id":"https:\/\/pitaya.no\/produkt\/maslo-do-ciala-mokosh-icon-wanilia-z-tymiankiem-120-ml-mokann-50-p-g-a-dato\/#breadcrumb","itemListElement":[{"@type":"ListItem","position":1,"name":"Strona g\u0142\u00f3wna","item":"https:\/\/pitaya.no\/"},{"@type":"ListItem","position":2,"name":"Sklep","item":"https:\/\/pitaya.no\/sklep\/"},{"@type":"ListItem","position":3,"name":"Mas\u0142o do cia\u0142a Mokosh Icon, wanilia z tymiankiem, 120 ml &#8211; Mokann 50% P.G.A DATO"}]},{"@type":"WebSite","@id":"https:\/\/pitaya.no\/#website","url":"https:\/\/pitaya.no\/","name":"Pitaya.no","description":"Polish organic drugstore in Norway","potentialAction":[{"@type":"SearchAction","target":{"@type":"EntryPoint","urlTemplate":"https:\/\/pitaya.no\/?s={search_term_string}"},"query-input":"required name=search_term_string"}],"inLanguage":"en-GB"}]}},"_links":{"self":[{"href":"https:\/\/pitaya.no\/en\/wp-json\/wp\/v2\/product\/6207"}],"collection":[{"href":"https:\/\/pitaya.no\/en\/wp-json\/wp\/v2\/product"}],"about":[{"href":"https:\/\/pitaya.no\/en\/wp-json\/wp\/v2\/types\/product"}],"wp:featuredmedia":[{"embeddable":true,"href":"https:\/\/pitaya.no\/en\/wp-json\/wp\/v2\/media\/5494"}],"wp:attachment":[{"href":"https:\/\/pitaya.no\/en\/wp-json\/wp\/v2\/media?parent=6207"}],"wp:term":[{"taxonomy":"product_cat","embeddable":true,"href":"https:\/\/pitaya.no\/en\/wp-json\/wp\/v2\/product_cat?post=6207"},{"taxonomy":"product_tag","embeddable":true,"href":"https:\/\/pitaya.no\/en\/wp-json\/wp\/v2\/product_tag?post=6207"},{"taxonomy":"berocket_brand","embeddable":true,"href":"https:\/\/pitaya.no\/en\/wp-json\/wp\/v2\/berocket_brand?post=6207"}],"curies":[{"name":"wp","href":"https:\/\/api.w.org\/{rel}","templated":true}]}}