{"id":5784,"date":"2024-01-21T15:48:04","date_gmt":"2024-01-21T15:48:04","guid":{"rendered":"https:\/\/pitaya.no\/?post_type=product&#038;p=5784"},"modified":"2026-02-21T21:33:49","modified_gmt":"2026-02-21T21:33:49","slug":"maska-emolientowa-do-wlosow-wysokoporowatych-400ml-onlybio","status":"publish","type":"product","link":"https:\/\/pitaya.no\/en\/product\/maska-emolientowa-do-wlosow-wysokoporowatych-400ml-onlybio\/","title":{"rendered":"Emollient mask for high porosity hair 400ml \u2013 ONLYBIO"},"content":{"rendered":"<h1>ONLYBIO Hair of the Day Emollient Mask for High Porosity Hair<\/h1>\n<p>Let your hair sing with joy thanks to <strong>Emollient Mask<\/strong> from ONLYBIO, which deeply nourishes and regenerates.<\/p>\n<p><img fetchpriority=\"high\" decoding=\"async\" class=\"aligncenter wp-image-5788 size-full\" src=\"https:\/\/pitaya.no\/wp-content\/uploads\/2024\/01\/Zrzut-ekranu-2024-01-21-o-16.43.07.png\" alt=\"Napisz opis produktu PO POLSKU w kodzie HTML uwzgl\u0119dniaj\u0105c dobre wyniki SEO , 300 s\u0142\u00f3w, z r\u00f3\u017cnymi nag\u0142\u00f3wkami dla produktu z linku: https:\/\/onlybio.life\/hair-of-the-day-by-onlybio-maska-emolientowa-do-wlosow-wysokoporowatych-400ml.html\" width=\"2268\" height=\"1028\" srcset=\"https:\/\/pitaya.no\/wp-content\/uploads\/2024\/01\/Zrzut-ekranu-2024-01-21-o-16.43.07.png 2268w, https:\/\/pitaya.no\/wp-content\/uploads\/2024\/01\/Zrzut-ekranu-2024-01-21-o-16.43.07-300x136.png 300w, https:\/\/pitaya.no\/wp-content\/uploads\/2024\/01\/Zrzut-ekranu-2024-01-21-o-16.43.07-1024x464.png 1024w, https:\/\/pitaya.no\/wp-content\/uploads\/2024\/01\/Zrzut-ekranu-2024-01-21-o-16.43.07-768x348.png 768w, https:\/\/pitaya.no\/wp-content\/uploads\/2024\/01\/Zrzut-ekranu-2024-01-21-o-16.43.07-1536x696.png 1536w, https:\/\/pitaya.no\/wp-content\/uploads\/2024\/01\/Zrzut-ekranu-2024-01-21-o-16.43.07-2048x928.png 2048w, https:\/\/pitaya.no\/wp-content\/uploads\/2024\/01\/Zrzut-ekranu-2024-01-21-o-16.43.07-600x272.png 600w, https:\/\/pitaya.no\/wp-content\/uploads\/2024\/01\/Zrzut-ekranu-2024-01-21-o-16.43.07-90x41.png 90w, https:\/\/pitaya.no\/wp-content\/uploads\/2024\/01\/Zrzut-ekranu-2024-01-21-o-16.43.07-64x29.png 64w\" sizes=\"(max-width: 2268px) 100vw, 2268px\" \/><\/p>\n<h2>Linseed and Grape Seed Oil<\/h2>\n<p>A treasure trove of nature, <strong>linseed and grape seed oil<\/strong>, restores shine and strength to hair, deeply nourishing each strand.<\/p>\n<h2>Vegan Care<\/h2>\n<p>Our mask is <strong>vegan<\/strong>, created with love for nature and your hair.<\/p>\n<h2>Easy to Use<\/h2>\n<p>Use regularly to restore your hair&#039;s health <strong>smoothness, elasticity and healthy appearance<\/strong>.<\/p>\n<h2>Polish Quality<\/h2>\n<p>Made in Poland, our mask is a guarantee <strong>highest quality<\/strong> and care for the environment.<\/p>\n<p><img decoding=\"async\" class=\"alignnone wp-image-6378 size-full\" src=\"https:\/\/pitaya.no\/wp-content\/uploads\/2024\/11\/pitaya-divider.png\" alt=\"\" width=\"1980\" height=\"300\" srcset=\"https:\/\/pitaya.no\/wp-content\/uploads\/2024\/11\/pitaya-divider.png 1980w, https:\/\/pitaya.no\/wp-content\/uploads\/2024\/11\/pitaya-divider-300x45.png 300w, https:\/\/pitaya.no\/wp-content\/uploads\/2024\/11\/pitaya-divider-1024x155.png 1024w, https:\/\/pitaya.no\/wp-content\/uploads\/2024\/11\/pitaya-divider-768x116.png 768w, https:\/\/pitaya.no\/wp-content\/uploads\/2024\/11\/pitaya-divider-1536x233.png 1536w, https:\/\/pitaya.no\/wp-content\/uploads\/2024\/11\/pitaya-divider-600x91.png 600w, https:\/\/pitaya.no\/wp-content\/uploads\/2024\/11\/pitaya-divider-90x14.png 90w, https:\/\/pitaya.no\/wp-content\/uploads\/2024\/11\/pitaya-divider-64x10.png 64w\" sizes=\"(max-width: 1980px) 100vw, 1980px\" \/><\/p>","protected":false},"excerpt":{"rendered":"<p>ONLYBIO Hair of the Day Emollient Mask for High Porosity Hair is a true nourishing and regenerating care experience. Enriched with linseed and grape seed oil, it restores hair&#039;s natural strength and shine. Ideal for hair requiring intensive care, it provides deep hydration and protection. Vegan and made in Poland, it is the essence of hair health and beauty.<\/p>","protected":false},"featured_media":5786,"template":"","meta":{"_themeisle_gutenberg_block_has_review":false},"product_cat":[315,317],"product_tag":[],"berocket_brand":[301],"yoast_head":"<!-- This site is optimized with the Yoast SEO Premium plugin v21.2 (Yoast SEO v21.5) - https:\/\/yoast.com\/wordpress\/plugins\/seo\/ -->\n<title>Maska emolientowa do w\u0142os\u00f3w wysokoporowatych 400ml - ONLYBIO - Pitaya.no<\/title>\n<meta name=\"description\" content=\"Maska Emolientowa do W\u0142os\u00f3w Wysokoporowatych ONLYBIO Hair of the Day to poezja piel\u0119gnacji, kt\u00f3ra od\u017cywia i regeneruje. Wzbogacona o olej lniany\" \/>\n<meta name=\"robots\" content=\"index, follow, max-snippet:-1, max-image-preview:large, max-video-preview:-1\" \/>\n<link rel=\"canonical\" href=\"https:\/\/pitaya.no\/en\/product\/maska-emolientowa-do-wlosow-wysokoporowatych-400ml-onlybio\/\" \/>\n<meta property=\"og:locale\" content=\"en_GB\" \/>\n<meta property=\"og:type\" content=\"article\" \/>\n<meta property=\"og:title\" content=\"Maska emolientowa do w\u0142os\u00f3w wysokoporowatych 400ml - ONLYBIO\" \/>\n<meta property=\"og:description\" content=\"Maska Emolientowa do W\u0142os\u00f3w Wysokoporowatych ONLYBIO Hair of the Day to poezja piel\u0119gnacji, kt\u00f3ra od\u017cywia i regeneruje. Wzbogacona o olej lniany\" \/>\n<meta property=\"og:url\" content=\"https:\/\/pitaya.no\/en\/product\/maska-emolientowa-do-wlosow-wysokoporowatych-400ml-onlybio\/\" \/>\n<meta property=\"og:site_name\" content=\"Pitaya.no\" \/>\n<meta property=\"article:publisher\" content=\"https:\/\/www.facebook.com\/Pitaya.no\" \/>\n<meta property=\"article:modified_time\" content=\"2026-02-21T21:33:49+00:00\" \/>\n<meta property=\"og:image\" content=\"https:\/\/pitaya.no\/wp-content\/uploads\/2024\/01\/2-28.jpg\" \/>\n\t<meta property=\"og:image:width\" content=\"1080\" \/>\n\t<meta property=\"og:image:height\" content=\"1080\" \/>\n\t<meta property=\"og:image:type\" content=\"image\/jpeg\" \/>\n<meta name=\"twitter:card\" content=\"summary_large_image\" \/>\n<meta name=\"twitter:label1\" content=\"Estimated reading time\" \/>\n\t<meta name=\"twitter:data1\" content=\"1 minute\" \/>\n<script type=\"application\/ld+json\" class=\"yoast-schema-graph\">{\"@context\":\"https:\/\/schema.org\",\"@graph\":[{\"@type\":\"WebPage\",\"@id\":\"https:\/\/pitaya.no\/produkt\/maska-emolientowa-do-wlosow-wysokoporowatych-400ml-onlybio\/\",\"url\":\"https:\/\/pitaya.no\/produkt\/maska-emolientowa-do-wlosow-wysokoporowatych-400ml-onlybio\/\",\"name\":\"Maska emolientowa do w\u0142os\u00f3w wysokoporowatych 400ml - ONLYBIO - Pitaya.no\",\"isPartOf\":{\"@id\":\"https:\/\/pitaya.no\/#website\"},\"datePublished\":\"2024-01-21T15:48:04+00:00\",\"dateModified\":\"2026-02-21T21:33:49+00:00\",\"description\":\"Maska Emolientowa do W\u0142os\u00f3w Wysokoporowatych ONLYBIO Hair of the Day to poezja piel\u0119gnacji, kt\u00f3ra od\u017cywia i regeneruje. Wzbogacona o olej lniany\",\"breadcrumb\":{\"@id\":\"https:\/\/pitaya.no\/produkt\/maska-emolientowa-do-wlosow-wysokoporowatych-400ml-onlybio\/#breadcrumb\"},\"inLanguage\":\"en-GB\",\"potentialAction\":[{\"@type\":\"ReadAction\",\"target\":[\"https:\/\/pitaya.no\/produkt\/maska-emolientowa-do-wlosow-wysokoporowatych-400ml-onlybio\/\"]}]},{\"@type\":\"BreadcrumbList\",\"@id\":\"https:\/\/pitaya.no\/produkt\/maska-emolientowa-do-wlosow-wysokoporowatych-400ml-onlybio\/#breadcrumb\",\"itemListElement\":[{\"@type\":\"ListItem\",\"position\":1,\"name\":\"Strona g\u0142\u00f3wna\",\"item\":\"https:\/\/pitaya.no\/\"},{\"@type\":\"ListItem\",\"position\":2,\"name\":\"Sklep\",\"item\":\"https:\/\/pitaya.no\/sklep\/\"},{\"@type\":\"ListItem\",\"position\":3,\"name\":\"Maska emolientowa do w\u0142os\u00f3w wysokoporowatych 400ml &#8211; ONLYBIO\"}]},{\"@type\":\"WebSite\",\"@id\":\"https:\/\/pitaya.no\/#website\",\"url\":\"https:\/\/pitaya.no\/\",\"name\":\"Pitaya.no\",\"description\":\"Polska drogeria ekologiczna w Norwegii\",\"potentialAction\":[{\"@type\":\"SearchAction\",\"target\":{\"@type\":\"EntryPoint\",\"urlTemplate\":\"https:\/\/pitaya.no\/?s={search_term_string}\"},\"query-input\":\"required name=search_term_string\"}],\"inLanguage\":\"en-GB\"}]}<\/script>\n<!-- \/ Yoast SEO Premium plugin. -->","yoast_head_json":{"title":"Maska emolientowa do w\u0142os\u00f3w wysokoporowatych 400ml - ONLYBIO - Pitaya.no","description":"Maska Emolientowa do W\u0142os\u00f3w Wysokoporowatych ONLYBIO Hair of the Day to poezja piel\u0119gnacji, kt\u00f3ra od\u017cywia i regeneruje. Wzbogacona o olej lniany","robots":{"index":"index","follow":"follow","max-snippet":"max-snippet:-1","max-image-preview":"max-image-preview:large","max-video-preview":"max-video-preview:-1"},"canonical":"https:\/\/pitaya.no\/en\/product\/maska-emolientowa-do-wlosow-wysokoporowatych-400ml-onlybio\/","og_locale":"en_GB","og_type":"article","og_title":"Maska emolientowa do w\u0142os\u00f3w wysokoporowatych 400ml - ONLYBIO","og_description":"Maska Emolientowa do W\u0142os\u00f3w Wysokoporowatych ONLYBIO Hair of the Day to poezja piel\u0119gnacji, kt\u00f3ra od\u017cywia i regeneruje. Wzbogacona o olej lniany","og_url":"https:\/\/pitaya.no\/en\/product\/maska-emolientowa-do-wlosow-wysokoporowatych-400ml-onlybio\/","og_site_name":"Pitaya.no","article_publisher":"https:\/\/www.facebook.com\/Pitaya.no","article_modified_time":"2026-02-21T21:33:49+00:00","og_image":[{"width":1080,"height":1080,"url":"https:\/\/pitaya.no\/wp-content\/uploads\/2024\/01\/2-28.jpg","type":"image\/jpeg"}],"twitter_card":"summary_large_image","twitter_misc":{"Estimated reading time":"1 minute"},"schema":{"@context":"https:\/\/schema.org","@graph":[{"@type":"WebPage","@id":"https:\/\/pitaya.no\/produkt\/maska-emolientowa-do-wlosow-wysokoporowatych-400ml-onlybio\/","url":"https:\/\/pitaya.no\/produkt\/maska-emolientowa-do-wlosow-wysokoporowatych-400ml-onlybio\/","name":"Maska emolientowa do w\u0142os\u00f3w wysokoporowatych 400ml - ONLYBIO - Pitaya.no","isPartOf":{"@id":"https:\/\/pitaya.no\/#website"},"datePublished":"2024-01-21T15:48:04+00:00","dateModified":"2026-02-21T21:33:49+00:00","description":"Maska Emolientowa do W\u0142os\u00f3w Wysokoporowatych ONLYBIO Hair of the Day to poezja piel\u0119gnacji, kt\u00f3ra od\u017cywia i regeneruje. Wzbogacona o olej lniany","breadcrumb":{"@id":"https:\/\/pitaya.no\/produkt\/maska-emolientowa-do-wlosow-wysokoporowatych-400ml-onlybio\/#breadcrumb"},"inLanguage":"en-GB","potentialAction":[{"@type":"ReadAction","target":["https:\/\/pitaya.no\/produkt\/maska-emolientowa-do-wlosow-wysokoporowatych-400ml-onlybio\/"]}]},{"@type":"BreadcrumbList","@id":"https:\/\/pitaya.no\/produkt\/maska-emolientowa-do-wlosow-wysokoporowatych-400ml-onlybio\/#breadcrumb","itemListElement":[{"@type":"ListItem","position":1,"name":"Strona g\u0142\u00f3wna","item":"https:\/\/pitaya.no\/"},{"@type":"ListItem","position":2,"name":"Sklep","item":"https:\/\/pitaya.no\/sklep\/"},{"@type":"ListItem","position":3,"name":"Maska emolientowa do w\u0142os\u00f3w wysokoporowatych 400ml &#8211; ONLYBIO"}]},{"@type":"WebSite","@id":"https:\/\/pitaya.no\/#website","url":"https:\/\/pitaya.no\/","name":"Pitaya.no","description":"Polish organic drugstore in Norway","potentialAction":[{"@type":"SearchAction","target":{"@type":"EntryPoint","urlTemplate":"https:\/\/pitaya.no\/?s={search_term_string}"},"query-input":"required name=search_term_string"}],"inLanguage":"en-GB"}]}},"_links":{"self":[{"href":"https:\/\/pitaya.no\/en\/wp-json\/wp\/v2\/product\/5784"}],"collection":[{"href":"https:\/\/pitaya.no\/en\/wp-json\/wp\/v2\/product"}],"about":[{"href":"https:\/\/pitaya.no\/en\/wp-json\/wp\/v2\/types\/product"}],"wp:featuredmedia":[{"embeddable":true,"href":"https:\/\/pitaya.no\/en\/wp-json\/wp\/v2\/media\/5786"}],"wp:attachment":[{"href":"https:\/\/pitaya.no\/en\/wp-json\/wp\/v2\/media?parent=5784"}],"wp:term":[{"taxonomy":"product_cat","embeddable":true,"href":"https:\/\/pitaya.no\/en\/wp-json\/wp\/v2\/product_cat?post=5784"},{"taxonomy":"product_tag","embeddable":true,"href":"https:\/\/pitaya.no\/en\/wp-json\/wp\/v2\/product_tag?post=5784"},{"taxonomy":"berocket_brand","embeddable":true,"href":"https:\/\/pitaya.no\/en\/wp-json\/wp\/v2\/berocket_brand?post=5784"}],"curies":[{"name":"wp","href":"https:\/\/api.w.org\/{rel}","templated":true}]}}