{"id":5779,"date":"2024-01-21T14:44:04","date_gmt":"2024-01-21T14:44:04","guid":{"rendered":"https:\/\/pitaya.no\/?post_type=product&#038;p=5779"},"modified":"2025-08-27T09:52:40","modified_gmt":"2025-08-27T09:52:40","slug":"serum-na-koncowki-wlosow-bez-silikonu-80ml-onlybio","status":"publish","type":"product","link":"https:\/\/pitaya.no\/en\/product\/serum-na-koncowki-wlosow-bez-silikonu-80ml-onlybio\/","title":{"rendered":"Silicone-free hair tip serum 80ml \u2013 ONLYBIO"},"content":{"rendered":"<h1>ONLYBIO Hair of the Day Silicone-Free Serum for Hair Ends<\/h1>\n<p>Transform your hair into a work of art with <strong>Silicone-free serum<\/strong> from ONLYBIO, which regenerates and protects, adding shine.<\/p>\n<p><img fetchpriority=\"high\" decoding=\"async\" class=\"aligncenter wp-image-5781 size-full\" src=\"https:\/\/pitaya.no\/wp-content\/uploads\/2024\/01\/Zrzut-ekranu-2024-01-21-o-15.36.36.png\" alt=\"Serum na ko\u0144c\u00f3wki w\u0142os\u00f3w bez silikonu 80ml - ONLYBIO\" width=\"2242\" height=\"1022\" srcset=\"https:\/\/pitaya.no\/wp-content\/uploads\/2024\/01\/Zrzut-ekranu-2024-01-21-o-15.36.36.png 2242w, https:\/\/pitaya.no\/wp-content\/uploads\/2024\/01\/Zrzut-ekranu-2024-01-21-o-15.36.36-300x137.png 300w, https:\/\/pitaya.no\/wp-content\/uploads\/2024\/01\/Zrzut-ekranu-2024-01-21-o-15.36.36-1024x467.png 1024w, https:\/\/pitaya.no\/wp-content\/uploads\/2024\/01\/Zrzut-ekranu-2024-01-21-o-15.36.36-768x350.png 768w, https:\/\/pitaya.no\/wp-content\/uploads\/2024\/01\/Zrzut-ekranu-2024-01-21-o-15.36.36-1536x700.png 1536w, https:\/\/pitaya.no\/wp-content\/uploads\/2024\/01\/Zrzut-ekranu-2024-01-21-o-15.36.36-2048x934.png 2048w, https:\/\/pitaya.no\/wp-content\/uploads\/2024\/01\/Zrzut-ekranu-2024-01-21-o-15.36.36-600x274.png 600w, https:\/\/pitaya.no\/wp-content\/uploads\/2024\/01\/Zrzut-ekranu-2024-01-21-o-15.36.36-90x41.png 90w, https:\/\/pitaya.no\/wp-content\/uploads\/2024\/01\/Zrzut-ekranu-2024-01-21-o-15.36.36-64x29.png 64w\" sizes=\"(max-width: 2242px) 100vw, 2242px\" \/><\/p>\n<h2>Raspberry and Fig Oil for Protection<\/h2>\n<p><strong>Raspberry and fig oil<\/strong> in the serum they intensively nourish the ends, preventing them from breaking and splitting.<\/p>\n<h2>Vegan Formula<\/h2>\n<p>Our product is <strong>vegan<\/strong> and based on natural ingredients, guaranteeing respect for the environment and your hair.<\/p>\n<h2>Easy to Use<\/h2>\n<p>Apply to ends for <strong>smooth, healthy hair<\/strong> without burden effect.<\/p>\n<h2>Polish Quality<\/h2>\n<p><strong>Made in Poland<\/strong>, our serum for hair ends is synonymous with quality and care for nature.<\/p>\n<p><img decoding=\"async\" class=\"alignnone wp-image-6378 size-full\" src=\"https:\/\/pitaya.no\/wp-content\/uploads\/2024\/11\/pitaya-divider.png\" alt=\"\" width=\"1980\" height=\"300\" srcset=\"https:\/\/pitaya.no\/wp-content\/uploads\/2024\/11\/pitaya-divider.png 1980w, https:\/\/pitaya.no\/wp-content\/uploads\/2024\/11\/pitaya-divider-300x45.png 300w, https:\/\/pitaya.no\/wp-content\/uploads\/2024\/11\/pitaya-divider-1024x155.png 1024w, https:\/\/pitaya.no\/wp-content\/uploads\/2024\/11\/pitaya-divider-768x116.png 768w, https:\/\/pitaya.no\/wp-content\/uploads\/2024\/11\/pitaya-divider-1536x233.png 1536w, https:\/\/pitaya.no\/wp-content\/uploads\/2024\/11\/pitaya-divider-600x91.png 600w, https:\/\/pitaya.no\/wp-content\/uploads\/2024\/11\/pitaya-divider-90x14.png 90w, https:\/\/pitaya.no\/wp-content\/uploads\/2024\/11\/pitaya-divider-64x10.png 64w\" sizes=\"(max-width: 1980px) 100vw, 1980px\" \/><\/p>","protected":false},"excerpt":{"rendered":"<p>ONLYBIO Hair of the Day Silicone-Free Serum for Hair Ends is a cosmetic poem for your hair. Formulated with raspberry and fig oils, this serum not only nourishes and smooths hair ends but also protects them from harmful factors. Ideal for curly and dry hair, it provides lightness and a healthy appearance, adding natural shine. The vegan formula and Polish production guarantee quality and environmental friendliness.<\/p>","protected":false},"featured_media":5782,"template":"","meta":{"_themeisle_gutenberg_block_has_review":false},"product_cat":[329,331],"product_tag":[],"berocket_brand":[301],"yoast_head":"<!-- This site is optimized with the Yoast SEO Premium plugin v21.2 (Yoast SEO v21.5) - https:\/\/yoast.com\/wordpress\/plugins\/seo\/ -->\n<title>Serum na ko\u0144c\u00f3wki w\u0142os\u00f3w bez silikonu 80ml - ONLYBIO - Pitaya.no<\/title>\n<meta name=\"description\" content=\"Serum bez Silikonu na Ko\u0144c\u00f3wki W\u0142os\u00f3w ONLYBIO Hair of the Day to kosmetyczna poezja dla Twoich w\u0142os\u00f3w. Zawieraj\u0105ce oleje z malin i fig, to serum\" \/>\n<meta name=\"robots\" content=\"index, follow, max-snippet:-1, max-image-preview:large, max-video-preview:-1\" \/>\n<link rel=\"canonical\" href=\"https:\/\/pitaya.no\/en\/product\/serum-na-koncowki-wlosow-bez-silikonu-80ml-onlybio\/\" \/>\n<meta property=\"og:locale\" content=\"en_GB\" \/>\n<meta property=\"og:type\" content=\"article\" \/>\n<meta property=\"og:title\" content=\"Serum na ko\u0144c\u00f3wki w\u0142os\u00f3w bez silikonu 80ml - ONLYBIO\" \/>\n<meta property=\"og:description\" content=\"Serum bez Silikonu na Ko\u0144c\u00f3wki W\u0142os\u00f3w ONLYBIO Hair of the Day to kosmetyczna poezja dla Twoich w\u0142os\u00f3w. Zawieraj\u0105ce oleje z malin i fig, to serum\" \/>\n<meta property=\"og:url\" content=\"https:\/\/pitaya.no\/en\/product\/serum-na-koncowki-wlosow-bez-silikonu-80ml-onlybio\/\" \/>\n<meta property=\"og:site_name\" content=\"Pitaya.no\" \/>\n<meta property=\"article:publisher\" content=\"https:\/\/www.facebook.com\/Pitaya.no\" \/>\n<meta property=\"article:modified_time\" content=\"2025-08-27T09:52:40+00:00\" \/>\n<meta property=\"og:image\" content=\"https:\/\/pitaya.no\/wp-content\/uploads\/2024\/01\/2-27.jpg\" \/>\n\t<meta property=\"og:image:width\" content=\"1080\" \/>\n\t<meta property=\"og:image:height\" content=\"1080\" \/>\n\t<meta property=\"og:image:type\" content=\"image\/jpeg\" \/>\n<meta name=\"twitter:card\" content=\"summary_large_image\" \/>\n<meta name=\"twitter:label1\" content=\"Estimated reading time\" \/>\n\t<meta name=\"twitter:data1\" content=\"1 minute\" \/>\n<script type=\"application\/ld+json\" class=\"yoast-schema-graph\">{\"@context\":\"https:\/\/schema.org\",\"@graph\":[{\"@type\":\"WebPage\",\"@id\":\"https:\/\/pitaya.no\/produkt\/serum-na-koncowki-wlosow-bez-silikonu-80ml-onlybio\/\",\"url\":\"https:\/\/pitaya.no\/produkt\/serum-na-koncowki-wlosow-bez-silikonu-80ml-onlybio\/\",\"name\":\"Serum na ko\u0144c\u00f3wki w\u0142os\u00f3w bez silikonu 80ml - ONLYBIO - Pitaya.no\",\"isPartOf\":{\"@id\":\"https:\/\/pitaya.no\/#website\"},\"datePublished\":\"2024-01-21T14:44:04+00:00\",\"dateModified\":\"2025-08-27T09:52:40+00:00\",\"description\":\"Serum bez Silikonu na Ko\u0144c\u00f3wki W\u0142os\u00f3w ONLYBIO Hair of the Day to kosmetyczna poezja dla Twoich w\u0142os\u00f3w. Zawieraj\u0105ce oleje z malin i fig, to serum\",\"breadcrumb\":{\"@id\":\"https:\/\/pitaya.no\/produkt\/serum-na-koncowki-wlosow-bez-silikonu-80ml-onlybio\/#breadcrumb\"},\"inLanguage\":\"en-GB\",\"potentialAction\":[{\"@type\":\"ReadAction\",\"target\":[\"https:\/\/pitaya.no\/produkt\/serum-na-koncowki-wlosow-bez-silikonu-80ml-onlybio\/\"]}]},{\"@type\":\"BreadcrumbList\",\"@id\":\"https:\/\/pitaya.no\/produkt\/serum-na-koncowki-wlosow-bez-silikonu-80ml-onlybio\/#breadcrumb\",\"itemListElement\":[{\"@type\":\"ListItem\",\"position\":1,\"name\":\"Strona g\u0142\u00f3wna\",\"item\":\"https:\/\/pitaya.no\/\"},{\"@type\":\"ListItem\",\"position\":2,\"name\":\"Sklep\",\"item\":\"https:\/\/pitaya.no\/sklep\/\"},{\"@type\":\"ListItem\",\"position\":3,\"name\":\"Serum na ko\u0144c\u00f3wki w\u0142os\u00f3w bez silikonu 80ml &#8211; ONLYBIO\"}]},{\"@type\":\"WebSite\",\"@id\":\"https:\/\/pitaya.no\/#website\",\"url\":\"https:\/\/pitaya.no\/\",\"name\":\"Pitaya.no\",\"description\":\"Polska drogeria ekologiczna w Norwegii\",\"potentialAction\":[{\"@type\":\"SearchAction\",\"target\":{\"@type\":\"EntryPoint\",\"urlTemplate\":\"https:\/\/pitaya.no\/?s={search_term_string}\"},\"query-input\":\"required name=search_term_string\"}],\"inLanguage\":\"en-GB\"}]}<\/script>\n<!-- \/ Yoast SEO Premium plugin. -->","yoast_head_json":{"title":"Serum na ko\u0144c\u00f3wki w\u0142os\u00f3w bez silikonu 80ml - ONLYBIO - Pitaya.no","description":"Serum bez Silikonu na Ko\u0144c\u00f3wki W\u0142os\u00f3w ONLYBIO Hair of the Day to kosmetyczna poezja dla Twoich w\u0142os\u00f3w. Zawieraj\u0105ce oleje z malin i fig, to serum","robots":{"index":"index","follow":"follow","max-snippet":"max-snippet:-1","max-image-preview":"max-image-preview:large","max-video-preview":"max-video-preview:-1"},"canonical":"https:\/\/pitaya.no\/en\/product\/serum-na-koncowki-wlosow-bez-silikonu-80ml-onlybio\/","og_locale":"en_GB","og_type":"article","og_title":"Serum na ko\u0144c\u00f3wki w\u0142os\u00f3w bez silikonu 80ml - ONLYBIO","og_description":"Serum bez Silikonu na Ko\u0144c\u00f3wki W\u0142os\u00f3w ONLYBIO Hair of the Day to kosmetyczna poezja dla Twoich w\u0142os\u00f3w. Zawieraj\u0105ce oleje z malin i fig, to serum","og_url":"https:\/\/pitaya.no\/en\/product\/serum-na-koncowki-wlosow-bez-silikonu-80ml-onlybio\/","og_site_name":"Pitaya.no","article_publisher":"https:\/\/www.facebook.com\/Pitaya.no","article_modified_time":"2025-08-27T09:52:40+00:00","og_image":[{"width":1080,"height":1080,"url":"https:\/\/pitaya.no\/wp-content\/uploads\/2024\/01\/2-27.jpg","type":"image\/jpeg"}],"twitter_card":"summary_large_image","twitter_misc":{"Estimated reading time":"1 minute"},"schema":{"@context":"https:\/\/schema.org","@graph":[{"@type":"WebPage","@id":"https:\/\/pitaya.no\/produkt\/serum-na-koncowki-wlosow-bez-silikonu-80ml-onlybio\/","url":"https:\/\/pitaya.no\/produkt\/serum-na-koncowki-wlosow-bez-silikonu-80ml-onlybio\/","name":"Serum na ko\u0144c\u00f3wki w\u0142os\u00f3w bez silikonu 80ml - ONLYBIO - Pitaya.no","isPartOf":{"@id":"https:\/\/pitaya.no\/#website"},"datePublished":"2024-01-21T14:44:04+00:00","dateModified":"2025-08-27T09:52:40+00:00","description":"Serum bez Silikonu na Ko\u0144c\u00f3wki W\u0142os\u00f3w ONLYBIO Hair of the Day to kosmetyczna poezja dla Twoich w\u0142os\u00f3w. Zawieraj\u0105ce oleje z malin i fig, to serum","breadcrumb":{"@id":"https:\/\/pitaya.no\/produkt\/serum-na-koncowki-wlosow-bez-silikonu-80ml-onlybio\/#breadcrumb"},"inLanguage":"en-GB","potentialAction":[{"@type":"ReadAction","target":["https:\/\/pitaya.no\/produkt\/serum-na-koncowki-wlosow-bez-silikonu-80ml-onlybio\/"]}]},{"@type":"BreadcrumbList","@id":"https:\/\/pitaya.no\/produkt\/serum-na-koncowki-wlosow-bez-silikonu-80ml-onlybio\/#breadcrumb","itemListElement":[{"@type":"ListItem","position":1,"name":"Strona g\u0142\u00f3wna","item":"https:\/\/pitaya.no\/"},{"@type":"ListItem","position":2,"name":"Sklep","item":"https:\/\/pitaya.no\/sklep\/"},{"@type":"ListItem","position":3,"name":"Serum na ko\u0144c\u00f3wki w\u0142os\u00f3w bez silikonu 80ml &#8211; ONLYBIO"}]},{"@type":"WebSite","@id":"https:\/\/pitaya.no\/#website","url":"https:\/\/pitaya.no\/","name":"Pitaya.no","description":"Polish organic drugstore in Norway","potentialAction":[{"@type":"SearchAction","target":{"@type":"EntryPoint","urlTemplate":"https:\/\/pitaya.no\/?s={search_term_string}"},"query-input":"required name=search_term_string"}],"inLanguage":"en-GB"}]}},"_links":{"self":[{"href":"https:\/\/pitaya.no\/en\/wp-json\/wp\/v2\/product\/5779"}],"collection":[{"href":"https:\/\/pitaya.no\/en\/wp-json\/wp\/v2\/product"}],"about":[{"href":"https:\/\/pitaya.no\/en\/wp-json\/wp\/v2\/types\/product"}],"wp:featuredmedia":[{"embeddable":true,"href":"https:\/\/pitaya.no\/en\/wp-json\/wp\/v2\/media\/5782"}],"wp:attachment":[{"href":"https:\/\/pitaya.no\/en\/wp-json\/wp\/v2\/media?parent=5779"}],"wp:term":[{"taxonomy":"product_cat","embeddable":true,"href":"https:\/\/pitaya.no\/en\/wp-json\/wp\/v2\/product_cat?post=5779"},{"taxonomy":"product_tag","embeddable":true,"href":"https:\/\/pitaya.no\/en\/wp-json\/wp\/v2\/product_tag?post=5779"},{"taxonomy":"berocket_brand","embeddable":true,"href":"https:\/\/pitaya.no\/en\/wp-json\/wp\/v2\/berocket_brand?post=5779"}],"curies":[{"name":"wp","href":"https:\/\/api.w.org\/{rel}","templated":true}]}}