{"id":5693,"date":"2024-01-15T18:45:21","date_gmt":"2024-01-15T18:45:21","guid":{"rendered":"https:\/\/pitaya.no\/?post_type=product&#038;p=5693"},"modified":"2026-02-21T19:32:08","modified_gmt":"2026-02-21T19:32:08","slug":"peeling-do-skory-glowy-125ml-onlybio","status":"publish","type":"product","link":"https:\/\/pitaya.no\/en\/product\/peeling-do-skory-glowy-125ml-onlybio\/","title":{"rendered":"Scalp scrub with white clay, apricot kernels and lactic acid, 125ml \u2013 ONLYBIO"},"content":{"rendered":"<h1>Scalp scrub with white clay, apricot kernels and lactic acid, 125ml \u2013 ONLYBIO<\/h1>\n<p data-start=\"202\" data-end=\"576\">A natural, vegan scalp scrub that effectively cleanses, refreshes, and restores balance to the scalp. A combination of white clay, apricot kernel particles, and lactic acid removes accumulated impurities, styling product residue, and dead skin cells, leaving the scalp fresh and prepared for further care.<\/p>\n<p data-start=\"578\" data-end=\"722\">Regular use helps improve the condition of the scalp, supports healthy hair growth and provides a long-lasting feeling of cleanliness and lightness.<\/p>\n<h3 data-start=\"729\" data-end=\"758\">Key benefits<\/h3>\n<ul data-start=\"760\" data-end=\"1058\">\n<li data-start=\"760\" data-end=\"834\">\n<p data-start=\"762\" data-end=\"834\">effectively cleanses the scalp of excess sebum and styling residues<\/p>\n<\/li>\n<li data-start=\"835\" data-end=\"874\">\n<p data-start=\"837\" data-end=\"874\">gently exfoliates dead skin<\/p>\n<\/li>\n<li data-start=\"875\" data-end=\"919\">\n<p data-start=\"877\" data-end=\"919\">refreshes and restores the comfort of the scalp<\/p>\n<\/li>\n<li data-start=\"920\" data-end=\"955\">\n<p data-start=\"922\" data-end=\"955\">supports healthy skin microbiota<\/p>\n<\/li>\n<li data-start=\"956\" data-end=\"1027\">\n<p data-start=\"958\" data-end=\"1027\">prepares the scalp for better absorption of active ingredients<\/p>\n<\/li>\n<li data-start=\"1028\" data-end=\"1058\">\n<p data-start=\"1030\" data-end=\"1058\">natural and vegan formula<\/p>\n<\/li>\n<\/ul>\n<h3 data-start=\"1065\" data-end=\"1083\">How does it work?<\/h3>\n<p data-start=\"1085\" data-end=\"1253\"><strong data-start=\"1085\" data-end=\"1110\">White clay (Kaolin)<\/strong> and <strong data-start=\"1116\" data-end=\"1142\">particles of apricot seeds<\/strong> mechanically remove accumulated impurities and deposits from care and styling cosmetics.<\/p>\n<p data-start=\"1255\" data-end=\"1385\"><strong data-start=\"1255\" data-end=\"1271\">Lactic acid<\/strong> gently exfoliates dead skin cells, smoothing the scalp and restoring its balance without irritation.<\/p>\n<p data-start=\"1387\" data-end=\"1471\">Additionally, vegetable oils and extracts nourish the skin and prevent it from drying out.<\/p>\n<h3 data-start=\"1478\" data-end=\"1491\">Smell<\/h3>\n<p data-start=\"1493\" data-end=\"1617\">A refreshing combination <strong data-start=\"1517\" data-end=\"1535\">mint and coconut<\/strong>, which stimulates the senses and provides a pleasant feeling of freshness during care.<\/p>\n<h3 data-start=\"1624\" data-end=\"1666\">When to use scalp peeling?<\/h3>\n<ul data-start=\"1668\" data-end=\"1805\">\n<li data-start=\"1668\" data-end=\"1686\">\n<p data-start=\"1670\" data-end=\"1686\">once a week<\/p>\n<\/li>\n<li data-start=\"1687\" data-end=\"1752\">\n<p data-start=\"1689\" data-end=\"1752\">whenever the scalp requires additional cleansing<\/p>\n<\/li>\n<li data-start=\"1753\" data-end=\"1805\">\n<p data-start=\"1755\" data-end=\"1805\">in case of excess sebum or feeling of hair being weighed down<\/p>\n<\/li>\n<\/ul>\n<h3 data-start=\"1812\" data-end=\"1831\">How to use<\/h3>\n<p data-start=\"1833\" data-end=\"1988\">Apply the product directly to the scalp.<br data-start=\"1875\" data-end=\"1878\" \/>Massage gently in circular motions, then rinse thoroughly with water.<br data-start=\"1948\" data-end=\"1951\" \/>Use before washing your hair with shampoo.<\/p>\n<p><em>Ingredients: Aqua, Cetearyl Alcohol, Kaolin, Prunus Armeniaca (Apricot) Seed Powder, Behenamidopropyl Dimethylamine, Sodium Cocoyl Isethionate, Linum Usitatissimum (Linseed) Seed Oil, Lactic Acid, Arnica Montana Flower Extract, Glycerin, Guar Hydroxypropyltrimonium Chloride, Helianthus Annuus (Sunflower) Seed Oil, Tocopherol, Menthol, Citric Acid, Parfum, Potassium Sorbate, Sodium Benzoate, Benzyl Alcohol, Dehydroacetic Acid, Benzoic Acid, Linalool.<\/em><\/p>\n<p class=\"cs2654AE3A\">","protected":false},"excerpt":{"rendered":"<p>A natural, vegan scalp scrub that effectively cleanses and refreshes after just one use. White clay and apricot kernel particles remove accumulated impurities and residue from styling products, while lactic acid gently exfoliates dead skin, restoring skin balance and comfort. Regular use helps maintain a fresh, light scalp and prepares it for further care. The refreshing scent of mint and coconut enhances any skincare routine.<\/p>\n<p><strong>Capacity 125 ml\u00a0<\/strong><\/p>","protected":false},"featured_media":7097,"template":"","meta":{"_themeisle_gutenberg_block_has_review":false},"product_cat":[324,325],"product_tag":[],"berocket_brand":[301],"yoast_head":"<!-- This site is optimized with the Yoast SEO Premium plugin v21.2 (Yoast SEO v21.5) - https:\/\/yoast.com\/wordpress\/plugins\/seo\/ -->\n<title>Peeling do sk\u00f3ry g\u0142owy z bia\u0142\u0105 glink\u0105, pestkami moreli i kwasem mlekowym, 125ml - ONLYBIO<\/title>\n<meta name=\"description\" content=\"Peeling do sk\u00f3ry g\u0142owy &quot;Hair Balance&quot; od ONLYBIO to wega\u0144ski produkt przeznaczony do intensywnej piel\u0119gnacji sk\u00f3ry g\u0142owy. Zawiera naturalne sk\u0142adniki,\" \/>\n<meta name=\"robots\" content=\"index, follow, max-snippet:-1, max-image-preview:large, max-video-preview:-1\" \/>\n<link rel=\"canonical\" href=\"https:\/\/pitaya.no\/en\/product\/peeling-do-skory-glowy-125ml-onlybio\/\" \/>\n<meta property=\"og:locale\" content=\"en_GB\" \/>\n<meta property=\"og:type\" content=\"article\" \/>\n<meta property=\"og:title\" content=\"Peeling do sk\u00f3ry g\u0142owy z bia\u0142\u0105 glink\u0105, pestkami moreli i kwasem mlekowym, 125ml - ONLYBIO\" \/>\n<meta property=\"og:description\" content=\"Peeling do sk\u00f3ry g\u0142owy &quot;Hair Balance&quot; od ONLYBIO to wega\u0144ski produkt przeznaczony do intensywnej piel\u0119gnacji sk\u00f3ry g\u0142owy. Zawiera naturalne sk\u0142adniki,\" \/>\n<meta property=\"og:url\" content=\"https:\/\/pitaya.no\/en\/product\/peeling-do-skory-glowy-125ml-onlybio\/\" \/>\n<meta property=\"og:site_name\" content=\"Pitaya.no\" \/>\n<meta property=\"article:publisher\" content=\"https:\/\/www.facebook.com\/Pitaya.no\" \/>\n<meta property=\"article:modified_time\" content=\"2026-02-21T19:32:08+00:00\" \/>\n<meta property=\"og:image\" content=\"https:\/\/pitaya.no\/wp-content\/uploads\/2024\/01\/peelingglinka.jpg\" \/>\n\t<meta property=\"og:image:width\" content=\"757\" \/>\n\t<meta property=\"og:image:height\" content=\"757\" \/>\n\t<meta property=\"og:image:type\" content=\"image\/jpeg\" \/>\n<meta name=\"twitter:card\" content=\"summary_large_image\" \/>\n<meta name=\"twitter:label1\" content=\"Estimated reading time\" \/>\n\t<meta name=\"twitter:data1\" content=\"2 minutes\" \/>\n<script type=\"application\/ld+json\" class=\"yoast-schema-graph\">{\"@context\":\"https:\/\/schema.org\",\"@graph\":[{\"@type\":\"WebPage\",\"@id\":\"https:\/\/pitaya.no\/produkt\/peeling-do-skory-glowy-125ml-onlybio\/\",\"url\":\"https:\/\/pitaya.no\/produkt\/peeling-do-skory-glowy-125ml-onlybio\/\",\"name\":\"Peeling do sk\u00f3ry g\u0142owy z bia\u0142\u0105 glink\u0105, pestkami moreli i kwasem mlekowym, 125ml - ONLYBIO\",\"isPartOf\":{\"@id\":\"https:\/\/pitaya.no\/#website\"},\"datePublished\":\"2024-01-15T18:45:21+00:00\",\"dateModified\":\"2026-02-21T19:32:08+00:00\",\"description\":\"Peeling do sk\u00f3ry g\u0142owy \\\"Hair Balance\\\" od ONLYBIO to wega\u0144ski produkt przeznaczony do intensywnej piel\u0119gnacji sk\u00f3ry g\u0142owy. Zawiera naturalne sk\u0142adniki,\",\"breadcrumb\":{\"@id\":\"https:\/\/pitaya.no\/produkt\/peeling-do-skory-glowy-125ml-onlybio\/#breadcrumb\"},\"inLanguage\":\"en-GB\",\"potentialAction\":[{\"@type\":\"ReadAction\",\"target\":[\"https:\/\/pitaya.no\/produkt\/peeling-do-skory-glowy-125ml-onlybio\/\"]}]},{\"@type\":\"BreadcrumbList\",\"@id\":\"https:\/\/pitaya.no\/produkt\/peeling-do-skory-glowy-125ml-onlybio\/#breadcrumb\",\"itemListElement\":[{\"@type\":\"ListItem\",\"position\":1,\"name\":\"Strona g\u0142\u00f3wna\",\"item\":\"https:\/\/pitaya.no\/\"},{\"@type\":\"ListItem\",\"position\":2,\"name\":\"Sklep\",\"item\":\"https:\/\/pitaya.no\/sklep\/\"},{\"@type\":\"ListItem\",\"position\":3,\"name\":\"Peeling do sk\u00f3ry g\u0142owy z bia\u0142\u0105 glink\u0105, pestkami moreli i kwasem mlekowym, 125ml &#8211; ONLYBIO\"}]},{\"@type\":\"WebSite\",\"@id\":\"https:\/\/pitaya.no\/#website\",\"url\":\"https:\/\/pitaya.no\/\",\"name\":\"Pitaya.no\",\"description\":\"Polska drogeria ekologiczna w Norwegii\",\"potentialAction\":[{\"@type\":\"SearchAction\",\"target\":{\"@type\":\"EntryPoint\",\"urlTemplate\":\"https:\/\/pitaya.no\/?s={search_term_string}\"},\"query-input\":\"required name=search_term_string\"}],\"inLanguage\":\"en-GB\"}]}<\/script>\n<!-- \/ Yoast SEO Premium plugin. -->","yoast_head_json":{"title":"Scalp scrub with white clay, apricot kernels and lactic acid, 125ml - ONLYBIO","description":"Peeling do sk\u00f3ry g\u0142owy \"Hair Balance\" od ONLYBIO to wega\u0144ski produkt przeznaczony do intensywnej piel\u0119gnacji sk\u00f3ry g\u0142owy. Zawiera naturalne sk\u0142adniki,","robots":{"index":"index","follow":"follow","max-snippet":"max-snippet:-1","max-image-preview":"max-image-preview:large","max-video-preview":"max-video-preview:-1"},"canonical":"https:\/\/pitaya.no\/en\/product\/peeling-do-skory-glowy-125ml-onlybio\/","og_locale":"en_GB","og_type":"article","og_title":"Peeling do sk\u00f3ry g\u0142owy z bia\u0142\u0105 glink\u0105, pestkami moreli i kwasem mlekowym, 125ml - ONLYBIO","og_description":"Peeling do sk\u00f3ry g\u0142owy \"Hair Balance\" od ONLYBIO to wega\u0144ski produkt przeznaczony do intensywnej piel\u0119gnacji sk\u00f3ry g\u0142owy. Zawiera naturalne sk\u0142adniki,","og_url":"https:\/\/pitaya.no\/en\/product\/peeling-do-skory-glowy-125ml-onlybio\/","og_site_name":"Pitaya.no","article_publisher":"https:\/\/www.facebook.com\/Pitaya.no","article_modified_time":"2026-02-21T19:32:08+00:00","og_image":[{"width":757,"height":757,"url":"https:\/\/pitaya.no\/wp-content\/uploads\/2024\/01\/peelingglinka.jpg","type":"image\/jpeg"}],"twitter_card":"summary_large_image","twitter_misc":{"Estimated reading time":"2 minutes"},"schema":{"@context":"https:\/\/schema.org","@graph":[{"@type":"WebPage","@id":"https:\/\/pitaya.no\/produkt\/peeling-do-skory-glowy-125ml-onlybio\/","url":"https:\/\/pitaya.no\/produkt\/peeling-do-skory-glowy-125ml-onlybio\/","name":"Scalp scrub with white clay, apricot kernels and lactic acid, 125ml - ONLYBIO","isPartOf":{"@id":"https:\/\/pitaya.no\/#website"},"datePublished":"2024-01-15T18:45:21+00:00","dateModified":"2026-02-21T19:32:08+00:00","description":"Peeling do sk\u00f3ry g\u0142owy \"Hair Balance\" od ONLYBIO to wega\u0144ski produkt przeznaczony do intensywnej piel\u0119gnacji sk\u00f3ry g\u0142owy. Zawiera naturalne sk\u0142adniki,","breadcrumb":{"@id":"https:\/\/pitaya.no\/produkt\/peeling-do-skory-glowy-125ml-onlybio\/#breadcrumb"},"inLanguage":"en-GB","potentialAction":[{"@type":"ReadAction","target":["https:\/\/pitaya.no\/produkt\/peeling-do-skory-glowy-125ml-onlybio\/"]}]},{"@type":"BreadcrumbList","@id":"https:\/\/pitaya.no\/produkt\/peeling-do-skory-glowy-125ml-onlybio\/#breadcrumb","itemListElement":[{"@type":"ListItem","position":1,"name":"Strona g\u0142\u00f3wna","item":"https:\/\/pitaya.no\/"},{"@type":"ListItem","position":2,"name":"Sklep","item":"https:\/\/pitaya.no\/sklep\/"},{"@type":"ListItem","position":3,"name":"Peeling do sk\u00f3ry g\u0142owy z bia\u0142\u0105 glink\u0105, pestkami moreli i kwasem mlekowym, 125ml &#8211; ONLYBIO"}]},{"@type":"WebSite","@id":"https:\/\/pitaya.no\/#website","url":"https:\/\/pitaya.no\/","name":"Pitaya.no","description":"Polish organic drugstore in Norway","potentialAction":[{"@type":"SearchAction","target":{"@type":"EntryPoint","urlTemplate":"https:\/\/pitaya.no\/?s={search_term_string}"},"query-input":"required name=search_term_string"}],"inLanguage":"en-GB"}]}},"_links":{"self":[{"href":"https:\/\/pitaya.no\/en\/wp-json\/wp\/v2\/product\/5693"}],"collection":[{"href":"https:\/\/pitaya.no\/en\/wp-json\/wp\/v2\/product"}],"about":[{"href":"https:\/\/pitaya.no\/en\/wp-json\/wp\/v2\/types\/product"}],"wp:featuredmedia":[{"embeddable":true,"href":"https:\/\/pitaya.no\/en\/wp-json\/wp\/v2\/media\/7097"}],"wp:attachment":[{"href":"https:\/\/pitaya.no\/en\/wp-json\/wp\/v2\/media?parent=5693"}],"wp:term":[{"taxonomy":"product_cat","embeddable":true,"href":"https:\/\/pitaya.no\/en\/wp-json\/wp\/v2\/product_cat?post=5693"},{"taxonomy":"product_tag","embeddable":true,"href":"https:\/\/pitaya.no\/en\/wp-json\/wp\/v2\/product_tag?post=5693"},{"taxonomy":"berocket_brand","embeddable":true,"href":"https:\/\/pitaya.no\/en\/wp-json\/wp\/v2\/berocket_brand?post=5693"}],"curies":[{"name":"wp","href":"https:\/\/api.w.org\/{rel}","templated":true}]}}