{"id":5684,"date":"2024-01-15T18:20:49","date_gmt":"2024-01-15T18:20:49","guid":{"rendered":"https:\/\/pitaya.no\/?post_type=product&#038;p=5684"},"modified":"2026-02-21T21:41:05","modified_gmt":"2026-02-21T21:41:05","slug":"maska-do-wlosow-srednioporowatych-400-ml-onlybio","status":"publish","type":"product","link":"https:\/\/pitaya.no\/en\/product\/maska-do-wlosow-srednioporowatych-400-ml-onlybio\/","title":{"rendered":"Mask for medium porosity hair 400 ml \u2013 ONLYBIO"},"content":{"rendered":"<h1 class=\"cs-product-name\">Mask for medium porosity hair 400 ml<\/h1>\n<p>The Hair Balance mask for medium porosity hair is a solution for dry hair that tends to frizz.<br \/>\nWhen to use a mask for medium porosity hair? When hair tends to be dry and frizzy.<\/p>\n<h2>What effect?<\/h2>\n<p>The hair cuticle closes, making the hair smoother and shinier.<\/p>\n<h2>What does it smell like?<\/h2>\n<p>The captivating scent of raspberry and pink pepper will put you in a great mood!<\/p>\n<p>Medium porosity hair is the most common type. It&#039;s easy to style and isn&#039;t perfectly smooth. It tends to dry out and frizz because its cuticles are slightly open. When caring for medium porosity hair, it&#039;s crucial to maintain a balance of the porosity and hydration components to enhance its smoothness and shine.<\/p>\n<p>&nbsp;<\/p>\n<p><img fetchpriority=\"high\" decoding=\"async\" class=\"aligncenter wp-image-5688 size-full\" src=\"https:\/\/pitaya.no\/wp-content\/uploads\/2024\/01\/Zrzut-ekranu-2024-01-15-o-19.09.44.png\" alt=\"\" width=\"1862\" height=\"1558\" srcset=\"https:\/\/pitaya.no\/wp-content\/uploads\/2024\/01\/Zrzut-ekranu-2024-01-15-o-19.09.44.png 1862w, https:\/\/pitaya.no\/wp-content\/uploads\/2024\/01\/Zrzut-ekranu-2024-01-15-o-19.09.44-300x251.png 300w, https:\/\/pitaya.no\/wp-content\/uploads\/2024\/01\/Zrzut-ekranu-2024-01-15-o-19.09.44-1024x857.png 1024w, https:\/\/pitaya.no\/wp-content\/uploads\/2024\/01\/Zrzut-ekranu-2024-01-15-o-19.09.44-768x643.png 768w, https:\/\/pitaya.no\/wp-content\/uploads\/2024\/01\/Zrzut-ekranu-2024-01-15-o-19.09.44-1536x1285.png 1536w, https:\/\/pitaya.no\/wp-content\/uploads\/2024\/01\/Zrzut-ekranu-2024-01-15-o-19.09.44-600x502.png 600w, https:\/\/pitaya.no\/wp-content\/uploads\/2024\/01\/Zrzut-ekranu-2024-01-15-o-19.09.44-65x54.png 65w, https:\/\/pitaya.no\/wp-content\/uploads\/2024\/01\/Zrzut-ekranu-2024-01-15-o-19.09.44-64x54.png 64w\" sizes=\"(max-width: 1862px) 100vw, 1862px\" \/><\/p>\n<p>&nbsp;<\/p>\n<h2><em>Composition:<\/em><\/h2>\n<p><em>Aqua, Cetearyl Alcohol, Helianthus Annuus (Sunflower) Seed Oil, Coco-Caprylate\/Caprate, Behentrimonium Chloride, Glycerin, Ricinus Communis Seed Oil, Persea Gratissima (Avocado) Oil, Prunus Amygdalus Dulcis (Sweet Almond) Oil, Tocopherol, Guar Hydroxypropyltrimonium Chloride, Cetrimonium Chloride, Benzyl Alcohol, Benzoic Acid, Dehydroacetic Acid, Citric Acid, Parfum, Linalool.<\/em><\/p>","protected":false},"excerpt":{"rendered":"<p>The &quot;Hair in Balance&quot; hair mask for medium porosity hair by ONLYBIO is a vegan product containing natural ingredients like sunflower, castor, and avocado oil. Designed for hair that tends to be dry and frizzy, it helps restore smoothness and shine. It features a captivating raspberry and pink pepper scent. The mask should be applied to damp hair and rinsed out after a few minutes.<\/p>\n<p><strong>Capacity 400 ml\u00a0<\/strong><\/p>","protected":false},"featured_media":5686,"template":"","meta":{"_themeisle_gutenberg_block_has_review":false},"product_cat":[315,317],"product_tag":[],"berocket_brand":[301],"yoast_head":"<!-- This site is optimized with the Yoast SEO Premium plugin v21.2 (Yoast SEO v21.5) - https:\/\/yoast.com\/wordpress\/plugins\/seo\/ -->\n<title>Maska do w\u0142os\u00f3w \u015brednioporowatych 400 ml - ONLYBIO - Pitaya.no<\/title>\n<meta name=\"description\" content=\"Maseczka do w\u0142os\u00f3w \u015brednioporowatych z serii &quot;Hair in Balance&quot; by ONLYBIO to produkt wega\u0144ski, zawieraj\u0105cy naturalne sk\u0142adniki jak olej s\u0142onecznikowy,\" \/>\n<meta name=\"robots\" content=\"index, follow, max-snippet:-1, max-image-preview:large, max-video-preview:-1\" \/>\n<link rel=\"canonical\" href=\"https:\/\/pitaya.no\/en\/product\/maska-do-wlosow-srednioporowatych-400-ml-onlybio\/\" \/>\n<meta property=\"og:locale\" content=\"en_GB\" \/>\n<meta property=\"og:type\" content=\"article\" \/>\n<meta property=\"og:title\" content=\"Maska do w\u0142os\u00f3w \u015brednioporowatych 400 ml - ONLYBIO\" \/>\n<meta property=\"og:description\" content=\"Maseczka do w\u0142os\u00f3w \u015brednioporowatych z serii &quot;Hair in Balance&quot; by ONLYBIO to produkt wega\u0144ski, zawieraj\u0105cy naturalne sk\u0142adniki jak olej s\u0142onecznikowy,\" \/>\n<meta property=\"og:url\" content=\"https:\/\/pitaya.no\/en\/product\/maska-do-wlosow-srednioporowatych-400-ml-onlybio\/\" \/>\n<meta property=\"og:site_name\" content=\"Pitaya.no\" \/>\n<meta property=\"article:publisher\" content=\"https:\/\/www.facebook.com\/Pitaya.no\" \/>\n<meta property=\"article:modified_time\" content=\"2026-02-21T21:41:05+00:00\" \/>\n<meta property=\"og:image\" content=\"https:\/\/pitaya.no\/wp-content\/uploads\/2024\/01\/2-10.jpg\" \/>\n\t<meta property=\"og:image:width\" content=\"1080\" \/>\n\t<meta property=\"og:image:height\" content=\"1080\" \/>\n\t<meta property=\"og:image:type\" content=\"image\/jpeg\" \/>\n<meta name=\"twitter:card\" content=\"summary_large_image\" \/>\n<meta name=\"twitter:label1\" content=\"Estimated reading time\" \/>\n\t<meta name=\"twitter:data1\" content=\"2 minutes\" \/>\n<script type=\"application\/ld+json\" class=\"yoast-schema-graph\">{\"@context\":\"https:\/\/schema.org\",\"@graph\":[{\"@type\":\"WebPage\",\"@id\":\"https:\/\/pitaya.no\/produkt\/maska-do-wlosow-srednioporowatych-400-ml-onlybio\/\",\"url\":\"https:\/\/pitaya.no\/produkt\/maska-do-wlosow-srednioporowatych-400-ml-onlybio\/\",\"name\":\"Maska do w\u0142os\u00f3w \u015brednioporowatych 400 ml - ONLYBIO - Pitaya.no\",\"isPartOf\":{\"@id\":\"https:\/\/pitaya.no\/#website\"},\"datePublished\":\"2024-01-15T18:20:49+00:00\",\"dateModified\":\"2026-02-21T21:41:05+00:00\",\"description\":\"Maseczka do w\u0142os\u00f3w \u015brednioporowatych z serii \\\"Hair in Balance\\\" by ONLYBIO to produkt wega\u0144ski, zawieraj\u0105cy naturalne sk\u0142adniki jak olej s\u0142onecznikowy,\",\"breadcrumb\":{\"@id\":\"https:\/\/pitaya.no\/produkt\/maska-do-wlosow-srednioporowatych-400-ml-onlybio\/#breadcrumb\"},\"inLanguage\":\"en-GB\",\"potentialAction\":[{\"@type\":\"ReadAction\",\"target\":[\"https:\/\/pitaya.no\/produkt\/maska-do-wlosow-srednioporowatych-400-ml-onlybio\/\"]}]},{\"@type\":\"BreadcrumbList\",\"@id\":\"https:\/\/pitaya.no\/produkt\/maska-do-wlosow-srednioporowatych-400-ml-onlybio\/#breadcrumb\",\"itemListElement\":[{\"@type\":\"ListItem\",\"position\":1,\"name\":\"Strona g\u0142\u00f3wna\",\"item\":\"https:\/\/pitaya.no\/\"},{\"@type\":\"ListItem\",\"position\":2,\"name\":\"Sklep\",\"item\":\"https:\/\/pitaya.no\/sklep\/\"},{\"@type\":\"ListItem\",\"position\":3,\"name\":\"Maska do w\u0142os\u00f3w \u015brednioporowatych 400 ml &#8211; ONLYBIO\"}]},{\"@type\":\"WebSite\",\"@id\":\"https:\/\/pitaya.no\/#website\",\"url\":\"https:\/\/pitaya.no\/\",\"name\":\"Pitaya.no\",\"description\":\"Polska drogeria ekologiczna w Norwegii\",\"potentialAction\":[{\"@type\":\"SearchAction\",\"target\":{\"@type\":\"EntryPoint\",\"urlTemplate\":\"https:\/\/pitaya.no\/?s={search_term_string}\"},\"query-input\":\"required name=search_term_string\"}],\"inLanguage\":\"en-GB\"}]}<\/script>\n<!-- \/ Yoast SEO Premium plugin. -->","yoast_head_json":{"title":"Maska do w\u0142os\u00f3w \u015brednioporowatych 400 ml - ONLYBIO - Pitaya.no","description":"Maseczka do w\u0142os\u00f3w \u015brednioporowatych z serii \"Hair in Balance\" by ONLYBIO to produkt wega\u0144ski, zawieraj\u0105cy naturalne sk\u0142adniki jak olej s\u0142onecznikowy,","robots":{"index":"index","follow":"follow","max-snippet":"max-snippet:-1","max-image-preview":"max-image-preview:large","max-video-preview":"max-video-preview:-1"},"canonical":"https:\/\/pitaya.no\/en\/product\/maska-do-wlosow-srednioporowatych-400-ml-onlybio\/","og_locale":"en_GB","og_type":"article","og_title":"Maska do w\u0142os\u00f3w \u015brednioporowatych 400 ml - ONLYBIO","og_description":"Maseczka do w\u0142os\u00f3w \u015brednioporowatych z serii \"Hair in Balance\" by ONLYBIO to produkt wega\u0144ski, zawieraj\u0105cy naturalne sk\u0142adniki jak olej s\u0142onecznikowy,","og_url":"https:\/\/pitaya.no\/en\/product\/maska-do-wlosow-srednioporowatych-400-ml-onlybio\/","og_site_name":"Pitaya.no","article_publisher":"https:\/\/www.facebook.com\/Pitaya.no","article_modified_time":"2026-02-21T21:41:05+00:00","og_image":[{"width":1080,"height":1080,"url":"https:\/\/pitaya.no\/wp-content\/uploads\/2024\/01\/2-10.jpg","type":"image\/jpeg"}],"twitter_card":"summary_large_image","twitter_misc":{"Estimated reading time":"2 minutes"},"schema":{"@context":"https:\/\/schema.org","@graph":[{"@type":"WebPage","@id":"https:\/\/pitaya.no\/produkt\/maska-do-wlosow-srednioporowatych-400-ml-onlybio\/","url":"https:\/\/pitaya.no\/produkt\/maska-do-wlosow-srednioporowatych-400-ml-onlybio\/","name":"Maska do w\u0142os\u00f3w \u015brednioporowatych 400 ml - ONLYBIO - Pitaya.no","isPartOf":{"@id":"https:\/\/pitaya.no\/#website"},"datePublished":"2024-01-15T18:20:49+00:00","dateModified":"2026-02-21T21:41:05+00:00","description":"Maseczka do w\u0142os\u00f3w \u015brednioporowatych z serii \"Hair in Balance\" by ONLYBIO to produkt wega\u0144ski, zawieraj\u0105cy naturalne sk\u0142adniki jak olej s\u0142onecznikowy,","breadcrumb":{"@id":"https:\/\/pitaya.no\/produkt\/maska-do-wlosow-srednioporowatych-400-ml-onlybio\/#breadcrumb"},"inLanguage":"en-GB","potentialAction":[{"@type":"ReadAction","target":["https:\/\/pitaya.no\/produkt\/maska-do-wlosow-srednioporowatych-400-ml-onlybio\/"]}]},{"@type":"BreadcrumbList","@id":"https:\/\/pitaya.no\/produkt\/maska-do-wlosow-srednioporowatych-400-ml-onlybio\/#breadcrumb","itemListElement":[{"@type":"ListItem","position":1,"name":"Strona g\u0142\u00f3wna","item":"https:\/\/pitaya.no\/"},{"@type":"ListItem","position":2,"name":"Sklep","item":"https:\/\/pitaya.no\/sklep\/"},{"@type":"ListItem","position":3,"name":"Maska do w\u0142os\u00f3w \u015brednioporowatych 400 ml &#8211; ONLYBIO"}]},{"@type":"WebSite","@id":"https:\/\/pitaya.no\/#website","url":"https:\/\/pitaya.no\/","name":"Pitaya.no","description":"Polish organic drugstore in Norway","potentialAction":[{"@type":"SearchAction","target":{"@type":"EntryPoint","urlTemplate":"https:\/\/pitaya.no\/?s={search_term_string}"},"query-input":"required name=search_term_string"}],"inLanguage":"en-GB"}]}},"_links":{"self":[{"href":"https:\/\/pitaya.no\/en\/wp-json\/wp\/v2\/product\/5684"}],"collection":[{"href":"https:\/\/pitaya.no\/en\/wp-json\/wp\/v2\/product"}],"about":[{"href":"https:\/\/pitaya.no\/en\/wp-json\/wp\/v2\/types\/product"}],"wp:featuredmedia":[{"embeddable":true,"href":"https:\/\/pitaya.no\/en\/wp-json\/wp\/v2\/media\/5686"}],"wp:attachment":[{"href":"https:\/\/pitaya.no\/en\/wp-json\/wp\/v2\/media?parent=5684"}],"wp:term":[{"taxonomy":"product_cat","embeddable":true,"href":"https:\/\/pitaya.no\/en\/wp-json\/wp\/v2\/product_cat?post=5684"},{"taxonomy":"product_tag","embeddable":true,"href":"https:\/\/pitaya.no\/en\/wp-json\/wp\/v2\/product_tag?post=5684"},{"taxonomy":"berocket_brand","embeddable":true,"href":"https:\/\/pitaya.no\/en\/wp-json\/wp\/v2\/berocket_brand?post=5684"}],"curies":[{"name":"wp","href":"https:\/\/api.w.org\/{rel}","templated":true}]}}