{"id":5650,"date":"2024-01-08T19:46:12","date_gmt":"2024-01-08T19:46:12","guid":{"rendered":"https:\/\/pitaya.no\/?post_type=product&#038;p=5650"},"modified":"2025-08-27T10:06:54","modified_gmt":"2025-08-27T10:06:54","slug":"maska-do-wlosow-wysokoporowatych-400-ml-onlybio","status":"publish","type":"product","link":"https:\/\/pitaya.no\/en\/product\/maska-do-wlosow-wysokoporowatych-400-ml-onlybio\/","title":{"rendered":"Mask for high porosity hair 400 ml \u2013 ONLYBIO"},"content":{"rendered":"<p>ONLYBIO&#039;s &quot;Hair in Balance&quot; high porosity hair mask is designed specifically for dry and frizzy hair. Its natural, vegan formula contains linseed oil, grape seed oil, and black cumin seed oil, which are designed to moisturize and smooth hair. The product is designed to be applied to damp hair and rinsed out after a few minutes. The mask seals the hair cuticle, resulting in increased smoothness and shine. Additionally, the product boasts a vibrant scent of sweet kiwi. It is available in a 400 ml bottle.<\/p>","protected":false},"excerpt":{"rendered":"<p>The Hair Balance mask for high porosity hair is our solution for very dry and frizzy hair.<\/p>","protected":false},"featured_media":5668,"template":"","meta":{"_themeisle_gutenberg_block_has_review":false},"product_cat":[315,317],"product_tag":[],"berocket_brand":[301],"yoast_head":"<!-- This site is optimized with the Yoast SEO Premium plugin v21.2 (Yoast SEO v21.5) - https:\/\/yoast.com\/wordpress\/plugins\/seo\/ -->\n<title>Maska do w\u0142os\u00f3w wysokoporowatych 400 ml - ONLYBIO - Pitaya.no<\/title>\n<meta name=\"description\" content=\"Maska do w\u0142os\u00f3w wysokoporowatych z linii Hair Balance to nasze rozwi\u0105zanie dla bardzo suchych i pusz\u0105cych si\u0119 w\u0142os\u00f3w. naturalna, wega\u0144ska\" \/>\n<meta name=\"robots\" content=\"index, follow, max-snippet:-1, max-image-preview:large, max-video-preview:-1\" \/>\n<link rel=\"canonical\" href=\"https:\/\/pitaya.no\/en\/product\/maska-do-wlosow-wysokoporowatych-400-ml-onlybio\/\" \/>\n<meta property=\"og:locale\" content=\"en_GB\" \/>\n<meta property=\"og:type\" content=\"article\" \/>\n<meta property=\"og:title\" content=\"Maska do w\u0142os\u00f3w wysokoporowatych 400 ml - ONLYBIO\" \/>\n<meta property=\"og:description\" content=\"Maska do w\u0142os\u00f3w wysokoporowatych z linii Hair Balance to nasze rozwi\u0105zanie dla bardzo suchych i pusz\u0105cych si\u0119 w\u0142os\u00f3w. naturalna, wega\u0144ska\" \/>\n<meta property=\"og:url\" content=\"https:\/\/pitaya.no\/en\/product\/maska-do-wlosow-wysokoporowatych-400-ml-onlybio\/\" \/>\n<meta property=\"og:site_name\" content=\"Pitaya.no\" \/>\n<meta property=\"article:publisher\" content=\"https:\/\/www.facebook.com\/Pitaya.no\" \/>\n<meta property=\"article:modified_time\" content=\"2025-08-27T10:06:54+00:00\" \/>\n<meta property=\"og:image\" content=\"https:\/\/pitaya.no\/wp-content\/uploads\/2024\/01\/2-6.jpg\" \/>\n\t<meta property=\"og:image:width\" content=\"1080\" \/>\n\t<meta property=\"og:image:height\" content=\"1080\" \/>\n\t<meta property=\"og:image:type\" content=\"image\/jpeg\" \/>\n<meta name=\"twitter:card\" content=\"summary_large_image\" \/>\n<meta name=\"twitter:label1\" content=\"Estimated reading time\" \/>\n\t<meta name=\"twitter:data1\" content=\"1 minute\" \/>\n<script type=\"application\/ld+json\" class=\"yoast-schema-graph\">{\"@context\":\"https:\/\/schema.org\",\"@graph\":[{\"@type\":\"WebPage\",\"@id\":\"https:\/\/pitaya.no\/produkt\/maska-do-wlosow-wysokoporowatych-400-ml-onlybio\/\",\"url\":\"https:\/\/pitaya.no\/produkt\/maska-do-wlosow-wysokoporowatych-400-ml-onlybio\/\",\"name\":\"Maska do w\u0142os\u00f3w wysokoporowatych 400 ml - ONLYBIO - Pitaya.no\",\"isPartOf\":{\"@id\":\"https:\/\/pitaya.no\/#website\"},\"datePublished\":\"2024-01-08T19:46:12+00:00\",\"dateModified\":\"2025-08-27T10:06:54+00:00\",\"description\":\"Maska do w\u0142os\u00f3w wysokoporowatych z linii Hair Balance to nasze rozwi\u0105zanie dla bardzo suchych i pusz\u0105cych si\u0119 w\u0142os\u00f3w. naturalna, wega\u0144ska\",\"breadcrumb\":{\"@id\":\"https:\/\/pitaya.no\/produkt\/maska-do-wlosow-wysokoporowatych-400-ml-onlybio\/#breadcrumb\"},\"inLanguage\":\"en-GB\",\"potentialAction\":[{\"@type\":\"ReadAction\",\"target\":[\"https:\/\/pitaya.no\/produkt\/maska-do-wlosow-wysokoporowatych-400-ml-onlybio\/\"]}]},{\"@type\":\"BreadcrumbList\",\"@id\":\"https:\/\/pitaya.no\/produkt\/maska-do-wlosow-wysokoporowatych-400-ml-onlybio\/#breadcrumb\",\"itemListElement\":[{\"@type\":\"ListItem\",\"position\":1,\"name\":\"Strona g\u0142\u00f3wna\",\"item\":\"https:\/\/pitaya.no\/\"},{\"@type\":\"ListItem\",\"position\":2,\"name\":\"Sklep\",\"item\":\"https:\/\/pitaya.no\/sklep\/\"},{\"@type\":\"ListItem\",\"position\":3,\"name\":\"Maska do w\u0142os\u00f3w wysokoporowatych 400 ml &#8211; ONLYBIO\"}]},{\"@type\":\"WebSite\",\"@id\":\"https:\/\/pitaya.no\/#website\",\"url\":\"https:\/\/pitaya.no\/\",\"name\":\"Pitaya.no\",\"description\":\"Polska drogeria ekologiczna w Norwegii\",\"potentialAction\":[{\"@type\":\"SearchAction\",\"target\":{\"@type\":\"EntryPoint\",\"urlTemplate\":\"https:\/\/pitaya.no\/?s={search_term_string}\"},\"query-input\":\"required name=search_term_string\"}],\"inLanguage\":\"en-GB\"}]}<\/script>\n<!-- \/ Yoast SEO Premium plugin. -->","yoast_head_json":{"title":"Maska do w\u0142os\u00f3w wysokoporowatych 400 ml - ONLYBIO - Pitaya.no","description":"Maska do w\u0142os\u00f3w wysokoporowatych z linii Hair Balance to nasze rozwi\u0105zanie dla bardzo suchych i pusz\u0105cych si\u0119 w\u0142os\u00f3w. naturalna, wega\u0144ska","robots":{"index":"index","follow":"follow","max-snippet":"max-snippet:-1","max-image-preview":"max-image-preview:large","max-video-preview":"max-video-preview:-1"},"canonical":"https:\/\/pitaya.no\/en\/product\/maska-do-wlosow-wysokoporowatych-400-ml-onlybio\/","og_locale":"en_GB","og_type":"article","og_title":"Maska do w\u0142os\u00f3w wysokoporowatych 400 ml - ONLYBIO","og_description":"Maska do w\u0142os\u00f3w wysokoporowatych z linii Hair Balance to nasze rozwi\u0105zanie dla bardzo suchych i pusz\u0105cych si\u0119 w\u0142os\u00f3w. naturalna, wega\u0144ska","og_url":"https:\/\/pitaya.no\/en\/product\/maska-do-wlosow-wysokoporowatych-400-ml-onlybio\/","og_site_name":"Pitaya.no","article_publisher":"https:\/\/www.facebook.com\/Pitaya.no","article_modified_time":"2025-08-27T10:06:54+00:00","og_image":[{"width":1080,"height":1080,"url":"https:\/\/pitaya.no\/wp-content\/uploads\/2024\/01\/2-6.jpg","type":"image\/jpeg"}],"twitter_card":"summary_large_image","twitter_misc":{"Estimated reading time":"1 minute"},"schema":{"@context":"https:\/\/schema.org","@graph":[{"@type":"WebPage","@id":"https:\/\/pitaya.no\/produkt\/maska-do-wlosow-wysokoporowatych-400-ml-onlybio\/","url":"https:\/\/pitaya.no\/produkt\/maska-do-wlosow-wysokoporowatych-400-ml-onlybio\/","name":"Maska do w\u0142os\u00f3w wysokoporowatych 400 ml - ONLYBIO - Pitaya.no","isPartOf":{"@id":"https:\/\/pitaya.no\/#website"},"datePublished":"2024-01-08T19:46:12+00:00","dateModified":"2025-08-27T10:06:54+00:00","description":"Maska do w\u0142os\u00f3w wysokoporowatych z linii Hair Balance to nasze rozwi\u0105zanie dla bardzo suchych i pusz\u0105cych si\u0119 w\u0142os\u00f3w. naturalna, wega\u0144ska","breadcrumb":{"@id":"https:\/\/pitaya.no\/produkt\/maska-do-wlosow-wysokoporowatych-400-ml-onlybio\/#breadcrumb"},"inLanguage":"en-GB","potentialAction":[{"@type":"ReadAction","target":["https:\/\/pitaya.no\/produkt\/maska-do-wlosow-wysokoporowatych-400-ml-onlybio\/"]}]},{"@type":"BreadcrumbList","@id":"https:\/\/pitaya.no\/produkt\/maska-do-wlosow-wysokoporowatych-400-ml-onlybio\/#breadcrumb","itemListElement":[{"@type":"ListItem","position":1,"name":"Strona g\u0142\u00f3wna","item":"https:\/\/pitaya.no\/"},{"@type":"ListItem","position":2,"name":"Sklep","item":"https:\/\/pitaya.no\/sklep\/"},{"@type":"ListItem","position":3,"name":"Maska do w\u0142os\u00f3w wysokoporowatych 400 ml &#8211; ONLYBIO"}]},{"@type":"WebSite","@id":"https:\/\/pitaya.no\/#website","url":"https:\/\/pitaya.no\/","name":"Pitaya.no","description":"Polish organic drugstore in Norway","potentialAction":[{"@type":"SearchAction","target":{"@type":"EntryPoint","urlTemplate":"https:\/\/pitaya.no\/?s={search_term_string}"},"query-input":"required name=search_term_string"}],"inLanguage":"en-GB"}]}},"_links":{"self":[{"href":"https:\/\/pitaya.no\/en\/wp-json\/wp\/v2\/product\/5650"}],"collection":[{"href":"https:\/\/pitaya.no\/en\/wp-json\/wp\/v2\/product"}],"about":[{"href":"https:\/\/pitaya.no\/en\/wp-json\/wp\/v2\/types\/product"}],"wp:featuredmedia":[{"embeddable":true,"href":"https:\/\/pitaya.no\/en\/wp-json\/wp\/v2\/media\/5668"}],"wp:attachment":[{"href":"https:\/\/pitaya.no\/en\/wp-json\/wp\/v2\/media?parent=5650"}],"wp:term":[{"taxonomy":"product_cat","embeddable":true,"href":"https:\/\/pitaya.no\/en\/wp-json\/wp\/v2\/product_cat?post=5650"},{"taxonomy":"product_tag","embeddable":true,"href":"https:\/\/pitaya.no\/en\/wp-json\/wp\/v2\/product_tag?post=5650"},{"taxonomy":"berocket_brand","embeddable":true,"href":"https:\/\/pitaya.no\/en\/wp-json\/wp\/v2\/berocket_brand?post=5650"}],"curies":[{"name":"wp","href":"https:\/\/api.w.org\/{rel}","templated":true}]}}