{"id":5628,"date":"2024-01-06T19:16:38","date_gmt":"2024-01-06T19:16:38","guid":{"rendered":"https:\/\/pitaya.no\/?post_type=product&#038;p=5628"},"modified":"2025-08-27T10:08:54","modified_gmt":"2025-08-27T10:08:54","slug":"olej-do-olejowania-do-wlosow-srednioporowatych-150-ml-onlybio","status":"publish","type":"product","link":"https:\/\/pitaya.no\/en\/product\/olej-do-olejowania-do-wlosow-srednioporowatych-150-ml-onlybio\/","title":{"rendered":"Oiling oil for medium porosity hair 150 ml \u2013 ONLYBIO"},"content":{"rendered":"<h1>Oil for Medium Porosity Hair \u2013 Your Secret Weapon in Hair Care!<\/h1>\n<p><img fetchpriority=\"high\" decoding=\"async\" class=\"aligncenter wp-image-5630 size-full\" src=\"https:\/\/pitaya.no\/wp-content\/uploads\/2024\/01\/Zrzut-ekranu-2024-01-6-o-20.08.46.png\" alt=\"Olej do olejowania do w\u0142os\u00f3w \u015brednioporowatych\" width=\"1850\" height=\"1292\" srcset=\"https:\/\/pitaya.no\/wp-content\/uploads\/2024\/01\/Zrzut-ekranu-2024-01-6-o-20.08.46.png 1850w, https:\/\/pitaya.no\/wp-content\/uploads\/2024\/01\/Zrzut-ekranu-2024-01-6-o-20.08.46-300x210.png 300w, https:\/\/pitaya.no\/wp-content\/uploads\/2024\/01\/Zrzut-ekranu-2024-01-6-o-20.08.46-1024x715.png 1024w, https:\/\/pitaya.no\/wp-content\/uploads\/2024\/01\/Zrzut-ekranu-2024-01-6-o-20.08.46-768x536.png 768w, https:\/\/pitaya.no\/wp-content\/uploads\/2024\/01\/Zrzut-ekranu-2024-01-6-o-20.08.46-1536x1073.png 1536w, https:\/\/pitaya.no\/wp-content\/uploads\/2024\/01\/Zrzut-ekranu-2024-01-6-o-20.08.46-600x419.png 600w, https:\/\/pitaya.no\/wp-content\/uploads\/2024\/01\/Zrzut-ekranu-2024-01-6-o-20.08.46-77x54.png 77w, https:\/\/pitaya.no\/wp-content\/uploads\/2024\/01\/Zrzut-ekranu-2024-01-6-o-20.08.46-64x45.png 64w\" sizes=\"(max-width: 1850px) 100vw, 1850px\" \/><\/p>\n<p>Welcome to the world <strong>Hair in Balance by OnlyBio<\/strong>, where every drop of our oil for medium porosity hair is like poetry for your hair. Discover the power of nature, packaged in an elegant 150ml bottle, that will transform your hair into a shiny, vibrant work of art.<\/p>\n<h2>Why is Our Hair Oil Unique?<\/h2>\n<p>Our <strong>exclusive hair oil<\/strong> is designed with the needs of medium porosity hair in mind. A specially selected composition of natural ingredients cares for your hair from root to tip. It&#039;s not just care, it&#039;s real <em>a symphony for the senses<\/em>.<\/p>\n<h2>Who is our product aimed at?<\/h2>\n<p>This oil is the perfect choice for people who want <strong>moisturize<\/strong> and <strong>strengthen<\/strong> your hair. If your hair is medium porosity, our product was created just for you!<\/p>\n<h2>What Makes Our Oil Special?<\/h2>\n<ul>\n<li><strong>Natural ingredients:<\/strong> Top-quality oils and plant extracts.<\/li>\n<li><strong>Versatility:<\/strong> Perfect for dry and wet use.<\/li>\n<li><strong>Convenient application:<\/strong> The bottle with a practical dispenser makes it easy to use.<\/li>\n<\/ul>\n<h2>What, Why and For Whom?<\/h2>\n<p><strong>For the beauty and health of your hair<\/strong> Our oil isn&#039;t just a product; it&#039;s a promise of beautiful, healthy, and shiny hair. Created for those who value naturalness and effectiveness, it&#039;s perfect for those seeking beauty in nature.<\/p>\n<h2>Why is it worth choosing our product?<\/h2>\n<p>With our oil, your hair will be nourished and shiny. It&#039;s an investment in your well-being and self-confidence. Choose <strong>Hair in Balance by OnlyBio<\/strong> and feel the difference!<\/p>\n<h3><img decoding=\"async\" class=\"aligncenter wp-image-5631 size-full\" src=\"https:\/\/pitaya.no\/wp-content\/uploads\/2024\/01\/Zrzut-ekranu-2024-01-6-o-20.09.09.png\" alt=\"Olej do olejowania do w\u0142os\u00f3w \u015brednioporowatych\" width=\"1854\" height=\"1328\" srcset=\"https:\/\/pitaya.no\/wp-content\/uploads\/2024\/01\/Zrzut-ekranu-2024-01-6-o-20.09.09.png 1854w, https:\/\/pitaya.no\/wp-content\/uploads\/2024\/01\/Zrzut-ekranu-2024-01-6-o-20.09.09-300x215.png 300w, https:\/\/pitaya.no\/wp-content\/uploads\/2024\/01\/Zrzut-ekranu-2024-01-6-o-20.09.09-1024x733.png 1024w, https:\/\/pitaya.no\/wp-content\/uploads\/2024\/01\/Zrzut-ekranu-2024-01-6-o-20.09.09-768x550.png 768w, https:\/\/pitaya.no\/wp-content\/uploads\/2024\/01\/Zrzut-ekranu-2024-01-6-o-20.09.09-1536x1100.png 1536w, https:\/\/pitaya.no\/wp-content\/uploads\/2024\/01\/Zrzut-ekranu-2024-01-6-o-20.09.09-600x430.png 600w, https:\/\/pitaya.no\/wp-content\/uploads\/2024\/01\/Zrzut-ekranu-2024-01-6-o-20.09.09-75x54.png 75w, https:\/\/pitaya.no\/wp-content\/uploads\/2024\/01\/Zrzut-ekranu-2024-01-6-o-20.09.09-64x46.png 64w\" sizes=\"(max-width: 1854px) 100vw, 1854px\" \/><br \/>\n<img decoding=\"async\" class=\"alignnone wp-image-6378 size-full\" src=\"https:\/\/pitaya.no\/wp-content\/uploads\/2024\/11\/pitaya-divider.png\" alt=\"\" width=\"1980\" height=\"300\" srcset=\"https:\/\/pitaya.no\/wp-content\/uploads\/2024\/11\/pitaya-divider.png 1980w, https:\/\/pitaya.no\/wp-content\/uploads\/2024\/11\/pitaya-divider-300x45.png 300w, https:\/\/pitaya.no\/wp-content\/uploads\/2024\/11\/pitaya-divider-1024x155.png 1024w, https:\/\/pitaya.no\/wp-content\/uploads\/2024\/11\/pitaya-divider-768x116.png 768w, https:\/\/pitaya.no\/wp-content\/uploads\/2024\/11\/pitaya-divider-1536x233.png 1536w, https:\/\/pitaya.no\/wp-content\/uploads\/2024\/11\/pitaya-divider-600x91.png 600w, https:\/\/pitaya.no\/wp-content\/uploads\/2024\/11\/pitaya-divider-90x14.png 90w, https:\/\/pitaya.no\/wp-content\/uploads\/2024\/11\/pitaya-divider-64x10.png 64w\" sizes=\"(max-width: 1980px) 100vw, 1980px\" \/><br \/>\nComposition:<\/h3>\n<p>Helianthus Annuus (Sunflower) Seed Oil, Ricinus Communis Seed Oil, Persea Gratissima (Avocado) Oil, Prunus Amygdalus Dulcis (Sweet Almond) Oil, Tocopherol, Citrus Aurantium Dulcis Peel Oil, Limonene (orange oil ingredient).<\/p>","protected":false},"excerpt":{"rendered":"<p>Discover nature&#039;s elixir with &#039;Hair in Balance by OnlyBio,&#039; a magical oil that will transport your hair to a land of health and radiance. Every drop of this miraculous elixir is a tribute to your medium-porous hair, gently enveloping it and revitalizing it. The secret of nature contained within, in the form of carefully selected plant oils, transforms ordinary hair care into a ritual filled with love and care.<\/p>","protected":false},"featured_media":5632,"template":"","meta":{"_themeisle_gutenberg_block_has_review":false},"product_cat":[329,330],"product_tag":[],"berocket_brand":[301],"yoast_head":"<!-- This site is optimized with the Yoast SEO Premium plugin v21.2 (Yoast SEO v21.5) - https:\/\/yoast.com\/wordpress\/plugins\/seo\/ -->\n<title>Hair in Balance by OnlyBio Pitaya.no<\/title>\n<meta name=\"description\" content=\"Odkryj eliksir natury z &#039;Hair in Balance by OnlyBio&#039;, magiczny olej, kt\u00f3ry przeniesie Twoje w\u0142osy w krain\u0119 zdrowia i blasku. Ka\u017cda kropla tego cudownego\" \/>\n<meta name=\"robots\" content=\"index, follow, max-snippet:-1, max-image-preview:large, max-video-preview:-1\" \/>\n<link rel=\"canonical\" href=\"https:\/\/pitaya.no\/en\/product\/olej-do-olejowania-do-wlosow-srednioporowatych-150-ml-onlybio\/\" \/>\n<meta property=\"og:locale\" content=\"en_GB\" \/>\n<meta property=\"og:type\" content=\"article\" \/>\n<meta property=\"og:title\" content=\"Olej do olejowania do w\u0142os\u00f3w \u015brednioporowatych 150 ml - ONLYBIO\" \/>\n<meta property=\"og:description\" content=\"Odkryj eliksir natury z &#039;Hair in Balance by OnlyBio&#039;, magiczny olej, kt\u00f3ry przeniesie Twoje w\u0142osy w krain\u0119 zdrowia i blasku. Ka\u017cda kropla tego cudownego\" \/>\n<meta property=\"og:url\" content=\"https:\/\/pitaya.no\/en\/product\/olej-do-olejowania-do-wlosow-srednioporowatych-150-ml-onlybio\/\" \/>\n<meta property=\"og:site_name\" content=\"Pitaya.no\" \/>\n<meta property=\"article:publisher\" content=\"https:\/\/www.facebook.com\/Pitaya.no\" \/>\n<meta property=\"article:modified_time\" content=\"2025-08-27T10:08:54+00:00\" \/>\n<meta property=\"og:image\" content=\"https:\/\/pitaya.no\/wp-content\/uploads\/2024\/01\/2-1.jpg\" \/>\n\t<meta property=\"og:image:width\" content=\"1080\" \/>\n\t<meta property=\"og:image:height\" content=\"1080\" \/>\n\t<meta property=\"og:image:type\" content=\"image\/jpeg\" \/>\n<meta name=\"twitter:card\" content=\"summary_large_image\" \/>\n<meta name=\"twitter:label1\" content=\"Estimated reading time\" \/>\n\t<meta name=\"twitter:data1\" content=\"3 minutes\" \/>\n<script type=\"application\/ld+json\" class=\"yoast-schema-graph\">{\"@context\":\"https:\/\/schema.org\",\"@graph\":[{\"@type\":\"WebPage\",\"@id\":\"https:\/\/pitaya.no\/produkt\/olej-do-olejowania-do-wlosow-srednioporowatych-150-ml-onlybio\/\",\"url\":\"https:\/\/pitaya.no\/produkt\/olej-do-olejowania-do-wlosow-srednioporowatych-150-ml-onlybio\/\",\"name\":\"Hair in Balance by OnlyBio Pitaya.no\",\"isPartOf\":{\"@id\":\"https:\/\/pitaya.no\/#website\"},\"datePublished\":\"2024-01-06T19:16:38+00:00\",\"dateModified\":\"2025-08-27T10:08:54+00:00\",\"description\":\"Odkryj eliksir natury z 'Hair in Balance by OnlyBio', magiczny olej, kt\u00f3ry przeniesie Twoje w\u0142osy w krain\u0119 zdrowia i blasku. Ka\u017cda kropla tego cudownego\",\"breadcrumb\":{\"@id\":\"https:\/\/pitaya.no\/produkt\/olej-do-olejowania-do-wlosow-srednioporowatych-150-ml-onlybio\/#breadcrumb\"},\"inLanguage\":\"en-GB\",\"potentialAction\":[{\"@type\":\"ReadAction\",\"target\":[\"https:\/\/pitaya.no\/produkt\/olej-do-olejowania-do-wlosow-srednioporowatych-150-ml-onlybio\/\"]}]},{\"@type\":\"BreadcrumbList\",\"@id\":\"https:\/\/pitaya.no\/produkt\/olej-do-olejowania-do-wlosow-srednioporowatych-150-ml-onlybio\/#breadcrumb\",\"itemListElement\":[{\"@type\":\"ListItem\",\"position\":1,\"name\":\"Strona g\u0142\u00f3wna\",\"item\":\"https:\/\/pitaya.no\/\"},{\"@type\":\"ListItem\",\"position\":2,\"name\":\"Sklep\",\"item\":\"https:\/\/pitaya.no\/sklep\/\"},{\"@type\":\"ListItem\",\"position\":3,\"name\":\"Olej do olejowania do w\u0142os\u00f3w \u015brednioporowatych 150 ml &#8211; ONLYBIO\"}]},{\"@type\":\"WebSite\",\"@id\":\"https:\/\/pitaya.no\/#website\",\"url\":\"https:\/\/pitaya.no\/\",\"name\":\"Pitaya.no\",\"description\":\"Polska drogeria ekologiczna w Norwegii\",\"potentialAction\":[{\"@type\":\"SearchAction\",\"target\":{\"@type\":\"EntryPoint\",\"urlTemplate\":\"https:\/\/pitaya.no\/?s={search_term_string}\"},\"query-input\":\"required name=search_term_string\"}],\"inLanguage\":\"en-GB\"}]}<\/script>\n<!-- \/ Yoast SEO Premium plugin. -->","yoast_head_json":{"title":"Hair in Balance by OnlyBio Pitaya.no","description":"Odkryj eliksir natury z 'Hair in Balance by OnlyBio', magiczny olej, kt\u00f3ry przeniesie Twoje w\u0142osy w krain\u0119 zdrowia i blasku. Ka\u017cda kropla tego cudownego","robots":{"index":"index","follow":"follow","max-snippet":"max-snippet:-1","max-image-preview":"max-image-preview:large","max-video-preview":"max-video-preview:-1"},"canonical":"https:\/\/pitaya.no\/en\/product\/olej-do-olejowania-do-wlosow-srednioporowatych-150-ml-onlybio\/","og_locale":"en_GB","og_type":"article","og_title":"Olej do olejowania do w\u0142os\u00f3w \u015brednioporowatych 150 ml - ONLYBIO","og_description":"Odkryj eliksir natury z 'Hair in Balance by OnlyBio', magiczny olej, kt\u00f3ry przeniesie Twoje w\u0142osy w krain\u0119 zdrowia i blasku. Ka\u017cda kropla tego cudownego","og_url":"https:\/\/pitaya.no\/en\/product\/olej-do-olejowania-do-wlosow-srednioporowatych-150-ml-onlybio\/","og_site_name":"Pitaya.no","article_publisher":"https:\/\/www.facebook.com\/Pitaya.no","article_modified_time":"2025-08-27T10:08:54+00:00","og_image":[{"width":1080,"height":1080,"url":"https:\/\/pitaya.no\/wp-content\/uploads\/2024\/01\/2-1.jpg","type":"image\/jpeg"}],"twitter_card":"summary_large_image","twitter_misc":{"Estimated reading time":"3 minutes"},"schema":{"@context":"https:\/\/schema.org","@graph":[{"@type":"WebPage","@id":"https:\/\/pitaya.no\/produkt\/olej-do-olejowania-do-wlosow-srednioporowatych-150-ml-onlybio\/","url":"https:\/\/pitaya.no\/produkt\/olej-do-olejowania-do-wlosow-srednioporowatych-150-ml-onlybio\/","name":"Hair in Balance by OnlyBio Pitaya.no","isPartOf":{"@id":"https:\/\/pitaya.no\/#website"},"datePublished":"2024-01-06T19:16:38+00:00","dateModified":"2025-08-27T10:08:54+00:00","description":"Odkryj eliksir natury z 'Hair in Balance by OnlyBio', magiczny olej, kt\u00f3ry przeniesie Twoje w\u0142osy w krain\u0119 zdrowia i blasku. Ka\u017cda kropla tego cudownego","breadcrumb":{"@id":"https:\/\/pitaya.no\/produkt\/olej-do-olejowania-do-wlosow-srednioporowatych-150-ml-onlybio\/#breadcrumb"},"inLanguage":"en-GB","potentialAction":[{"@type":"ReadAction","target":["https:\/\/pitaya.no\/produkt\/olej-do-olejowania-do-wlosow-srednioporowatych-150-ml-onlybio\/"]}]},{"@type":"BreadcrumbList","@id":"https:\/\/pitaya.no\/produkt\/olej-do-olejowania-do-wlosow-srednioporowatych-150-ml-onlybio\/#breadcrumb","itemListElement":[{"@type":"ListItem","position":1,"name":"Strona g\u0142\u00f3wna","item":"https:\/\/pitaya.no\/"},{"@type":"ListItem","position":2,"name":"Sklep","item":"https:\/\/pitaya.no\/sklep\/"},{"@type":"ListItem","position":3,"name":"Olej do olejowania do w\u0142os\u00f3w \u015brednioporowatych 150 ml &#8211; ONLYBIO"}]},{"@type":"WebSite","@id":"https:\/\/pitaya.no\/#website","url":"https:\/\/pitaya.no\/","name":"Pitaya.no","description":"Polish organic drugstore in Norway","potentialAction":[{"@type":"SearchAction","target":{"@type":"EntryPoint","urlTemplate":"https:\/\/pitaya.no\/?s={search_term_string}"},"query-input":"required name=search_term_string"}],"inLanguage":"en-GB"}]}},"_links":{"self":[{"href":"https:\/\/pitaya.no\/en\/wp-json\/wp\/v2\/product\/5628"}],"collection":[{"href":"https:\/\/pitaya.no\/en\/wp-json\/wp\/v2\/product"}],"about":[{"href":"https:\/\/pitaya.no\/en\/wp-json\/wp\/v2\/types\/product"}],"wp:featuredmedia":[{"embeddable":true,"href":"https:\/\/pitaya.no\/en\/wp-json\/wp\/v2\/media\/5632"}],"wp:attachment":[{"href":"https:\/\/pitaya.no\/en\/wp-json\/wp\/v2\/media?parent=5628"}],"wp:term":[{"taxonomy":"product_cat","embeddable":true,"href":"https:\/\/pitaya.no\/en\/wp-json\/wp\/v2\/product_cat?post=5628"},{"taxonomy":"product_tag","embeddable":true,"href":"https:\/\/pitaya.no\/en\/wp-json\/wp\/v2\/product_tag?post=5628"},{"taxonomy":"berocket_brand","embeddable":true,"href":"https:\/\/pitaya.no\/en\/wp-json\/wp\/v2\/berocket_brand?post=5628"}],"curies":[{"name":"wp","href":"https:\/\/api.w.org\/{rel}","templated":true}]}}